{"id":12222,"date":"2025-08-18T03:33:31","date_gmt":"2025-08-18T03:33:31","guid":{"rendered":"https:\/\/slewingbearings.com\/product\/zz-duplo-fileira-esfera-tres-fileiras-rolo-giro-rolamentos\/"},"modified":"2025-08-18T03:33:31","modified_gmt":"2025-08-18T03:33:31","slug":"zz-duplo-fileira-esfera-tres-fileiras-rolo-giro-rolamentos","status":"publish","type":"product","link":"https:\/\/slewingbearings.com\/pt-pt\/product\/zz-duplo-fileira-esfera-tres-fileiras-rolo-giro-rolamentos\/","title":{"rendered":"ZZ Duplo Fileira Esfera &amp; Tr\u00eas Fileiras Rolo Giro Rolamentos"},"content":{"rendered":"<p>Os <strong><a href=\"https:\/\/slewingbearings.com\/product\/double-volley-ball-slewing-bearing\/\">rolamentos de esferas de duas carreiras<\/a><\/strong> e os <strong><a href=\"https:\/\/slewingbearings.com\/product\/three-rows-of-roller-slewing-bearings\/\">rolamentos de rolos de tr\u00eas carreiras<\/a><\/strong> da ZZ proporcionam um desempenho fi\u00e1vel para m\u00e1quinas pesadas de constru\u00e7\u00e3o e industriais. Os engenheiros utilizam estes rolamentos em escavadoras, gruas, bombas de bet\u00e3o e plataformas de trabalho a\u00e9reo. Eles garantem uma rota\u00e7\u00e3o suave, suportando cargas elevadas.  <\/p>\n<p>Os rolamentos de esferas de dupla carreira utilizam duas carreiras de esferas de alta resist\u00eancia em pistas usinadas com precis\u00e3o. Este design suporta cargas axiais e radiais de forma eficiente. Tamb\u00e9m proporciona uma rota\u00e7\u00e3o est\u00e1vel para plataformas girat\u00f3rias, plataformas e mesas rotativas. Os rolamentos de rolos de tr\u00eas carreiras possuem tr\u00eas carreiras de rolos. Eles distribuem uniformemente as cargas radiais, axiais e momentos de inclina\u00e7\u00e3o. Como resultado, esses rolamentos se destacam nas aplica\u00e7\u00f5es mais exigentes.     <\/p>\n<p>A ZZ fabrica cada rolamento com a\u00e7o endurecido de alta qualidade. Os engenheiros aplicam um tratamento t\u00e9rmico avan\u00e7ado para melhorar a resist\u00eancia ao desgaste. Os rolamentos tamb\u00e9m incluem vedantes que impedem a entrada de poeira, sujidade e humidade. Estas caracter\u00edsticas reduzem as necessidades de manuten\u00e7\u00e3o e prolongam a vida \u00fatil. Al\u00e9m disso, a ZZ oferece v\u00e1rios tamanhos e especifica\u00e7\u00f5es. Esta flexibilidade adapta-se a uma vasta gama de m\u00e1quinas, desde pequenas escavadoras a grandes gruas.     <\/p>\n<p>Os clientes confiam na ZZ devido ao seu compromisso com a qualidade e a precis\u00e3o. Cada rolamento \u00e9 submetido a testes rigorosos para garantir o desempenho sob cargas din\u00e2micas e pesadas. Assim, os operadores obt\u00eam uma rota\u00e7\u00e3o suave, maior efici\u00eancia e menos tempo de inatividade. Al\u00e9m disso, o design robusto e a engenharia precisa garantem durabilidade a longo prazo.   <\/p>\n<p>Os rolamentos girat\u00f3rios ZZ combinam fiabilidade e seguran\u00e7a. Por exemplo, em guindastes e bombas de bet\u00e3o, estes rolamentos mant\u00eam a estabilidade durante o funcionamento. Tamb\u00e9m melhoram a produtividade da m\u00e1quina, suportando cargas extremas sem falhas. Em suma, escolher os rolamentos ZZ garante que o seu equipamento funcione de forma eficiente. Os operadores beneficiam de uma manuten\u00e7\u00e3o reduzida, maior seguran\u00e7a e melhor desempenho.    <\/p>\n<p>Para resumir, ZZ duplo e tr\u00eas rolamentos oferecem desempenho superior. a8&gt; rolos girat\u00f3rios rolamentos oferecem desempenho superior em m\u00e1quinas de engenharia. Eles suportam cargas pesadas cargas, giram suavemente, e duram mais tempo. Com ZZ, os fabricantes e os operadores ganham rolamentos de alta qualidade que a32&gt; otimizam a efici\u00eancia operacional, a estabilidade, e a seguran\u00e7a.  <\/p>\n","protected":false},"excerpt":{"rendered":"<p>Os rolamentos girat\u00f3rios de esferas de duas carreiras e os rolamentos girat\u00f3rios de rolos de tr\u00eas carreiras da ZZ s\u00e3o projetados para aplica\u00e7\u00f5es pesadas em m\u00e1quinas de constru\u00e7\u00e3o e industriais. Os rolamentos de esferas de duas carreiras apresentam an\u00e9is de a\u00e7o usinados com precis\u00e3o e esferas de alta resist\u00eancia, oferecendo capacidade de carga axial e radial superior para mesas girat\u00f3rias, plataformas girat\u00f3rias e plataformas. Os rolamentos girat\u00f3rios de rolos de tr\u00eas carreiras integram tr\u00eas carreiras de rolos, suportando com efici\u00eancia cargas radiais, axiais e momentos de inclina\u00e7\u00e3o combinados em ambientes exigentes. Ambos os tipos de rolamentos s\u00e3o projetados para escavadoras, guindastes, bombas de concreto, plataformas de trabalho a\u00e9reo e outras m\u00e1quinas de engenharia, garantindo rota\u00e7\u00e3o suave, alta durabilidade e baixa manuten\u00e7\u00e3o.   <\/p>\n","protected":false},"featured_media":12191,"comment_status":"open","ping_status":"closed","template":"","meta":{"content-type":""},"product_cat":[349,341],"product_tag":[1024,1022,1023],"class_list":{"0":"post-12222","1":"product","2":"type-product","3":"status-publish","4":"has-post-thumbnail","6":"product_cat-oem-series-pt-pt","7":"product_cat-slewing-bearing-pt-pt","8":"product_tag-guindaste-rotativo-rolamento","9":"product_tag-rolamento-de-rolos-de-tres-carreiras","10":"product_tag-rolamentos-para-maquinas-pesadas","12":"first","13":"instock","14":"shipping-taxable","15":"product-type-simple"},"yoast_head":"<!-- This site is optimized with the Yoast SEO plugin v21.7 - https:\/\/yoast.com\/wordpress\/plugins\/seo\/ -->\n<title>ZZ Group<\/title>\n<meta name=\"description\" content=\"ZZ dupla fileira bola e tr\u00eas fileiras rolos girat\u00f3rios rolamentos oferecem alta capacidade de carga, rota\u00e7\u00e3o suave rota\u00e7\u00e3o, e desempenho duradouro para escavadoras,\" \/>\n<meta name=\"robots\" content=\"index, follow, max-snippet:-1, max-image-preview:large, max-video-preview:-1\" \/>\n<link rel=\"canonical\" href=\"https:\/\/slewingbearings.com\/pt-pt\/product\/zz-duplo-fileira-esfera-tres-fileiras-rolo-giro-rolamentos\/\" \/>\n<meta property=\"og:locale\" content=\"pt_PT\" \/>\n<meta property=\"og:type\" content=\"article\" \/>\n<meta property=\"og:description\" content=\"ZZ dupla fileira bola e tr\u00eas fileiras rolos girat\u00f3rios rolamentos oferecem alta capacidade de carga, rota\u00e7\u00e3o suave rota\u00e7\u00e3o, e desempenho duradouro para escavadoras,\" \/>\n<meta property=\"og:url\" content=\"https:\/\/slewingbearings.com\/pt-pt\/product\/zz-duplo-fileira-esfera-tres-fileiras-rolo-giro-rolamentos\/\" \/>\n<meta property=\"og:site_name\" content=\"ZZ Group\" \/>\n<meta property=\"og:image\" content=\"https:\/\/slewingbearings.com\/wp-content\/uploads\/2025\/08\/ZZ-Slewing-Bearing.webp\" \/>\n\t<meta property=\"og:image:width\" content=\"950\" \/>\n\t<meta property=\"og:image:height\" content=\"950\" \/>\n\t<meta property=\"og:image:type\" content=\"image\/webp\" \/>\n<meta name=\"twitter:card\" content=\"summary_large_image\" \/>\n<meta name=\"twitter:label1\" content=\"Tempo estimado de leitura\" \/>\n\t<meta name=\"twitter:data1\" content=\"2 minutos\" \/>\n<script type=\"application\/ld+json\" class=\"yoast-schema-graph\">{\"@context\":\"https:\/\/schema.org\",\"@graph\":[{\"@type\":\"WebPage\",\"@id\":\"https:\/\/slewingbearings.com\/pt-pt\/product\/zz-duplo-fileira-esfera-tres-fileiras-rolo-giro-rolamentos\/\",\"url\":\"https:\/\/slewingbearings.com\/pt-pt\/product\/zz-duplo-fileira-esfera-tres-fileiras-rolo-giro-rolamentos\/\",\"name\":\"\",\"isPartOf\":{\"@id\":\"https:\/\/slewingbearings.com\/#website\"},\"datePublished\":\"2025-08-18T03:33:31+00:00\",\"dateModified\":\"2025-08-18T03:33:31+00:00\",\"description\":\"ZZ dupla fileira bola e tr\u00eas fileiras rolos girat\u00f3rios rolamentos oferecem alta capacidade de carga, rota\u00e7\u00e3o suave rota\u00e7\u00e3o, e desempenho duradouro para escavadoras,\",\"breadcrumb\":{\"@id\":\"https:\/\/slewingbearings.com\/pt-pt\/product\/zz-duplo-fileira-esfera-tres-fileiras-rolo-giro-rolamentos\/#breadcrumb\"},\"inLanguage\":\"pt-PT\",\"potentialAction\":[{\"@type\":\"ReadAction\",\"target\":[\"https:\/\/slewingbearings.com\/pt-pt\/product\/zz-duplo-fileira-esfera-tres-fileiras-rolo-giro-rolamentos\/\"]}]},{\"@type\":\"BreadcrumbList\",\"@id\":\"https:\/\/slewingbearings.com\/pt-pt\/product\/zz-duplo-fileira-esfera-tres-fileiras-rolo-giro-rolamentos\/#breadcrumb\",\"itemListElement\":[{\"@type\":\"ListItem\",\"position\":1,\"name\":\"Home\",\"item\":\"https:\/\/slewingbearings.com\/pt-pt\/rolamento-de-giro-acionamento-de-giro\/\"},{\"@type\":\"ListItem\",\"position\":2,\"name\":\"Shop\",\"item\":\"https:\/\/slewingbearings.com\/shop\/\"},{\"@type\":\"ListItem\",\"position\":3,\"name\":\"ZZ Duplo Fileira Esfera &amp; Tr\u00eas Fileiras Rolo Giro Rolamentos\"}]},{\"@type\":\"WebSite\",\"@id\":\"https:\/\/slewingbearings.com\/#website\",\"url\":\"https:\/\/slewingbearings.com\/\",\"name\":\"ZZ Group\",\"description\":\"Leading Slewing Bearings in China\",\"potentialAction\":[{\"@type\":\"SearchAction\",\"target\":{\"@type\":\"EntryPoint\",\"urlTemplate\":\"https:\/\/slewingbearings.com\/?s={search_term_string}\"},\"query-input\":\"required name=search_term_string\"}],\"inLanguage\":\"pt-PT\"}]}<\/script>\n<!-- \/ Yoast SEO plugin. -->","yoast_head_json":{"title":"ZZ Group","description":"ZZ dupla fileira bola e tr\u00eas fileiras rolos girat\u00f3rios rolamentos oferecem alta capacidade de carga, rota\u00e7\u00e3o suave rota\u00e7\u00e3o, e desempenho duradouro para escavadoras,","robots":{"index":"index","follow":"follow","max-snippet":"max-snippet:-1","max-image-preview":"max-image-preview:large","max-video-preview":"max-video-preview:-1"},"canonical":"https:\/\/slewingbearings.com\/pt-pt\/product\/zz-duplo-fileira-esfera-tres-fileiras-rolo-giro-rolamentos\/","og_locale":"pt_PT","og_type":"article","og_description":"ZZ dupla fileira bola e tr\u00eas fileiras rolos girat\u00f3rios rolamentos oferecem alta capacidade de carga, rota\u00e7\u00e3o suave rota\u00e7\u00e3o, e desempenho duradouro para escavadoras,","og_url":"https:\/\/slewingbearings.com\/pt-pt\/product\/zz-duplo-fileira-esfera-tres-fileiras-rolo-giro-rolamentos\/","og_site_name":"ZZ Group","og_image":[{"width":950,"height":950,"url":"https:\/\/slewingbearings.com\/wp-content\/uploads\/2025\/08\/ZZ-Slewing-Bearing.webp","type":"image\/webp"}],"twitter_card":"summary_large_image","twitter_misc":{"Tempo estimado de leitura":"2 minutos"},"schema":{"@context":"https:\/\/schema.org","@graph":[{"@type":"WebPage","@id":"https:\/\/slewingbearings.com\/pt-pt\/product\/zz-duplo-fileira-esfera-tres-fileiras-rolo-giro-rolamentos\/","url":"https:\/\/slewingbearings.com\/pt-pt\/product\/zz-duplo-fileira-esfera-tres-fileiras-rolo-giro-rolamentos\/","name":"","isPartOf":{"@id":"https:\/\/slewingbearings.com\/#website"},"datePublished":"2025-08-18T03:33:31+00:00","dateModified":"2025-08-18T03:33:31+00:00","description":"ZZ dupla fileira bola e tr\u00eas fileiras rolos girat\u00f3rios rolamentos oferecem alta capacidade de carga, rota\u00e7\u00e3o suave rota\u00e7\u00e3o, e desempenho duradouro para escavadoras,","breadcrumb":{"@id":"https:\/\/slewingbearings.com\/pt-pt\/product\/zz-duplo-fileira-esfera-tres-fileiras-rolo-giro-rolamentos\/#breadcrumb"},"inLanguage":"pt-PT","potentialAction":[{"@type":"ReadAction","target":["https:\/\/slewingbearings.com\/pt-pt\/product\/zz-duplo-fileira-esfera-tres-fileiras-rolo-giro-rolamentos\/"]}]},{"@type":"BreadcrumbList","@id":"https:\/\/slewingbearings.com\/pt-pt\/product\/zz-duplo-fileira-esfera-tres-fileiras-rolo-giro-rolamentos\/#breadcrumb","itemListElement":[{"@type":"ListItem","position":1,"name":"Home","item":"https:\/\/slewingbearings.com\/pt-pt\/rolamento-de-giro-acionamento-de-giro\/"},{"@type":"ListItem","position":2,"name":"Shop","item":"https:\/\/slewingbearings.com\/shop\/"},{"@type":"ListItem","position":3,"name":"ZZ Duplo Fileira Esfera &amp; Tr\u00eas Fileiras Rolo Giro Rolamentos"}]},{"@type":"WebSite","@id":"https:\/\/slewingbearings.com\/#website","url":"https:\/\/slewingbearings.com\/","name":"ZZ Group","description":"Leading Slewing Bearings in China","potentialAction":[{"@type":"SearchAction","target":{"@type":"EntryPoint","urlTemplate":"https:\/\/slewingbearings.com\/?s={search_term_string}"},"query-input":"required name=search_term_string"}],"inLanguage":"pt-PT"}]}},"_links":{"self":[{"href":"https:\/\/slewingbearings.com\/pt-pt\/wp-json\/wp\/v2\/product\/12222","targetHints":{"allow":["GET"]}}],"collection":[{"href":"https:\/\/slewingbearings.com\/pt-pt\/wp-json\/wp\/v2\/product"}],"about":[{"href":"https:\/\/slewingbearings.com\/pt-pt\/wp-json\/wp\/v2\/types\/product"}],"replies":[{"embeddable":true,"href":"https:\/\/slewingbearings.com\/pt-pt\/wp-json\/wp\/v2\/comments?post=12222"}],"wp:featuredmedia":[{"embeddable":true,"href":"https:\/\/slewingbearings.com\/pt-pt\/wp-json\/wp\/v2\/media\/12191"}],"wp:attachment":[{"href":"https:\/\/slewingbearings.com\/pt-pt\/wp-json\/wp\/v2\/media?parent=12222"}],"wp:term":[{"taxonomy":"product_cat","embeddable":true,"href":"https:\/\/slewingbearings.com\/pt-pt\/wp-json\/wp\/v2\/product_cat?post=12222"},{"taxonomy":"product_tag","embeddable":true,"href":"https:\/\/slewingbearings.com\/pt-pt\/wp-json\/wp\/v2\/product_tag?post=12222"}],"curies":[{"name":"wp","href":"https:\/\/api.w.org\/{rel}","templated":true}]}}