{"id":12020,"date":"2024-01-21T02:23:43","date_gmt":"2024-01-21T02:23:43","guid":{"rendered":"https:\/\/slewingbearings.com\/product\/sea-21-acionamento-da-roda-dentada\/"},"modified":"2024-01-21T02:23:43","modified_gmt":"2024-01-21T02:23:43","slug":"sea-21-acionamento-da-roda-dentada","status":"publish","type":"product","link":"https:\/\/slewingbearings.com\/pt-pt\/product\/sea-21-acionamento-da-roda-dentada\/","title":{"rendered":"SEA-21 Acionamento da roda dentada"},"content":{"rendered":"<p>O design totalmente fechado \u00e9 uma carater\u00edstica importante do sistema de acionamento rotativo. Protege os componentes principais, reduz o desgaste e a corros\u00e3o dos componentes e aumenta a vida \u00fatil do sistema. Isto desempenha um papel positivo na fiabilidade e durabilidade do equipamento em v\u00e1rios ambientes agressivos.  <\/p>\n<p>Os sistemas de transmiss\u00e3o por rota\u00e7\u00e3o tamb\u00e9m t\u00eam aplica\u00e7\u00f5es importantes no fabrico e montagem de autom\u00f3veis, na produ\u00e7\u00e3o de energia e\u00f3lica e na produ\u00e7\u00e3o de energia solar. No fabrico de autom\u00f3veis, apoiam a rota\u00e7\u00e3o de plataformas de trabalho em linhas de montagem, facilitando o acesso dos trabalhadores e a montagem de pe\u00e7as de autom\u00f3veis. No dom\u00ednio das energias renov\u00e1veis, o bom funcionamento das turbinas e\u00f3licas e dos sistemas de seguimento solar \u00e9 insepar\u00e1vel do apoio dos sistemas de acionamento girat\u00f3rio.  <\/p>\n<p>Em geral, os sistemas de acionamento por coroa de orienta\u00e7\u00e3o proporcionam uma flexibilidade, adaptabilidade e desempenho superiores a m\u00e1quinas e equipamentos numa variedade de ind\u00fastrias atrav\u00e9s das suas fun\u00e7\u00f5es e carater\u00edsticas \u00fanicas. N\u00e3o s\u00f3 melhoram a efici\u00eancia da produ\u00e7\u00e3o, como tamb\u00e9m injectam uma forte pot\u00eancia na automa\u00e7\u00e3o industrial e nos processos de produ\u00e7\u00e3o modernos. <\/p>\n\n<table id=\"tablepress-29\" class=\"tablepress tablepress-id-29\">\n<thead>\n<tr class=\"row-1\">\n\t<th class=\"column-1\">Model<\/th><th class=\"column-2\">Output Torque<\/th><th class=\"column-3\">Tilting Moment Torque<\/th><th class=\"column-4\">Holding Torque<\/th><th class=\"column-5\">Gear Ratio<\/th><th class=\"column-6\">Tracking Precision<\/th><th class=\"column-7\">Weight<\/th><th class=\"column-8\">Drawing<\/th>\n<\/tr>\n<\/thead>\n<tbody class=\"row-striping row-hover\">\n<tr class=\"row-2\">\n\t<td class=\"column-1\">SEA21<\/td><td class=\"column-2\">15 KN.m<\/td><td class=\"column-3\">203 KN.m<\/td><td class=\"column-4\">70.5 KN.m<\/td><td class=\"column-5\">125:1<\/td><td class=\"column-6\">\u22640.17\u00b0<\/td><td class=\"column-7\">140kg<\/td><td class=\"column-8\"><a href=\"https:\/\/slewingbearings.com\/wp-content\/uploads\/2024\/01\/SEA21-Slew-Drive-catalog.pdf\"><br \/>\n<img decoding=\"async\" src=\"https:\/\/slewingbearings.com\/wp-content\/uploads\/2024\/01\/pdf.png\" width=\"30\" height=\"30\"><\/a><\/td>\n<\/tr>\n<tr class=\"row-3\">\n\t<td class=\"column-1\">SEA21<\/td><td class=\"column-2\">11000 lbf.ft<\/td><td class=\"column-3\">150\u00d710\u00b3 lbf.ft<\/td><td class=\"column-4\">52\u00d710\u00b3 lbf.ft<\/td><td class=\"column-5\">125:1<\/td><td class=\"column-6\">\u22640.17\u00b0<\/td><td class=\"column-7\">105kg<\/td><td class=\"column-8\"><a href=\"https:\/\/slewingbearings.com\/wp-content\/uploads\/2024\/01\/SEA21-Slew-Drive-catalog.pdf\"><br \/>\n<img decoding=\"async\" src=\"https:\/\/slewingbearings.com\/wp-content\/uploads\/2024\/01\/pdf.png\" width=\"30\" height=\"30\"><\/a><\/td>\n<\/tr>\n<tr class=\"row-4\">\n\t<td class=\"column-1\">PEA21<\/td><td class=\"column-2\">15 KN.m<\/td><td class=\"column-3\">203 KN.m<\/td><td class=\"column-4\">70.5 KN.m<\/td><td class=\"column-5\">125:1<\/td><td class=\"column-6\">\u22640.09\u00b0<\/td><td class=\"column-7\">140kg<\/td><td class=\"column-8\"><a href=\"https:\/\/slewingbearings.com\/wp-content\/uploads\/2024\/01\/SEA21-Slew-Drive-catalog.pdf\"><br \/>\n<img decoding=\"async\" src=\"https:\/\/slewingbearings.com\/wp-content\/uploads\/2024\/01\/pdf.png\" width=\"30\" height=\"30\"><\/a><\/td>\n<\/tr>\n<tr class=\"row-5\">\n\t<td class=\"column-1\">PEA21<\/td><td class=\"column-2\">11000 lbf.ft<\/td><td class=\"column-3\">150\u00d710\u00b3 lbf.ft<\/td><td class=\"column-4\">52\u00d710\u00b3 lbf.ft<\/td><td class=\"column-5\">125:1<\/td><td class=\"column-6\">\u22640.09\u00b0<\/td><td class=\"column-7\">149kg<\/td><td class=\"column-8\"><a href=\"https:\/\/slewingbearings.com\/wp-content\/uploads\/2024\/01\/SEA21-Slew-Drive-catalog.pdf\"><br \/>\n<img decoding=\"async\" src=\"https:\/\/slewingbearings.com\/wp-content\/uploads\/2024\/01\/pdf.png\" width=\"30\" height=\"30\"><\/a><\/td>\n<\/tr>\n<\/tbody>\n<\/table>\n<!-- #tablepress-29 from cache -->\n","protected":false},"excerpt":{"rendered":"<p>Uma das principais fun\u00e7\u00f5es do coroa de giro \u00e9 a rota\u00e7\u00e3o de 360 graus, que permite que o equipamento mec\u00e2nico cubra uma gama completa de \u00e1reas de trabalho. Esta carater\u00edstica \u00e9 fundamental para melhorar a efici\u00eancia do trabalho, reduzir o tempo de desloca\u00e7\u00e3o do equipamento e adaptar-se a diferentes cen\u00e1rios de trabalho. Quer se trate do manuseamento preciso de materiais de uma grua torre num estaleiro de constru\u00e7\u00e3o ou da escava\u00e7\u00e3o flex\u00edvel de uma escavadora num estaleiro mineiro, \u00e9 insepar\u00e1vel do apoio do sistema de acionamento girat\u00f3rio.  <\/p>\n","protected":false},"featured_media":6200,"comment_status":"open","ping_status":"closed","template":"","meta":{"content-type":""},"product_cat":[598,328],"product_tag":[788],"class_list":{"0":"post-12020","1":"product","2":"type-product","3":"status-publish","4":"has-post-thumbnail","6":"product_cat-unidade-de-arrasto-sea-pea","7":"product_cat-slew-drive-pt-pt","8":"product_tag-sea21-coroa-de-giro","10":"first","11":"instock","12":"shipping-taxable","13":"product-type-simple"},"yoast_head":"<!-- This site is optimized with the Yoast SEO plugin v21.7 - https:\/\/yoast.com\/wordpress\/plugins\/seo\/ -->\n<title>SEA-21 Acionamento da roda dentada - ZZ Group<\/title>\n<meta name=\"description\" content=\"Um Sea21 slew drive \u00e9 um equipamento de engenharia normalmente concebido para rodar um objeto ou sistema numa dire\u00e7\u00e3o horizontal ou vertical.\" \/>\n<meta name=\"robots\" content=\"index, follow, max-snippet:-1, max-image-preview:large, max-video-preview:-1\" \/>\n<link rel=\"canonical\" href=\"https:\/\/slewingbearings.com\/pt-pt\/product\/sea-21-acionamento-da-roda-dentada\/\" \/>\n<meta property=\"og:locale\" content=\"pt_PT\" \/>\n<meta property=\"og:type\" content=\"article\" \/>\n<meta property=\"og:title\" content=\"SEA-21 Acionamento da roda dentada - ZZ Group\" \/>\n<meta property=\"og:description\" content=\"Um Sea21 slew drive \u00e9 um equipamento de engenharia normalmente concebido para rodar um objeto ou sistema numa dire\u00e7\u00e3o horizontal ou vertical.\" \/>\n<meta property=\"og:url\" content=\"https:\/\/slewingbearings.com\/pt-pt\/product\/sea-21-acionamento-da-roda-dentada\/\" \/>\n<meta property=\"og:site_name\" content=\"ZZ Group\" \/>\n<meta property=\"og:image\" content=\"https:\/\/slewingbearings.com\/wp-content\/uploads\/2024\/01\/sea21-slew-drive.jpg\" \/>\n\t<meta property=\"og:image:width\" content=\"500\" \/>\n\t<meta property=\"og:image:height\" content=\"500\" \/>\n\t<meta property=\"og:image:type\" content=\"image\/jpeg\" \/>\n<meta name=\"twitter:card\" content=\"summary_large_image\" \/>\n<meta name=\"twitter:label1\" content=\"Tempo estimado de leitura\" \/>\n\t<meta name=\"twitter:data1\" content=\"1 minuto\" \/>\n<script type=\"application\/ld+json\" class=\"yoast-schema-graph\">{\"@context\":\"https:\/\/schema.org\",\"@graph\":[{\"@type\":\"WebPage\",\"@id\":\"https:\/\/slewingbearings.com\/pt-pt\/product\/sea-21-acionamento-da-roda-dentada\/\",\"url\":\"https:\/\/slewingbearings.com\/pt-pt\/product\/sea-21-acionamento-da-roda-dentada\/\",\"name\":\"SEA-21 Acionamento da roda dentada - ZZ Group\",\"isPartOf\":{\"@id\":\"https:\/\/slewingbearings.com\/#website\"},\"datePublished\":\"2024-01-21T02:23:43+00:00\",\"dateModified\":\"2024-01-21T02:23:43+00:00\",\"description\":\"Um Sea21 slew drive \u00e9 um equipamento de engenharia normalmente concebido para rodar um objeto ou sistema numa dire\u00e7\u00e3o horizontal ou vertical.\",\"breadcrumb\":{\"@id\":\"https:\/\/slewingbearings.com\/pt-pt\/product\/sea-21-acionamento-da-roda-dentada\/#breadcrumb\"},\"inLanguage\":\"pt-PT\",\"potentialAction\":[{\"@type\":\"ReadAction\",\"target\":[\"https:\/\/slewingbearings.com\/pt-pt\/product\/sea-21-acionamento-da-roda-dentada\/\"]}]},{\"@type\":\"BreadcrumbList\",\"@id\":\"https:\/\/slewingbearings.com\/pt-pt\/product\/sea-21-acionamento-da-roda-dentada\/#breadcrumb\",\"itemListElement\":[{\"@type\":\"ListItem\",\"position\":1,\"name\":\"Home\",\"item\":\"https:\/\/slewingbearings.com\/pt-pt\/rolamento-de-giro-acionamento-de-giro\/\"},{\"@type\":\"ListItem\",\"position\":2,\"name\":\"Shop\",\"item\":\"https:\/\/slewingbearings.com\/shop\/\"},{\"@type\":\"ListItem\",\"position\":3,\"name\":\"SEA-21 Acionamento da roda dentada\"}]},{\"@type\":\"WebSite\",\"@id\":\"https:\/\/slewingbearings.com\/#website\",\"url\":\"https:\/\/slewingbearings.com\/\",\"name\":\"ZZ Group\",\"description\":\"Leading Slewing Bearings in China\",\"potentialAction\":[{\"@type\":\"SearchAction\",\"target\":{\"@type\":\"EntryPoint\",\"urlTemplate\":\"https:\/\/slewingbearings.com\/?s={search_term_string}\"},\"query-input\":\"required name=search_term_string\"}],\"inLanguage\":\"pt-PT\"}]}<\/script>\n<!-- \/ Yoast SEO plugin. -->","yoast_head_json":{"title":"SEA-21 Acionamento da roda dentada - ZZ Group","description":"Um Sea21 slew drive \u00e9 um equipamento de engenharia normalmente concebido para rodar um objeto ou sistema numa dire\u00e7\u00e3o horizontal ou vertical.","robots":{"index":"index","follow":"follow","max-snippet":"max-snippet:-1","max-image-preview":"max-image-preview:large","max-video-preview":"max-video-preview:-1"},"canonical":"https:\/\/slewingbearings.com\/pt-pt\/product\/sea-21-acionamento-da-roda-dentada\/","og_locale":"pt_PT","og_type":"article","og_title":"SEA-21 Acionamento da roda dentada - ZZ Group","og_description":"Um Sea21 slew drive \u00e9 um equipamento de engenharia normalmente concebido para rodar um objeto ou sistema numa dire\u00e7\u00e3o horizontal ou vertical.","og_url":"https:\/\/slewingbearings.com\/pt-pt\/product\/sea-21-acionamento-da-roda-dentada\/","og_site_name":"ZZ Group","og_image":[{"width":500,"height":500,"url":"https:\/\/slewingbearings.com\/wp-content\/uploads\/2024\/01\/sea21-slew-drive.jpg","type":"image\/jpeg"}],"twitter_card":"summary_large_image","twitter_misc":{"Tempo estimado de leitura":"1 minuto"},"schema":{"@context":"https:\/\/schema.org","@graph":[{"@type":"WebPage","@id":"https:\/\/slewingbearings.com\/pt-pt\/product\/sea-21-acionamento-da-roda-dentada\/","url":"https:\/\/slewingbearings.com\/pt-pt\/product\/sea-21-acionamento-da-roda-dentada\/","name":"SEA-21 Acionamento da roda dentada - ZZ Group","isPartOf":{"@id":"https:\/\/slewingbearings.com\/#website"},"datePublished":"2024-01-21T02:23:43+00:00","dateModified":"2024-01-21T02:23:43+00:00","description":"Um Sea21 slew drive \u00e9 um equipamento de engenharia normalmente concebido para rodar um objeto ou sistema numa dire\u00e7\u00e3o horizontal ou vertical.","breadcrumb":{"@id":"https:\/\/slewingbearings.com\/pt-pt\/product\/sea-21-acionamento-da-roda-dentada\/#breadcrumb"},"inLanguage":"pt-PT","potentialAction":[{"@type":"ReadAction","target":["https:\/\/slewingbearings.com\/pt-pt\/product\/sea-21-acionamento-da-roda-dentada\/"]}]},{"@type":"BreadcrumbList","@id":"https:\/\/slewingbearings.com\/pt-pt\/product\/sea-21-acionamento-da-roda-dentada\/#breadcrumb","itemListElement":[{"@type":"ListItem","position":1,"name":"Home","item":"https:\/\/slewingbearings.com\/pt-pt\/rolamento-de-giro-acionamento-de-giro\/"},{"@type":"ListItem","position":2,"name":"Shop","item":"https:\/\/slewingbearings.com\/shop\/"},{"@type":"ListItem","position":3,"name":"SEA-21 Acionamento da roda dentada"}]},{"@type":"WebSite","@id":"https:\/\/slewingbearings.com\/#website","url":"https:\/\/slewingbearings.com\/","name":"ZZ Group","description":"Leading Slewing Bearings in China","potentialAction":[{"@type":"SearchAction","target":{"@type":"EntryPoint","urlTemplate":"https:\/\/slewingbearings.com\/?s={search_term_string}"},"query-input":"required name=search_term_string"}],"inLanguage":"pt-PT"}]}},"_links":{"self":[{"href":"https:\/\/slewingbearings.com\/pt-pt\/wp-json\/wp\/v2\/product\/12020","targetHints":{"allow":["GET"]}}],"collection":[{"href":"https:\/\/slewingbearings.com\/pt-pt\/wp-json\/wp\/v2\/product"}],"about":[{"href":"https:\/\/slewingbearings.com\/pt-pt\/wp-json\/wp\/v2\/types\/product"}],"replies":[{"embeddable":true,"href":"https:\/\/slewingbearings.com\/pt-pt\/wp-json\/wp\/v2\/comments?post=12020"}],"wp:featuredmedia":[{"embeddable":true,"href":"https:\/\/slewingbearings.com\/pt-pt\/wp-json\/wp\/v2\/media\/6200"}],"wp:attachment":[{"href":"https:\/\/slewingbearings.com\/pt-pt\/wp-json\/wp\/v2\/media?parent=12020"}],"wp:term":[{"taxonomy":"product_cat","embeddable":true,"href":"https:\/\/slewingbearings.com\/pt-pt\/wp-json\/wp\/v2\/product_cat?post=12020"},{"taxonomy":"product_tag","embeddable":true,"href":"https:\/\/slewingbearings.com\/pt-pt\/wp-json\/wp\/v2\/product_tag?post=12020"}],"curies":[{"name":"wp","href":"https:\/\/api.w.org\/{rel}","templated":true}]}}