{"id":11979,"date":"2024-01-21T03:32:42","date_gmt":"2024-01-21T03:32:42","guid":{"rendered":"https:\/\/slewingbearings.com\/product\/ve-5-velocidade-de-oscilacao\/"},"modified":"2024-01-21T03:32:42","modified_gmt":"2024-01-21T03:32:42","slug":"ve-5-velocidade-de-oscilacao","status":"publish","type":"product","link":"https:\/\/slewingbearings.com\/pt-pt\/product\/ve-5-velocidade-de-oscilacao\/","title":{"rendered":"VE-5 Velocidade de oscila\u00e7\u00e3o"},"content":{"rendered":"<p>Em termos de carater\u00edsticas, o sistema de transmiss\u00e3o de giro vertical da s\u00e9rie VE tem v\u00e1rias carater\u00edsticas not\u00e1veis:<\/p>\n<p>Antes de mais, a carater\u00edstica mais not\u00e1vel \u00e9 a fun\u00e7\u00e3o de rota\u00e7\u00e3o vertical. Isto permite que o dispositivo rode de forma flex\u00edvel no plano vertical, fornecendo solu\u00e7\u00f5es para uma variedade de tarefas de trabalho verticais. <\/p>\n<p>Em segundo lugar, o sistema de acionamento de giro vertical ajuda a utilizar melhor o espa\u00e7o. Em ambientes altamente limitados ou com restri\u00e7\u00f5es de espa\u00e7o, a aplica\u00e7\u00e3o de tais sistemas pode funcionar de forma mais eficiente. Por exemplo, em estaleiros de constru\u00e7\u00e3o ou laborat\u00f3rios de investiga\u00e7\u00e3o cient\u00edfica nas cidades, os sistemas de acionamento girat\u00f3rio vertical podem adaptar-se melhor a espa\u00e7os limitados.  <\/p>\n<p>Em segundo lugar, este tipo de sistema de acionamento tem normalmente uma elevada precis\u00e3o de posicionamento. O equipamento mec\u00e2nico pode permanecer com precis\u00e3o na posi\u00e7\u00e3o requerida atrav\u00e9s da rota\u00e7\u00e3o vertical, apoiando assim tarefas de trabalho finas e de alta precis\u00e3o. <\/p>\n<p>Al\u00e9m disso, o sistema de acionamento de giro vertical tamb\u00e9m tem as carater\u00edsticas de ajuste multi-\u00e2ngulo. O equipamento pode ser ajustado em v\u00e1rios \u00e2ngulos na dire\u00e7\u00e3o vertical para se adaptar a diferentes necessidades e ambientes de trabalho. <\/p>\n\n<table id=\"tablepress-31\" class=\"tablepress tablepress-id-31\">\n<thead>\n<tr class=\"row-1\">\n\t<th class=\"column-1\">Model<\/th><th class=\"column-2\">Output Torque<\/th><th class=\"column-3\">Tilting Moment Torque<\/th><th class=\"column-4\">Holding Torque<\/th><th class=\"column-5\">Gear Ratio<\/th><th class=\"column-6\">Tracking Precision<\/th><th class=\"column-7\">Weight<\/th><th class=\"column-8\">Drawing<\/th>\n<\/tr>\n<\/thead>\n<tbody class=\"row-striping row-hover\">\n<tr class=\"row-2\">\n\t<td class=\"column-1\">VE5<\/td><td class=\"column-2\">4.8 KN.m<\/td><td class=\"column-3\">3300 N.m<\/td><td class=\"column-4\">15 KN.m<\/td><td class=\"column-5\">55:1<\/td><td class=\"column-6\">\u22640.3\u00b0<\/td><td class=\"column-7\">35kg<\/td><td class=\"column-8\"><a href=\"https:\/\/slewingbearings.com\/wp-content\/uploads\/2024\/01\/VE5-Slew-Drive-catalog.pdf\"><br \/>\n<img decoding=\"async\" src=\"https:\/\/slewingbearings.com\/wp-content\/uploads\/2024\/01\/pdf.png\" width=\"30\" height=\"30\"><\/a><\/td>\n<\/tr>\n<tr class=\"row-3\">\n\t<td class=\"column-1\">VE5<\/td><td class=\"column-2\">3542 lbf.ft<\/td><td class=\"column-3\">2435 lbf.ft<\/td><td class=\"column-4\">3066 lbf.ft<\/td><td class=\"column-5\">55:1<\/td><td class=\"column-6\">\u22640.3\u00b0<\/td><td class=\"column-7\">35kg<\/td><td class=\"column-8\"><a href=\"https:\/\/slewingbearings.com\/wp-content\/uploads\/2024\/01\/VE5-Slew-Drive-catalog.pdf\"><br \/>\n<img decoding=\"async\" src=\"https:\/\/slewingbearings.com\/wp-content\/uploads\/2024\/01\/pdf.png\" width=\"30\" height=\"30\"><\/a><\/td>\n<\/tr>\n<\/tbody>\n<\/table>\n<!-- #tablepress-31 from cache -->\n","protected":false},"excerpt":{"rendered":"<p>Um sistema de acionamento de rota\u00e7\u00e3o vertical \u00e9 um sistema mec\u00e2nico concebido para obter rota\u00e7\u00e3o na dire\u00e7\u00e3o vertical. Esta tecnologia fornece solu\u00e7\u00f5es \u00fanicas para uma variedade de aplica\u00e7\u00f5es industriais e cient\u00edficas, permitindo que equipamentos mec\u00e2nicos ou ferramentas sejam rodados de forma flex\u00edvel numa orienta\u00e7\u00e3o vertical, expandindo assim a sua gama de aplica\u00e7\u00f5es e versatilidade. <\/p>\n<p>No dom\u00ednio da energia solar, os sistemas de acionamento vertical s\u00e3o amplamente utilizados em sistemas de seguimento solar. O painel solar \u00e9 acionado por rota\u00e7\u00e3o vertical e pode mover-se para cima e para baixo seguindo a trajet\u00f3ria do sol, assegurando que o painel fotovoltaico est\u00e1 sempre virado para o sol. Esta conce\u00e7\u00e3o permite captar ao m\u00e1ximo a radia\u00e7\u00e3o solar e melhorar a efici\u00eancia da produ\u00e7\u00e3o de energia solar. No dom\u00ednio da produ\u00e7\u00e3o de energia e\u00f3lica, alguns geradores de turbinas e\u00f3licas verticais tamb\u00e9m utilizam sistemas de transmiss\u00e3o vertical. Esta conce\u00e7\u00e3o permite que a turbina e\u00f3lica rode verticalmente, adaptando-se melhor aos ventos em diferentes direc\u00e7\u00f5es e optimizando a capta\u00e7\u00e3o de energia e\u00f3lica.    <\/p>\n<p>No dom\u00ednio dos laborat\u00f3rios de investiga\u00e7\u00e3o cient\u00edfica, alguns equipamentos experimentais podem ter de ser ajustados na dire\u00e7\u00e3o vertical. O sistema de acionamento vertical proporciona flexibilidade neste caso, permitindo aos investigadores ajustar facilmente a altura e o \u00e2ngulo do instrumento para satisfazer os requisitos da experi\u00eancia. Por exemplo, a rota\u00e7\u00e3o vertical de microsc\u00f3pios, mesas experimentais e outros equipamentos pode facilitar a observa\u00e7\u00e3o e a manipula\u00e7\u00e3o de amostras pelos cientistas.  <\/p>\n","protected":false},"featured_media":6218,"comment_status":"open","ping_status":"closed","template":"","meta":{"content-type":""},"product_cat":[664,328],"product_tag":[726],"class_list":{"0":"post-11979","1":"product","2":"type-product","3":"status-publish","4":"has-post-thumbnail","6":"product_cat-acionamento-de-giro-ve","7":"product_cat-slew-drive-pt-pt","8":"product_tag-ve5-unidade-giratoria","10":"first","11":"instock","12":"shipping-taxable","13":"product-type-simple"},"yoast_head":"<!-- This site is optimized with the Yoast SEO plugin v21.7 - https:\/\/yoast.com\/wordpress\/plugins\/seo\/ -->\n<title>VE-5 Velocidade de oscila\u00e7\u00e3o - ZZ Group<\/title>\n<meta name=\"description\" content=\"O sistema de acionamento girat\u00f3rio vertical da s\u00e9rie VE \u00e9 um sistema mec\u00e2nico concebido para obter rota\u00e7\u00e3o na dire\u00e7\u00e3o vertical .\" \/>\n<meta name=\"robots\" content=\"index, follow, max-snippet:-1, max-image-preview:large, max-video-preview:-1\" \/>\n<link rel=\"canonical\" href=\"https:\/\/slewingbearings.com\/pt-pt\/product\/ve-5-velocidade-de-oscilacao\/\" \/>\n<meta property=\"og:locale\" content=\"pt_PT\" \/>\n<meta property=\"og:type\" content=\"article\" \/>\n<meta property=\"og:title\" content=\"VE-5 Velocidade de oscila\u00e7\u00e3o - ZZ Group\" \/>\n<meta property=\"og:description\" content=\"O sistema de acionamento girat\u00f3rio vertical da s\u00e9rie VE \u00e9 um sistema mec\u00e2nico concebido para obter rota\u00e7\u00e3o na dire\u00e7\u00e3o vertical .\" \/>\n<meta property=\"og:url\" content=\"https:\/\/slewingbearings.com\/pt-pt\/product\/ve-5-velocidade-de-oscilacao\/\" \/>\n<meta property=\"og:site_name\" content=\"ZZ Group\" \/>\n<meta property=\"og:image\" content=\"https:\/\/slewingbearings.com\/wp-content\/uploads\/2024\/01\/ve5-slew-drive.jpg\" \/>\n\t<meta property=\"og:image:width\" content=\"500\" \/>\n\t<meta property=\"og:image:height\" content=\"500\" \/>\n\t<meta property=\"og:image:type\" content=\"image\/jpeg\" \/>\n<meta name=\"twitter:card\" content=\"summary_large_image\" \/>\n<meta name=\"twitter:label1\" content=\"Tempo estimado de leitura\" \/>\n\t<meta name=\"twitter:data1\" content=\"1 minuto\" \/>\n<script type=\"application\/ld+json\" class=\"yoast-schema-graph\">{\"@context\":\"https:\/\/schema.org\",\"@graph\":[{\"@type\":\"WebPage\",\"@id\":\"https:\/\/slewingbearings.com\/pt-pt\/product\/ve-5-velocidade-de-oscilacao\/\",\"url\":\"https:\/\/slewingbearings.com\/pt-pt\/product\/ve-5-velocidade-de-oscilacao\/\",\"name\":\"VE-5 Velocidade de oscila\u00e7\u00e3o - ZZ Group\",\"isPartOf\":{\"@id\":\"https:\/\/slewingbearings.com\/#website\"},\"datePublished\":\"2024-01-21T03:32:42+00:00\",\"dateModified\":\"2024-01-21T03:32:42+00:00\",\"description\":\"O sistema de acionamento girat\u00f3rio vertical da s\u00e9rie VE \u00e9 um sistema mec\u00e2nico concebido para obter rota\u00e7\u00e3o na dire\u00e7\u00e3o vertical .\",\"breadcrumb\":{\"@id\":\"https:\/\/slewingbearings.com\/pt-pt\/product\/ve-5-velocidade-de-oscilacao\/#breadcrumb\"},\"inLanguage\":\"pt-PT\",\"potentialAction\":[{\"@type\":\"ReadAction\",\"target\":[\"https:\/\/slewingbearings.com\/pt-pt\/product\/ve-5-velocidade-de-oscilacao\/\"]}]},{\"@type\":\"BreadcrumbList\",\"@id\":\"https:\/\/slewingbearings.com\/pt-pt\/product\/ve-5-velocidade-de-oscilacao\/#breadcrumb\",\"itemListElement\":[{\"@type\":\"ListItem\",\"position\":1,\"name\":\"Home\",\"item\":\"https:\/\/slewingbearings.com\/pt-pt\/rolamento-de-giro-acionamento-de-giro\/\"},{\"@type\":\"ListItem\",\"position\":2,\"name\":\"Shop\",\"item\":\"https:\/\/slewingbearings.com\/shop\/\"},{\"@type\":\"ListItem\",\"position\":3,\"name\":\"VE-5 Velocidade de oscila\u00e7\u00e3o\"}]},{\"@type\":\"WebSite\",\"@id\":\"https:\/\/slewingbearings.com\/#website\",\"url\":\"https:\/\/slewingbearings.com\/\",\"name\":\"ZZ Group\",\"description\":\"Leading Slewing Bearings in China\",\"potentialAction\":[{\"@type\":\"SearchAction\",\"target\":{\"@type\":\"EntryPoint\",\"urlTemplate\":\"https:\/\/slewingbearings.com\/?s={search_term_string}\"},\"query-input\":\"required name=search_term_string\"}],\"inLanguage\":\"pt-PT\"}]}<\/script>\n<!-- \/ Yoast SEO plugin. -->","yoast_head_json":{"title":"VE-5 Velocidade de oscila\u00e7\u00e3o - ZZ Group","description":"O sistema de acionamento girat\u00f3rio vertical da s\u00e9rie VE \u00e9 um sistema mec\u00e2nico concebido para obter rota\u00e7\u00e3o na dire\u00e7\u00e3o vertical .","robots":{"index":"index","follow":"follow","max-snippet":"max-snippet:-1","max-image-preview":"max-image-preview:large","max-video-preview":"max-video-preview:-1"},"canonical":"https:\/\/slewingbearings.com\/pt-pt\/product\/ve-5-velocidade-de-oscilacao\/","og_locale":"pt_PT","og_type":"article","og_title":"VE-5 Velocidade de oscila\u00e7\u00e3o - ZZ Group","og_description":"O sistema de acionamento girat\u00f3rio vertical da s\u00e9rie VE \u00e9 um sistema mec\u00e2nico concebido para obter rota\u00e7\u00e3o na dire\u00e7\u00e3o vertical .","og_url":"https:\/\/slewingbearings.com\/pt-pt\/product\/ve-5-velocidade-de-oscilacao\/","og_site_name":"ZZ Group","og_image":[{"width":500,"height":500,"url":"https:\/\/slewingbearings.com\/wp-content\/uploads\/2024\/01\/ve5-slew-drive.jpg","type":"image\/jpeg"}],"twitter_card":"summary_large_image","twitter_misc":{"Tempo estimado de leitura":"1 minuto"},"schema":{"@context":"https:\/\/schema.org","@graph":[{"@type":"WebPage","@id":"https:\/\/slewingbearings.com\/pt-pt\/product\/ve-5-velocidade-de-oscilacao\/","url":"https:\/\/slewingbearings.com\/pt-pt\/product\/ve-5-velocidade-de-oscilacao\/","name":"VE-5 Velocidade de oscila\u00e7\u00e3o - ZZ Group","isPartOf":{"@id":"https:\/\/slewingbearings.com\/#website"},"datePublished":"2024-01-21T03:32:42+00:00","dateModified":"2024-01-21T03:32:42+00:00","description":"O sistema de acionamento girat\u00f3rio vertical da s\u00e9rie VE \u00e9 um sistema mec\u00e2nico concebido para obter rota\u00e7\u00e3o na dire\u00e7\u00e3o vertical .","breadcrumb":{"@id":"https:\/\/slewingbearings.com\/pt-pt\/product\/ve-5-velocidade-de-oscilacao\/#breadcrumb"},"inLanguage":"pt-PT","potentialAction":[{"@type":"ReadAction","target":["https:\/\/slewingbearings.com\/pt-pt\/product\/ve-5-velocidade-de-oscilacao\/"]}]},{"@type":"BreadcrumbList","@id":"https:\/\/slewingbearings.com\/pt-pt\/product\/ve-5-velocidade-de-oscilacao\/#breadcrumb","itemListElement":[{"@type":"ListItem","position":1,"name":"Home","item":"https:\/\/slewingbearings.com\/pt-pt\/rolamento-de-giro-acionamento-de-giro\/"},{"@type":"ListItem","position":2,"name":"Shop","item":"https:\/\/slewingbearings.com\/shop\/"},{"@type":"ListItem","position":3,"name":"VE-5 Velocidade de oscila\u00e7\u00e3o"}]},{"@type":"WebSite","@id":"https:\/\/slewingbearings.com\/#website","url":"https:\/\/slewingbearings.com\/","name":"ZZ Group","description":"Leading Slewing Bearings in China","potentialAction":[{"@type":"SearchAction","target":{"@type":"EntryPoint","urlTemplate":"https:\/\/slewingbearings.com\/?s={search_term_string}"},"query-input":"required name=search_term_string"}],"inLanguage":"pt-PT"}]}},"_links":{"self":[{"href":"https:\/\/slewingbearings.com\/pt-pt\/wp-json\/wp\/v2\/product\/11979","targetHints":{"allow":["GET"]}}],"collection":[{"href":"https:\/\/slewingbearings.com\/pt-pt\/wp-json\/wp\/v2\/product"}],"about":[{"href":"https:\/\/slewingbearings.com\/pt-pt\/wp-json\/wp\/v2\/types\/product"}],"replies":[{"embeddable":true,"href":"https:\/\/slewingbearings.com\/pt-pt\/wp-json\/wp\/v2\/comments?post=11979"}],"wp:featuredmedia":[{"embeddable":true,"href":"https:\/\/slewingbearings.com\/pt-pt\/wp-json\/wp\/v2\/media\/6218"}],"wp:attachment":[{"href":"https:\/\/slewingbearings.com\/pt-pt\/wp-json\/wp\/v2\/media?parent=11979"}],"wp:term":[{"taxonomy":"product_cat","embeddable":true,"href":"https:\/\/slewingbearings.com\/pt-pt\/wp-json\/wp\/v2\/product_cat?post=11979"},{"taxonomy":"product_tag","embeddable":true,"href":"https:\/\/slewingbearings.com\/pt-pt\/wp-json\/wp\/v2\/product_tag?post=11979"}],"curies":[{"name":"wp","href":"https:\/\/api.w.org\/{rel}","templated":true}]}}