{"id":11921,"date":"2024-01-21T03:51:15","date_gmt":"2024-01-21T03:51:15","guid":{"rendered":"https:\/\/slewingbearings.com\/product\/ve-10-velocidade-de-rotacao\/"},"modified":"2024-01-21T03:51:15","modified_gmt":"2024-01-21T03:51:15","slug":"ve-10-velocidade-de-rotacao","status":"publish","type":"product","link":"https:\/\/slewingbearings.com\/pt-pt\/product\/ve-10-velocidade-de-rotacao\/","title":{"rendered":"VE-10 Velocidade de rota\u00e7\u00e3o"},"content":{"rendered":"<p>Em segundo lugar, o sistema de acionamento vertical VE10 ajuda a fazer uma melhor utiliza\u00e7\u00e3o do espa\u00e7o. Em ambientes altamente limitados ou com restri\u00e7\u00f5es de espa\u00e7o, a aplica\u00e7\u00e3o de tais sistemas pode funcionar de forma mais eficiente. Por exemplo, em estaleiros de constru\u00e7\u00e3o ou laborat\u00f3rios de investiga\u00e7\u00e3o cient\u00edfica nas cidades, os sistemas de acionamento girat\u00f3rio vertical podem adaptar-se melhor a espa\u00e7os limitados.  <\/p>\n<p>Em segundo lugar, este tipo de sistema de acionamento tem normalmente uma elevada precis\u00e3o de posicionamento. O equipamento mec\u00e2nico pode permanecer com precis\u00e3o na posi\u00e7\u00e3o requerida atrav\u00e9s da rota\u00e7\u00e3o vertical, apoiando assim tarefas de trabalho finas e de alta precis\u00e3o. <\/p>\n<p>De um modo geral, o sistema de acionamento vertical oferece solu\u00e7\u00f5es \u00fanicas no seguimento solar, na produ\u00e7\u00e3o de energia e\u00f3lica, em laborat\u00f3rios de investiga\u00e7\u00e3o cient\u00edfica e noutros dom\u00ednios, gra\u00e7as \u00e0 sua fun\u00e7\u00e3o \u00fanica de rota\u00e7\u00e3o vertical.<\/p>\n\n<table id=\"tablepress-36\" class=\"tablepress tablepress-id-36\">\n<thead>\n<tr class=\"row-1\">\n\t<th class=\"column-1\">Model<\/th><th class=\"column-2\">Output Torque<\/th><th class=\"column-3\">Tilting Moment Torque<\/th><th class=\"column-4\">Holding Torque<\/th><th class=\"column-5\">Gear Ratio<\/th><th class=\"column-6\">Tracking Precision<\/th><th class=\"column-7\">Weight<\/th><th class=\"column-8\">Drawing<\/th>\n<\/tr>\n<\/thead>\n<tbody class=\"row-striping row-hover\">\n<tr class=\"row-2\">\n\t<td class=\"column-1\">VE10<\/td><td class=\"column-2\">18 KN.m<\/td><td class=\"column-3\">8500 N.m<\/td><td class=\"column-4\">75 KN.m<\/td><td class=\"column-5\">80:1<\/td><td class=\"column-6\">\u22640.3\u00b0<\/td><td class=\"column-7\">88kg<\/td><td class=\"column-8\"><a href=\"https:\/\/slewingbearings.com\/wp-content\/uploads\/2024\/01\/VE10-Slew-Drive-catalog.pdf\"><br \/>\n<img decoding=\"async\" src=\"https:\/\/slewingbearings.com\/wp-content\/uploads\/2024\/01\/pdf.png\" width=\"30\" height=\"30\"><\/a><\/td>\n<\/tr>\n<tr class=\"row-3\">\n\t<td class=\"column-1\">VE10<\/td><td class=\"column-2\">13284 lbf.ft<\/td><td class=\"column-3\">6273 lbf.ft<\/td><td class=\"column-4\">55350 lbf.ft<\/td><td class=\"column-5\">80:1<\/td><td class=\"column-6\">\u22640.3\u00b0<\/td><td class=\"column-7\">88kg<\/td><td class=\"column-8\"><a href=\"https:\/\/slewingbearings.com\/wp-content\/uploads\/2024\/01\/VE10-Slew-Drive-catalog.pdf\"><br \/>\n<img decoding=\"async\" src=\"https:\/\/slewingbearings.com\/wp-content\/uploads\/2024\/01\/pdf.png\" width=\"30\" height=\"30\"><\/a><\/td>\n<\/tr>\n<\/tbody>\n<\/table>\n<!-- #tablepress-36 from cache -->\n","protected":false},"excerpt":{"rendered":"<p>Um sistema de acionamento vertical VE10 \u00e9 um sistema mec\u00e2nico concebido para obter rota\u00e7\u00e3o na dire\u00e7\u00e3o vertical. Esta tecnologia fornece solu\u00e7\u00f5es \u00fanicas para uma variedade de aplica\u00e7\u00f5es industriais e cient\u00edficas, permitindo que equipamentos mec\u00e2nicos ou ferramentas sejam rodados de forma flex\u00edvel numa orienta\u00e7\u00e3o vertical, expandindo assim a sua gama de aplica\u00e7\u00f5es e versatilidade. <\/p>\n<p>No dom\u00ednio da energia solar, os sistemas verticais VE10 s\u00e3o amplamente utilizados em sistemas de rastreio solar. O painel solar \u00e9 acionado por rota\u00e7\u00e3o vertical e pode mover-se para cima e para baixo seguindo a trajet\u00f3ria do sol, assegurando que o painel fotovoltaico est\u00e1 sempre virado para o sol. Esta conce\u00e7\u00e3o permite captar ao m\u00e1ximo a radia\u00e7\u00e3o solar e melhorar a efici\u00eancia da produ\u00e7\u00e3o de energia solar. No dom\u00ednio da produ\u00e7\u00e3o de energia e\u00f3lica, alguns geradores de turbinas e\u00f3licas verticais tamb\u00e9m utilizam sistemas de transmiss\u00e3o vertical. Esta conce\u00e7\u00e3o permite que a turbina e\u00f3lica rode verticalmente, adaptando-se melhor aos ventos em diferentes direc\u00e7\u00f5es e optimizando a capta\u00e7\u00e3o de energia e\u00f3lica.    <\/p>\n","protected":false},"featured_media":6263,"comment_status":"open","ping_status":"closed","template":"","meta":{"content-type":""},"product_cat":[664,328],"product_tag":[665],"class_list":{"0":"post-11921","1":"product","2":"type-product","3":"status-publish","4":"has-post-thumbnail","6":"product_cat-acionamento-de-giro-ve","7":"product_cat-slew-drive-pt-pt","8":"product_tag-ve10-unidade-de-rotacao","10":"first","11":"instock","12":"shipping-taxable","13":"product-type-simple"},"yoast_head":"<!-- This site is optimized with the Yoast SEO plugin v21.7 - https:\/\/yoast.com\/wordpress\/plugins\/seo\/ -->\n<title>VE-10 Velocidade de rota\u00e7\u00e3o - ZZ Group<\/title>\n<meta name=\"description\" content=\"O sistema de acionamento de giro vertical da s\u00e9rie VE10 \u00e9 um sistema mec\u00e2nico concebido para obter rota\u00e7\u00e3o na dire\u00e7\u00e3o vertical .\" \/>\n<meta name=\"robots\" content=\"index, follow, max-snippet:-1, max-image-preview:large, max-video-preview:-1\" \/>\n<link rel=\"canonical\" href=\"https:\/\/slewingbearings.com\/pt-pt\/product\/ve-10-velocidade-de-rotacao\/\" \/>\n<meta property=\"og:locale\" content=\"pt_PT\" \/>\n<meta property=\"og:type\" content=\"article\" \/>\n<meta property=\"og:title\" content=\"VE-10 Velocidade de rota\u00e7\u00e3o - ZZ Group\" \/>\n<meta property=\"og:description\" content=\"O sistema de acionamento de giro vertical da s\u00e9rie VE10 \u00e9 um sistema mec\u00e2nico concebido para obter rota\u00e7\u00e3o na dire\u00e7\u00e3o vertical .\" \/>\n<meta property=\"og:url\" content=\"https:\/\/slewingbearings.com\/pt-pt\/product\/ve-10-velocidade-de-rotacao\/\" \/>\n<meta property=\"og:site_name\" content=\"ZZ Group\" \/>\n<meta property=\"og:image\" content=\"https:\/\/slewingbearings.com\/wp-content\/uploads\/2024\/01\/ve10-slew-drive.jpg\" \/>\n\t<meta property=\"og:image:width\" content=\"500\" \/>\n\t<meta property=\"og:image:height\" content=\"500\" \/>\n\t<meta property=\"og:image:type\" content=\"image\/jpeg\" \/>\n<meta name=\"twitter:card\" content=\"summary_large_image\" \/>\n<meta name=\"twitter:label1\" content=\"Tempo estimado de leitura\" \/>\n\t<meta name=\"twitter:data1\" content=\"1 minuto\" \/>\n<script type=\"application\/ld+json\" class=\"yoast-schema-graph\">{\"@context\":\"https:\/\/schema.org\",\"@graph\":[{\"@type\":\"WebPage\",\"@id\":\"https:\/\/slewingbearings.com\/pt-pt\/product\/ve-10-velocidade-de-rotacao\/\",\"url\":\"https:\/\/slewingbearings.com\/pt-pt\/product\/ve-10-velocidade-de-rotacao\/\",\"name\":\"VE-10 Velocidade de rota\u00e7\u00e3o - ZZ Group\",\"isPartOf\":{\"@id\":\"https:\/\/slewingbearings.com\/#website\"},\"datePublished\":\"2024-01-21T03:51:15+00:00\",\"dateModified\":\"2024-01-21T03:51:15+00:00\",\"description\":\"O sistema de acionamento de giro vertical da s\u00e9rie VE10 \u00e9 um sistema mec\u00e2nico concebido para obter rota\u00e7\u00e3o na dire\u00e7\u00e3o vertical .\",\"breadcrumb\":{\"@id\":\"https:\/\/slewingbearings.com\/pt-pt\/product\/ve-10-velocidade-de-rotacao\/#breadcrumb\"},\"inLanguage\":\"pt-PT\",\"potentialAction\":[{\"@type\":\"ReadAction\",\"target\":[\"https:\/\/slewingbearings.com\/pt-pt\/product\/ve-10-velocidade-de-rotacao\/\"]}]},{\"@type\":\"BreadcrumbList\",\"@id\":\"https:\/\/slewingbearings.com\/pt-pt\/product\/ve-10-velocidade-de-rotacao\/#breadcrumb\",\"itemListElement\":[{\"@type\":\"ListItem\",\"position\":1,\"name\":\"Home\",\"item\":\"https:\/\/slewingbearings.com\/pt-pt\/rolamento-de-giro-acionamento-de-giro\/\"},{\"@type\":\"ListItem\",\"position\":2,\"name\":\"Shop\",\"item\":\"https:\/\/slewingbearings.com\/shop\/\"},{\"@type\":\"ListItem\",\"position\":3,\"name\":\"VE-10 Velocidade de rota\u00e7\u00e3o\"}]},{\"@type\":\"WebSite\",\"@id\":\"https:\/\/slewingbearings.com\/#website\",\"url\":\"https:\/\/slewingbearings.com\/\",\"name\":\"ZZ Group\",\"description\":\"Leading Slewing Bearings in China\",\"potentialAction\":[{\"@type\":\"SearchAction\",\"target\":{\"@type\":\"EntryPoint\",\"urlTemplate\":\"https:\/\/slewingbearings.com\/?s={search_term_string}\"},\"query-input\":\"required name=search_term_string\"}],\"inLanguage\":\"pt-PT\"}]}<\/script>\n<!-- \/ Yoast SEO plugin. -->","yoast_head_json":{"title":"VE-10 Velocidade de rota\u00e7\u00e3o - ZZ Group","description":"O sistema de acionamento de giro vertical da s\u00e9rie VE10 \u00e9 um sistema mec\u00e2nico concebido para obter rota\u00e7\u00e3o na dire\u00e7\u00e3o vertical .","robots":{"index":"index","follow":"follow","max-snippet":"max-snippet:-1","max-image-preview":"max-image-preview:large","max-video-preview":"max-video-preview:-1"},"canonical":"https:\/\/slewingbearings.com\/pt-pt\/product\/ve-10-velocidade-de-rotacao\/","og_locale":"pt_PT","og_type":"article","og_title":"VE-10 Velocidade de rota\u00e7\u00e3o - ZZ Group","og_description":"O sistema de acionamento de giro vertical da s\u00e9rie VE10 \u00e9 um sistema mec\u00e2nico concebido para obter rota\u00e7\u00e3o na dire\u00e7\u00e3o vertical .","og_url":"https:\/\/slewingbearings.com\/pt-pt\/product\/ve-10-velocidade-de-rotacao\/","og_site_name":"ZZ Group","og_image":[{"width":500,"height":500,"url":"https:\/\/slewingbearings.com\/wp-content\/uploads\/2024\/01\/ve10-slew-drive.jpg","type":"image\/jpeg"}],"twitter_card":"summary_large_image","twitter_misc":{"Tempo estimado de leitura":"1 minuto"},"schema":{"@context":"https:\/\/schema.org","@graph":[{"@type":"WebPage","@id":"https:\/\/slewingbearings.com\/pt-pt\/product\/ve-10-velocidade-de-rotacao\/","url":"https:\/\/slewingbearings.com\/pt-pt\/product\/ve-10-velocidade-de-rotacao\/","name":"VE-10 Velocidade de rota\u00e7\u00e3o - ZZ Group","isPartOf":{"@id":"https:\/\/slewingbearings.com\/#website"},"datePublished":"2024-01-21T03:51:15+00:00","dateModified":"2024-01-21T03:51:15+00:00","description":"O sistema de acionamento de giro vertical da s\u00e9rie VE10 \u00e9 um sistema mec\u00e2nico concebido para obter rota\u00e7\u00e3o na dire\u00e7\u00e3o vertical .","breadcrumb":{"@id":"https:\/\/slewingbearings.com\/pt-pt\/product\/ve-10-velocidade-de-rotacao\/#breadcrumb"},"inLanguage":"pt-PT","potentialAction":[{"@type":"ReadAction","target":["https:\/\/slewingbearings.com\/pt-pt\/product\/ve-10-velocidade-de-rotacao\/"]}]},{"@type":"BreadcrumbList","@id":"https:\/\/slewingbearings.com\/pt-pt\/product\/ve-10-velocidade-de-rotacao\/#breadcrumb","itemListElement":[{"@type":"ListItem","position":1,"name":"Home","item":"https:\/\/slewingbearings.com\/pt-pt\/rolamento-de-giro-acionamento-de-giro\/"},{"@type":"ListItem","position":2,"name":"Shop","item":"https:\/\/slewingbearings.com\/shop\/"},{"@type":"ListItem","position":3,"name":"VE-10 Velocidade de rota\u00e7\u00e3o"}]},{"@type":"WebSite","@id":"https:\/\/slewingbearings.com\/#website","url":"https:\/\/slewingbearings.com\/","name":"ZZ Group","description":"Leading Slewing Bearings in China","potentialAction":[{"@type":"SearchAction","target":{"@type":"EntryPoint","urlTemplate":"https:\/\/slewingbearings.com\/?s={search_term_string}"},"query-input":"required name=search_term_string"}],"inLanguage":"pt-PT"}]}},"_links":{"self":[{"href":"https:\/\/slewingbearings.com\/pt-pt\/wp-json\/wp\/v2\/product\/11921","targetHints":{"allow":["GET"]}}],"collection":[{"href":"https:\/\/slewingbearings.com\/pt-pt\/wp-json\/wp\/v2\/product"}],"about":[{"href":"https:\/\/slewingbearings.com\/pt-pt\/wp-json\/wp\/v2\/types\/product"}],"replies":[{"embeddable":true,"href":"https:\/\/slewingbearings.com\/pt-pt\/wp-json\/wp\/v2\/comments?post=11921"}],"wp:featuredmedia":[{"embeddable":true,"href":"https:\/\/slewingbearings.com\/pt-pt\/wp-json\/wp\/v2\/media\/6263"}],"wp:attachment":[{"href":"https:\/\/slewingbearings.com\/pt-pt\/wp-json\/wp\/v2\/media?parent=11921"}],"wp:term":[{"taxonomy":"product_cat","embeddable":true,"href":"https:\/\/slewingbearings.com\/pt-pt\/wp-json\/wp\/v2\/product_cat?post=11921"},{"taxonomy":"product_tag","embeddable":true,"href":"https:\/\/slewingbearings.com\/pt-pt\/wp-json\/wp\/v2\/product_tag?post=11921"}],"curies":[{"name":"wp","href":"https:\/\/api.w.org\/{rel}","templated":true}]}}