{"id":11899,"date":"2024-01-28T01:07:08","date_gmt":"2024-01-28T01:07:08","guid":{"rendered":"https:\/\/slewingbearings.com\/product\/acionamento-de-giro-w-9\/"},"modified":"2024-01-28T01:07:08","modified_gmt":"2024-01-28T01:07:08","slug":"acionamento-de-giro-w-9","status":"publish","type":"product","link":"https:\/\/slewingbearings.com\/pt-pt\/product\/acionamento-de-giro-w-9\/","title":{"rendered":"Acionamento de giro W-9"},"content":{"rendered":"<p>W-9 O sistema de acionamento girat\u00f3rio aberto \u00e9 um sistema mec\u00e2nico com uma estrutura aberta, utilizado principalmente para rodar equipamentos ou ferramentas na dire\u00e7\u00e3o horizontal. Ao contr\u00e1rio dos modelos fechados, os componentes mec\u00e2nicos internos dos sistemas de acionamento rotativo aberto s\u00e3o vis\u00edveis para o mundo exterior, o que proporciona algumas vantagens \u00fanicas em termos de opera\u00e7\u00e3o, manuten\u00e7\u00e3o e ensino. <\/p>\n<p>Em primeiro lugar, o sistema de acionamento de giro aberto oferece uma excelente visibilidade. Uma vez que a estrutura interna \u00e9 vis\u00edvel para os operadores ou pessoal de manuten\u00e7\u00e3o, estes podem observar visualmente o funcionamento do sistema de acionamento. Isto \u00e9 muito \u00fatil durante a resolu\u00e7\u00e3o de problemas, monitoriza\u00e7\u00e3o di\u00e1ria e manuten\u00e7\u00e3o, melhorando a fiabilidade do sistema.  <\/p>\n<p>Devido \u00e0 vantagem da visibilidade, os accionamentos girat\u00f3rios abertos oferecem vantagens claras em termos de manuten\u00e7\u00e3o. O pessoal de manuten\u00e7\u00e3o pode verificar visualmente o desgaste das engrenagens, as condi\u00e7\u00f5es de lubrifica\u00e7\u00e3o, etc., reduzindo a dificuldade de manuten\u00e7\u00e3o. Isto tamb\u00e9m significa que \u00e9 mais f\u00e1cil efetuar uma manuten\u00e7\u00e3o regular, ajudando a prolongar a vida \u00fatil do sistema.  <\/p>\n\n<table id=\"tablepress-38\" class=\"tablepress tablepress-id-38\">\n<thead>\n<tr class=\"row-1\">\n\t<th class=\"column-1\">Model<\/th><th class=\"column-2\">Output Torque<\/th><th class=\"column-3\">Tilting Moment Torque<\/th><th class=\"column-4\">Holding Torque<\/th><th class=\"column-5\">Gear Ratio<\/th><th class=\"column-6\">Tracking Precision<\/th><th class=\"column-7\">Weight<\/th><th class=\"column-8\">Drawing<\/th>\n<\/tr>\n<\/thead>\n<tbody class=\"row-striping row-hover\">\n<tr class=\"row-2\">\n\t<td class=\"column-1\">W9<\/td><td class=\"column-2\">8 KN.m<\/td><td class=\"column-3\">35.6 KN.m<\/td><td class=\"column-4\">34.5 KN.m<\/td><td class=\"column-5\">62:1<\/td><td class=\"column-6\">\u22640.15\u00b0<\/td><td class=\"column-7\">40kg<\/td><td class=\"column-8\"><a href=\"https:\/\/slewingbearings.com\/wp-content\/uploads\/2024\/01\/W9-Slew-Drive-catalog.pdf\"><br \/>\n<img decoding=\"async\" src=\"https:\/\/slewingbearings.com\/wp-content\/uploads\/2024\/01\/pdf.png\" width=\"30\" height=\"30\"><\/a><\/td>\n<\/tr>\n<tr class=\"row-3\">\n\t<td class=\"column-1\">W9<\/td><td class=\"column-2\">5904 lbf.ft<\/td><td class=\"column-3\">26.3\u00d710\u00b3 lbf.ft<\/td><td class=\"column-4\">25.5\u00d710\u00b3 lbf.ft<\/td><td class=\"column-5\">62:1<\/td><td class=\"column-6\">\u22640.15\u00b0<\/td><td class=\"column-7\">40kg<\/td><td class=\"column-8\"><a href=\"https:\/\/slewingbearings.com\/wp-content\/uploads\/2024\/01\/W9-Slew-Drive-catalog.pdf\"><br \/>\n<img decoding=\"async\" src=\"https:\/\/slewingbearings.com\/wp-content\/uploads\/2024\/01\/pdf.png\" width=\"30\" height=\"30\"><\/a><\/td>\n<\/tr>\n<\/tbody>\n<\/table>\n<!-- #tablepress-38 from cache -->\n","protected":false},"excerpt":{"rendered":"<p>O sistema de acionamento de giro aberto da s\u00e9rie W tem um bom desempenho em alguns ambientes especiais. Para cen\u00e1rios que requerem funcionamento a temperaturas altas ou baixas ou em ambientes corrosivos, os projectos de estrutura aberta podem adaptar-se mais facilmente a estas condi\u00e7\u00f5es extremas sem se preocuparem com danos na estrutura selada. <\/p>\n<p>Para efeitos de ensino e demonstra\u00e7\u00e3o, os sistemas de acionamento de roda livre s\u00e3o amplamente utilizados. A sua elevada visibilidade torna-os numa ferramenta ideal para a demonstra\u00e7\u00e3o de princ\u00edpios mec\u00e2nicos, estruturas de transmiss\u00e3o e leis de movimento em institui\u00e7\u00f5es de ensino e ambientes de forma\u00e7\u00e3o. Os estudantes podem compreender melhor os conceitos b\u00e1sicos da engenharia mec\u00e2nica atrav\u00e9s da observa\u00e7\u00e3o de processos operacionais reais.  <\/p>\n<p>Al\u00e9m disso, os sistemas abertos tamb\u00e9m desempenham um papel importante na investiga\u00e7\u00e3o e desenvolvimento. Os investigadores precisam frequentemente de observar e depurar sistemas mec\u00e2nicos em tempo real e a visibilidade \u00e9 um fator chave. O design aberto proporciona-lhes um meio de observa\u00e7\u00e3o mais intuitivo, ajudando a identificar rapidamente os problemas e a otimizar o design.  <\/p>\n","protected":false},"featured_media":6407,"comment_status":"open","ping_status":"closed","template":"","meta":{"content-type":""},"product_cat":[571,328],"product_tag":[644],"class_list":{"0":"post-11899","1":"product","2":"type-product","3":"status-publish","4":"has-post-thumbnail","6":"product_cat-w-unidade-giratoria","7":"product_cat-slew-drive-pt-pt","8":"product_tag-acionamento-giratorio-w9","10":"first","11":"instock","12":"shipping-taxable","13":"product-type-simple"},"yoast_head":"<!-- This site is optimized with the Yoast SEO plugin v21.7 - https:\/\/yoast.com\/wordpress\/plugins\/seo\/ -->\n<title>Acionamento de giro W-9 - ZZ Group<\/title>\n<meta name=\"description\" content=\"W-9 O acionamento de giro aberto refere-se geralmente a um sistema de acionamento rotativo de estrutura aberta, que \u00e9 utilizado para realizar a rota\u00e7\u00e3o horizontal do equipamento.\" \/>\n<meta name=\"robots\" content=\"index, follow, max-snippet:-1, max-image-preview:large, max-video-preview:-1\" \/>\n<link rel=\"canonical\" href=\"https:\/\/slewingbearings.com\/pt-pt\/product\/acionamento-de-giro-w-9\/\" \/>\n<meta property=\"og:locale\" content=\"pt_PT\" \/>\n<meta property=\"og:type\" content=\"article\" \/>\n<meta property=\"og:title\" content=\"Acionamento de giro W-9 - ZZ Group\" \/>\n<meta property=\"og:description\" content=\"W-9 O acionamento de giro aberto refere-se geralmente a um sistema de acionamento rotativo de estrutura aberta, que \u00e9 utilizado para realizar a rota\u00e7\u00e3o horizontal do equipamento.\" \/>\n<meta property=\"og:url\" content=\"https:\/\/slewingbearings.com\/pt-pt\/product\/acionamento-de-giro-w-9\/\" \/>\n<meta property=\"og:site_name\" content=\"ZZ Group\" \/>\n<meta property=\"og:image\" content=\"https:\/\/slewingbearings.com\/wp-content\/uploads\/2024\/01\/w9-slew-drive.jpg\" \/>\n\t<meta property=\"og:image:width\" content=\"500\" \/>\n\t<meta property=\"og:image:height\" content=\"500\" \/>\n\t<meta property=\"og:image:type\" content=\"image\/jpeg\" \/>\n<meta name=\"twitter:card\" content=\"summary_large_image\" \/>\n<meta name=\"twitter:label1\" content=\"Tempo estimado de leitura\" \/>\n\t<meta name=\"twitter:data1\" content=\"1 minuto\" \/>\n<script type=\"application\/ld+json\" class=\"yoast-schema-graph\">{\"@context\":\"https:\/\/schema.org\",\"@graph\":[{\"@type\":\"WebPage\",\"@id\":\"https:\/\/slewingbearings.com\/pt-pt\/product\/acionamento-de-giro-w-9\/\",\"url\":\"https:\/\/slewingbearings.com\/pt-pt\/product\/acionamento-de-giro-w-9\/\",\"name\":\"Acionamento de giro W-9 - ZZ Group\",\"isPartOf\":{\"@id\":\"https:\/\/slewingbearings.com\/#website\"},\"datePublished\":\"2024-01-28T01:07:08+00:00\",\"dateModified\":\"2024-01-28T01:07:08+00:00\",\"description\":\"W-9 O acionamento de giro aberto refere-se geralmente a um sistema de acionamento rotativo de estrutura aberta, que \u00e9 utilizado para realizar a rota\u00e7\u00e3o horizontal do equipamento.\",\"breadcrumb\":{\"@id\":\"https:\/\/slewingbearings.com\/pt-pt\/product\/acionamento-de-giro-w-9\/#breadcrumb\"},\"inLanguage\":\"pt-PT\",\"potentialAction\":[{\"@type\":\"ReadAction\",\"target\":[\"https:\/\/slewingbearings.com\/pt-pt\/product\/acionamento-de-giro-w-9\/\"]}]},{\"@type\":\"BreadcrumbList\",\"@id\":\"https:\/\/slewingbearings.com\/pt-pt\/product\/acionamento-de-giro-w-9\/#breadcrumb\",\"itemListElement\":[{\"@type\":\"ListItem\",\"position\":1,\"name\":\"Home\",\"item\":\"https:\/\/slewingbearings.com\/pt-pt\/rolamento-de-giro-acionamento-de-giro\/\"},{\"@type\":\"ListItem\",\"position\":2,\"name\":\"Shop\",\"item\":\"https:\/\/slewingbearings.com\/shop\/\"},{\"@type\":\"ListItem\",\"position\":3,\"name\":\"Acionamento de giro W-9\"}]},{\"@type\":\"WebSite\",\"@id\":\"https:\/\/slewingbearings.com\/#website\",\"url\":\"https:\/\/slewingbearings.com\/\",\"name\":\"ZZ Group\",\"description\":\"Leading Slewing Bearings in China\",\"potentialAction\":[{\"@type\":\"SearchAction\",\"target\":{\"@type\":\"EntryPoint\",\"urlTemplate\":\"https:\/\/slewingbearings.com\/?s={search_term_string}\"},\"query-input\":\"required name=search_term_string\"}],\"inLanguage\":\"pt-PT\"}]}<\/script>\n<!-- \/ Yoast SEO plugin. -->","yoast_head_json":{"title":"Acionamento de giro W-9 - ZZ Group","description":"W-9 O acionamento de giro aberto refere-se geralmente a um sistema de acionamento rotativo de estrutura aberta, que \u00e9 utilizado para realizar a rota\u00e7\u00e3o horizontal do equipamento.","robots":{"index":"index","follow":"follow","max-snippet":"max-snippet:-1","max-image-preview":"max-image-preview:large","max-video-preview":"max-video-preview:-1"},"canonical":"https:\/\/slewingbearings.com\/pt-pt\/product\/acionamento-de-giro-w-9\/","og_locale":"pt_PT","og_type":"article","og_title":"Acionamento de giro W-9 - ZZ Group","og_description":"W-9 O acionamento de giro aberto refere-se geralmente a um sistema de acionamento rotativo de estrutura aberta, que \u00e9 utilizado para realizar a rota\u00e7\u00e3o horizontal do equipamento.","og_url":"https:\/\/slewingbearings.com\/pt-pt\/product\/acionamento-de-giro-w-9\/","og_site_name":"ZZ Group","og_image":[{"width":500,"height":500,"url":"https:\/\/slewingbearings.com\/wp-content\/uploads\/2024\/01\/w9-slew-drive.jpg","type":"image\/jpeg"}],"twitter_card":"summary_large_image","twitter_misc":{"Tempo estimado de leitura":"1 minuto"},"schema":{"@context":"https:\/\/schema.org","@graph":[{"@type":"WebPage","@id":"https:\/\/slewingbearings.com\/pt-pt\/product\/acionamento-de-giro-w-9\/","url":"https:\/\/slewingbearings.com\/pt-pt\/product\/acionamento-de-giro-w-9\/","name":"Acionamento de giro W-9 - ZZ Group","isPartOf":{"@id":"https:\/\/slewingbearings.com\/#website"},"datePublished":"2024-01-28T01:07:08+00:00","dateModified":"2024-01-28T01:07:08+00:00","description":"W-9 O acionamento de giro aberto refere-se geralmente a um sistema de acionamento rotativo de estrutura aberta, que \u00e9 utilizado para realizar a rota\u00e7\u00e3o horizontal do equipamento.","breadcrumb":{"@id":"https:\/\/slewingbearings.com\/pt-pt\/product\/acionamento-de-giro-w-9\/#breadcrumb"},"inLanguage":"pt-PT","potentialAction":[{"@type":"ReadAction","target":["https:\/\/slewingbearings.com\/pt-pt\/product\/acionamento-de-giro-w-9\/"]}]},{"@type":"BreadcrumbList","@id":"https:\/\/slewingbearings.com\/pt-pt\/product\/acionamento-de-giro-w-9\/#breadcrumb","itemListElement":[{"@type":"ListItem","position":1,"name":"Home","item":"https:\/\/slewingbearings.com\/pt-pt\/rolamento-de-giro-acionamento-de-giro\/"},{"@type":"ListItem","position":2,"name":"Shop","item":"https:\/\/slewingbearings.com\/shop\/"},{"@type":"ListItem","position":3,"name":"Acionamento de giro W-9"}]},{"@type":"WebSite","@id":"https:\/\/slewingbearings.com\/#website","url":"https:\/\/slewingbearings.com\/","name":"ZZ Group","description":"Leading Slewing Bearings in China","potentialAction":[{"@type":"SearchAction","target":{"@type":"EntryPoint","urlTemplate":"https:\/\/slewingbearings.com\/?s={search_term_string}"},"query-input":"required name=search_term_string"}],"inLanguage":"pt-PT"}]}},"_links":{"self":[{"href":"https:\/\/slewingbearings.com\/pt-pt\/wp-json\/wp\/v2\/product\/11899","targetHints":{"allow":["GET"]}}],"collection":[{"href":"https:\/\/slewingbearings.com\/pt-pt\/wp-json\/wp\/v2\/product"}],"about":[{"href":"https:\/\/slewingbearings.com\/pt-pt\/wp-json\/wp\/v2\/types\/product"}],"replies":[{"embeddable":true,"href":"https:\/\/slewingbearings.com\/pt-pt\/wp-json\/wp\/v2\/comments?post=11899"}],"wp:featuredmedia":[{"embeddable":true,"href":"https:\/\/slewingbearings.com\/pt-pt\/wp-json\/wp\/v2\/media\/6407"}],"wp:attachment":[{"href":"https:\/\/slewingbearings.com\/pt-pt\/wp-json\/wp\/v2\/media?parent=11899"}],"wp:term":[{"taxonomy":"product_cat","embeddable":true,"href":"https:\/\/slewingbearings.com\/pt-pt\/wp-json\/wp\/v2\/product_cat?post=11899"},{"taxonomy":"product_tag","embeddable":true,"href":"https:\/\/slewingbearings.com\/pt-pt\/wp-json\/wp\/v2\/product_tag?post=11899"}],"curies":[{"name":"wp","href":"https:\/\/api.w.org\/{rel}","templated":true}]}}