{"id":11894,"date":"2024-01-28T01:24:16","date_gmt":"2024-01-28T01:24:16","guid":{"rendered":"https:\/\/slewingbearings.com\/product\/w-12-acionamento-da-roda-dentada\/"},"modified":"2024-01-28T01:24:16","modified_gmt":"2024-01-28T01:24:16","slug":"w-12-acionamento-da-roda-dentada","status":"publish","type":"product","link":"https:\/\/slewingbearings.com\/pt-pt\/product\/w-12-acionamento-da-roda-dentada\/","title":{"rendered":"W-12 Acionamento da roda dentada"},"content":{"rendered":"<p>W-12 Slewing Drive,O sistema de acionamento girat\u00f3rio aberto \u00e9 um sistema mec\u00e2nico com uma estrutura aberta, usado principalmente para girar equipamentos ou ferramentas na dire\u00e7\u00e3o horizontal. Ao contr\u00e1rio dos modelos fechados, os componentes mec\u00e2nicos internos dos sistemas de acionamento rotativo aberto s\u00e3o vis\u00edveis para o mundo exterior, o que proporciona algumas vantagens \u00fanicas em termos de opera\u00e7\u00e3o, manuten\u00e7\u00e3o e ensino. <\/p>\n<p>O acionamento de giro aberto \u00e9 um sistema de transmiss\u00e3o de engrenagem aberta, que tem carater\u00edsticas \u00fanicas em compara\u00e7\u00e3o com o sistema de transmiss\u00e3o fechada. Em primeiro lugar, a conce\u00e7\u00e3o aberta proporciona uma boa visibilidade, com as engrenagens internas e os componentes da transmiss\u00e3o vis\u00edveis para o observador. Isto permite que o pessoal de manuten\u00e7\u00e3o verifique facilmente o estado de funcionamento do sistema, ajuda a detetar e a resolver problemas atempadamente e melhora a conveni\u00eancia da manuten\u00e7\u00e3o.  <\/p>\n\n<table id=\"tablepress-39\" class=\"tablepress tablepress-id-39\">\n<thead>\n<tr class=\"row-1\">\n\t<th class=\"column-1\">Model<\/th><th class=\"column-2\">Output Torque<\/th><th class=\"column-3\">Tilting Moment Torque<\/th><th class=\"column-4\">Holding Torque<\/th><th class=\"column-5\">Gear Ratio<\/th><th class=\"column-6\">Tracking Precision<\/th><th class=\"column-7\">Weight<\/th><th class=\"column-8\">Drawing<\/th>\n<\/tr>\n<\/thead>\n<tbody class=\"row-striping row-hover\">\n<tr class=\"row-2\">\n\t<td class=\"column-1\">W12<\/td><td class=\"column-2\">9.5 KN.m<\/td><td class=\"column-3\">57 KN.m<\/td><td class=\"column-4\">43 KN.m<\/td><td class=\"column-5\">79:1<\/td><td class=\"column-6\">\u22640.15\u00b0<\/td><td class=\"column-7\">52kg<\/td><td class=\"column-8\"><a href=\"https:\/\/slewingbearings.com\/wp-content\/uploads\/2024\/01\/W12-Slew-Drive-catalog.pdf\"><br \/>\n<img decoding=\"async\" src=\"https:\/\/slewingbearings.com\/wp-content\/uploads\/2024\/01\/pdf.png\" width=\"30\" height=\"30\"><\/a><\/td>\n<\/tr>\n<tr class=\"row-3\">\n\t<td class=\"column-1\">W12<\/td><td class=\"column-2\">7011 lbf.ft<\/td><td class=\"column-3\">42.1\u00d710\u00b3 lbf.ft<\/td><td class=\"column-4\">32\u00d710\u00b3 lbf.ft<\/td><td class=\"column-5\">79:1<\/td><td class=\"column-6\">\u22640.15\u00b0<\/td><td class=\"column-7\">52kg<\/td><td class=\"column-8\"><a href=\"https:\/\/slewingbearings.com\/wp-content\/uploads\/2024\/01\/W12-Slew-Drive-catalog.pdf\"><br \/>\n<img decoding=\"async\" src=\"https:\/\/slewingbearings.com\/wp-content\/uploads\/2024\/01\/pdf.png\" width=\"30\" height=\"30\"><\/a><\/td>\n<\/tr>\n<\/tbody>\n<\/table>\n<!-- #tablepress-39 from cache -->\n","protected":false},"excerpt":{"rendered":"<p>Al\u00e9m disso, os variadores de velocidade abertos s\u00e3o relativamente econ\u00f3micos. A conce\u00e7\u00e3o relativamente simples e os custos de fabrico e de instala\u00e7\u00e3o relativamente baixos tornam os modelos de tipo aberto mais competitivos em algumas aplica\u00e7\u00f5es sens\u00edveis aos custos. <\/p>\n<p>No entanto, deve notar-se que o design aberto pode ser mais adequado para algumas ocasi\u00f5es que n\u00e3o t\u00eam requisitos ambientais rigorosos, porque \u00e9 relativamente sens\u00edvel ao ambiente externo e pode ser facilmente contaminado. Ao selecionar o tipo de variador de velocidade, \u00e9 necess\u00e1rio fazer concess\u00f5es e considera\u00e7\u00f5es com base em cen\u00e1rios e necessidades de aplica\u00e7\u00e3o espec\u00edficos. <\/p>\n<p>Al\u00e9m disso, os sistemas abertos tamb\u00e9m desempenham um papel importante na investiga\u00e7\u00e3o e desenvolvimento. Os investigadores precisam frequentemente de observar e depurar sistemas mec\u00e2nicos em tempo real e a visibilidade \u00e9 um fator chave. O design aberto proporciona-lhes um meio de observa\u00e7\u00e3o mais intuitivo, ajudando a identificar rapidamente os problemas e a otimizar o design.  <\/p>\n","protected":false},"featured_media":6416,"comment_status":"open","ping_status":"closed","template":"","meta":{"content-type":""},"product_cat":[571,328],"product_tag":[639],"class_list":{"0":"post-11894","1":"product","2":"type-product","3":"status-publish","4":"has-post-thumbnail","6":"product_cat-w-unidade-giratoria","7":"product_cat-slew-drive-pt-pt","8":"product_tag-w12-unidade-de-giro","10":"first","11":"instock","12":"shipping-taxable","13":"product-type-simple"},"yoast_head":"<!-- This site is optimized with the Yoast SEO plugin v21.7 - https:\/\/yoast.com\/wordpress\/plugins\/seo\/ -->\n<title>W-12 Acionamento da roda dentada - ZZ Group<\/title>\n<meta name=\"description\" content=\"W-12 slew drive aberto slewy drive geralmente refere-se a um sistema de acionamento rotativo de estrutura aberta, que \u00e9 usado para realizar a rota\u00e7\u00e3o horizontal do equipamento.\" \/>\n<meta name=\"robots\" content=\"index, follow, max-snippet:-1, max-image-preview:large, max-video-preview:-1\" \/>\n<link rel=\"canonical\" href=\"https:\/\/slewingbearings.com\/pt-pt\/product\/w-12-acionamento-da-roda-dentada\/\" \/>\n<meta property=\"og:locale\" content=\"pt_PT\" \/>\n<meta property=\"og:type\" content=\"article\" \/>\n<meta property=\"og:title\" content=\"W-12 Acionamento da roda dentada - ZZ Group\" \/>\n<meta property=\"og:description\" content=\"W-12 slew drive aberto slewy drive geralmente refere-se a um sistema de acionamento rotativo de estrutura aberta, que \u00e9 usado para realizar a rota\u00e7\u00e3o horizontal do equipamento.\" \/>\n<meta property=\"og:url\" content=\"https:\/\/slewingbearings.com\/pt-pt\/product\/w-12-acionamento-da-roda-dentada\/\" \/>\n<meta property=\"og:site_name\" content=\"ZZ Group\" \/>\n<meta property=\"og:image\" content=\"https:\/\/slewingbearings.com\/wp-content\/uploads\/2024\/01\/w12-slew-drive.jpg\" \/>\n\t<meta property=\"og:image:width\" content=\"500\" \/>\n\t<meta property=\"og:image:height\" content=\"500\" \/>\n\t<meta property=\"og:image:type\" content=\"image\/jpeg\" \/>\n<meta name=\"twitter:card\" content=\"summary_large_image\" \/>\n<meta name=\"twitter:label1\" content=\"Tempo estimado de leitura\" \/>\n\t<meta name=\"twitter:data1\" content=\"1 minuto\" \/>\n<script type=\"application\/ld+json\" class=\"yoast-schema-graph\">{\"@context\":\"https:\/\/schema.org\",\"@graph\":[{\"@type\":\"WebPage\",\"@id\":\"https:\/\/slewingbearings.com\/pt-pt\/product\/w-12-acionamento-da-roda-dentada\/\",\"url\":\"https:\/\/slewingbearings.com\/pt-pt\/product\/w-12-acionamento-da-roda-dentada\/\",\"name\":\"W-12 Acionamento da roda dentada - ZZ Group\",\"isPartOf\":{\"@id\":\"https:\/\/slewingbearings.com\/#website\"},\"datePublished\":\"2024-01-28T01:24:16+00:00\",\"dateModified\":\"2024-01-28T01:24:16+00:00\",\"description\":\"W-12 slew drive aberto slewy drive geralmente refere-se a um sistema de acionamento rotativo de estrutura aberta, que \u00e9 usado para realizar a rota\u00e7\u00e3o horizontal do equipamento.\",\"breadcrumb\":{\"@id\":\"https:\/\/slewingbearings.com\/pt-pt\/product\/w-12-acionamento-da-roda-dentada\/#breadcrumb\"},\"inLanguage\":\"pt-PT\",\"potentialAction\":[{\"@type\":\"ReadAction\",\"target\":[\"https:\/\/slewingbearings.com\/pt-pt\/product\/w-12-acionamento-da-roda-dentada\/\"]}]},{\"@type\":\"BreadcrumbList\",\"@id\":\"https:\/\/slewingbearings.com\/pt-pt\/product\/w-12-acionamento-da-roda-dentada\/#breadcrumb\",\"itemListElement\":[{\"@type\":\"ListItem\",\"position\":1,\"name\":\"Home\",\"item\":\"https:\/\/slewingbearings.com\/pt-pt\/rolamento-de-giro-acionamento-de-giro\/\"},{\"@type\":\"ListItem\",\"position\":2,\"name\":\"Shop\",\"item\":\"https:\/\/slewingbearings.com\/shop\/\"},{\"@type\":\"ListItem\",\"position\":3,\"name\":\"W-12 Acionamento da roda dentada\"}]},{\"@type\":\"WebSite\",\"@id\":\"https:\/\/slewingbearings.com\/#website\",\"url\":\"https:\/\/slewingbearings.com\/\",\"name\":\"ZZ Group\",\"description\":\"Leading Slewing Bearings in China\",\"potentialAction\":[{\"@type\":\"SearchAction\",\"target\":{\"@type\":\"EntryPoint\",\"urlTemplate\":\"https:\/\/slewingbearings.com\/?s={search_term_string}\"},\"query-input\":\"required name=search_term_string\"}],\"inLanguage\":\"pt-PT\"}]}<\/script>\n<!-- \/ Yoast SEO plugin. -->","yoast_head_json":{"title":"W-12 Acionamento da roda dentada - ZZ Group","description":"W-12 slew drive aberto slewy drive geralmente refere-se a um sistema de acionamento rotativo de estrutura aberta, que \u00e9 usado para realizar a rota\u00e7\u00e3o horizontal do equipamento.","robots":{"index":"index","follow":"follow","max-snippet":"max-snippet:-1","max-image-preview":"max-image-preview:large","max-video-preview":"max-video-preview:-1"},"canonical":"https:\/\/slewingbearings.com\/pt-pt\/product\/w-12-acionamento-da-roda-dentada\/","og_locale":"pt_PT","og_type":"article","og_title":"W-12 Acionamento da roda dentada - ZZ Group","og_description":"W-12 slew drive aberto slewy drive geralmente refere-se a um sistema de acionamento rotativo de estrutura aberta, que \u00e9 usado para realizar a rota\u00e7\u00e3o horizontal do equipamento.","og_url":"https:\/\/slewingbearings.com\/pt-pt\/product\/w-12-acionamento-da-roda-dentada\/","og_site_name":"ZZ Group","og_image":[{"width":500,"height":500,"url":"https:\/\/slewingbearings.com\/wp-content\/uploads\/2024\/01\/w12-slew-drive.jpg","type":"image\/jpeg"}],"twitter_card":"summary_large_image","twitter_misc":{"Tempo estimado de leitura":"1 minuto"},"schema":{"@context":"https:\/\/schema.org","@graph":[{"@type":"WebPage","@id":"https:\/\/slewingbearings.com\/pt-pt\/product\/w-12-acionamento-da-roda-dentada\/","url":"https:\/\/slewingbearings.com\/pt-pt\/product\/w-12-acionamento-da-roda-dentada\/","name":"W-12 Acionamento da roda dentada - ZZ Group","isPartOf":{"@id":"https:\/\/slewingbearings.com\/#website"},"datePublished":"2024-01-28T01:24:16+00:00","dateModified":"2024-01-28T01:24:16+00:00","description":"W-12 slew drive aberto slewy drive geralmente refere-se a um sistema de acionamento rotativo de estrutura aberta, que \u00e9 usado para realizar a rota\u00e7\u00e3o horizontal do equipamento.","breadcrumb":{"@id":"https:\/\/slewingbearings.com\/pt-pt\/product\/w-12-acionamento-da-roda-dentada\/#breadcrumb"},"inLanguage":"pt-PT","potentialAction":[{"@type":"ReadAction","target":["https:\/\/slewingbearings.com\/pt-pt\/product\/w-12-acionamento-da-roda-dentada\/"]}]},{"@type":"BreadcrumbList","@id":"https:\/\/slewingbearings.com\/pt-pt\/product\/w-12-acionamento-da-roda-dentada\/#breadcrumb","itemListElement":[{"@type":"ListItem","position":1,"name":"Home","item":"https:\/\/slewingbearings.com\/pt-pt\/rolamento-de-giro-acionamento-de-giro\/"},{"@type":"ListItem","position":2,"name":"Shop","item":"https:\/\/slewingbearings.com\/shop\/"},{"@type":"ListItem","position":3,"name":"W-12 Acionamento da roda dentada"}]},{"@type":"WebSite","@id":"https:\/\/slewingbearings.com\/#website","url":"https:\/\/slewingbearings.com\/","name":"ZZ Group","description":"Leading Slewing Bearings in China","potentialAction":[{"@type":"SearchAction","target":{"@type":"EntryPoint","urlTemplate":"https:\/\/slewingbearings.com\/?s={search_term_string}"},"query-input":"required name=search_term_string"}],"inLanguage":"pt-PT"}]}},"_links":{"self":[{"href":"https:\/\/slewingbearings.com\/pt-pt\/wp-json\/wp\/v2\/product\/11894","targetHints":{"allow":["GET"]}}],"collection":[{"href":"https:\/\/slewingbearings.com\/pt-pt\/wp-json\/wp\/v2\/product"}],"about":[{"href":"https:\/\/slewingbearings.com\/pt-pt\/wp-json\/wp\/v2\/types\/product"}],"replies":[{"embeddable":true,"href":"https:\/\/slewingbearings.com\/pt-pt\/wp-json\/wp\/v2\/comments?post=11894"}],"wp:featuredmedia":[{"embeddable":true,"href":"https:\/\/slewingbearings.com\/pt-pt\/wp-json\/wp\/v2\/media\/6416"}],"wp:attachment":[{"href":"https:\/\/slewingbearings.com\/pt-pt\/wp-json\/wp\/v2\/media?parent=11894"}],"wp:term":[{"taxonomy":"product_cat","embeddable":true,"href":"https:\/\/slewingbearings.com\/pt-pt\/wp-json\/wp\/v2\/product_cat?post=11894"},{"taxonomy":"product_tag","embeddable":true,"href":"https:\/\/slewingbearings.com\/pt-pt\/wp-json\/wp\/v2\/product_tag?post=11894"}],"curies":[{"name":"wp","href":"https:\/\/api.w.org\/{rel}","templated":true}]}}