{"id":11883,"date":"2024-01-21T00:40:00","date_gmt":"2024-01-21T00:40:00","guid":{"rendered":"https:\/\/slewingbearings.com\/product\/acionamento-giratorio-sea-14\/"},"modified":"2024-01-21T00:40:00","modified_gmt":"2024-01-21T00:40:00","slug":"acionamento-giratorio-sea-14","status":"publish","type":"product","link":"https:\/\/slewingbearings.com\/pt-pt\/product\/acionamento-giratorio-sea-14\/","title":{"rendered":"Acionamento girat\u00f3rio SEA-14"},"content":{"rendered":"<p>Os sistemas de transmiss\u00e3o em m\u00e1quinas agr\u00edcolas s\u00e3o frequentemente utilizados para proporcionar a capacidade de rodar equipamento ou ferramentas na dire\u00e7\u00e3o horizontal. Esta conce\u00e7\u00e3o pode aumentar a flexibilidade da maquinaria agr\u00edcola, facilitando a adapta\u00e7\u00e3o a diferentes ambientes de trabalho e tarefas. Eis algumas carater\u00edsticas comuns dos accionamentos oscilantes das m\u00e1quinas agr\u00edcolas:  <\/p>\n<ul>\n<li>Capacidade de rota\u00e7\u00e3o de 360 graus: Permite que o equipamento rode completamente na horizontal, proporcionando uma maior amplitude de trabalho e reduzindo a frequ\u00eancia da necessidade de desloca\u00e7\u00e3o de todo o equipamento mec\u00e2nico.<\/li>\n<li>Posicionamento preciso: Os sistemas de acionamento rotativo s\u00e3o normalmente concebidos para posicionar o equipamento com precis\u00e3o, permitindo aos operadores colocar facilmente as ferramentas ou o equipamento onde s\u00e3o necess\u00e1rios.<\/li>\n<li>Aumento da efici\u00eancia: Com as m\u00e1quinas agr\u00edcolas com transmiss\u00e3o girat\u00f3ria, os operadores podem ajustar a sua posi\u00e7\u00e3o de trabalho mais rapidamente, aumentando assim a efici\u00eancia do trabalho.<\/li>\n<\/ul>\n\n<table id=\"tablepress-27\" class=\"tablepress tablepress-id-27\">\n<thead>\n<tr class=\"row-1\">\n\t<th class=\"column-1\">Model<\/th><th class=\"column-2\">Output Torque<\/th><th class=\"column-3\">Tilting Moment Torque<\/th><th class=\"column-4\">Holding Torque<\/th><th class=\"column-5\">Gear Ratio<\/th><th class=\"column-6\">Tracking Precision<\/th><th class=\"column-7\">Weight<\/th><th class=\"column-8\">Drawing<\/th>\n<\/tr>\n<\/thead>\n<tbody class=\"row-striping row-hover\">\n<tr class=\"row-2\">\n\t<td class=\"column-1\">SEA14<\/td><td class=\"column-2\">8 KN.m<\/td><td class=\"column-3\">67.8 KN.m<\/td><td class=\"column-4\">48 KN.m<\/td><td class=\"column-5\">85:1<\/td><td class=\"column-6\">\u22640.17\u00b0<\/td><td class=\"column-7\">64kg<\/td><td class=\"column-8\"><a href=\"https:\/\/slewingbearings.com\/wp-content\/uploads\/2024\/01\/SEA14-Slew-Drive-catalog.pdf\"><br \/>\n<img decoding=\"async\" src=\"https:\/\/slewingbearings.com\/wp-content\/uploads\/2024\/01\/pdf.png\" width=\"30\" height=\"30\"><\/a><\/td>\n<\/tr>\n<tr class=\"row-3\">\n\t<td class=\"column-1\">SEA14<\/td><td class=\"column-2\">5900 lbf.ft<\/td><td class=\"column-3\">50\u00d710\u00b3 lbf.ft<\/td><td class=\"column-4\">35\u00d710\u00b3 lbf.ft<\/td><td class=\"column-5\">85:1<\/td><td class=\"column-6\">\u22640.17\u00b0<\/td><td class=\"column-7\">64kg<\/td><td class=\"column-8\"><a href=\"https:\/\/slewingbearings.com\/wp-content\/uploads\/2024\/01\/SEA14-Slew-Drive-catalog.pdf\"><br \/>\n<img decoding=\"async\" src=\"https:\/\/slewingbearings.com\/wp-content\/uploads\/2024\/01\/pdf.png\" width=\"30\" height=\"30\"><\/a><\/td>\n<\/tr>\n<tr class=\"row-4\">\n\t<td class=\"column-1\">PEA14<\/td><td class=\"column-2\">8 KN.m<\/td><td class=\"column-3\">67.8 KN.m<\/td><td class=\"column-4\">48 KN.m<\/td><td class=\"column-5\">85:1<\/td><td class=\"column-6\">\u22640.09\u00b0<\/td><td class=\"column-7\">64kg<\/td><td class=\"column-8\"><a href=\"https:\/\/slewingbearings.com\/wp-content\/uploads\/2024\/01\/SEA14-Slew-Drive-catalog.pdf\"><br \/>\n<img decoding=\"async\" src=\"https:\/\/slewingbearings.com\/wp-content\/uploads\/2024\/01\/pdf.png\" width=\"30\" height=\"30\"><\/a><\/td>\n<\/tr>\n<tr class=\"row-5\">\n\t<td class=\"column-1\">PEA14<\/td><td class=\"column-2\">5900 lbf.ft<\/td><td class=\"column-3\">50\u00d710\u00b3 lbf.ft<\/td><td class=\"column-4\">35\u00d710\u00b3 lbf.ft<\/td><td class=\"column-5\">85:1<\/td><td class=\"column-6\">\u22640.09\u00b0<\/td><td class=\"column-7\">64kg<\/td><td class=\"column-8\"><a href=\"https:\/\/slewingbearings.com\/wp-content\/uploads\/2024\/01\/SEA14-Slew-Drive-catalog.pdf\"><br \/>\n<img decoding=\"async\" src=\"https:\/\/slewingbearings.com\/wp-content\/uploads\/2024\/01\/pdf.png\" width=\"30\" height=\"30\"><\/a><\/td>\n<\/tr>\n<\/tbody>\n<\/table>\n<!-- #tablepress-27 from cache -->\n","protected":false},"excerpt":{"rendered":"<p>O slew drive da s\u00e9rie SEA \u00e9 um sistema mec\u00e2nico fundamental cuja principal fun\u00e7\u00e3o \u00e9 permitir que o equipamento rode 360 graus na dire\u00e7\u00e3o horizontal. Esta tecnologia caracteriza-se pela sua extrema flexibilidade e adaptabilidade, permitindo que as m\u00e1quinas e equipamentos se adaptem a diferentes ind\u00fastrias e ambientes de trabalho. A capacidade de posicionamento preciso do sistema de transmiss\u00e3o por coroa rotativa permite que o equipamento permane\u00e7a exatamente na posi\u00e7\u00e3o requerida e realize v\u00e1rias tarefas de trabalho delicadas.  <\/p>\n","protected":false},"featured_media":6182,"comment_status":"open","ping_status":"closed","template":"","meta":{"content-type":""},"product_cat":[598,328],"product_tag":[628],"class_list":{"0":"post-11883","1":"product","2":"type-product","3":"status-publish","4":"has-post-thumbnail","6":"product_cat-unidade-de-arrasto-sea-pea","7":"product_cat-slew-drive-pt-pt","8":"product_tag-sea14-coroa-de-giro-drive","10":"first","11":"instock","12":"shipping-taxable","13":"product-type-simple"},"yoast_head":"<!-- This site is optimized with the Yoast SEO plugin v21.7 - https:\/\/yoast.com\/wordpress\/plugins\/seo\/ -->\n<title>Acionamento girat\u00f3rio SEA-14 - ZZ Group<\/title>\n<meta name=\"description\" content=\"Um Sea14 coroa de giro \u00e9 um equipamento de engenharia normalmente concebido para rodar um objeto ou sistema numa dire\u00e7\u00e3o horizontal ou vertical.\" \/>\n<meta name=\"robots\" content=\"index, follow, max-snippet:-1, max-image-preview:large, max-video-preview:-1\" \/>\n<link rel=\"canonical\" href=\"https:\/\/slewingbearings.com\/pt-pt\/product\/acionamento-giratorio-sea-14\/\" \/>\n<meta property=\"og:locale\" content=\"pt_PT\" \/>\n<meta property=\"og:type\" content=\"article\" \/>\n<meta property=\"og:title\" content=\"Acionamento girat\u00f3rio SEA-14 - ZZ Group\" \/>\n<meta property=\"og:description\" content=\"Um Sea14 coroa de giro \u00e9 um equipamento de engenharia normalmente concebido para rodar um objeto ou sistema numa dire\u00e7\u00e3o horizontal ou vertical.\" \/>\n<meta property=\"og:url\" content=\"https:\/\/slewingbearings.com\/pt-pt\/product\/acionamento-giratorio-sea-14\/\" \/>\n<meta property=\"og:site_name\" content=\"ZZ Group\" \/>\n<meta property=\"og:image\" content=\"https:\/\/slewingbearings.com\/wp-content\/uploads\/2024\/01\/sea14-slew-drive.jpg\" \/>\n\t<meta property=\"og:image:width\" content=\"500\" \/>\n\t<meta property=\"og:image:height\" content=\"500\" \/>\n\t<meta property=\"og:image:type\" content=\"image\/jpeg\" \/>\n<meta name=\"twitter:card\" content=\"summary_large_image\" \/>\n<meta name=\"twitter:label1\" content=\"Tempo estimado de leitura\" \/>\n\t<meta name=\"twitter:data1\" content=\"1 minuto\" \/>\n<script type=\"application\/ld+json\" class=\"yoast-schema-graph\">{\"@context\":\"https:\/\/schema.org\",\"@graph\":[{\"@type\":\"WebPage\",\"@id\":\"https:\/\/slewingbearings.com\/pt-pt\/product\/acionamento-giratorio-sea-14\/\",\"url\":\"https:\/\/slewingbearings.com\/pt-pt\/product\/acionamento-giratorio-sea-14\/\",\"name\":\"Acionamento girat\u00f3rio SEA-14 - ZZ Group\",\"isPartOf\":{\"@id\":\"https:\/\/slewingbearings.com\/#website\"},\"datePublished\":\"2024-01-21T00:40:00+00:00\",\"dateModified\":\"2024-01-21T00:40:00+00:00\",\"description\":\"Um Sea14 coroa de giro \u00e9 um equipamento de engenharia normalmente concebido para rodar um objeto ou sistema numa dire\u00e7\u00e3o horizontal ou vertical.\",\"breadcrumb\":{\"@id\":\"https:\/\/slewingbearings.com\/pt-pt\/product\/acionamento-giratorio-sea-14\/#breadcrumb\"},\"inLanguage\":\"pt-PT\",\"potentialAction\":[{\"@type\":\"ReadAction\",\"target\":[\"https:\/\/slewingbearings.com\/pt-pt\/product\/acionamento-giratorio-sea-14\/\"]}]},{\"@type\":\"BreadcrumbList\",\"@id\":\"https:\/\/slewingbearings.com\/pt-pt\/product\/acionamento-giratorio-sea-14\/#breadcrumb\",\"itemListElement\":[{\"@type\":\"ListItem\",\"position\":1,\"name\":\"Home\",\"item\":\"https:\/\/slewingbearings.com\/pt-pt\/rolamento-de-giro-acionamento-de-giro\/\"},{\"@type\":\"ListItem\",\"position\":2,\"name\":\"Shop\",\"item\":\"https:\/\/slewingbearings.com\/shop\/\"},{\"@type\":\"ListItem\",\"position\":3,\"name\":\"Acionamento girat\u00f3rio SEA-14\"}]},{\"@type\":\"WebSite\",\"@id\":\"https:\/\/slewingbearings.com\/#website\",\"url\":\"https:\/\/slewingbearings.com\/\",\"name\":\"ZZ Group\",\"description\":\"Leading Slewing Bearings in China\",\"potentialAction\":[{\"@type\":\"SearchAction\",\"target\":{\"@type\":\"EntryPoint\",\"urlTemplate\":\"https:\/\/slewingbearings.com\/?s={search_term_string}\"},\"query-input\":\"required name=search_term_string\"}],\"inLanguage\":\"pt-PT\"}]}<\/script>\n<!-- \/ Yoast SEO plugin. -->","yoast_head_json":{"title":"Acionamento girat\u00f3rio SEA-14 - ZZ Group","description":"Um Sea14 coroa de giro \u00e9 um equipamento de engenharia normalmente concebido para rodar um objeto ou sistema numa dire\u00e7\u00e3o horizontal ou vertical.","robots":{"index":"index","follow":"follow","max-snippet":"max-snippet:-1","max-image-preview":"max-image-preview:large","max-video-preview":"max-video-preview:-1"},"canonical":"https:\/\/slewingbearings.com\/pt-pt\/product\/acionamento-giratorio-sea-14\/","og_locale":"pt_PT","og_type":"article","og_title":"Acionamento girat\u00f3rio SEA-14 - ZZ Group","og_description":"Um Sea14 coroa de giro \u00e9 um equipamento de engenharia normalmente concebido para rodar um objeto ou sistema numa dire\u00e7\u00e3o horizontal ou vertical.","og_url":"https:\/\/slewingbearings.com\/pt-pt\/product\/acionamento-giratorio-sea-14\/","og_site_name":"ZZ Group","og_image":[{"width":500,"height":500,"url":"https:\/\/slewingbearings.com\/wp-content\/uploads\/2024\/01\/sea14-slew-drive.jpg","type":"image\/jpeg"}],"twitter_card":"summary_large_image","twitter_misc":{"Tempo estimado de leitura":"1 minuto"},"schema":{"@context":"https:\/\/schema.org","@graph":[{"@type":"WebPage","@id":"https:\/\/slewingbearings.com\/pt-pt\/product\/acionamento-giratorio-sea-14\/","url":"https:\/\/slewingbearings.com\/pt-pt\/product\/acionamento-giratorio-sea-14\/","name":"Acionamento girat\u00f3rio SEA-14 - ZZ Group","isPartOf":{"@id":"https:\/\/slewingbearings.com\/#website"},"datePublished":"2024-01-21T00:40:00+00:00","dateModified":"2024-01-21T00:40:00+00:00","description":"Um Sea14 coroa de giro \u00e9 um equipamento de engenharia normalmente concebido para rodar um objeto ou sistema numa dire\u00e7\u00e3o horizontal ou vertical.","breadcrumb":{"@id":"https:\/\/slewingbearings.com\/pt-pt\/product\/acionamento-giratorio-sea-14\/#breadcrumb"},"inLanguage":"pt-PT","potentialAction":[{"@type":"ReadAction","target":["https:\/\/slewingbearings.com\/pt-pt\/product\/acionamento-giratorio-sea-14\/"]}]},{"@type":"BreadcrumbList","@id":"https:\/\/slewingbearings.com\/pt-pt\/product\/acionamento-giratorio-sea-14\/#breadcrumb","itemListElement":[{"@type":"ListItem","position":1,"name":"Home","item":"https:\/\/slewingbearings.com\/pt-pt\/rolamento-de-giro-acionamento-de-giro\/"},{"@type":"ListItem","position":2,"name":"Shop","item":"https:\/\/slewingbearings.com\/shop\/"},{"@type":"ListItem","position":3,"name":"Acionamento girat\u00f3rio SEA-14"}]},{"@type":"WebSite","@id":"https:\/\/slewingbearings.com\/#website","url":"https:\/\/slewingbearings.com\/","name":"ZZ Group","description":"Leading Slewing Bearings in China","potentialAction":[{"@type":"SearchAction","target":{"@type":"EntryPoint","urlTemplate":"https:\/\/slewingbearings.com\/?s={search_term_string}"},"query-input":"required name=search_term_string"}],"inLanguage":"pt-PT"}]}},"_links":{"self":[{"href":"https:\/\/slewingbearings.com\/pt-pt\/wp-json\/wp\/v2\/product\/11883","targetHints":{"allow":["GET"]}}],"collection":[{"href":"https:\/\/slewingbearings.com\/pt-pt\/wp-json\/wp\/v2\/product"}],"about":[{"href":"https:\/\/slewingbearings.com\/pt-pt\/wp-json\/wp\/v2\/types\/product"}],"replies":[{"embeddable":true,"href":"https:\/\/slewingbearings.com\/pt-pt\/wp-json\/wp\/v2\/comments?post=11883"}],"wp:featuredmedia":[{"embeddable":true,"href":"https:\/\/slewingbearings.com\/pt-pt\/wp-json\/wp\/v2\/media\/6182"}],"wp:attachment":[{"href":"https:\/\/slewingbearings.com\/pt-pt\/wp-json\/wp\/v2\/media?parent=11883"}],"wp:term":[{"taxonomy":"product_cat","embeddable":true,"href":"https:\/\/slewingbearings.com\/pt-pt\/wp-json\/wp\/v2\/product_cat?post=11883"},{"taxonomy":"product_tag","embeddable":true,"href":"https:\/\/slewingbearings.com\/pt-pt\/wp-json\/wp\/v2\/product_tag?post=11883"}],"curies":[{"name":"wp","href":"https:\/\/api.w.org\/{rel}","templated":true}]}}