{"id":11830,"date":"2024-01-21T00:25:27","date_gmt":"2024-01-21T00:25:27","guid":{"rendered":"https:\/\/slewingbearings.com\/product\/acionamento-giratorio-sea-9\/"},"modified":"2024-01-21T00:25:27","modified_gmt":"2024-01-21T00:25:27","slug":"acionamento-giratorio-sea-9","status":"publish","type":"product","link":"https:\/\/slewingbearings.com\/pt-pt\/product\/acionamento-giratorio-sea-9\/","title":{"rendered":"Acionamento girat\u00f3rio SEA-9"},"content":{"rendered":"<p>Os sistemas de transmiss\u00e3o em m\u00e1quinas agr\u00edcolas s\u00e3o frequentemente utilizados para proporcionar a capacidade de rodar equipamento ou ferramentas na dire\u00e7\u00e3o horizontal. Esta conce\u00e7\u00e3o pode aumentar a flexibilidade da maquinaria agr\u00edcola, facilitando a adapta\u00e7\u00e3o a diferentes ambientes de trabalho e tarefas. Eis algumas carater\u00edsticas comuns dos accionamentos oscilantes das m\u00e1quinas agr\u00edcolas:  <\/p>\n<ul>\n<li>Capacidade de rota\u00e7\u00e3o de 360 graus: Permite que o equipamento rode completamente na horizontal, proporcionando uma maior amplitude de trabalho e reduzindo a frequ\u00eancia da necessidade de desloca\u00e7\u00e3o de todo o equipamento mec\u00e2nico.<\/li>\n<li>Posicionamento preciso: Os sistemas de acionamento rotativo s\u00e3o normalmente concebidos para posicionar o equipamento com precis\u00e3o, permitindo aos operadores colocar facilmente as ferramentas ou o equipamento onde s\u00e3o necess\u00e1rios.<\/li>\n<li>Aumento da efici\u00eancia: Com as m\u00e1quinas agr\u00edcolas com transmiss\u00e3o girat\u00f3ria, os operadores podem ajustar a sua posi\u00e7\u00e3o de trabalho mais rapidamente, aumentando assim a efici\u00eancia do trabalho.<\/li>\n<\/ul>\n\n<table id=\"tablepress-25\" class=\"tablepress tablepress-id-25\">\n<thead>\n<tr class=\"row-1\">\n\t<th class=\"column-1\">Model<\/th><th class=\"column-2\">Output Torque<\/th><th class=\"column-3\">Tilting Moment Torque<\/th><th class=\"column-4\">Holding Torque<\/th><th class=\"column-5\">Gear Ratio<\/th><th class=\"column-6\">Tracking Precision<\/th><th class=\"column-7\">Weight<\/th><th class=\"column-8\">Drawing<\/th>\n<\/tr>\n<\/thead>\n<tbody class=\"row-striping row-hover\">\n<tr class=\"row-2\">\n\t<td class=\"column-1\">SEA9<\/td><td class=\"column-2\">6.5 KN.m<\/td><td class=\"column-3\">33.9 KN.m<\/td><td class=\"column-4\">34.5 KN.m<\/td><td class=\"column-5\">61:1<\/td><td class=\"column-6\">\u22640.17\u00b0<\/td><td class=\"column-7\">48kg<\/td><td class=\"column-8\"><a href=\"https:\/\/slewingbearings.com\/wp-content\/uploads\/2024\/01\/SEA9-Slew-Drive-catalog.pdf\"><br \/>\n<img decoding=\"async\" src=\"https:\/\/slewingbearings.com\/wp-content\/uploads\/2024\/01\/pdf.png\" width=\"30\" height=\"30\"><\/a><\/td>\n<\/tr>\n<tr class=\"row-3\">\n\t<td class=\"column-1\">SEA9<\/td><td class=\"column-2\">4794 lbf.ft<\/td><td class=\"column-3\">25\u00d710\u00b3 lbf.ft<\/td><td class=\"column-4\">25.5\u00d710\u00b3 lbf.ft<\/td><td class=\"column-5\">61:1<\/td><td class=\"column-6\">\u22640.17\u00b0<\/td><td class=\"column-7\">48kg<\/td><td class=\"column-8\"><a href=\"https:\/\/slewingbearings.com\/wp-content\/uploads\/2024\/01\/SEA9-Slew-Drive-catalog.pdf\"><br \/>\n<img decoding=\"async\" src=\"https:\/\/slewingbearings.com\/wp-content\/uploads\/2024\/01\/pdf.png\" width=\"30\" height=\"30\"><\/a><\/td>\n<\/tr>\n<tr class=\"row-4\">\n\t<td class=\"column-1\">PEA9<\/td><td class=\"column-2\">6.5 KN.m<\/td><td class=\"column-3\">33.9 KN.m<\/td><td class=\"column-4\">34.5 KN.m<\/td><td class=\"column-5\">61:1<\/td><td class=\"column-6\">\u22640.09\u00b0<\/td><td class=\"column-7\">48kg<\/td><td class=\"column-8\"><a href=\"https:\/\/slewingbearings.com\/wp-content\/uploads\/2024\/01\/SEA9-Slew-Drive-catalog.pdf\"><br \/>\n<img decoding=\"async\" src=\"https:\/\/slewingbearings.com\/wp-content\/uploads\/2024\/01\/pdf.png\" width=\"30\" height=\"30\"><\/a><\/td>\n<\/tr>\n<tr class=\"row-5\">\n\t<td class=\"column-1\">PEA9<\/td><td class=\"column-2\">4794 lbf.ft<\/td><td class=\"column-3\">25\u00d710\u00b3 lbf.ft<\/td><td class=\"column-4\">25.5\u00d710\u00b3 lbf.ft<\/td><td class=\"column-5\">61:1<\/td><td class=\"column-6\">\u22640.09\u00b0<\/td><td class=\"column-7\">48kg<\/td><td class=\"column-8\"><a href=\"https:\/\/slewingbearings.com\/wp-content\/uploads\/2024\/01\/SEA9-Slew-Drive-catalog.pdf\"><br \/>\n<img decoding=\"async\" src=\"https:\/\/slewingbearings.com\/wp-content\/uploads\/2024\/01\/pdf.png\" width=\"30\" height=\"30\"><\/a><\/td>\n<\/tr>\n<\/tbody>\n<\/table>\n<!-- #tablepress-25 from cache -->\n","protected":false},"excerpt":{"rendered":"<p>&nbsp;<\/p>\n<p>O dispositivo de acionamento girat\u00f3rio da s\u00e9rie SEA integra inteligentemente componentes como o eixo vertical, o acionamento el\u00e9trico, o sistema de transmiss\u00e3o, o sistema de controlo e o dispositivo de seguran\u00e7a atrav\u00e9s de um design estrutural razo\u00e1vel, proporcionando uma solu\u00e7\u00e3o eficiente, control\u00e1vel e segura para a rota\u00e7\u00e3o na dire\u00e7\u00e3o vertical. <\/p>\n<p>O conversor de frequ\u00eancia totalmente fechado da s\u00e9rie SEA refere-se normalmente a um mecanismo rotativo que est\u00e1 completamente fechado no ambiente externo. Os principais componentes do mecanismo est\u00e3o protegidos e n\u00e3o s\u00e3o suscept\u00edveis a factores externos, como poeira, humidade, corros\u00e3o, etc. Esta conce\u00e7\u00e3o \u00e9 comum numa variedade de aplica\u00e7\u00f5es industriais e mec\u00e2nicas, incluindo constru\u00e7\u00e3o, explora\u00e7\u00e3o mineira, agricultura, equipamento portu\u00e1rio, etc.  <\/p>\n","protected":false},"featured_media":6164,"comment_status":"open","ping_status":"closed","template":"","meta":{"content-type":""},"product_cat":[598,328],"product_tag":[599],"class_list":{"0":"post-11830","1":"product","2":"type-product","3":"status-publish","4":"has-post-thumbnail","6":"product_cat-unidade-de-arrasto-sea-pea","7":"product_cat-slew-drive-pt-pt","8":"product_tag-sea9-coroa-de-giro","10":"first","11":"instock","12":"shipping-taxable","13":"product-type-simple"},"yoast_head":"<!-- This site is optimized with the Yoast SEO plugin v21.7 - https:\/\/yoast.com\/wordpress\/plugins\/seo\/ -->\n<title>Acionamento girat\u00f3rio SEA-9 - ZZ Group<\/title>\n<meta name=\"description\" content=\"Um Sea9 coroa de giro \u00e9 um equipamento de engenharia normalmente concebido para rodar um objeto ou sistema numa dire\u00e7\u00e3o horizontal ou vertical.\" \/>\n<meta name=\"robots\" content=\"index, follow, max-snippet:-1, max-image-preview:large, max-video-preview:-1\" \/>\n<link rel=\"canonical\" href=\"https:\/\/slewingbearings.com\/product\/sea-9-slew-drive\/\" \/>\n<meta property=\"og:locale\" content=\"pt_PT\" \/>\n<meta property=\"og:type\" content=\"article\" \/>\n<meta property=\"og:title\" content=\"Acionamento girat\u00f3rio SEA-9 - ZZ Group\" \/>\n<meta property=\"og:description\" content=\"Um Sea9 coroa de giro \u00e9 um equipamento de engenharia normalmente concebido para rodar um objeto ou sistema numa dire\u00e7\u00e3o horizontal ou vertical.\" \/>\n<meta property=\"og:url\" content=\"https:\/\/slewingbearings.com\/product\/sea-9-slew-drive\/\" \/>\n<meta property=\"og:site_name\" content=\"ZZ Group\" \/>\n<meta property=\"og:image\" content=\"https:\/\/slewingbearings.com\/wp-content\/uploads\/2024\/01\/sea9-slew-drive.jpg\" \/>\n\t<meta property=\"og:image:width\" content=\"500\" \/>\n\t<meta property=\"og:image:height\" content=\"500\" \/>\n\t<meta property=\"og:image:type\" content=\"image\/jpeg\" \/>\n<meta name=\"twitter:card\" content=\"summary_large_image\" \/>\n<meta name=\"twitter:label1\" content=\"Tempo estimado de leitura\" \/>\n\t<meta name=\"twitter:data1\" content=\"1 minuto\" \/>\n<script type=\"application\/ld+json\" class=\"yoast-schema-graph\">{\"@context\":\"https:\/\/schema.org\",\"@graph\":[{\"@type\":\"WebPage\",\"@id\":\"https:\/\/slewingbearings.com\/product\/sea-9-slew-drive\/\",\"url\":\"https:\/\/slewingbearings.com\/product\/sea-9-slew-drive\/\",\"name\":\"Acionamento girat\u00f3rio SEA-9 - ZZ Group\",\"isPartOf\":{\"@id\":\"https:\/\/slewingbearings.com\/#website\"},\"datePublished\":\"2024-01-21T00:25:27+00:00\",\"dateModified\":\"2024-01-21T00:25:27+00:00\",\"description\":\"Um Sea9 coroa de giro \u00e9 um equipamento de engenharia normalmente concebido para rodar um objeto ou sistema numa dire\u00e7\u00e3o horizontal ou vertical.\",\"breadcrumb\":{\"@id\":\"https:\/\/slewingbearings.com\/product\/sea-9-slew-drive\/#breadcrumb\"},\"inLanguage\":\"pt-PT\",\"potentialAction\":[{\"@type\":\"ReadAction\",\"target\":[\"https:\/\/slewingbearings.com\/product\/sea-9-slew-drive\/\"]}]},{\"@type\":\"BreadcrumbList\",\"@id\":\"https:\/\/slewingbearings.com\/product\/sea-9-slew-drive\/#breadcrumb\",\"itemListElement\":[{\"@type\":\"ListItem\",\"position\":1,\"name\":\"Home\",\"item\":\"https:\/\/slewingbearings.com\/pt-pt\/rolamento-de-giro-acionamento-de-giro\/\"},{\"@type\":\"ListItem\",\"position\":2,\"name\":\"Shop\",\"item\":\"https:\/\/slewingbearings.com\/shop\/\"},{\"@type\":\"ListItem\",\"position\":3,\"name\":\"Acionamento girat\u00f3rio SEA-9\"}]},{\"@type\":\"WebSite\",\"@id\":\"https:\/\/slewingbearings.com\/#website\",\"url\":\"https:\/\/slewingbearings.com\/\",\"name\":\"ZZ Group\",\"description\":\"Leading Slewing Bearings in China\",\"potentialAction\":[{\"@type\":\"SearchAction\",\"target\":{\"@type\":\"EntryPoint\",\"urlTemplate\":\"https:\/\/slewingbearings.com\/?s={search_term_string}\"},\"query-input\":\"required name=search_term_string\"}],\"inLanguage\":\"pt-PT\"}]}<\/script>\n<!-- \/ Yoast SEO plugin. -->","yoast_head_json":{"title":"Acionamento girat\u00f3rio SEA-9 - ZZ Group","description":"Um Sea9 coroa de giro \u00e9 um equipamento de engenharia normalmente concebido para rodar um objeto ou sistema numa dire\u00e7\u00e3o horizontal ou vertical.","robots":{"index":"index","follow":"follow","max-snippet":"max-snippet:-1","max-image-preview":"max-image-preview:large","max-video-preview":"max-video-preview:-1"},"canonical":"https:\/\/slewingbearings.com\/product\/sea-9-slew-drive\/","og_locale":"pt_PT","og_type":"article","og_title":"Acionamento girat\u00f3rio SEA-9 - ZZ Group","og_description":"Um Sea9 coroa de giro \u00e9 um equipamento de engenharia normalmente concebido para rodar um objeto ou sistema numa dire\u00e7\u00e3o horizontal ou vertical.","og_url":"https:\/\/slewingbearings.com\/product\/sea-9-slew-drive\/","og_site_name":"ZZ Group","og_image":[{"width":500,"height":500,"url":"https:\/\/slewingbearings.com\/wp-content\/uploads\/2024\/01\/sea9-slew-drive.jpg","type":"image\/jpeg"}],"twitter_card":"summary_large_image","twitter_misc":{"Tempo estimado de leitura":"1 minuto"},"schema":{"@context":"https:\/\/schema.org","@graph":[{"@type":"WebPage","@id":"https:\/\/slewingbearings.com\/product\/sea-9-slew-drive\/","url":"https:\/\/slewingbearings.com\/product\/sea-9-slew-drive\/","name":"Acionamento girat\u00f3rio SEA-9 - ZZ Group","isPartOf":{"@id":"https:\/\/slewingbearings.com\/#website"},"datePublished":"2024-01-21T00:25:27+00:00","dateModified":"2024-01-21T00:25:27+00:00","description":"Um Sea9 coroa de giro \u00e9 um equipamento de engenharia normalmente concebido para rodar um objeto ou sistema numa dire\u00e7\u00e3o horizontal ou vertical.","breadcrumb":{"@id":"https:\/\/slewingbearings.com\/product\/sea-9-slew-drive\/#breadcrumb"},"inLanguage":"pt-PT","potentialAction":[{"@type":"ReadAction","target":["https:\/\/slewingbearings.com\/product\/sea-9-slew-drive\/"]}]},{"@type":"BreadcrumbList","@id":"https:\/\/slewingbearings.com\/product\/sea-9-slew-drive\/#breadcrumb","itemListElement":[{"@type":"ListItem","position":1,"name":"Home","item":"https:\/\/slewingbearings.com\/pt-pt\/rolamento-de-giro-acionamento-de-giro\/"},{"@type":"ListItem","position":2,"name":"Shop","item":"https:\/\/slewingbearings.com\/shop\/"},{"@type":"ListItem","position":3,"name":"Acionamento girat\u00f3rio SEA-9"}]},{"@type":"WebSite","@id":"https:\/\/slewingbearings.com\/#website","url":"https:\/\/slewingbearings.com\/","name":"ZZ Group","description":"Leading Slewing Bearings in China","potentialAction":[{"@type":"SearchAction","target":{"@type":"EntryPoint","urlTemplate":"https:\/\/slewingbearings.com\/?s={search_term_string}"},"query-input":"required name=search_term_string"}],"inLanguage":"pt-PT"}]}},"_links":{"self":[{"href":"https:\/\/slewingbearings.com\/pt-pt\/wp-json\/wp\/v2\/product\/11830","targetHints":{"allow":["GET"]}}],"collection":[{"href":"https:\/\/slewingbearings.com\/pt-pt\/wp-json\/wp\/v2\/product"}],"about":[{"href":"https:\/\/slewingbearings.com\/pt-pt\/wp-json\/wp\/v2\/types\/product"}],"replies":[{"embeddable":true,"href":"https:\/\/slewingbearings.com\/pt-pt\/wp-json\/wp\/v2\/comments?post=11830"}],"wp:featuredmedia":[{"embeddable":true,"href":"https:\/\/slewingbearings.com\/pt-pt\/wp-json\/wp\/v2\/media\/6164"}],"wp:attachment":[{"href":"https:\/\/slewingbearings.com\/pt-pt\/wp-json\/wp\/v2\/media?parent=11830"}],"wp:term":[{"taxonomy":"product_cat","embeddable":true,"href":"https:\/\/slewingbearings.com\/pt-pt\/wp-json\/wp\/v2\/product_cat?post=11830"},{"taxonomy":"product_tag","embeddable":true,"href":"https:\/\/slewingbearings.com\/pt-pt\/wp-json\/wp\/v2\/product_tag?post=11830"}],"curies":[{"name":"wp","href":"https:\/\/api.w.org\/{rel}","templated":true}]}}