{"id":11819,"date":"2024-01-15T07:20:32","date_gmt":"2024-01-15T07:20:32","guid":{"rendered":"https:\/\/slewingbearings.com\/product\/sde-21-velocidade-de-rotacao\/"},"modified":"2024-01-15T07:20:32","modified_gmt":"2024-01-15T07:20:32","slug":"sde-21-velocidade-de-rotacao","status":"publish","type":"product","link":"https:\/\/slewingbearings.com\/pt-pt\/product\/sde-21-velocidade-de-rotacao\/","title":{"rendered":"SDE-21 Velocidade de rota\u00e7\u00e3o"},"content":{"rendered":"<p>Um slew drive \u00e9 uma pe\u00e7a de equipamento de engenharia normalmente concebida para rodar um objeto ou sistema numa dire\u00e7\u00e3o horizontal ou vertical. Estes dispositivos s\u00e3o utilizados numa grande variedade de aplica\u00e7\u00f5es, incluindo maquinaria industrial, sistemas de automa\u00e7\u00e3o, instrumentos de investiga\u00e7\u00e3o cient\u00edfica, dispositivos aeroespaciais, entre outros. Seguem-se as carater\u00edsticas estruturais e funcionais gerais do acionamento rotativo:  <\/p>\n<ul>\n<li>Sistema de acionamento el\u00e9trico ou hidr\u00e1ulico: O cora\u00e7\u00e3o de um dispositivo de giro \u00e9 o seu sistema de acionamento. Pode utilizar motores el\u00e9ctricos, motores hidr\u00e1ulicos ou outros tipos de mecanismos de acionamento, com diferentes tipos de energia escolhidos em fun\u00e7\u00e3o dos requisitos da aplica\u00e7\u00e3o. Este sistema \u00e9 respons\u00e1vel por fornecer a pot\u00eancia de rota\u00e7\u00e3o.  <\/li>\n<li>Eixo de rota\u00e7\u00e3o: A unidade est\u00e1 equipada com um ou mais eixos de rota\u00e7\u00e3o, dispostos na dire\u00e7\u00e3o horizontal ou vertical, consoante a conce\u00e7\u00e3o do dispositivo. O material e a conce\u00e7\u00e3o estrutural do eixo devem ser suficientemente resistentes para suportar as for\u00e7as e press\u00f5es do movimento de rota\u00e7\u00e3o. <\/li>\n<\/ul>\n\n<table id=\"tablepress-23\" class=\"tablepress tablepress-id-23\">\n<thead>\n<tr class=\"row-1\">\n\t<td class=\"column-1\"><\/td><th class=\"column-2\">Model<\/th><th class=\"column-3\">Output Torque<\/th><th class=\"column-4\">Tilting Moment Torque<\/th><th class=\"column-5\">Holding Torque<\/th><th class=\"column-6\">Gear Ratio<\/th><th class=\"column-7\">Tracking Precision<\/th><th class=\"column-8\">Weight<\/th><th class=\"column-9\">Drawing<\/th>\n<\/tr>\n<\/thead>\n<tbody class=\"row-striping row-hover\">\n<tr class=\"row-2\">\n\t<td class=\"column-1\">SDE21<\/td><td class=\"column-2\">Azimuth<\/td><td class=\"column-3\">40 KN.m<\/td><td class=\"column-4\">200 KN.m<\/td><td class=\"column-5\">105 KN.m<\/td><td class=\"column-6\">105:1<\/td><td class=\"column-7\">\u22640.2\u00b0<\/td><td class=\"column-8\">545kg<\/td><td class=\"column-9\"><a href=\"https:\/\/slewingbearings.com\/wp-content\/uploads\/2024\/01\/SDE21-Slew-Drive-catalog.pdf\"><br \/>\n<img decoding=\"async\" src=\"https:\/\/slewingbearings.com\/wp-content\/uploads\/2024\/01\/pdf.png\" width=\"30\" height=\"30\"><\/a><\/td>\n<\/tr>\n<tr class=\"row-3\">\n\t<td class=\"column-1\">SDE21<\/td><td class=\"column-2\">Azimuth<\/td><td class=\"column-3\">29520 lbf.ft<\/td><td class=\"column-4\">148\u00d710\u00b3 lbf.ft<\/td><td class=\"column-5\">77\u00d710\u00b3 lbf.ft<\/td><td class=\"column-6\">105:1<\/td><td class=\"column-7\">\u22640.2\u00b0<\/td><td class=\"column-8\">545kg<\/td><td class=\"column-9\"><a href=\"https:\/\/slewingbearings.com\/wp-content\/uploads\/2024\/01\/SDE21-Slew-Drive-catalog.pdf\"><br \/>\n<img decoding=\"async\" src=\"https:\/\/slewingbearings.com\/wp-content\/uploads\/2024\/01\/pdf.png\" width=\"30\" height=\"30\"><\/a><\/td>\n<\/tr>\n<tr class=\"row-4\">\n\t<td class=\"column-1\">SDE21<\/td><td class=\"column-2\">Elevation<\/td><td class=\"column-3\">43 KN.m<\/td><td class=\"column-4\">110 KN.m<\/td><td class=\"column-5\">100 KN.m<\/td><td class=\"column-6\">105:1<\/td><td class=\"column-7\">\u22640.2\u00b0<\/td><td class=\"column-8\">545kg<\/td><td class=\"column-9\"><a href=\"https:\/\/slewingbearings.com\/wp-content\/uploads\/2024\/01\/SDE21-Slew-Drive-catalog.pdf\"><br \/>\n<img decoding=\"async\" src=\"https:\/\/slewingbearings.com\/wp-content\/uploads\/2024\/01\/pdf.png\" width=\"30\" height=\"30\"><\/a><\/td>\n<\/tr>\n<tr class=\"row-5\">\n\t<td class=\"column-1\">SDE21<\/td><td class=\"column-2\">Elevation<\/td><td class=\"column-3\">31734 lbf.ft<\/td><td class=\"column-4\">81\u00d710\u00b3 lbf.ft<\/td><td class=\"column-5\">50\u00d710\u00b3 lbf.ft<\/td><td class=\"column-6\">105:1<\/td><td class=\"column-7\">\u22640.2\u00b0<\/td><td class=\"column-8\">545kg<\/td><td class=\"column-9\"><a href=\"https:\/\/slewingbearings.com\/wp-content\/uploads\/2024\/01\/SDE21-Slew-Drive-catalog.pdf\"><br \/>\n<img decoding=\"async\" src=\"https:\/\/slewingbearings.com\/wp-content\/uploads\/2024\/01\/pdf.png\" width=\"30\" height=\"30\"><\/a><\/td>\n<\/tr>\n<\/tbody>\n<\/table>\n<!-- #tablepress-23 from cache -->\n","protected":false},"excerpt":{"rendered":"<p>O dispositivo de acionamento de rota\u00e7\u00e3o da s\u00e9rie SDE integra inteligentemente componentes como o eixo vertical, o acionamento el\u00e9trico, o sistema de transmiss\u00e3o, o sistema de controlo e o dispositivo de seguran\u00e7a atrav\u00e9s de um design estrutural razo\u00e1vel, proporcionando uma solu\u00e7\u00e3o eficiente, control\u00e1vel e segura para a rota\u00e7\u00e3o na dire\u00e7\u00e3o vertical. plano. <\/p>\n<p>A conce\u00e7\u00e3o destas carater\u00edsticas estruturais pode ser personalizada de acordo com as necessidades de aplica\u00e7\u00f5es espec\u00edficas, assegurando que o acionamento de giro vertical pode funcionar eficazmente no ambiente e tarefa espec\u00edficos.<\/p>\n","protected":false},"featured_media":6101,"comment_status":"open","ping_status":"closed","template":"","meta":{"content-type":""},"product_cat":[524,328],"product_tag":[590],"class_list":{"0":"post-11819","1":"product","2":"type-product","3":"status-publish","4":"has-post-thumbnail","6":"product_cat-unidade-giratoria-sde","7":"product_cat-slew-drive-pt-pt","8":"product_tag-sde21-unidade-giratoria","10":"first","11":"instock","12":"shipping-taxable","13":"product-type-simple"},"yoast_head":"<!-- This site is optimized with the Yoast SEO plugin v21.7 - https:\/\/yoast.com\/wordpress\/plugins\/seo\/ -->\n<title>SDE-21 Velocidade de rota\u00e7\u00e3o - ZZ Group<\/title>\n<meta name=\"description\" content=\"Um slew drive SDE21 \u00e9 uma pe\u00e7a de equipamento de engenharia normalmente concebida para rodar um objeto ou sistema numa dire\u00e7\u00e3o horizontal ou vertical.\" \/>\n<meta name=\"robots\" content=\"index, follow, max-snippet:-1, max-image-preview:large, max-video-preview:-1\" \/>\n<link rel=\"canonical\" href=\"https:\/\/slewingbearings.com\/product\/sde-21-slew-drive\/\" \/>\n<meta property=\"og:locale\" content=\"pt_PT\" \/>\n<meta property=\"og:type\" content=\"article\" \/>\n<meta property=\"og:title\" content=\"SDE-21 Velocidade de rota\u00e7\u00e3o - ZZ Group\" \/>\n<meta property=\"og:description\" content=\"Um slew drive SDE21 \u00e9 uma pe\u00e7a de equipamento de engenharia normalmente concebida para rodar um objeto ou sistema numa dire\u00e7\u00e3o horizontal ou vertical.\" \/>\n<meta property=\"og:url\" content=\"https:\/\/slewingbearings.com\/product\/sde-21-slew-drive\/\" \/>\n<meta property=\"og:site_name\" content=\"ZZ Group\" \/>\n<meta property=\"og:image\" content=\"https:\/\/slewingbearings.com\/wp-content\/uploads\/2024\/01\/sde21-slew-drive.jpg\" \/>\n\t<meta property=\"og:image:width\" content=\"500\" \/>\n\t<meta property=\"og:image:height\" content=\"500\" \/>\n\t<meta property=\"og:image:type\" content=\"image\/jpeg\" \/>\n<meta name=\"twitter:card\" content=\"summary_large_image\" \/>\n<meta name=\"twitter:label1\" content=\"Tempo estimado de leitura\" \/>\n\t<meta name=\"twitter:data1\" content=\"1 minuto\" \/>\n<script type=\"application\/ld+json\" class=\"yoast-schema-graph\">{\"@context\":\"https:\/\/schema.org\",\"@graph\":[{\"@type\":\"WebPage\",\"@id\":\"https:\/\/slewingbearings.com\/product\/sde-21-slew-drive\/\",\"url\":\"https:\/\/slewingbearings.com\/product\/sde-21-slew-drive\/\",\"name\":\"SDE-21 Velocidade de rota\u00e7\u00e3o - ZZ Group\",\"isPartOf\":{\"@id\":\"https:\/\/slewingbearings.com\/#website\"},\"datePublished\":\"2024-01-15T07:20:32+00:00\",\"dateModified\":\"2024-01-15T07:20:32+00:00\",\"description\":\"Um slew drive SDE21 \u00e9 uma pe\u00e7a de equipamento de engenharia normalmente concebida para rodar um objeto ou sistema numa dire\u00e7\u00e3o horizontal ou vertical.\",\"breadcrumb\":{\"@id\":\"https:\/\/slewingbearings.com\/product\/sde-21-slew-drive\/#breadcrumb\"},\"inLanguage\":\"pt-PT\",\"potentialAction\":[{\"@type\":\"ReadAction\",\"target\":[\"https:\/\/slewingbearings.com\/product\/sde-21-slew-drive\/\"]}]},{\"@type\":\"BreadcrumbList\",\"@id\":\"https:\/\/slewingbearings.com\/product\/sde-21-slew-drive\/#breadcrumb\",\"itemListElement\":[{\"@type\":\"ListItem\",\"position\":1,\"name\":\"Home\",\"item\":\"https:\/\/slewingbearings.com\/pt-pt\/rolamento-de-giro-acionamento-de-giro\/\"},{\"@type\":\"ListItem\",\"position\":2,\"name\":\"Shop\",\"item\":\"https:\/\/slewingbearings.com\/shop\/\"},{\"@type\":\"ListItem\",\"position\":3,\"name\":\"SDE-21 Velocidade de rota\u00e7\u00e3o\"}]},{\"@type\":\"WebSite\",\"@id\":\"https:\/\/slewingbearings.com\/#website\",\"url\":\"https:\/\/slewingbearings.com\/\",\"name\":\"ZZ Group\",\"description\":\"Leading Slewing Bearings in China\",\"potentialAction\":[{\"@type\":\"SearchAction\",\"target\":{\"@type\":\"EntryPoint\",\"urlTemplate\":\"https:\/\/slewingbearings.com\/?s={search_term_string}\"},\"query-input\":\"required name=search_term_string\"}],\"inLanguage\":\"pt-PT\"}]}<\/script>\n<!-- \/ Yoast SEO plugin. -->","yoast_head_json":{"title":"SDE-21 Velocidade de rota\u00e7\u00e3o - ZZ Group","description":"Um slew drive SDE21 \u00e9 uma pe\u00e7a de equipamento de engenharia normalmente concebida para rodar um objeto ou sistema numa dire\u00e7\u00e3o horizontal ou vertical.","robots":{"index":"index","follow":"follow","max-snippet":"max-snippet:-1","max-image-preview":"max-image-preview:large","max-video-preview":"max-video-preview:-1"},"canonical":"https:\/\/slewingbearings.com\/product\/sde-21-slew-drive\/","og_locale":"pt_PT","og_type":"article","og_title":"SDE-21 Velocidade de rota\u00e7\u00e3o - ZZ Group","og_description":"Um slew drive SDE21 \u00e9 uma pe\u00e7a de equipamento de engenharia normalmente concebida para rodar um objeto ou sistema numa dire\u00e7\u00e3o horizontal ou vertical.","og_url":"https:\/\/slewingbearings.com\/product\/sde-21-slew-drive\/","og_site_name":"ZZ Group","og_image":[{"width":500,"height":500,"url":"https:\/\/slewingbearings.com\/wp-content\/uploads\/2024\/01\/sde21-slew-drive.jpg","type":"image\/jpeg"}],"twitter_card":"summary_large_image","twitter_misc":{"Tempo estimado de leitura":"1 minuto"},"schema":{"@context":"https:\/\/schema.org","@graph":[{"@type":"WebPage","@id":"https:\/\/slewingbearings.com\/product\/sde-21-slew-drive\/","url":"https:\/\/slewingbearings.com\/product\/sde-21-slew-drive\/","name":"SDE-21 Velocidade de rota\u00e7\u00e3o - ZZ Group","isPartOf":{"@id":"https:\/\/slewingbearings.com\/#website"},"datePublished":"2024-01-15T07:20:32+00:00","dateModified":"2024-01-15T07:20:32+00:00","description":"Um slew drive SDE21 \u00e9 uma pe\u00e7a de equipamento de engenharia normalmente concebida para rodar um objeto ou sistema numa dire\u00e7\u00e3o horizontal ou vertical.","breadcrumb":{"@id":"https:\/\/slewingbearings.com\/product\/sde-21-slew-drive\/#breadcrumb"},"inLanguage":"pt-PT","potentialAction":[{"@type":"ReadAction","target":["https:\/\/slewingbearings.com\/product\/sde-21-slew-drive\/"]}]},{"@type":"BreadcrumbList","@id":"https:\/\/slewingbearings.com\/product\/sde-21-slew-drive\/#breadcrumb","itemListElement":[{"@type":"ListItem","position":1,"name":"Home","item":"https:\/\/slewingbearings.com\/pt-pt\/rolamento-de-giro-acionamento-de-giro\/"},{"@type":"ListItem","position":2,"name":"Shop","item":"https:\/\/slewingbearings.com\/shop\/"},{"@type":"ListItem","position":3,"name":"SDE-21 Velocidade de rota\u00e7\u00e3o"}]},{"@type":"WebSite","@id":"https:\/\/slewingbearings.com\/#website","url":"https:\/\/slewingbearings.com\/","name":"ZZ Group","description":"Leading Slewing Bearings in China","potentialAction":[{"@type":"SearchAction","target":{"@type":"EntryPoint","urlTemplate":"https:\/\/slewingbearings.com\/?s={search_term_string}"},"query-input":"required name=search_term_string"}],"inLanguage":"pt-PT"}]}},"_links":{"self":[{"href":"https:\/\/slewingbearings.com\/pt-pt\/wp-json\/wp\/v2\/product\/11819","targetHints":{"allow":["GET"]}}],"collection":[{"href":"https:\/\/slewingbearings.com\/pt-pt\/wp-json\/wp\/v2\/product"}],"about":[{"href":"https:\/\/slewingbearings.com\/pt-pt\/wp-json\/wp\/v2\/types\/product"}],"replies":[{"embeddable":true,"href":"https:\/\/slewingbearings.com\/pt-pt\/wp-json\/wp\/v2\/comments?post=11819"}],"wp:featuredmedia":[{"embeddable":true,"href":"https:\/\/slewingbearings.com\/pt-pt\/wp-json\/wp\/v2\/media\/6101"}],"wp:attachment":[{"href":"https:\/\/slewingbearings.com\/pt-pt\/wp-json\/wp\/v2\/media?parent=11819"}],"wp:term":[{"taxonomy":"product_cat","embeddable":true,"href":"https:\/\/slewingbearings.com\/pt-pt\/wp-json\/wp\/v2\/product_cat?post=11819"},{"taxonomy":"product_tag","embeddable":true,"href":"https:\/\/slewingbearings.com\/pt-pt\/wp-json\/wp\/v2\/product_tag?post=11819"}],"curies":[{"name":"wp","href":"https:\/\/api.w.org\/{rel}","templated":true}]}}