{"id":11807,"date":"2024-01-28T01:33:43","date_gmt":"2024-01-28T01:33:43","guid":{"rendered":"https:\/\/slewingbearings.com\/product\/acionamento-giratorio-w-17\/"},"modified":"2024-01-28T01:33:43","modified_gmt":"2024-01-28T01:33:43","slug":"acionamento-giratorio-w-17","status":"publish","type":"product","link":"https:\/\/slewingbearings.com\/pt-pt\/product\/acionamento-giratorio-w-17\/","title":{"rendered":"Acionamento girat\u00f3rio W-17"},"content":{"rendered":"<p>W-17 Slew Drive,O sistema aberto de acionamento por giro \u00e9 um sistema mec\u00e2nico com uma estrutura aberta, usado principalmente para girar equipamentos ou ferramentas na dire\u00e7\u00e3o horizontal. Ao contr\u00e1rio dos modelos fechados, os componentes mec\u00e2nicos internos dos sistemas de acionamento rotativo abertos s\u00e3o vis\u00edveis para o exterior, o que proporciona algumas vantagens \u00fanicas em termos de opera\u00e7\u00e3o, manuten\u00e7\u00e3o e ensino. <\/p>\n<p>A transmiss\u00e3o de giro aberta \u00e9 um sistema de transmiss\u00e3o de engrenagem aberta, que tem carater\u00edsticas \u00fanicas em compara\u00e7\u00e3o com o sistema de transmiss\u00e3o fechada. Em primeiro lugar, o design aberto proporciona uma boa visibilidade, com as engrenagens internas e os componentes da transmiss\u00e3o vis\u00edveis para o observador. Isto permite que o pessoal de manuten\u00e7\u00e3o verifique facilmente o estado de funcionamento do sistema, ajuda a detetar e a resolver problemas atempadamente e melhora a conveni\u00eancia da manuten\u00e7\u00e3o.  <\/p>\n\n<table id=\"tablepress-41\" class=\"tablepress tablepress-id-41\">\n<thead>\n<tr class=\"row-1\">\n\t<th class=\"column-1\">Model<\/th><th class=\"column-2\">Output Torque<\/th><th class=\"column-3\">Tilting Moment Torque<\/th><th class=\"column-4\">Holding Torque<\/th><th class=\"column-5\">Gear Ratio<\/th><th class=\"column-6\">Tracking Precision<\/th><th class=\"column-7\">Weight<\/th><th class=\"column-8\">Drawing<\/th>\n<\/tr>\n<\/thead>\n<tbody class=\"row-striping row-hover\">\n<tr class=\"row-2\">\n\t<td class=\"column-1\">W17<\/td><td class=\"column-2\">12.96 KN.m<\/td><td class=\"column-3\">142.4 KN.m<\/td><td class=\"column-4\">58 KN.m<\/td><td class=\"column-5\">104:1<\/td><td class=\"column-6\">\u22640.1\u00b0<\/td><td class=\"column-7\">82kg<\/td><td class=\"column-8\"><a href=\"https:\/\/slewingbearings.com\/wp-content\/uploads\/2024\/01\/W17-Slew-Drive-catalog.pdf\"><br \/>\n<img decoding=\"async\" src=\"https:\/\/slewingbearings.com\/wp-content\/uploads\/2024\/01\/pdf.png\" width=\"30\" height=\"30\"><\/a><\/td>\n<\/tr>\n<tr class=\"row-3\">\n\t<td class=\"column-1\">W17<\/td><td class=\"column-2\">9564 lbf.ft<\/td><td class=\"column-3\">105\u00d710\u00b3 lbf.ft<\/td><td class=\"column-4\">42.8\u00d710\u00b3 lbf.ft<\/td><td class=\"column-5\">104:1<\/td><td class=\"column-6\">\u22640.1\u00b0<\/td><td class=\"column-7\">82kg<\/td><td class=\"column-8\"><a href=\"https:\/\/slewingbearings.com\/wp-content\/uploads\/2024\/01\/W17-Slew-Drive-catalog.pdf\"><br \/>\n<img decoding=\"async\" src=\"https:\/\/slewingbearings.com\/wp-content\/uploads\/2024\/01\/pdf.png\" width=\"30\" height=\"30\"><\/a><\/td>\n<\/tr>\n<\/tbody>\n<\/table>\n<!-- #tablepress-41 from cache -->\n","protected":false},"excerpt":{"rendered":"<p>O conversor de frequ\u00eancia da s\u00e9rie W proporciona uma solu\u00e7\u00e3o de transmiss\u00e3o vi\u00e1vel para uma variedade de aplica\u00e7\u00f5es devido \u00e0 sua visibilidade, facilidade de manuten\u00e7\u00e3o, desempenho de dissipa\u00e7\u00e3o de calor, design leve e custo relativamente baixo. Nos dom\u00ednios industrial e mec\u00e2nico, os accionamentos de giro abertos tornaram-se uma op\u00e7\u00e3o importante para melhorar a efici\u00eancia do sistema e reduzir os custos de manuten\u00e7\u00e3o. No futuro, com o avan\u00e7o da tecnologia e a expans\u00e3o cont\u00ednua dos campos de aplica\u00e7\u00e3o, espera-se que os accionamentos rotativos abertos exer\u00e7am as suas vantagens \u00fanicas numa gama mais vasta de campos.  <\/p>\n","protected":false},"featured_media":6434,"comment_status":"open","ping_status":"closed","template":"","meta":{"content-type":""},"product_cat":[571,328],"product_tag":[580],"class_list":{"0":"post-11807","1":"product","2":"type-product","3":"status-publish","4":"has-post-thumbnail","6":"product_cat-w-unidade-giratoria","7":"product_cat-slew-drive-pt-pt","8":"product_tag-w17-unidade-giratoria","10":"first","11":"instock","12":"shipping-taxable","13":"product-type-simple"},"yoast_head":"<!-- This site is optimized with the Yoast SEO plugin v21.7 - https:\/\/yoast.com\/wordpress\/plugins\/seo\/ -->\n<title>Acionamento girat\u00f3rio W-17 - ZZ Group<\/title>\n<meta name=\"description\" content=\"O acionamento de giro aberto W-17 refere-se geralmente a um sistema de acionamento rotativo de estrutura aberta, que \u00e9 utilizado para realizar a rota\u00e7\u00e3o horizontal do equipamento.\" \/>\n<meta name=\"robots\" content=\"index, follow, max-snippet:-1, max-image-preview:large, max-video-preview:-1\" \/>\n<link rel=\"canonical\" href=\"https:\/\/slewingbearings.com\/pt-pt\/product\/acionamento-giratorio-w-17\/\" \/>\n<meta property=\"og:locale\" content=\"pt_PT\" \/>\n<meta property=\"og:type\" content=\"article\" \/>\n<meta property=\"og:title\" content=\"Acionamento girat\u00f3rio W-17 - ZZ Group\" \/>\n<meta property=\"og:description\" content=\"O acionamento de giro aberto W-17 refere-se geralmente a um sistema de acionamento rotativo de estrutura aberta, que \u00e9 utilizado para realizar a rota\u00e7\u00e3o horizontal do equipamento.\" \/>\n<meta property=\"og:url\" content=\"https:\/\/slewingbearings.com\/pt-pt\/product\/acionamento-giratorio-w-17\/\" \/>\n<meta property=\"og:site_name\" content=\"ZZ Group\" \/>\n<meta property=\"og:image\" content=\"https:\/\/slewingbearings.com\/wp-content\/uploads\/2024\/01\/w17-slew-drive.jpg\" \/>\n\t<meta property=\"og:image:width\" content=\"500\" \/>\n\t<meta property=\"og:image:height\" content=\"500\" \/>\n\t<meta property=\"og:image:type\" content=\"image\/jpeg\" \/>\n<meta name=\"twitter:card\" content=\"summary_large_image\" \/>\n<meta name=\"twitter:label1\" content=\"Tempo estimado de leitura\" \/>\n\t<meta name=\"twitter:data1\" content=\"1 minuto\" \/>\n<script type=\"application\/ld+json\" class=\"yoast-schema-graph\">{\"@context\":\"https:\/\/schema.org\",\"@graph\":[{\"@type\":\"WebPage\",\"@id\":\"https:\/\/slewingbearings.com\/pt-pt\/product\/acionamento-giratorio-w-17\/\",\"url\":\"https:\/\/slewingbearings.com\/pt-pt\/product\/acionamento-giratorio-w-17\/\",\"name\":\"Acionamento girat\u00f3rio W-17 - ZZ Group\",\"isPartOf\":{\"@id\":\"https:\/\/slewingbearings.com\/#website\"},\"datePublished\":\"2024-01-28T01:33:43+00:00\",\"dateModified\":\"2024-01-28T01:33:43+00:00\",\"description\":\"O acionamento de giro aberto W-17 refere-se geralmente a um sistema de acionamento rotativo de estrutura aberta, que \u00e9 utilizado para realizar a rota\u00e7\u00e3o horizontal do equipamento.\",\"breadcrumb\":{\"@id\":\"https:\/\/slewingbearings.com\/pt-pt\/product\/acionamento-giratorio-w-17\/#breadcrumb\"},\"inLanguage\":\"pt-PT\",\"potentialAction\":[{\"@type\":\"ReadAction\",\"target\":[\"https:\/\/slewingbearings.com\/pt-pt\/product\/acionamento-giratorio-w-17\/\"]}]},{\"@type\":\"BreadcrumbList\",\"@id\":\"https:\/\/slewingbearings.com\/pt-pt\/product\/acionamento-giratorio-w-17\/#breadcrumb\",\"itemListElement\":[{\"@type\":\"ListItem\",\"position\":1,\"name\":\"Home\",\"item\":\"https:\/\/slewingbearings.com\/pt-pt\/rolamento-de-giro-acionamento-de-giro\/\"},{\"@type\":\"ListItem\",\"position\":2,\"name\":\"Shop\",\"item\":\"https:\/\/slewingbearings.com\/shop\/\"},{\"@type\":\"ListItem\",\"position\":3,\"name\":\"Acionamento girat\u00f3rio W-17\"}]},{\"@type\":\"WebSite\",\"@id\":\"https:\/\/slewingbearings.com\/#website\",\"url\":\"https:\/\/slewingbearings.com\/\",\"name\":\"ZZ Group\",\"description\":\"Leading Slewing Bearings in China\",\"potentialAction\":[{\"@type\":\"SearchAction\",\"target\":{\"@type\":\"EntryPoint\",\"urlTemplate\":\"https:\/\/slewingbearings.com\/?s={search_term_string}\"},\"query-input\":\"required name=search_term_string\"}],\"inLanguage\":\"pt-PT\"}]}<\/script>\n<!-- \/ Yoast SEO plugin. -->","yoast_head_json":{"title":"Acionamento girat\u00f3rio W-17 - ZZ Group","description":"O acionamento de giro aberto W-17 refere-se geralmente a um sistema de acionamento rotativo de estrutura aberta, que \u00e9 utilizado para realizar a rota\u00e7\u00e3o horizontal do equipamento.","robots":{"index":"index","follow":"follow","max-snippet":"max-snippet:-1","max-image-preview":"max-image-preview:large","max-video-preview":"max-video-preview:-1"},"canonical":"https:\/\/slewingbearings.com\/pt-pt\/product\/acionamento-giratorio-w-17\/","og_locale":"pt_PT","og_type":"article","og_title":"Acionamento girat\u00f3rio W-17 - ZZ Group","og_description":"O acionamento de giro aberto W-17 refere-se geralmente a um sistema de acionamento rotativo de estrutura aberta, que \u00e9 utilizado para realizar a rota\u00e7\u00e3o horizontal do equipamento.","og_url":"https:\/\/slewingbearings.com\/pt-pt\/product\/acionamento-giratorio-w-17\/","og_site_name":"ZZ Group","og_image":[{"width":500,"height":500,"url":"https:\/\/slewingbearings.com\/wp-content\/uploads\/2024\/01\/w17-slew-drive.jpg","type":"image\/jpeg"}],"twitter_card":"summary_large_image","twitter_misc":{"Tempo estimado de leitura":"1 minuto"},"schema":{"@context":"https:\/\/schema.org","@graph":[{"@type":"WebPage","@id":"https:\/\/slewingbearings.com\/pt-pt\/product\/acionamento-giratorio-w-17\/","url":"https:\/\/slewingbearings.com\/pt-pt\/product\/acionamento-giratorio-w-17\/","name":"Acionamento girat\u00f3rio W-17 - ZZ Group","isPartOf":{"@id":"https:\/\/slewingbearings.com\/#website"},"datePublished":"2024-01-28T01:33:43+00:00","dateModified":"2024-01-28T01:33:43+00:00","description":"O acionamento de giro aberto W-17 refere-se geralmente a um sistema de acionamento rotativo de estrutura aberta, que \u00e9 utilizado para realizar a rota\u00e7\u00e3o horizontal do equipamento.","breadcrumb":{"@id":"https:\/\/slewingbearings.com\/pt-pt\/product\/acionamento-giratorio-w-17\/#breadcrumb"},"inLanguage":"pt-PT","potentialAction":[{"@type":"ReadAction","target":["https:\/\/slewingbearings.com\/pt-pt\/product\/acionamento-giratorio-w-17\/"]}]},{"@type":"BreadcrumbList","@id":"https:\/\/slewingbearings.com\/pt-pt\/product\/acionamento-giratorio-w-17\/#breadcrumb","itemListElement":[{"@type":"ListItem","position":1,"name":"Home","item":"https:\/\/slewingbearings.com\/pt-pt\/rolamento-de-giro-acionamento-de-giro\/"},{"@type":"ListItem","position":2,"name":"Shop","item":"https:\/\/slewingbearings.com\/shop\/"},{"@type":"ListItem","position":3,"name":"Acionamento girat\u00f3rio W-17"}]},{"@type":"WebSite","@id":"https:\/\/slewingbearings.com\/#website","url":"https:\/\/slewingbearings.com\/","name":"ZZ Group","description":"Leading Slewing Bearings in China","potentialAction":[{"@type":"SearchAction","target":{"@type":"EntryPoint","urlTemplate":"https:\/\/slewingbearings.com\/?s={search_term_string}"},"query-input":"required name=search_term_string"}],"inLanguage":"pt-PT"}]}},"_links":{"self":[{"href":"https:\/\/slewingbearings.com\/pt-pt\/wp-json\/wp\/v2\/product\/11807","targetHints":{"allow":["GET"]}}],"collection":[{"href":"https:\/\/slewingbearings.com\/pt-pt\/wp-json\/wp\/v2\/product"}],"about":[{"href":"https:\/\/slewingbearings.com\/pt-pt\/wp-json\/wp\/v2\/types\/product"}],"replies":[{"embeddable":true,"href":"https:\/\/slewingbearings.com\/pt-pt\/wp-json\/wp\/v2\/comments?post=11807"}],"wp:featuredmedia":[{"embeddable":true,"href":"https:\/\/slewingbearings.com\/pt-pt\/wp-json\/wp\/v2\/media\/6434"}],"wp:attachment":[{"href":"https:\/\/slewingbearings.com\/pt-pt\/wp-json\/wp\/v2\/media?parent=11807"}],"wp:term":[{"taxonomy":"product_cat","embeddable":true,"href":"https:\/\/slewingbearings.com\/pt-pt\/wp-json\/wp\/v2\/product_cat?post=11807"},{"taxonomy":"product_tag","embeddable":true,"href":"https:\/\/slewingbearings.com\/pt-pt\/wp-json\/wp\/v2\/product_tag?post=11807"}],"curies":[{"name":"wp","href":"https:\/\/api.w.org\/{rel}","templated":true}]}}