{"id":11800,"date":"2024-01-28T01:41:14","date_gmt":"2024-01-28T01:41:14","guid":{"rendered":"https:\/\/slewingbearings.com\/product\/acionamento-de-giro-w-19\/"},"modified":"2024-01-28T01:41:14","modified_gmt":"2024-01-28T01:41:14","slug":"acionamento-de-giro-w-19","status":"publish","type":"product","link":"https:\/\/slewingbearings.com\/pt-pt\/product\/acionamento-de-giro-w-19\/","title":{"rendered":"Acionamento de giro W-19"},"content":{"rendered":"<p>W-19 Slew Drive,O sistema aberto de acionamento girat\u00f3rio \u00e9 um sistema mec\u00e2nico com uma estrutura aberta, usado principalmente para girar equipamentos ou ferramentas na dire\u00e7\u00e3o horizontal. Ao contr\u00e1rio dos modelos fechados, os componentes mec\u00e2nicos internos dos sistemas de acionamento rotativo abertos s\u00e3o vis\u00edveis para o exterior, o que proporciona algumas vantagens \u00fanicas em termos de funcionamento, manuten\u00e7\u00e3o e ensino. <\/p>\n<p>Os conversores de frequ\u00eancia abertos proporcionam uma op\u00e7\u00e3o flex\u00edvel e eficaz para a conce\u00e7\u00e3o e funcionamento de sistemas de acionamento atrav\u00e9s da sua conce\u00e7\u00e3o aberta, visibilidade melhorada, facilidade de manuten\u00e7\u00e3o, dissipa\u00e7\u00e3o de calor superior, conce\u00e7\u00e3o leve e rentabilidade. Ao lidarem com diferentes cen\u00e1rios de aplica\u00e7\u00e3o e necessidades de engenharia, os engenheiros e os projectistas podem escolher variadores de velocidade abertos de acordo com situa\u00e7\u00f5es espec\u00edficas para satisfazerem os requisitos de desempenho, fiabilidade e custo. <\/p>\n\n<table id=\"tablepress-41\" class=\"tablepress tablepress-id-41\">\n<thead>\n<tr class=\"row-1\">\n\t<th class=\"column-1\">Model<\/th><th class=\"column-2\">Output Torque<\/th><th class=\"column-3\">Tilting Moment Torque<\/th><th class=\"column-4\">Holding Torque<\/th><th class=\"column-5\">Gear Ratio<\/th><th class=\"column-6\">Tracking Precision<\/th><th class=\"column-7\">Weight<\/th><th class=\"column-8\">Drawing<\/th>\n<\/tr>\n<\/thead>\n<tbody class=\"row-striping row-hover\">\n<tr class=\"row-2\">\n\t<td class=\"column-1\">W17<\/td><td class=\"column-2\">12.96 KN.m<\/td><td class=\"column-3\">142.4 KN.m<\/td><td class=\"column-4\">58 KN.m<\/td><td class=\"column-5\">104:1<\/td><td class=\"column-6\">\u22640.1\u00b0<\/td><td class=\"column-7\">82kg<\/td><td class=\"column-8\"><a href=\"https:\/\/slewingbearings.com\/wp-content\/uploads\/2024\/01\/W17-Slew-Drive-catalog.pdf\"><br \/>\n<img decoding=\"async\" src=\"https:\/\/slewingbearings.com\/wp-content\/uploads\/2024\/01\/pdf.png\" width=\"30\" height=\"30\"><\/a><\/td>\n<\/tr>\n<tr class=\"row-3\">\n\t<td class=\"column-1\">W17<\/td><td class=\"column-2\">9564 lbf.ft<\/td><td class=\"column-3\">105\u00d710\u00b3 lbf.ft<\/td><td class=\"column-4\">42.8\u00d710\u00b3 lbf.ft<\/td><td class=\"column-5\">104:1<\/td><td class=\"column-6\">\u22640.1\u00b0<\/td><td class=\"column-7\">82kg<\/td><td class=\"column-8\"><a href=\"https:\/\/slewingbearings.com\/wp-content\/uploads\/2024\/01\/W17-Slew-Drive-catalog.pdf\"><br \/>\n<img decoding=\"async\" src=\"https:\/\/slewingbearings.com\/wp-content\/uploads\/2024\/01\/pdf.png\" width=\"30\" height=\"30\"><\/a><\/td>\n<\/tr>\n<\/tbody>\n<\/table>\n<!-- #tablepress-41 from cache -->\n","protected":false},"excerpt":{"rendered":"<p>Os accionamentos de giro abertos s\u00e3o utilizados nos dom\u00ednios da ind\u00fastria, aeroespacial, ind\u00fastria autom\u00f3vel, engenharia de constru\u00e7\u00e3o e rob\u00f3tica atrav\u00e9s da sua estrutura aberta, visibilidade melhorada, manuten\u00e7\u00e3o f\u00e1cil, excelente desempenho de dissipa\u00e7\u00e3o de calor, design leve e rentabilidade. Na tend\u00eancia de desenvolvimento futuro, espera-se que seja mais inteligente e amigo do ambiente, e que se adapte continuamente ao desenvolvimento de tecnologias e materiais emergentes. Atrav\u00e9s da inova\u00e7\u00e3o e melhoria cont\u00ednuas, os accionamentos de giro aberto continuar\u00e3o a trazer mais possibilidades e oportunidades para o campo dos sistemas de transmiss\u00e3o mec\u00e2nica.   <\/p>\n","protected":false},"featured_media":6443,"comment_status":"open","ping_status":"closed","template":"","meta":{"content-type":""},"product_cat":[571,328],"product_tag":[572],"class_list":{"0":"post-11800","1":"product","2":"type-product","3":"status-publish","4":"has-post-thumbnail","6":"product_cat-w-unidade-giratoria","7":"product_cat-slew-drive-pt-pt","8":"product_tag-w19-unidade-giratoria","10":"first","11":"instock","12":"shipping-taxable","13":"product-type-simple"},"yoast_head":"<!-- This site is optimized with the Yoast SEO plugin v21.7 - https:\/\/yoast.com\/wordpress\/plugins\/seo\/ -->\n<title>Acionamento de giro W-19 - ZZ Group<\/title>\n<meta name=\"description\" content=\"W-19 slew drive aberto slewing drive geralmente refere-se a um sistema de acionamento rotativo de estrutura aberta, que \u00e9 usado para realizar a rota\u00e7\u00e3o horizontal do equipamento.\" \/>\n<meta name=\"robots\" content=\"index, follow, max-snippet:-1, max-image-preview:large, max-video-preview:-1\" \/>\n<link rel=\"canonical\" href=\"https:\/\/slewingbearings.com\/product\/w-19-slew-drive\/\" \/>\n<meta property=\"og:locale\" content=\"pt_PT\" \/>\n<meta property=\"og:type\" content=\"article\" \/>\n<meta property=\"og:title\" content=\"Acionamento de giro W-19 - ZZ Group\" \/>\n<meta property=\"og:description\" content=\"W-19 slew drive aberto slewing drive geralmente refere-se a um sistema de acionamento rotativo de estrutura aberta, que \u00e9 usado para realizar a rota\u00e7\u00e3o horizontal do equipamento.\" \/>\n<meta property=\"og:url\" content=\"https:\/\/slewingbearings.com\/product\/w-19-slew-drive\/\" \/>\n<meta property=\"og:site_name\" content=\"ZZ Group\" \/>\n<meta property=\"og:image\" content=\"https:\/\/slewingbearings.com\/wp-content\/uploads\/2024\/01\/w19-slew-drive.jpg\" \/>\n\t<meta property=\"og:image:width\" content=\"500\" \/>\n\t<meta property=\"og:image:height\" content=\"500\" \/>\n\t<meta property=\"og:image:type\" content=\"image\/jpeg\" \/>\n<meta name=\"twitter:card\" content=\"summary_large_image\" \/>\n<meta name=\"twitter:label1\" content=\"Tempo estimado de leitura\" \/>\n\t<meta name=\"twitter:data1\" content=\"1 minuto\" \/>\n<script type=\"application\/ld+json\" class=\"yoast-schema-graph\">{\"@context\":\"https:\/\/schema.org\",\"@graph\":[{\"@type\":\"WebPage\",\"@id\":\"https:\/\/slewingbearings.com\/product\/w-19-slew-drive\/\",\"url\":\"https:\/\/slewingbearings.com\/product\/w-19-slew-drive\/\",\"name\":\"Acionamento de giro W-19 - ZZ Group\",\"isPartOf\":{\"@id\":\"https:\/\/slewingbearings.com\/#website\"},\"datePublished\":\"2024-01-28T01:41:14+00:00\",\"dateModified\":\"2024-01-28T01:41:14+00:00\",\"description\":\"W-19 slew drive aberto slewing drive geralmente refere-se a um sistema de acionamento rotativo de estrutura aberta, que \u00e9 usado para realizar a rota\u00e7\u00e3o horizontal do equipamento.\",\"breadcrumb\":{\"@id\":\"https:\/\/slewingbearings.com\/product\/w-19-slew-drive\/#breadcrumb\"},\"inLanguage\":\"pt-PT\",\"potentialAction\":[{\"@type\":\"ReadAction\",\"target\":[\"https:\/\/slewingbearings.com\/product\/w-19-slew-drive\/\"]}]},{\"@type\":\"BreadcrumbList\",\"@id\":\"https:\/\/slewingbearings.com\/product\/w-19-slew-drive\/#breadcrumb\",\"itemListElement\":[{\"@type\":\"ListItem\",\"position\":1,\"name\":\"Home\",\"item\":\"https:\/\/slewingbearings.com\/pt-pt\/rolamento-de-giro-acionamento-de-giro\/\"},{\"@type\":\"ListItem\",\"position\":2,\"name\":\"Shop\",\"item\":\"https:\/\/slewingbearings.com\/shop\/\"},{\"@type\":\"ListItem\",\"position\":3,\"name\":\"Acionamento de giro W-19\"}]},{\"@type\":\"WebSite\",\"@id\":\"https:\/\/slewingbearings.com\/#website\",\"url\":\"https:\/\/slewingbearings.com\/\",\"name\":\"ZZ Group\",\"description\":\"Leading Slewing Bearings in China\",\"potentialAction\":[{\"@type\":\"SearchAction\",\"target\":{\"@type\":\"EntryPoint\",\"urlTemplate\":\"https:\/\/slewingbearings.com\/?s={search_term_string}\"},\"query-input\":\"required name=search_term_string\"}],\"inLanguage\":\"pt-PT\"}]}<\/script>\n<!-- \/ Yoast SEO plugin. -->","yoast_head_json":{"title":"Acionamento de giro W-19 - ZZ Group","description":"W-19 slew drive aberto slewing drive geralmente refere-se a um sistema de acionamento rotativo de estrutura aberta, que \u00e9 usado para realizar a rota\u00e7\u00e3o horizontal do equipamento.","robots":{"index":"index","follow":"follow","max-snippet":"max-snippet:-1","max-image-preview":"max-image-preview:large","max-video-preview":"max-video-preview:-1"},"canonical":"https:\/\/slewingbearings.com\/product\/w-19-slew-drive\/","og_locale":"pt_PT","og_type":"article","og_title":"Acionamento de giro W-19 - ZZ Group","og_description":"W-19 slew drive aberto slewing drive geralmente refere-se a um sistema de acionamento rotativo de estrutura aberta, que \u00e9 usado para realizar a rota\u00e7\u00e3o horizontal do equipamento.","og_url":"https:\/\/slewingbearings.com\/product\/w-19-slew-drive\/","og_site_name":"ZZ Group","og_image":[{"width":500,"height":500,"url":"https:\/\/slewingbearings.com\/wp-content\/uploads\/2024\/01\/w19-slew-drive.jpg","type":"image\/jpeg"}],"twitter_card":"summary_large_image","twitter_misc":{"Tempo estimado de leitura":"1 minuto"},"schema":{"@context":"https:\/\/schema.org","@graph":[{"@type":"WebPage","@id":"https:\/\/slewingbearings.com\/product\/w-19-slew-drive\/","url":"https:\/\/slewingbearings.com\/product\/w-19-slew-drive\/","name":"Acionamento de giro W-19 - ZZ Group","isPartOf":{"@id":"https:\/\/slewingbearings.com\/#website"},"datePublished":"2024-01-28T01:41:14+00:00","dateModified":"2024-01-28T01:41:14+00:00","description":"W-19 slew drive aberto slewing drive geralmente refere-se a um sistema de acionamento rotativo de estrutura aberta, que \u00e9 usado para realizar a rota\u00e7\u00e3o horizontal do equipamento.","breadcrumb":{"@id":"https:\/\/slewingbearings.com\/product\/w-19-slew-drive\/#breadcrumb"},"inLanguage":"pt-PT","potentialAction":[{"@type":"ReadAction","target":["https:\/\/slewingbearings.com\/product\/w-19-slew-drive\/"]}]},{"@type":"BreadcrumbList","@id":"https:\/\/slewingbearings.com\/product\/w-19-slew-drive\/#breadcrumb","itemListElement":[{"@type":"ListItem","position":1,"name":"Home","item":"https:\/\/slewingbearings.com\/pt-pt\/rolamento-de-giro-acionamento-de-giro\/"},{"@type":"ListItem","position":2,"name":"Shop","item":"https:\/\/slewingbearings.com\/shop\/"},{"@type":"ListItem","position":3,"name":"Acionamento de giro W-19"}]},{"@type":"WebSite","@id":"https:\/\/slewingbearings.com\/#website","url":"https:\/\/slewingbearings.com\/","name":"ZZ Group","description":"Leading Slewing Bearings in China","potentialAction":[{"@type":"SearchAction","target":{"@type":"EntryPoint","urlTemplate":"https:\/\/slewingbearings.com\/?s={search_term_string}"},"query-input":"required name=search_term_string"}],"inLanguage":"pt-PT"}]}},"_links":{"self":[{"href":"https:\/\/slewingbearings.com\/pt-pt\/wp-json\/wp\/v2\/product\/11800","targetHints":{"allow":["GET"]}}],"collection":[{"href":"https:\/\/slewingbearings.com\/pt-pt\/wp-json\/wp\/v2\/product"}],"about":[{"href":"https:\/\/slewingbearings.com\/pt-pt\/wp-json\/wp\/v2\/types\/product"}],"replies":[{"embeddable":true,"href":"https:\/\/slewingbearings.com\/pt-pt\/wp-json\/wp\/v2\/comments?post=11800"}],"wp:featuredmedia":[{"embeddable":true,"href":"https:\/\/slewingbearings.com\/pt-pt\/wp-json\/wp\/v2\/media\/6443"}],"wp:attachment":[{"href":"https:\/\/slewingbearings.com\/pt-pt\/wp-json\/wp\/v2\/media?parent=11800"}],"wp:term":[{"taxonomy":"product_cat","embeddable":true,"href":"https:\/\/slewingbearings.com\/pt-pt\/wp-json\/wp\/v2\/product_cat?post=11800"},{"taxonomy":"product_tag","embeddable":true,"href":"https:\/\/slewingbearings.com\/pt-pt\/wp-json\/wp\/v2\/product_tag?post=11800"}],"curies":[{"name":"wp","href":"https:\/\/api.w.org\/{rel}","templated":true}]}}