{"id":11746,"date":"2024-01-15T06:51:37","date_gmt":"2024-01-15T06:51:37","guid":{"rendered":"https:\/\/slewingbearings.com\/product\/sde-17-velocidade-de-rotacao\/"},"modified":"2024-01-15T06:51:37","modified_gmt":"2024-01-15T06:51:37","slug":"sde-17-velocidade-de-rotacao","status":"publish","type":"product","link":"https:\/\/slewingbearings.com\/pt-pt\/product\/sde-17-velocidade-de-rotacao\/","title":{"rendered":"SDE-17 Velocidade de rota\u00e7\u00e3o"},"content":{"rendered":"<p>As carater\u00edsticas estruturais dos accionamentos girat\u00f3rios SDE podem variar consoante o campo de aplica\u00e7\u00e3o e os requisitos espec\u00edficos, mas, em geral, esses dispositivos podem incluir as seguintes carater\u00edsticas estruturais:<\/p>\n<ul>\n<li>Sistemas de rolamentos: Os veios verticais requerem frequentemente um sistema de rolamentos para reduzir o atrito, fornecer apoio e assegurar uma rota\u00e7\u00e3o suave.<\/li>\n<li>Sistema de controlo: utilizado para monitorizar, controlar e ajustar o movimento de rota\u00e7\u00e3o. Pode incluir sensores, codificadores e sistemas de controlo de retorno para garantir a precis\u00e3o e a estabilidade da rota\u00e7\u00e3o. <\/li>\n<li>Suporte estrutural: Componentes estruturais no exterior do equipamento que suportam e fixam todo o sistema. Isto pode incluir elementos estruturais como suportes e bases. <\/li>\n<li>Dispositivos de seguran\u00e7a: Dependendo da aplica\u00e7\u00e3o espec\u00edfica, as quest\u00f5es de seguran\u00e7a que podem ter de ser consideradas podem incluir paragens de emerg\u00eancia, interruptores de limite, etc.<\/li>\n<\/ul>\n\n<table id=\"tablepress-22\" class=\"tablepress tablepress-id-22\">\n<thead>\n<tr class=\"row-1\">\n\t<td class=\"column-1\"><\/td><th class=\"column-2\">Model<\/th><th class=\"column-3\">Output Torque<\/th><th class=\"column-4\">Tilting Moment Torque<\/th><th class=\"column-5\">Holding Torque<\/th><th class=\"column-6\">Gear Ratio<\/th><th class=\"column-7\">Tracking Precision<\/th><th class=\"column-8\">Weight<\/th><th class=\"column-9\">Drawing<\/th>\n<\/tr>\n<\/thead>\n<tbody class=\"row-striping row-hover\">\n<tr class=\"row-2\">\n\t<td class=\"column-1\">SDE17<\/td><td class=\"column-2\">Azimuth<\/td><td class=\"column-3\">20 KN.m<\/td><td class=\"column-4\">135.6 KN.m<\/td><td class=\"column-5\">72.3 KN.m<\/td><td class=\"column-6\">102:1<\/td><td class=\"column-7\">\u22640.2\u00b0<\/td><td class=\"column-8\">390kg<\/td><td class=\"column-9\"><a href=\"https:\/\/slewingbearings.com\/wp-content\/uploads\/2024\/01\/SDE17-Slew-Drive-catalog.pdf\"><br \/>\n<img decoding=\"async\" src=\"https:\/\/slewingbearings.com\/wp-content\/uploads\/2024\/01\/pdf.png\" width=\"30\" height=\"30\"><\/a><\/td>\n<\/tr>\n<tr class=\"row-3\">\n\t<td class=\"column-1\">SDE17<\/td><td class=\"column-2\">Azimuth<\/td><td class=\"column-3\">14760 lbf.ft<\/td><td class=\"column-4\">100\u00d710\u00b3 lbf.ft<\/td><td class=\"column-5\">53\u00d710\u00b3 lbf.ft<\/td><td class=\"column-6\">102:1<\/td><td class=\"column-7\">\u22640.2\u00b0<\/td><td class=\"column-8\">390kg<\/td><td class=\"column-9\"><a href=\"https:\/\/slewingbearings.com\/wp-content\/uploads\/2024\/01\/SDE17-Slew-Drive-catalog.pdf\"><br \/>\n<img decoding=\"async\" src=\"https:\/\/slewingbearings.com\/wp-content\/uploads\/2024\/01\/pdf.png\" width=\"30\" height=\"30\"><\/a><\/td>\n<\/tr>\n<tr class=\"row-4\">\n\t<td class=\"column-1\">SDE17<\/td><td class=\"column-2\">Elevation<\/td><td class=\"column-3\">20 KN.m<\/td><td class=\"column-4\">70 KN.m<\/td><td class=\"column-5\">68 KN.m<\/td><td class=\"column-6\">102:1<\/td><td class=\"column-7\">\u22640.2\u00b0<\/td><td class=\"column-8\">390kg<\/td><td class=\"column-9\"><a href=\"https:\/\/slewingbearings.com\/wp-content\/uploads\/2024\/01\/SDE17-Slew-Drive-catalog.pdf\"><br \/>\n<img decoding=\"async\" src=\"https:\/\/slewingbearings.com\/wp-content\/uploads\/2024\/01\/pdf.png\" width=\"30\" height=\"30\"><\/a><\/td>\n<\/tr>\n<tr class=\"row-5\">\n\t<td class=\"column-1\">SDE17<\/td><td class=\"column-2\">Elevation<\/td><td class=\"column-3\">14760 lbf.ft<\/td><td class=\"column-4\">52\u00d710\u00b3 lbf.ft<\/td><td class=\"column-5\">50\u00d710\u00b3 lbf.ft<\/td><td class=\"column-6\">102:1<\/td><td class=\"column-7\">\u22640.2\u00b0<\/td><td class=\"column-8\">390kg<\/td><td class=\"column-9\"><a href=\"https:\/\/slewingbearings.com\/wp-content\/uploads\/2024\/01\/SDE17-Slew-Drive-catalog.pdf\"><br \/>\n<img decoding=\"async\" src=\"https:\/\/slewingbearings.com\/wp-content\/uploads\/2024\/01\/pdf.png\" width=\"30\" height=\"30\"><\/a><\/td>\n<\/tr>\n<\/tbody>\n<\/table>\n<!-- #tablepress-22 from cache -->\n","protected":false},"excerpt":{"rendered":"<p>O dispositivo de acionamento girat\u00f3rio da s\u00e9rie SDE encontra-se na parte superior ou inferior do eixo vertical e est\u00e1 equipado com um sistema de acionamento el\u00e9trico. Este sistema envolve normalmente um motor el\u00e9trico altamente eficiente, concebido de modo a produzir pot\u00eancia suficiente para impulsionar a rota\u00e7\u00e3o de um eixo vertical. A sele\u00e7\u00e3o e a conce\u00e7\u00e3o dos motores el\u00e9ctricos dependem das necessidades da aplica\u00e7\u00e3o espec\u00edfica e podem envolver factores como a pot\u00eancia, a velocidade e a efici\u00eancia.  <\/p>\n","protected":false},"featured_media":6092,"comment_status":"open","ping_status":"closed","template":"","meta":{"content-type":""},"product_cat":[524,328],"product_tag":[536],"class_list":{"0":"post-11746","1":"product","2":"type-product","3":"status-publish","4":"has-post-thumbnail","6":"product_cat-unidade-giratoria-sde","7":"product_cat-slew-drive-pt-pt","8":"product_tag-sde17-unidade-de-giro","10":"first","11":"instock","12":"shipping-taxable","13":"product-type-simple"},"yoast_head":"<!-- This site is optimized with the Yoast SEO plugin v21.7 - https:\/\/yoast.com\/wordpress\/plugins\/seo\/ -->\n<title>SDE-17 Velocidade de rota\u00e7\u00e3o - ZZ Group<\/title>\n<meta name=\"description\" content=\"A estrutura do dispositivo de acionamento de giro da s\u00e9rie SDE tamb\u00e9m tem de ter em conta a seguran\u00e7a e a estabilidade para garantir que todo o sistema se mant\u00e9m est\u00e1vel.\" \/>\n<meta name=\"robots\" content=\"index, follow, max-snippet:-1, max-image-preview:large, max-video-preview:-1\" \/>\n<link rel=\"canonical\" href=\"https:\/\/slewingbearings.com\/product\/sde-17-slew-drive\/\" \/>\n<meta property=\"og:locale\" content=\"pt_PT\" \/>\n<meta property=\"og:type\" content=\"article\" \/>\n<meta property=\"og:title\" content=\"SDE-17 Velocidade de rota\u00e7\u00e3o - ZZ Group\" \/>\n<meta property=\"og:description\" content=\"A estrutura do dispositivo de acionamento de giro da s\u00e9rie SDE tamb\u00e9m tem de ter em conta a seguran\u00e7a e a estabilidade para garantir que todo o sistema se mant\u00e9m est\u00e1vel.\" \/>\n<meta property=\"og:url\" content=\"https:\/\/slewingbearings.com\/product\/sde-17-slew-drive\/\" \/>\n<meta property=\"og:site_name\" content=\"ZZ Group\" \/>\n<meta property=\"og:image\" content=\"https:\/\/slewingbearings.com\/wp-content\/uploads\/2024\/01\/sde17-slew-drive-1.jpg\" \/>\n\t<meta property=\"og:image:width\" content=\"500\" \/>\n\t<meta property=\"og:image:height\" content=\"500\" \/>\n\t<meta property=\"og:image:type\" content=\"image\/jpeg\" \/>\n<meta name=\"twitter:card\" content=\"summary_large_image\" \/>\n<meta name=\"twitter:label1\" content=\"Tempo estimado de leitura\" \/>\n\t<meta name=\"twitter:data1\" content=\"1 minuto\" \/>\n<script type=\"application\/ld+json\" class=\"yoast-schema-graph\">{\"@context\":\"https:\/\/schema.org\",\"@graph\":[{\"@type\":\"WebPage\",\"@id\":\"https:\/\/slewingbearings.com\/product\/sde-17-slew-drive\/\",\"url\":\"https:\/\/slewingbearings.com\/product\/sde-17-slew-drive\/\",\"name\":\"SDE-17 Velocidade de rota\u00e7\u00e3o - ZZ Group\",\"isPartOf\":{\"@id\":\"https:\/\/slewingbearings.com\/#website\"},\"datePublished\":\"2024-01-15T06:51:37+00:00\",\"dateModified\":\"2024-01-15T06:51:37+00:00\",\"description\":\"A estrutura do dispositivo de acionamento de giro da s\u00e9rie SDE tamb\u00e9m tem de ter em conta a seguran\u00e7a e a estabilidade para garantir que todo o sistema se mant\u00e9m est\u00e1vel.\",\"breadcrumb\":{\"@id\":\"https:\/\/slewingbearings.com\/product\/sde-17-slew-drive\/#breadcrumb\"},\"inLanguage\":\"pt-PT\",\"potentialAction\":[{\"@type\":\"ReadAction\",\"target\":[\"https:\/\/slewingbearings.com\/product\/sde-17-slew-drive\/\"]}]},{\"@type\":\"BreadcrumbList\",\"@id\":\"https:\/\/slewingbearings.com\/product\/sde-17-slew-drive\/#breadcrumb\",\"itemListElement\":[{\"@type\":\"ListItem\",\"position\":1,\"name\":\"Home\",\"item\":\"https:\/\/slewingbearings.com\/pt-pt\/rolamento-de-giro-acionamento-de-giro\/\"},{\"@type\":\"ListItem\",\"position\":2,\"name\":\"Shop\",\"item\":\"https:\/\/slewingbearings.com\/shop\/\"},{\"@type\":\"ListItem\",\"position\":3,\"name\":\"SDE-17 Velocidade de rota\u00e7\u00e3o\"}]},{\"@type\":\"WebSite\",\"@id\":\"https:\/\/slewingbearings.com\/#website\",\"url\":\"https:\/\/slewingbearings.com\/\",\"name\":\"ZZ Group\",\"description\":\"Leading Slewing Bearings in China\",\"potentialAction\":[{\"@type\":\"SearchAction\",\"target\":{\"@type\":\"EntryPoint\",\"urlTemplate\":\"https:\/\/slewingbearings.com\/?s={search_term_string}\"},\"query-input\":\"required name=search_term_string\"}],\"inLanguage\":\"pt-PT\"}]}<\/script>\n<!-- \/ Yoast SEO plugin. -->","yoast_head_json":{"title":"SDE-17 Velocidade de rota\u00e7\u00e3o - ZZ Group","description":"A estrutura do dispositivo de acionamento de giro da s\u00e9rie SDE tamb\u00e9m tem de ter em conta a seguran\u00e7a e a estabilidade para garantir que todo o sistema se mant\u00e9m est\u00e1vel.","robots":{"index":"index","follow":"follow","max-snippet":"max-snippet:-1","max-image-preview":"max-image-preview:large","max-video-preview":"max-video-preview:-1"},"canonical":"https:\/\/slewingbearings.com\/product\/sde-17-slew-drive\/","og_locale":"pt_PT","og_type":"article","og_title":"SDE-17 Velocidade de rota\u00e7\u00e3o - ZZ Group","og_description":"A estrutura do dispositivo de acionamento de giro da s\u00e9rie SDE tamb\u00e9m tem de ter em conta a seguran\u00e7a e a estabilidade para garantir que todo o sistema se mant\u00e9m est\u00e1vel.","og_url":"https:\/\/slewingbearings.com\/product\/sde-17-slew-drive\/","og_site_name":"ZZ Group","og_image":[{"width":500,"height":500,"url":"https:\/\/slewingbearings.com\/wp-content\/uploads\/2024\/01\/sde17-slew-drive-1.jpg","type":"image\/jpeg"}],"twitter_card":"summary_large_image","twitter_misc":{"Tempo estimado de leitura":"1 minuto"},"schema":{"@context":"https:\/\/schema.org","@graph":[{"@type":"WebPage","@id":"https:\/\/slewingbearings.com\/product\/sde-17-slew-drive\/","url":"https:\/\/slewingbearings.com\/product\/sde-17-slew-drive\/","name":"SDE-17 Velocidade de rota\u00e7\u00e3o - ZZ Group","isPartOf":{"@id":"https:\/\/slewingbearings.com\/#website"},"datePublished":"2024-01-15T06:51:37+00:00","dateModified":"2024-01-15T06:51:37+00:00","description":"A estrutura do dispositivo de acionamento de giro da s\u00e9rie SDE tamb\u00e9m tem de ter em conta a seguran\u00e7a e a estabilidade para garantir que todo o sistema se mant\u00e9m est\u00e1vel.","breadcrumb":{"@id":"https:\/\/slewingbearings.com\/product\/sde-17-slew-drive\/#breadcrumb"},"inLanguage":"pt-PT","potentialAction":[{"@type":"ReadAction","target":["https:\/\/slewingbearings.com\/product\/sde-17-slew-drive\/"]}]},{"@type":"BreadcrumbList","@id":"https:\/\/slewingbearings.com\/product\/sde-17-slew-drive\/#breadcrumb","itemListElement":[{"@type":"ListItem","position":1,"name":"Home","item":"https:\/\/slewingbearings.com\/pt-pt\/rolamento-de-giro-acionamento-de-giro\/"},{"@type":"ListItem","position":2,"name":"Shop","item":"https:\/\/slewingbearings.com\/shop\/"},{"@type":"ListItem","position":3,"name":"SDE-17 Velocidade de rota\u00e7\u00e3o"}]},{"@type":"WebSite","@id":"https:\/\/slewingbearings.com\/#website","url":"https:\/\/slewingbearings.com\/","name":"ZZ Group","description":"Leading Slewing Bearings in China","potentialAction":[{"@type":"SearchAction","target":{"@type":"EntryPoint","urlTemplate":"https:\/\/slewingbearings.com\/?s={search_term_string}"},"query-input":"required name=search_term_string"}],"inLanguage":"pt-PT"}]}},"_links":{"self":[{"href":"https:\/\/slewingbearings.com\/pt-pt\/wp-json\/wp\/v2\/product\/11746","targetHints":{"allow":["GET"]}}],"collection":[{"href":"https:\/\/slewingbearings.com\/pt-pt\/wp-json\/wp\/v2\/product"}],"about":[{"href":"https:\/\/slewingbearings.com\/pt-pt\/wp-json\/wp\/v2\/types\/product"}],"replies":[{"embeddable":true,"href":"https:\/\/slewingbearings.com\/pt-pt\/wp-json\/wp\/v2\/comments?post=11746"}],"wp:featuredmedia":[{"embeddable":true,"href":"https:\/\/slewingbearings.com\/pt-pt\/wp-json\/wp\/v2\/media\/6092"}],"wp:attachment":[{"href":"https:\/\/slewingbearings.com\/pt-pt\/wp-json\/wp\/v2\/media?parent=11746"}],"wp:term":[{"taxonomy":"product_cat","embeddable":true,"href":"https:\/\/slewingbearings.com\/pt-pt\/wp-json\/wp\/v2\/product_cat?post=11746"},{"taxonomy":"product_tag","embeddable":true,"href":"https:\/\/slewingbearings.com\/pt-pt\/wp-json\/wp\/v2\/product_tag?post=11746"}],"curies":[{"name":"wp","href":"https:\/\/api.w.org\/{rel}","templated":true}]}}