{"id":11739,"date":"2024-01-15T03:58:57","date_gmt":"2024-01-15T03:58:57","guid":{"rendered":"https:\/\/slewingbearings.com\/product\/sde-7-velocidade-de-rotacao\/"},"modified":"2024-01-15T03:58:57","modified_gmt":"2024-01-15T03:58:57","slug":"sde-7-velocidade-de-rotacao","status":"publish","type":"product","link":"https:\/\/slewingbearings.com\/pt-pt\/product\/sde-7-velocidade-de-rotacao\/","title":{"rendered":"SDE-7 Velocidade de rota\u00e7\u00e3o"},"content":{"rendered":"<p>As carater\u00edsticas estruturais dos accionamentos girat\u00f3rios SDE podem variar consoante o campo de aplica\u00e7\u00e3o e os requisitos espec\u00edficos, mas, em geral, esses dispositivos podem incluir as seguintes carater\u00edsticas estruturais:<\/p>\n<ul>\n<li>Conce\u00e7\u00e3o do eixo vertical: O equipamento \u00e9 frequentemente concebido para incluir um eixo vertical que permite a rota\u00e7\u00e3o na dire\u00e7\u00e3o vertical. A conce\u00e7\u00e3o de eixos verticais requer considera\u00e7\u00f5es de for\u00e7a e apoio, utilizando frequentemente sistemas de rolamentos especialmente concebidos. <\/li>\n<li>Sistema de acionamento el\u00e9trico: Inclui normalmente um motor el\u00e9trico para fornecer energia para a rota\u00e7\u00e3o. Este pode ser um motor el\u00e9trico ligado diretamente ao veio vertical ou a pot\u00eancia \u00e9 transferida para o veio vertical atrav\u00e9s de um sistema de transmiss\u00e3o. <\/li>\n<li>Sistema de transmiss\u00e3o: utilizado para transferir a rota\u00e7\u00e3o do motor el\u00e9trico para o eixo vertical. O sistema de transmiss\u00e3o pode incluir engrenagens, correias, correntes, etc., que s\u00e3o selecionadas com base em necessidades espec\u00edficas. <\/li>\n<\/ul>\n\n<table id=\"tablepress-21\" class=\"tablepress tablepress-id-21\">\n<thead>\n<tr class=\"row-1\">\n\t<td class=\"column-1\"><\/td><th class=\"column-2\">Model<\/th><th class=\"column-3\">Output Torque<\/th><th class=\"column-4\">Tilting Moment Torque<\/th><th class=\"column-5\">Holding Torque<\/th><th class=\"column-6\">Gear Ratio<\/th><th class=\"column-7\">Tracking Precision<\/th><th class=\"column-8\">Weight<\/th><th class=\"column-9\">Drawing<\/th>\n<\/tr>\n<\/thead>\n<tbody class=\"row-striping row-hover\">\n<tr class=\"row-2\">\n\t<td class=\"column-1\">SDE7<\/td><td class=\"column-2\">Azimuth<\/td><td class=\"column-3\">1500 N.m<\/td><td class=\"column-4\">13500 N.m<\/td><td class=\"column-5\">10400 N.m<\/td><td class=\"column-6\">73:1<\/td><td class=\"column-7\">\u22640.2\u00b0<\/td><td class=\"column-8\">58kg<\/td><td class=\"column-9\"><a href=\"https:\/\/slewingbearings.com\/wp-content\/uploads\/2024\/01\/SDE7-Slew-Drive-catalog.pdf\"><br \/>\n<img decoding=\"async\" src=\"https:\/\/slewingbearings.com\/wp-content\/uploads\/2024\/01\/pdf.png\" width=\"30\" height=\"30\"><\/a><\/td>\n<\/tr>\n<tr class=\"row-3\">\n\t<td class=\"column-1\">SDE7<\/td><td class=\"column-2\">Azimuth<\/td><td class=\"column-3\">1107 lbf.ft<\/td><td class=\"column-4\">9957 lbf.ft<\/td><td class=\"column-5\">7671 lbf.ft<\/td><td class=\"column-6\">73:1<\/td><td class=\"column-7\">\u22640.2\u00b0<\/td><td class=\"column-8\">58kg<\/td><td class=\"column-9\"><a href=\"https:\/\/slewingbearings.com\/wp-content\/uploads\/2024\/01\/SDE7-Slew-Drive-catalog.pdf\"><br \/>\n<img decoding=\"async\" src=\"https:\/\/slewingbearings.com\/wp-content\/uploads\/2024\/01\/pdf.png\" width=\"30\" height=\"30\"><\/a><\/td>\n<\/tr>\n<tr class=\"row-4\">\n\t<td class=\"column-1\">SDE7<\/td><td class=\"column-2\">Elevation<\/td><td class=\"column-3\">2000 N.m<\/td><td class=\"column-4\">10 KN.m<\/td><td class=\"column-5\">9000 N.m<\/td><td class=\"column-6\">28:1<\/td><td class=\"column-7\">\u22640.2\u00b0<\/td><td class=\"column-8\">58kg<\/td><td class=\"column-9\"><a href=\"https:\/\/slewingbearings.com\/wp-content\/uploads\/2024\/01\/SDE7-Slew-Drive-catalog.pdf\"><br \/>\n<img decoding=\"async\" src=\"https:\/\/slewingbearings.com\/wp-content\/uploads\/2024\/01\/pdf.png\" width=\"30\" height=\"30\"><\/a><\/td>\n<\/tr>\n<tr class=\"row-5\">\n\t<td class=\"column-1\">SDE7<\/td><td class=\"column-2\">Elevation<\/td><td class=\"column-3\">1476 lbf.ft<\/td><td class=\"column-4\">7380 lbf.ft<\/td><td class=\"column-5\">6642 lbf.ft<\/td><td class=\"column-6\">28:1<\/td><td class=\"column-7\">\u22640.2\u00b0<\/td><td class=\"column-8\">58kg<\/td><td class=\"column-9\"><a href=\"https:\/\/slewingbearings.com\/wp-content\/uploads\/2024\/01\/SDE7-Slew-Drive-catalog.pdf\"><br \/>\n<img decoding=\"async\" src=\"https:\/\/slewingbearings.com\/wp-content\/uploads\/2024\/01\/pdf.png\" width=\"30\" height=\"30\"><\/a><\/td>\n<\/tr>\n<\/tbody>\n<\/table>\n<!-- #tablepress-21 from cache -->\n","protected":false},"excerpt":{"rendered":"<p>O dispositivo de acionamento por rota\u00e7\u00e3o SDE7 \u00e9 um dispositivo mec\u00e2nico ou el\u00e9trico especialmente concebido cuja principal fun\u00e7\u00e3o \u00e9 fazer rodar um objeto na dire\u00e7\u00e3o vertical. As suas carater\u00edsticas estruturais abrangem v\u00e1rios componentes-chave para garantir a precis\u00e3o, a estabilidade e a capacidade de controlo da rota\u00e7\u00e3o. <\/p>\n<p>O cora\u00e7\u00e3o do dispositivo \u00e9 a conce\u00e7\u00e3o do eixo vertical. O eixo vertical \u00e9 o corpo principal do dispositivo e \u00e9 respons\u00e1vel por suportar as for\u00e7as e press\u00f5es causadas pelo movimento de rota\u00e7\u00e3o. Para garantir a estabilidade e a suavidade da rota\u00e7\u00e3o, o eixo vertical est\u00e1 equipado com um sistema de rolamentos especialmente concebido para reduzir o atrito e proporcionar apoio.  <\/p>\n","protected":false},"featured_media":6074,"comment_status":"open","ping_status":"closed","template":"","meta":{"content-type":""},"product_cat":[524,328],"product_tag":[525],"class_list":{"0":"post-11739","1":"product","2":"type-product","3":"status-publish","4":"has-post-thumbnail","6":"product_cat-unidade-giratoria-sde","7":"product_cat-slew-drive-pt-pt","8":"product_tag-unidade-giratoria-sde","10":"first","11":"instock","12":"shipping-taxable","13":"product-type-simple"},"yoast_head":"<!-- This site is optimized with the Yoast SEO plugin v21.7 - https:\/\/yoast.com\/wordpress\/plugins\/seo\/ -->\n<title>SDE-7 Velocidade de rota\u00e7\u00e3o - ZZ Group<\/title>\n<meta name=\"description\" content=\"O Slew Drive da s\u00e9rie SDE \u00e9 uma solu\u00e7\u00e3o de acionamento de oscila\u00e7\u00e3o vertical com engrenagem fechada para aplica\u00e7\u00f5es exteriores de baixa velocidade&lt;1 RPM).\" \/>\n<meta name=\"robots\" content=\"index, follow, max-snippet:-1, max-image-preview:large, max-video-preview:-1\" \/>\n<link rel=\"canonical\" href=\"https:\/\/slewingbearings.com\/product\/sde-7-slew-drive\/\" \/>\n<meta property=\"og:locale\" content=\"pt_PT\" \/>\n<meta property=\"og:type\" content=\"article\" \/>\n<meta property=\"og:title\" content=\"SDE-7 Velocidade de rota\u00e7\u00e3o - ZZ Group\" \/>\n<meta property=\"og:description\" content=\"O Slew Drive da s\u00e9rie SDE \u00e9 uma solu\u00e7\u00e3o de acionamento de oscila\u00e7\u00e3o vertical com engrenagem fechada para aplica\u00e7\u00f5es exteriores de baixa velocidade&lt;1 RPM).\" \/>\n<meta property=\"og:url\" content=\"https:\/\/slewingbearings.com\/product\/sde-7-slew-drive\/\" \/>\n<meta property=\"og:site_name\" content=\"ZZ Group\" \/>\n<meta property=\"og:image\" content=\"https:\/\/slewingbearings.com\/wp-content\/uploads\/2024\/01\/sde7-slew-drive-1.jpg\" \/>\n\t<meta property=\"og:image:width\" content=\"500\" \/>\n\t<meta property=\"og:image:height\" content=\"500\" \/>\n\t<meta property=\"og:image:type\" content=\"image\/jpeg\" \/>\n<meta name=\"twitter:card\" content=\"summary_large_image\" \/>\n<meta name=\"twitter:label1\" content=\"Tempo estimado de leitura\" \/>\n\t<meta name=\"twitter:data1\" content=\"1 minuto\" \/>\n<script type=\"application\/ld+json\" class=\"yoast-schema-graph\">{\"@context\":\"https:\/\/schema.org\",\"@graph\":[{\"@type\":\"WebPage\",\"@id\":\"https:\/\/slewingbearings.com\/product\/sde-7-slew-drive\/\",\"url\":\"https:\/\/slewingbearings.com\/product\/sde-7-slew-drive\/\",\"name\":\"SDE-7 Velocidade de rota\u00e7\u00e3o - ZZ Group\",\"isPartOf\":{\"@id\":\"https:\/\/slewingbearings.com\/#website\"},\"datePublished\":\"2024-01-15T03:58:57+00:00\",\"dateModified\":\"2024-01-15T03:58:57+00:00\",\"description\":\"O Slew Drive da s\u00e9rie SDE \u00e9 uma solu\u00e7\u00e3o de acionamento de oscila\u00e7\u00e3o vertical com engrenagem fechada para aplica\u00e7\u00f5es exteriores de baixa velocidade&lt;1 RPM).\",\"breadcrumb\":{\"@id\":\"https:\/\/slewingbearings.com\/product\/sde-7-slew-drive\/#breadcrumb\"},\"inLanguage\":\"pt-PT\",\"potentialAction\":[{\"@type\":\"ReadAction\",\"target\":[\"https:\/\/slewingbearings.com\/product\/sde-7-slew-drive\/\"]}]},{\"@type\":\"BreadcrumbList\",\"@id\":\"https:\/\/slewingbearings.com\/product\/sde-7-slew-drive\/#breadcrumb\",\"itemListElement\":[{\"@type\":\"ListItem\",\"position\":1,\"name\":\"Home\",\"item\":\"https:\/\/slewingbearings.com\/pt-pt\/rolamento-de-giro-acionamento-de-giro\/\"},{\"@type\":\"ListItem\",\"position\":2,\"name\":\"Shop\",\"item\":\"https:\/\/slewingbearings.com\/shop\/\"},{\"@type\":\"ListItem\",\"position\":3,\"name\":\"SDE-7 Velocidade de rota\u00e7\u00e3o\"}]},{\"@type\":\"WebSite\",\"@id\":\"https:\/\/slewingbearings.com\/#website\",\"url\":\"https:\/\/slewingbearings.com\/\",\"name\":\"ZZ Group\",\"description\":\"Leading Slewing Bearings in China\",\"potentialAction\":[{\"@type\":\"SearchAction\",\"target\":{\"@type\":\"EntryPoint\",\"urlTemplate\":\"https:\/\/slewingbearings.com\/?s={search_term_string}\"},\"query-input\":\"required name=search_term_string\"}],\"inLanguage\":\"pt-PT\"}]}<\/script>\n<!-- \/ Yoast SEO plugin. -->","yoast_head_json":{"title":"SDE-7 Velocidade de rota\u00e7\u00e3o - ZZ Group","description":"O Slew Drive da s\u00e9rie SDE \u00e9 uma solu\u00e7\u00e3o de acionamento de oscila\u00e7\u00e3o vertical com engrenagem fechada para aplica\u00e7\u00f5es exteriores de baixa velocidade&lt;1 RPM).","robots":{"index":"index","follow":"follow","max-snippet":"max-snippet:-1","max-image-preview":"max-image-preview:large","max-video-preview":"max-video-preview:-1"},"canonical":"https:\/\/slewingbearings.com\/product\/sde-7-slew-drive\/","og_locale":"pt_PT","og_type":"article","og_title":"SDE-7 Velocidade de rota\u00e7\u00e3o - ZZ Group","og_description":"O Slew Drive da s\u00e9rie SDE \u00e9 uma solu\u00e7\u00e3o de acionamento de oscila\u00e7\u00e3o vertical com engrenagem fechada para aplica\u00e7\u00f5es exteriores de baixa velocidade&lt;1 RPM).","og_url":"https:\/\/slewingbearings.com\/product\/sde-7-slew-drive\/","og_site_name":"ZZ Group","og_image":[{"width":500,"height":500,"url":"https:\/\/slewingbearings.com\/wp-content\/uploads\/2024\/01\/sde7-slew-drive-1.jpg","type":"image\/jpeg"}],"twitter_card":"summary_large_image","twitter_misc":{"Tempo estimado de leitura":"1 minuto"},"schema":{"@context":"https:\/\/schema.org","@graph":[{"@type":"WebPage","@id":"https:\/\/slewingbearings.com\/product\/sde-7-slew-drive\/","url":"https:\/\/slewingbearings.com\/product\/sde-7-slew-drive\/","name":"SDE-7 Velocidade de rota\u00e7\u00e3o - ZZ Group","isPartOf":{"@id":"https:\/\/slewingbearings.com\/#website"},"datePublished":"2024-01-15T03:58:57+00:00","dateModified":"2024-01-15T03:58:57+00:00","description":"O Slew Drive da s\u00e9rie SDE \u00e9 uma solu\u00e7\u00e3o de acionamento de oscila\u00e7\u00e3o vertical com engrenagem fechada para aplica\u00e7\u00f5es exteriores de baixa velocidade&lt;1 RPM).","breadcrumb":{"@id":"https:\/\/slewingbearings.com\/product\/sde-7-slew-drive\/#breadcrumb"},"inLanguage":"pt-PT","potentialAction":[{"@type":"ReadAction","target":["https:\/\/slewingbearings.com\/product\/sde-7-slew-drive\/"]}]},{"@type":"BreadcrumbList","@id":"https:\/\/slewingbearings.com\/product\/sde-7-slew-drive\/#breadcrumb","itemListElement":[{"@type":"ListItem","position":1,"name":"Home","item":"https:\/\/slewingbearings.com\/pt-pt\/rolamento-de-giro-acionamento-de-giro\/"},{"@type":"ListItem","position":2,"name":"Shop","item":"https:\/\/slewingbearings.com\/shop\/"},{"@type":"ListItem","position":3,"name":"SDE-7 Velocidade de rota\u00e7\u00e3o"}]},{"@type":"WebSite","@id":"https:\/\/slewingbearings.com\/#website","url":"https:\/\/slewingbearings.com\/","name":"ZZ Group","description":"Leading Slewing Bearings in China","potentialAction":[{"@type":"SearchAction","target":{"@type":"EntryPoint","urlTemplate":"https:\/\/slewingbearings.com\/?s={search_term_string}"},"query-input":"required name=search_term_string"}],"inLanguage":"pt-PT"}]}},"_links":{"self":[{"href":"https:\/\/slewingbearings.com\/pt-pt\/wp-json\/wp\/v2\/product\/11739","targetHints":{"allow":["GET"]}}],"collection":[{"href":"https:\/\/slewingbearings.com\/pt-pt\/wp-json\/wp\/v2\/product"}],"about":[{"href":"https:\/\/slewingbearings.com\/pt-pt\/wp-json\/wp\/v2\/types\/product"}],"replies":[{"embeddable":true,"href":"https:\/\/slewingbearings.com\/pt-pt\/wp-json\/wp\/v2\/comments?post=11739"}],"wp:featuredmedia":[{"embeddable":true,"href":"https:\/\/slewingbearings.com\/pt-pt\/wp-json\/wp\/v2\/media\/6074"}],"wp:attachment":[{"href":"https:\/\/slewingbearings.com\/pt-pt\/wp-json\/wp\/v2\/media?parent=11739"}],"wp:term":[{"taxonomy":"product_cat","embeddable":true,"href":"https:\/\/slewingbearings.com\/pt-pt\/wp-json\/wp\/v2\/product_cat?post=11739"},{"taxonomy":"product_tag","embeddable":true,"href":"https:\/\/slewingbearings.com\/pt-pt\/wp-json\/wp\/v2\/product_tag?post=11739"}],"curies":[{"name":"wp","href":"https:\/\/api.w.org\/{rel}","templated":true}]}}