{"id":11727,"date":"2024-01-15T02:35:32","date_gmt":"2024-01-15T02:35:32","guid":{"rendered":"https:\/\/slewingbearings.com\/product\/se-25-unidade-de-costura\/"},"modified":"2024-01-15T02:35:32","modified_gmt":"2024-01-15T02:35:32","slug":"se-25-unidade-de-costura","status":"publish","type":"product","link":"https:\/\/slewingbearings.com\/pt-pt\/product\/se-25-unidade-de-costura\/","title":{"rendered":"SE-25 unidade de costura"},"content":{"rendered":"<p>Os accionamentos girat\u00f3rios s\u00e3o amplamente utilizados no campo da maquinaria de engenharia, e a sua principal fun\u00e7\u00e3o \u00e9 realizar o movimento de rota\u00e7\u00e3o do equipamento mec\u00e2nico. A seguir est\u00e3o algumas aplica\u00e7\u00f5es comuns de acionamentos girat\u00f3rios em m\u00e1quinas de constru\u00e7\u00e3o: <\/p>\n<p>Escavadoras e equipamento de escava\u00e7\u00e3o: As unidades de rota\u00e7\u00e3o s\u00e3o utilizadas para implementar o chassis rotativo de escavadoras e outro equipamento de escava\u00e7\u00e3o, permitindo-lhes rodar 360 graus. Isto \u00e9 importante para um posicionamento e orienta\u00e7\u00e3o precisos durante as opera\u00e7\u00f5es de terraplanagem, escava\u00e7\u00e3o e constru\u00e7\u00e3o. <\/p>\n<p>Grua de torre: As gruas-torre em estaleiros de constru\u00e7\u00e3o precisam frequentemente de implementar movimentos de rota\u00e7\u00e3o para garantir que a lan\u00e7a pode ser posicionada com precis\u00e3o e cobrir toda a \u00e1rea de trabalho. O acionamento de rota\u00e7\u00e3o \u00e9 utilizado para realizar a fun\u00e7\u00e3o de rota\u00e7\u00e3o da grua de torre. <\/p>\n\n<table id=\"tablepress-20\" class=\"tablepress tablepress-id-20\">\n<thead>\n<tr class=\"row-1\">\n\t<th class=\"column-1\">Model<\/th><th class=\"column-2\">Output Torque<\/th><th class=\"column-3\">Tilting Moment Torque<\/th><th class=\"column-4\">Holding Torque<\/th><th class=\"column-5\">Gear Ratio<\/th><th class=\"column-6\">Tracking Precision<\/th><th class=\"column-7\">Weight<\/th><th class=\"column-8\">Drawing<\/th>\n<\/tr>\n<\/thead>\n<tbody class=\"row-striping row-hover\">\n<tr class=\"row-2\">\n\t<td class=\"column-1\">SE25<\/td><td class=\"column-2\">18 KN.m<\/td><td class=\"column-3\">271 KN.m<\/td><td class=\"column-4\">158.3 KN.m<\/td><td class=\"column-5\">150:1<\/td><td class=\"column-6\">0.15\u00b0<\/td><td class=\"column-7\">204kg<\/td><td class=\"column-8\"><a href=\"https:\/\/slewingbearings.com\/wp-content\/uploads\/2024\/01\/SE25-Slew-Drive-catalog.pdf\"><br \/>\n<img decoding=\"async\" src=\"https:\/\/slewingbearings.com\/wp-content\/uploads\/2024\/01\/pdf.png\" width=\"30\" height=\"30\"><\/a><\/td>\n<\/tr>\n<tr class=\"row-3\">\n\t<td class=\"column-1\">SE25<\/td><td class=\"column-2\">13300 lbf.ft<\/td><td class=\"column-3\">200\u00d710\u00b3 lbf.ft<\/td><td class=\"column-4\">117\u00d710\u00b3 lbf.ft<\/td><td class=\"column-5\">150:1<\/td><td class=\"column-6\">0.15\u00b0<\/td><td class=\"column-7\">204kg<\/td><td class=\"column-8\"><a href=\"https:\/\/slewingbearings.com\/wp-content\/uploads\/2024\/01\/SE25-Slew-Drive-catalog.pdf\"><br \/>\n<img decoding=\"async\" src=\"https:\/\/slewingbearings.com\/wp-content\/uploads\/2024\/01\/pdf.png\" width=\"30\" height=\"30\"><\/a><\/td>\n<\/tr>\n<\/tbody>\n<\/table>\n<!-- #tablepress-20 from cache -->\n","protected":false},"excerpt":{"rendered":"<p>A estrutura principal do acionamento de giro inclui an\u00e9is exteriores e interiores, sistemas de engrenagens, motores, redutores, sistemas de rolamentos, vedantes e componentes de prote\u00e7\u00e3o. O anel exterior \u00e9 normalmente fixado no sistema mec\u00e2nico, enquanto o anel interior est\u00e1 ligado ao equipamento mec\u00e2nico e roda atrav\u00e9s do sistema de acionamento. O sistema de engrenagens \u00e9 o principal mecanismo de transmiss\u00e3o, que \u00e9 composto por engrenagens de precis\u00e3o para conseguir uma rota\u00e7\u00e3o suave dos an\u00e9is interior e exterior. O motor fornece o bin\u00e1rio de rota\u00e7\u00e3o, o redutor \u00e9 utilizado para reduzir a velocidade de rota\u00e7\u00e3o, o sistema de rolamentos \u00e9 utilizado para suportar e guiar o movimento de rota\u00e7\u00e3o, e as medidas de veda\u00e7\u00e3o e prote\u00e7\u00e3o asseguram o funcionamento est\u00e1vel dos componentes mec\u00e2nicos internos.   <\/p>\n","protected":false},"featured_media":6029,"comment_status":"open","ping_status":"closed","template":"","meta":{"content-type":""},"product_cat":[335,328],"product_tag":[514],"class_list":{"0":"post-11727","1":"product","2":"type-product","3":"status-publish","4":"has-post-thumbnail","6":"product_cat-se-pe-slew-drive-pt-pt","7":"product_cat-slew-drive-pt-pt","8":"product_tag-unidade-giratoria-se25","10":"first","11":"instock","12":"shipping-taxable","13":"product-type-simple"},"yoast_head":"<!-- This site is optimized with the Yoast SEO plugin v21.7 - https:\/\/yoast.com\/wordpress\/plugins\/seo\/ -->\n<title>SE-25 unidade de costura - ZZ Group<\/title>\n<meta name=\"description\" content=\"A estrutura principal do coroa de orienta\u00e7\u00e3o SE25 inclui an\u00e9is exteriores e interiores, sistemas de engrenagens, motores, redutores, sistemas de rolamentos, vedantes e componentes de prote\u00e7\u00e3o.\" \/>\n<meta name=\"robots\" content=\"index, follow, max-snippet:-1, max-image-preview:large, max-video-preview:-1\" \/>\n<link rel=\"canonical\" href=\"https:\/\/slewingbearings.com\/product\/se-25-slew-drive\/\" \/>\n<meta property=\"og:locale\" content=\"pt_PT\" \/>\n<meta property=\"og:type\" content=\"article\" \/>\n<meta property=\"og:title\" content=\"SE-25 unidade de costura - ZZ Group\" \/>\n<meta property=\"og:description\" content=\"A estrutura principal do coroa de orienta\u00e7\u00e3o SE25 inclui an\u00e9is exteriores e interiores, sistemas de engrenagens, motores, redutores, sistemas de rolamentos, vedantes e componentes de prote\u00e7\u00e3o.\" \/>\n<meta property=\"og:url\" content=\"https:\/\/slewingbearings.com\/product\/se-25-slew-drive\/\" \/>\n<meta property=\"og:site_name\" content=\"ZZ Group\" \/>\n<meta property=\"og:image\" content=\"https:\/\/slewingbearings.com\/wp-content\/uploads\/2024\/01\/se25.jpg\" \/>\n\t<meta property=\"og:image:width\" content=\"500\" \/>\n\t<meta property=\"og:image:height\" content=\"500\" \/>\n\t<meta property=\"og:image:type\" content=\"image\/jpeg\" \/>\n<meta name=\"twitter:card\" content=\"summary_large_image\" \/>\n<meta name=\"twitter:label1\" content=\"Tempo estimado de leitura\" \/>\n\t<meta name=\"twitter:data1\" content=\"1 minuto\" \/>\n<script type=\"application\/ld+json\" class=\"yoast-schema-graph\">{\"@context\":\"https:\/\/schema.org\",\"@graph\":[{\"@type\":\"WebPage\",\"@id\":\"https:\/\/slewingbearings.com\/product\/se-25-slew-drive\/\",\"url\":\"https:\/\/slewingbearings.com\/product\/se-25-slew-drive\/\",\"name\":\"SE-25 unidade de costura - ZZ Group\",\"isPartOf\":{\"@id\":\"https:\/\/slewingbearings.com\/#website\"},\"datePublished\":\"2024-01-15T02:35:32+00:00\",\"dateModified\":\"2024-01-15T02:35:32+00:00\",\"description\":\"A estrutura principal do coroa de orienta\u00e7\u00e3o SE25 inclui an\u00e9is exteriores e interiores, sistemas de engrenagens, motores, redutores, sistemas de rolamentos, vedantes e componentes de prote\u00e7\u00e3o.\",\"breadcrumb\":{\"@id\":\"https:\/\/slewingbearings.com\/product\/se-25-slew-drive\/#breadcrumb\"},\"inLanguage\":\"pt-PT\",\"potentialAction\":[{\"@type\":\"ReadAction\",\"target\":[\"https:\/\/slewingbearings.com\/product\/se-25-slew-drive\/\"]}]},{\"@type\":\"BreadcrumbList\",\"@id\":\"https:\/\/slewingbearings.com\/product\/se-25-slew-drive\/#breadcrumb\",\"itemListElement\":[{\"@type\":\"ListItem\",\"position\":1,\"name\":\"Home\",\"item\":\"https:\/\/slewingbearings.com\/pt-pt\/rolamento-de-giro-acionamento-de-giro\/\"},{\"@type\":\"ListItem\",\"position\":2,\"name\":\"Shop\",\"item\":\"https:\/\/slewingbearings.com\/shop\/\"},{\"@type\":\"ListItem\",\"position\":3,\"name\":\"SE-25 unidade de costura\"}]},{\"@type\":\"WebSite\",\"@id\":\"https:\/\/slewingbearings.com\/#website\",\"url\":\"https:\/\/slewingbearings.com\/\",\"name\":\"ZZ Group\",\"description\":\"Leading Slewing Bearings in China\",\"potentialAction\":[{\"@type\":\"SearchAction\",\"target\":{\"@type\":\"EntryPoint\",\"urlTemplate\":\"https:\/\/slewingbearings.com\/?s={search_term_string}\"},\"query-input\":\"required name=search_term_string\"}],\"inLanguage\":\"pt-PT\"}]}<\/script>\n<!-- \/ Yoast SEO plugin. -->","yoast_head_json":{"title":"SE-25 unidade de costura - ZZ Group","description":"A estrutura principal do coroa de orienta\u00e7\u00e3o SE25 inclui an\u00e9is exteriores e interiores, sistemas de engrenagens, motores, redutores, sistemas de rolamentos, vedantes e componentes de prote\u00e7\u00e3o.","robots":{"index":"index","follow":"follow","max-snippet":"max-snippet:-1","max-image-preview":"max-image-preview:large","max-video-preview":"max-video-preview:-1"},"canonical":"https:\/\/slewingbearings.com\/product\/se-25-slew-drive\/","og_locale":"pt_PT","og_type":"article","og_title":"SE-25 unidade de costura - ZZ Group","og_description":"A estrutura principal do coroa de orienta\u00e7\u00e3o SE25 inclui an\u00e9is exteriores e interiores, sistemas de engrenagens, motores, redutores, sistemas de rolamentos, vedantes e componentes de prote\u00e7\u00e3o.","og_url":"https:\/\/slewingbearings.com\/product\/se-25-slew-drive\/","og_site_name":"ZZ Group","og_image":[{"width":500,"height":500,"url":"https:\/\/slewingbearings.com\/wp-content\/uploads\/2024\/01\/se25.jpg","type":"image\/jpeg"}],"twitter_card":"summary_large_image","twitter_misc":{"Tempo estimado de leitura":"1 minuto"},"schema":{"@context":"https:\/\/schema.org","@graph":[{"@type":"WebPage","@id":"https:\/\/slewingbearings.com\/product\/se-25-slew-drive\/","url":"https:\/\/slewingbearings.com\/product\/se-25-slew-drive\/","name":"SE-25 unidade de costura - ZZ Group","isPartOf":{"@id":"https:\/\/slewingbearings.com\/#website"},"datePublished":"2024-01-15T02:35:32+00:00","dateModified":"2024-01-15T02:35:32+00:00","description":"A estrutura principal do coroa de orienta\u00e7\u00e3o SE25 inclui an\u00e9is exteriores e interiores, sistemas de engrenagens, motores, redutores, sistemas de rolamentos, vedantes e componentes de prote\u00e7\u00e3o.","breadcrumb":{"@id":"https:\/\/slewingbearings.com\/product\/se-25-slew-drive\/#breadcrumb"},"inLanguage":"pt-PT","potentialAction":[{"@type":"ReadAction","target":["https:\/\/slewingbearings.com\/product\/se-25-slew-drive\/"]}]},{"@type":"BreadcrumbList","@id":"https:\/\/slewingbearings.com\/product\/se-25-slew-drive\/#breadcrumb","itemListElement":[{"@type":"ListItem","position":1,"name":"Home","item":"https:\/\/slewingbearings.com\/pt-pt\/rolamento-de-giro-acionamento-de-giro\/"},{"@type":"ListItem","position":2,"name":"Shop","item":"https:\/\/slewingbearings.com\/shop\/"},{"@type":"ListItem","position":3,"name":"SE-25 unidade de costura"}]},{"@type":"WebSite","@id":"https:\/\/slewingbearings.com\/#website","url":"https:\/\/slewingbearings.com\/","name":"ZZ Group","description":"Leading Slewing Bearings in China","potentialAction":[{"@type":"SearchAction","target":{"@type":"EntryPoint","urlTemplate":"https:\/\/slewingbearings.com\/?s={search_term_string}"},"query-input":"required name=search_term_string"}],"inLanguage":"pt-PT"}]}},"_links":{"self":[{"href":"https:\/\/slewingbearings.com\/pt-pt\/wp-json\/wp\/v2\/product\/11727","targetHints":{"allow":["GET"]}}],"collection":[{"href":"https:\/\/slewingbearings.com\/pt-pt\/wp-json\/wp\/v2\/product"}],"about":[{"href":"https:\/\/slewingbearings.com\/pt-pt\/wp-json\/wp\/v2\/types\/product"}],"replies":[{"embeddable":true,"href":"https:\/\/slewingbearings.com\/pt-pt\/wp-json\/wp\/v2\/comments?post=11727"}],"wp:featuredmedia":[{"embeddable":true,"href":"https:\/\/slewingbearings.com\/pt-pt\/wp-json\/wp\/v2\/media\/6029"}],"wp:attachment":[{"href":"https:\/\/slewingbearings.com\/pt-pt\/wp-json\/wp\/v2\/media?parent=11727"}],"wp:term":[{"taxonomy":"product_cat","embeddable":true,"href":"https:\/\/slewingbearings.com\/pt-pt\/wp-json\/wp\/v2\/product_cat?post=11727"},{"taxonomy":"product_tag","embeddable":true,"href":"https:\/\/slewingbearings.com\/pt-pt\/wp-json\/wp\/v2\/product_tag?post=11727"}],"curies":[{"name":"wp","href":"https:\/\/api.w.org\/{rel}","templated":true}]}}