{"id":11709,"date":"2024-01-15T01:47:27","date_gmt":"2024-01-15T01:47:27","guid":{"rendered":"https:\/\/slewingbearings.com\/product\/unidade-giratoria-se-17\/"},"modified":"2024-01-15T01:47:27","modified_gmt":"2024-01-15T01:47:27","slug":"unidade-giratoria-se-17","status":"publish","type":"product","link":"https:\/\/slewingbearings.com\/pt-pt\/product\/unidade-giratoria-se-17\/","title":{"rendered":"Unidade girat\u00f3ria SE-17"},"content":{"rendered":"<p>Fun\u00e7\u00e3o: O slew drive \u00e9 um sistema de rota\u00e7\u00e3o global, que inclui componentes como motores, redutores, sistemas de engrenagens e rolamentos. A sua principal fun\u00e7\u00e3o \u00e9 conseguir um movimento de rota\u00e7\u00e3o preciso atrav\u00e9s do acionamento do motor, normalmente com um bin\u00e1rio elevado e alta precis\u00e3o. <\/p>\n<p>Estrutura: Uma estrutura t\u00edpica de acionamento por coroa rotativa inclui an\u00e9is interiores e exteriores, sistemas de engrenagens, motores e sistemas de controlo. O sistema de engrenagens \u00e9 acionado pelo motor para rodar o anel interior em rela\u00e7\u00e3o ao anel exterior. <\/p>\n<p>Aplica\u00e7\u00e3o: os accionamentos girat\u00f3rios s\u00e3o amplamente utilizados em maquinaria industrial, sistemas de seguimento solar, rob\u00f3tica e outros campos, onde \u00e9 necess\u00e1rio um bin\u00e1rio elevado e um movimento rotativo de alta precis\u00e3o.<\/p>\n\n<table id=\"tablepress-17\" class=\"tablepress tablepress-id-17\">\n<thead>\n<tr class=\"row-1\">\n\t<th class=\"column-1\">Model<\/th><th class=\"column-2\">Output Torque<\/th><th class=\"column-3\">Tilting Moment Torque<\/th><th class=\"column-4\">Holding Torque<\/th><th class=\"column-5\">Gear Ratio<\/th><th class=\"column-6\">Tracking Precision<\/th><th class=\"column-7\">Weight<\/th><th class=\"column-8\">Drawing<\/th>\n<\/tr>\n<\/thead>\n<tbody class=\"row-striping row-hover\">\n<tr class=\"row-2\">\n\t<td class=\"column-1\">SE17<\/td><td class=\"column-2\">10 KN.m<\/td><td class=\"column-3\">135.6 KN.m<\/td><td class=\"column-4\">72.3 KN.m<\/td><td class=\"column-5\">102:1<\/td><td class=\"column-6\">0.15\u00b0<\/td><td class=\"column-7\">105kg<\/td><td class=\"column-8\"><a href=\"https:\/\/slewingbearings.com\/wp-content\/uploads\/2024\/01\/SE17-Slew-Drive-catalog.pdf\"><br \/>\n<img decoding=\"async\" src=\"https:\/\/slewingbearings.com\/wp-content\/uploads\/2024\/01\/pdf.png\" width=\"30\" height=\"30\"><\/a><\/td>\n<\/tr>\n<tr class=\"row-3\">\n\t<td class=\"column-1\">SE17<\/td><td class=\"column-2\">7400 lbf.ft<\/td><td class=\"column-3\">100\u00d710\u00b3 lbf.ft<\/td><td class=\"column-4\">53\u00d710\u00b3 lbf.ft<\/td><td class=\"column-5\">102:1<\/td><td class=\"column-6\">0.15\u00b0<\/td><td class=\"column-7\">105kg<\/td><td class=\"column-8\"><a href=\"https:\/\/slewingbearings.com\/wp-content\/uploads\/2024\/01\/SE17-Slew-Drive-catalog.pdf\"><br \/>\n<img decoding=\"async\" src=\"https:\/\/slewingbearings.com\/wp-content\/uploads\/2024\/01\/pdf.png\" width=\"30\" height=\"30\"><\/a><\/td>\n<\/tr>\n<\/tbody>\n<\/table>\n<!-- #tablepress-17 from cache -->\n","protected":false},"excerpt":{"rendered":"<p>Controlo de precis\u00e3o: O sistema de controlo avan\u00e7ado permite ao conversor de frequ\u00eancia da s\u00e9rie SE obter um controlo preciso da rota\u00e7\u00e3o. Isto \u00e9 importante para aplica\u00e7\u00f5es que requerem um elevado grau de automatiza\u00e7\u00e3o e traject\u00f3rias de movimento complexas. <\/p>\n<p>Adaptabilidade: O design do conversor de frequ\u00eancia da s\u00e9rie SE permite-lhe adaptar-se a diferentes ambientes de trabalho, incluindo alta temperatura, baixa temperatura, ambiente h\u00famido, etc. Isto aumenta a sua gama de aplica\u00e7\u00f5es em v\u00e1rios sectores industriais. <\/p>\n","protected":false},"featured_media":6011,"comment_status":"open","ping_status":"closed","template":"","meta":{"content-type":""},"product_cat":[335,328],"product_tag":[418],"class_list":{"0":"post-11709","1":"product","2":"type-product","3":"status-publish","4":"has-post-thumbnail","6":"product_cat-se-pe-slew-drive-pt-pt","7":"product_cat-slew-drive-pt-pt","8":"product_tag-se17-slew-drive-pt-pt","10":"first","11":"instock","12":"shipping-taxable","13":"product-type-simple"},"yoast_head":"<!-- This site is optimized with the Yoast SEO plugin v21.7 - https:\/\/yoast.com\/wordpress\/plugins\/seo\/ -->\n<title>Unidade girat\u00f3ria SE-17 - ZZ Group<\/title>\n<meta name=\"description\" content=\"O coroa de giro SE17 tem muitas aplica\u00e7\u00f5es importantes em ve\u00edculos de trabalho a\u00e9reo e as suas carater\u00edsticas fazem dele um componente essencial destes equipamentos.\" \/>\n<meta name=\"robots\" content=\"index, follow, max-snippet:-1, max-image-preview:large, max-video-preview:-1\" \/>\n<link rel=\"canonical\" href=\"https:\/\/slewingbearings.com\/product\/se-17-slew-drive\/\" \/>\n<meta property=\"og:locale\" content=\"pt_PT\" \/>\n<meta property=\"og:type\" content=\"article\" \/>\n<meta property=\"og:title\" content=\"Unidade girat\u00f3ria SE-17 - ZZ Group\" \/>\n<meta property=\"og:description\" content=\"O coroa de giro SE17 tem muitas aplica\u00e7\u00f5es importantes em ve\u00edculos de trabalho a\u00e9reo e as suas carater\u00edsticas fazem dele um componente essencial destes equipamentos.\" \/>\n<meta property=\"og:url\" content=\"https:\/\/slewingbearings.com\/product\/se-17-slew-drive\/\" \/>\n<meta property=\"og:site_name\" content=\"ZZ Group\" \/>\n<meta property=\"og:image\" content=\"https:\/\/slewingbearings.com\/wp-content\/uploads\/2024\/01\/se17.jpg\" \/>\n\t<meta property=\"og:image:width\" content=\"500\" \/>\n\t<meta property=\"og:image:height\" content=\"500\" \/>\n\t<meta property=\"og:image:type\" content=\"image\/jpeg\" \/>\n<meta name=\"twitter:card\" content=\"summary_large_image\" \/>\n<meta name=\"twitter:label1\" content=\"Tempo estimado de leitura\" \/>\n\t<meta name=\"twitter:data1\" content=\"1 minuto\" \/>\n<script type=\"application\/ld+json\" class=\"yoast-schema-graph\">{\"@context\":\"https:\/\/schema.org\",\"@graph\":[{\"@type\":\"WebPage\",\"@id\":\"https:\/\/slewingbearings.com\/product\/se-17-slew-drive\/\",\"url\":\"https:\/\/slewingbearings.com\/product\/se-17-slew-drive\/\",\"name\":\"Unidade girat\u00f3ria SE-17 - ZZ Group\",\"isPartOf\":{\"@id\":\"https:\/\/slewingbearings.com\/#website\"},\"datePublished\":\"2024-01-15T01:47:27+00:00\",\"dateModified\":\"2024-01-15T01:47:27+00:00\",\"description\":\"O coroa de giro SE17 tem muitas aplica\u00e7\u00f5es importantes em ve\u00edculos de trabalho a\u00e9reo e as suas carater\u00edsticas fazem dele um componente essencial destes equipamentos.\",\"breadcrumb\":{\"@id\":\"https:\/\/slewingbearings.com\/product\/se-17-slew-drive\/#breadcrumb\"},\"inLanguage\":\"pt-PT\",\"potentialAction\":[{\"@type\":\"ReadAction\",\"target\":[\"https:\/\/slewingbearings.com\/product\/se-17-slew-drive\/\"]}]},{\"@type\":\"BreadcrumbList\",\"@id\":\"https:\/\/slewingbearings.com\/product\/se-17-slew-drive\/#breadcrumb\",\"itemListElement\":[{\"@type\":\"ListItem\",\"position\":1,\"name\":\"Home\",\"item\":\"https:\/\/slewingbearings.com\/pt-pt\/rolamento-de-giro-acionamento-de-giro\/\"},{\"@type\":\"ListItem\",\"position\":2,\"name\":\"Shop\",\"item\":\"https:\/\/slewingbearings.com\/shop\/\"},{\"@type\":\"ListItem\",\"position\":3,\"name\":\"Unidade girat\u00f3ria SE-17\"}]},{\"@type\":\"WebSite\",\"@id\":\"https:\/\/slewingbearings.com\/#website\",\"url\":\"https:\/\/slewingbearings.com\/\",\"name\":\"ZZ Group\",\"description\":\"Leading Slewing Bearings in China\",\"potentialAction\":[{\"@type\":\"SearchAction\",\"target\":{\"@type\":\"EntryPoint\",\"urlTemplate\":\"https:\/\/slewingbearings.com\/?s={search_term_string}\"},\"query-input\":\"required name=search_term_string\"}],\"inLanguage\":\"pt-PT\"}]}<\/script>\n<!-- \/ Yoast SEO plugin. -->","yoast_head_json":{"title":"Unidade girat\u00f3ria SE-17 - ZZ Group","description":"O coroa de giro SE17 tem muitas aplica\u00e7\u00f5es importantes em ve\u00edculos de trabalho a\u00e9reo e as suas carater\u00edsticas fazem dele um componente essencial destes equipamentos.","robots":{"index":"index","follow":"follow","max-snippet":"max-snippet:-1","max-image-preview":"max-image-preview:large","max-video-preview":"max-video-preview:-1"},"canonical":"https:\/\/slewingbearings.com\/product\/se-17-slew-drive\/","og_locale":"pt_PT","og_type":"article","og_title":"Unidade girat\u00f3ria SE-17 - ZZ Group","og_description":"O coroa de giro SE17 tem muitas aplica\u00e7\u00f5es importantes em ve\u00edculos de trabalho a\u00e9reo e as suas carater\u00edsticas fazem dele um componente essencial destes equipamentos.","og_url":"https:\/\/slewingbearings.com\/product\/se-17-slew-drive\/","og_site_name":"ZZ Group","og_image":[{"width":500,"height":500,"url":"https:\/\/slewingbearings.com\/wp-content\/uploads\/2024\/01\/se17.jpg","type":"image\/jpeg"}],"twitter_card":"summary_large_image","twitter_misc":{"Tempo estimado de leitura":"1 minuto"},"schema":{"@context":"https:\/\/schema.org","@graph":[{"@type":"WebPage","@id":"https:\/\/slewingbearings.com\/product\/se-17-slew-drive\/","url":"https:\/\/slewingbearings.com\/product\/se-17-slew-drive\/","name":"Unidade girat\u00f3ria SE-17 - ZZ Group","isPartOf":{"@id":"https:\/\/slewingbearings.com\/#website"},"datePublished":"2024-01-15T01:47:27+00:00","dateModified":"2024-01-15T01:47:27+00:00","description":"O coroa de giro SE17 tem muitas aplica\u00e7\u00f5es importantes em ve\u00edculos de trabalho a\u00e9reo e as suas carater\u00edsticas fazem dele um componente essencial destes equipamentos.","breadcrumb":{"@id":"https:\/\/slewingbearings.com\/product\/se-17-slew-drive\/#breadcrumb"},"inLanguage":"pt-PT","potentialAction":[{"@type":"ReadAction","target":["https:\/\/slewingbearings.com\/product\/se-17-slew-drive\/"]}]},{"@type":"BreadcrumbList","@id":"https:\/\/slewingbearings.com\/product\/se-17-slew-drive\/#breadcrumb","itemListElement":[{"@type":"ListItem","position":1,"name":"Home","item":"https:\/\/slewingbearings.com\/pt-pt\/rolamento-de-giro-acionamento-de-giro\/"},{"@type":"ListItem","position":2,"name":"Shop","item":"https:\/\/slewingbearings.com\/shop\/"},{"@type":"ListItem","position":3,"name":"Unidade girat\u00f3ria SE-17"}]},{"@type":"WebSite","@id":"https:\/\/slewingbearings.com\/#website","url":"https:\/\/slewingbearings.com\/","name":"ZZ Group","description":"Leading Slewing Bearings in China","potentialAction":[{"@type":"SearchAction","target":{"@type":"EntryPoint","urlTemplate":"https:\/\/slewingbearings.com\/?s={search_term_string}"},"query-input":"required name=search_term_string"}],"inLanguage":"pt-PT"}]}},"_links":{"self":[{"href":"https:\/\/slewingbearings.com\/pt-pt\/wp-json\/wp\/v2\/product\/11709","targetHints":{"allow":["GET"]}}],"collection":[{"href":"https:\/\/slewingbearings.com\/pt-pt\/wp-json\/wp\/v2\/product"}],"about":[{"href":"https:\/\/slewingbearings.com\/pt-pt\/wp-json\/wp\/v2\/types\/product"}],"replies":[{"embeddable":true,"href":"https:\/\/slewingbearings.com\/pt-pt\/wp-json\/wp\/v2\/comments?post=11709"}],"wp:featuredmedia":[{"embeddable":true,"href":"https:\/\/slewingbearings.com\/pt-pt\/wp-json\/wp\/v2\/media\/6011"}],"wp:attachment":[{"href":"https:\/\/slewingbearings.com\/pt-pt\/wp-json\/wp\/v2\/media?parent=11709"}],"wp:term":[{"taxonomy":"product_cat","embeddable":true,"href":"https:\/\/slewingbearings.com\/pt-pt\/wp-json\/wp\/v2\/product_cat?post=11709"},{"taxonomy":"product_tag","embeddable":true,"href":"https:\/\/slewingbearings.com\/pt-pt\/wp-json\/wp\/v2\/product_tag?post=11709"}],"curies":[{"name":"wp","href":"https:\/\/api.w.org\/{rel}","templated":true}]}}