{"id":11701,"date":"2024-01-15T01:46:56","date_gmt":"2024-01-15T01:46:56","guid":{"rendered":"https:\/\/slewingbearings.com\/product\/se-14-unidade-de-giro\/"},"modified":"2024-01-15T01:46:56","modified_gmt":"2024-01-15T01:46:56","slug":"se-14-unidade-de-giro","status":"publish","type":"product","link":"https:\/\/slewingbearings.com\/pt-pt\/product\/se-14-unidade-de-giro\/","title":{"rendered":"SE-14 unidade de giro"},"content":{"rendered":"<p>Fiabilidade e durabilidade: <a href=\"https:\/\/slewingbearings.com\/product-category\/slew-drive\/\">Os accionamentosgirat\u00f3rios<\/a> da s\u00e9rie SE utilizam geralmente materiais de alta qualidade e processos de fabrico avan\u00e7ados, com grande durabilidade e fiabilidade. Isto permite um funcionamento est\u00e1vel em v\u00e1rias condi\u00e7\u00f5es e ambientes de trabalho e reduz os custos de manuten\u00e7\u00e3o. <\/p>\n<p>Versatilidade: Devido \u00e0 flexibilidade do seu design, o conversor de frequ\u00eancia da s\u00e9rie SE pode ser utilizado numa variedade de cen\u00e1rios de aplica\u00e7\u00e3o. Quer seja em linhas de produ\u00e7\u00e3o industrial, aeroespacial, engenharia de constru\u00e7\u00e3o ou equipamento m\u00e9dico, os accionamentos rotativos da s\u00e9rie SE podem adaptar-se a diferentes necessidades. <\/p>\n<p>Controlo de precis\u00e3o: O sistema de controlo avan\u00e7ado permite ao conversor de frequ\u00eancia da s\u00e9rie SE obter um controlo preciso da rota\u00e7\u00e3o. Isto \u00e9 importante para aplica\u00e7\u00f5es que requerem um elevado grau de automatiza\u00e7\u00e3o e traject\u00f3rias de movimento complexas. <\/p>\n\n<table id=\"tablepress-16\" class=\"tablepress tablepress-id-16\">\n<thead>\n<tr class=\"row-1\">\n\t<th class=\"column-1\">Model<\/th><th class=\"column-2\">Output Torque<\/th><th class=\"column-3\">Tilting Moment Torque<\/th><th class=\"column-4\">Holding Torque<\/th><th class=\"column-5\">Gear Ratio<\/th><th class=\"column-6\">Tracking Precision<\/th><th class=\"column-7\">Weight<\/th><th class=\"column-8\">Drawing<\/th>\n<\/tr>\n<\/thead>\n<tbody class=\"row-striping row-hover\">\n<tr class=\"row-2\">\n\t<td class=\"column-1\">SE14<\/td><td class=\"column-2\">8 KN.m<\/td><td class=\"column-3\">67.8 KN.m<\/td><td class=\"column-4\">48 KN.m<\/td><td class=\"column-5\">85:1<\/td><td class=\"column-6\">0.17\u00b0<\/td><td class=\"column-7\">64kg<\/td><td class=\"column-8\"><a href=\"https:\/\/slewingbearings.com\/wp-content\/uploads\/2024\/01\/SE14-Slew-Drive-catalog.pdf\"><br \/>\n<img decoding=\"async\" src=\"https:\/\/slewingbearings.com\/wp-content\/uploads\/2024\/01\/pdf.png\" width=\"30\" height=\"30\"><\/a><\/td>\n<\/tr>\n<tr class=\"row-3\">\n\t<td class=\"column-1\">SE14<\/td><td class=\"column-2\">5900 lbf.ft<\/td><td class=\"column-3\">50\u00d710\u00b3 lbf.ft<\/td><td class=\"column-4\">35\u00d710\u00b3 lbf.ft<\/td><td class=\"column-5\">85:1<\/td><td class=\"column-6\">0.17\u00b0<\/td><td class=\"column-7\">64kg<\/td><td class=\"column-8\"><a href=\"https:\/\/slewingbearings.com\/wp-content\/uploads\/2024\/01\/SE14-Slew-Drive-catalog.pdf\"><br \/>\n<img decoding=\"async\" src=\"https:\/\/slewingbearings.com\/wp-content\/uploads\/2024\/01\/pdf.png\" width=\"30\" height=\"30\"><\/a><\/td>\n<\/tr>\n<\/tbody>\n<\/table>\n<!-- #tablepress-16 from cache -->\n","protected":false},"excerpt":{"rendered":"<p>Controlo de precis\u00e3o: O sistema de controlo avan\u00e7ado permite que o conversor de frequ\u00eancia da s\u00e9rie SE obtenha um controlo preciso da rota\u00e7\u00e3o. Isto \u00e9 importante para aplica\u00e7\u00f5es que requerem um elevado grau de automatiza\u00e7\u00e3o e traject\u00f3rias de movimento complexas. <\/p>\n<p>Adaptabilidade: A conce\u00e7\u00e3o do conversor de frequ\u00eancia da s\u00e9rie SE permite-lhe adaptar-se a diferentes ambientes de trabalho, incluindo alta temperatura, baixa temperatura, ambiente h\u00famido, etc. Isto aumenta a sua gama de aplica\u00e7\u00f5es em v\u00e1rios sectores industriais. <\/p>\n","protected":false},"featured_media":6002,"comment_status":"open","ping_status":"closed","template":"","meta":{"content-type":""},"product_cat":[335,328],"product_tag":[411],"class_list":{"0":"post-11701","1":"product","2":"type-product","3":"status-publish","4":"has-post-thumbnail","6":"product_cat-se-pe-slew-drive-pt-pt","7":"product_cat-slew-drive-pt-pt","8":"product_tag-se14-slew-drive-pt-pt","10":"first","11":"instock","12":"shipping-taxable","13":"product-type-simple"},"yoast_head":"<!-- This site is optimized with the Yoast SEO plugin v21.7 - https:\/\/yoast.com\/wordpress\/plugins\/seo\/ -->\n<title>SE-14 unidade de giro - ZZ Group<\/title>\n<meta name=\"description\" content=\"O sistema de motor e redutor de alta efici\u00eancia faz com que o coroa de giro SE14 se destaque em termos de efici\u00eancia energ\u00e9tica. Isto ajuda a reduzir os custos de energia.\" \/>\n<meta name=\"robots\" content=\"index, follow, max-snippet:-1, max-image-preview:large, max-video-preview:-1\" \/>\n<link rel=\"canonical\" href=\"https:\/\/slewingbearings.com\/product\/se-14-slew-drive\/\" \/>\n<meta property=\"og:locale\" content=\"pt_PT\" \/>\n<meta property=\"og:type\" content=\"article\" \/>\n<meta property=\"og:title\" content=\"SE-14 unidade de giro - ZZ Group\" \/>\n<meta property=\"og:description\" content=\"O sistema de motor e redutor de alta efici\u00eancia faz com que o coroa de giro SE14 se destaque em termos de efici\u00eancia energ\u00e9tica. Isto ajuda a reduzir os custos de energia.\" \/>\n<meta property=\"og:url\" content=\"https:\/\/slewingbearings.com\/product\/se-14-slew-drive\/\" \/>\n<meta property=\"og:site_name\" content=\"ZZ Group\" \/>\n<meta property=\"og:image\" content=\"https:\/\/slewingbearings.com\/wp-content\/uploads\/2024\/01\/se14.jpg\" \/>\n\t<meta property=\"og:image:width\" content=\"500\" \/>\n\t<meta property=\"og:image:height\" content=\"500\" \/>\n\t<meta property=\"og:image:type\" content=\"image\/jpeg\" \/>\n<meta name=\"twitter:card\" content=\"summary_large_image\" \/>\n<meta name=\"twitter:label1\" content=\"Tempo estimado de leitura\" \/>\n\t<meta name=\"twitter:data1\" content=\"1 minuto\" \/>\n<script type=\"application\/ld+json\" class=\"yoast-schema-graph\">{\"@context\":\"https:\/\/schema.org\",\"@graph\":[{\"@type\":\"WebPage\",\"@id\":\"https:\/\/slewingbearings.com\/product\/se-14-slew-drive\/\",\"url\":\"https:\/\/slewingbearings.com\/product\/se-14-slew-drive\/\",\"name\":\"SE-14 unidade de giro - ZZ Group\",\"isPartOf\":{\"@id\":\"https:\/\/slewingbearings.com\/#website\"},\"datePublished\":\"2024-01-15T01:46:56+00:00\",\"dateModified\":\"2024-01-15T01:46:56+00:00\",\"description\":\"O sistema de motor e redutor de alta efici\u00eancia faz com que o coroa de giro SE14 se destaque em termos de efici\u00eancia energ\u00e9tica. Isto ajuda a reduzir os custos de energia.\",\"breadcrumb\":{\"@id\":\"https:\/\/slewingbearings.com\/product\/se-14-slew-drive\/#breadcrumb\"},\"inLanguage\":\"pt-PT\",\"potentialAction\":[{\"@type\":\"ReadAction\",\"target\":[\"https:\/\/slewingbearings.com\/product\/se-14-slew-drive\/\"]}]},{\"@type\":\"BreadcrumbList\",\"@id\":\"https:\/\/slewingbearings.com\/product\/se-14-slew-drive\/#breadcrumb\",\"itemListElement\":[{\"@type\":\"ListItem\",\"position\":1,\"name\":\"Home\",\"item\":\"https:\/\/slewingbearings.com\/pt-pt\/rolamento-de-giro-acionamento-de-giro\/\"},{\"@type\":\"ListItem\",\"position\":2,\"name\":\"Shop\",\"item\":\"https:\/\/slewingbearings.com\/shop\/\"},{\"@type\":\"ListItem\",\"position\":3,\"name\":\"SE-14 unidade de giro\"}]},{\"@type\":\"WebSite\",\"@id\":\"https:\/\/slewingbearings.com\/#website\",\"url\":\"https:\/\/slewingbearings.com\/\",\"name\":\"ZZ Group\",\"description\":\"Leading Slewing Bearings in China\",\"potentialAction\":[{\"@type\":\"SearchAction\",\"target\":{\"@type\":\"EntryPoint\",\"urlTemplate\":\"https:\/\/slewingbearings.com\/?s={search_term_string}\"},\"query-input\":\"required name=search_term_string\"}],\"inLanguage\":\"pt-PT\"}]}<\/script>\n<!-- \/ Yoast SEO plugin. -->","yoast_head_json":{"title":"SE-14 unidade de giro - ZZ Group","description":"O sistema de motor e redutor de alta efici\u00eancia faz com que o coroa de giro SE14 se destaque em termos de efici\u00eancia energ\u00e9tica. Isto ajuda a reduzir os custos de energia.","robots":{"index":"index","follow":"follow","max-snippet":"max-snippet:-1","max-image-preview":"max-image-preview:large","max-video-preview":"max-video-preview:-1"},"canonical":"https:\/\/slewingbearings.com\/product\/se-14-slew-drive\/","og_locale":"pt_PT","og_type":"article","og_title":"SE-14 unidade de giro - ZZ Group","og_description":"O sistema de motor e redutor de alta efici\u00eancia faz com que o coroa de giro SE14 se destaque em termos de efici\u00eancia energ\u00e9tica. Isto ajuda a reduzir os custos de energia.","og_url":"https:\/\/slewingbearings.com\/product\/se-14-slew-drive\/","og_site_name":"ZZ Group","og_image":[{"width":500,"height":500,"url":"https:\/\/slewingbearings.com\/wp-content\/uploads\/2024\/01\/se14.jpg","type":"image\/jpeg"}],"twitter_card":"summary_large_image","twitter_misc":{"Tempo estimado de leitura":"1 minuto"},"schema":{"@context":"https:\/\/schema.org","@graph":[{"@type":"WebPage","@id":"https:\/\/slewingbearings.com\/product\/se-14-slew-drive\/","url":"https:\/\/slewingbearings.com\/product\/se-14-slew-drive\/","name":"SE-14 unidade de giro - ZZ Group","isPartOf":{"@id":"https:\/\/slewingbearings.com\/#website"},"datePublished":"2024-01-15T01:46:56+00:00","dateModified":"2024-01-15T01:46:56+00:00","description":"O sistema de motor e redutor de alta efici\u00eancia faz com que o coroa de giro SE14 se destaque em termos de efici\u00eancia energ\u00e9tica. Isto ajuda a reduzir os custos de energia.","breadcrumb":{"@id":"https:\/\/slewingbearings.com\/product\/se-14-slew-drive\/#breadcrumb"},"inLanguage":"pt-PT","potentialAction":[{"@type":"ReadAction","target":["https:\/\/slewingbearings.com\/product\/se-14-slew-drive\/"]}]},{"@type":"BreadcrumbList","@id":"https:\/\/slewingbearings.com\/product\/se-14-slew-drive\/#breadcrumb","itemListElement":[{"@type":"ListItem","position":1,"name":"Home","item":"https:\/\/slewingbearings.com\/pt-pt\/rolamento-de-giro-acionamento-de-giro\/"},{"@type":"ListItem","position":2,"name":"Shop","item":"https:\/\/slewingbearings.com\/shop\/"},{"@type":"ListItem","position":3,"name":"SE-14 unidade de giro"}]},{"@type":"WebSite","@id":"https:\/\/slewingbearings.com\/#website","url":"https:\/\/slewingbearings.com\/","name":"ZZ Group","description":"Leading Slewing Bearings in China","potentialAction":[{"@type":"SearchAction","target":{"@type":"EntryPoint","urlTemplate":"https:\/\/slewingbearings.com\/?s={search_term_string}"},"query-input":"required name=search_term_string"}],"inLanguage":"pt-PT"}]}},"_links":{"self":[{"href":"https:\/\/slewingbearings.com\/pt-pt\/wp-json\/wp\/v2\/product\/11701","targetHints":{"allow":["GET"]}}],"collection":[{"href":"https:\/\/slewingbearings.com\/pt-pt\/wp-json\/wp\/v2\/product"}],"about":[{"href":"https:\/\/slewingbearings.com\/pt-pt\/wp-json\/wp\/v2\/types\/product"}],"replies":[{"embeddable":true,"href":"https:\/\/slewingbearings.com\/pt-pt\/wp-json\/wp\/v2\/comments?post=11701"}],"wp:featuredmedia":[{"embeddable":true,"href":"https:\/\/slewingbearings.com\/pt-pt\/wp-json\/wp\/v2\/media\/6002"}],"wp:attachment":[{"href":"https:\/\/slewingbearings.com\/pt-pt\/wp-json\/wp\/v2\/media?parent=11701"}],"wp:term":[{"taxonomy":"product_cat","embeddable":true,"href":"https:\/\/slewingbearings.com\/pt-pt\/wp-json\/wp\/v2\/product_cat?post=11701"},{"taxonomy":"product_tag","embeddable":true,"href":"https:\/\/slewingbearings.com\/pt-pt\/wp-json\/wp\/v2\/product_tag?post=11701"}],"curies":[{"name":"wp","href":"https:\/\/api.w.org\/{rel}","templated":true}]}}