{"id":11693,"date":"2024-01-15T01:19:28","date_gmt":"2024-01-15T01:19:28","guid":{"rendered":"https:\/\/slewingbearings.com\/product\/unidade-de-rotacao-se-12\/"},"modified":"2024-01-15T01:19:28","modified_gmt":"2024-01-15T01:19:28","slug":"unidade-de-rotacao-se-12","status":"publish","type":"product","link":"https:\/\/slewingbearings.com\/pt-pt\/product\/unidade-de-rotacao-se-12\/","title":{"rendered":"Unidade de rota\u00e7\u00e3o SE-12"},"content":{"rendered":"<p><strong>Sistema de seguimento solar:<\/strong> Na ind\u00fastria solar, as s\u00e9ries SE s\u00e3o amplamente utilizadas em sistemas de rastreamento solar para ajustar o \u00e2ngulo dos pain\u00e9is solares para maximizar a absor\u00e7\u00e3o da luz solar. Estas aplica\u00e7\u00f5es exigem elevada precis\u00e3o e fiabilidade para garantir que os pain\u00e9is solares mant\u00eam a sua orienta\u00e7\u00e3o ideal durante as mudan\u00e7as di\u00e1rias e sazonais. <\/p>\n<p><strong>Rob\u00f3tica:<\/strong> No dom\u00ednio dos rob\u00f4s industriais e de servi\u00e7o, os accionamentos girat\u00f3rios da s\u00e9rie SE s\u00e3o frequentemente utilizados nas articula\u00e7\u00f5es dos rob\u00f4s para permitir que estes realizem movimentos precisos nas articula\u00e7\u00f5es. Isto \u00e9 crucial para que os robots executem tarefas complexas nas linhas de produ\u00e7\u00e3o ou efectuem opera\u00e7\u00f5es espec\u00edficas nas ind\u00fastrias de servi\u00e7os. <\/p>\n\n<table id=\"tablepress-15\" class=\"tablepress tablepress-id-15\">\n<thead>\n<tr class=\"row-1\">\n\t<th class=\"column-1\">Model<\/th><th class=\"column-2\">Output Torque<\/th><th class=\"column-3\">Tilting Moment Torque<\/th><th class=\"column-4\">Holding Torque<\/th><th class=\"column-5\">Gear Ratio<\/th><th class=\"column-6\">Tracking Precision<\/th><th class=\"column-7\">Weight<\/th><th class=\"column-8\">Drawing<\/th>\n<\/tr>\n<\/thead>\n<tbody class=\"row-striping row-hover\">\n<tr class=\"row-2\">\n\t<td class=\"column-1\">SE12<\/td><td class=\"column-2\">7.5 KN.m<\/td><td class=\"column-3\">54.3 KN.m<\/td><td class=\"column-4\">43 KN.m<\/td><td class=\"column-5\">78:1<\/td><td class=\"column-6\">0.17\u00b0<\/td><td class=\"column-7\">61kg<\/td><td class=\"column-8\"><a href=\"https:\/\/slewingbearings.com\/wp-content\/uploads\/2024\/01\/SE12-Slew-Drive-catalog.pdf\"><br \/>\n<img decoding=\"async\" src=\"https:\/\/slewingbearings.com\/wp-content\/uploads\/2024\/01\/pdf.png\" width=\"30\" height=\"30\"><\/a><\/td>\n<\/tr>\n<tr class=\"row-3\">\n\t<td class=\"column-1\">SE12<\/td><td class=\"column-2\">5532 lbf.ft<\/td><td class=\"column-3\">40\u00d710\u00b3 lbf.ft<\/td><td class=\"column-4\">32\u00d710\u00b3 lbf.ft<\/td><td class=\"column-5\">78:1<\/td><td class=\"column-6\">0.17\u00b0<\/td><td class=\"column-7\">61kg<\/td><td class=\"column-8\"><a href=\"https:\/\/slewingbearings.com\/wp-content\/uploads\/2024\/01\/SE12-Slew-Drive-catalog.pdf\"><br \/>\n<img decoding=\"async\" src=\"https:\/\/slewingbearings.com\/wp-content\/uploads\/2024\/01\/pdf.png\" width=\"30\" height=\"30\"><\/a><\/td>\n<\/tr>\n<\/tbody>\n<\/table>\n<!-- #tablepress-15 from cache -->\n","protected":false},"excerpt":{"rendered":"<p>Os conversores de frequ\u00eancia da s\u00e9rie SE oferecem m\u00faltiplas vantagens em aplica\u00e7\u00f5es industriais e de engenharia, tornando-os a primeira escolha em muitas \u00e1reas. Aqui est\u00e3o algumas das principais vantagens dos conversores de frequ\u00eancia da s\u00e9rie SE: <\/p>\n<p>Alta precis\u00e3o: O conversor de frequ\u00eancia da s\u00e9rie SE foi concebido com precis\u00e3o para proporcionar um movimento de rota\u00e7\u00e3o altamente preciso. Isto \u00e9 importante para aplica\u00e7\u00f5es que requerem um posicionamento e controlo precisos, tais como equipamento de produ\u00e7\u00e3o e rob\u00f3tica. <\/p>\n<p>Bin\u00e1rio elevado: A s\u00e9rie SE \u00e9 capaz de fornecer um elevado bin\u00e1rio de sa\u00edda, o que a torna adequada para aplica\u00e7\u00f5es que necessitam de lidar com cargas pesadas ou realizar opera\u00e7\u00f5es de alta pot\u00eancia, tais como m\u00e1quinas de constru\u00e7\u00e3o e sistemas de rastreio solar.<\/p>\n","protected":false},"featured_media":5993,"comment_status":"open","ping_status":"closed","template":"","meta":{"content-type":""},"product_cat":[335,328],"product_tag":[404],"class_list":{"0":"post-11693","1":"product","2":"type-product","3":"status-publish","4":"has-post-thumbnail","6":"product_cat-se-pe-slew-drive-pt-pt","7":"product_cat-slew-drive-pt-pt","8":"product_tag-se12-slew-drive-pt-pt","10":"first","11":"instock","12":"shipping-taxable","13":"product-type-simple"},"yoast_head":"<!-- This site is optimized with the Yoast SEO plugin v21.7 - https:\/\/yoast.com\/wordpress\/plugins\/seo\/ -->\n<title>Unidade de rota\u00e7\u00e3o SE-12 - ZZ Group<\/title>\n<meta name=\"description\" content=\"A estrutura do coroa de orienta\u00e7\u00e3o SE12 foi concebida com precis\u00e3o e optimizada para proporcionar um elevado desempenho em aplica\u00e7\u00f5es industriais e de engenharia.\" \/>\n<meta name=\"robots\" content=\"index, follow, max-snippet:-1, max-image-preview:large, max-video-preview:-1\" \/>\n<link rel=\"canonical\" href=\"https:\/\/slewingbearings.com\/product\/se-12-slew-drive\/\" \/>\n<meta property=\"og:locale\" content=\"pt_PT\" \/>\n<meta property=\"og:type\" content=\"article\" \/>\n<meta property=\"og:title\" content=\"Unidade de rota\u00e7\u00e3o SE-12 - ZZ Group\" \/>\n<meta property=\"og:description\" content=\"A estrutura do coroa de orienta\u00e7\u00e3o SE12 foi concebida com precis\u00e3o e optimizada para proporcionar um elevado desempenho em aplica\u00e7\u00f5es industriais e de engenharia.\" \/>\n<meta property=\"og:url\" content=\"https:\/\/slewingbearings.com\/product\/se-12-slew-drive\/\" \/>\n<meta property=\"og:site_name\" content=\"ZZ Group\" \/>\n<meta property=\"og:image\" content=\"https:\/\/slewingbearings.com\/wp-content\/uploads\/2024\/01\/se12.jpg\" \/>\n\t<meta property=\"og:image:width\" content=\"500\" \/>\n\t<meta property=\"og:image:height\" content=\"500\" \/>\n\t<meta property=\"og:image:type\" content=\"image\/jpeg\" \/>\n<meta name=\"twitter:card\" content=\"summary_large_image\" \/>\n<meta name=\"twitter:label1\" content=\"Tempo estimado de leitura\" \/>\n\t<meta name=\"twitter:data1\" content=\"1 minuto\" \/>\n<script type=\"application\/ld+json\" class=\"yoast-schema-graph\">{\"@context\":\"https:\/\/schema.org\",\"@graph\":[{\"@type\":\"WebPage\",\"@id\":\"https:\/\/slewingbearings.com\/product\/se-12-slew-drive\/\",\"url\":\"https:\/\/slewingbearings.com\/product\/se-12-slew-drive\/\",\"name\":\"Unidade de rota\u00e7\u00e3o SE-12 - ZZ Group\",\"isPartOf\":{\"@id\":\"https:\/\/slewingbearings.com\/#website\"},\"datePublished\":\"2024-01-15T01:19:28+00:00\",\"dateModified\":\"2024-01-15T01:19:28+00:00\",\"description\":\"A estrutura do coroa de orienta\u00e7\u00e3o SE12 foi concebida com precis\u00e3o e optimizada para proporcionar um elevado desempenho em aplica\u00e7\u00f5es industriais e de engenharia.\",\"breadcrumb\":{\"@id\":\"https:\/\/slewingbearings.com\/product\/se-12-slew-drive\/#breadcrumb\"},\"inLanguage\":\"pt-PT\",\"potentialAction\":[{\"@type\":\"ReadAction\",\"target\":[\"https:\/\/slewingbearings.com\/product\/se-12-slew-drive\/\"]}]},{\"@type\":\"BreadcrumbList\",\"@id\":\"https:\/\/slewingbearings.com\/product\/se-12-slew-drive\/#breadcrumb\",\"itemListElement\":[{\"@type\":\"ListItem\",\"position\":1,\"name\":\"Home\",\"item\":\"https:\/\/slewingbearings.com\/pt-pt\/rolamento-de-giro-acionamento-de-giro\/\"},{\"@type\":\"ListItem\",\"position\":2,\"name\":\"Shop\",\"item\":\"https:\/\/slewingbearings.com\/shop\/\"},{\"@type\":\"ListItem\",\"position\":3,\"name\":\"Unidade de rota\u00e7\u00e3o SE-12\"}]},{\"@type\":\"WebSite\",\"@id\":\"https:\/\/slewingbearings.com\/#website\",\"url\":\"https:\/\/slewingbearings.com\/\",\"name\":\"ZZ Group\",\"description\":\"Leading Slewing Bearings in China\",\"potentialAction\":[{\"@type\":\"SearchAction\",\"target\":{\"@type\":\"EntryPoint\",\"urlTemplate\":\"https:\/\/slewingbearings.com\/?s={search_term_string}\"},\"query-input\":\"required name=search_term_string\"}],\"inLanguage\":\"pt-PT\"}]}<\/script>\n<!-- \/ Yoast SEO plugin. -->","yoast_head_json":{"title":"Unidade de rota\u00e7\u00e3o SE-12 - ZZ Group","description":"A estrutura do coroa de orienta\u00e7\u00e3o SE12 foi concebida com precis\u00e3o e optimizada para proporcionar um elevado desempenho em aplica\u00e7\u00f5es industriais e de engenharia.","robots":{"index":"index","follow":"follow","max-snippet":"max-snippet:-1","max-image-preview":"max-image-preview:large","max-video-preview":"max-video-preview:-1"},"canonical":"https:\/\/slewingbearings.com\/product\/se-12-slew-drive\/","og_locale":"pt_PT","og_type":"article","og_title":"Unidade de rota\u00e7\u00e3o SE-12 - ZZ Group","og_description":"A estrutura do coroa de orienta\u00e7\u00e3o SE12 foi concebida com precis\u00e3o e optimizada para proporcionar um elevado desempenho em aplica\u00e7\u00f5es industriais e de engenharia.","og_url":"https:\/\/slewingbearings.com\/product\/se-12-slew-drive\/","og_site_name":"ZZ Group","og_image":[{"width":500,"height":500,"url":"https:\/\/slewingbearings.com\/wp-content\/uploads\/2024\/01\/se12.jpg","type":"image\/jpeg"}],"twitter_card":"summary_large_image","twitter_misc":{"Tempo estimado de leitura":"1 minuto"},"schema":{"@context":"https:\/\/schema.org","@graph":[{"@type":"WebPage","@id":"https:\/\/slewingbearings.com\/product\/se-12-slew-drive\/","url":"https:\/\/slewingbearings.com\/product\/se-12-slew-drive\/","name":"Unidade de rota\u00e7\u00e3o SE-12 - ZZ Group","isPartOf":{"@id":"https:\/\/slewingbearings.com\/#website"},"datePublished":"2024-01-15T01:19:28+00:00","dateModified":"2024-01-15T01:19:28+00:00","description":"A estrutura do coroa de orienta\u00e7\u00e3o SE12 foi concebida com precis\u00e3o e optimizada para proporcionar um elevado desempenho em aplica\u00e7\u00f5es industriais e de engenharia.","breadcrumb":{"@id":"https:\/\/slewingbearings.com\/product\/se-12-slew-drive\/#breadcrumb"},"inLanguage":"pt-PT","potentialAction":[{"@type":"ReadAction","target":["https:\/\/slewingbearings.com\/product\/se-12-slew-drive\/"]}]},{"@type":"BreadcrumbList","@id":"https:\/\/slewingbearings.com\/product\/se-12-slew-drive\/#breadcrumb","itemListElement":[{"@type":"ListItem","position":1,"name":"Home","item":"https:\/\/slewingbearings.com\/pt-pt\/rolamento-de-giro-acionamento-de-giro\/"},{"@type":"ListItem","position":2,"name":"Shop","item":"https:\/\/slewingbearings.com\/shop\/"},{"@type":"ListItem","position":3,"name":"Unidade de rota\u00e7\u00e3o SE-12"}]},{"@type":"WebSite","@id":"https:\/\/slewingbearings.com\/#website","url":"https:\/\/slewingbearings.com\/","name":"ZZ Group","description":"Leading Slewing Bearings in China","potentialAction":[{"@type":"SearchAction","target":{"@type":"EntryPoint","urlTemplate":"https:\/\/slewingbearings.com\/?s={search_term_string}"},"query-input":"required name=search_term_string"}],"inLanguage":"pt-PT"}]}},"_links":{"self":[{"href":"https:\/\/slewingbearings.com\/pt-pt\/wp-json\/wp\/v2\/product\/11693","targetHints":{"allow":["GET"]}}],"collection":[{"href":"https:\/\/slewingbearings.com\/pt-pt\/wp-json\/wp\/v2\/product"}],"about":[{"href":"https:\/\/slewingbearings.com\/pt-pt\/wp-json\/wp\/v2\/types\/product"}],"replies":[{"embeddable":true,"href":"https:\/\/slewingbearings.com\/pt-pt\/wp-json\/wp\/v2\/comments?post=11693"}],"wp:featuredmedia":[{"embeddable":true,"href":"https:\/\/slewingbearings.com\/pt-pt\/wp-json\/wp\/v2\/media\/5993"}],"wp:attachment":[{"href":"https:\/\/slewingbearings.com\/pt-pt\/wp-json\/wp\/v2\/media?parent=11693"}],"wp:term":[{"taxonomy":"product_cat","embeddable":true,"href":"https:\/\/slewingbearings.com\/pt-pt\/wp-json\/wp\/v2\/product_cat?post=11693"},{"taxonomy":"product_tag","embeddable":true,"href":"https:\/\/slewingbearings.com\/pt-pt\/wp-json\/wp\/v2\/product_tag?post=11693"}],"curies":[{"name":"wp","href":"https:\/\/api.w.org\/{rel}","templated":true}]}}