{"id":11686,"date":"2024-01-15T00:40:02","date_gmt":"2024-01-15T00:40:02","guid":{"rendered":"https:\/\/slewingbearings.com\/product\/se-9-acionamento-da-roda-dentada\/"},"modified":"2024-01-15T00:40:02","modified_gmt":"2024-01-15T00:40:02","slug":"se-9-acionamento-da-roda-dentada","status":"publish","type":"product","link":"https:\/\/slewingbearings.com\/pt-pt\/product\/se-9-acionamento-da-roda-dentada\/","title":{"rendered":"SE-9 Acionamento da roda dentada"},"content":{"rendered":"<p>A conce\u00e7\u00e3o estrutural do <a href=\"https:\/\/slewingbearings.com\/product-category\/slew-drive\/\">conversorde<\/a> frequ\u00eancia da s\u00e9rie SE inclui normalmente os seguintes componentes principais:<\/p>\n<ul>\n<li>Anel exterior e anel interior: A estrutura b\u00e1sica do acionamento de rota\u00e7\u00e3o da s\u00e9rie SE \u00e9 constitu\u00edda por um anel exterior grande e um anel interior pequeno. Entre estes dois an\u00e9is forma-se um espa\u00e7o anular no qual tem lugar o movimento de rota\u00e7\u00e3o. O anel exterior est\u00e1 fixo no sistema mec\u00e2nico, enquanto o anel interior est\u00e1 ligado ao equipamento mec\u00e2nico e roda atrav\u00e9s do sistema de acionamento.  <\/li>\n<li>Sistema de engrenagens: O sistema de engrenagens entre os an\u00e9is interno e externo \u00e9 o principal mecanismo de transmiss\u00e3o. O sistema de engrenagens \u00e9 constitu\u00eddo por engrenagens de precis\u00e3o que permitem que o anel interior rode suavemente em rela\u00e7\u00e3o ao anel exterior. A conce\u00e7\u00e3o e o fabrico das engrenagens s\u00e3o fundamentais para garantir a precis\u00e3o, a transfer\u00eancia de bin\u00e1rio e a durabilidade do sistema.  <\/li>\n<li>Motor: O motor \u00e9 a fonte de energia do acionamento de rota\u00e7\u00e3o da s\u00e9rie SE, sendo normalmente selecionado um motor DC ou AC de elevada efici\u00eancia. O eixo de sa\u00edda do motor est\u00e1 ligado ao sistema de engrenagens para acionar o movimento rotativo , fornecendo um bin\u00e1rio de rota\u00e7\u00e3o. <\/li>\n<li>Redutor: Para reduzir o movimento de rota\u00e7\u00e3o a alta velocidade produzido pelo motor, os accionamentos girat\u00f3rios da s\u00e9rie SE est\u00e3o normalmente equipados com um redutor. Os redutores aumentam o bin\u00e1rio abrandando a rota\u00e7\u00e3o e asseguram a suavidade e a precis\u00e3o do sistema. <\/li>\n<\/ul>\n\n<table id=\"tablepress-14\" class=\"tablepress tablepress-id-14\">\n<thead>\n<tr class=\"row-1\">\n\t<th class=\"column-1\">Model<\/th><th class=\"column-2\">Output Torque<\/th><th class=\"column-3\">Tilting Moment Torque<\/th><th class=\"column-4\">Holding Torque<\/th><th class=\"column-5\">Gear Ratio<\/th><th class=\"column-6\">Tracking Precision<\/th><th class=\"column-7\">Weight<\/th><th class=\"column-8\">Drawing<\/th>\n<\/tr>\n<\/thead>\n<tbody class=\"row-striping row-hover\">\n<tr class=\"row-2\">\n\t<td class=\"column-1\">SE9<\/td><td class=\"column-2\">6.5 KN.m<\/td><td class=\"column-3\">33.9 KN.m<\/td><td class=\"column-4\">38.7 KN.m<\/td><td class=\"column-5\">61:1<\/td><td class=\"column-6\">0.17\u00b0<\/td><td class=\"column-7\">49kg<\/td><td class=\"column-8\"><a href=\"https:\/\/slewingbearings.com\/wp-content\/uploads\/2024\/01\/SE9-Slew-Drive-catalog.pdf\"><br \/>\n<img decoding=\"async\" src=\"https:\/\/slewingbearings.com\/wp-content\/uploads\/2024\/01\/pdf.png\" width=\"30\" height=\"30\"><\/a><\/td>\n<\/tr>\n<tr class=\"row-3\">\n\t<td class=\"column-1\">SE9<\/td><td class=\"column-2\">4794 lbf.ft<\/td><td class=\"column-3\">25\u00d710\u00b3 lbf.ft<\/td><td class=\"column-4\">29\u00d710\u00b3 lbf.ft<\/td><td class=\"column-5\">61:1<\/td><td class=\"column-6\">0.17\u00b0<\/td><td class=\"column-7\">49kg<\/td><td class=\"column-8\"><a href=\"https:\/\/slewingbearings.com\/wp-content\/uploads\/2024\/01\/SE9-Slew-Drive-catalog.pdf\"><br \/>\n<img decoding=\"async\" src=\"https:\/\/slewingbearings.com\/wp-content\/uploads\/2024\/01\/pdf.png\" width=\"30\" height=\"30\"><\/a><\/td>\n<\/tr>\n<\/tbody>\n<\/table>\n<!-- #tablepress-14 from cache -->\n","protected":false},"excerpt":{"rendered":"<p>Os accionamentos girat\u00f3rios da s\u00e9rie SE s\u00e3o amplamente utilizados em v\u00e1rios campos industriais e cen\u00e1rios de aplica\u00e7\u00e3o de engenharia devido \u00e0 sua alta precis\u00e3o, grande bin\u00e1rio e estabilidade. Seguem-se alguns cen\u00e1rios de aplica\u00e7\u00e3o comuns dos accionamentos girat\u00f3rios da s\u00e9rie SE: <\/p>\n<p>Maquinaria industrial: Os accionamentos girat\u00f3rios da s\u00e9rie SE s\u00e3o normalmente utilizados no dom\u00ednio da maquinaria industrial, como m\u00e1quinas-ferramentas CNC, m\u00e1quinas de moldagem por inje\u00e7\u00e3o, equipamento de mistura, etc. A sua elevada precis\u00e3o e o seu elevado bin\u00e1rio tornam-no ideal para equipamentos de produ\u00e7\u00e3o que requerem movimentos rotativos, como o posicionamento, a rota\u00e7\u00e3o e a maquinagem de pe\u00e7as durante o fabrico. <\/p>\n<p>Sistema de seguimento solar: Na ind\u00fastria solar, as s\u00e9ries SE s\u00e3o amplamente utilizadas em sistemas de rastreamento solar para ajustar o \u00e2ngulo dos pain\u00e9is solares para maximizar a absor\u00e7\u00e3o da luz solar. Estas aplica\u00e7\u00f5es exigem elevada precis\u00e3o e fiabilidade para garantir que os pain\u00e9is solares mant\u00eam a sua orienta\u00e7\u00e3o ideal durante as mudan\u00e7as di\u00e1rias e sazonais. <\/p>\n","protected":false},"featured_media":5912,"comment_status":"open","ping_status":"closed","template":"","meta":{"content-type":""},"product_cat":[335,328],"product_tag":[397],"class_list":{"0":"post-11686","1":"product","2":"type-product","3":"status-publish","4":"has-post-thumbnail","6":"product_cat-se-pe-slew-drive-pt-pt","7":"product_cat-slew-drive-pt-pt","8":"product_tag-se9-slew-drive-pt-pt","10":"first","11":"instock","12":"shipping-taxable","13":"product-type-simple"},"yoast_head":"<!-- This site is optimized with the Yoast SEO plugin v21.7 - https:\/\/yoast.com\/wordpress\/plugins\/seo\/ -->\n<title>SE-9 Acionamento da roda dentada - ZZ Group<\/title>\n<meta name=\"description\" content=\"O equipamento SE9 \u00e9 altamente selado e protegido para evitar o impacto do ambiente externo nos componentes mec\u00e2nicos internos.\" \/>\n<meta name=\"robots\" content=\"index, follow, max-snippet:-1, max-image-preview:large, max-video-preview:-1\" \/>\n<link rel=\"canonical\" href=\"https:\/\/slewingbearings.com\/product\/se-9-slew-drive\/\" \/>\n<meta property=\"og:locale\" content=\"pt_PT\" \/>\n<meta property=\"og:type\" content=\"article\" \/>\n<meta property=\"og:title\" content=\"SE-9 Acionamento da roda dentada - ZZ Group\" \/>\n<meta property=\"og:description\" content=\"O equipamento SE9 \u00e9 altamente selado e protegido para evitar o impacto do ambiente externo nos componentes mec\u00e2nicos internos.\" \/>\n<meta property=\"og:url\" content=\"https:\/\/slewingbearings.com\/product\/se-9-slew-drive\/\" \/>\n<meta property=\"og:site_name\" content=\"ZZ Group\" \/>\n<meta property=\"og:image\" content=\"https:\/\/slewingbearings.com\/wp-content\/uploads\/2023\/11\/se9.jpg\" \/>\n\t<meta property=\"og:image:width\" content=\"500\" \/>\n\t<meta property=\"og:image:height\" content=\"500\" \/>\n\t<meta property=\"og:image:type\" content=\"image\/jpeg\" \/>\n<meta name=\"twitter:card\" content=\"summary_large_image\" \/>\n<meta name=\"twitter:label1\" content=\"Tempo estimado de leitura\" \/>\n\t<meta name=\"twitter:data1\" content=\"1 minuto\" \/>\n<script type=\"application\/ld+json\" class=\"yoast-schema-graph\">{\"@context\":\"https:\/\/schema.org\",\"@graph\":[{\"@type\":\"WebPage\",\"@id\":\"https:\/\/slewingbearings.com\/product\/se-9-slew-drive\/\",\"url\":\"https:\/\/slewingbearings.com\/product\/se-9-slew-drive\/\",\"name\":\"SE-9 Acionamento da roda dentada - ZZ Group\",\"isPartOf\":{\"@id\":\"https:\/\/slewingbearings.com\/#website\"},\"datePublished\":\"2024-01-15T00:40:02+00:00\",\"dateModified\":\"2024-01-15T00:40:02+00:00\",\"description\":\"O equipamento SE9 \u00e9 altamente selado e protegido para evitar o impacto do ambiente externo nos componentes mec\u00e2nicos internos.\",\"breadcrumb\":{\"@id\":\"https:\/\/slewingbearings.com\/product\/se-9-slew-drive\/#breadcrumb\"},\"inLanguage\":\"pt-PT\",\"potentialAction\":[{\"@type\":\"ReadAction\",\"target\":[\"https:\/\/slewingbearings.com\/product\/se-9-slew-drive\/\"]}]},{\"@type\":\"BreadcrumbList\",\"@id\":\"https:\/\/slewingbearings.com\/product\/se-9-slew-drive\/#breadcrumb\",\"itemListElement\":[{\"@type\":\"ListItem\",\"position\":1,\"name\":\"Home\",\"item\":\"https:\/\/slewingbearings.com\/pt-pt\/rolamento-de-giro-acionamento-de-giro\/\"},{\"@type\":\"ListItem\",\"position\":2,\"name\":\"Shop\",\"item\":\"https:\/\/slewingbearings.com\/shop\/\"},{\"@type\":\"ListItem\",\"position\":3,\"name\":\"SE-9 Acionamento da roda dentada\"}]},{\"@type\":\"WebSite\",\"@id\":\"https:\/\/slewingbearings.com\/#website\",\"url\":\"https:\/\/slewingbearings.com\/\",\"name\":\"ZZ Group\",\"description\":\"Leading Slewing Bearings in China\",\"potentialAction\":[{\"@type\":\"SearchAction\",\"target\":{\"@type\":\"EntryPoint\",\"urlTemplate\":\"https:\/\/slewingbearings.com\/?s={search_term_string}\"},\"query-input\":\"required name=search_term_string\"}],\"inLanguage\":\"pt-PT\"}]}<\/script>\n<!-- \/ Yoast SEO plugin. -->","yoast_head_json":{"title":"SE-9 Acionamento da roda dentada - ZZ Group","description":"O equipamento SE9 \u00e9 altamente selado e protegido para evitar o impacto do ambiente externo nos componentes mec\u00e2nicos internos.","robots":{"index":"index","follow":"follow","max-snippet":"max-snippet:-1","max-image-preview":"max-image-preview:large","max-video-preview":"max-video-preview:-1"},"canonical":"https:\/\/slewingbearings.com\/product\/se-9-slew-drive\/","og_locale":"pt_PT","og_type":"article","og_title":"SE-9 Acionamento da roda dentada - ZZ Group","og_description":"O equipamento SE9 \u00e9 altamente selado e protegido para evitar o impacto do ambiente externo nos componentes mec\u00e2nicos internos.","og_url":"https:\/\/slewingbearings.com\/product\/se-9-slew-drive\/","og_site_name":"ZZ Group","og_image":[{"width":500,"height":500,"url":"https:\/\/slewingbearings.com\/wp-content\/uploads\/2023\/11\/se9.jpg","type":"image\/jpeg"}],"twitter_card":"summary_large_image","twitter_misc":{"Tempo estimado de leitura":"1 minuto"},"schema":{"@context":"https:\/\/schema.org","@graph":[{"@type":"WebPage","@id":"https:\/\/slewingbearings.com\/product\/se-9-slew-drive\/","url":"https:\/\/slewingbearings.com\/product\/se-9-slew-drive\/","name":"SE-9 Acionamento da roda dentada - ZZ Group","isPartOf":{"@id":"https:\/\/slewingbearings.com\/#website"},"datePublished":"2024-01-15T00:40:02+00:00","dateModified":"2024-01-15T00:40:02+00:00","description":"O equipamento SE9 \u00e9 altamente selado e protegido para evitar o impacto do ambiente externo nos componentes mec\u00e2nicos internos.","breadcrumb":{"@id":"https:\/\/slewingbearings.com\/product\/se-9-slew-drive\/#breadcrumb"},"inLanguage":"pt-PT","potentialAction":[{"@type":"ReadAction","target":["https:\/\/slewingbearings.com\/product\/se-9-slew-drive\/"]}]},{"@type":"BreadcrumbList","@id":"https:\/\/slewingbearings.com\/product\/se-9-slew-drive\/#breadcrumb","itemListElement":[{"@type":"ListItem","position":1,"name":"Home","item":"https:\/\/slewingbearings.com\/pt-pt\/rolamento-de-giro-acionamento-de-giro\/"},{"@type":"ListItem","position":2,"name":"Shop","item":"https:\/\/slewingbearings.com\/shop\/"},{"@type":"ListItem","position":3,"name":"SE-9 Acionamento da roda dentada"}]},{"@type":"WebSite","@id":"https:\/\/slewingbearings.com\/#website","url":"https:\/\/slewingbearings.com\/","name":"ZZ Group","description":"Leading Slewing Bearings in China","potentialAction":[{"@type":"SearchAction","target":{"@type":"EntryPoint","urlTemplate":"https:\/\/slewingbearings.com\/?s={search_term_string}"},"query-input":"required name=search_term_string"}],"inLanguage":"pt-PT"}]}},"_links":{"self":[{"href":"https:\/\/slewingbearings.com\/pt-pt\/wp-json\/wp\/v2\/product\/11686","targetHints":{"allow":["GET"]}}],"collection":[{"href":"https:\/\/slewingbearings.com\/pt-pt\/wp-json\/wp\/v2\/product"}],"about":[{"href":"https:\/\/slewingbearings.com\/pt-pt\/wp-json\/wp\/v2\/types\/product"}],"replies":[{"embeddable":true,"href":"https:\/\/slewingbearings.com\/pt-pt\/wp-json\/wp\/v2\/comments?post=11686"}],"wp:featuredmedia":[{"embeddable":true,"href":"https:\/\/slewingbearings.com\/pt-pt\/wp-json\/wp\/v2\/media\/5912"}],"wp:attachment":[{"href":"https:\/\/slewingbearings.com\/pt-pt\/wp-json\/wp\/v2\/media?parent=11686"}],"wp:term":[{"taxonomy":"product_cat","embeddable":true,"href":"https:\/\/slewingbearings.com\/pt-pt\/wp-json\/wp\/v2\/product_cat?post=11686"},{"taxonomy":"product_tag","embeddable":true,"href":"https:\/\/slewingbearings.com\/pt-pt\/wp-json\/wp\/v2\/product_tag?post=11686"}],"curies":[{"name":"wp","href":"https:\/\/api.w.org\/{rel}","templated":true}]}}