{"id":11662,"date":"2023-11-29T05:24:53","date_gmt":"2023-11-29T05:24:53","guid":{"rendered":"https:\/\/slewingbearings.com\/product\/se-7-unidade-de-giro\/"},"modified":"2023-11-29T05:24:53","modified_gmt":"2023-11-29T05:24:53","slug":"se-7-unidade-de-giro","status":"publish","type":"product","link":"https:\/\/slewingbearings.com\/pt-pt\/product\/se-7-unidade-de-giro\/","title":{"rendered":"SE-7 Unidade de giro"},"content":{"rendered":"<p>A excelente capacidade de carga \u00e9 a carater\u00edstica distintiva dos accionamentos girat\u00f3rios da s\u00e9rie SE. Atrav\u00e9s da ado\u00e7\u00e3o de um fabrico de precis\u00e3o e de um design estrutural, esta s\u00e9rie de produtos pode funcionar de forma est\u00e1vel em condi\u00e7\u00f5es de trabalho de carga elevada e de alta intensidade, satisfazendo os requisitos rigorosos de fiabilidade e estabilidade da maquinaria industrial e do equipamento de engenharia. <\/p>\n<p>Em termos de fiabilidade, o conversor de frequ\u00eancia da s\u00e9rie SE assegura um elevado n\u00edvel de desempenho durante o funcionamento a longo prazo, atrav\u00e9s da sele\u00e7\u00e3o de materiais duradouros e de um acabamento requintado, prolongando assim a vida \u00fatil do equipamento e reduzindo os custos de manuten\u00e7\u00e3o.<\/p>\n<p>A efici\u00eancia energ\u00e9tica \u00e9 outra grande vantagem dos accionamentos girat\u00f3rios da s\u00e9rie SE. Ao aplicar uma tecnologia de convers\u00e3o de energia eficiente, estes sistemas de acionamento podem converter eficazmente a energia de entrada em pot\u00eancia de sa\u00edda, reduzir o consumo global de energia e satisfazer as necessidades de sustentabilidade e efici\u00eancia energ\u00e9tica no campo da engenharia atual. <\/p>\n<p>Os accionamentos girat\u00f3rios da s\u00e9rie SE foram concebidos para uma f\u00e1cil integra\u00e7\u00e3o. A estrutura modular e as interfaces padr\u00e3o permitem-lhe ser aplicado de forma flex\u00edvel a v\u00e1rios sistemas mec\u00e2nicos e fornecer diversas solu\u00e7\u00f5es integradas. Ao mesmo tempo, o seu design resistente ao p\u00f3 e \u00e0 \u00e1gua assegura um funcionamento est\u00e1vel em ambientes adversos, garantindo a seguran\u00e7a e a fiabilidade do equipamento.  <\/p>\n\n<table id=\"tablepress-13\" class=\"tablepress tablepress-id-13\">\n<thead>\n<tr class=\"row-1\">\n\t<th class=\"column-1\">Model<\/th><th class=\"column-2\">Output Torque<\/th><th class=\"column-3\">Tilting Moment Torque<\/th><th class=\"column-4\">Holding Torque<\/th><th class=\"column-5\">Gear Ratio<\/th><th class=\"column-6\">Tracking Precision<\/th><th class=\"column-7\">Weight<\/th><th class=\"column-8\">Drawing<\/th>\n<\/tr>\n<\/thead>\n<tbody class=\"row-striping row-hover\">\n<tr class=\"row-2\">\n\t<td class=\"column-1\">SE7<\/td><td class=\"column-2\">1000 N.m<\/td><td class=\"column-3\">13500 N.m<\/td><td class=\"column-4\">10400 N.m<\/td><td class=\"column-5\">73:1<\/td><td class=\"column-6\">0.2\u00b0<\/td><td class=\"column-7\">21kg<\/td><td class=\"column-8\"><a href=\"https:\/\/slewingbearings.com\/wp-content\/uploads\/2024\/01\/SE7-Slew-Drive-catalog.pdf\"><br \/>\n<img decoding=\"async\" src=\"https:\/\/slewingbearings.com\/wp-content\/uploads\/2024\/01\/pdf.png\" width=\"30\" height=\"30\"><\/a><\/td>\n<\/tr>\n<tr class=\"row-3\">\n\t<td class=\"column-1\">SE7<\/td><td class=\"column-2\">738 lbf.ft<\/td><td class=\"column-3\">9957 lbf.ft<\/td><td class=\"column-4\">7671 lbf.ft<\/td><td class=\"column-5\">73:1<\/td><td class=\"column-6\">0.2\u00b0<\/td><td class=\"column-7\">21kg<\/td><td class=\"column-8\"><a href=\"https:\/\/slewingbearings.com\/wp-content\/uploads\/2024\/01\/SE7-Slew-Drive-catalog.pdf\"><br \/>\n<img decoding=\"async\" src=\"https:\/\/slewingbearings.com\/wp-content\/uploads\/2024\/01\/pdf.png\" width=\"30\" height=\"30\"><\/a><\/td>\n<\/tr>\n<\/tbody>\n<\/table>\n<!-- #tablepress-13 from cache -->\n","protected":false},"excerpt":{"rendered":"<p>O conversor de frequ\u00eancia SE7 representa o auge do design de engenharia avan\u00e7ado, fornecendo solu\u00e7\u00f5es de pot\u00eancia superiores para uma vasta gama de aplica\u00e7\u00f5es industriais. O seu design presta aten\u00e7\u00e3o aos detalhes e tem como objetivo conseguir uma transmiss\u00e3o eficiente de pot\u00eancia rotacional num espa\u00e7o limitado e demonstrar o seu desempenho abrangente face a v\u00e1rios cen\u00e1rios de aplica\u00e7\u00e3o de engenharia. <\/p>\n<p>Em geral, a s\u00e9rie SE oferece solu\u00e7\u00f5es eficientes e sustent\u00e1veis de transmiss\u00e3o de pot\u00eancia rotativa para o campo industrial com o seu excelente design de engenharia, capacidade de carga, fiabilidade, efici\u00eancia energ\u00e9tica e f\u00e1cil integra\u00e7\u00e3o.<\/p>\n","protected":false},"featured_media":5903,"comment_status":"open","ping_status":"closed","template":"","meta":{"content-type":""},"product_cat":[335,328],"product_tag":[391],"class_list":{"0":"post-11662","1":"product","2":"type-product","3":"status-publish","4":"has-post-thumbnail","6":"product_cat-se-pe-slew-drive-pt-pt","7":"product_cat-slew-drive-pt-pt","8":"product_tag-se7-slew-drive-pt-pt","10":"first","11":"instock","12":"shipping-taxable","13":"product-type-simple"},"yoast_head":"<!-- This site is optimized with the Yoast SEO plugin v21.7 - https:\/\/yoast.com\/wordpress\/plugins\/seo\/ -->\n<title>SE-7 Unidade de giro - ZZ Group<\/title>\n<meta name=\"description\" content=\"O conversor de frequ\u00eancia SE7 foi concebido para uma integra\u00e7\u00e3o f\u00e1cil. A estrutura modular e as interfaces padr\u00e3o podem ser aplicadas de forma flex\u00edvel a v\u00e1rios tipos de m\u00e1quinas.\" \/>\n<meta name=\"robots\" content=\"index, follow, max-snippet:-1, max-image-preview:large, max-video-preview:-1\" \/>\n<link rel=\"canonical\" href=\"https:\/\/slewingbearings.com\/product\/se-7-slew-drive\/\" \/>\n<meta property=\"og:locale\" content=\"pt_PT\" \/>\n<meta property=\"og:type\" content=\"article\" \/>\n<meta property=\"og:title\" content=\"SE-7 Unidade de giro - ZZ Group\" \/>\n<meta property=\"og:description\" content=\"O conversor de frequ\u00eancia SE7 foi concebido para uma integra\u00e7\u00e3o f\u00e1cil. A estrutura modular e as interfaces padr\u00e3o podem ser aplicadas de forma flex\u00edvel a v\u00e1rios tipos de m\u00e1quinas.\" \/>\n<meta property=\"og:url\" content=\"https:\/\/slewingbearings.com\/product\/se-7-slew-drive\/\" \/>\n<meta property=\"og:site_name\" content=\"ZZ Group\" \/>\n<meta property=\"og:image\" content=\"https:\/\/slewingbearings.com\/wp-content\/uploads\/2023\/11\/se7.jpg\" \/>\n\t<meta property=\"og:image:width\" content=\"500\" \/>\n\t<meta property=\"og:image:height\" content=\"500\" \/>\n\t<meta property=\"og:image:type\" content=\"image\/jpeg\" \/>\n<meta name=\"twitter:card\" content=\"summary_large_image\" \/>\n<meta name=\"twitter:label1\" content=\"Tempo estimado de leitura\" \/>\n\t<meta name=\"twitter:data1\" content=\"1 minuto\" \/>\n<script type=\"application\/ld+json\" class=\"yoast-schema-graph\">{\"@context\":\"https:\/\/schema.org\",\"@graph\":[{\"@type\":\"WebPage\",\"@id\":\"https:\/\/slewingbearings.com\/product\/se-7-slew-drive\/\",\"url\":\"https:\/\/slewingbearings.com\/product\/se-7-slew-drive\/\",\"name\":\"SE-7 Unidade de giro - ZZ Group\",\"isPartOf\":{\"@id\":\"https:\/\/slewingbearings.com\/#website\"},\"datePublished\":\"2023-11-29T05:24:53+00:00\",\"dateModified\":\"2023-11-29T05:24:53+00:00\",\"description\":\"O conversor de frequ\u00eancia SE7 foi concebido para uma integra\u00e7\u00e3o f\u00e1cil. A estrutura modular e as interfaces padr\u00e3o podem ser aplicadas de forma flex\u00edvel a v\u00e1rios tipos de m\u00e1quinas.\",\"breadcrumb\":{\"@id\":\"https:\/\/slewingbearings.com\/product\/se-7-slew-drive\/#breadcrumb\"},\"inLanguage\":\"pt-PT\",\"potentialAction\":[{\"@type\":\"ReadAction\",\"target\":[\"https:\/\/slewingbearings.com\/product\/se-7-slew-drive\/\"]}]},{\"@type\":\"BreadcrumbList\",\"@id\":\"https:\/\/slewingbearings.com\/product\/se-7-slew-drive\/#breadcrumb\",\"itemListElement\":[{\"@type\":\"ListItem\",\"position\":1,\"name\":\"Home\",\"item\":\"https:\/\/slewingbearings.com\/pt-pt\/rolamento-de-giro-acionamento-de-giro\/\"},{\"@type\":\"ListItem\",\"position\":2,\"name\":\"Shop\",\"item\":\"https:\/\/slewingbearings.com\/shop\/\"},{\"@type\":\"ListItem\",\"position\":3,\"name\":\"SE-7 Unidade de giro\"}]},{\"@type\":\"WebSite\",\"@id\":\"https:\/\/slewingbearings.com\/#website\",\"url\":\"https:\/\/slewingbearings.com\/\",\"name\":\"ZZ Group\",\"description\":\"Leading Slewing Bearings in China\",\"potentialAction\":[{\"@type\":\"SearchAction\",\"target\":{\"@type\":\"EntryPoint\",\"urlTemplate\":\"https:\/\/slewingbearings.com\/?s={search_term_string}\"},\"query-input\":\"required name=search_term_string\"}],\"inLanguage\":\"pt-PT\"}]}<\/script>\n<!-- \/ Yoast SEO plugin. -->","yoast_head_json":{"title":"SE-7 Unidade de giro - ZZ Group","description":"O conversor de frequ\u00eancia SE7 foi concebido para uma integra\u00e7\u00e3o f\u00e1cil. A estrutura modular e as interfaces padr\u00e3o podem ser aplicadas de forma flex\u00edvel a v\u00e1rios tipos de m\u00e1quinas.","robots":{"index":"index","follow":"follow","max-snippet":"max-snippet:-1","max-image-preview":"max-image-preview:large","max-video-preview":"max-video-preview:-1"},"canonical":"https:\/\/slewingbearings.com\/product\/se-7-slew-drive\/","og_locale":"pt_PT","og_type":"article","og_title":"SE-7 Unidade de giro - ZZ Group","og_description":"O conversor de frequ\u00eancia SE7 foi concebido para uma integra\u00e7\u00e3o f\u00e1cil. A estrutura modular e as interfaces padr\u00e3o podem ser aplicadas de forma flex\u00edvel a v\u00e1rios tipos de m\u00e1quinas.","og_url":"https:\/\/slewingbearings.com\/product\/se-7-slew-drive\/","og_site_name":"ZZ Group","og_image":[{"width":500,"height":500,"url":"https:\/\/slewingbearings.com\/wp-content\/uploads\/2023\/11\/se7.jpg","type":"image\/jpeg"}],"twitter_card":"summary_large_image","twitter_misc":{"Tempo estimado de leitura":"1 minuto"},"schema":{"@context":"https:\/\/schema.org","@graph":[{"@type":"WebPage","@id":"https:\/\/slewingbearings.com\/product\/se-7-slew-drive\/","url":"https:\/\/slewingbearings.com\/product\/se-7-slew-drive\/","name":"SE-7 Unidade de giro - ZZ Group","isPartOf":{"@id":"https:\/\/slewingbearings.com\/#website"},"datePublished":"2023-11-29T05:24:53+00:00","dateModified":"2023-11-29T05:24:53+00:00","description":"O conversor de frequ\u00eancia SE7 foi concebido para uma integra\u00e7\u00e3o f\u00e1cil. A estrutura modular e as interfaces padr\u00e3o podem ser aplicadas de forma flex\u00edvel a v\u00e1rios tipos de m\u00e1quinas.","breadcrumb":{"@id":"https:\/\/slewingbearings.com\/product\/se-7-slew-drive\/#breadcrumb"},"inLanguage":"pt-PT","potentialAction":[{"@type":"ReadAction","target":["https:\/\/slewingbearings.com\/product\/se-7-slew-drive\/"]}]},{"@type":"BreadcrumbList","@id":"https:\/\/slewingbearings.com\/product\/se-7-slew-drive\/#breadcrumb","itemListElement":[{"@type":"ListItem","position":1,"name":"Home","item":"https:\/\/slewingbearings.com\/pt-pt\/rolamento-de-giro-acionamento-de-giro\/"},{"@type":"ListItem","position":2,"name":"Shop","item":"https:\/\/slewingbearings.com\/shop\/"},{"@type":"ListItem","position":3,"name":"SE-7 Unidade de giro"}]},{"@type":"WebSite","@id":"https:\/\/slewingbearings.com\/#website","url":"https:\/\/slewingbearings.com\/","name":"ZZ Group","description":"Leading Slewing Bearings in China","potentialAction":[{"@type":"SearchAction","target":{"@type":"EntryPoint","urlTemplate":"https:\/\/slewingbearings.com\/?s={search_term_string}"},"query-input":"required name=search_term_string"}],"inLanguage":"pt-PT"}]}},"_links":{"self":[{"href":"https:\/\/slewingbearings.com\/pt-pt\/wp-json\/wp\/v2\/product\/11662","targetHints":{"allow":["GET"]}}],"collection":[{"href":"https:\/\/slewingbearings.com\/pt-pt\/wp-json\/wp\/v2\/product"}],"about":[{"href":"https:\/\/slewingbearings.com\/pt-pt\/wp-json\/wp\/v2\/types\/product"}],"replies":[{"embeddable":true,"href":"https:\/\/slewingbearings.com\/pt-pt\/wp-json\/wp\/v2\/comments?post=11662"}],"wp:featuredmedia":[{"embeddable":true,"href":"https:\/\/slewingbearings.com\/pt-pt\/wp-json\/wp\/v2\/media\/5903"}],"wp:attachment":[{"href":"https:\/\/slewingbearings.com\/pt-pt\/wp-json\/wp\/v2\/media?parent=11662"}],"wp:term":[{"taxonomy":"product_cat","embeddable":true,"href":"https:\/\/slewingbearings.com\/pt-pt\/wp-json\/wp\/v2\/product_cat?post=11662"},{"taxonomy":"product_tag","embeddable":true,"href":"https:\/\/slewingbearings.com\/pt-pt\/wp-json\/wp\/v2\/product_tag?post=11662"}],"curies":[{"name":"wp","href":"https:\/\/api.w.org\/{rel}","templated":true}]}}