{"id":11655,"date":"2023-11-29T05:23:49","date_gmt":"2023-11-29T05:23:49","guid":{"rendered":"https:\/\/slewingbearings.com\/product\/se-5-unidade-de-giro\/"},"modified":"2023-11-29T05:23:49","modified_gmt":"2023-11-29T05:23:49","slug":"se-5-unidade-de-giro","status":"publish","type":"product","link":"https:\/\/slewingbearings.com\/pt-pt\/product\/se-5-unidade-de-giro\/","title":{"rendered":"SE-5 Unidade de giro"},"content":{"rendered":"<p>Esta s\u00e9rie de accionamentos girat\u00f3rios \u00e9 conhecida pela sua elevada capacidade de carga e pode suportar de forma est\u00e1vel a carga de maquinaria pesada e equipamento de engenharia, garantindo a fiabilidade e a estabilidade do funcionamento do sistema. O design centra-se na fiabilidade para garantir um excelente desempenho cont\u00ednuo durante longos per\u00edodos de funcionamento. Al\u00e9m disso, o conversor de frequ\u00eancia da s\u00e9rie SE tamb\u00e9m consegue uma convers\u00e3o de energia eficiente e reduz o consumo de energia atrav\u00e9s de uma tecnologia de convers\u00e3o de energia optimizada, que est\u00e1 em linha com a procura de conserva\u00e7\u00e3o de energia e prote\u00e7\u00e3o ambiental no campo da engenharia moderna.  <\/p>\n<p>Ao mesmo tempo, a s\u00e9rie SE tamb\u00e9m se concentra na facilidade de integra\u00e7\u00e3o e pode ser facilmente integrada em v\u00e1rios sistemas mec\u00e2nicos, proporcionando aos utilizadores uma maior flexibilidade. O design \u00e0 prova de p\u00f3 e \u00e0 prova de \u00e1gua torna-o adequado para ambientes de trabalho dif\u00edceis e prolonga a vida \u00fatil do produto. Em geral, o conversor de frequ\u00eancia da s\u00e9rie SE tornou-se uma solu\u00e7\u00e3o de pot\u00eancia indispens\u00e1vel nos dom\u00ednios industrial e mec\u00e2nico gra\u00e7as ao seu excelente desempenho, fiabilidade e adaptabilidade.  <\/p>\n\n<table id=\"tablepress-12\" class=\"tablepress tablepress-id-12\">\n<thead>\n<tr class=\"row-1\">\n\t<th class=\"column-1\">Model<\/th><th class=\"column-2\">Output Torque<\/th><th class=\"column-3\">Tilting Moment Torque<\/th><th class=\"column-4\">Holding Torque<\/th><th class=\"column-5\">Gear Ratio<\/th><th class=\"column-6\">Tracking Precision<\/th><th class=\"column-7\">Weight<\/th><th class=\"column-8\">Drawing<\/th>\n<\/tr>\n<\/thead>\n<tbody class=\"row-striping row-hover\">\n<tr class=\"row-2\">\n\t<td class=\"column-1\">SE5<\/td><td class=\"column-2\">600 N.m<\/td><td class=\"column-3\">1800 N.m<\/td><td class=\"column-4\">5000 N.m<\/td><td class=\"column-5\">62:1<\/td><td class=\"column-6\">0.2\u00b0<\/td><td class=\"column-7\">12kg<\/td><td class=\"column-8\"><a href=\"https:\/\/slewingbearings.com\/wp-content\/uploads\/2024\/01\/SE5-Slew-Drive-catalog.pdf\"><br \/>\n<img decoding=\"async\" src=\"https:\/\/slewingbearings.com\/wp-content\/uploads\/2024\/01\/pdf.png\" width=\"30\" height=\"30\"><\/a><\/td>\n<\/tr>\n<tr class=\"row-3\">\n\t<td class=\"column-1\">SE5<\/td><td class=\"column-2\">443 lbf.ft<\/td><td class=\"column-3\">1328 lbf.ft<\/td><td class=\"column-4\">3688 lbf.ft<\/td><td class=\"column-5\">62:1<\/td><td class=\"column-6\">0.2\u00b0<\/td><td class=\"column-7\">12kg<\/td><td class=\"column-8\"><a href=\"https:\/\/slewingbearings.com\/wp-content\/uploads\/2024\/01\/SE5-Slew-Drive-catalog.pdf\"><br \/>\n<img decoding=\"async\" src=\"https:\/\/slewingbearings.com\/wp-content\/uploads\/2024\/01\/pdf.png\" width=\"30\" height=\"30\"><\/a><\/td>\n<\/tr>\n<\/tbody>\n<\/table>\n<!-- #tablepress-12 from cache -->\n","protected":false},"excerpt":{"rendered":"<p>Os accionamentos girat\u00f3rios da s\u00e9rie SE s\u00e3o uma s\u00e9rie de equipamentos mec\u00e2nicos bem concebidos que se destacam entre os sistemas mec\u00e2nicos e de engenharia pela sua elevada precis\u00e3o e desempenho excecional. O seu design compacto permite-lhe fornecer uma pot\u00eancia de rota\u00e7\u00e3o eficiente num espa\u00e7o limitado. O conversor de frequ\u00eancia da s\u00e9rie SE foi especialmente concebido para se adaptar a diversos cen\u00e1rios de aplica\u00e7\u00e3o e pode desempenhar um papel not\u00e1vel no fabrico industrial, na engenharia de constru\u00e7\u00e3o ou na rob\u00f3tica.  <\/p>\n","protected":false},"featured_media":5894,"comment_status":"open","ping_status":"closed","template":"","meta":{"content-type":""},"product_cat":[335,328],"product_tag":[384],"class_list":{"0":"post-11655","1":"product","2":"type-product","3":"status-publish","4":"has-post-thumbnail","6":"product_cat-se-pe-slew-drive-pt-pt","7":"product_cat-slew-drive-pt-pt","8":"product_tag-se5-slew-drive-pt-pt","10":"first","11":"instock","12":"shipping-taxable","13":"product-type-simple"},"yoast_head":"<!-- This site is optimized with the Yoast SEO plugin v21.7 - https:\/\/yoast.com\/wordpress\/plugins\/seo\/ -->\n<title>SE-5 Unidade de giro - ZZ Group<\/title>\n<meta name=\"description\" content=\"A s\u00e9rie SE tamb\u00e9m se concentra na facilidade de integra\u00e7\u00e3o e pode ser facilmente integrada em v\u00e1rios sistemas mec\u00e2nicos, proporcionando maior flexibilidade.\" \/>\n<meta name=\"robots\" content=\"index, follow, max-snippet:-1, max-image-preview:large, max-video-preview:-1\" \/>\n<link rel=\"canonical\" href=\"https:\/\/slewingbearings.com\/product\/se-5-slew-drive\/\" \/>\n<meta property=\"og:locale\" content=\"pt_PT\" \/>\n<meta property=\"og:type\" content=\"article\" \/>\n<meta property=\"og:title\" content=\"SE-5 Unidade de giro - ZZ Group\" \/>\n<meta property=\"og:description\" content=\"A s\u00e9rie SE tamb\u00e9m se concentra na facilidade de integra\u00e7\u00e3o e pode ser facilmente integrada em v\u00e1rios sistemas mec\u00e2nicos, proporcionando maior flexibilidade.\" \/>\n<meta property=\"og:url\" content=\"https:\/\/slewingbearings.com\/product\/se-5-slew-drive\/\" \/>\n<meta property=\"og:site_name\" content=\"ZZ Group\" \/>\n<meta property=\"og:image\" content=\"https:\/\/slewingbearings.com\/wp-content\/uploads\/2023\/11\/se5.jpg\" \/>\n\t<meta property=\"og:image:width\" content=\"500\" \/>\n\t<meta property=\"og:image:height\" content=\"500\" \/>\n\t<meta property=\"og:image:type\" content=\"image\/jpeg\" \/>\n<meta name=\"twitter:card\" content=\"summary_large_image\" \/>\n<meta name=\"twitter:label1\" content=\"Tempo estimado de leitura\" \/>\n\t<meta name=\"twitter:data1\" content=\"1 minuto\" \/>\n<script type=\"application\/ld+json\" class=\"yoast-schema-graph\">{\"@context\":\"https:\/\/schema.org\",\"@graph\":[{\"@type\":\"WebPage\",\"@id\":\"https:\/\/slewingbearings.com\/product\/se-5-slew-drive\/\",\"url\":\"https:\/\/slewingbearings.com\/product\/se-5-slew-drive\/\",\"name\":\"SE-5 Unidade de giro - ZZ Group\",\"isPartOf\":{\"@id\":\"https:\/\/slewingbearings.com\/#website\"},\"datePublished\":\"2023-11-29T05:23:49+00:00\",\"dateModified\":\"2023-11-29T05:23:49+00:00\",\"description\":\"A s\u00e9rie SE tamb\u00e9m se concentra na facilidade de integra\u00e7\u00e3o e pode ser facilmente integrada em v\u00e1rios sistemas mec\u00e2nicos, proporcionando maior flexibilidade.\",\"breadcrumb\":{\"@id\":\"https:\/\/slewingbearings.com\/product\/se-5-slew-drive\/#breadcrumb\"},\"inLanguage\":\"pt-PT\",\"potentialAction\":[{\"@type\":\"ReadAction\",\"target\":[\"https:\/\/slewingbearings.com\/product\/se-5-slew-drive\/\"]}]},{\"@type\":\"BreadcrumbList\",\"@id\":\"https:\/\/slewingbearings.com\/product\/se-5-slew-drive\/#breadcrumb\",\"itemListElement\":[{\"@type\":\"ListItem\",\"position\":1,\"name\":\"Home\",\"item\":\"https:\/\/slewingbearings.com\/pt-pt\/rolamento-de-giro-acionamento-de-giro\/\"},{\"@type\":\"ListItem\",\"position\":2,\"name\":\"Shop\",\"item\":\"https:\/\/slewingbearings.com\/shop\/\"},{\"@type\":\"ListItem\",\"position\":3,\"name\":\"SE-5 Unidade de giro\"}]},{\"@type\":\"WebSite\",\"@id\":\"https:\/\/slewingbearings.com\/#website\",\"url\":\"https:\/\/slewingbearings.com\/\",\"name\":\"ZZ Group\",\"description\":\"Leading Slewing Bearings in China\",\"potentialAction\":[{\"@type\":\"SearchAction\",\"target\":{\"@type\":\"EntryPoint\",\"urlTemplate\":\"https:\/\/slewingbearings.com\/?s={search_term_string}\"},\"query-input\":\"required name=search_term_string\"}],\"inLanguage\":\"pt-PT\"}]}<\/script>\n<!-- \/ Yoast SEO plugin. -->","yoast_head_json":{"title":"SE-5 Unidade de giro - ZZ Group","description":"A s\u00e9rie SE tamb\u00e9m se concentra na facilidade de integra\u00e7\u00e3o e pode ser facilmente integrada em v\u00e1rios sistemas mec\u00e2nicos, proporcionando maior flexibilidade.","robots":{"index":"index","follow":"follow","max-snippet":"max-snippet:-1","max-image-preview":"max-image-preview:large","max-video-preview":"max-video-preview:-1"},"canonical":"https:\/\/slewingbearings.com\/product\/se-5-slew-drive\/","og_locale":"pt_PT","og_type":"article","og_title":"SE-5 Unidade de giro - ZZ Group","og_description":"A s\u00e9rie SE tamb\u00e9m se concentra na facilidade de integra\u00e7\u00e3o e pode ser facilmente integrada em v\u00e1rios sistemas mec\u00e2nicos, proporcionando maior flexibilidade.","og_url":"https:\/\/slewingbearings.com\/product\/se-5-slew-drive\/","og_site_name":"ZZ Group","og_image":[{"width":500,"height":500,"url":"https:\/\/slewingbearings.com\/wp-content\/uploads\/2023\/11\/se5.jpg","type":"image\/jpeg"}],"twitter_card":"summary_large_image","twitter_misc":{"Tempo estimado de leitura":"1 minuto"},"schema":{"@context":"https:\/\/schema.org","@graph":[{"@type":"WebPage","@id":"https:\/\/slewingbearings.com\/product\/se-5-slew-drive\/","url":"https:\/\/slewingbearings.com\/product\/se-5-slew-drive\/","name":"SE-5 Unidade de giro - ZZ Group","isPartOf":{"@id":"https:\/\/slewingbearings.com\/#website"},"datePublished":"2023-11-29T05:23:49+00:00","dateModified":"2023-11-29T05:23:49+00:00","description":"A s\u00e9rie SE tamb\u00e9m se concentra na facilidade de integra\u00e7\u00e3o e pode ser facilmente integrada em v\u00e1rios sistemas mec\u00e2nicos, proporcionando maior flexibilidade.","breadcrumb":{"@id":"https:\/\/slewingbearings.com\/product\/se-5-slew-drive\/#breadcrumb"},"inLanguage":"pt-PT","potentialAction":[{"@type":"ReadAction","target":["https:\/\/slewingbearings.com\/product\/se-5-slew-drive\/"]}]},{"@type":"BreadcrumbList","@id":"https:\/\/slewingbearings.com\/product\/se-5-slew-drive\/#breadcrumb","itemListElement":[{"@type":"ListItem","position":1,"name":"Home","item":"https:\/\/slewingbearings.com\/pt-pt\/rolamento-de-giro-acionamento-de-giro\/"},{"@type":"ListItem","position":2,"name":"Shop","item":"https:\/\/slewingbearings.com\/shop\/"},{"@type":"ListItem","position":3,"name":"SE-5 Unidade de giro"}]},{"@type":"WebSite","@id":"https:\/\/slewingbearings.com\/#website","url":"https:\/\/slewingbearings.com\/","name":"ZZ Group","description":"Leading Slewing Bearings in China","potentialAction":[{"@type":"SearchAction","target":{"@type":"EntryPoint","urlTemplate":"https:\/\/slewingbearings.com\/?s={search_term_string}"},"query-input":"required name=search_term_string"}],"inLanguage":"pt-PT"}]}},"_links":{"self":[{"href":"https:\/\/slewingbearings.com\/pt-pt\/wp-json\/wp\/v2\/product\/11655","targetHints":{"allow":["GET"]}}],"collection":[{"href":"https:\/\/slewingbearings.com\/pt-pt\/wp-json\/wp\/v2\/product"}],"about":[{"href":"https:\/\/slewingbearings.com\/pt-pt\/wp-json\/wp\/v2\/types\/product"}],"replies":[{"embeddable":true,"href":"https:\/\/slewingbearings.com\/pt-pt\/wp-json\/wp\/v2\/comments?post=11655"}],"wp:featuredmedia":[{"embeddable":true,"href":"https:\/\/slewingbearings.com\/pt-pt\/wp-json\/wp\/v2\/media\/5894"}],"wp:attachment":[{"href":"https:\/\/slewingbearings.com\/pt-pt\/wp-json\/wp\/v2\/media?parent=11655"}],"wp:term":[{"taxonomy":"product_cat","embeddable":true,"href":"https:\/\/slewingbearings.com\/pt-pt\/wp-json\/wp\/v2\/product_cat?post=11655"},{"taxonomy":"product_tag","embeddable":true,"href":"https:\/\/slewingbearings.com\/pt-pt\/wp-json\/wp\/v2\/product_tag?post=11655"}],"curies":[{"name":"wp","href":"https:\/\/api.w.org\/{rel}","templated":true}]}}