{"id":11644,"date":"2023-11-28T11:39:02","date_gmt":"2023-11-28T11:39:02","guid":{"rendered":"https:\/\/slewingbearings.com\/product\/se-3-slewing-drive\/"},"modified":"2023-11-28T11:39:02","modified_gmt":"2023-11-28T11:39:02","slug":"se-3-slewing-drive","status":"publish","type":"product","link":"https:\/\/slewingbearings.com\/pt-pt\/product\/se-3-slewing-drive\/","title":{"rendered":"SE-3 Slewing Drive"},"content":{"rendered":"<p>O slew drive da s\u00e9rie SE tem um design compacto de alta precis\u00e3o, adapta-se a uma variedade de cen\u00e1rios de aplica\u00e7\u00e3o, elevada capacidade de carga e forte fiabilidade, fornecendo uma pot\u00eancia de rota\u00e7\u00e3o eficiente para sistemas mec\u00e2nicos e de engenharia. As carater\u00edsticas espec\u00edficas s\u00e3o: <\/p>\n<ul>\n<li>Projeto de precis\u00e3o: Os accionamentos girat\u00f3rios da S\u00e9rie SE s\u00e3o normalmente concebidos com precis\u00e3o para assegurar um elevado grau de precis\u00e3o e controlabilidade. Isto \u00e9 fundamental para algumas aplica\u00e7\u00f5es que requerem posicionamento e controlo de alta precis\u00e3o. <\/li>\n<li>Elevada capacidade de carga: Este tipo de transmiss\u00e3o por coroa de orienta\u00e7\u00e3o \u00e9 normalmente concebido para suportar cargas maiores e \u00e9 adequado para maquinaria pesada e equipamento de constru\u00e7\u00e3o.<\/li>\n<li>Design compacto: Para se adaptar a um espa\u00e7o de instala\u00e7\u00e3o limitado, a s\u00e9rie SE pode adotar um design compacto, proporcionando uma densidade de pot\u00eancia eficiente.<\/li>\n<\/ul>\n\n<table id=\"tablepress-11\" class=\"tablepress tablepress-id-11\">\n<thead>\n<tr class=\"row-1\">\n\t<th class=\"column-1\">Model<\/th><th class=\"column-2\">Output Torque<\/th><th class=\"column-3\">Tilting Moment Torque<\/th><th class=\"column-4\">Holding Torque<\/th><th class=\"column-5\">Gear Ratio<\/th><th class=\"column-6\">Tracking Precision<\/th><th class=\"column-7\">Weight<\/th><th class=\"column-8\">Drawing<\/th>\n<\/tr>\n<\/thead>\n<tbody class=\"row-striping row-hover\">\n<tr class=\"row-2\">\n\t<td class=\"column-1\">SE3<\/td><td class=\"column-2\">400 N.m<\/td><td class=\"column-3\">1100 N.m<\/td><td class=\"column-4\">2000 N.m<\/td><td class=\"column-5\">62:1<\/td><td class=\"column-6\">0.2\u00b0<\/td><td class=\"column-7\">12kg<\/td><td class=\"column-8\"><a href=\"https:\/\/slewingbearings.com\/wp-content\/uploads\/2024\/01\/SE3-Slew-Drive-catalog.pdf\"><br \/>\n<img decoding=\"async\" src=\"https:\/\/slewingbearings.com\/wp-content\/uploads\/2024\/01\/pdf.png\" width=\"30\" height=\"30\"><\/a><\/td>\n<\/tr>\n<tr class=\"row-3\">\n\t<td class=\"column-1\">SE3<\/td><td class=\"column-2\">295 lbf.ft<\/td><td class=\"column-3\">811 lbf.ft<\/td><td class=\"column-4\">1476 lbf.ft<\/td><td class=\"column-5\">62:1<\/td><td class=\"column-6\">0.2\u00b0<\/td><td class=\"column-7\">12kg<\/td><td class=\"column-8\"><a href=\"https:\/\/slewingbearings.com\/wp-content\/uploads\/2024\/01\/SE3-Slew-Drive-catalog.pdf\"><br \/>\n<img decoding=\"async\" src=\"https:\/\/slewingbearings.com\/wp-content\/uploads\/2024\/01\/pdf.png\" width=\"30\" height=\"30\"><\/a><\/td>\n<\/tr>\n<\/tbody>\n<\/table>\n<!-- #tablepress-11 from cache -->\n","protected":false},"excerpt":{"rendered":"<p>O mecanismo de acionamento \u00e9 um componente essencial do acionamento do balancim SE3, que alimenta os componentes rotativos atrav\u00e9s de uma fonte de energia externa. A escolha do mecanismo de acionamento depende da aplica\u00e7\u00e3o espec\u00edfica e inclui motores el\u00e9ctricos, accionamentos hidr\u00e1ulicos, accionamentos pneum\u00e1ticos, etc. <\/p>\n","protected":false},"featured_media":5885,"comment_status":"open","ping_status":"closed","template":"","meta":{"content-type":""},"product_cat":[335,328],"product_tag":[377],"class_list":{"0":"post-11644","1":"product","2":"type-product","3":"status-publish","4":"has-post-thumbnail","6":"product_cat-se-pe-slew-drive-pt-pt","7":"product_cat-slew-drive-pt-pt","8":"product_tag-se-3-slew-drive-pt-pt","10":"first","11":"instock","12":"shipping-taxable","13":"product-type-simple"},"yoast_head":"<!-- This site is optimized with the Yoast SEO plugin v21.7 - https:\/\/yoast.com\/wordpress\/plugins\/seo\/ -->\n<title>SE-3 Slewing Drive - ZZ Group<\/title>\n<meta name=\"description\" content=\"Os accionamentos girat\u00f3rios SE3 s\u00e3o utilizados em muitos dom\u00ednios, como a ind\u00fastria transformadora, a engenharia de constru\u00e7\u00e3o, a energia, os transportes e os electrodom\u00e9sticos.\" \/>\n<meta name=\"robots\" content=\"index, follow, max-snippet:-1, max-image-preview:large, max-video-preview:-1\" \/>\n<link rel=\"canonical\" href=\"https:\/\/slewingbearings.com\/product\/se-3-slew-drive\/\" \/>\n<meta property=\"og:locale\" content=\"pt_PT\" \/>\n<meta property=\"og:type\" content=\"article\" \/>\n<meta property=\"og:title\" content=\"SE-3 Slewing Drive - ZZ Group\" \/>\n<meta property=\"og:description\" content=\"Os accionamentos girat\u00f3rios SE3 s\u00e3o utilizados em muitos dom\u00ednios, como a ind\u00fastria transformadora, a engenharia de constru\u00e7\u00e3o, a energia, os transportes e os electrodom\u00e9sticos.\" \/>\n<meta property=\"og:url\" content=\"https:\/\/slewingbearings.com\/product\/se-3-slew-drive\/\" \/>\n<meta property=\"og:site_name\" content=\"ZZ Group\" \/>\n<meta property=\"og:image\" content=\"https:\/\/slewingbearings.com\/wp-content\/uploads\/2023\/11\/se3.jpg\" \/>\n\t<meta property=\"og:image:width\" content=\"500\" \/>\n\t<meta property=\"og:image:height\" content=\"500\" \/>\n\t<meta property=\"og:image:type\" content=\"image\/jpeg\" \/>\n<meta name=\"twitter:card\" content=\"summary_large_image\" \/>\n<meta name=\"twitter:label1\" content=\"Tempo estimado de leitura\" \/>\n\t<meta name=\"twitter:data1\" content=\"1 minuto\" \/>\n<script type=\"application\/ld+json\" class=\"yoast-schema-graph\">{\"@context\":\"https:\/\/schema.org\",\"@graph\":[{\"@type\":\"WebPage\",\"@id\":\"https:\/\/slewingbearings.com\/product\/se-3-slew-drive\/\",\"url\":\"https:\/\/slewingbearings.com\/product\/se-3-slew-drive\/\",\"name\":\"SE-3 Slewing Drive - ZZ Group\",\"isPartOf\":{\"@id\":\"https:\/\/slewingbearings.com\/#website\"},\"datePublished\":\"2023-11-28T11:39:02+00:00\",\"dateModified\":\"2023-11-28T11:39:02+00:00\",\"description\":\"Os accionamentos girat\u00f3rios SE3 s\u00e3o utilizados em muitos dom\u00ednios, como a ind\u00fastria transformadora, a engenharia de constru\u00e7\u00e3o, a energia, os transportes e os electrodom\u00e9sticos.\",\"breadcrumb\":{\"@id\":\"https:\/\/slewingbearings.com\/product\/se-3-slew-drive\/#breadcrumb\"},\"inLanguage\":\"pt-PT\",\"potentialAction\":[{\"@type\":\"ReadAction\",\"target\":[\"https:\/\/slewingbearings.com\/product\/se-3-slew-drive\/\"]}]},{\"@type\":\"BreadcrumbList\",\"@id\":\"https:\/\/slewingbearings.com\/product\/se-3-slew-drive\/#breadcrumb\",\"itemListElement\":[{\"@type\":\"ListItem\",\"position\":1,\"name\":\"Home\",\"item\":\"https:\/\/slewingbearings.com\/pt-pt\/rolamento-de-giro-acionamento-de-giro\/\"},{\"@type\":\"ListItem\",\"position\":2,\"name\":\"Shop\",\"item\":\"https:\/\/slewingbearings.com\/shop\/\"},{\"@type\":\"ListItem\",\"position\":3,\"name\":\"SE-3 Slewing Drive\"}]},{\"@type\":\"WebSite\",\"@id\":\"https:\/\/slewingbearings.com\/#website\",\"url\":\"https:\/\/slewingbearings.com\/\",\"name\":\"ZZ Group\",\"description\":\"Leading Slewing Bearings in China\",\"potentialAction\":[{\"@type\":\"SearchAction\",\"target\":{\"@type\":\"EntryPoint\",\"urlTemplate\":\"https:\/\/slewingbearings.com\/?s={search_term_string}\"},\"query-input\":\"required name=search_term_string\"}],\"inLanguage\":\"pt-PT\"}]}<\/script>\n<!-- \/ Yoast SEO plugin. -->","yoast_head_json":{"title":"SE-3 Slewing Drive - ZZ Group","description":"Os accionamentos girat\u00f3rios SE3 s\u00e3o utilizados em muitos dom\u00ednios, como a ind\u00fastria transformadora, a engenharia de constru\u00e7\u00e3o, a energia, os transportes e os electrodom\u00e9sticos.","robots":{"index":"index","follow":"follow","max-snippet":"max-snippet:-1","max-image-preview":"max-image-preview:large","max-video-preview":"max-video-preview:-1"},"canonical":"https:\/\/slewingbearings.com\/product\/se-3-slew-drive\/","og_locale":"pt_PT","og_type":"article","og_title":"SE-3 Slewing Drive - ZZ Group","og_description":"Os accionamentos girat\u00f3rios SE3 s\u00e3o utilizados em muitos dom\u00ednios, como a ind\u00fastria transformadora, a engenharia de constru\u00e7\u00e3o, a energia, os transportes e os electrodom\u00e9sticos.","og_url":"https:\/\/slewingbearings.com\/product\/se-3-slew-drive\/","og_site_name":"ZZ Group","og_image":[{"width":500,"height":500,"url":"https:\/\/slewingbearings.com\/wp-content\/uploads\/2023\/11\/se3.jpg","type":"image\/jpeg"}],"twitter_card":"summary_large_image","twitter_misc":{"Tempo estimado de leitura":"1 minuto"},"schema":{"@context":"https:\/\/schema.org","@graph":[{"@type":"WebPage","@id":"https:\/\/slewingbearings.com\/product\/se-3-slew-drive\/","url":"https:\/\/slewingbearings.com\/product\/se-3-slew-drive\/","name":"SE-3 Slewing Drive - ZZ Group","isPartOf":{"@id":"https:\/\/slewingbearings.com\/#website"},"datePublished":"2023-11-28T11:39:02+00:00","dateModified":"2023-11-28T11:39:02+00:00","description":"Os accionamentos girat\u00f3rios SE3 s\u00e3o utilizados em muitos dom\u00ednios, como a ind\u00fastria transformadora, a engenharia de constru\u00e7\u00e3o, a energia, os transportes e os electrodom\u00e9sticos.","breadcrumb":{"@id":"https:\/\/slewingbearings.com\/product\/se-3-slew-drive\/#breadcrumb"},"inLanguage":"pt-PT","potentialAction":[{"@type":"ReadAction","target":["https:\/\/slewingbearings.com\/product\/se-3-slew-drive\/"]}]},{"@type":"BreadcrumbList","@id":"https:\/\/slewingbearings.com\/product\/se-3-slew-drive\/#breadcrumb","itemListElement":[{"@type":"ListItem","position":1,"name":"Home","item":"https:\/\/slewingbearings.com\/pt-pt\/rolamento-de-giro-acionamento-de-giro\/"},{"@type":"ListItem","position":2,"name":"Shop","item":"https:\/\/slewingbearings.com\/shop\/"},{"@type":"ListItem","position":3,"name":"SE-3 Slewing Drive"}]},{"@type":"WebSite","@id":"https:\/\/slewingbearings.com\/#website","url":"https:\/\/slewingbearings.com\/","name":"ZZ Group","description":"Leading Slewing Bearings in China","potentialAction":[{"@type":"SearchAction","target":{"@type":"EntryPoint","urlTemplate":"https:\/\/slewingbearings.com\/?s={search_term_string}"},"query-input":"required name=search_term_string"}],"inLanguage":"pt-PT"}]}},"_links":{"self":[{"href":"https:\/\/slewingbearings.com\/pt-pt\/wp-json\/wp\/v2\/product\/11644","targetHints":{"allow":["GET"]}}],"collection":[{"href":"https:\/\/slewingbearings.com\/pt-pt\/wp-json\/wp\/v2\/product"}],"about":[{"href":"https:\/\/slewingbearings.com\/pt-pt\/wp-json\/wp\/v2\/types\/product"}],"replies":[{"embeddable":true,"href":"https:\/\/slewingbearings.com\/pt-pt\/wp-json\/wp\/v2\/comments?post=11644"}],"wp:featuredmedia":[{"embeddable":true,"href":"https:\/\/slewingbearings.com\/pt-pt\/wp-json\/wp\/v2\/media\/5885"}],"wp:attachment":[{"href":"https:\/\/slewingbearings.com\/pt-pt\/wp-json\/wp\/v2\/media?parent=11644"}],"wp:term":[{"taxonomy":"product_cat","embeddable":true,"href":"https:\/\/slewingbearings.com\/pt-pt\/wp-json\/wp\/v2\/product_cat?post=11644"},{"taxonomy":"product_tag","embeddable":true,"href":"https:\/\/slewingbearings.com\/pt-pt\/wp-json\/wp\/v2\/product_tag?post=11644"}],"curies":[{"name":"wp","href":"https:\/\/api.w.org\/{rel}","templated":true}]}}