{"id":11598,"date":"2025-01-09T02:45:44","date_gmt":"2025-01-09T02:45:44","guid":{"rendered":"https:\/\/slewingbearings.com\/product\/acionamento-de-roda-dentada-imo-serie-sp-h\/"},"modified":"2025-01-09T02:45:44","modified_gmt":"2025-01-09T02:45:44","slug":"acionamento-de-roda-dentada-imo-serie-sp-h","status":"publish","type":"product","link":"https:\/\/slewingbearings.com\/pt-pt\/product\/acionamento-de-roda-dentada-imo-serie-sp-h\/","title":{"rendered":"Acionamento de roda dentada IMO s\u00e9rie SP-H"},"content":{"rendered":"<p>Capacidade de carga e bin\u00e1rio de sa\u00edda: <a href=\"https:\/\/slewingbearings.com\/pt-pt\/acionamento-de-giro\/\">Os accionamentosde roda livre<\/a> ZZ oferecem capacidades de carga axial e radial e gamas de bin\u00e1rio de sa\u00edda que s\u00e3o geralmente consistentes ou superiores \u00e0s da s\u00e9rie IMO SP-H. Para aplica\u00e7\u00f5es que requerem grandes cargas, os projectos ZZ cumprem os requisitos de n\u00edvel industrial e s\u00e3o capazes de lidar com a maioria dos cen\u00e1rios de servi\u00e7o pesado. <\/p>\n<p>Gama de rela\u00e7\u00f5es de transmiss\u00e3o: Os accionamentos de roda livre ZZ oferecem uma variedade de op\u00e7\u00f5es de rela\u00e7\u00e3o de engrenagens que correspondem \u00e0 gama da s\u00e9rie SP-H da IMO para satisfazer as necessidades de controlo de precis\u00e3o e de transmiss\u00e3o de pot\u00eancia.<\/p>\n<p><strong>Desempenho<\/strong><br \/>\nPrecis\u00e3o e estabilidade: Os accionamentos girat\u00f3rios ZZ utilizam processos de fabrico de alta precis\u00e3o e a sua folga e precis\u00e3o de rota\u00e7\u00e3o s\u00e3o compar\u00e1veis \u00e0 s\u00e9rie IMO SP-H, adequada para aplica\u00e7\u00f5es que requerem uma elevada precis\u00e3o de posicionamento (como o seguimento solar e o equipamento de automa\u00e7\u00e3o industrial).<\/p>\n<p>Vida \u00fatil e durabilidade: O ZZ \u00e9 fabricado com materiais de alta qualidade (tais como ligas de a\u00e7o ou materiais resistentes \u00e0 corros\u00e3o) para garantir que a sua vida \u00fatil \u00e9 compar\u00e1vel \u00e0 da s\u00e9rie IMO SP-H, e tem uma forte resist\u00eancia ao desgaste e \u00e0 fadiga.<\/p>\n<p>Efici\u00eancia de funcionamento: O ZZ tem uma elevada efici\u00eancia de transmiss\u00e3o e pode efetivamente transmitir energia, o que \u00e9 adequado para cen\u00e1rios de funcionamento eficientes.<\/p>\n<p><strong>Adaptabilidade ambiental<\/strong><br \/>\nN\u00edvel de prote\u00e7\u00e3o: Os accionamentos de roda livre ZZ oferecem um n\u00edvel de prote\u00e7\u00e3o IP65 ou superior, podem funcionar normalmente em condi\u00e7\u00f5es de p\u00f3, humidade ou temperaturas extremas e adaptam-se totalmente aos requisitos do ambiente de trabalho da IMO SP-H.<\/p>\n<p>Gama de temperaturas de funcionamento: Os produtos da ZZ abrangem ambientes de trabalho desde temperaturas extremamente frias a temperaturas elevadas (como -40\u00b0C a +60\u00b0C), o que \u00e9 consistente com a adaptabilidade do IMO SP-H e \u00e9 adequado para ambientes exteriores e industriais.<\/p>\n<p><strong>Rela\u00e7\u00e3o custo-benef\u00edcio<\/strong><br \/>\nVantagem de pre\u00e7o: Os accionamentos girat\u00f3rios ZZ s\u00e3o geralmente mais econ\u00f3micos do que a s\u00e9rie IMO SP-H, especialmente em compras de grandes volumes ou projectos com or\u00e7amentos limitados, o que pode reduzir significativamente os custos de aquisi\u00e7\u00e3o.<\/p>\n\n<table id=\"tablepress-99\" class=\"tablepress tablepress-id-99\">\n<thead>\n<tr class=\"row-1\">\n\t<th class=\"column-1\">Part Number<\/th><th class=\"column-2\">Series<\/th><th class=\"column-3\">Number of drives<\/th><th class=\"column-4\">Drive style<\/th><th class=\"column-5\">Module<\/th><th class=\"column-6\">Number Of <br \/>\nTeeth Pinion<\/th><th class=\"column-7\">Number Of <br \/>\nWheel Teeth<\/th><th class=\"column-8\">Weight<\/th><th class=\"column-9\">Slew Drive<br \/>\nGear Ratio<\/th><th class=\"column-10\">Overall Gear Raito <br \/>\nIncl Gear Box<\/th><th class=\"column-11\">Max Torque<\/th><th class=\"column-12\">Nom Torques<\/th><th class=\"column-13\">Max Holding<br \/>\nTorque<\/th>\n<\/tr>\n<\/thead>\n<tbody class=\"row-striping row-hover\">\n<tr class=\"row-2\">\n\t<td class=\"column-1\">SP-H 0455<\/td><td class=\"column-2\">SP-H Series<\/td><td class=\"column-3\">1 drive<\/td><td class=\"column-4\">Straight teeth<\/td><td class=\"column-5\">8<\/td><td class=\"column-6\">15<\/td><td class=\"column-7\">72<\/td><td class=\"column-8\">207 Kg<\/td><td class=\"column-9\">4.8<\/td><td class=\"column-10\">86.88<\/td><td class=\"column-11\">27673 Nm<\/td><td class=\"column-12\">18115 Nm<\/td><td class=\"column-13\">27673<\/td>\n<\/tr>\n<tr class=\"row-3\">\n\t<td class=\"column-1\">SP-H 0555<\/td><td class=\"column-2\">SP-H Series<\/td><td class=\"column-3\">1 drive<\/td><td class=\"column-4\">Straight teeth<\/td><td class=\"column-5\">8<\/td><td class=\"column-6\">15<\/td><td class=\"column-7\">85<\/td><td class=\"column-8\">226 Kg<\/td><td class=\"column-9\">5.67<\/td><td class=\"column-10\">102.56<\/td><td class=\"column-11\">32670 Nm<\/td><td class=\"column-12\">21590 Nm<\/td><td class=\"column-13\">32670<\/td>\n<\/tr>\n<tr class=\"row-4\">\n\t<td class=\"column-1\">SP-H 0655<\/td><td class=\"column-2\">SP-H Series<\/td><td class=\"column-3\">1 drive<\/td><td class=\"column-4\">Straight teeth<\/td><td class=\"column-5\">8<\/td><td class=\"column-6\">15<\/td><td class=\"column-7\">98<\/td><td class=\"column-8\">246 Kg<\/td><td class=\"column-9\">6.53<\/td><td class=\"column-10\">118.25<\/td><td class=\"column-11\">37667 Nm<\/td><td class=\"column-12\">25048 Nm<\/td><td class=\"column-13\">37667<\/td>\n<\/tr>\n<tr class=\"row-5\">\n\t<td class=\"column-1\">SP-H 0755<\/td><td class=\"column-2\">SP-H Series<\/td><td class=\"column-3\">1 drive<\/td><td class=\"column-4\">Straight teeth<\/td><td class=\"column-5\">8<\/td><td class=\"column-6\">15<\/td><td class=\"column-7\">110<\/td><td class=\"column-8\">268 Kg<\/td><td class=\"column-9\">7.33<\/td><td class=\"column-10\">132.72<\/td><td class=\"column-11\">42279 Nm<\/td><td class=\"column-12\">28204 Nm<\/td><td class=\"column-13\">42279<\/td>\n<\/tr>\n<tr class=\"row-6\">\n\t<td class=\"column-1\">SP-H 0855<\/td><td class=\"column-2\">SP-H Series<\/td><td class=\"column-3\">1 drive<\/td><td class=\"column-4\">Straight teeth<\/td><td class=\"column-5\">8<\/td><td class=\"column-6\">15<\/td><td class=\"column-7\">122<\/td><td class=\"column-8\">289 Kg<\/td><td class=\"column-9\">8.13<\/td><td class=\"column-10\">147.21<\/td><td class=\"column-11\">47180 Nm<\/td><td class=\"column-12\">32749 Nm<\/td><td class=\"column-13\">47180<\/td>\n<\/tr>\n<tr class=\"row-7\">\n\t<td class=\"column-1\">SP-H 0955<\/td><td class=\"column-2\">SP-H Series<\/td><td class=\"column-3\">1 drive<\/td><td class=\"column-4\">Straight teeth<\/td><td class=\"column-5\">8<\/td><td class=\"column-6\">15<\/td><td class=\"column-7\">134<\/td><td class=\"column-8\">315 Kg<\/td><td class=\"column-9\">8.93<\/td><td class=\"column-10\">161.69<\/td><td class=\"column-11\">51888 Nm<\/td><td class=\"column-12\">36342 Nm<\/td><td class=\"column-13\">51888<\/td>\n<\/tr>\n<\/tbody>\n<\/table>\n<!-- #tablepress-99 from cache -->\n","protected":false},"excerpt":{"rendered":"<p>Uma vez que os accionamentos de roda livre ZZ s\u00e3o altamente compat\u00edveis com a s\u00e9rie IMO SP-H em termos de par\u00e2metros t\u00e9cnicos, desempenho, adaptabilidade ambiental e rela\u00e7\u00e3o custo-efic\u00e1cia, e podem ter vantagens em certos aspectos, como pre\u00e7o e flexibilidade de personaliza\u00e7\u00e3o, podem ser uma alternativa perfeita \u00e0 s\u00e9rie IMO SP-H.<\/p>\n","protected":false},"featured_media":10637,"comment_status":"open","ping_status":"closed","template":"","meta":{"content-type":""},"product_cat":[363,356],"product_tag":[453],"class_list":{"0":"post-11598","1":"product","2":"type-product","3":"status-publish","4":"has-post-thumbnail","6":"product_cat-imo-pt-pt","7":"product_cat-oemodm-pt-pt","8":"product_tag-imo-sp-h-series-slewing-drive-pt-pt","10":"first","11":"instock","12":"shipping-taxable","13":"product-type-simple"},"yoast_head":"<!-- This site is optimized with the Yoast SEO plugin v21.7 - https:\/\/yoast.com\/wordpress\/plugins\/seo\/ -->\n<title>ZZ Group<\/title>\n<meta name=\"description\" content=\"Os accionamentos de roda livre ZZ oferecem capacidades de carga axial e radial e gamas de bin\u00e1rio de sa\u00edda que s\u00e3o geralmente consistentes ou superiores \u00e0s da s\u00e9rie SP-H da IMO.\" \/>\n<meta name=\"robots\" content=\"index, follow, max-snippet:-1, max-image-preview:large, max-video-preview:-1\" \/>\n<link rel=\"canonical\" href=\"https:\/\/slewingbearings.com\/product\/imo-sp-h-series-slewing-drive\/\" \/>\n<meta property=\"og:locale\" content=\"pt_PT\" \/>\n<meta property=\"og:type\" content=\"article\" \/>\n<meta property=\"og:description\" content=\"Os accionamentos de roda livre ZZ oferecem capacidades de carga axial e radial e gamas de bin\u00e1rio de sa\u00edda que s\u00e3o geralmente consistentes ou superiores \u00e0s da s\u00e9rie SP-H da IMO.\" \/>\n<meta property=\"og:url\" content=\"https:\/\/slewingbearings.com\/product\/imo-sp-h-series-slewing-drive\/\" \/>\n<meta property=\"og:site_name\" content=\"ZZ Group\" \/>\n<meta property=\"og:image\" content=\"https:\/\/slewingbearings.com\/wp-content\/uploads\/2025\/01\/IMO-SP-H-Series-Slewing-drive.webp\" \/>\n\t<meta property=\"og:image:width\" content=\"800\" \/>\n\t<meta property=\"og:image:height\" content=\"800\" \/>\n\t<meta property=\"og:image:type\" content=\"image\/webp\" \/>\n<meta name=\"twitter:card\" content=\"summary_large_image\" \/>\n<meta name=\"twitter:label1\" content=\"Tempo estimado de leitura\" \/>\n\t<meta name=\"twitter:data1\" content=\"2 minutos\" \/>\n<script type=\"application\/ld+json\" class=\"yoast-schema-graph\">{\"@context\":\"https:\/\/schema.org\",\"@graph\":[{\"@type\":\"WebPage\",\"@id\":\"https:\/\/slewingbearings.com\/product\/imo-sp-h-series-slewing-drive\/\",\"url\":\"https:\/\/slewingbearings.com\/product\/imo-sp-h-series-slewing-drive\/\",\"name\":\"\",\"isPartOf\":{\"@id\":\"https:\/\/slewingbearings.com\/#website\"},\"datePublished\":\"2025-01-09T02:45:44+00:00\",\"dateModified\":\"2025-01-09T02:45:44+00:00\",\"description\":\"Os accionamentos de roda livre ZZ oferecem capacidades de carga axial e radial e gamas de bin\u00e1rio de sa\u00edda que s\u00e3o geralmente consistentes ou superiores \u00e0s da s\u00e9rie SP-H da IMO.\",\"breadcrumb\":{\"@id\":\"https:\/\/slewingbearings.com\/product\/imo-sp-h-series-slewing-drive\/#breadcrumb\"},\"inLanguage\":\"pt-PT\",\"potentialAction\":[{\"@type\":\"ReadAction\",\"target\":[\"https:\/\/slewingbearings.com\/product\/imo-sp-h-series-slewing-drive\/\"]}]},{\"@type\":\"BreadcrumbList\",\"@id\":\"https:\/\/slewingbearings.com\/product\/imo-sp-h-series-slewing-drive\/#breadcrumb\",\"itemListElement\":[{\"@type\":\"ListItem\",\"position\":1,\"name\":\"Home\",\"item\":\"https:\/\/slewingbearings.com\/pt-pt\/rolamento-de-giro-acionamento-de-giro\/\"},{\"@type\":\"ListItem\",\"position\":2,\"name\":\"Shop\",\"item\":\"https:\/\/slewingbearings.com\/shop\/\"},{\"@type\":\"ListItem\",\"position\":3,\"name\":\"Acionamento de roda dentada IMO s\u00e9rie SP-H\"}]},{\"@type\":\"WebSite\",\"@id\":\"https:\/\/slewingbearings.com\/#website\",\"url\":\"https:\/\/slewingbearings.com\/\",\"name\":\"ZZ Group\",\"description\":\"Leading Slewing Bearings in China\",\"potentialAction\":[{\"@type\":\"SearchAction\",\"target\":{\"@type\":\"EntryPoint\",\"urlTemplate\":\"https:\/\/slewingbearings.com\/?s={search_term_string}\"},\"query-input\":\"required name=search_term_string\"}],\"inLanguage\":\"pt-PT\"}]}<\/script>\n<!-- \/ Yoast SEO plugin. -->","yoast_head_json":{"title":"ZZ Group","description":"Os accionamentos de roda livre ZZ oferecem capacidades de carga axial e radial e gamas de bin\u00e1rio de sa\u00edda que s\u00e3o geralmente consistentes ou superiores \u00e0s da s\u00e9rie SP-H da IMO.","robots":{"index":"index","follow":"follow","max-snippet":"max-snippet:-1","max-image-preview":"max-image-preview:large","max-video-preview":"max-video-preview:-1"},"canonical":"https:\/\/slewingbearings.com\/product\/imo-sp-h-series-slewing-drive\/","og_locale":"pt_PT","og_type":"article","og_description":"Os accionamentos de roda livre ZZ oferecem capacidades de carga axial e radial e gamas de bin\u00e1rio de sa\u00edda que s\u00e3o geralmente consistentes ou superiores \u00e0s da s\u00e9rie SP-H da IMO.","og_url":"https:\/\/slewingbearings.com\/product\/imo-sp-h-series-slewing-drive\/","og_site_name":"ZZ Group","og_image":[{"width":800,"height":800,"url":"https:\/\/slewingbearings.com\/wp-content\/uploads\/2025\/01\/IMO-SP-H-Series-Slewing-drive.webp","type":"image\/webp"}],"twitter_card":"summary_large_image","twitter_misc":{"Tempo estimado de leitura":"2 minutos"},"schema":{"@context":"https:\/\/schema.org","@graph":[{"@type":"WebPage","@id":"https:\/\/slewingbearings.com\/product\/imo-sp-h-series-slewing-drive\/","url":"https:\/\/slewingbearings.com\/product\/imo-sp-h-series-slewing-drive\/","name":"","isPartOf":{"@id":"https:\/\/slewingbearings.com\/#website"},"datePublished":"2025-01-09T02:45:44+00:00","dateModified":"2025-01-09T02:45:44+00:00","description":"Os accionamentos de roda livre ZZ oferecem capacidades de carga axial e radial e gamas de bin\u00e1rio de sa\u00edda que s\u00e3o geralmente consistentes ou superiores \u00e0s da s\u00e9rie SP-H da IMO.","breadcrumb":{"@id":"https:\/\/slewingbearings.com\/product\/imo-sp-h-series-slewing-drive\/#breadcrumb"},"inLanguage":"pt-PT","potentialAction":[{"@type":"ReadAction","target":["https:\/\/slewingbearings.com\/product\/imo-sp-h-series-slewing-drive\/"]}]},{"@type":"BreadcrumbList","@id":"https:\/\/slewingbearings.com\/product\/imo-sp-h-series-slewing-drive\/#breadcrumb","itemListElement":[{"@type":"ListItem","position":1,"name":"Home","item":"https:\/\/slewingbearings.com\/pt-pt\/rolamento-de-giro-acionamento-de-giro\/"},{"@type":"ListItem","position":2,"name":"Shop","item":"https:\/\/slewingbearings.com\/shop\/"},{"@type":"ListItem","position":3,"name":"Acionamento de roda dentada IMO s\u00e9rie SP-H"}]},{"@type":"WebSite","@id":"https:\/\/slewingbearings.com\/#website","url":"https:\/\/slewingbearings.com\/","name":"ZZ Group","description":"Leading Slewing Bearings in China","potentialAction":[{"@type":"SearchAction","target":{"@type":"EntryPoint","urlTemplate":"https:\/\/slewingbearings.com\/?s={search_term_string}"},"query-input":"required name=search_term_string"}],"inLanguage":"pt-PT"}]}},"_links":{"self":[{"href":"https:\/\/slewingbearings.com\/pt-pt\/wp-json\/wp\/v2\/product\/11598","targetHints":{"allow":["GET"]}}],"collection":[{"href":"https:\/\/slewingbearings.com\/pt-pt\/wp-json\/wp\/v2\/product"}],"about":[{"href":"https:\/\/slewingbearings.com\/pt-pt\/wp-json\/wp\/v2\/types\/product"}],"replies":[{"embeddable":true,"href":"https:\/\/slewingbearings.com\/pt-pt\/wp-json\/wp\/v2\/comments?post=11598"}],"wp:featuredmedia":[{"embeddable":true,"href":"https:\/\/slewingbearings.com\/pt-pt\/wp-json\/wp\/v2\/media\/10637"}],"wp:attachment":[{"href":"https:\/\/slewingbearings.com\/pt-pt\/wp-json\/wp\/v2\/media?parent=11598"}],"wp:term":[{"taxonomy":"product_cat","embeddable":true,"href":"https:\/\/slewingbearings.com\/pt-pt\/wp-json\/wp\/v2\/product_cat?post=11598"},{"taxonomy":"product_tag","embeddable":true,"href":"https:\/\/slewingbearings.com\/pt-pt\/wp-json\/wp\/v2\/product_tag?post=11598"}],"curies":[{"name":"wp","href":"https:\/\/api.w.org\/{rel}","templated":true}]}}