{"id":11593,"date":"2025-01-09T03:11:30","date_gmt":"2025-01-09T03:11:30","guid":{"rendered":"https:\/\/slewingbearings.com\/product\/acionamento-de-roda-dentada-da-serie-sp-i-imo\/"},"modified":"2025-01-09T03:11:30","modified_gmt":"2025-01-09T03:11:30","slug":"acionamento-de-roda-dentada-da-serie-sp-i-imo","status":"publish","type":"product","link":"https:\/\/slewingbearings.com\/pt-pt\/product\/acionamento-de-roda-dentada-da-serie-sp-i-imo\/","title":{"rendered":"Acionamento de roda dentada da s\u00e9rie SP-I IMO"},"content":{"rendered":"<p>O <a href=\"https:\/\/slewingbearings.com\/pt-pt\/acionamento-de-giro\/\">acionamento de giro<\/a> ZZ \u00e9 um dispositivo de rota\u00e7\u00e3o eficiente e fi\u00e1vel que integra um motor, um redutor e um rolamento de giro. Apresenta uma elevada capacidade de carga, um controlo preciso e um design compacto. Fabricado com materiais de alta qualidade, oferece durabilidade e resist\u00eancia \u00e0 corros\u00e3o, tornando-o adequado para sistemas de seguimento solar, energia e\u00f3lica, maquinaria de constru\u00e7\u00e3o e outras aplica\u00e7\u00f5es. O ZZ suporta v\u00e1rias especifica\u00e7\u00f5es para atender a diversos requisitos, garantindo baixos custos de manuten\u00e7\u00e3o e desempenho est\u00e1vel, tornando-o uma solu\u00e7\u00e3o ideal para aplica\u00e7\u00f5es de alta intensidade.   <\/p>\n<p><strong>Carater\u00edsticas principais do acionamento de giro da s\u00e9rie SP-I da IMO:<\/strong><\/p>\n<ul>\n<li>Design compacto: A s\u00e9rie SP-I apresenta um design compacto que integra o motor, a caixa de velocidades e a coroa de orienta\u00e7\u00e3o numa \u00fanica unidade, tornando-a ideal para aplica\u00e7\u00f5es com espa\u00e7o limitado.<\/li>\n<li>Elevada capacidade de carga: Estes accionamentos foram concebidos para suportar cargas pesadas, mantendo elevados n\u00edveis de efici\u00eancia e estabilidade. O anel girat\u00f3rio e o sistema de engrenagens trabalham em conjunto para assegurar um funcionamento suave em condi\u00e7\u00f5es de bin\u00e1rio elevado. <\/li>\n<li>Precis\u00e3o e fiabilidade: Os accionamentos girat\u00f3rios IMO s\u00e3o concebidos para uma precis\u00e3o e durabilidade duradouras, tornando-os adequados para aplica\u00e7\u00f5es exigentes que requerem um desempenho consistente e fi\u00e1vel ao longo do tempo.<\/li>\n<\/ul>\n\n<table id=\"tablepress-100\" class=\"tablepress tablepress-id-100\">\n<thead>\n<tr class=\"row-1\">\n\t<th class=\"column-1\">Part Number<\/th><th class=\"column-2\">Series<\/th><th class=\"column-3\">Number of drives<\/th><th class=\"column-4\">Drive style<\/th><th class=\"column-5\">Module<\/th><th class=\"column-6\">Number Of <br \/>\nTeeth Pinion<\/th><th class=\"column-7\">Number Of <br \/>\nWheel Teeth<\/th><th class=\"column-8\">Weight<\/th><th class=\"column-9\">Slew Drive <br \/>\nGear Ratio<\/th><th class=\"column-10\">Max Torque<\/th><th class=\"column-11\">Nom Torques<\/th><th class=\"column-12\">Max Holding <br \/>\nTorque<\/th>\n<\/tr>\n<\/thead>\n<tbody class=\"row-striping row-hover\">\n<tr class=\"row-2\">\n\t<td class=\"column-1\">SP-I 0229<\/td><td class=\"column-2\">SP-I Series<\/td><td class=\"column-3\">1 drive<\/td><td class=\"column-4\">Straight teeth<\/td><td class=\"column-5\">4<\/td><td class=\"column-6\">15<\/td><td class=\"column-7\">79<\/td><td class=\"column-8\">46 Kg<\/td><td class=\"column-9\">5.27<\/td><td class=\"column-10\">3002 Nm<\/td><td class=\"column-11\">2607 Nm<\/td><td class=\"column-12\">3002<\/td>\n<\/tr>\n<tr class=\"row-3\">\n\t<td class=\"column-1\">SP-I 0311<\/td><td class=\"column-2\">SP-I Series<\/td><td class=\"column-3\">1 drive<\/td><td class=\"column-4\">Straight teeth<\/td><td class=\"column-5\">4<\/td><td class=\"column-6\">15<\/td><td class=\"column-7\">99<\/td><td class=\"column-8\">50 Kg<\/td><td class=\"column-9\">6.6<\/td><td class=\"column-10\">3762 Nm<\/td><td class=\"column-11\">2653 Nm<\/td><td class=\"column-12\">3762<\/td>\n<\/tr>\n<tr class=\"row-4\">\n\t<td class=\"column-1\">SP-I 0411<\/td><td class=\"column-2\">SP-I Series<\/td><td class=\"column-3\">1 drive<\/td><td class=\"column-4\">Straight teeth<\/td><td class=\"column-5\">4<\/td><td class=\"column-6\">15<\/td><td class=\"column-7\">124<\/td><td class=\"column-8\">59 Kg<\/td><td class=\"column-9\">8.27<\/td><td class=\"column-10\">4712 Nm<\/td><td class=\"column-11\">3348 Nm<\/td><td class=\"column-12\">4712<\/td>\n<\/tr>\n<tr class=\"row-5\">\n\t<td class=\"column-1\">SP-I 0541<\/td><td class=\"column-2\">SP-I Series<\/td><td class=\"column-3\">1 drive<\/td><td class=\"column-4\">Straight teeth<\/td><td class=\"column-5\">4<\/td><td class=\"column-6\">15<\/td><td class=\"column-7\">156<\/td><td class=\"column-8\">72 Kg<\/td><td class=\"column-9\">10.4<\/td><td class=\"column-10\">5928 Nm<\/td><td class=\"column-11\">4243 Nm<\/td><td class=\"column-12\">5928<\/td>\n<\/tr>\n<tr class=\"row-6\">\n\t<td class=\"column-1\">SP-I 0641<\/td><td class=\"column-2\">SP-I Series<\/td><td class=\"column-3\">1 drive<\/td><td class=\"column-4\">Straight teeth<\/td><td class=\"column-5\">4<\/td><td class=\"column-6\">15<\/td><td class=\"column-7\">181<\/td><td class=\"column-8\">84 Kg<\/td><td class=\"column-9\">12.07<\/td><td class=\"column-10\">6878 Nm<\/td><td class=\"column-11\">4921 Nm<\/td><td class=\"column-12\">6878<\/td>\n<\/tr>\n<tr class=\"row-7\">\n\t<td class=\"column-1\">SP-I 0741<\/td><td class=\"column-2\">SP-I Series<\/td><td class=\"column-3\">1 drive<\/td><td class=\"column-4\">Straight teeth<\/td><td class=\"column-5\">4<\/td><td class=\"column-6\">15<\/td><td class=\"column-7\">206<\/td><td class=\"column-8\">95 Kg<\/td><td class=\"column-9\">13.73<\/td><td class=\"column-10\">7828 Nm<\/td><td class=\"column-11\">5644 Nm<\/td><td class=\"column-12\">7828<\/td>\n<\/tr>\n<tr class=\"row-8\">\n\t<td class=\"column-1\">SP-I 0841<\/td><td class=\"column-2\">SP-I Series<\/td><td class=\"column-3\">1 drive<\/td><td class=\"column-4\">Straight teeth<\/td><td class=\"column-5\">4<\/td><td class=\"column-6\">15<\/td><td class=\"column-7\">231<\/td><td class=\"column-8\">102 Kg<\/td><td class=\"column-9\">15.4<\/td><td class=\"column-10\">8778 Nm<\/td><td class=\"column-11\">6329 Nm<\/td><td class=\"column-12\">8778<\/td>\n<\/tr>\n<tr class=\"row-9\">\n\t<td class=\"column-1\">SP-I 0941<\/td><td class=\"column-2\">SP-I Series<\/td><td class=\"column-3\">1 drive<\/td><td class=\"column-4\">Straight teeth<\/td><td class=\"column-5\">4<\/td><td class=\"column-6\">15<\/td><td class=\"column-7\">256<\/td><td class=\"column-8\">115 Kg<\/td><td class=\"column-9\">17.07<\/td><td class=\"column-10\">9728 Nm<\/td><td class=\"column-11\">7040 Nm<\/td><td class=\"column-12\">9728<\/td>\n<\/tr>\n<tr class=\"row-10\">\n\t<td class=\"column-1\">SP-I 1091<\/td><td class=\"column-2\">SP-I Series<\/td><td class=\"column-3\">1 drive<\/td><td class=\"column-4\">Straight teeth<\/td><td class=\"column-5\">4<\/td><td class=\"column-6\">15<\/td><td class=\"column-7\">294<\/td><td class=\"column-8\">127 Kg<\/td><td class=\"column-9\">19.6<\/td><td class=\"column-10\">11172 Nm<\/td><td class=\"column-11\">8085 Nm<\/td><td class=\"column-12\">11172<\/td>\n<\/tr>\n<\/tbody>\n<\/table>\n<!-- #tablepress-100 from cache -->\n","protected":false},"excerpt":{"rendered":"<p>O acionamento de giro da s\u00e9rie SP-I da IMO \u00e9 um tipo de sistema de acionamento mec\u00e2nico concebido para proporcionar movimento de rota\u00e7\u00e3o a m\u00e1quinas, frequentemente utilizado em aplica\u00e7\u00f5es em que s\u00e3o necess\u00e1rios um bin\u00e1rio e uma precis\u00e3o elevados. Os accionamentos girat\u00f3rios s\u00e3o normalmente utilizados para rodar cargas grandes e pesadas, como em turbinas e\u00f3licas, equipamento de constru\u00e7\u00e3o ou sistemas de seguimento solar. <\/p>\n<p>&nbsp;<\/p>\n","protected":false},"featured_media":10646,"comment_status":"open","ping_status":"closed","template":"","meta":{"content-type":""},"product_cat":[363,356],"product_tag":[462],"class_list":{"0":"post-11593","1":"product","2":"type-product","3":"status-publish","4":"has-post-thumbnail","6":"product_cat-imo-pt-pt","7":"product_cat-oemodm-pt-pt","8":"product_tag-imo-sp-i-series-slewing-drive-pt-pt","10":"first","11":"instock","12":"shipping-taxable","13":"product-type-simple"},"yoast_head":"<!-- This site is optimized with the Yoast SEO plugin v21.7 - https:\/\/yoast.com\/wordpress\/plugins\/seo\/ -->\n<title>ZZ Group<\/title>\n<meta name=\"description\" content=\"A s\u00e9rie IMO SP-I apresenta um design compacto que integra o motor, a caixa de velocidades e a coroa de orienta\u00e7\u00e3o numa \u00fanica unidade, tornando-a ideal para aplica\u00e7\u00f5es.\" \/>\n<meta name=\"robots\" content=\"index, follow, max-snippet:-1, max-image-preview:large, max-video-preview:-1\" \/>\n<link rel=\"canonical\" href=\"https:\/\/slewingbearings.com\/product\/imo-sp-i-series-slewing-drive\/\" \/>\n<meta property=\"og:locale\" content=\"pt_PT\" \/>\n<meta property=\"og:type\" content=\"article\" \/>\n<meta property=\"og:description\" content=\"A s\u00e9rie IMO SP-I apresenta um design compacto que integra o motor, a caixa de velocidades e a coroa de orienta\u00e7\u00e3o numa \u00fanica unidade, tornando-a ideal para aplica\u00e7\u00f5es.\" \/>\n<meta property=\"og:url\" content=\"https:\/\/slewingbearings.com\/product\/imo-sp-i-series-slewing-drive\/\" \/>\n<meta property=\"og:site_name\" content=\"ZZ Group\" \/>\n<meta property=\"og:image\" content=\"https:\/\/slewingbearings.com\/wp-content\/uploads\/2025\/01\/IMO-SP-I-Series-Slewing-drive.webp\" \/>\n\t<meta property=\"og:image:width\" content=\"800\" \/>\n\t<meta property=\"og:image:height\" content=\"800\" \/>\n\t<meta property=\"og:image:type\" content=\"image\/webp\" \/>\n<meta name=\"twitter:card\" content=\"summary_large_image\" \/>\n<meta name=\"twitter:label1\" content=\"Tempo estimado de leitura\" \/>\n\t<meta name=\"twitter:data1\" content=\"1 minuto\" \/>\n<script type=\"application\/ld+json\" class=\"yoast-schema-graph\">{\"@context\":\"https:\/\/schema.org\",\"@graph\":[{\"@type\":\"WebPage\",\"@id\":\"https:\/\/slewingbearings.com\/product\/imo-sp-i-series-slewing-drive\/\",\"url\":\"https:\/\/slewingbearings.com\/product\/imo-sp-i-series-slewing-drive\/\",\"name\":\"\",\"isPartOf\":{\"@id\":\"https:\/\/slewingbearings.com\/#website\"},\"datePublished\":\"2025-01-09T03:11:30+00:00\",\"dateModified\":\"2025-01-09T03:11:30+00:00\",\"description\":\"A s\u00e9rie IMO SP-I apresenta um design compacto que integra o motor, a caixa de velocidades e a coroa de orienta\u00e7\u00e3o numa \u00fanica unidade, tornando-a ideal para aplica\u00e7\u00f5es.\",\"breadcrumb\":{\"@id\":\"https:\/\/slewingbearings.com\/product\/imo-sp-i-series-slewing-drive\/#breadcrumb\"},\"inLanguage\":\"pt-PT\",\"potentialAction\":[{\"@type\":\"ReadAction\",\"target\":[\"https:\/\/slewingbearings.com\/product\/imo-sp-i-series-slewing-drive\/\"]}]},{\"@type\":\"BreadcrumbList\",\"@id\":\"https:\/\/slewingbearings.com\/product\/imo-sp-i-series-slewing-drive\/#breadcrumb\",\"itemListElement\":[{\"@type\":\"ListItem\",\"position\":1,\"name\":\"Home\",\"item\":\"https:\/\/slewingbearings.com\/pt-pt\/rolamento-de-giro-acionamento-de-giro\/\"},{\"@type\":\"ListItem\",\"position\":2,\"name\":\"Shop\",\"item\":\"https:\/\/slewingbearings.com\/shop\/\"},{\"@type\":\"ListItem\",\"position\":3,\"name\":\"Acionamento de roda dentada da s\u00e9rie SP-I IMO\"}]},{\"@type\":\"WebSite\",\"@id\":\"https:\/\/slewingbearings.com\/#website\",\"url\":\"https:\/\/slewingbearings.com\/\",\"name\":\"ZZ Group\",\"description\":\"Leading Slewing Bearings in China\",\"potentialAction\":[{\"@type\":\"SearchAction\",\"target\":{\"@type\":\"EntryPoint\",\"urlTemplate\":\"https:\/\/slewingbearings.com\/?s={search_term_string}\"},\"query-input\":\"required name=search_term_string\"}],\"inLanguage\":\"pt-PT\"}]}<\/script>\n<!-- \/ Yoast SEO plugin. -->","yoast_head_json":{"title":"ZZ Group","description":"A s\u00e9rie IMO SP-I apresenta um design compacto que integra o motor, a caixa de velocidades e a coroa de orienta\u00e7\u00e3o numa \u00fanica unidade, tornando-a ideal para aplica\u00e7\u00f5es.","robots":{"index":"index","follow":"follow","max-snippet":"max-snippet:-1","max-image-preview":"max-image-preview:large","max-video-preview":"max-video-preview:-1"},"canonical":"https:\/\/slewingbearings.com\/product\/imo-sp-i-series-slewing-drive\/","og_locale":"pt_PT","og_type":"article","og_description":"A s\u00e9rie IMO SP-I apresenta um design compacto que integra o motor, a caixa de velocidades e a coroa de orienta\u00e7\u00e3o numa \u00fanica unidade, tornando-a ideal para aplica\u00e7\u00f5es.","og_url":"https:\/\/slewingbearings.com\/product\/imo-sp-i-series-slewing-drive\/","og_site_name":"ZZ Group","og_image":[{"width":800,"height":800,"url":"https:\/\/slewingbearings.com\/wp-content\/uploads\/2025\/01\/IMO-SP-I-Series-Slewing-drive.webp","type":"image\/webp"}],"twitter_card":"summary_large_image","twitter_misc":{"Tempo estimado de leitura":"1 minuto"},"schema":{"@context":"https:\/\/schema.org","@graph":[{"@type":"WebPage","@id":"https:\/\/slewingbearings.com\/product\/imo-sp-i-series-slewing-drive\/","url":"https:\/\/slewingbearings.com\/product\/imo-sp-i-series-slewing-drive\/","name":"","isPartOf":{"@id":"https:\/\/slewingbearings.com\/#website"},"datePublished":"2025-01-09T03:11:30+00:00","dateModified":"2025-01-09T03:11:30+00:00","description":"A s\u00e9rie IMO SP-I apresenta um design compacto que integra o motor, a caixa de velocidades e a coroa de orienta\u00e7\u00e3o numa \u00fanica unidade, tornando-a ideal para aplica\u00e7\u00f5es.","breadcrumb":{"@id":"https:\/\/slewingbearings.com\/product\/imo-sp-i-series-slewing-drive\/#breadcrumb"},"inLanguage":"pt-PT","potentialAction":[{"@type":"ReadAction","target":["https:\/\/slewingbearings.com\/product\/imo-sp-i-series-slewing-drive\/"]}]},{"@type":"BreadcrumbList","@id":"https:\/\/slewingbearings.com\/product\/imo-sp-i-series-slewing-drive\/#breadcrumb","itemListElement":[{"@type":"ListItem","position":1,"name":"Home","item":"https:\/\/slewingbearings.com\/pt-pt\/rolamento-de-giro-acionamento-de-giro\/"},{"@type":"ListItem","position":2,"name":"Shop","item":"https:\/\/slewingbearings.com\/shop\/"},{"@type":"ListItem","position":3,"name":"Acionamento de roda dentada da s\u00e9rie SP-I IMO"}]},{"@type":"WebSite","@id":"https:\/\/slewingbearings.com\/#website","url":"https:\/\/slewingbearings.com\/","name":"ZZ Group","description":"Leading Slewing Bearings in China","potentialAction":[{"@type":"SearchAction","target":{"@type":"EntryPoint","urlTemplate":"https:\/\/slewingbearings.com\/?s={search_term_string}"},"query-input":"required name=search_term_string"}],"inLanguage":"pt-PT"}]}},"_links":{"self":[{"href":"https:\/\/slewingbearings.com\/pt-pt\/wp-json\/wp\/v2\/product\/11593","targetHints":{"allow":["GET"]}}],"collection":[{"href":"https:\/\/slewingbearings.com\/pt-pt\/wp-json\/wp\/v2\/product"}],"about":[{"href":"https:\/\/slewingbearings.com\/pt-pt\/wp-json\/wp\/v2\/types\/product"}],"replies":[{"embeddable":true,"href":"https:\/\/slewingbearings.com\/pt-pt\/wp-json\/wp\/v2\/comments?post=11593"}],"wp:featuredmedia":[{"embeddable":true,"href":"https:\/\/slewingbearings.com\/pt-pt\/wp-json\/wp\/v2\/media\/10646"}],"wp:attachment":[{"href":"https:\/\/slewingbearings.com\/pt-pt\/wp-json\/wp\/v2\/media?parent=11593"}],"wp:term":[{"taxonomy":"product_cat","embeddable":true,"href":"https:\/\/slewingbearings.com\/pt-pt\/wp-json\/wp\/v2\/product_cat?post=11593"},{"taxonomy":"product_tag","embeddable":true,"href":"https:\/\/slewingbearings.com\/pt-pt\/wp-json\/wp\/v2\/product_tag?post=11593"}],"curies":[{"name":"wp","href":"https:\/\/api.w.org\/{rel}","templated":true}]}}