{"id":11582,"date":"2025-01-10T02:27:12","date_gmt":"2025-01-10T02:27:12","guid":{"rendered":"https:\/\/slewingbearings.com\/product\/acionamento-de-roda-dentada-da-serie-wd-h-imo\/"},"modified":"2025-01-10T02:27:12","modified_gmt":"2025-01-10T02:27:12","slug":"acionamento-de-roda-dentada-da-serie-wd-h-imo","status":"publish","type":"product","link":"https:\/\/slewingbearings.com\/pt-pt\/product\/acionamento-de-roda-dentada-da-serie-wd-h-imo\/","title":{"rendered":"Acionamento de roda dentada da s\u00e9rie WD-H IMO"},"content":{"rendered":"<p><a href=\"https:\/\/slewingbearings.com\/pt-pt\/acionamento-de-giro\/\"><strong>A ZZ Slewing Drive<\/strong><\/a> oferece uma vasta gama de sistemas de acionamento para cobrir uma vasta gama de requisitos de aplica\u00e7\u00e3o, e todos os modelos da IMO WD-H Series Slewing Drive s\u00e3o intercambi\u00e1veis. Ambos t\u00eam carater\u00edsticas de constru\u00e7\u00e3o e desempenho semelhantes. <\/p>\n<ul>\n<li>Elevado bin\u00e1rio de sa\u00edda: Tanto a s\u00e9rie ZZ como a s\u00e9rie IMO WD-H oferecem um elevado bin\u00e1rio de sa\u00edda para aplica\u00e7\u00f5es rotativas que requerem um bin\u00e1rio elevado.<\/li>\n<li>Design compacto: Ambos apresentam um design integrado que simplifica a instala\u00e7\u00e3o e a manuten\u00e7\u00e3o do sistema.<\/li>\n<li>Elevada fiabilidade e durabilidade: Ambas as unidades de acionamento s\u00e3o \u00e0 prova de poeira, \u00e0 prova de \u00e1gua e outros designs fechados para utiliza\u00e7\u00e3o em ambientes adversos.<\/li>\n<\/ul>\n\n<table id=\"tablepress-101\" class=\"tablepress tablepress-id-101\">\n<thead>\n<tr class=\"row-1\">\n\t<th class=\"column-1\">Part Number<\/th><th class=\"column-2\">Series<\/th><th class=\"column-3\">Number of drives<\/th><th class=\"column-4\">Drive style<\/th><th class=\"column-5\">Module<\/th><th class=\"column-6\">Number Of Threads<br \/>\n Of The Worm<\/th><th class=\"column-7\">Self Locking <br \/>\nGears<\/th><th class=\"column-8\">Weight<\/th><th class=\"column-9\">Slew Drive <br \/>\nGear Ratio<\/th><th class=\"column-10\">Max Torque<\/th><th class=\"column-11\">Nom Torques<\/th><th class=\"column-12\">Max Holding <br \/>\nTorque<\/th><td class=\"column-13\"><\/td>\n<\/tr>\n<\/thead>\n<tbody class=\"row-striping row-hover\">\n<tr class=\"row-2\">\n\t<td class=\"column-1\">WD-H 0220 \/ 1 drive<\/td><td class=\"column-2\">WD-H Series<\/td><td class=\"column-3\">1 drive<\/td><td class=\"column-4\">Worm<\/td><td class=\"column-5\">5<\/td><td class=\"column-6\">2<\/td><td class=\"column-7\">No**<\/td><td class=\"column-8\">89 Kg<\/td><td class=\"column-9\">28<\/td><td class=\"column-10\">11093 Nm<\/td><td class=\"column-11\">5150 Nm<\/td><td class=\"column-12\">11093<\/td><td class=\"column-13\"><\/td>\n<\/tr>\n<tr class=\"row-3\">\n\t<td class=\"column-1\">WD-H 0300 \/ 1 drive<\/td><td class=\"column-2\">WD-H Series<\/td><td class=\"column-3\">1 drive<\/td><td class=\"column-4\">Worm<\/td><td class=\"column-5\">6<\/td><td class=\"column-6\">2<\/td><td class=\"column-7\">No**<\/td><td class=\"column-8\">167 Kg<\/td><td class=\"column-9\">30.5<\/td><td class=\"column-10\">22360 Nm<\/td><td class=\"column-11\">14000 Nm<\/td><td class=\"column-12\">22360<\/td><td class=\"column-13\"><\/td>\n<\/tr>\n<tr class=\"row-4\">\n\t<td class=\"column-1\">WD-H 0300 \/ 2 drive<\/td><td class=\"column-2\">WD-H Series<\/td><td class=\"column-3\">2 drive<\/td><td class=\"column-4\">Worm<\/td><td class=\"column-5\">6<\/td><td class=\"column-6\">2<\/td><td class=\"column-7\">No**<\/td><td class=\"column-8\">186 Kg<\/td><td class=\"column-9\">30.5<\/td><td class=\"column-10\">44720 Nm<\/td><td class=\"column-11\">28000 Nm<\/td><td class=\"column-12\">44720<\/td><td class=\"column-13\"><\/td>\n<\/tr>\n<tr class=\"row-5\">\n\t<td class=\"column-1\">WD-H 0373 \/ 1 drive<\/td><td class=\"column-2\">WD-H Series<\/td><td class=\"column-3\">1 drive<\/td><td class=\"column-4\">Worm<\/td><td class=\"column-5\">8<\/td><td class=\"column-6\">1<\/td><td class=\"column-7\">No**<\/td><td class=\"column-8\">285 Kg<\/td><td class=\"column-9\">56<\/td><td class=\"column-10\">47416 Nm<\/td><td class=\"column-11\">35500 Nm<\/td><td class=\"column-12\">47416<\/td><td class=\"column-13\"><\/td>\n<\/tr>\n<tr class=\"row-6\">\n\t<td class=\"column-1\">WD-H 0373 \/ 2 drive<\/td><td class=\"column-2\">WD-H Series<\/td><td class=\"column-3\">2 drive<\/td><td class=\"column-4\">Worm<\/td><td class=\"column-5\">8<\/td><td class=\"column-6\">1<\/td><td class=\"column-7\">No**<\/td><td class=\"column-8\">330 Kg<\/td><td class=\"column-9\">56<\/td><td class=\"column-10\">94832 Nm<\/td><td class=\"column-11\">71000 Nm<\/td><td class=\"column-12\">94832<\/td><td class=\"column-13\"><\/td>\n<\/tr>\n<tr class=\"row-7\">\n\t<td class=\"column-1\">WD-H 0490 \/ 1 drive<\/td><td class=\"column-2\">WD-H Series<\/td><td class=\"column-3\">1 drive<\/td><td class=\"column-4\">Worm<\/td><td class=\"column-5\">8<\/td><td class=\"column-6\">1<\/td><td class=\"column-7\">No**<\/td><td class=\"column-8\">347 Kg<\/td><td class=\"column-9\">70<\/td><td class=\"column-10\">59799 Nm<\/td><td class=\"column-11\">59799 Nm<\/td><td class=\"column-12\">59799<\/td><td class=\"column-13\"><\/td>\n<\/tr>\n<tr class=\"row-8\">\n\t<td class=\"column-1\">WD-H 0490 \/ 2 drive<\/td><td class=\"column-2\">WD-H Series<\/td><td class=\"column-3\">2 drive<\/td><td class=\"column-4\">Worm<\/td><td class=\"column-5\">8<\/td><td class=\"column-6\">1<\/td><td class=\"column-7\">No**<\/td><td class=\"column-8\">394 Kg<\/td><td class=\"column-9\">70<\/td><td class=\"column-10\">119598 Nm<\/td><td class=\"column-11\">119598 Nm<\/td><td class=\"column-12\">119598<\/td><td class=\"column-13\"><\/td>\n<\/tr>\n<tr class=\"row-9\">\n\t<td class=\"column-1\">WD-H 0645 \/ 1 drive<\/td><td class=\"column-2\">WD-H Series<\/td><td class=\"column-3\">1 drive<\/td><td class=\"column-4\">Worm<\/td><td class=\"column-5\">8<\/td><td class=\"column-6\">1<\/td><td class=\"column-7\">No**<\/td><td class=\"column-8\">430 Kg<\/td><td class=\"column-9\">90<\/td><td class=\"column-10\">76310 Nm<\/td><td class=\"column-11\">76310 Nm<\/td><td class=\"column-12\">76310<\/td><td class=\"column-13\"><\/td>\n<\/tr>\n<tr class=\"row-10\">\n\t<td class=\"column-1\">WD-H 0645 \/ 2 drive<\/td><td class=\"column-2\">WD-H Series<\/td><td class=\"column-3\">2 drive<\/td><td class=\"column-4\">Worm<\/td><td class=\"column-5\">8<\/td><td class=\"column-6\">1<\/td><td class=\"column-7\">No**<\/td><td class=\"column-8\">516 Kg<\/td><td class=\"column-9\">90<\/td><td class=\"column-10\">152610 Nm<\/td><td class=\"column-11\">152610 Nm<\/td><td class=\"column-12\">152610<\/td><td class=\"column-13\"><\/td>\n<\/tr>\n<\/tbody>\n<\/table>\n<!-- #tablepress-101 from cache -->\n","protected":false},"excerpt":{"rendered":"<p>O acionamento girat\u00f3rio da s\u00e9rie WD-H da IMO \u00e9 um tipo de sistema de acionamento mec\u00e2nico normalmente utilizado em aplica\u00e7\u00f5es que requerem movimento de rota\u00e7\u00e3o e transmiss\u00e3o de bin\u00e1rio, tais como sistemas de seguimento solar, maquinaria industrial e equipamento de constru\u00e7\u00e3o. Os accionamentos girat\u00f3rios s\u00e3o normalmente compostos por um sistema de engrenagens que integra um anel girat\u00f3rio (ou rolamento da mesa girat\u00f3ria), um motor e outros componentes, todos encerrados numa unidade compacta. <\/p>\n","protected":false},"featured_media":10655,"comment_status":"open","ping_status":"closed","template":"","meta":{"content-type":""},"product_cat":[363,356],"product_tag":[467],"class_list":{"0":"post-11582","1":"product","2":"type-product","3":"status-publish","4":"has-post-thumbnail","6":"product_cat-imo-pt-pt","7":"product_cat-oemodm-pt-pt","8":"product_tag-imo-wd-h-series-slewing-drive-pt-pt","10":"first","11":"instock","12":"shipping-taxable","13":"product-type-simple"},"yoast_head":"<!-- This site is optimized with the Yoast SEO plugin v21.7 - https:\/\/yoast.com\/wordpress\/plugins\/seo\/ -->\n<title>ZZ Group<\/title>\n<meta name=\"description\" content=\"O acionamento de roda dentada da s\u00e9rie WD-H da IMO \u00e9 um sistema mec\u00e2nico compacto e de bin\u00e1rio elevado utilizado para movimentos de rota\u00e7\u00e3o precisos em v\u00e1rias aplica\u00e7\u00f5es.\" \/>\n<meta name=\"robots\" content=\"index, follow, max-snippet:-1, max-image-preview:large, max-video-preview:-1\" \/>\n<link rel=\"canonical\" href=\"https:\/\/slewingbearings.com\/product\/imo-wd-h-series-slewing-drive\/\" \/>\n<meta property=\"og:locale\" content=\"pt_PT\" \/>\n<meta property=\"og:type\" content=\"article\" \/>\n<meta property=\"og:description\" content=\"O acionamento de roda dentada da s\u00e9rie WD-H da IMO \u00e9 um sistema mec\u00e2nico compacto e de bin\u00e1rio elevado utilizado para movimentos de rota\u00e7\u00e3o precisos em v\u00e1rias aplica\u00e7\u00f5es.\" \/>\n<meta property=\"og:url\" content=\"https:\/\/slewingbearings.com\/product\/imo-wd-h-series-slewing-drive\/\" \/>\n<meta property=\"og:site_name\" content=\"ZZ Group\" \/>\n<meta property=\"og:image\" content=\"https:\/\/slewingbearings.com\/wp-content\/uploads\/2025\/01\/IMO-WD-H-Series-Slewing-Drive.webp\" \/>\n\t<meta property=\"og:image:width\" content=\"800\" \/>\n\t<meta property=\"og:image:height\" content=\"800\" \/>\n\t<meta property=\"og:image:type\" content=\"image\/webp\" \/>\n<meta name=\"twitter:card\" content=\"summary_large_image\" \/>\n<meta name=\"twitter:label1\" content=\"Tempo estimado de leitura\" \/>\n\t<meta name=\"twitter:data1\" content=\"1 minuto\" \/>\n<script type=\"application\/ld+json\" class=\"yoast-schema-graph\">{\"@context\":\"https:\/\/schema.org\",\"@graph\":[{\"@type\":\"WebPage\",\"@id\":\"https:\/\/slewingbearings.com\/product\/imo-wd-h-series-slewing-drive\/\",\"url\":\"https:\/\/slewingbearings.com\/product\/imo-wd-h-series-slewing-drive\/\",\"name\":\"\",\"isPartOf\":{\"@id\":\"https:\/\/slewingbearings.com\/#website\"},\"datePublished\":\"2025-01-10T02:27:12+00:00\",\"dateModified\":\"2025-01-10T02:27:12+00:00\",\"description\":\"O acionamento de roda dentada da s\u00e9rie WD-H da IMO \u00e9 um sistema mec\u00e2nico compacto e de bin\u00e1rio elevado utilizado para movimentos de rota\u00e7\u00e3o precisos em v\u00e1rias aplica\u00e7\u00f5es.\",\"breadcrumb\":{\"@id\":\"https:\/\/slewingbearings.com\/product\/imo-wd-h-series-slewing-drive\/#breadcrumb\"},\"inLanguage\":\"pt-PT\",\"potentialAction\":[{\"@type\":\"ReadAction\",\"target\":[\"https:\/\/slewingbearings.com\/product\/imo-wd-h-series-slewing-drive\/\"]}]},{\"@type\":\"BreadcrumbList\",\"@id\":\"https:\/\/slewingbearings.com\/product\/imo-wd-h-series-slewing-drive\/#breadcrumb\",\"itemListElement\":[{\"@type\":\"ListItem\",\"position\":1,\"name\":\"Home\",\"item\":\"https:\/\/slewingbearings.com\/pt-pt\/rolamento-de-giro-acionamento-de-giro\/\"},{\"@type\":\"ListItem\",\"position\":2,\"name\":\"Shop\",\"item\":\"https:\/\/slewingbearings.com\/shop\/\"},{\"@type\":\"ListItem\",\"position\":3,\"name\":\"Acionamento de roda dentada da s\u00e9rie WD-H IMO\"}]},{\"@type\":\"WebSite\",\"@id\":\"https:\/\/slewingbearings.com\/#website\",\"url\":\"https:\/\/slewingbearings.com\/\",\"name\":\"ZZ Group\",\"description\":\"Leading Slewing Bearings in China\",\"potentialAction\":[{\"@type\":\"SearchAction\",\"target\":{\"@type\":\"EntryPoint\",\"urlTemplate\":\"https:\/\/slewingbearings.com\/?s={search_term_string}\"},\"query-input\":\"required name=search_term_string\"}],\"inLanguage\":\"pt-PT\"}]}<\/script>\n<!-- \/ Yoast SEO plugin. -->","yoast_head_json":{"title":"ZZ Group","description":"O acionamento de roda dentada da s\u00e9rie WD-H da IMO \u00e9 um sistema mec\u00e2nico compacto e de bin\u00e1rio elevado utilizado para movimentos de rota\u00e7\u00e3o precisos em v\u00e1rias aplica\u00e7\u00f5es.","robots":{"index":"index","follow":"follow","max-snippet":"max-snippet:-1","max-image-preview":"max-image-preview:large","max-video-preview":"max-video-preview:-1"},"canonical":"https:\/\/slewingbearings.com\/product\/imo-wd-h-series-slewing-drive\/","og_locale":"pt_PT","og_type":"article","og_description":"O acionamento de roda dentada da s\u00e9rie WD-H da IMO \u00e9 um sistema mec\u00e2nico compacto e de bin\u00e1rio elevado utilizado para movimentos de rota\u00e7\u00e3o precisos em v\u00e1rias aplica\u00e7\u00f5es.","og_url":"https:\/\/slewingbearings.com\/product\/imo-wd-h-series-slewing-drive\/","og_site_name":"ZZ Group","og_image":[{"width":800,"height":800,"url":"https:\/\/slewingbearings.com\/wp-content\/uploads\/2025\/01\/IMO-WD-H-Series-Slewing-Drive.webp","type":"image\/webp"}],"twitter_card":"summary_large_image","twitter_misc":{"Tempo estimado de leitura":"1 minuto"},"schema":{"@context":"https:\/\/schema.org","@graph":[{"@type":"WebPage","@id":"https:\/\/slewingbearings.com\/product\/imo-wd-h-series-slewing-drive\/","url":"https:\/\/slewingbearings.com\/product\/imo-wd-h-series-slewing-drive\/","name":"","isPartOf":{"@id":"https:\/\/slewingbearings.com\/#website"},"datePublished":"2025-01-10T02:27:12+00:00","dateModified":"2025-01-10T02:27:12+00:00","description":"O acionamento de roda dentada da s\u00e9rie WD-H da IMO \u00e9 um sistema mec\u00e2nico compacto e de bin\u00e1rio elevado utilizado para movimentos de rota\u00e7\u00e3o precisos em v\u00e1rias aplica\u00e7\u00f5es.","breadcrumb":{"@id":"https:\/\/slewingbearings.com\/product\/imo-wd-h-series-slewing-drive\/#breadcrumb"},"inLanguage":"pt-PT","potentialAction":[{"@type":"ReadAction","target":["https:\/\/slewingbearings.com\/product\/imo-wd-h-series-slewing-drive\/"]}]},{"@type":"BreadcrumbList","@id":"https:\/\/slewingbearings.com\/product\/imo-wd-h-series-slewing-drive\/#breadcrumb","itemListElement":[{"@type":"ListItem","position":1,"name":"Home","item":"https:\/\/slewingbearings.com\/pt-pt\/rolamento-de-giro-acionamento-de-giro\/"},{"@type":"ListItem","position":2,"name":"Shop","item":"https:\/\/slewingbearings.com\/shop\/"},{"@type":"ListItem","position":3,"name":"Acionamento de roda dentada da s\u00e9rie WD-H IMO"}]},{"@type":"WebSite","@id":"https:\/\/slewingbearings.com\/#website","url":"https:\/\/slewingbearings.com\/","name":"ZZ Group","description":"Leading Slewing Bearings in China","potentialAction":[{"@type":"SearchAction","target":{"@type":"EntryPoint","urlTemplate":"https:\/\/slewingbearings.com\/?s={search_term_string}"},"query-input":"required name=search_term_string"}],"inLanguage":"pt-PT"}]}},"_links":{"self":[{"href":"https:\/\/slewingbearings.com\/pt-pt\/wp-json\/wp\/v2\/product\/11582","targetHints":{"allow":["GET"]}}],"collection":[{"href":"https:\/\/slewingbearings.com\/pt-pt\/wp-json\/wp\/v2\/product"}],"about":[{"href":"https:\/\/slewingbearings.com\/pt-pt\/wp-json\/wp\/v2\/types\/product"}],"replies":[{"embeddable":true,"href":"https:\/\/slewingbearings.com\/pt-pt\/wp-json\/wp\/v2\/comments?post=11582"}],"wp:featuredmedia":[{"embeddable":true,"href":"https:\/\/slewingbearings.com\/pt-pt\/wp-json\/wp\/v2\/media\/10655"}],"wp:attachment":[{"href":"https:\/\/slewingbearings.com\/pt-pt\/wp-json\/wp\/v2\/media?parent=11582"}],"wp:term":[{"taxonomy":"product_cat","embeddable":true,"href":"https:\/\/slewingbearings.com\/pt-pt\/wp-json\/wp\/v2\/product_cat?post=11582"},{"taxonomy":"product_tag","embeddable":true,"href":"https:\/\/slewingbearings.com\/pt-pt\/wp-json\/wp\/v2\/product_tag?post=11582"}],"curies":[{"name":"wp","href":"https:\/\/api.w.org\/{rel}","templated":true}]}}