{"id":11556,"date":"2025-01-10T03:58:27","date_gmt":"2025-01-10T03:58:27","guid":{"rendered":"https:\/\/slewingbearings.com\/product\/rolamento-de-anel-giratorio-de-rolos-cruzados-kaydon\/"},"modified":"2025-01-10T03:58:27","modified_gmt":"2025-01-10T03:58:27","slug":"rolamento-de-anel-giratorio-de-rolos-cruzados-kaydon","status":"publish","type":"product","link":"https:\/\/slewingbearings.com\/pt-pt\/product\/rolamento-de-anel-giratorio-de-rolos-cruzados-kaydon\/","title":{"rendered":"Rolamento de anel girat\u00f3rio de rolos cruzados KAYDON"},"content":{"rendered":"<p><strong> <a href=\"https:\/\/slewingbearings.com\/pt-pt\/rolamentode-roda\/\">Os rolamentos de coroa de orienta\u00e7\u00e3o<\/a> de rolos cruzados ZZ<\/strong> s\u00e3o rolamentos de alta precis\u00e3o concebidos para aplica\u00e7\u00f5es que requerem o manuseamento simult\u00e2neo de cargas radiais, axiais e de momento. Estes rolamentos apresentam um <strong>design de rolos cruz<\/strong>ados, em que os rolos cil\u00edndricos est\u00e3o dispostos alternadamente em \u00e2ngulos rectos entre si, permitindo uma distribui\u00e7\u00e3o \u00f3ptima da carga e uma rigidez superior. Os rolamentos de coroa de orienta\u00e7\u00e3o de rolos cruzados da ZZ s\u00e3o conhecidos pela sua compacidade, durabilidade e funcionamento suave, tornando-os ideais para ind\u00fastrias exigentes como a rob\u00f3tica, maquinaria pesada, energia renov\u00e1vel e aeroespacial.  <\/p>\n\n<table id=\"tablepress-104\" class=\"tablepress tablepress-id-104\">\n<thead>\n<tr class=\"row-1\">\n\t<th class=\"column-1\">Part Number<\/th><th class=\"column-2\">Gear<\/th><th class=\"column-3\">Bearing Type<\/th><th class=\"column-4\">Do<\/th><th class=\"column-5\">di<\/th><th class=\"column-6\">H<\/th><th class=\"column-7\">Ho<\/th><th class=\"column-8\">Hi<\/th><th class=\"column-9\">Dr<\/th><th class=\"column-10\">Moment Load Rating<\/th>\n<\/tr>\n<\/thead>\n<tbody class=\"row-striping row-hover\">\n<tr class=\"row-2\">\n\t<td class=\"column-1\">16318001<\/td><td class=\"column-2\">Without Gear<\/td><td class=\"column-3\">Standard<\/td><td class=\"column-4\">11.811\"<\/td><td class=\"column-5\">5.512\"<\/td><td class=\"column-6\">1.417\"<\/td><td class=\"column-7\">1.181\"<\/td><td class=\"column-8\">1.181\"<\/td><td class=\"column-9\">-<\/td><td class=\"column-10\">7530 ft-lbs<\/td>\n<\/tr>\n<tr class=\"row-3\">\n\t<td class=\"column-1\">16319001<\/td><td class=\"column-2\">Without Gear<\/td><td class=\"column-3\">Standard<\/td><td class=\"column-4\">15.886\"<\/td><td class=\"column-5\">9.055\"<\/td><td class=\"column-6\">2.165\"<\/td><td class=\"column-7\">1.85\"<\/td><td class=\"column-8\">1.85\"<\/td><td class=\"column-9\">-<\/td><td class=\"column-10\">20140 ft-lbs<\/td>\n<\/tr>\n<tr class=\"row-4\">\n\t<td class=\"column-1\">16337001<\/td><td class=\"column-2\">External Gear<\/td><td class=\"column-3\">Standard<\/td><td class=\"column-4\">16\"<\/td><td class=\"column-5\">9.19\"<\/td><td class=\"column-6\">2.17\"<\/td><td class=\"column-7\">1.85\"<\/td><td class=\"column-8\">1.85\"<\/td><td class=\"column-9\">14.88\"<\/td><td class=\"column-10\">13190 ft-lbs<\/td>\n<\/tr>\n<tr class=\"row-5\">\n\t<td class=\"column-1\">16338001<\/td><td class=\"column-2\">External Gear<\/td><td class=\"column-3\">Standard<\/td><td class=\"column-4\">23.333\"<\/td><td class=\"column-5\">13.75\"<\/td><td class=\"column-6\">2.75\"<\/td><td class=\"column-7\">2.5\"<\/td><td class=\"column-8\">2.5\"<\/td><td class=\"column-9\">-<\/td><td class=\"column-10\">69470 ft-lbs<\/td>\n<\/tr>\n<tr class=\"row-6\">\n\t<td class=\"column-1\">16328001<\/td><td class=\"column-2\">Internal Gear<\/td><td class=\"column-3\">Standard<\/td><td class=\"column-4\">26.7\"<\/td><td class=\"column-5\">18.667\"<\/td><td class=\"column-6\">2.5\"<\/td><td class=\"column-7\">2\"<\/td><td class=\"column-8\">2\"<\/td><td class=\"column-9\">-<\/td><td class=\"column-10\">65430 ft-lbs<\/td>\n<\/tr>\n<tr class=\"row-7\">\n\t<td class=\"column-1\">16320001<\/td><td class=\"column-2\">Without Gear<\/td><td class=\"column-3\">Standard<\/td><td class=\"column-4\">27.362\"<\/td><td class=\"column-5\">18.779\"<\/td><td class=\"column-6\">3.031\"<\/td><td class=\"column-7\">2.244\"<\/td><td class=\"column-8\">2.244\"<\/td><td class=\"column-9\">27.283\"<\/td><td class=\"column-10\">65660 ft-lbs<\/td>\n<\/tr>\n<tr class=\"row-8\">\n\t<td class=\"column-1\">16339001<\/td><td class=\"column-2\">External Gear<\/td><td class=\"column-3\">Standard<\/td><td class=\"column-4\">27.362\"<\/td><td class=\"column-5\">18.78\"<\/td><td class=\"column-6\">3.03\"<\/td><td class=\"column-7\">2.24\"<\/td><td class=\"column-8\">2.24\"<\/td><td class=\"column-9\">26.38\"<\/td><td class=\"column-10\">65660 ft-lbs<\/td>\n<\/tr>\n<tr class=\"row-9\">\n\t<td class=\"column-1\">16340001<\/td><td class=\"column-2\">External Gear<\/td><td class=\"column-3\">Standard<\/td><td class=\"column-4\">33.627\"<\/td><td class=\"column-5\">26.535\"<\/td><td class=\"column-6\">2.205\"<\/td><td class=\"column-7\">1.752\"<\/td><td class=\"column-8\">1.752\"<\/td><td class=\"column-9\">-<\/td><td class=\"column-10\">77600 ft-lbs<\/td>\n<\/tr>\n<tr class=\"row-10\">\n\t<td class=\"column-1\">16321001<\/td><td class=\"column-2\">Without Gear<\/td><td class=\"column-3\">Standard<\/td><td class=\"column-4\">35.312\"<\/td><td class=\"column-5\">26.625\"<\/td><td class=\"column-6\">2.953\"<\/td><td class=\"column-7\">2.863\"<\/td><td class=\"column-8\">2.863\"<\/td><td class=\"column-9\">35.251\"<\/td><td class=\"column-10\">116170 ft-lbs<\/td>\n<\/tr>\n<tr class=\"row-11\">\n\t<td class=\"column-1\">16329001<\/td><td class=\"column-2\">Internal Gear<\/td><td class=\"column-3\">Standard<\/td><td class=\"column-4\">36\"<\/td><td class=\"column-5\">24.16\"<\/td><td class=\"column-6\">3.88\"<\/td><td class=\"column-7\">3.38\"<\/td><td class=\"column-8\">3.38\"<\/td><td class=\"column-9\">-<\/td><td class=\"column-10\">213180 ft-lbs<\/td>\n<\/tr>\n<tr class=\"row-12\">\n\t<td class=\"column-1\">16341001<\/td><td class=\"column-2\">External Gear<\/td><td class=\"column-3\">Standard<\/td><td class=\"column-4\">36.333\"<\/td><td class=\"column-5\">24.5\"<\/td><td class=\"column-6\">4.69\"<\/td><td class=\"column-7\">3.88\"<\/td><td class=\"column-8\">3.88\"<\/td><td class=\"column-9\">35.5\"<\/td><td class=\"column-10\">274290 ft-lbs<\/td>\n<\/tr>\n<tr class=\"row-13\">\n\t<td class=\"column-1\">16330001<\/td><td class=\"column-2\">Internal Gear<\/td><td class=\"column-3\">Standard<\/td><td class=\"column-4\">41.5\"<\/td><td class=\"column-5\">30.32\"<\/td><td class=\"column-6\">4.19\"<\/td><td class=\"column-7\">4\"<\/td><td class=\"column-8\">4\"<\/td><td class=\"column-9\">-<\/td><td class=\"column-10\">362220 ft-lbs<\/td>\n<\/tr>\n<tr class=\"row-14\">\n\t<td class=\"column-1\">16331001<\/td><td class=\"column-2\">Internal Gear<\/td><td class=\"column-3\">Standard<\/td><td class=\"column-4\">41.97\"<\/td><td class=\"column-5\">30.828\"<\/td><td class=\"column-6\">3.35\"<\/td><td class=\"column-7\">2.95\"<\/td><td class=\"column-8\">2.95\"<\/td><td class=\"column-9\">41.929\"<\/td><td class=\"column-10\">211160 ft-lbs<\/td>\n<\/tr>\n<tr class=\"row-15\">\n\t<td class=\"column-1\">16342001<\/td><td class=\"column-2\">External Gear<\/td><td class=\"column-3\">Standard<\/td><td class=\"column-4\">45.05\"<\/td><td class=\"column-5\">34.18\"<\/td><td class=\"column-6\">3.93\"<\/td><td class=\"column-7\">3.47\"<\/td><td class=\"column-8\">3.47\"<\/td><td class=\"column-9\">42.84\"<\/td><td class=\"column-10\">223060 ft-lbs<\/td>\n<\/tr>\n<tr class=\"row-16\">\n\t<td class=\"column-1\">16322001<\/td><td class=\"column-2\">Without Gear<\/td><td class=\"column-3\">Standard<\/td><td class=\"column-4\">46.25\"<\/td><td class=\"column-5\">34.25\"<\/td><td class=\"column-6\">4.25\"<\/td><td class=\"column-7\">3.88\"<\/td><td class=\"column-8\">3.88\"<\/td><td class=\"column-9\">-<\/td><td class=\"column-10\">425900 ft-lbs<\/td>\n<\/tr>\n<tr class=\"row-17\">\n\t<td class=\"column-1\">16343001<\/td><td class=\"column-2\">External Gear<\/td><td class=\"column-3\">Standard<\/td><td class=\"column-4\">51.04\"<\/td><td class=\"column-5\">40\"<\/td><td class=\"column-6\">4\"<\/td><td class=\"column-7\">3.5\"<\/td><td class=\"column-8\">3.5\"<\/td><td class=\"column-9\">-<\/td><td class=\"column-10\">396330 ft-lbs<\/td>\n<\/tr>\n<tr class=\"row-18\">\n\t<td class=\"column-1\">16332001<\/td><td class=\"column-2\">Internal Gear<\/td><td class=\"column-3\">Standard<\/td><td class=\"column-4\">54.74\"<\/td><td class=\"column-5\">44.4\"<\/td><td class=\"column-6\">4.5\"<\/td><td class=\"column-7\">4.13\"<\/td><td class=\"column-8\">4.13\"<\/td><td class=\"column-9\">-<\/td><td class=\"column-10\">460450 ft-lbs<\/td>\n<\/tr>\n<tr class=\"row-19\">\n\t<td class=\"column-1\">16323001<\/td><td class=\"column-2\">Without Gear<\/td><td class=\"column-3\">Standard<\/td><td class=\"column-4\">56.38\"<\/td><td class=\"column-5\">46.77\"<\/td><td class=\"column-6\">3.82\"<\/td><td class=\"column-7\">3.43\"<\/td><td class=\"column-8\">3.43\"<\/td><td class=\"column-9\">56.295\"<\/td><td class=\"column-10\">482960 ft-lbs<\/td>\n<\/tr>\n<tr class=\"row-20\">\n\t<td class=\"column-1\">16344001<\/td><td class=\"column-2\">External Gear<\/td><td class=\"column-3\">Standard<\/td><td class=\"column-4\">63.15\"<\/td><td class=\"column-5\">47.48\"<\/td><td class=\"column-6\">5.118\"<\/td><td class=\"column-7\">4.409\"<\/td><td class=\"column-8\">4.409\"<\/td><td class=\"column-9\">61.063\"<\/td><td class=\"column-10\">861070 ft-lbs<\/td>\n<\/tr>\n<tr class=\"row-21\">\n\t<td class=\"column-1\">16345001<\/td><td class=\"column-2\">External Gear<\/td><td class=\"column-3\">Standard<\/td><td class=\"column-4\">70.51\"<\/td><td class=\"column-5\">53.54\"<\/td><td class=\"column-6\">5.04\"<\/td><td class=\"column-7\">4.33\"<\/td><td class=\"column-8\">4.33\"<\/td><td class=\"column-9\">-<\/td><td class=\"column-10\">801340 ft-lbs<\/td>\n<\/tr>\n<tr class=\"row-22\">\n\t<td class=\"column-1\">16333001<\/td><td class=\"column-2\">Internal Gear<\/td><td class=\"column-3\">Standard<\/td><td class=\"column-4\">78.819\"<\/td><td class=\"column-5\">62.913\"<\/td><td class=\"column-6\">5.906\"<\/td><td class=\"column-7\">4.921\"<\/td><td class=\"column-8\">4.921\"<\/td><td class=\"column-9\">-<\/td><td class=\"column-10\">1315740 ft-lbs<\/td>\n<\/tr>\n<tr class=\"row-23\">\n\t<td class=\"column-1\">16324001<\/td><td class=\"column-2\">Without Gear<\/td><td class=\"column-3\">Standard<\/td><td class=\"column-4\">85\"<\/td><td class=\"column-5\">74\"<\/td><td class=\"column-6\">3.75\"<\/td><td class=\"column-7\">3.25\"<\/td><td class=\"column-8\">3.25\"<\/td><td class=\"column-9\">84.88\"<\/td><td class=\"column-10\">956430 ft-lbs<\/td>\n<\/tr>\n<tr class=\"row-24\">\n\t<td class=\"column-1\">16346001<\/td><td class=\"column-2\">External Gear<\/td><td class=\"column-3\">Standard<\/td><td class=\"column-4\">85.866\"<\/td><td class=\"column-5\">75.25\"<\/td><td class=\"column-6\">3.3\"<\/td><td class=\"column-7\">2.8\"<\/td><td class=\"column-8\">2.8\"<\/td><td class=\"column-9\">-<\/td><td class=\"column-10\">686710 ft-lbs<\/td>\n<\/tr>\n<tr class=\"row-25\">\n\t<td class=\"column-1\">16325001<\/td><td class=\"column-2\">Without Gear<\/td><td class=\"column-3\">Standard<\/td><td class=\"column-4\">95\"<\/td><td class=\"column-5\">82\"<\/td><td class=\"column-6\">4\"<\/td><td class=\"column-7\">3.5\"<\/td><td class=\"column-8\">3.5\"<\/td><td class=\"column-9\">94.875\"<\/td><td class=\"column-10\">1450300 ft-lbs<\/td>\n<\/tr>\n<tr class=\"row-26\">\n\t<td class=\"column-1\">16347001<\/td><td class=\"column-2\">External Gear<\/td><td class=\"column-3\">Standard<\/td><td class=\"column-4\">100.667\"<\/td><td class=\"column-5\">84\"<\/td><td class=\"column-6\">6.5\"<\/td><td class=\"column-7\">4\"<\/td><td class=\"column-8\">4\"<\/td><td class=\"column-9\">98.75\"<\/td><td class=\"column-10\">1557670 ft-lbs<\/td>\n<\/tr>\n<tr class=\"row-27\">\n\t<td class=\"column-1\">16334001<\/td><td class=\"column-2\">Internal Gear<\/td><td class=\"column-3\">Standard<\/td><td class=\"column-4\">114\"<\/td><td class=\"column-5\">95\"<\/td><td class=\"column-6\">6\"<\/td><td class=\"column-7\">5.5\"<\/td><td class=\"column-8\">5.5\"<\/td><td class=\"column-9\">-<\/td><td class=\"column-10\">2389570 ft-lbs<\/td>\n<\/tr>\n<tr class=\"row-28\">\n\t<td class=\"column-1\">16335001<\/td><td class=\"column-2\">Internal Gear<\/td><td class=\"column-3\">Standard<\/td><td class=\"column-4\">121.496\"<\/td><td class=\"column-5\">97.717\"<\/td><td class=\"column-6\">6.772\"<\/td><td class=\"column-7\">6.299\"<\/td><td class=\"column-8\">6.299\"<\/td><td class=\"column-9\">-<\/td><td class=\"column-10\">3797780 ft-lbs<\/td>\n<\/tr>\n<tr class=\"row-29\">\n\t<td class=\"column-1\">16326001<\/td><td class=\"column-2\">Without Gear<\/td><td class=\"column-3\">Standard<\/td><td class=\"column-4\">131.89\"<\/td><td class=\"column-5\">112.205\"<\/td><td class=\"column-6\">7.874\"<\/td><td class=\"column-7\">7.087\"<\/td><td class=\"column-8\">7.087\"<\/td><td class=\"column-9\">131.25\"<\/td><td class=\"column-10\">4185500 ft-lbs<\/td>\n<\/tr>\n<tr class=\"row-30\">\n\t<td class=\"column-1\">16336001<\/td><td class=\"column-2\">Internal Gear<\/td><td class=\"column-3\">Standard<\/td><td class=\"column-4\">142\"<\/td><td class=\"column-5\">123.2\"<\/td><td class=\"column-6\">6\"<\/td><td class=\"column-7\">5.5\"<\/td><td class=\"column-8\">5.5\"<\/td><td class=\"column-9\">-<\/td><td class=\"column-10\">4057130 ft-lbs<\/td>\n<\/tr>\n<tr class=\"row-31\">\n\t<td class=\"column-1\">16327001<\/td><td class=\"column-2\">Without Gear<\/td><td class=\"column-3\">Standard<\/td><td class=\"column-4\">158.661\"<\/td><td class=\"column-5\">140.945\"<\/td><td class=\"column-6\">8.819\"<\/td><td class=\"column-7\">6.654\"<\/td><td class=\"column-8\">6.654\"<\/td><td class=\"column-9\">-<\/td><td class=\"column-10\">4879900 ft-lbs<\/td>\n<\/tr>\n<tr class=\"row-32\">\n\t<td class=\"column-1\">16348001<\/td><td class=\"column-2\">External Gear<\/td><td class=\"column-3\">Standard<\/td><td class=\"column-4\">159.843\"<\/td><td class=\"column-5\">141.732\"<\/td><td class=\"column-6\">6.142\"<\/td><td class=\"column-7\">5.748\"<\/td><td class=\"column-8\">5.748\"<\/td><td class=\"column-9\">-<\/td><td class=\"column-10\">4874640 ft-lbs<\/td>\n<\/tr>\n<tr class=\"row-33\">\n\t<td class=\"column-1\">16393001<\/td><td class=\"column-2\">External Gear<\/td><td class=\"column-3\">Standard<\/td><td class=\"column-4\">209.843\"<\/td><td class=\"column-5\">188.583\"<\/td><td class=\"column-6\">7.047\"<\/td><td class=\"column-7\">6.024\"<\/td><td class=\"column-8\">6.024\"<\/td><td class=\"column-9\">206.299\"<\/td><td class=\"column-10\">8903140 ft-lbs<\/td>\n<\/tr>\n<\/tbody>\n<\/table>\n<!-- #tablepress-104 from cache -->\n","protected":false},"excerpt":{"rendered":"<p>As juntas girat\u00f3rias de rolos cruzados KAYDON s\u00e3o utilizadas em gruas e noutras m\u00e1quinas pesadas para movimentos girat\u00f3rios e de rota\u00e7\u00e3o. A sua capacidade de suportar grandes cargas de momento e de manter a estabilidade em condi\u00e7\u00f5es de trabalho pesado torna-os uma boa escolha para estas aplica\u00e7\u00f5es. <\/p>\n<p>Na ind\u00fastria aeroespacial, os rolamentos de rolos cruzados KAYDON s\u00e3o utilizados em sistemas como unidades de radar, equipamento de sat\u00e9lite e outras m\u00e1quinas de precis\u00e3o que requerem uma elevada capacidade de carga, estabilidade e compacidade.<\/p>\n","protected":false},"featured_media":10682,"comment_status":"open","ping_status":"closed","template":"","meta":{"content-type":""},"product_cat":[370,356],"product_tag":[486],"class_list":{"0":"post-11556","1":"product","2":"type-product","3":"status-publish","4":"has-post-thumbnail","6":"product_cat-kaydon-slewing-bearing-pt-pt","7":"product_cat-oemodm-pt-pt","8":"product_tag-kaydon-cross-roller-slewing-ring-bearing-pt-pt","10":"first","11":"instock","12":"shipping-taxable","13":"product-type-simple"},"yoast_head":"<!-- This site is optimized with the Yoast SEO plugin v21.7 - https:\/\/yoast.com\/wordpress\/plugins\/seo\/ -->\n<title>ZZ Group<\/title>\n<meta name=\"description\" content=\"As chumaceiras de rolos cruzados KAYDON s\u00e3o chumaceiras de alta precis\u00e3o concebidas para suportar simultaneamente grandes cargas radiais, axiais e de momento.\" \/>\n<meta name=\"robots\" content=\"index, follow, max-snippet:-1, max-image-preview:large, max-video-preview:-1\" \/>\n<link rel=\"canonical\" href=\"https:\/\/slewingbearings.com\/product\/kaydon-cross-roller-slewing-ring-bearing\/\" \/>\n<meta property=\"og:locale\" content=\"pt_PT\" \/>\n<meta property=\"og:type\" content=\"article\" \/>\n<meta property=\"og:description\" content=\"As chumaceiras de rolos cruzados KAYDON s\u00e3o chumaceiras de alta precis\u00e3o concebidas para suportar simultaneamente grandes cargas radiais, axiais e de momento.\" \/>\n<meta property=\"og:url\" content=\"https:\/\/slewingbearings.com\/product\/kaydon-cross-roller-slewing-ring-bearing\/\" \/>\n<meta property=\"og:site_name\" content=\"ZZ Group\" \/>\n<meta property=\"og:image\" content=\"https:\/\/slewingbearings.com\/wp-content\/uploads\/2025\/01\/KAYDON-Cross-Roller-Slewing-Ring-Bearing.webp\" \/>\n\t<meta property=\"og:image:width\" content=\"800\" \/>\n\t<meta property=\"og:image:height\" content=\"800\" \/>\n\t<meta property=\"og:image:type\" content=\"image\/webp\" \/>\n<meta name=\"twitter:card\" content=\"summary_large_image\" \/>\n<meta name=\"twitter:label1\" content=\"Tempo estimado de leitura\" \/>\n\t<meta name=\"twitter:data1\" content=\"1 minuto\" \/>\n<script type=\"application\/ld+json\" class=\"yoast-schema-graph\">{\"@context\":\"https:\/\/schema.org\",\"@graph\":[{\"@type\":\"WebPage\",\"@id\":\"https:\/\/slewingbearings.com\/product\/kaydon-cross-roller-slewing-ring-bearing\/\",\"url\":\"https:\/\/slewingbearings.com\/product\/kaydon-cross-roller-slewing-ring-bearing\/\",\"name\":\"\",\"isPartOf\":{\"@id\":\"https:\/\/slewingbearings.com\/#website\"},\"datePublished\":\"2025-01-10T03:58:27+00:00\",\"dateModified\":\"2025-01-10T03:58:27+00:00\",\"description\":\"As chumaceiras de rolos cruzados KAYDON s\u00e3o chumaceiras de alta precis\u00e3o concebidas para suportar simultaneamente grandes cargas radiais, axiais e de momento.\",\"breadcrumb\":{\"@id\":\"https:\/\/slewingbearings.com\/product\/kaydon-cross-roller-slewing-ring-bearing\/#breadcrumb\"},\"inLanguage\":\"pt-PT\",\"potentialAction\":[{\"@type\":\"ReadAction\",\"target\":[\"https:\/\/slewingbearings.com\/product\/kaydon-cross-roller-slewing-ring-bearing\/\"]}]},{\"@type\":\"BreadcrumbList\",\"@id\":\"https:\/\/slewingbearings.com\/product\/kaydon-cross-roller-slewing-ring-bearing\/#breadcrumb\",\"itemListElement\":[{\"@type\":\"ListItem\",\"position\":1,\"name\":\"Home\",\"item\":\"https:\/\/slewingbearings.com\/pt-pt\/rolamento-de-giro-acionamento-de-giro\/\"},{\"@type\":\"ListItem\",\"position\":2,\"name\":\"Shop\",\"item\":\"https:\/\/slewingbearings.com\/shop\/\"},{\"@type\":\"ListItem\",\"position\":3,\"name\":\"Rolamento de anel girat\u00f3rio de rolos cruzados KAYDON\"}]},{\"@type\":\"WebSite\",\"@id\":\"https:\/\/slewingbearings.com\/#website\",\"url\":\"https:\/\/slewingbearings.com\/\",\"name\":\"ZZ Group\",\"description\":\"Leading Slewing Bearings in China\",\"potentialAction\":[{\"@type\":\"SearchAction\",\"target\":{\"@type\":\"EntryPoint\",\"urlTemplate\":\"https:\/\/slewingbearings.com\/?s={search_term_string}\"},\"query-input\":\"required name=search_term_string\"}],\"inLanguage\":\"pt-PT\"}]}<\/script>\n<!-- \/ Yoast SEO plugin. -->","yoast_head_json":{"title":"ZZ Group","description":"As chumaceiras de rolos cruzados KAYDON s\u00e3o chumaceiras de alta precis\u00e3o concebidas para suportar simultaneamente grandes cargas radiais, axiais e de momento.","robots":{"index":"index","follow":"follow","max-snippet":"max-snippet:-1","max-image-preview":"max-image-preview:large","max-video-preview":"max-video-preview:-1"},"canonical":"https:\/\/slewingbearings.com\/product\/kaydon-cross-roller-slewing-ring-bearing\/","og_locale":"pt_PT","og_type":"article","og_description":"As chumaceiras de rolos cruzados KAYDON s\u00e3o chumaceiras de alta precis\u00e3o concebidas para suportar simultaneamente grandes cargas radiais, axiais e de momento.","og_url":"https:\/\/slewingbearings.com\/product\/kaydon-cross-roller-slewing-ring-bearing\/","og_site_name":"ZZ Group","og_image":[{"width":800,"height":800,"url":"https:\/\/slewingbearings.com\/wp-content\/uploads\/2025\/01\/KAYDON-Cross-Roller-Slewing-Ring-Bearing.webp","type":"image\/webp"}],"twitter_card":"summary_large_image","twitter_misc":{"Tempo estimado de leitura":"1 minuto"},"schema":{"@context":"https:\/\/schema.org","@graph":[{"@type":"WebPage","@id":"https:\/\/slewingbearings.com\/product\/kaydon-cross-roller-slewing-ring-bearing\/","url":"https:\/\/slewingbearings.com\/product\/kaydon-cross-roller-slewing-ring-bearing\/","name":"","isPartOf":{"@id":"https:\/\/slewingbearings.com\/#website"},"datePublished":"2025-01-10T03:58:27+00:00","dateModified":"2025-01-10T03:58:27+00:00","description":"As chumaceiras de rolos cruzados KAYDON s\u00e3o chumaceiras de alta precis\u00e3o concebidas para suportar simultaneamente grandes cargas radiais, axiais e de momento.","breadcrumb":{"@id":"https:\/\/slewingbearings.com\/product\/kaydon-cross-roller-slewing-ring-bearing\/#breadcrumb"},"inLanguage":"pt-PT","potentialAction":[{"@type":"ReadAction","target":["https:\/\/slewingbearings.com\/product\/kaydon-cross-roller-slewing-ring-bearing\/"]}]},{"@type":"BreadcrumbList","@id":"https:\/\/slewingbearings.com\/product\/kaydon-cross-roller-slewing-ring-bearing\/#breadcrumb","itemListElement":[{"@type":"ListItem","position":1,"name":"Home","item":"https:\/\/slewingbearings.com\/pt-pt\/rolamento-de-giro-acionamento-de-giro\/"},{"@type":"ListItem","position":2,"name":"Shop","item":"https:\/\/slewingbearings.com\/shop\/"},{"@type":"ListItem","position":3,"name":"Rolamento de anel girat\u00f3rio de rolos cruzados KAYDON"}]},{"@type":"WebSite","@id":"https:\/\/slewingbearings.com\/#website","url":"https:\/\/slewingbearings.com\/","name":"ZZ Group","description":"Leading Slewing Bearings in China","potentialAction":[{"@type":"SearchAction","target":{"@type":"EntryPoint","urlTemplate":"https:\/\/slewingbearings.com\/?s={search_term_string}"},"query-input":"required name=search_term_string"}],"inLanguage":"pt-PT"}]}},"_links":{"self":[{"href":"https:\/\/slewingbearings.com\/pt-pt\/wp-json\/wp\/v2\/product\/11556","targetHints":{"allow":["GET"]}}],"collection":[{"href":"https:\/\/slewingbearings.com\/pt-pt\/wp-json\/wp\/v2\/product"}],"about":[{"href":"https:\/\/slewingbearings.com\/pt-pt\/wp-json\/wp\/v2\/types\/product"}],"replies":[{"embeddable":true,"href":"https:\/\/slewingbearings.com\/pt-pt\/wp-json\/wp\/v2\/comments?post=11556"}],"wp:featuredmedia":[{"embeddable":true,"href":"https:\/\/slewingbearings.com\/pt-pt\/wp-json\/wp\/v2\/media\/10682"}],"wp:attachment":[{"href":"https:\/\/slewingbearings.com\/pt-pt\/wp-json\/wp\/v2\/media?parent=11556"}],"wp:term":[{"taxonomy":"product_cat","embeddable":true,"href":"https:\/\/slewingbearings.com\/pt-pt\/wp-json\/wp\/v2\/product_cat?post=11556"},{"taxonomy":"product_tag","embeddable":true,"href":"https:\/\/slewingbearings.com\/pt-pt\/wp-json\/wp\/v2\/product_tag?post=11556"}],"curies":[{"name":"wp","href":"https:\/\/api.w.org\/{rel}","templated":true}]}}