{"id":11540,"date":"2025-01-21T07:51:03","date_gmt":"2025-01-21T07:51:03","guid":{"rendered":"https:\/\/slewingbearings.com\/product\/rolamentos-para-gira-discos-kaydon-realislim-tt\/"},"modified":"2025-01-21T07:51:03","modified_gmt":"2025-01-21T07:51:03","slug":"rolamentos-para-gira-discos-kaydon-realislim-tt","status":"publish","type":"product","link":"https:\/\/slewingbearings.com\/pt-pt\/product\/rolamentos-para-gira-discos-kaydon-realislim-tt\/","title":{"rendered":"Rolamentos para gira-discos KAYDON RealiSlim TT"},"content":{"rendered":"<p>Os rolamentos de plataforma girat\u00f3ria Kaydon RealiSlim TT s\u00e3o rolamentos ultrafinos e de alto desempenho concebidos para precis\u00e3o e fiabilidade em aplica\u00e7\u00f5es com limita\u00e7\u00f5es de espa\u00e7o. Esses rolamentos apresentam um perfil fino, mantendo uma alta capacidade de carga, capaz de suportar cargas radiais e axiais. O design exclusivo garante uma rota\u00e7\u00e3o suave e precisa com o m\u00ednimo de atrito, tornando-os ideais para plataformas girat\u00f3rias, rob\u00f3tica, equipamento m\u00e9dico e maquinaria automatizada.  <\/p>\n<p>Apesar do seu design fino, os rolamentos RealiSlim TT proporcionam uma excelente durabilidade e uma longa vida \u00fatil, constru\u00eddos a partir de materiais de alta qualidade que suportam a utiliza\u00e7\u00e3o cont\u00ednua em condi\u00e7\u00f5es adversas. S\u00e3o personaliz\u00e1veis, oferecendo op\u00e7\u00f5es como v\u00e1rios tamanhos, configura\u00e7\u00f5es de engrenagens, revestimentos e m\u00e9todos de lubrifica\u00e7\u00e3o, garantindo a adequa\u00e7\u00e3o a necessidades operacionais espec\u00edficas. <\/p>\n\n<table id=\"tablepress-107\" class=\"tablepress tablepress-id-107\">\n<thead>\n<tr class=\"row-1\">\n\t<th class=\"column-1\">Part Number<\/th><th class=\"column-2\">Gear<\/th><th class=\"column-3\">Bearing Type<\/th><th class=\"column-4\">Do<\/th><th class=\"column-5\">di<\/th><th class=\"column-6\">H<\/th><th class=\"column-7\">Di<\/th><th class=\"column-8\">do<\/th><th class=\"column-9\">C0a<\/th><th class=\"column-10\">Moment Load Rating<\/th>\n<\/tr>\n<\/thead>\n<tbody class=\"row-striping row-hover\">\n<tr class=\"row-2\">\n\t<td class=\"column-1\">T01-00225NAA<\/td><td class=\"column-2\">Internal Gear<\/td><td class=\"column-3\">Standard<\/td><td class=\"column-4\">3\"<\/td><td class=\"column-5\">1.422\"<\/td><td class=\"column-6\">0.25\"<\/td><td class=\"column-7\">2.148\"<\/td><td class=\"column-8\">2.356\"<\/td><td class=\"column-9\">770 lbs<\/td><td class=\"column-10\">440 ft-lbs<\/td>\n<\/tr>\n<tr class=\"row-3\">\n\t<td class=\"column-1\">T01-00225PAA<\/td><td class=\"column-2\">Without Gear<\/td><td class=\"column-3\">Standard<\/td><td class=\"column-4\">3\"<\/td><td class=\"column-5\">1.5\"<\/td><td class=\"column-6\">0.25\"<\/td><td class=\"column-7\">2.148\"<\/td><td class=\"column-8\">2.356\"<\/td><td class=\"column-9\">770 lbs<\/td><td class=\"column-10\">440 ft-lbs<\/td>\n<\/tr>\n<tr class=\"row-4\">\n\t<td class=\"column-1\">T01-00225EAA<\/td><td class=\"column-2\">External Gear<\/td><td class=\"column-3\">Standard<\/td><td class=\"column-4\">3.078\"<\/td><td class=\"column-5\">1.5\"<\/td><td class=\"column-6\">0.25\"<\/td><td class=\"column-7\">2.148\"<\/td><td class=\"column-8\">2.356\"<\/td><td class=\"column-9\">770 lbs<\/td><td class=\"column-10\">440 ft-lbs<\/td>\n<\/tr>\n<tr class=\"row-5\">\n\t<td class=\"column-1\">T01-00275NAA<\/td><td class=\"column-2\">Internal Gear<\/td><td class=\"column-3\">Standard<\/td><td class=\"column-4\">3.5\"<\/td><td class=\"column-5\">1.922\"<\/td><td class=\"column-6\">0.25\"<\/td><td class=\"column-7\">2.648\"<\/td><td class=\"column-8\">2.856\"<\/td><td class=\"column-9\">1150 lbs<\/td><td class=\"column-10\">600 ft-lbs<\/td>\n<\/tr>\n<tr class=\"row-6\">\n\t<td class=\"column-1\">T01-00275PAA<\/td><td class=\"column-2\">Without Gear<\/td><td class=\"column-3\">Standard<\/td><td class=\"column-4\">3.5\"<\/td><td class=\"column-5\">2\"<\/td><td class=\"column-6\">0.25\"<\/td><td class=\"column-7\">2.648\"<\/td><td class=\"column-8\">2.856\"<\/td><td class=\"column-9\">1150 lbs<\/td><td class=\"column-10\">600 ft-lbs<\/td>\n<\/tr>\n<tr class=\"row-7\">\n\t<td class=\"column-1\">T01-00275EAA<\/td><td class=\"column-2\">External Gear<\/td><td class=\"column-3\">Standard<\/td><td class=\"column-4\">3.578\"<\/td><td class=\"column-5\">2\"<\/td><td class=\"column-6\">0.25\"<\/td><td class=\"column-7\">2.648\"<\/td><td class=\"column-8\">2.856\"<\/td><td class=\"column-9\">1150 lbs<\/td><td class=\"column-10\">600 ft-lbs<\/td>\n<\/tr>\n<tr class=\"row-8\">\n\t<td class=\"column-1\">T01-00325NAA<\/td><td class=\"column-2\">Internal Gear<\/td><td class=\"column-3\">Standard<\/td><td class=\"column-4\">4\"<\/td><td class=\"column-5\">2.422\"<\/td><td class=\"column-6\">0.25\"<\/td><td class=\"column-7\">3.148\"<\/td><td class=\"column-8\">3.356\"<\/td><td class=\"column-9\">1600 lbs<\/td><td class=\"column-10\">780 ft-lbs<\/td>\n<\/tr>\n<tr class=\"row-9\">\n\t<td class=\"column-1\">T01-00325PAA<\/td><td class=\"column-2\">Without Gear<\/td><td class=\"column-3\">Standard<\/td><td class=\"column-4\">4\"<\/td><td class=\"column-5\">2.5\"<\/td><td class=\"column-6\">0.25\"<\/td><td class=\"column-7\">3.148\"<\/td><td class=\"column-8\">3.356\"<\/td><td class=\"column-9\">1600 lbs<\/td><td class=\"column-10\">780 ft-lbs<\/td>\n<\/tr>\n<tr class=\"row-10\">\n\t<td class=\"column-1\">T01-00325EAA<\/td><td class=\"column-2\">External Gear<\/td><td class=\"column-3\">Standard<\/td><td class=\"column-4\">4.078\"<\/td><td class=\"column-5\">2.5\"<\/td><td class=\"column-6\">0.25\"<\/td><td class=\"column-7\">3.148\"<\/td><td class=\"column-8\">3.356\"<\/td><td class=\"column-9\">1600 lbs<\/td><td class=\"column-10\">780 ft-lbs<\/td>\n<\/tr>\n<tr class=\"row-11\">\n\t<td class=\"column-1\">T01-00375NAA<\/td><td class=\"column-2\">Internal Gear<\/td><td class=\"column-3\">Standard<\/td><td class=\"column-4\">4.5\"<\/td><td class=\"column-5\">2.922\"<\/td><td class=\"column-6\">0.25\"<\/td><td class=\"column-7\">3.648\"<\/td><td class=\"column-8\">3.856\"<\/td><td class=\"column-9\">2130 lbs<\/td><td class=\"column-10\">980 ft-lbs<\/td>\n<\/tr>\n<tr class=\"row-12\">\n\t<td class=\"column-1\">T01-00375PAA<\/td><td class=\"column-2\">Without Gear<\/td><td class=\"column-3\">Standard<\/td><td class=\"column-4\">4.5\"<\/td><td class=\"column-5\">3\"<\/td><td class=\"column-6\">0.25\"<\/td><td class=\"column-7\">3.648\"<\/td><td class=\"column-8\">3.856\"<\/td><td class=\"column-9\">2130 lbs<\/td><td class=\"column-10\">980 ft-lbs<\/td>\n<\/tr>\n<tr class=\"row-13\">\n\t<td class=\"column-1\">T01-00375EAA<\/td><td class=\"column-2\">External Gear<\/td><td class=\"column-3\">Standard<\/td><td class=\"column-4\">4.578\"<\/td><td class=\"column-5\">3\"<\/td><td class=\"column-6\">0.25\"<\/td><td class=\"column-7\">3.648\"<\/td><td class=\"column-8\">3.856\"<\/td><td class=\"column-9\">2130 lbs<\/td><td class=\"column-10\">980 ft-lbs<\/td>\n<\/tr>\n<tr class=\"row-14\">\n\t<td class=\"column-1\">T01-00425NAA<\/td><td class=\"column-2\">Internal Gear<\/td><td class=\"column-3\">Standard<\/td><td class=\"column-4\">5\"<\/td><td class=\"column-5\">3.422\"<\/td><td class=\"column-6\">0.25\"<\/td><td class=\"column-7\">4.148\"<\/td><td class=\"column-8\">4.356\"<\/td><td class=\"column-9\">2740 lbs<\/td><td class=\"column-10\">1.200 ft-lbs<\/td>\n<\/tr>\n<tr class=\"row-15\">\n\t<td class=\"column-1\">T01-00425PAA<\/td><td class=\"column-2\">Without Gear<\/td><td class=\"column-3\">Standard<\/td><td class=\"column-4\">5\"<\/td><td class=\"column-5\">3.5\"<\/td><td class=\"column-6\">0.25\"<\/td><td class=\"column-7\">4.148\"<\/td><td class=\"column-8\">4.356\"<\/td><td class=\"column-9\">2740 lbs<\/td><td class=\"column-10\">1.200 ft-lbs<\/td>\n<\/tr>\n<tr class=\"row-16\">\n\t<td class=\"column-1\">T01-00425EAA<\/td><td class=\"column-2\">External Gear<\/td><td class=\"column-3\">Standard<\/td><td class=\"column-4\">5.078\"<\/td><td class=\"column-5\">3.5\"<\/td><td class=\"column-6\">0.25\"<\/td><td class=\"column-7\">4.148\"<\/td><td class=\"column-8\">4.356\"<\/td><td class=\"column-9\">2740 lbs<\/td><td class=\"column-10\">1.200 ft-lbs<\/td>\n<\/tr>\n<tr class=\"row-17\">\n\t<td class=\"column-1\">T01-00450NAA<\/td><td class=\"column-2\">Internal Gear<\/td><td class=\"column-3\">Standard<\/td><td class=\"column-4\">5.25\"<\/td><td class=\"column-5\">3.672\"<\/td><td class=\"column-6\">0.25\"<\/td><td class=\"column-7\">4.398\"<\/td><td class=\"column-8\">4.606\"<\/td><td class=\"column-9\">3070 lbs<\/td><td class=\"column-10\">1.320 ft-lbs<\/td>\n<\/tr>\n<tr class=\"row-18\">\n\t<td class=\"column-1\">T01-00450PAA<\/td><td class=\"column-2\">Without Gear<\/td><td class=\"column-3\">Standard<\/td><td class=\"column-4\">5.25\"<\/td><td class=\"column-5\">3.75\"<\/td><td class=\"column-6\">0.25\"<\/td><td class=\"column-7\">4.398\"<\/td><td class=\"column-8\">4.606\"<\/td><td class=\"column-9\">3070 lbs<\/td><td class=\"column-10\">1.320 ft-lbs<\/td>\n<\/tr>\n<tr class=\"row-19\">\n\t<td class=\"column-1\">T01-00450EAA<\/td><td class=\"column-2\">External Gear<\/td><td class=\"column-3\">Standard<\/td><td class=\"column-4\">5.328\"<\/td><td class=\"column-5\">3.75\"<\/td><td class=\"column-6\">0.25\"<\/td><td class=\"column-7\">4.398\"<\/td><td class=\"column-8\">4.606\"<\/td><td class=\"column-9\">3070 lbs<\/td><td class=\"column-10\">1.320 ft-lbs<\/td>\n<\/tr>\n<tr class=\"row-20\">\n\t<td class=\"column-1\">T01-00475NAA<\/td><td class=\"column-2\">Internal Gear<\/td><td class=\"column-3\">Standard<\/td><td class=\"column-4\">5.5\"<\/td><td class=\"column-5\">3.922\"<\/td><td class=\"column-6\">0.25\"<\/td><td class=\"column-7\">4.648\"<\/td><td class=\"column-8\">4.856\"<\/td><td class=\"column-9\">3420 lbs<\/td><td class=\"column-10\">1.440 ft-lbs<\/td>\n<\/tr>\n<tr class=\"row-21\">\n\t<td class=\"column-1\">T01-00475PAA<\/td><td class=\"column-2\">Without Gear<\/td><td class=\"column-3\">Standard<\/td><td class=\"column-4\">5.5\"<\/td><td class=\"column-5\">4\"<\/td><td class=\"column-6\">0.25\"<\/td><td class=\"column-7\">4.648\"<\/td><td class=\"column-8\">4.856\"<\/td><td class=\"column-9\">3420 lbs<\/td><td class=\"column-10\">1.440 ft-lbs<\/td>\n<\/tr>\n<tr class=\"row-22\">\n\t<td class=\"column-1\">T01-00475EAA<\/td><td class=\"column-2\">External Gear<\/td><td class=\"column-3\">Standard<\/td><td class=\"column-4\">5.578\"<\/td><td class=\"column-5\">4\"<\/td><td class=\"column-6\">0.25\"<\/td><td class=\"column-7\">4.648\"<\/td><td class=\"column-8\">4.856\"<\/td><td class=\"column-9\">3420 lbs<\/td><td class=\"column-10\">1.440 ft-lbs<\/td>\n<\/tr>\n<tr class=\"row-23\">\n\t<td class=\"column-1\">T01-00500NAA<\/td><td class=\"column-2\">Internal Gear<\/td><td class=\"column-3\">Standard<\/td><td class=\"column-4\">5.75\"<\/td><td class=\"column-5\">4.172\"<\/td><td class=\"column-6\">0.25\"<\/td><td class=\"column-7\">4.898\"<\/td><td class=\"column-8\">5.106\"<\/td><td class=\"column-9\">3790 lbs<\/td><td class=\"column-10\">1.560 ft-lbs<\/td>\n<\/tr>\n<tr class=\"row-24\">\n\t<td class=\"column-1\">T01-00500PAA<\/td><td class=\"column-2\">Without Gear<\/td><td class=\"column-3\">Standard<\/td><td class=\"column-4\">5.75\"<\/td><td class=\"column-5\">4.25\"<\/td><td class=\"column-6\">0.25\"<\/td><td class=\"column-7\">4.898\"<\/td><td class=\"column-8\">5.106\"<\/td><td class=\"column-9\">3790 lbs<\/td><td class=\"column-10\">1.560 ft-lbs<\/td>\n<\/tr>\n<tr class=\"row-25\">\n\t<td class=\"column-1\">T01-00500EAA<\/td><td class=\"column-2\">External Gear<\/td><td class=\"column-3\">Standard<\/td><td class=\"column-4\">5.828\"<\/td><td class=\"column-5\">4.25\"<\/td><td class=\"column-6\">0.25\"<\/td><td class=\"column-7\">4.898\"<\/td><td class=\"column-8\">5.106\"<\/td><td class=\"column-9\">3790 lbs<\/td><td class=\"column-10\">1.560 ft-lbs<\/td>\n<\/tr>\n<tr class=\"row-26\">\n\t<td class=\"column-1\">T01-00525NAA<\/td><td class=\"column-2\">Internal Gear<\/td><td class=\"column-3\">Standard<\/td><td class=\"column-4\">6\"<\/td><td class=\"column-5\">4.422\"<\/td><td class=\"column-6\">0.25\"<\/td><td class=\"column-7\">5.148\"<\/td><td class=\"column-8\">5.356\"<\/td><td class=\"column-9\">4180 lbs<\/td><td class=\"column-10\">1.690 ft-lbs<\/td>\n<\/tr>\n<tr class=\"row-27\">\n\t<td class=\"column-1\">T01-00525PAA<\/td><td class=\"column-2\">Without Gear<\/td><td class=\"column-3\">Standard<\/td><td class=\"column-4\">6\"<\/td><td class=\"column-5\">4.5\"<\/td><td class=\"column-6\">0.25\"<\/td><td class=\"column-7\">5.148\"<\/td><td class=\"column-8\">5.356\"<\/td><td class=\"column-9\">4180 lbs<\/td><td class=\"column-10\">1.690 ft-lbs<\/td>\n<\/tr>\n<tr class=\"row-28\">\n\t<td class=\"column-1\">T01-00525EAA<\/td><td class=\"column-2\">External Gear<\/td><td class=\"column-3\">Standard<\/td><td class=\"column-4\">6.078\"<\/td><td class=\"column-5\">4.5\"<\/td><td class=\"column-6\">0.25\"<\/td><td class=\"column-7\">5.148\"<\/td><td class=\"column-8\">5.356\"<\/td><td class=\"column-9\">4180 lbs<\/td><td class=\"column-10\">1.690 ft-lbs<\/td>\n<\/tr>\n<tr class=\"row-29\">\n\t<td class=\"column-1\">T01-00575NAA<\/td><td class=\"column-2\">Internal Gear<\/td><td class=\"column-3\">Standard<\/td><td class=\"column-4\">6.5\"<\/td><td class=\"column-5\">4.922\"<\/td><td class=\"column-6\">0.25\"<\/td><td class=\"column-7\">5.648\"<\/td><td class=\"column-8\">5.856\"<\/td><td class=\"column-9\">5020 lbs<\/td><td class=\"column-10\">1.950 ft-lbs<\/td>\n<\/tr>\n<tr class=\"row-30\">\n\t<td class=\"column-1\">T01-00575PAA<\/td><td class=\"column-2\">Without Gear<\/td><td class=\"column-3\">Standard<\/td><td class=\"column-4\">6.5\"<\/td><td class=\"column-5\">5\"<\/td><td class=\"column-6\">0.25\"<\/td><td class=\"column-7\">5.648\"<\/td><td class=\"column-8\">5.856\"<\/td><td class=\"column-9\">5020 lbs<\/td><td class=\"column-10\">1.950 ft-lbs<\/td>\n<\/tr>\n<tr class=\"row-31\">\n\t<td class=\"column-1\">T01-00575EAA<\/td><td class=\"column-2\">External Gear<\/td><td class=\"column-3\">Standard<\/td><td class=\"column-4\">6.578\"<\/td><td class=\"column-5\">5\"<\/td><td class=\"column-6\">0.25\"<\/td><td class=\"column-7\">5.648\"<\/td><td class=\"column-8\">5.856\"<\/td><td class=\"column-9\">5020 lbs<\/td><td class=\"column-10\">1.950 ft-lbs<\/td>\n<\/tr>\n<tr class=\"row-32\">\n\t<td class=\"column-1\">T01-00625NAA<\/td><td class=\"column-2\">Internal Gear<\/td><td class=\"column-3\">Standard<\/td><td class=\"column-4\">7\"<\/td><td class=\"column-5\">5.422\"<\/td><td class=\"column-6\">0.25\"<\/td><td class=\"column-7\">6.148\"<\/td><td class=\"column-8\">6.356\"<\/td><td class=\"column-9\">5930 lbs<\/td><td class=\"column-10\">2.230 ft-lbs<\/td>\n<\/tr>\n<tr class=\"row-33\">\n\t<td class=\"column-1\">T01-00625PAA<\/td><td class=\"column-2\">Without Gear<\/td><td class=\"column-3\">Standard<\/td><td class=\"column-4\">7\"<\/td><td class=\"column-5\">5.5\"<\/td><td class=\"column-6\">0.25\"<\/td><td class=\"column-7\">6.148\"<\/td><td class=\"column-8\">6.356\"<\/td><td class=\"column-9\">5930 lbs<\/td><td class=\"column-10\">2.230 ft-lbs<\/td>\n<\/tr>\n<tr class=\"row-34\">\n\t<td class=\"column-1\">T01-00625EAA<\/td><td class=\"column-2\">External Gear<\/td><td class=\"column-3\">Standard<\/td><td class=\"column-4\">7.078\"<\/td><td class=\"column-5\">5.5\"<\/td><td class=\"column-6\">0.25\"<\/td><td class=\"column-7\">6.148\"<\/td><td class=\"column-8\">6.356\"<\/td><td class=\"column-9\">5930 lbs<\/td><td class=\"column-10\">2.230 ft-lbs<\/td>\n<\/tr>\n<tr class=\"row-35\">\n\t<td class=\"column-1\">T01-00675NAA<\/td><td class=\"column-2\">Internal Gear<\/td><td class=\"column-3\">Standard<\/td><td class=\"column-4\">7.5\"<\/td><td class=\"column-5\">5.922\"<\/td><td class=\"column-6\">0.25\"<\/td><td class=\"column-7\">6.648\"<\/td><td class=\"column-8\">6.856\"<\/td><td class=\"column-9\">6910 lbs<\/td><td class=\"column-10\">2.530 ft-lbs<\/td>\n<\/tr>\n<tr class=\"row-36\">\n\t<td class=\"column-1\">T01-00675PAA<\/td><td class=\"column-2\">Without Gear<\/td><td class=\"column-3\">Standard<\/td><td class=\"column-4\">7.5\"<\/td><td class=\"column-5\">6\"<\/td><td class=\"column-6\">0.25\"<\/td><td class=\"column-7\">6.648\"<\/td><td class=\"column-8\">6.856\"<\/td><td class=\"column-9\">6910 lbs<\/td><td class=\"column-10\">2.530 ft-lbs<\/td>\n<\/tr>\n<tr class=\"row-37\">\n\t<td class=\"column-1\">T01-00675EAA<\/td><td class=\"column-2\">External Gear<\/td><td class=\"column-3\">Standard<\/td><td class=\"column-4\">7.578\"<\/td><td class=\"column-5\">6\"<\/td><td class=\"column-6\">0.25\"<\/td><td class=\"column-7\">6.648\"<\/td><td class=\"column-8\">6.856\"<\/td><td class=\"column-9\">6910 lbs<\/td><td class=\"column-10\">2.530 ft-lbs<\/td>\n<\/tr>\n<\/tbody>\n<\/table>\n<!-- #tablepress-107 from cache -->\n","protected":false},"excerpt":{"rendered":"<p>Os rolamentos de plataforma girat\u00f3ria RealiSlim tt, com os seus designs exclusivos de pista de anel interior e exterior, podem suportar cargas radiais, axiais e de momento de uma s\u00f3 vez. Podem substituir dois rolamentos em muitas aplica\u00e7\u00f5es. Combinam as carater\u00edsticas dos rolamentos de sec\u00e7\u00e3o fina e dos rolamentos de mesa girat\u00f3ria.  <\/p>\n","protected":false},"featured_media":10727,"comment_status":"open","ping_status":"closed","template":"","meta":{"content-type":""},"product_cat":[370,356],"product_tag":[],"class_list":{"0":"post-11540","1":"product","2":"type-product","3":"status-publish","4":"has-post-thumbnail","6":"product_cat-kaydon-slewing-bearing-pt-pt","7":"product_cat-oemodm-pt-pt","9":"first","10":"instock","11":"shipping-taxable","12":"product-type-simple"},"yoast_head":"<!-- This site is optimized with the Yoast SEO plugin v21.7 - https:\/\/yoast.com\/wordpress\/plugins\/seo\/ -->\n<title>ZZ Group<\/title>\n<meta name=\"description\" content=\"Rolamentos de mesa girat\u00f3ria RealiSlim TT Rolamentos de mesa girat\u00f3ria de sec\u00e7\u00e3o fina concebidos para aplica\u00e7\u00f5es exigentes. Sec\u00e7\u00e3o transversal fina, constru\u00e7\u00e3o leve,\" \/>\n<meta name=\"robots\" content=\"index, follow, max-snippet:-1, max-image-preview:large, max-video-preview:-1\" \/>\n<link rel=\"canonical\" href=\"https:\/\/slewingbearings.com\/product\/kaydon-realislim-tt-turntable-bearings\/\" \/>\n<meta property=\"og:locale\" content=\"pt_PT\" \/>\n<meta property=\"og:type\" content=\"article\" \/>\n<meta property=\"og:description\" content=\"Rolamentos de mesa girat\u00f3ria RealiSlim TT Rolamentos de mesa girat\u00f3ria de sec\u00e7\u00e3o fina concebidos para aplica\u00e7\u00f5es exigentes. Sec\u00e7\u00e3o transversal fina, constru\u00e7\u00e3o leve,\" \/>\n<meta property=\"og:url\" content=\"https:\/\/slewingbearings.com\/product\/kaydon-realislim-tt-turntable-bearings\/\" \/>\n<meta property=\"og:site_name\" content=\"ZZ Group\" \/>\n<meta property=\"og:image\" content=\"https:\/\/slewingbearings.com\/wp-content\/uploads\/2025\/01\/KAYDON-RealiSlim-TT-Turntable-Bearings.webp\" \/>\n\t<meta property=\"og:image:width\" content=\"1050\" \/>\n\t<meta property=\"og:image:height\" content=\"849\" \/>\n\t<meta property=\"og:image:type\" content=\"image\/webp\" \/>\n<meta name=\"twitter:card\" content=\"summary_large_image\" \/>\n<meta name=\"twitter:label1\" content=\"Tempo estimado de leitura\" \/>\n\t<meta name=\"twitter:data1\" content=\"1 minuto\" \/>\n<script type=\"application\/ld+json\" class=\"yoast-schema-graph\">{\"@context\":\"https:\/\/schema.org\",\"@graph\":[{\"@type\":\"WebPage\",\"@id\":\"https:\/\/slewingbearings.com\/product\/kaydon-realislim-tt-turntable-bearings\/\",\"url\":\"https:\/\/slewingbearings.com\/product\/kaydon-realislim-tt-turntable-bearings\/\",\"name\":\"\",\"isPartOf\":{\"@id\":\"https:\/\/slewingbearings.com\/#website\"},\"datePublished\":\"2025-01-21T07:51:03+00:00\",\"dateModified\":\"2025-01-21T07:51:03+00:00\",\"description\":\"Rolamentos de mesa girat\u00f3ria RealiSlim TT Rolamentos de mesa girat\u00f3ria de sec\u00e7\u00e3o fina concebidos para aplica\u00e7\u00f5es exigentes. Sec\u00e7\u00e3o transversal fina, constru\u00e7\u00e3o leve,\",\"breadcrumb\":{\"@id\":\"https:\/\/slewingbearings.com\/product\/kaydon-realislim-tt-turntable-bearings\/#breadcrumb\"},\"inLanguage\":\"pt-PT\",\"potentialAction\":[{\"@type\":\"ReadAction\",\"target\":[\"https:\/\/slewingbearings.com\/product\/kaydon-realislim-tt-turntable-bearings\/\"]}]},{\"@type\":\"BreadcrumbList\",\"@id\":\"https:\/\/slewingbearings.com\/product\/kaydon-realislim-tt-turntable-bearings\/#breadcrumb\",\"itemListElement\":[{\"@type\":\"ListItem\",\"position\":1,\"name\":\"Home\",\"item\":\"https:\/\/slewingbearings.com\/pt-pt\/rolamento-de-giro-acionamento-de-giro\/\"},{\"@type\":\"ListItem\",\"position\":2,\"name\":\"Shop\",\"item\":\"https:\/\/slewingbearings.com\/shop\/\"},{\"@type\":\"ListItem\",\"position\":3,\"name\":\"Rolamentos para gira-discos KAYDON RealiSlim TT\"}]},{\"@type\":\"WebSite\",\"@id\":\"https:\/\/slewingbearings.com\/#website\",\"url\":\"https:\/\/slewingbearings.com\/\",\"name\":\"ZZ Group\",\"description\":\"Leading Slewing Bearings in China\",\"potentialAction\":[{\"@type\":\"SearchAction\",\"target\":{\"@type\":\"EntryPoint\",\"urlTemplate\":\"https:\/\/slewingbearings.com\/?s={search_term_string}\"},\"query-input\":\"required name=search_term_string\"}],\"inLanguage\":\"pt-PT\"}]}<\/script>\n<!-- \/ Yoast SEO plugin. -->","yoast_head_json":{"title":"ZZ Group","description":"Rolamentos de mesa girat\u00f3ria RealiSlim TT Rolamentos de mesa girat\u00f3ria de sec\u00e7\u00e3o fina concebidos para aplica\u00e7\u00f5es exigentes. Sec\u00e7\u00e3o transversal fina, constru\u00e7\u00e3o leve,","robots":{"index":"index","follow":"follow","max-snippet":"max-snippet:-1","max-image-preview":"max-image-preview:large","max-video-preview":"max-video-preview:-1"},"canonical":"https:\/\/slewingbearings.com\/product\/kaydon-realislim-tt-turntable-bearings\/","og_locale":"pt_PT","og_type":"article","og_description":"Rolamentos de mesa girat\u00f3ria RealiSlim TT Rolamentos de mesa girat\u00f3ria de sec\u00e7\u00e3o fina concebidos para aplica\u00e7\u00f5es exigentes. Sec\u00e7\u00e3o transversal fina, constru\u00e7\u00e3o leve,","og_url":"https:\/\/slewingbearings.com\/product\/kaydon-realislim-tt-turntable-bearings\/","og_site_name":"ZZ Group","og_image":[{"width":1050,"height":849,"url":"https:\/\/slewingbearings.com\/wp-content\/uploads\/2025\/01\/KAYDON-RealiSlim-TT-Turntable-Bearings.webp","type":"image\/webp"}],"twitter_card":"summary_large_image","twitter_misc":{"Tempo estimado de leitura":"1 minuto"},"schema":{"@context":"https:\/\/schema.org","@graph":[{"@type":"WebPage","@id":"https:\/\/slewingbearings.com\/product\/kaydon-realislim-tt-turntable-bearings\/","url":"https:\/\/slewingbearings.com\/product\/kaydon-realislim-tt-turntable-bearings\/","name":"","isPartOf":{"@id":"https:\/\/slewingbearings.com\/#website"},"datePublished":"2025-01-21T07:51:03+00:00","dateModified":"2025-01-21T07:51:03+00:00","description":"Rolamentos de mesa girat\u00f3ria RealiSlim TT Rolamentos de mesa girat\u00f3ria de sec\u00e7\u00e3o fina concebidos para aplica\u00e7\u00f5es exigentes. Sec\u00e7\u00e3o transversal fina, constru\u00e7\u00e3o leve,","breadcrumb":{"@id":"https:\/\/slewingbearings.com\/product\/kaydon-realislim-tt-turntable-bearings\/#breadcrumb"},"inLanguage":"pt-PT","potentialAction":[{"@type":"ReadAction","target":["https:\/\/slewingbearings.com\/product\/kaydon-realislim-tt-turntable-bearings\/"]}]},{"@type":"BreadcrumbList","@id":"https:\/\/slewingbearings.com\/product\/kaydon-realislim-tt-turntable-bearings\/#breadcrumb","itemListElement":[{"@type":"ListItem","position":1,"name":"Home","item":"https:\/\/slewingbearings.com\/pt-pt\/rolamento-de-giro-acionamento-de-giro\/"},{"@type":"ListItem","position":2,"name":"Shop","item":"https:\/\/slewingbearings.com\/shop\/"},{"@type":"ListItem","position":3,"name":"Rolamentos para gira-discos KAYDON RealiSlim TT"}]},{"@type":"WebSite","@id":"https:\/\/slewingbearings.com\/#website","url":"https:\/\/slewingbearings.com\/","name":"ZZ Group","description":"Leading Slewing Bearings in China","potentialAction":[{"@type":"SearchAction","target":{"@type":"EntryPoint","urlTemplate":"https:\/\/slewingbearings.com\/?s={search_term_string}"},"query-input":"required name=search_term_string"}],"inLanguage":"pt-PT"}]}},"_links":{"self":[{"href":"https:\/\/slewingbearings.com\/pt-pt\/wp-json\/wp\/v2\/product\/11540","targetHints":{"allow":["GET"]}}],"collection":[{"href":"https:\/\/slewingbearings.com\/pt-pt\/wp-json\/wp\/v2\/product"}],"about":[{"href":"https:\/\/slewingbearings.com\/pt-pt\/wp-json\/wp\/v2\/types\/product"}],"replies":[{"embeddable":true,"href":"https:\/\/slewingbearings.com\/pt-pt\/wp-json\/wp\/v2\/comments?post=11540"}],"wp:featuredmedia":[{"embeddable":true,"href":"https:\/\/slewingbearings.com\/pt-pt\/wp-json\/wp\/v2\/media\/10727"}],"wp:attachment":[{"href":"https:\/\/slewingbearings.com\/pt-pt\/wp-json\/wp\/v2\/media?parent=11540"}],"wp:term":[{"taxonomy":"product_cat","embeddable":true,"href":"https:\/\/slewingbearings.com\/pt-pt\/wp-json\/wp\/v2\/product_cat?post=11540"},{"taxonomy":"product_tag","embeddable":true,"href":"https:\/\/slewingbearings.com\/pt-pt\/wp-json\/wp\/v2\/product_tag?post=11540"}],"curies":[{"name":"wp","href":"https:\/\/api.w.org\/{rel}","templated":true}]}}