{"id":11526,"date":"2025-01-21T08:53:20","date_gmt":"2025-01-21T08:53:20","guid":{"rendered":"https:\/\/slewingbearings.com\/product\/rolamento-de-anel-giratorio-de-rolos-cruzados-de-tres-carreiras-kaydon\/"},"modified":"2025-01-21T08:53:20","modified_gmt":"2025-01-21T08:53:20","slug":"rolamento-de-anel-giratorio-de-rolos-cruzados-de-tres-carreiras-kaydon","status":"publish","type":"product","link":"https:\/\/slewingbearings.com\/pt-pt\/product\/rolamento-de-anel-giratorio-de-rolos-cruzados-de-tres-carreiras-kaydon\/","title":{"rendered":"Rolamento de anel girat\u00f3rio de rolos cruzados de tr\u00eas carreiras KAYDON"},"content":{"rendered":"<div class=\"flex-shrink-0 flex flex-col relative items-end\">\n<div>\n<div class=\"pt-0\">\n<div class=\"gizmo-bot-avatar flex h-8 w-8 items-center justify-center overflow-hidden rounded-full\">\n<div class=\"relative p-1 rounded-sm flex items-center justify-center bg-token-main-surface-primary text-token-text-primary h-8 w-8\">O <strong> <a href=\"https:\/\/slewingbearings.com\/pt-pt\/rolamentode-roda\/\">rolamento de coroa de orienta\u00e7\u00e3o<\/a> de tr\u00eas carreiras de rolos cruzados Kaydon<\/strong> foi projetado para lidar com altas cargas radiais, axiais e de momento de inclina\u00e7\u00e3o simultaneamente, tornando-o ideal para aplica\u00e7\u00f5es pesadas. Seu projeto exclusivo apresenta tr\u00eas fileiras de rolos dispostos em um padr\u00e3o cruzado, proporcionando distribui\u00e7\u00e3o de carga superior e aumentando a rigidez. Este tipo de rolamento assegura uma rota\u00e7\u00e3o suave e precisa, o que \u00e9 crucial para aplica\u00e7\u00f5es que exigem elevada precis\u00e3o.  <\/div>\n<\/div>\n<\/div>\n<\/div>\n<\/div>\n<div class=\"group\/conversation-turn relative flex w-full min-w-0 flex-col agent-turn\">\n<div class=\"flex-col gap-1 md:gap-3\">\n<div class=\"flex max-w-full flex-col flex-grow\">\n<div class=\"min-h-8 text-message flex w-full flex-col items-end gap-2 whitespace-normal break-words text-start [.text-message+&amp;]:mt-5\" dir=\"auto\" data-message-author-role=\"assistant\" data-message-id=\"5301bb66-26de-4183-ace2-c81fba99b5a5\" data-message-model-slug=\"gpt-4o-mini\">\n<div class=\"flex w-full flex-col gap-1 empty:hidden first:pt-[3px]\">\n<div class=\"markdown prose w-full break-words dark:prose-invert light\">\n<p>Os rolamentos de giro de rolos cruzados de tr\u00eas carreiras da Kaydon s\u00e3o compactos, mas oferecem uma capacidade de carga excecional, tornando-os adequados para ambientes com restri\u00e7\u00f5es de espa\u00e7o sem sacrificar o desempenho. Eles s\u00e3o altamente dur\u00e1veis e constru\u00eddos para resistir a condi\u00e7\u00f5es adversas, proporcionando longa vida \u00fatil e reduzindo as necessidades de manuten\u00e7\u00e3o. <\/p>\n\n<table id=\"tablepress-108\" class=\"tablepress tablepress-id-108\">\n<thead>\n<tr class=\"row-1\">\n\t<th class=\"column-1\">Part Number<\/th><th class=\"column-2\">Gear<\/th><th class=\"column-3\">Bearing Type<\/th><th class=\"column-4\">Do<\/th><th class=\"column-5\">di<\/th><th class=\"column-6\">H<\/th><th class=\"column-7\">Ho<\/th><th class=\"column-8\">Hi<\/th><th class=\"column-9\">Di<\/th><th class=\"column-10\">do<\/th><th class=\"column-11\">Dr<\/th><th class=\"column-12\">C0a<\/th><th class=\"column-13\">Moment Load Rating<\/th>\n<\/tr>\n<\/thead>\n<tbody class=\"row-striping row-hover\">\n<tr class=\"row-2\">\n\t<td class=\"column-1\">16349001<\/td><td class=\"column-2\">Without Gear<\/td><td class=\"column-3\">Standard<\/td><td class=\"column-4\">48.56\"<\/td><td class=\"column-5\">33\"<\/td><td class=\"column-6\">7.3\"<\/td><td class=\"column-7\">6.38\"<\/td><td class=\"column-8\">6.38\"<\/td><td class=\"column-9\">39.31\"<\/td><td class=\"column-10\">39.71\"<\/td><td class=\"column-11\">48.5\"<\/td><td class=\"column-12\">-<\/td><td class=\"column-13\">1104700 ft-lbs<\/td>\n<\/tr>\n<tr class=\"row-3\">\n\t<td class=\"column-1\">16376001<\/td><td class=\"column-2\">Internal Gear<\/td><td class=\"column-3\">Standard<\/td><td class=\"column-4\">54.53\"<\/td><td class=\"column-5\">41.76\"<\/td><td class=\"column-6\">4.72\"<\/td><td class=\"column-7\">3.7\"<\/td><td class=\"column-8\">3.7\"<\/td><td class=\"column-9\">48.15\"<\/td><td class=\"column-10\">48.39\"<\/td><td class=\"column-11\">-<\/td><td class=\"column-12\">-<\/td><td class=\"column-13\">896700 ft-lbs<\/td>\n<\/tr>\n<tr class=\"row-4\">\n\t<td class=\"column-1\">16350001<\/td><td class=\"column-2\">Without Gear<\/td><td class=\"column-3\">Standard<\/td><td class=\"column-4\">56.89\"<\/td><td class=\"column-5\">41.535\"<\/td><td class=\"column-6\">8.661\"<\/td><td class=\"column-7\">6.772\"<\/td><td class=\"column-8\">6.772\"<\/td><td class=\"column-9\">47.215\"<\/td><td class=\"column-10\">47.563\"<\/td><td class=\"column-11\">-<\/td><td class=\"column-12\">-<\/td><td class=\"column-13\">1275900 ft-lbs<\/td>\n<\/tr>\n<tr class=\"row-5\">\n\t<td class=\"column-1\">16367001<\/td><td class=\"column-2\">External Gear<\/td><td class=\"column-3\">Standard<\/td><td class=\"column-4\">57.1\"<\/td><td class=\"column-5\">42.5\"<\/td><td class=\"column-6\">5\"<\/td><td class=\"column-7\">4.5\"<\/td><td class=\"column-8\">4.5\"<\/td><td class=\"column-9\">48.85\"<\/td><td class=\"column-10\">49.09\"<\/td><td class=\"column-11\">53.75\"<\/td><td class=\"column-12\">-<\/td><td class=\"column-13\">829300 ft-lbs<\/td>\n<\/tr>\n<tr class=\"row-6\">\n\t<td class=\"column-1\">16377001<\/td><td class=\"column-2\">Internal Gear<\/td><td class=\"column-3\">Standard<\/td><td class=\"column-4\">64.173\"<\/td><td class=\"column-5\">46.85\"<\/td><td class=\"column-6\">7.874\"<\/td><td class=\"column-7\">6.299\"<\/td><td class=\"column-8\">6.299\"<\/td><td class=\"column-9\">54.803\"<\/td><td class=\"column-10\">54.567\"<\/td><td class=\"column-11\">-<\/td><td class=\"column-12\">-<\/td><td class=\"column-13\">1479900 ft-lbs<\/td>\n<\/tr>\n<tr class=\"row-7\">\n\t<td class=\"column-1\">16378001<\/td><td class=\"column-2\">Internal Gear<\/td><td class=\"column-3\">Standard<\/td><td class=\"column-4\">70.5\"<\/td><td class=\"column-5\">50.2\"<\/td><td class=\"column-6\">8.62\"<\/td><td class=\"column-7\">6.75\"<\/td><td class=\"column-8\">6.75\"<\/td><td class=\"column-9\">59.8\"<\/td><td class=\"column-10\">60.22\"<\/td><td class=\"column-11\">-<\/td><td class=\"column-12\">-<\/td><td class=\"column-13\">3514400 ft-lbs<\/td>\n<\/tr>\n<tr class=\"row-8\">\n\t<td class=\"column-1\">16368001<\/td><td class=\"column-2\">External Gear<\/td><td class=\"column-3\">Standard<\/td><td class=\"column-4\">71.338\"<\/td><td class=\"column-5\">57\"<\/td><td class=\"column-6\">5.85\"<\/td><td class=\"column-7\">4.63\"<\/td><td class=\"column-8\">4.63\"<\/td><td class=\"column-9\">63.76\"<\/td><td class=\"column-10\">64.03\"<\/td><td class=\"column-11\">69.04\"<\/td><td class=\"column-12\">-<\/td><td class=\"column-13\">1329900 ft-lbs<\/td>\n<\/tr>\n<tr class=\"row-9\">\n\t<td class=\"column-1\">16351001<\/td><td class=\"column-2\">Without Gear<\/td><td class=\"column-3\">Standard<\/td><td class=\"column-4\">77.25\"<\/td><td class=\"column-5\">59.88\"<\/td><td class=\"column-6\">7.55\"<\/td><td class=\"column-7\">7.12\"<\/td><td class=\"column-8\">7.12\"<\/td><td class=\"column-9\">69.41\"<\/td><td class=\"column-10\">70.42\"<\/td><td class=\"column-11\">77.125\"<\/td><td class=\"column-12\">-<\/td><td class=\"column-13\">2332400 ft-lbs<\/td>\n<\/tr>\n<tr class=\"row-10\">\n\t<td class=\"column-1\">16379001<\/td><td class=\"column-2\">Internal Gear<\/td><td class=\"column-3\">Standard<\/td><td class=\"column-4\">87.244\"<\/td><td class=\"column-5\">68.032\"<\/td><td class=\"column-6\">6.969\"<\/td><td class=\"column-7\">5.315\"<\/td><td class=\"column-8\">5.315\"<\/td><td class=\"column-9\">77.764\"<\/td><td class=\"column-10\">78.112\"<\/td><td class=\"column-11\">-<\/td><td class=\"column-12\">-<\/td><td class=\"column-13\">4250900 ft-lbs<\/td>\n<\/tr>\n<tr class=\"row-11\">\n\t<td class=\"column-1\">16352001<\/td><td class=\"column-2\">Without Gear<\/td><td class=\"column-3\">Standard<\/td><td class=\"column-4\">93\"<\/td><td class=\"column-5\">72.5\"<\/td><td class=\"column-6\">9.05\"<\/td><td class=\"column-7\">8.62\"<\/td><td class=\"column-8\">8.62\"<\/td><td class=\"column-9\">80.96\"<\/td><td class=\"column-10\">81.41\"<\/td><td class=\"column-11\">-<\/td><td class=\"column-12\">-<\/td><td class=\"column-13\">6404300 ft-lbs<\/td>\n<\/tr>\n<tr class=\"row-12\">\n\t<td class=\"column-1\">16369001<\/td><td class=\"column-2\">External Gear<\/td><td class=\"column-3\">Standard<\/td><td class=\"column-4\">97.795\"<\/td><td class=\"column-5\">76.85\"<\/td><td class=\"column-6\">7.126\"<\/td><td class=\"column-7\">6.772\"<\/td><td class=\"column-8\">6.772\"<\/td><td class=\"column-9\">86.614\"<\/td><td class=\"column-10\">87.047\"<\/td><td class=\"column-11\">-<\/td><td class=\"column-12\">-<\/td><td class=\"column-13\">4129500 ft-lbs<\/td>\n<\/tr>\n<tr class=\"row-13\">\n\t<td class=\"column-1\">16380001<\/td><td class=\"column-2\">Internal Gear<\/td><td class=\"column-3\">Standard<\/td><td class=\"column-4\">108.189\"<\/td><td class=\"column-5\">85.433\"<\/td><td class=\"column-6\">8.504\"<\/td><td class=\"column-7\">6.85\"<\/td><td class=\"column-8\">6.85\"<\/td><td class=\"column-9\">97.126\"<\/td><td class=\"column-10\">96.339\"<\/td><td class=\"column-11\">-<\/td><td class=\"column-12\">-<\/td><td class=\"column-13\">9038400 ft-lbs<\/td>\n<\/tr>\n<tr class=\"row-14\">\n\t<td class=\"column-1\">16370001<\/td><td class=\"column-2\">External Gear<\/td><td class=\"column-3\">Standard<\/td><td class=\"column-4\">115.8\"<\/td><td class=\"column-5\">90.5\"<\/td><td class=\"column-6\">10.75\"<\/td><td class=\"column-7\">10.25\"<\/td><td class=\"column-8\">10.25\"<\/td><td class=\"column-9\">104.24\"<\/td><td class=\"column-10\">104.04\"<\/td><td class=\"column-11\">-<\/td><td class=\"column-12\">-<\/td><td class=\"column-13\">12091000 ft-lbs<\/td>\n<\/tr>\n<tr class=\"row-15\">\n\t<td class=\"column-1\">16353001<\/td><td class=\"column-2\">Without Gear<\/td><td class=\"column-3\">Standard<\/td><td class=\"column-4\">118.583\"<\/td><td class=\"column-5\">97.638\"<\/td><td class=\"column-6\">7.677\"<\/td><td class=\"column-7\">6.102\"<\/td><td class=\"column-8\">6.102\"<\/td><td class=\"column-9\">107.087\"<\/td><td class=\"column-10\">107.402\"<\/td><td class=\"column-11\">-<\/td><td class=\"column-12\">-<\/td><td class=\"column-13\">7936000 ft-lbs<\/td>\n<\/tr>\n<tr class=\"row-16\">\n\t<td class=\"column-1\">16381001<\/td><td class=\"column-2\">Internal Gear<\/td><td class=\"column-3\">Standard<\/td><td class=\"column-4\">120.866\"<\/td><td class=\"column-5\">97.008\"<\/td><td class=\"column-6\">13.701\"<\/td><td class=\"column-7\">11.732\"<\/td><td class=\"column-8\">11.732\"<\/td><td class=\"column-9\">108.74\"<\/td><td class=\"column-10\">109.291\"<\/td><td class=\"column-11\">-<\/td><td class=\"column-12\">-<\/td><td class=\"column-13\">10642000 ft-lbs<\/td>\n<\/tr>\n<tr class=\"row-17\">\n\t<td class=\"column-1\">16354001<\/td><td class=\"column-2\">Without Gear<\/td><td class=\"column-3\">Standard<\/td><td class=\"column-4\">122.48\"<\/td><td class=\"column-5\">107.638\"<\/td><td class=\"column-6\">5.945\"<\/td><td class=\"column-7\">4.646\"<\/td><td class=\"column-8\">4.646\"<\/td><td class=\"column-9\">113.78\"<\/td><td class=\"column-10\">113.976\"<\/td><td class=\"column-11\">-<\/td><td class=\"column-12\">-<\/td><td class=\"column-13\">6653000 ft-lbs<\/td>\n<\/tr>\n<tr class=\"row-18\">\n\t<td class=\"column-1\">16382001<\/td><td class=\"column-2\">Internal Gear<\/td><td class=\"column-3\">Standard<\/td><td class=\"column-4\">125.62\"<\/td><td class=\"column-5\">106.333\"<\/td><td class=\"column-6\">8.38\"<\/td><td class=\"column-7\">6.88\"<\/td><td class=\"column-8\">6.88\"<\/td><td class=\"column-9\">115.28\"<\/td><td class=\"column-10\">115.63\"<\/td><td class=\"column-11\">-<\/td><td class=\"column-12\">-<\/td><td class=\"column-13\">9275100 ft-lbs<\/td>\n<\/tr>\n<tr class=\"row-19\">\n\t<td class=\"column-1\">16371001<\/td><td class=\"column-2\">External Gear<\/td><td class=\"column-3\">Standard<\/td><td class=\"column-4\">152.756\"<\/td><td class=\"column-5\">129.921\"<\/td><td class=\"column-6\">10.039\"<\/td><td class=\"column-7\">9.646\"<\/td><td class=\"column-8\">9.646\"<\/td><td class=\"column-9\">141.535\"<\/td><td class=\"column-10\">141.339\"<\/td><td class=\"column-11\">-<\/td><td class=\"column-12\">-<\/td><td class=\"column-13\">11652000 ft-lbs<\/td>\n<\/tr>\n<tr class=\"row-20\">\n\t<td class=\"column-1\">16383001<\/td><td class=\"column-2\">Internal Gear<\/td><td class=\"column-3\">Standard<\/td><td class=\"column-4\">155.512\"<\/td><td class=\"column-5\">131.339\"<\/td><td class=\"column-6\">9.055\"<\/td><td class=\"column-7\">7.284\"<\/td><td class=\"column-8\">7.284\"<\/td><td class=\"column-9\">143.307\"<\/td><td class=\"column-10\">143.701\"<\/td><td class=\"column-11\">-<\/td><td class=\"column-12\">-<\/td><td class=\"column-13\">18616000 ft-lbs<\/td>\n<\/tr>\n<tr class=\"row-21\">\n\t<td class=\"column-1\">16356001<\/td><td class=\"column-2\">Without Gear<\/td><td class=\"column-3\">Standard<\/td><td class=\"column-4\">158\"<\/td><td class=\"column-5\">136.5\"<\/td><td class=\"column-6\">9\"<\/td><td class=\"column-7\">7.25\"<\/td><td class=\"column-8\">7.25\"<\/td><td class=\"column-9\">146.28\"<\/td><td class=\"column-10\">146.08\"<\/td><td class=\"column-11\">-<\/td><td class=\"column-12\">-<\/td><td class=\"column-13\">20124000 ft-lbs<\/td>\n<\/tr>\n<tr class=\"row-22\">\n\t<td class=\"column-1\">16372001<\/td><td class=\"column-2\">External Gear<\/td><td class=\"column-3\">Standard<\/td><td class=\"column-4\">170.079\"<\/td><td class=\"column-5\">144.882\"<\/td><td class=\"column-6\">9.941\"<\/td><td class=\"column-7\">9.449\"<\/td><td class=\"column-8\">9.449\"<\/td><td class=\"column-9\">156.729\"<\/td><td class=\"column-10\">157.155\"<\/td><td class=\"column-11\">-<\/td><td class=\"column-12\">-<\/td><td class=\"column-13\">24086000 ft-lbs<\/td>\n<\/tr>\n<tr class=\"row-23\">\n\t<td class=\"column-1\">16384001<\/td><td class=\"column-2\">Internal Gear<\/td><td class=\"column-3\">Standard<\/td><td class=\"column-4\">187.402\"<\/td><td class=\"column-5\">162.992\"<\/td><td class=\"column-6\">9.252\"<\/td><td class=\"column-7\">7.48\"<\/td><td class=\"column-8\">7.48\"<\/td><td class=\"column-9\">175.158\"<\/td><td class=\"column-10\">175.591\"<\/td><td class=\"column-11\">-<\/td><td class=\"column-12\">-<\/td><td class=\"column-13\">28772000 ft-lbs<\/td>\n<\/tr>\n<tr class=\"row-24\">\n\t<td class=\"column-1\">16387001<\/td><td class=\"column-2\">Without Gear<\/td><td class=\"column-3\">Standard<\/td><td class=\"column-4\">207.48\"<\/td><td class=\"column-5\">187.795\"<\/td><td class=\"column-6\">8.819\"<\/td><td class=\"column-7\">8.425\"<\/td><td class=\"column-8\">8.425\"<\/td><td class=\"column-9\">198.622\"<\/td><td class=\"column-10\">199.055\"<\/td><td class=\"column-11\">-<\/td><td class=\"column-12\">-<\/td><td class=\"column-13\">32339000 ft-lbs<\/td>\n<\/tr>\n<tr class=\"row-25\">\n\t<td class=\"column-1\">16373001<\/td><td class=\"column-2\">External Gear<\/td><td class=\"column-3\">Standard<\/td><td class=\"column-4\">210.968\"<\/td><td class=\"column-5\">187.795\"<\/td><td class=\"column-6\">8.819\"<\/td><td class=\"column-7\">8.425\"<\/td><td class=\"column-8\">8.425\"<\/td><td class=\"column-9\">198.622\"<\/td><td class=\"column-10\">199.055\"<\/td><td class=\"column-11\">207.48\"<\/td><td class=\"column-12\">-<\/td><td class=\"column-13\">32339000 ft-lbs<\/td>\n<\/tr>\n<tr class=\"row-26\">\n\t<td class=\"column-1\">16385001<\/td><td class=\"column-2\">Internal Gear<\/td><td class=\"column-3\">Standard<\/td><td class=\"column-4\">228\"<\/td><td class=\"column-5\">198\"<\/td><td class=\"column-6\">11.75\"<\/td><td class=\"column-7\">9.25\"<\/td><td class=\"column-8\">9.25\"<\/td><td class=\"column-9\">213.63\"<\/td><td class=\"column-10\">214.13\"<\/td><td class=\"column-11\">-<\/td><td class=\"column-12\">-<\/td><td class=\"column-13\">43823000 ft-lbs<\/td>\n<\/tr>\n<tr class=\"row-27\">\n\t<td class=\"column-1\">16388001<\/td><td class=\"column-2\">External Gear<\/td><td class=\"column-3\">Standard<\/td><td class=\"column-4\">233\"<\/td><td class=\"column-5\">203\"<\/td><td class=\"column-6\">11.75\"<\/td><td class=\"column-7\">11.25\"<\/td><td class=\"column-8\">11.25\"<\/td><td class=\"column-9\">216.88\"<\/td><td class=\"column-10\">217.38\"<\/td><td class=\"column-11\">228\"<\/td><td class=\"column-12\">-<\/td><td class=\"column-13\">43823000 ft-lbs<\/td>\n<\/tr>\n<tr class=\"row-28\">\n\t<td class=\"column-1\">16366001<\/td><td class=\"column-2\">Without Gear<\/td><td class=\"column-3\">Standard<\/td><td class=\"column-4\">236.22\"<\/td><td class=\"column-5\">210.236\"<\/td><td class=\"column-6\">12.205\"<\/td><td class=\"column-7\">11.811\"<\/td><td class=\"column-8\">11.811\"<\/td><td class=\"column-9\">225.433\"<\/td><td class=\"column-10\">224.409\"<\/td><td class=\"column-11\">-<\/td><td class=\"column-12\">-<\/td><td class=\"column-13\">49976000 ft-lbs<\/td>\n<\/tr>\n<\/tbody>\n<\/table>\n<!-- #tablepress-108 from cache -->\n<form id=\"forminator-module-1933\" class=\"forminator-custom-form forminator-custom-form-1933\" method=\"post\" data-forminator-render=\"0\" data-uid=\"69c222084d0d5\"><div role=\"alert\" aria-live=\"polite\" class=\"forminator-response-message forminator-error\" aria-hidden=\"true\"><\/div><\/form>\n<\/div>\n<\/div>\n<\/div>\n<\/div>\n<\/div>\n<\/div>\n","protected":false},"excerpt":{"rendered":"<p>Esses rolamentos s\u00e3o normalmente usados em m\u00e1quinas pesadas, como guindastes e escavadeiras, bem como em equipamentos rob\u00f3ticos, aeroespaciais, militares e m\u00e9dicos. O rolamento de coroa de orienta\u00e7\u00e3o de rolos cruzados de tr\u00eas carreiras Kaydon proporciona fiabilidade, precis\u00e3o e elevado desempenho, tornando-o uma excelente escolha para aplica\u00e7\u00f5es exigentes e de carga elevada que requerem uma rota\u00e7\u00e3o exacta e durabilidade. <\/p>\n","protected":false},"featured_media":10745,"comment_status":"open","ping_status":"closed","template":"","meta":{"content-type":""},"product_cat":[370,356],"product_tag":[509],"class_list":{"0":"post-11526","1":"product","2":"type-product","3":"status-publish","4":"has-post-thumbnail","6":"product_cat-kaydon-slewing-bearing-pt-pt","7":"product_cat-oemodm-pt-pt","8":"product_tag-three-row-cross-roller-slewing-ring-bearing-pt-pt","10":"first","11":"instock","12":"shipping-taxable","13":"product-type-simple"},"yoast_head":"<!-- This site is optimized with the Yoast SEO plugin v21.7 - https:\/\/yoast.com\/wordpress\/plugins\/seo\/ -->\n<title>ZZ Group<\/title>\n<meta name=\"description\" content=\"Rolamento de anel girat\u00f3rio de rolos cruzados de tr\u00eas carreiras Tr\u00eas carreiras de rolamentos de rolos, incluindo: engrenagem interna, com engrenagem externa e engrenagem externa.\" \/>\n<meta name=\"robots\" content=\"index, follow, max-snippet:-1, max-image-preview:large, max-video-preview:-1\" \/>\n<link rel=\"canonical\" href=\"https:\/\/slewingbearings.com\/product\/kaydon-three-row-cross-roller-slewing-ring-bearing\/\" \/>\n<meta property=\"og:locale\" content=\"pt_PT\" \/>\n<meta property=\"og:type\" content=\"article\" \/>\n<meta property=\"og:description\" content=\"Rolamento de anel girat\u00f3rio de rolos cruzados de tr\u00eas carreiras Tr\u00eas carreiras de rolamentos de rolos, incluindo: engrenagem interna, com engrenagem externa e engrenagem externa.\" \/>\n<meta property=\"og:url\" content=\"https:\/\/slewingbearings.com\/product\/kaydon-three-row-cross-roller-slewing-ring-bearing\/\" \/>\n<meta property=\"og:site_name\" content=\"ZZ Group\" \/>\n<meta property=\"og:image\" content=\"https:\/\/slewingbearings.com\/wp-content\/uploads\/2025\/01\/KAYDON-Three-Row-Cross-Roller-Slewing-Ring-Bearing.webp\" \/>\n\t<meta property=\"og:image:width\" content=\"579\" \/>\n\t<meta property=\"og:image:height\" content=\"431\" \/>\n\t<meta property=\"og:image:type\" content=\"image\/webp\" \/>\n<meta name=\"twitter:card\" content=\"summary_large_image\" \/>\n<meta name=\"twitter:label1\" content=\"Tempo estimado de leitura\" \/>\n\t<meta name=\"twitter:data1\" content=\"1 minuto\" \/>\n<script type=\"application\/ld+json\" class=\"yoast-schema-graph\">{\"@context\":\"https:\/\/schema.org\",\"@graph\":[{\"@type\":\"WebPage\",\"@id\":\"https:\/\/slewingbearings.com\/product\/kaydon-three-row-cross-roller-slewing-ring-bearing\/\",\"url\":\"https:\/\/slewingbearings.com\/product\/kaydon-three-row-cross-roller-slewing-ring-bearing\/\",\"name\":\"\",\"isPartOf\":{\"@id\":\"https:\/\/slewingbearings.com\/#website\"},\"datePublished\":\"2025-01-21T08:53:20+00:00\",\"dateModified\":\"2025-01-21T08:53:20+00:00\",\"description\":\"Rolamento de anel girat\u00f3rio de rolos cruzados de tr\u00eas carreiras Tr\u00eas carreiras de rolamentos de rolos, incluindo: engrenagem interna, com engrenagem externa e engrenagem externa.\",\"breadcrumb\":{\"@id\":\"https:\/\/slewingbearings.com\/product\/kaydon-three-row-cross-roller-slewing-ring-bearing\/#breadcrumb\"},\"inLanguage\":\"pt-PT\",\"potentialAction\":[{\"@type\":\"ReadAction\",\"target\":[\"https:\/\/slewingbearings.com\/product\/kaydon-three-row-cross-roller-slewing-ring-bearing\/\"]}]},{\"@type\":\"BreadcrumbList\",\"@id\":\"https:\/\/slewingbearings.com\/product\/kaydon-three-row-cross-roller-slewing-ring-bearing\/#breadcrumb\",\"itemListElement\":[{\"@type\":\"ListItem\",\"position\":1,\"name\":\"Home\",\"item\":\"https:\/\/slewingbearings.com\/pt-pt\/rolamento-de-giro-acionamento-de-giro\/\"},{\"@type\":\"ListItem\",\"position\":2,\"name\":\"Shop\",\"item\":\"https:\/\/slewingbearings.com\/shop\/\"},{\"@type\":\"ListItem\",\"position\":3,\"name\":\"Rolamento de anel girat\u00f3rio de rolos cruzados de tr\u00eas carreiras KAYDON\"}]},{\"@type\":\"WebSite\",\"@id\":\"https:\/\/slewingbearings.com\/#website\",\"url\":\"https:\/\/slewingbearings.com\/\",\"name\":\"ZZ Group\",\"description\":\"Leading Slewing Bearings in China\",\"potentialAction\":[{\"@type\":\"SearchAction\",\"target\":{\"@type\":\"EntryPoint\",\"urlTemplate\":\"https:\/\/slewingbearings.com\/?s={search_term_string}\"},\"query-input\":\"required name=search_term_string\"}],\"inLanguage\":\"pt-PT\"}]}<\/script>\n<!-- \/ Yoast SEO plugin. -->","yoast_head_json":{"title":"ZZ Group","description":"Rolamento de anel girat\u00f3rio de rolos cruzados de tr\u00eas carreiras Tr\u00eas carreiras de rolamentos de rolos, incluindo: engrenagem interna, com engrenagem externa e engrenagem externa.","robots":{"index":"index","follow":"follow","max-snippet":"max-snippet:-1","max-image-preview":"max-image-preview:large","max-video-preview":"max-video-preview:-1"},"canonical":"https:\/\/slewingbearings.com\/product\/kaydon-three-row-cross-roller-slewing-ring-bearing\/","og_locale":"pt_PT","og_type":"article","og_description":"Rolamento de anel girat\u00f3rio de rolos cruzados de tr\u00eas carreiras Tr\u00eas carreiras de rolamentos de rolos, incluindo: engrenagem interna, com engrenagem externa e engrenagem externa.","og_url":"https:\/\/slewingbearings.com\/product\/kaydon-three-row-cross-roller-slewing-ring-bearing\/","og_site_name":"ZZ Group","og_image":[{"width":579,"height":431,"url":"https:\/\/slewingbearings.com\/wp-content\/uploads\/2025\/01\/KAYDON-Three-Row-Cross-Roller-Slewing-Ring-Bearing.webp","type":"image\/webp"}],"twitter_card":"summary_large_image","twitter_misc":{"Tempo estimado de leitura":"1 minuto"},"schema":{"@context":"https:\/\/schema.org","@graph":[{"@type":"WebPage","@id":"https:\/\/slewingbearings.com\/product\/kaydon-three-row-cross-roller-slewing-ring-bearing\/","url":"https:\/\/slewingbearings.com\/product\/kaydon-three-row-cross-roller-slewing-ring-bearing\/","name":"","isPartOf":{"@id":"https:\/\/slewingbearings.com\/#website"},"datePublished":"2025-01-21T08:53:20+00:00","dateModified":"2025-01-21T08:53:20+00:00","description":"Rolamento de anel girat\u00f3rio de rolos cruzados de tr\u00eas carreiras Tr\u00eas carreiras de rolamentos de rolos, incluindo: engrenagem interna, com engrenagem externa e engrenagem externa.","breadcrumb":{"@id":"https:\/\/slewingbearings.com\/product\/kaydon-three-row-cross-roller-slewing-ring-bearing\/#breadcrumb"},"inLanguage":"pt-PT","potentialAction":[{"@type":"ReadAction","target":["https:\/\/slewingbearings.com\/product\/kaydon-three-row-cross-roller-slewing-ring-bearing\/"]}]},{"@type":"BreadcrumbList","@id":"https:\/\/slewingbearings.com\/product\/kaydon-three-row-cross-roller-slewing-ring-bearing\/#breadcrumb","itemListElement":[{"@type":"ListItem","position":1,"name":"Home","item":"https:\/\/slewingbearings.com\/pt-pt\/rolamento-de-giro-acionamento-de-giro\/"},{"@type":"ListItem","position":2,"name":"Shop","item":"https:\/\/slewingbearings.com\/shop\/"},{"@type":"ListItem","position":3,"name":"Rolamento de anel girat\u00f3rio de rolos cruzados de tr\u00eas carreiras KAYDON"}]},{"@type":"WebSite","@id":"https:\/\/slewingbearings.com\/#website","url":"https:\/\/slewingbearings.com\/","name":"ZZ Group","description":"Leading Slewing Bearings in China","potentialAction":[{"@type":"SearchAction","target":{"@type":"EntryPoint","urlTemplate":"https:\/\/slewingbearings.com\/?s={search_term_string}"},"query-input":"required name=search_term_string"}],"inLanguage":"pt-PT"}]}},"_links":{"self":[{"href":"https:\/\/slewingbearings.com\/pt-pt\/wp-json\/wp\/v2\/product\/11526","targetHints":{"allow":["GET"]}}],"collection":[{"href":"https:\/\/slewingbearings.com\/pt-pt\/wp-json\/wp\/v2\/product"}],"about":[{"href":"https:\/\/slewingbearings.com\/pt-pt\/wp-json\/wp\/v2\/types\/product"}],"replies":[{"embeddable":true,"href":"https:\/\/slewingbearings.com\/pt-pt\/wp-json\/wp\/v2\/comments?post=11526"}],"wp:featuredmedia":[{"embeddable":true,"href":"https:\/\/slewingbearings.com\/pt-pt\/wp-json\/wp\/v2\/media\/10745"}],"wp:attachment":[{"href":"https:\/\/slewingbearings.com\/pt-pt\/wp-json\/wp\/v2\/media?parent=11526"}],"wp:term":[{"taxonomy":"product_cat","embeddable":true,"href":"https:\/\/slewingbearings.com\/pt-pt\/wp-json\/wp\/v2\/product_cat?post=11526"},{"taxonomy":"product_tag","embeddable":true,"href":"https:\/\/slewingbearings.com\/pt-pt\/wp-json\/wp\/v2\/product_tag?post=11526"}],"curies":[{"name":"wp","href":"https:\/\/api.w.org\/{rel}","templated":true}]}}