{"id":12221,"date":"2025-08-18T03:33:31","date_gmt":"2025-08-18T03:33:31","guid":{"rendered":"https:\/\/slewingbearings.com\/product\/zz-doppio-riga-sfera-tre-riga-rullo-girevole-cuscinetti\/"},"modified":"2025-08-18T03:33:31","modified_gmt":"2025-08-18T03:33:31","slug":"zz-doppio-riga-sfera-tre-riga-rullo-girevole-cuscinetti","status":"publish","type":"product","link":"https:\/\/slewingbearings.com\/it\/product\/zz-doppio-riga-sfera-tre-riga-rullo-girevole-cuscinetti\/","title":{"rendered":"ZZ Doppio Riga Sfera &amp; Tre Riga Rullo Girevole Cuscinetti"},"content":{"rendered":"<p>I <strong><a href=\"https:\/\/slewingbearings.com\/product\/double-volley-ball-slewing-bearing\/\">cuscinetti a doppia corona<\/a><\/strong> di <strong><a href=\"https:\/\/slewingbearings.com\/product\/three-rows-of-roller-slewing-bearings\/\">sfere e i cuscinetti orientabili <\/a><\/strong>a rulli a tre corone di ZZ offrono prestazioni affidabili per macchinari industriali e da costruzione pesanti. Gli ingegneri utilizzano questi cuscinetti in escavatori, gru, pompe per calcestruzzo e piattaforme di lavoro aeree. Garantiscono una rotazione fluida sostenendo carichi elevati.  <\/p>\n<p>I cuscinetti orientabili a doppia corona di sfere utilizzano due corone di sfere ad alta resistenza su piste di rotolamento lavorate con precisione. Questo design gestisce in modo efficiente sia i carichi assiali che quelli radiali. Inoltre, garantisce una rotazione stabile per piattaforme girevoli, piattaforme e tavole rotanti. I cuscinetti a rulli a tre corone sono dotati di tre corone di rulli. Distribuiscono uniformemente i carichi radiali, assiali e i momenti ribaltanti. Di conseguenza, questi cuscinetti eccellono nelle applicazioni pi\u00f9 impegnative.     <\/p>\n<p>ZZ costruisce ogni cuscinetto utilizzando acciaio temprato di alta qualit\u00e0. Gli ingegneri applicano un trattamento termico avanzato per migliorare la resistenza all&#8217;usura. I cuscinetti includono anche guarnizioni che impediscono l&#8217;ingresso di polvere, sporco e umidit\u00e0. Queste caratteristiche riducono le esigenze di manutenzione e prolungano la durata di servizio. Inoltre, ZZ offre diverse dimensioni e specifiche. Questa flessibilit\u00e0 si adatta a un&#8217;ampia gamma di macchinari, dai piccoli escavatori alle grandi gru.     <\/p>\n<p>I clienti si affidano su ZZ perch\u00e9 grazie al suo impegno verso la qualit\u00e0 e la precisione. Ogni cuscinetto viene sottoposto a severi test per garantire le prestazioni in condizioni dinamiche e carichi pesanti carichi. Pertanto, gli operatori sperimentano una rotazione fluida rotation, maggiore efficienza, e minori tempi di fermo. In oltre, il robusto design e la precisa ingegneria garantiscono una lunga durata.   <\/p>\n<p>I cuscinetti orientabili ZZ combinano affidabilit\u00e0 e sicurezza. Ad esempio, sulle gru e sulle pompe per calcestruzzo, questi cuscinetti mantengono la stabilit\u00e0 durante il funzionamento. Migliorano inoltre la produttivit\u00e0 delle macchine, sopportando carichi estremi senza guasti. In breve, scegliere i cuscinetti ZZ garantisce un funzionamento efficiente dei vostri macchinari. Gli operatori beneficiano di una manutenzione ridotta, una maggiore sicurezza e prestazioni migliorate.    <\/p>\n<p>Per riassumere, ZZ doppia fila palla e tre file rulli girevoli cuscinetti offrono prestazioni eccellenti nei macchinari di ingegneria. Essi supportano carichi pesanti carichi, ruotano senza intoppi, e durano pi\u00f9 a lungo. Con ZZ, i produttori e gli operatori ottengono cuscinetti di alta qualit\u00e0 che ottimizzano l&#8217;efficienza operativa, la stabilit\u00e0, e la sicurezza.  <\/p>\n","protected":false},"excerpt":{"rendered":"<p>I cuscinetti orientabili a doppia corona di sfere ZZ e i cuscinetti orientabili a tre corone di rulli sono progettati per applicazioni pesanti nel settore delle macchine edili e industriali. I cuscinetti a doppia corona di sfere sono dotati di anelli in acciaio lavorati con precisione e sfere ad alta resistenza, offrendo una capacit\u00e0 di carico assiale e radiale superiore per tavole rotanti, piattaforme girevoli e piattaforme. I cuscinetti orientabili a rulli a tre corone integrano tre corone di rulli, supportando in modo efficiente carichi combinati radiali, assiali e momenti ribaltanti in ambienti difficili. Entrambi i tipi di cuscinetti sono progettati per escavatori, gru, pompe per calcestruzzo, piattaforme di lavoro aeree e altri macchinari di ingegneria, garantendo una rotazione fluida, un&#8217;elevata durata e una manutenzione ridotta.   <\/p>\n","protected":false},"featured_media":12190,"comment_status":"open","ping_status":"closed","template":"","meta":{"content-type":""},"product_cat":[348,340],"product_tag":[1020,1019,1021],"class_list":{"0":"post-12221","1":"product","2":"type-product","3":"status-publish","4":"has-post-thumbnail","6":"product_cat-oem-series-it","7":"product_cat-slewing-bearing-it","8":"product_tag-cuscinetti-per-macchinari-pesanti","9":"product_tag-cuscinetto-a-rulli-a-tre-file","10":"product_tag-gru-rotante-cuscinetto","12":"first","13":"instock","14":"shipping-taxable","15":"product-type-simple"},"yoast_head":"<!-- This site is optimized with the Yoast SEO plugin v21.7 - https:\/\/yoast.com\/wordpress\/plugins\/seo\/ -->\n<title>ZZ Doppio Riga Sfera &amp; Tre Riga Rullo Girevole Cuscinetti<\/title>\n<meta name=\"description\" content=\"I cuscinetti orientabili a doppia corona di sfere e a tre corone di rulli ZZ offrono un&#039;elevata capacit\u00e0 di carico, una rotazione fluida e prestazioni di lunga durata per escavatori,\" \/>\n<meta name=\"robots\" content=\"index, follow, max-snippet:-1, max-image-preview:large, max-video-preview:-1\" \/>\n<link rel=\"canonical\" href=\"https:\/\/slewingbearings.com\/it\/product\/zz-doppio-riga-sfera-tre-riga-rullo-girevole-cuscinetti\/\" \/>\n<meta property=\"og:locale\" content=\"it_IT\" \/>\n<meta property=\"og:type\" content=\"article\" \/>\n<meta property=\"og:title\" content=\"ZZ Doppio Riga Sfera &amp; Tre Riga Rullo Girevole Cuscinetti\" \/>\n<meta property=\"og:description\" content=\"I cuscinetti orientabili a doppia corona di sfere e a tre corone di rulli ZZ offrono un&#039;elevata capacit\u00e0 di carico, una rotazione fluida e prestazioni di lunga durata per escavatori,\" \/>\n<meta property=\"og:url\" content=\"https:\/\/slewingbearings.com\/it\/product\/zz-doppio-riga-sfera-tre-riga-rullo-girevole-cuscinetti\/\" \/>\n<meta property=\"og:site_name\" content=\"ZZ Group\" \/>\n<meta property=\"og:image\" content=\"https:\/\/slewingbearings.com\/wp-content\/uploads\/2025\/08\/ZZ-Slewing-Bearing.webp\" \/>\n\t<meta property=\"og:image:width\" content=\"950\" \/>\n\t<meta property=\"og:image:height\" content=\"950\" \/>\n\t<meta property=\"og:image:type\" content=\"image\/webp\" \/>\n<meta name=\"twitter:card\" content=\"summary_large_image\" \/>\n<meta name=\"twitter:label1\" content=\"Tempo di lettura stimato\" \/>\n\t<meta name=\"twitter:data1\" content=\"2 minuti\" \/>\n<script type=\"application\/ld+json\" class=\"yoast-schema-graph\">{\"@context\":\"https:\/\/schema.org\",\"@graph\":[{\"@type\":\"WebPage\",\"@id\":\"https:\/\/slewingbearings.com\/it\/product\/zz-doppio-riga-sfera-tre-riga-rullo-girevole-cuscinetti\/\",\"url\":\"https:\/\/slewingbearings.com\/it\/product\/zz-doppio-riga-sfera-tre-riga-rullo-girevole-cuscinetti\/\",\"name\":\"ZZ Doppio Riga Sfera &amp; Tre Riga Rullo Girevole Cuscinetti\",\"isPartOf\":{\"@id\":\"https:\/\/slewingbearings.com\/#website\"},\"datePublished\":\"2025-08-18T03:33:31+00:00\",\"dateModified\":\"2025-08-18T03:33:31+00:00\",\"description\":\"I cuscinetti orientabili a doppia corona di sfere e a tre corone di rulli ZZ offrono un'elevata capacit\u00e0 di carico, una rotazione fluida e prestazioni di lunga durata per escavatori,\",\"breadcrumb\":{\"@id\":\"https:\/\/slewingbearings.com\/it\/product\/zz-doppio-riga-sfera-tre-riga-rullo-girevole-cuscinetti\/#breadcrumb\"},\"inLanguage\":\"it-IT\",\"potentialAction\":[{\"@type\":\"ReadAction\",\"target\":[\"https:\/\/slewingbearings.com\/it\/product\/zz-doppio-riga-sfera-tre-riga-rullo-girevole-cuscinetti\/\"]}]},{\"@type\":\"BreadcrumbList\",\"@id\":\"https:\/\/slewingbearings.com\/it\/product\/zz-doppio-riga-sfera-tre-riga-rullo-girevole-cuscinetti\/#breadcrumb\",\"itemListElement\":[{\"@type\":\"ListItem\",\"position\":1,\"name\":\"Home\",\"item\":\"https:\/\/slewingbearings.com\/it\/cuscinettodi-rotazione-trasmissione-di-rotazione\/\"},{\"@type\":\"ListItem\",\"position\":2,\"name\":\"Shop\",\"item\":\"https:\/\/slewingbearings.com\/shop\/\"},{\"@type\":\"ListItem\",\"position\":3,\"name\":\"ZZ Doppio Riga Sfera &amp; Tre Riga Rullo Girevole Cuscinetti\"}]},{\"@type\":\"WebSite\",\"@id\":\"https:\/\/slewingbearings.com\/#website\",\"url\":\"https:\/\/slewingbearings.com\/\",\"name\":\"ZZ Group\",\"description\":\"Leading Slewing Bearings in China\",\"potentialAction\":[{\"@type\":\"SearchAction\",\"target\":{\"@type\":\"EntryPoint\",\"urlTemplate\":\"https:\/\/slewingbearings.com\/?s={search_term_string}\"},\"query-input\":\"required name=search_term_string\"}],\"inLanguage\":\"it-IT\"}]}<\/script>\n<!-- \/ Yoast SEO plugin. -->","yoast_head_json":{"title":"ZZ Doppio Riga Sfera &amp; Tre Riga Rullo Girevole Cuscinetti","description":"I cuscinetti orientabili a doppia corona di sfere e a tre corone di rulli ZZ offrono un'elevata capacit\u00e0 di carico, una rotazione fluida e prestazioni di lunga durata per escavatori,","robots":{"index":"index","follow":"follow","max-snippet":"max-snippet:-1","max-image-preview":"max-image-preview:large","max-video-preview":"max-video-preview:-1"},"canonical":"https:\/\/slewingbearings.com\/it\/product\/zz-doppio-riga-sfera-tre-riga-rullo-girevole-cuscinetti\/","og_locale":"it_IT","og_type":"article","og_title":"ZZ Doppio Riga Sfera &amp; Tre Riga Rullo Girevole Cuscinetti","og_description":"I cuscinetti orientabili a doppia corona di sfere e a tre corone di rulli ZZ offrono un'elevata capacit\u00e0 di carico, una rotazione fluida e prestazioni di lunga durata per escavatori,","og_url":"https:\/\/slewingbearings.com\/it\/product\/zz-doppio-riga-sfera-tre-riga-rullo-girevole-cuscinetti\/","og_site_name":"ZZ Group","og_image":[{"width":950,"height":950,"url":"https:\/\/slewingbearings.com\/wp-content\/uploads\/2025\/08\/ZZ-Slewing-Bearing.webp","type":"image\/webp"}],"twitter_card":"summary_large_image","twitter_misc":{"Tempo di lettura stimato":"2 minuti"},"schema":{"@context":"https:\/\/schema.org","@graph":[{"@type":"WebPage","@id":"https:\/\/slewingbearings.com\/it\/product\/zz-doppio-riga-sfera-tre-riga-rullo-girevole-cuscinetti\/","url":"https:\/\/slewingbearings.com\/it\/product\/zz-doppio-riga-sfera-tre-riga-rullo-girevole-cuscinetti\/","name":"ZZ Doppio Riga Sfera &amp; Tre Riga Rullo Girevole Cuscinetti","isPartOf":{"@id":"https:\/\/slewingbearings.com\/#website"},"datePublished":"2025-08-18T03:33:31+00:00","dateModified":"2025-08-18T03:33:31+00:00","description":"I cuscinetti orientabili a doppia corona di sfere e a tre corone di rulli ZZ offrono un'elevata capacit\u00e0 di carico, una rotazione fluida e prestazioni di lunga durata per escavatori,","breadcrumb":{"@id":"https:\/\/slewingbearings.com\/it\/product\/zz-doppio-riga-sfera-tre-riga-rullo-girevole-cuscinetti\/#breadcrumb"},"inLanguage":"it-IT","potentialAction":[{"@type":"ReadAction","target":["https:\/\/slewingbearings.com\/it\/product\/zz-doppio-riga-sfera-tre-riga-rullo-girevole-cuscinetti\/"]}]},{"@type":"BreadcrumbList","@id":"https:\/\/slewingbearings.com\/it\/product\/zz-doppio-riga-sfera-tre-riga-rullo-girevole-cuscinetti\/#breadcrumb","itemListElement":[{"@type":"ListItem","position":1,"name":"Home","item":"https:\/\/slewingbearings.com\/it\/cuscinettodi-rotazione-trasmissione-di-rotazione\/"},{"@type":"ListItem","position":2,"name":"Shop","item":"https:\/\/slewingbearings.com\/shop\/"},{"@type":"ListItem","position":3,"name":"ZZ Doppio Riga Sfera &amp; Tre Riga Rullo Girevole Cuscinetti"}]},{"@type":"WebSite","@id":"https:\/\/slewingbearings.com\/#website","url":"https:\/\/slewingbearings.com\/","name":"ZZ Group","description":"Leading Slewing Bearings in China","potentialAction":[{"@type":"SearchAction","target":{"@type":"EntryPoint","urlTemplate":"https:\/\/slewingbearings.com\/?s={search_term_string}"},"query-input":"required name=search_term_string"}],"inLanguage":"it-IT"}]}},"_links":{"self":[{"href":"https:\/\/slewingbearings.com\/it\/wp-json\/wp\/v2\/product\/12221","targetHints":{"allow":["GET"]}}],"collection":[{"href":"https:\/\/slewingbearings.com\/it\/wp-json\/wp\/v2\/product"}],"about":[{"href":"https:\/\/slewingbearings.com\/it\/wp-json\/wp\/v2\/types\/product"}],"replies":[{"embeddable":true,"href":"https:\/\/slewingbearings.com\/it\/wp-json\/wp\/v2\/comments?post=12221"}],"wp:featuredmedia":[{"embeddable":true,"href":"https:\/\/slewingbearings.com\/it\/wp-json\/wp\/v2\/media\/12190"}],"wp:attachment":[{"href":"https:\/\/slewingbearings.com\/it\/wp-json\/wp\/v2\/media?parent=12221"}],"wp:term":[{"taxonomy":"product_cat","embeddable":true,"href":"https:\/\/slewingbearings.com\/it\/wp-json\/wp\/v2\/product_cat?post=12221"},{"taxonomy":"product_tag","embeddable":true,"href":"https:\/\/slewingbearings.com\/it\/wp-json\/wp\/v2\/product_tag?post=12221"}],"curies":[{"name":"wp","href":"https:\/\/api.w.org\/{rel}","templated":true}]}}