{"id":11970,"date":"2024-01-21T03:42:56","date_gmt":"2024-01-21T03:42:56","guid":{"rendered":"https:\/\/slewingbearings.com\/product\/ve-6-trasmissione-a-vortice\/"},"modified":"2024-01-21T03:42:56","modified_gmt":"2024-01-21T03:42:56","slug":"ve-6-trasmissione-a-vortice","status":"publish","type":"product","link":"https:\/\/slewingbearings.com\/it\/product\/ve-6-trasmissione-a-vortice\/","title":{"rendered":"VE-6 Trasmissione a vortice"},"content":{"rendered":"<p>In termini di caratteristiche, il sistema di rotazione verticale della serie VE6 presenta diverse caratteristiche degne di nota:<\/p>\n<p>La caratteristica principale \u00e8 la funzione di rotazione verticale. Questa permette al dispositivo di ruotare in modo flessibile sul piano verticale, fornendo soluzioni per una variet\u00e0 di compiti di lavoro in verticale. <\/p>\n<p>In secondo luogo, il sistema di rotazione verticale aiuta a sfruttare meglio lo spazio. In ambienti molto ristretti o con spazi limitati, l &#8216;applicazione di questi sistemi pu\u00f2 funzionare in modo pi\u00f9 efficiente. Ad esempio, nei cantieri edili o nei laboratori di ricerca scientifica delle citt\u00e0, i sistemi di trasmissione verticale possono adattarsi meglio a spazi limitati.  <\/p>\n<p>In secondo luogo, questo tipo di sistema di azionamento presenta solitamente un&#8217;elevata precisione di posizionamento. L &#8216;apparecchiatura meccanica pu\u00f2 rimanere accuratamente nella posizione richiesta attraverso la rotazione verticale, supportando cos\u00ec compiti di lavoro fini e di alta precisione. <\/p>\n<p>Inoltre, il sistema di trasmissione verticale ha anche le caratteristiche di regolazione multi-angolo. L&#8217;apparecchiatura pu\u00f2 essere regolata con diverse angolazioni in direzione verticale per adattarsi a diverse esigenze e ambienti di lavoro. <\/p>\n<p>Nel complesso, il sistema di trasmissione verticale fornisce soluzioni uniche per l&#8217;inseguimento solare, la generazione di energia eolica, i laboratori di ricerca scientifica e altri campi grazie alla sua esclusiva funzione di rotazione verticale.<\/p>\n\n<table id=\"tablepress-32\" class=\"tablepress tablepress-id-32\">\n<thead>\n<tr class=\"row-1\">\n\t<th class=\"column-1\">Model<\/th><th class=\"column-2\">Output Torque<\/th><th class=\"column-3\">Tilting Moment Torque<\/th><th class=\"column-4\">Holding Torque<\/th><th class=\"column-5\">Gear Ratio<\/th><th class=\"column-6\">Tracking Precision<\/th><th class=\"column-7\">Weight<\/th><th class=\"column-8\">Drawing<\/th>\n<\/tr>\n<\/thead>\n<tbody class=\"row-striping row-hover\">\n<tr class=\"row-2\">\n\t<td class=\"column-1\">VE6<\/td><td class=\"column-2\">7200 N.m<\/td><td class=\"column-3\">4200 N.m<\/td><td class=\"column-4\">25 KN.m<\/td><td class=\"column-5\">55:1<\/td><td class=\"column-6\">\u22640.3\u00b0<\/td><td class=\"column-7\">33kg<\/td><td class=\"column-8\"><a href=\"https:\/\/slewingbearings.com\/wp-content\/uploads\/2024\/01\/VE6-Slew-Drive-catalog.pdf\"><br \/>\n<img decoding=\"async\" src=\"https:\/\/slewingbearings.com\/wp-content\/uploads\/2024\/01\/pdf.png\" width=\"30\" height=\"30\"><\/a><\/td>\n<\/tr>\n<tr class=\"row-3\">\n\t<td class=\"column-1\">VE6<\/td><td class=\"column-2\">5309 lbf.ft<\/td><td class=\"column-3\">3099 lbf.ft<\/td><td class=\"column-4\">18450 lbf.ft<\/td><td class=\"column-5\">55:1<\/td><td class=\"column-6\">\u22640.3\u00b0<\/td><td class=\"column-7\">33kg<\/td><td class=\"column-8\"><a href=\"https:\/\/slewingbearings.com\/wp-content\/uploads\/2024\/01\/VE6-Slew-Drive-catalog.pdf\"><br \/>\n<img decoding=\"async\" src=\"https:\/\/slewingbearings.com\/wp-content\/uploads\/2024\/01\/pdf.png\" width=\"30\" height=\"30\"><\/a><\/td>\n<\/tr>\n<\/tbody>\n<\/table>\n<!-- #tablepress-32 from cache -->\n","protected":false},"excerpt":{"rendered":"<p>Un sistema di trasmissione verticale \u00e8 un sistema meccanico progettato per ottenere una rotazione in direzione verticale. Questa tecnologia offre soluzioni uniche per una variet\u00e0 di applicazioni industriali e scientifiche, consentendo di ruotare in modo flessibile apparecchiature o strumenti meccanici con orientamento verticale, ampliando cos\u00ec il loro campo di applicazione e la loro versatilit\u00e0. <\/p>\n<p>Nel campo dell&#8217;energia solare, i sistemi di trasmissione verticale sono ampiamente utilizzati nei sistemi di inseguimento solare. Il pannello solare \u00e8 azionato dalla rotazione verticale e pu\u00f2 muoversi verso l&#8217;alto e verso il basso seguendo la traiettoria del sole, garantendo che il pannello fotovoltaico sia sempre rivolto verso il sole. Questo design consente di catturare al massimo la radiazione solare e di migliorare l&#8217;efficienza della generazione di energia solare. Nel campo della generazione di energia eolica, alcuni generatori di turbine eoliche verticali utilizzano anche sistemi di trasmissione verticale. Questo design consente alla turbina eolica di ruotare verticalmente, adattandosi meglio ai venti in diverse direzioni e ottimizzando la cattura dell&#8217;energia eolica.    <\/p>\n","protected":false},"featured_media":6224,"comment_status":"open","ping_status":"closed","template":"","meta":{"content-type":""},"product_cat":[662,327],"product_tag":[718],"class_list":{"0":"post-11970","1":"product","2":"type-product","3":"status-publish","4":"has-post-thumbnail","6":"product_cat-trasmissione-ve","7":"product_cat-slew-drive-it","8":"product_tag-ve6-unita-di-rotazione","10":"first","11":"instock","12":"shipping-taxable","13":"product-type-simple"},"yoast_head":"<!-- This site is optimized with the Yoast SEO plugin v21.7 - https:\/\/yoast.com\/wordpress\/plugins\/seo\/ -->\n<title>VE-6 Trasmissione a vortice - ZZ Group<\/title>\n<meta name=\"description\" content=\"Il sistema di trasmissione verticale della serie VE6 \u00e8 un sistema meccanico progettato per realizzare la rotazione in direzione verticale.\" \/>\n<meta name=\"robots\" content=\"index, follow, max-snippet:-1, max-image-preview:large, max-video-preview:-1\" \/>\n<link rel=\"canonical\" href=\"https:\/\/slewingbearings.com\/it\/product\/ve-6-trasmissione-a-vortice\/\" \/>\n<meta property=\"og:locale\" content=\"it_IT\" \/>\n<meta property=\"og:type\" content=\"article\" \/>\n<meta property=\"og:title\" content=\"VE-6 Trasmissione a vortice - ZZ Group\" \/>\n<meta property=\"og:description\" content=\"Il sistema di trasmissione verticale della serie VE6 \u00e8 un sistema meccanico progettato per realizzare la rotazione in direzione verticale.\" \/>\n<meta property=\"og:url\" content=\"https:\/\/slewingbearings.com\/it\/product\/ve-6-trasmissione-a-vortice\/\" \/>\n<meta property=\"og:site_name\" content=\"ZZ Group\" \/>\n<meta property=\"og:image\" content=\"https:\/\/slewingbearings.com\/wp-content\/uploads\/2024\/01\/ve6-slew-drive.jpg\" \/>\n\t<meta property=\"og:image:width\" content=\"500\" \/>\n\t<meta property=\"og:image:height\" content=\"500\" \/>\n\t<meta property=\"og:image:type\" content=\"image\/jpeg\" \/>\n<meta name=\"twitter:card\" content=\"summary_large_image\" \/>\n<meta name=\"twitter:label1\" content=\"Tempo di lettura stimato\" \/>\n\t<meta name=\"twitter:data1\" content=\"1 minuto\" \/>\n<script type=\"application\/ld+json\" class=\"yoast-schema-graph\">{\"@context\":\"https:\/\/schema.org\",\"@graph\":[{\"@type\":\"WebPage\",\"@id\":\"https:\/\/slewingbearings.com\/it\/product\/ve-6-trasmissione-a-vortice\/\",\"url\":\"https:\/\/slewingbearings.com\/it\/product\/ve-6-trasmissione-a-vortice\/\",\"name\":\"VE-6 Trasmissione a vortice - ZZ Group\",\"isPartOf\":{\"@id\":\"https:\/\/slewingbearings.com\/#website\"},\"datePublished\":\"2024-01-21T03:42:56+00:00\",\"dateModified\":\"2024-01-21T03:42:56+00:00\",\"description\":\"Il sistema di trasmissione verticale della serie VE6 \u00e8 un sistema meccanico progettato per realizzare la rotazione in direzione verticale.\",\"breadcrumb\":{\"@id\":\"https:\/\/slewingbearings.com\/it\/product\/ve-6-trasmissione-a-vortice\/#breadcrumb\"},\"inLanguage\":\"it-IT\",\"potentialAction\":[{\"@type\":\"ReadAction\",\"target\":[\"https:\/\/slewingbearings.com\/it\/product\/ve-6-trasmissione-a-vortice\/\"]}]},{\"@type\":\"BreadcrumbList\",\"@id\":\"https:\/\/slewingbearings.com\/it\/product\/ve-6-trasmissione-a-vortice\/#breadcrumb\",\"itemListElement\":[{\"@type\":\"ListItem\",\"position\":1,\"name\":\"Home\",\"item\":\"https:\/\/slewingbearings.com\/it\/cuscinettodi-rotazione-trasmissione-di-rotazione\/\"},{\"@type\":\"ListItem\",\"position\":2,\"name\":\"Shop\",\"item\":\"https:\/\/slewingbearings.com\/shop\/\"},{\"@type\":\"ListItem\",\"position\":3,\"name\":\"VE-6 Trasmissione a vortice\"}]},{\"@type\":\"WebSite\",\"@id\":\"https:\/\/slewingbearings.com\/#website\",\"url\":\"https:\/\/slewingbearings.com\/\",\"name\":\"ZZ Group\",\"description\":\"Leading Slewing Bearings in China\",\"potentialAction\":[{\"@type\":\"SearchAction\",\"target\":{\"@type\":\"EntryPoint\",\"urlTemplate\":\"https:\/\/slewingbearings.com\/?s={search_term_string}\"},\"query-input\":\"required name=search_term_string\"}],\"inLanguage\":\"it-IT\"}]}<\/script>\n<!-- \/ Yoast SEO plugin. -->","yoast_head_json":{"title":"VE-6 Trasmissione a vortice - ZZ Group","description":"Il sistema di trasmissione verticale della serie VE6 \u00e8 un sistema meccanico progettato per realizzare la rotazione in direzione verticale.","robots":{"index":"index","follow":"follow","max-snippet":"max-snippet:-1","max-image-preview":"max-image-preview:large","max-video-preview":"max-video-preview:-1"},"canonical":"https:\/\/slewingbearings.com\/it\/product\/ve-6-trasmissione-a-vortice\/","og_locale":"it_IT","og_type":"article","og_title":"VE-6 Trasmissione a vortice - ZZ Group","og_description":"Il sistema di trasmissione verticale della serie VE6 \u00e8 un sistema meccanico progettato per realizzare la rotazione in direzione verticale.","og_url":"https:\/\/slewingbearings.com\/it\/product\/ve-6-trasmissione-a-vortice\/","og_site_name":"ZZ Group","og_image":[{"width":500,"height":500,"url":"https:\/\/slewingbearings.com\/wp-content\/uploads\/2024\/01\/ve6-slew-drive.jpg","type":"image\/jpeg"}],"twitter_card":"summary_large_image","twitter_misc":{"Tempo di lettura stimato":"1 minuto"},"schema":{"@context":"https:\/\/schema.org","@graph":[{"@type":"WebPage","@id":"https:\/\/slewingbearings.com\/it\/product\/ve-6-trasmissione-a-vortice\/","url":"https:\/\/slewingbearings.com\/it\/product\/ve-6-trasmissione-a-vortice\/","name":"VE-6 Trasmissione a vortice - ZZ Group","isPartOf":{"@id":"https:\/\/slewingbearings.com\/#website"},"datePublished":"2024-01-21T03:42:56+00:00","dateModified":"2024-01-21T03:42:56+00:00","description":"Il sistema di trasmissione verticale della serie VE6 \u00e8 un sistema meccanico progettato per realizzare la rotazione in direzione verticale.","breadcrumb":{"@id":"https:\/\/slewingbearings.com\/it\/product\/ve-6-trasmissione-a-vortice\/#breadcrumb"},"inLanguage":"it-IT","potentialAction":[{"@type":"ReadAction","target":["https:\/\/slewingbearings.com\/it\/product\/ve-6-trasmissione-a-vortice\/"]}]},{"@type":"BreadcrumbList","@id":"https:\/\/slewingbearings.com\/it\/product\/ve-6-trasmissione-a-vortice\/#breadcrumb","itemListElement":[{"@type":"ListItem","position":1,"name":"Home","item":"https:\/\/slewingbearings.com\/it\/cuscinettodi-rotazione-trasmissione-di-rotazione\/"},{"@type":"ListItem","position":2,"name":"Shop","item":"https:\/\/slewingbearings.com\/shop\/"},{"@type":"ListItem","position":3,"name":"VE-6 Trasmissione a vortice"}]},{"@type":"WebSite","@id":"https:\/\/slewingbearings.com\/#website","url":"https:\/\/slewingbearings.com\/","name":"ZZ Group","description":"Leading Slewing Bearings in China","potentialAction":[{"@type":"SearchAction","target":{"@type":"EntryPoint","urlTemplate":"https:\/\/slewingbearings.com\/?s={search_term_string}"},"query-input":"required name=search_term_string"}],"inLanguage":"it-IT"}]}},"_links":{"self":[{"href":"https:\/\/slewingbearings.com\/it\/wp-json\/wp\/v2\/product\/11970","targetHints":{"allow":["GET"]}}],"collection":[{"href":"https:\/\/slewingbearings.com\/it\/wp-json\/wp\/v2\/product"}],"about":[{"href":"https:\/\/slewingbearings.com\/it\/wp-json\/wp\/v2\/types\/product"}],"replies":[{"embeddable":true,"href":"https:\/\/slewingbearings.com\/it\/wp-json\/wp\/v2\/comments?post=11970"}],"wp:featuredmedia":[{"embeddable":true,"href":"https:\/\/slewingbearings.com\/it\/wp-json\/wp\/v2\/media\/6224"}],"wp:attachment":[{"href":"https:\/\/slewingbearings.com\/it\/wp-json\/wp\/v2\/media?parent=11970"}],"wp:term":[{"taxonomy":"product_cat","embeddable":true,"href":"https:\/\/slewingbearings.com\/it\/wp-json\/wp\/v2\/product_cat?post=11970"},{"taxonomy":"product_tag","embeddable":true,"href":"https:\/\/slewingbearings.com\/it\/wp-json\/wp\/v2\/product_tag?post=11970"}],"curies":[{"name":"wp","href":"https:\/\/api.w.org\/{rel}","templated":true}]}}