{"id":11893,"date":"2024-01-28T01:24:16","date_gmt":"2024-01-28T01:24:16","guid":{"rendered":"https:\/\/slewingbearings.com\/product\/w-12-unita-slew\/"},"modified":"2024-01-28T01:24:16","modified_gmt":"2024-01-28T01:24:16","slug":"w-12-unita-slew","status":"publish","type":"product","link":"https:\/\/slewingbearings.com\/it\/product\/w-12-unita-slew\/","title":{"rendered":"W-12 Unit\u00e0 Slew"},"content":{"rendered":"<p>Azionamento a rotazione W-12, Il sistema di azionamento a rotazione aperto \u00e8 un sistema meccanico con struttura aperta, utilizzato principalmente per ruotare attrezzature o utensili in direzione orizzontale. A differenza delle strutture chiuse, i componenti meccanici interni dei sistemi di azionamento rotante aperti sono visibili all&#8217;esterno, il che offre alcuni vantaggi unici in termini di funzionamento, manutenzione e insegnamento. <\/p>\n<p>La ralla aperta \u00e8 un sistema di trasmissione a ingranaggi aperti, che presenta caratteristiche uniche rispetto al sistema di trasmissione chiuso. In primo luogo, il design aperto offre una buona visibilit\u00e0, con gli ingranaggi interni e i componenti della trasmissione visibili all&#8217;osservatore. Ci\u00f2 consente al personale di manutenzione di controllare facilmente lo stato di funzionamento del sistema, aiuta a individuare e risolvere i problemi in modo tempestivo e migliora la convenienza della manutenzione.  <\/p>\n\n<table id=\"tablepress-39\" class=\"tablepress tablepress-id-39\">\n<thead>\n<tr class=\"row-1\">\n\t<th class=\"column-1\">Model<\/th><th class=\"column-2\">Output Torque<\/th><th class=\"column-3\">Tilting Moment Torque<\/th><th class=\"column-4\">Holding Torque<\/th><th class=\"column-5\">Gear Ratio<\/th><th class=\"column-6\">Tracking Precision<\/th><th class=\"column-7\">Weight<\/th><th class=\"column-8\">Drawing<\/th>\n<\/tr>\n<\/thead>\n<tbody class=\"row-striping row-hover\">\n<tr class=\"row-2\">\n\t<td class=\"column-1\">W12<\/td><td class=\"column-2\">9.5 KN.m<\/td><td class=\"column-3\">57 KN.m<\/td><td class=\"column-4\">43 KN.m<\/td><td class=\"column-5\">79:1<\/td><td class=\"column-6\">\u22640.15\u00b0<\/td><td class=\"column-7\">52kg<\/td><td class=\"column-8\"><a href=\"https:\/\/slewingbearings.com\/wp-content\/uploads\/2024\/01\/W12-Slew-Drive-catalog.pdf\"><br \/>\n<img decoding=\"async\" src=\"https:\/\/slewingbearings.com\/wp-content\/uploads\/2024\/01\/pdf.png\" width=\"30\" height=\"30\"><\/a><\/td>\n<\/tr>\n<tr class=\"row-3\">\n\t<td class=\"column-1\">W12<\/td><td class=\"column-2\">7011 lbf.ft<\/td><td class=\"column-3\">42.1\u00d710\u00b3 lbf.ft<\/td><td class=\"column-4\">32\u00d710\u00b3 lbf.ft<\/td><td class=\"column-5\">79:1<\/td><td class=\"column-6\">\u22640.15\u00b0<\/td><td class=\"column-7\">52kg<\/td><td class=\"column-8\"><a href=\"https:\/\/slewingbearings.com\/wp-content\/uploads\/2024\/01\/W12-Slew-Drive-catalog.pdf\"><br \/>\n<img decoding=\"async\" src=\"https:\/\/slewingbearings.com\/wp-content\/uploads\/2024\/01\/pdf.png\" width=\"30\" height=\"30\"><\/a><\/td>\n<\/tr>\n<\/tbody>\n<\/table>\n<!-- #tablepress-39 from cache -->\n","protected":false},"excerpt":{"rendered":"<p>Inoltre, i convertitori di frequenza aperti sono relativamente convenienti. La struttura relativamente semplice e i costi di produzione e installazione relativamente bassi rendono i modelli di tipo aperto pi\u00f9 competitivi in alcune applicazioni sensibili ai costi. <\/p>\n<p>Tuttavia, va notato che il design aperto pu\u00f2 essere pi\u00f9 adatto per alcune occasioni che non hanno requisiti ambientali rigorosi, perch\u00e9 \u00e8 relativamente sensibile all&#8217;ambiente esterno e pu\u00f2 essere facilmente contaminato. Quando si sceglie il tipo di attuatore, \u00e8 necessario fare dei compromessi e delle considerazioni in base agli scenari e alle esigenze applicative specifiche. <\/p>\n<p>Inoltre, i sistemi di rotazione aperti svolgono un ruolo importante anche nella ricerca e nello sviluppo. I ricercatori hanno spesso bisogno di osservare ed eseguire il debug di sistemi meccanici in tempo reale e la visibilit\u00e0 \u00e8 un fattore chiave. Il design aperto offre loro un mezzo di osservazione pi\u00f9 intuitivo, aiutandoli a identificare rapidamente i problemi e a ottimizzare il progetto.  <\/p>\n","protected":false},"featured_media":6413,"comment_status":"open","ping_status":"closed","template":"","meta":{"content-type":""},"product_cat":[569,327],"product_tag":[638],"class_list":{"0":"post-11893","1":"product","2":"type-product","3":"status-publish","4":"has-post-thumbnail","6":"product_cat-w-unita-slew","7":"product_cat-slew-drive-it","8":"product_tag-w12-trasmissione-di-rotazione","10":"first","11":"instock","12":"shipping-taxable","13":"product-type-simple"},"yoast_head":"<!-- This site is optimized with the Yoast SEO plugin v21.7 - https:\/\/yoast.com\/wordpress\/plugins\/seo\/ -->\n<title>W-12 Unit\u00e0 Slew - ZZ Group<\/title>\n<meta name=\"description\" content=\"W-12 slewing drive aperto slewy drive si riferisce di solito a un sistema di azionamento rotante a struttura aperta, che viene utilizzato per realizzare la rotazione orizzontale delle attrezzature.\" \/>\n<meta name=\"robots\" content=\"index, follow, max-snippet:-1, max-image-preview:large, max-video-preview:-1\" \/>\n<link rel=\"canonical\" href=\"https:\/\/slewingbearings.com\/it\/product\/w-12-unita-slew\/\" \/>\n<meta property=\"og:locale\" content=\"it_IT\" \/>\n<meta property=\"og:type\" content=\"article\" \/>\n<meta property=\"og:title\" content=\"W-12 Unit\u00e0 Slew - ZZ Group\" \/>\n<meta property=\"og:description\" content=\"W-12 slewing drive aperto slewy drive si riferisce di solito a un sistema di azionamento rotante a struttura aperta, che viene utilizzato per realizzare la rotazione orizzontale delle attrezzature.\" \/>\n<meta property=\"og:url\" content=\"https:\/\/slewingbearings.com\/it\/product\/w-12-unita-slew\/\" \/>\n<meta property=\"og:site_name\" content=\"ZZ Group\" \/>\n<meta property=\"og:image\" content=\"https:\/\/slewingbearings.com\/wp-content\/uploads\/2024\/01\/w12-slew-drive.jpg\" \/>\n\t<meta property=\"og:image:width\" content=\"500\" \/>\n\t<meta property=\"og:image:height\" content=\"500\" \/>\n\t<meta property=\"og:image:type\" content=\"image\/jpeg\" \/>\n<meta name=\"twitter:card\" content=\"summary_large_image\" \/>\n<meta name=\"twitter:label1\" content=\"Tempo di lettura stimato\" \/>\n\t<meta name=\"twitter:data1\" content=\"1 minuto\" \/>\n<script type=\"application\/ld+json\" class=\"yoast-schema-graph\">{\"@context\":\"https:\/\/schema.org\",\"@graph\":[{\"@type\":\"WebPage\",\"@id\":\"https:\/\/slewingbearings.com\/it\/product\/w-12-unita-slew\/\",\"url\":\"https:\/\/slewingbearings.com\/it\/product\/w-12-unita-slew\/\",\"name\":\"W-12 Unit\u00e0 Slew - ZZ Group\",\"isPartOf\":{\"@id\":\"https:\/\/slewingbearings.com\/#website\"},\"datePublished\":\"2024-01-28T01:24:16+00:00\",\"dateModified\":\"2024-01-28T01:24:16+00:00\",\"description\":\"W-12 slewing drive aperto slewy drive si riferisce di solito a un sistema di azionamento rotante a struttura aperta, che viene utilizzato per realizzare la rotazione orizzontale delle attrezzature.\",\"breadcrumb\":{\"@id\":\"https:\/\/slewingbearings.com\/it\/product\/w-12-unita-slew\/#breadcrumb\"},\"inLanguage\":\"it-IT\",\"potentialAction\":[{\"@type\":\"ReadAction\",\"target\":[\"https:\/\/slewingbearings.com\/it\/product\/w-12-unita-slew\/\"]}]},{\"@type\":\"BreadcrumbList\",\"@id\":\"https:\/\/slewingbearings.com\/it\/product\/w-12-unita-slew\/#breadcrumb\",\"itemListElement\":[{\"@type\":\"ListItem\",\"position\":1,\"name\":\"Home\",\"item\":\"https:\/\/slewingbearings.com\/it\/cuscinettodi-rotazione-trasmissione-di-rotazione\/\"},{\"@type\":\"ListItem\",\"position\":2,\"name\":\"Shop\",\"item\":\"https:\/\/slewingbearings.com\/shop\/\"},{\"@type\":\"ListItem\",\"position\":3,\"name\":\"W-12 Unit\u00e0 Slew\"}]},{\"@type\":\"WebSite\",\"@id\":\"https:\/\/slewingbearings.com\/#website\",\"url\":\"https:\/\/slewingbearings.com\/\",\"name\":\"ZZ Group\",\"description\":\"Leading Slewing Bearings in China\",\"potentialAction\":[{\"@type\":\"SearchAction\",\"target\":{\"@type\":\"EntryPoint\",\"urlTemplate\":\"https:\/\/slewingbearings.com\/?s={search_term_string}\"},\"query-input\":\"required name=search_term_string\"}],\"inLanguage\":\"it-IT\"}]}<\/script>\n<!-- \/ Yoast SEO plugin. -->","yoast_head_json":{"title":"W-12 Unit\u00e0 Slew - ZZ Group","description":"W-12 slewing drive aperto slewy drive si riferisce di solito a un sistema di azionamento rotante a struttura aperta, che viene utilizzato per realizzare la rotazione orizzontale delle attrezzature.","robots":{"index":"index","follow":"follow","max-snippet":"max-snippet:-1","max-image-preview":"max-image-preview:large","max-video-preview":"max-video-preview:-1"},"canonical":"https:\/\/slewingbearings.com\/it\/product\/w-12-unita-slew\/","og_locale":"it_IT","og_type":"article","og_title":"W-12 Unit\u00e0 Slew - ZZ Group","og_description":"W-12 slewing drive aperto slewy drive si riferisce di solito a un sistema di azionamento rotante a struttura aperta, che viene utilizzato per realizzare la rotazione orizzontale delle attrezzature.","og_url":"https:\/\/slewingbearings.com\/it\/product\/w-12-unita-slew\/","og_site_name":"ZZ Group","og_image":[{"width":500,"height":500,"url":"https:\/\/slewingbearings.com\/wp-content\/uploads\/2024\/01\/w12-slew-drive.jpg","type":"image\/jpeg"}],"twitter_card":"summary_large_image","twitter_misc":{"Tempo di lettura stimato":"1 minuto"},"schema":{"@context":"https:\/\/schema.org","@graph":[{"@type":"WebPage","@id":"https:\/\/slewingbearings.com\/it\/product\/w-12-unita-slew\/","url":"https:\/\/slewingbearings.com\/it\/product\/w-12-unita-slew\/","name":"W-12 Unit\u00e0 Slew - ZZ Group","isPartOf":{"@id":"https:\/\/slewingbearings.com\/#website"},"datePublished":"2024-01-28T01:24:16+00:00","dateModified":"2024-01-28T01:24:16+00:00","description":"W-12 slewing drive aperto slewy drive si riferisce di solito a un sistema di azionamento rotante a struttura aperta, che viene utilizzato per realizzare la rotazione orizzontale delle attrezzature.","breadcrumb":{"@id":"https:\/\/slewingbearings.com\/it\/product\/w-12-unita-slew\/#breadcrumb"},"inLanguage":"it-IT","potentialAction":[{"@type":"ReadAction","target":["https:\/\/slewingbearings.com\/it\/product\/w-12-unita-slew\/"]}]},{"@type":"BreadcrumbList","@id":"https:\/\/slewingbearings.com\/it\/product\/w-12-unita-slew\/#breadcrumb","itemListElement":[{"@type":"ListItem","position":1,"name":"Home","item":"https:\/\/slewingbearings.com\/it\/cuscinettodi-rotazione-trasmissione-di-rotazione\/"},{"@type":"ListItem","position":2,"name":"Shop","item":"https:\/\/slewingbearings.com\/shop\/"},{"@type":"ListItem","position":3,"name":"W-12 Unit\u00e0 Slew"}]},{"@type":"WebSite","@id":"https:\/\/slewingbearings.com\/#website","url":"https:\/\/slewingbearings.com\/","name":"ZZ Group","description":"Leading Slewing Bearings in China","potentialAction":[{"@type":"SearchAction","target":{"@type":"EntryPoint","urlTemplate":"https:\/\/slewingbearings.com\/?s={search_term_string}"},"query-input":"required name=search_term_string"}],"inLanguage":"it-IT"}]}},"_links":{"self":[{"href":"https:\/\/slewingbearings.com\/it\/wp-json\/wp\/v2\/product\/11893","targetHints":{"allow":["GET"]}}],"collection":[{"href":"https:\/\/slewingbearings.com\/it\/wp-json\/wp\/v2\/product"}],"about":[{"href":"https:\/\/slewingbearings.com\/it\/wp-json\/wp\/v2\/types\/product"}],"replies":[{"embeddable":true,"href":"https:\/\/slewingbearings.com\/it\/wp-json\/wp\/v2\/comments?post=11893"}],"wp:featuredmedia":[{"embeddable":true,"href":"https:\/\/slewingbearings.com\/it\/wp-json\/wp\/v2\/media\/6413"}],"wp:attachment":[{"href":"https:\/\/slewingbearings.com\/it\/wp-json\/wp\/v2\/media?parent=11893"}],"wp:term":[{"taxonomy":"product_cat","embeddable":true,"href":"https:\/\/slewingbearings.com\/it\/wp-json\/wp\/v2\/product_cat?post=11893"},{"taxonomy":"product_tag","embeddable":true,"href":"https:\/\/slewingbearings.com\/it\/wp-json\/wp\/v2\/product_tag?post=11893"}],"curies":[{"name":"wp","href":"https:\/\/api.w.org\/{rel}","templated":true}]}}