{"id":11882,"date":"2024-01-21T00:40:00","date_gmt":"2024-01-21T00:40:00","guid":{"rendered":"https:\/\/slewingbearings.com\/product\/sea-14-riduttore-di-rotazione\/"},"modified":"2024-01-21T00:40:00","modified_gmt":"2024-01-21T00:40:00","slug":"sea-14-riduttore-di-rotazione","status":"publish","type":"product","link":"https:\/\/slewingbearings.com\/it\/product\/sea-14-riduttore-di-rotazione\/","title":{"rendered":"SEA-14 Riduttore di rotazione"},"content":{"rendered":"<p>I sistemi di trasmissione a rotazione nelle macchine agricole sono spesso utilizzati per fornire la possibilit\u00e0 di ruotare le attrezzature o gli utensili in direzione orizzontale. Questo tipo di progettazione pu\u00f2 aumentare la flessibilit\u00e0 delle macchine agricole, rendendole pi\u00f9 facili da adattare a diversi ambienti di lavoro e compiti. Ecco alcune caratteristiche comuni delle trasmissioni oscillanti delle macchine agricole:  <\/p>\n<ul>\n<li>Capacit\u00e0 di rotazione a 360 gradi: Consente alle apparecchiature di ruotare completamente in orizzontale, offrendo un campo di lavoro pi\u00f9 ampio e riducendo la frequenza con cui \u00e8 necessario spostare l&#8217;intera apparecchiatura meccanica.<\/li>\n<li>Posizionamento preciso: I sistemi di azionamento rotante sono in genere progettati per posizionare con precisione le apparecchiature, consentendo agli operatori di collocare facilmente gli utensili o le attrezzature dove sono necessari.<\/li>\n<li>Maggiore efficienza: Con le macchine agricole dotate di trasmissione girevole, gli operatori possono regolare la loro posizione di lavoro pi\u00f9 rapidamente, aumentando cos\u00ec l&#8217;efficienza del lavoro.<\/li>\n<\/ul>\n\n<table id=\"tablepress-27\" class=\"tablepress tablepress-id-27\">\n<thead>\n<tr class=\"row-1\">\n\t<th class=\"column-1\">Model<\/th><th class=\"column-2\">Output Torque<\/th><th class=\"column-3\">Tilting Moment Torque<\/th><th class=\"column-4\">Holding Torque<\/th><th class=\"column-5\">Gear Ratio<\/th><th class=\"column-6\">Tracking Precision<\/th><th class=\"column-7\">Weight<\/th><th class=\"column-8\">Drawing<\/th>\n<\/tr>\n<\/thead>\n<tbody class=\"row-striping row-hover\">\n<tr class=\"row-2\">\n\t<td class=\"column-1\">SEA14<\/td><td class=\"column-2\">8 KN.m<\/td><td class=\"column-3\">67.8 KN.m<\/td><td class=\"column-4\">48 KN.m<\/td><td class=\"column-5\">85:1<\/td><td class=\"column-6\">\u22640.17\u00b0<\/td><td class=\"column-7\">64kg<\/td><td class=\"column-8\"><a href=\"https:\/\/slewingbearings.com\/wp-content\/uploads\/2024\/01\/SEA14-Slew-Drive-catalog.pdf\"><br \/>\n<img decoding=\"async\" src=\"https:\/\/slewingbearings.com\/wp-content\/uploads\/2024\/01\/pdf.png\" width=\"30\" height=\"30\"><\/a><\/td>\n<\/tr>\n<tr class=\"row-3\">\n\t<td class=\"column-1\">SEA14<\/td><td class=\"column-2\">5900 lbf.ft<\/td><td class=\"column-3\">50\u00d710\u00b3 lbf.ft<\/td><td class=\"column-4\">35\u00d710\u00b3 lbf.ft<\/td><td class=\"column-5\">85:1<\/td><td class=\"column-6\">\u22640.17\u00b0<\/td><td class=\"column-7\">64kg<\/td><td class=\"column-8\"><a href=\"https:\/\/slewingbearings.com\/wp-content\/uploads\/2024\/01\/SEA14-Slew-Drive-catalog.pdf\"><br \/>\n<img decoding=\"async\" src=\"https:\/\/slewingbearings.com\/wp-content\/uploads\/2024\/01\/pdf.png\" width=\"30\" height=\"30\"><\/a><\/td>\n<\/tr>\n<tr class=\"row-4\">\n\t<td class=\"column-1\">PEA14<\/td><td class=\"column-2\">8 KN.m<\/td><td class=\"column-3\">67.8 KN.m<\/td><td class=\"column-4\">48 KN.m<\/td><td class=\"column-5\">85:1<\/td><td class=\"column-6\">\u22640.09\u00b0<\/td><td class=\"column-7\">64kg<\/td><td class=\"column-8\"><a href=\"https:\/\/slewingbearings.com\/wp-content\/uploads\/2024\/01\/SEA14-Slew-Drive-catalog.pdf\"><br \/>\n<img decoding=\"async\" src=\"https:\/\/slewingbearings.com\/wp-content\/uploads\/2024\/01\/pdf.png\" width=\"30\" height=\"30\"><\/a><\/td>\n<\/tr>\n<tr class=\"row-5\">\n\t<td class=\"column-1\">PEA14<\/td><td class=\"column-2\">5900 lbf.ft<\/td><td class=\"column-3\">50\u00d710\u00b3 lbf.ft<\/td><td class=\"column-4\">35\u00d710\u00b3 lbf.ft<\/td><td class=\"column-5\">85:1<\/td><td class=\"column-6\">\u22640.09\u00b0<\/td><td class=\"column-7\">64kg<\/td><td class=\"column-8\"><a href=\"https:\/\/slewingbearings.com\/wp-content\/uploads\/2024\/01\/SEA14-Slew-Drive-catalog.pdf\"><br \/>\n<img decoding=\"async\" src=\"https:\/\/slewingbearings.com\/wp-content\/uploads\/2024\/01\/pdf.png\" width=\"30\" height=\"30\"><\/a><\/td>\n<\/tr>\n<\/tbody>\n<\/table>\n<!-- #tablepress-27 from cache -->\n","protected":false},"excerpt":{"rendered":"<p>La ralla della serie SEA \u00e8 un sistema meccanico chiave la cui funzione principale \u00e8 quella di consentire alle apparecchiature di ruotare di 360 gradi in direzione orizzontale. Questa tecnologia si caratterizza per l&#8217;estrema flessibilit\u00e0 e adattabilit\u00e0, consentendo a macchinari e attrezzature di adattarsi a diversi settori e ambienti di lavoro. La capacit\u00e0 di posizionamento preciso del sistema di rotazione consente all&#8217;apparecchiatura di rimanere esattamente nella posizione richiesta e di eseguire vari compiti delicati.  <\/p>\n","protected":false},"featured_media":6179,"comment_status":"open","ping_status":"closed","template":"","meta":{"content-type":""},"product_cat":[609,327],"product_tag":[627],"class_list":{"0":"post-11882","1":"product","2":"type-product","3":"status-publish","4":"has-post-thumbnail","6":"product_cat-trasmissione-a-vele-spiegate-sea-pea","7":"product_cat-slew-drive-it","8":"product_tag-mare14-ralla-di-rotazione","10":"first","11":"instock","12":"shipping-taxable","13":"product-type-simple"},"yoast_head":"<!-- This site is optimized with the Yoast SEO plugin v21.7 - https:\/\/yoast.com\/wordpress\/plugins\/seo\/ -->\n<title>SEA-14 Riduttore di rotazione - ZZ Group<\/title>\n<meta name=\"description\" content=\"Una trasmissione Sea14 \u00e8 un &#039; apparecchiatura ingegneristica solitamente progettata per far ruotare un oggetto o un sistema in direzione orizzontale o verticale.\" \/>\n<meta name=\"robots\" content=\"index, follow, max-snippet:-1, max-image-preview:large, max-video-preview:-1\" \/>\n<link rel=\"canonical\" href=\"https:\/\/slewingbearings.com\/it\/product\/sea-14-riduttore-di-rotazione\/\" \/>\n<meta property=\"og:locale\" content=\"it_IT\" \/>\n<meta property=\"og:type\" content=\"article\" \/>\n<meta property=\"og:title\" content=\"SEA-14 Riduttore di rotazione - ZZ Group\" \/>\n<meta property=\"og:description\" content=\"Una trasmissione Sea14 \u00e8 un &#039; apparecchiatura ingegneristica solitamente progettata per far ruotare un oggetto o un sistema in direzione orizzontale o verticale.\" \/>\n<meta property=\"og:url\" content=\"https:\/\/slewingbearings.com\/it\/product\/sea-14-riduttore-di-rotazione\/\" \/>\n<meta property=\"og:site_name\" content=\"ZZ Group\" \/>\n<meta property=\"og:image\" content=\"https:\/\/slewingbearings.com\/wp-content\/uploads\/2024\/01\/sea14-slew-drive.jpg\" \/>\n\t<meta property=\"og:image:width\" content=\"500\" \/>\n\t<meta property=\"og:image:height\" content=\"500\" \/>\n\t<meta property=\"og:image:type\" content=\"image\/jpeg\" \/>\n<meta name=\"twitter:card\" content=\"summary_large_image\" \/>\n<meta name=\"twitter:label1\" content=\"Tempo di lettura stimato\" \/>\n\t<meta name=\"twitter:data1\" content=\"1 minuto\" \/>\n<script type=\"application\/ld+json\" class=\"yoast-schema-graph\">{\"@context\":\"https:\/\/schema.org\",\"@graph\":[{\"@type\":\"WebPage\",\"@id\":\"https:\/\/slewingbearings.com\/it\/product\/sea-14-riduttore-di-rotazione\/\",\"url\":\"https:\/\/slewingbearings.com\/it\/product\/sea-14-riduttore-di-rotazione\/\",\"name\":\"SEA-14 Riduttore di rotazione - ZZ Group\",\"isPartOf\":{\"@id\":\"https:\/\/slewingbearings.com\/#website\"},\"datePublished\":\"2024-01-21T00:40:00+00:00\",\"dateModified\":\"2024-01-21T00:40:00+00:00\",\"description\":\"Una trasmissione Sea14 \u00e8 un ' apparecchiatura ingegneristica solitamente progettata per far ruotare un oggetto o un sistema in direzione orizzontale o verticale.\",\"breadcrumb\":{\"@id\":\"https:\/\/slewingbearings.com\/it\/product\/sea-14-riduttore-di-rotazione\/#breadcrumb\"},\"inLanguage\":\"it-IT\",\"potentialAction\":[{\"@type\":\"ReadAction\",\"target\":[\"https:\/\/slewingbearings.com\/it\/product\/sea-14-riduttore-di-rotazione\/\"]}]},{\"@type\":\"BreadcrumbList\",\"@id\":\"https:\/\/slewingbearings.com\/it\/product\/sea-14-riduttore-di-rotazione\/#breadcrumb\",\"itemListElement\":[{\"@type\":\"ListItem\",\"position\":1,\"name\":\"Home\",\"item\":\"https:\/\/slewingbearings.com\/it\/cuscinettodi-rotazione-trasmissione-di-rotazione\/\"},{\"@type\":\"ListItem\",\"position\":2,\"name\":\"Shop\",\"item\":\"https:\/\/slewingbearings.com\/shop\/\"},{\"@type\":\"ListItem\",\"position\":3,\"name\":\"SEA-14 Riduttore di rotazione\"}]},{\"@type\":\"WebSite\",\"@id\":\"https:\/\/slewingbearings.com\/#website\",\"url\":\"https:\/\/slewingbearings.com\/\",\"name\":\"ZZ Group\",\"description\":\"Leading Slewing Bearings in China\",\"potentialAction\":[{\"@type\":\"SearchAction\",\"target\":{\"@type\":\"EntryPoint\",\"urlTemplate\":\"https:\/\/slewingbearings.com\/?s={search_term_string}\"},\"query-input\":\"required name=search_term_string\"}],\"inLanguage\":\"it-IT\"}]}<\/script>\n<!-- \/ Yoast SEO plugin. -->","yoast_head_json":{"title":"SEA-14 Riduttore di rotazione - ZZ Group","description":"Una trasmissione Sea14 \u00e8 un ' apparecchiatura ingegneristica solitamente progettata per far ruotare un oggetto o un sistema in direzione orizzontale o verticale.","robots":{"index":"index","follow":"follow","max-snippet":"max-snippet:-1","max-image-preview":"max-image-preview:large","max-video-preview":"max-video-preview:-1"},"canonical":"https:\/\/slewingbearings.com\/it\/product\/sea-14-riduttore-di-rotazione\/","og_locale":"it_IT","og_type":"article","og_title":"SEA-14 Riduttore di rotazione - ZZ Group","og_description":"Una trasmissione Sea14 \u00e8 un ' apparecchiatura ingegneristica solitamente progettata per far ruotare un oggetto o un sistema in direzione orizzontale o verticale.","og_url":"https:\/\/slewingbearings.com\/it\/product\/sea-14-riduttore-di-rotazione\/","og_site_name":"ZZ Group","og_image":[{"width":500,"height":500,"url":"https:\/\/slewingbearings.com\/wp-content\/uploads\/2024\/01\/sea14-slew-drive.jpg","type":"image\/jpeg"}],"twitter_card":"summary_large_image","twitter_misc":{"Tempo di lettura stimato":"1 minuto"},"schema":{"@context":"https:\/\/schema.org","@graph":[{"@type":"WebPage","@id":"https:\/\/slewingbearings.com\/it\/product\/sea-14-riduttore-di-rotazione\/","url":"https:\/\/slewingbearings.com\/it\/product\/sea-14-riduttore-di-rotazione\/","name":"SEA-14 Riduttore di rotazione - ZZ Group","isPartOf":{"@id":"https:\/\/slewingbearings.com\/#website"},"datePublished":"2024-01-21T00:40:00+00:00","dateModified":"2024-01-21T00:40:00+00:00","description":"Una trasmissione Sea14 \u00e8 un ' apparecchiatura ingegneristica solitamente progettata per far ruotare un oggetto o un sistema in direzione orizzontale o verticale.","breadcrumb":{"@id":"https:\/\/slewingbearings.com\/it\/product\/sea-14-riduttore-di-rotazione\/#breadcrumb"},"inLanguage":"it-IT","potentialAction":[{"@type":"ReadAction","target":["https:\/\/slewingbearings.com\/it\/product\/sea-14-riduttore-di-rotazione\/"]}]},{"@type":"BreadcrumbList","@id":"https:\/\/slewingbearings.com\/it\/product\/sea-14-riduttore-di-rotazione\/#breadcrumb","itemListElement":[{"@type":"ListItem","position":1,"name":"Home","item":"https:\/\/slewingbearings.com\/it\/cuscinettodi-rotazione-trasmissione-di-rotazione\/"},{"@type":"ListItem","position":2,"name":"Shop","item":"https:\/\/slewingbearings.com\/shop\/"},{"@type":"ListItem","position":3,"name":"SEA-14 Riduttore di rotazione"}]},{"@type":"WebSite","@id":"https:\/\/slewingbearings.com\/#website","url":"https:\/\/slewingbearings.com\/","name":"ZZ Group","description":"Leading Slewing Bearings in China","potentialAction":[{"@type":"SearchAction","target":{"@type":"EntryPoint","urlTemplate":"https:\/\/slewingbearings.com\/?s={search_term_string}"},"query-input":"required name=search_term_string"}],"inLanguage":"it-IT"}]}},"_links":{"self":[{"href":"https:\/\/slewingbearings.com\/it\/wp-json\/wp\/v2\/product\/11882","targetHints":{"allow":["GET"]}}],"collection":[{"href":"https:\/\/slewingbearings.com\/it\/wp-json\/wp\/v2\/product"}],"about":[{"href":"https:\/\/slewingbearings.com\/it\/wp-json\/wp\/v2\/types\/product"}],"replies":[{"embeddable":true,"href":"https:\/\/slewingbearings.com\/it\/wp-json\/wp\/v2\/comments?post=11882"}],"wp:featuredmedia":[{"embeddable":true,"href":"https:\/\/slewingbearings.com\/it\/wp-json\/wp\/v2\/media\/6179"}],"wp:attachment":[{"href":"https:\/\/slewingbearings.com\/it\/wp-json\/wp\/v2\/media?parent=11882"}],"wp:term":[{"taxonomy":"product_cat","embeddable":true,"href":"https:\/\/slewingbearings.com\/it\/wp-json\/wp\/v2\/product_cat?post=11882"},{"taxonomy":"product_tag","embeddable":true,"href":"https:\/\/slewingbearings.com\/it\/wp-json\/wp\/v2\/product_tag?post=11882"}],"curies":[{"name":"wp","href":"https:\/\/api.w.org\/{rel}","templated":true}]}}