{"id":11821,"date":"2024-01-15T07:20:32","date_gmt":"2024-01-15T07:20:32","guid":{"rendered":"https:\/\/slewingbearings.com\/product\/sde-21-trasmissione-di-rotazione\/"},"modified":"2024-01-15T07:20:32","modified_gmt":"2024-01-15T07:20:32","slug":"sde-21-trasmissione-di-rotazione","status":"publish","type":"product","link":"https:\/\/slewingbearings.com\/it\/product\/sde-21-trasmissione-di-rotazione\/","title":{"rendered":"SDE-21 Trasmissione di rotazione"},"content":{"rendered":"<p>Un&#8217;unit\u00e0 di rotazione \u00e8 un&#8217;apparecchiatura ingegneristica solitamente progettata per far ruotare un oggetto o un sistema in direzione orizzontale o verticale. Tali dispositivi sono utilizzati in un&#8217;ampia gamma di applicazioni, tra cui macchinari industriali, sistemi di automazione, strumenti di ricerca scientifica, dispositivi aerospaziali e altro ancora. Di seguito sono riportate le caratteristiche strutturali e funzionali generali dell&#8217;azionamento rotante:  <\/p>\n<ul>\n<li>Sistema di azionamento elettrico o idraulico: Il cuore di un dispositivo di rotazione \u00e8 il suo sistema di azionamento. Pu\u00f2 utilizzare motori elettrici, idraulici o altri tipi di meccanismi di azionamento, con tipi di energia diversi scelti in base ai requisiti dell&#8217;applicazione. Questo sistema \u00e8 responsabile della fornitura di energia per la rotazione.  <\/li>\n<li>Asse di rotazione: L&#8217;unit\u00e0 \u00e8 dotata di uno o pi\u00f9 assi di rotazione, disposti in direzione orizzontale o verticale, a seconda della progettazione del dispositivo. Il materiale e la struttura dell&#8217;albero devono essere sufficientemente robusti da resistere alle forze e alle pressioni del movimento rotatorio. <\/li>\n<\/ul>\n\n<table id=\"tablepress-23\" class=\"tablepress tablepress-id-23\">\n<thead>\n<tr class=\"row-1\">\n\t<td class=\"column-1\"><\/td><th class=\"column-2\">Model<\/th><th class=\"column-3\">Output Torque<\/th><th class=\"column-4\">Tilting Moment Torque<\/th><th class=\"column-5\">Holding Torque<\/th><th class=\"column-6\">Gear Ratio<\/th><th class=\"column-7\">Tracking Precision<\/th><th class=\"column-8\">Weight<\/th><th class=\"column-9\">Drawing<\/th>\n<\/tr>\n<\/thead>\n<tbody class=\"row-striping row-hover\">\n<tr class=\"row-2\">\n\t<td class=\"column-1\">SDE21<\/td><td class=\"column-2\">Azimuth<\/td><td class=\"column-3\">40 KN.m<\/td><td class=\"column-4\">200 KN.m<\/td><td class=\"column-5\">105 KN.m<\/td><td class=\"column-6\">105:1<\/td><td class=\"column-7\">\u22640.2\u00b0<\/td><td class=\"column-8\">545kg<\/td><td class=\"column-9\"><a href=\"https:\/\/slewingbearings.com\/wp-content\/uploads\/2024\/01\/SDE21-Slew-Drive-catalog.pdf\"><br \/>\n<img decoding=\"async\" src=\"https:\/\/slewingbearings.com\/wp-content\/uploads\/2024\/01\/pdf.png\" width=\"30\" height=\"30\"><\/a><\/td>\n<\/tr>\n<tr class=\"row-3\">\n\t<td class=\"column-1\">SDE21<\/td><td class=\"column-2\">Azimuth<\/td><td class=\"column-3\">29520 lbf.ft<\/td><td class=\"column-4\">148\u00d710\u00b3 lbf.ft<\/td><td class=\"column-5\">77\u00d710\u00b3 lbf.ft<\/td><td class=\"column-6\">105:1<\/td><td class=\"column-7\">\u22640.2\u00b0<\/td><td class=\"column-8\">545kg<\/td><td class=\"column-9\"><a href=\"https:\/\/slewingbearings.com\/wp-content\/uploads\/2024\/01\/SDE21-Slew-Drive-catalog.pdf\"><br \/>\n<img decoding=\"async\" src=\"https:\/\/slewingbearings.com\/wp-content\/uploads\/2024\/01\/pdf.png\" width=\"30\" height=\"30\"><\/a><\/td>\n<\/tr>\n<tr class=\"row-4\">\n\t<td class=\"column-1\">SDE21<\/td><td class=\"column-2\">Elevation<\/td><td class=\"column-3\">43 KN.m<\/td><td class=\"column-4\">110 KN.m<\/td><td class=\"column-5\">100 KN.m<\/td><td class=\"column-6\">105:1<\/td><td class=\"column-7\">\u22640.2\u00b0<\/td><td class=\"column-8\">545kg<\/td><td class=\"column-9\"><a href=\"https:\/\/slewingbearings.com\/wp-content\/uploads\/2024\/01\/SDE21-Slew-Drive-catalog.pdf\"><br \/>\n<img decoding=\"async\" src=\"https:\/\/slewingbearings.com\/wp-content\/uploads\/2024\/01\/pdf.png\" width=\"30\" height=\"30\"><\/a><\/td>\n<\/tr>\n<tr class=\"row-5\">\n\t<td class=\"column-1\">SDE21<\/td><td class=\"column-2\">Elevation<\/td><td class=\"column-3\">31734 lbf.ft<\/td><td class=\"column-4\">81\u00d710\u00b3 lbf.ft<\/td><td class=\"column-5\">50\u00d710\u00b3 lbf.ft<\/td><td class=\"column-6\">105:1<\/td><td class=\"column-7\">\u22640.2\u00b0<\/td><td class=\"column-8\">545kg<\/td><td class=\"column-9\"><a href=\"https:\/\/slewingbearings.com\/wp-content\/uploads\/2024\/01\/SDE21-Slew-Drive-catalog.pdf\"><br \/>\n<img decoding=\"async\" src=\"https:\/\/slewingbearings.com\/wp-content\/uploads\/2024\/01\/pdf.png\" width=\"30\" height=\"30\"><\/a><\/td>\n<\/tr>\n<\/tbody>\n<\/table>\n<!-- #tablepress-23 from cache -->\n","protected":false},"excerpt":{"rendered":"<p>Il dispositivo di rotazione della serie SDE integra abilmente componenti come l&#8217;asse verticale, l&#8217;azionamento elettrico, il sistema di trasmissione, il sistema di controllo e il dispositivo di sicurezza attraverso una progettazione strutturale ragionevole, fornendo una soluzione efficiente, controllabile e sicura per la rotazione in direzione verticale. piano. <\/p>\n<p>Il design di queste caratteristiche strutturali pu\u00f2 essere personalizzato in base alle esigenze di applicazioni specifiche, assicurando che l&#8217;azionamento verticale possa funzionare efficacemente nell&#8217;ambiente e nell&#8217;attivit\u00e0 specifici.<\/p>\n","protected":false},"featured_media":6098,"comment_status":"open","ping_status":"closed","template":"","meta":{"content-type":""},"product_cat":[526,327],"product_tag":[592],"class_list":{"0":"post-11821","1":"product","2":"type-product","3":"status-publish","4":"has-post-thumbnail","6":"product_cat-sde-ruota-di-rotazione","7":"product_cat-slew-drive-it","8":"product_tag-sde21-unita-di-rotazione","10":"first","11":"instock","12":"shipping-taxable","13":"product-type-simple"},"yoast_head":"<!-- This site is optimized with the Yoast SEO plugin v21.7 - https:\/\/yoast.com\/wordpress\/plugins\/seo\/ -->\n<title>SDE-21 Trasmissione di rotazione - ZZ Group<\/title>\n<meta name=\"description\" content=\"Un azionamento di rotazione SDE21 \u00e8 un &#039; apparecchiatura ingegneristica solitamente progettata per far ruotare un oggetto o un sistema in direzione orizzontale o verticale.\" \/>\n<meta name=\"robots\" content=\"index, follow, max-snippet:-1, max-image-preview:large, max-video-preview:-1\" \/>\n<link rel=\"canonical\" href=\"https:\/\/slewingbearings.com\/it\/product\/sde-21-trasmissione-di-rotazione\/\" \/>\n<meta property=\"og:locale\" content=\"it_IT\" \/>\n<meta property=\"og:type\" content=\"article\" \/>\n<meta property=\"og:title\" content=\"SDE-21 Trasmissione di rotazione - ZZ Group\" \/>\n<meta property=\"og:description\" content=\"Un azionamento di rotazione SDE21 \u00e8 un &#039; apparecchiatura ingegneristica solitamente progettata per far ruotare un oggetto o un sistema in direzione orizzontale o verticale.\" \/>\n<meta property=\"og:url\" content=\"https:\/\/slewingbearings.com\/it\/product\/sde-21-trasmissione-di-rotazione\/\" \/>\n<meta property=\"og:site_name\" content=\"ZZ Group\" \/>\n<meta property=\"og:image\" content=\"https:\/\/slewingbearings.com\/wp-content\/uploads\/2024\/01\/sde21-slew-drive.jpg\" \/>\n\t<meta property=\"og:image:width\" content=\"500\" \/>\n\t<meta property=\"og:image:height\" content=\"500\" \/>\n\t<meta property=\"og:image:type\" content=\"image\/jpeg\" \/>\n<meta name=\"twitter:card\" content=\"summary_large_image\" \/>\n<meta name=\"twitter:label1\" content=\"Tempo di lettura stimato\" \/>\n\t<meta name=\"twitter:data1\" content=\"1 minuto\" \/>\n<script type=\"application\/ld+json\" class=\"yoast-schema-graph\">{\"@context\":\"https:\/\/schema.org\",\"@graph\":[{\"@type\":\"WebPage\",\"@id\":\"https:\/\/slewingbearings.com\/it\/product\/sde-21-trasmissione-di-rotazione\/\",\"url\":\"https:\/\/slewingbearings.com\/it\/product\/sde-21-trasmissione-di-rotazione\/\",\"name\":\"SDE-21 Trasmissione di rotazione - ZZ Group\",\"isPartOf\":{\"@id\":\"https:\/\/slewingbearings.com\/#website\"},\"datePublished\":\"2024-01-15T07:20:32+00:00\",\"dateModified\":\"2024-01-15T07:20:32+00:00\",\"description\":\"Un azionamento di rotazione SDE21 \u00e8 un ' apparecchiatura ingegneristica solitamente progettata per far ruotare un oggetto o un sistema in direzione orizzontale o verticale.\",\"breadcrumb\":{\"@id\":\"https:\/\/slewingbearings.com\/it\/product\/sde-21-trasmissione-di-rotazione\/#breadcrumb\"},\"inLanguage\":\"it-IT\",\"potentialAction\":[{\"@type\":\"ReadAction\",\"target\":[\"https:\/\/slewingbearings.com\/it\/product\/sde-21-trasmissione-di-rotazione\/\"]}]},{\"@type\":\"BreadcrumbList\",\"@id\":\"https:\/\/slewingbearings.com\/it\/product\/sde-21-trasmissione-di-rotazione\/#breadcrumb\",\"itemListElement\":[{\"@type\":\"ListItem\",\"position\":1,\"name\":\"Home\",\"item\":\"https:\/\/slewingbearings.com\/it\/cuscinettodi-rotazione-trasmissione-di-rotazione\/\"},{\"@type\":\"ListItem\",\"position\":2,\"name\":\"Shop\",\"item\":\"https:\/\/slewingbearings.com\/shop\/\"},{\"@type\":\"ListItem\",\"position\":3,\"name\":\"SDE-21 Trasmissione di rotazione\"}]},{\"@type\":\"WebSite\",\"@id\":\"https:\/\/slewingbearings.com\/#website\",\"url\":\"https:\/\/slewingbearings.com\/\",\"name\":\"ZZ Group\",\"description\":\"Leading Slewing Bearings in China\",\"potentialAction\":[{\"@type\":\"SearchAction\",\"target\":{\"@type\":\"EntryPoint\",\"urlTemplate\":\"https:\/\/slewingbearings.com\/?s={search_term_string}\"},\"query-input\":\"required name=search_term_string\"}],\"inLanguage\":\"it-IT\"}]}<\/script>\n<!-- \/ Yoast SEO plugin. -->","yoast_head_json":{"title":"SDE-21 Trasmissione di rotazione - ZZ Group","description":"Un azionamento di rotazione SDE21 \u00e8 un ' apparecchiatura ingegneristica solitamente progettata per far ruotare un oggetto o un sistema in direzione orizzontale o verticale.","robots":{"index":"index","follow":"follow","max-snippet":"max-snippet:-1","max-image-preview":"max-image-preview:large","max-video-preview":"max-video-preview:-1"},"canonical":"https:\/\/slewingbearings.com\/it\/product\/sde-21-trasmissione-di-rotazione\/","og_locale":"it_IT","og_type":"article","og_title":"SDE-21 Trasmissione di rotazione - ZZ Group","og_description":"Un azionamento di rotazione SDE21 \u00e8 un ' apparecchiatura ingegneristica solitamente progettata per far ruotare un oggetto o un sistema in direzione orizzontale o verticale.","og_url":"https:\/\/slewingbearings.com\/it\/product\/sde-21-trasmissione-di-rotazione\/","og_site_name":"ZZ Group","og_image":[{"width":500,"height":500,"url":"https:\/\/slewingbearings.com\/wp-content\/uploads\/2024\/01\/sde21-slew-drive.jpg","type":"image\/jpeg"}],"twitter_card":"summary_large_image","twitter_misc":{"Tempo di lettura stimato":"1 minuto"},"schema":{"@context":"https:\/\/schema.org","@graph":[{"@type":"WebPage","@id":"https:\/\/slewingbearings.com\/it\/product\/sde-21-trasmissione-di-rotazione\/","url":"https:\/\/slewingbearings.com\/it\/product\/sde-21-trasmissione-di-rotazione\/","name":"SDE-21 Trasmissione di rotazione - ZZ Group","isPartOf":{"@id":"https:\/\/slewingbearings.com\/#website"},"datePublished":"2024-01-15T07:20:32+00:00","dateModified":"2024-01-15T07:20:32+00:00","description":"Un azionamento di rotazione SDE21 \u00e8 un ' apparecchiatura ingegneristica solitamente progettata per far ruotare un oggetto o un sistema in direzione orizzontale o verticale.","breadcrumb":{"@id":"https:\/\/slewingbearings.com\/it\/product\/sde-21-trasmissione-di-rotazione\/#breadcrumb"},"inLanguage":"it-IT","potentialAction":[{"@type":"ReadAction","target":["https:\/\/slewingbearings.com\/it\/product\/sde-21-trasmissione-di-rotazione\/"]}]},{"@type":"BreadcrumbList","@id":"https:\/\/slewingbearings.com\/it\/product\/sde-21-trasmissione-di-rotazione\/#breadcrumb","itemListElement":[{"@type":"ListItem","position":1,"name":"Home","item":"https:\/\/slewingbearings.com\/it\/cuscinettodi-rotazione-trasmissione-di-rotazione\/"},{"@type":"ListItem","position":2,"name":"Shop","item":"https:\/\/slewingbearings.com\/shop\/"},{"@type":"ListItem","position":3,"name":"SDE-21 Trasmissione di rotazione"}]},{"@type":"WebSite","@id":"https:\/\/slewingbearings.com\/#website","url":"https:\/\/slewingbearings.com\/","name":"ZZ Group","description":"Leading Slewing Bearings in China","potentialAction":[{"@type":"SearchAction","target":{"@type":"EntryPoint","urlTemplate":"https:\/\/slewingbearings.com\/?s={search_term_string}"},"query-input":"required name=search_term_string"}],"inLanguage":"it-IT"}]}},"_links":{"self":[{"href":"https:\/\/slewingbearings.com\/it\/wp-json\/wp\/v2\/product\/11821","targetHints":{"allow":["GET"]}}],"collection":[{"href":"https:\/\/slewingbearings.com\/it\/wp-json\/wp\/v2\/product"}],"about":[{"href":"https:\/\/slewingbearings.com\/it\/wp-json\/wp\/v2\/types\/product"}],"replies":[{"embeddable":true,"href":"https:\/\/slewingbearings.com\/it\/wp-json\/wp\/v2\/comments?post=11821"}],"wp:featuredmedia":[{"embeddable":true,"href":"https:\/\/slewingbearings.com\/it\/wp-json\/wp\/v2\/media\/6098"}],"wp:attachment":[{"href":"https:\/\/slewingbearings.com\/it\/wp-json\/wp\/v2\/media?parent=11821"}],"wp:term":[{"taxonomy":"product_cat","embeddable":true,"href":"https:\/\/slewingbearings.com\/it\/wp-json\/wp\/v2\/product_cat?post=11821"},{"taxonomy":"product_tag","embeddable":true,"href":"https:\/\/slewingbearings.com\/it\/wp-json\/wp\/v2\/product_tag?post=11821"}],"curies":[{"name":"wp","href":"https:\/\/api.w.org\/{rel}","templated":true}]}}