{"id":11806,"date":"2024-01-28T01:33:43","date_gmt":"2024-01-28T01:33:43","guid":{"rendered":"https:\/\/slewingbearings.com\/product\/w-17-trasmissione-a-rotazione\/"},"modified":"2024-01-28T01:33:43","modified_gmt":"2024-01-28T01:33:43","slug":"w-17-trasmissione-a-rotazione","status":"publish","type":"product","link":"https:\/\/slewingbearings.com\/it\/product\/w-17-trasmissione-a-rotazione\/","title":{"rendered":"W-17 Trasmissione a rotazione"},"content":{"rendered":"<p>Azionamento a rotazione W-17, Il sistema di azionamento a rotazione aperto \u00e8 un sistema meccanico con struttura aperta, utilizzato principalmente per ruotare attrezzature o utensili in direzione orizzontale. A differenza delle strutture chiuse, i componenti meccanici interni dei sistemi di azionamento rotante aperti sono visibili all&#8217; esterno, il che offre alcuni vantaggi unici in termini di funzionamento, manutenzione e insegnamento. <\/p>\n<p>La ralla aperta \u00e8 un sistema di trasmissione a ingranaggi aperti, che presenta caratteristiche uniche rispetto al sistema di trasmissione chiuso. In primo luogo, il design aperto offre una buona visibilit\u00e0, con gli ingranaggi interni e i componenti della trasmissione visibili all &#8216; osservatore. Ci\u00f2 consente al personale addetto alla manutenzione di controllare facilmente lo stato di funzionamento del sistema, aiuta a individuare e risolvere i problemi in modo tempestivo e migliora la convenienza della manutenzione.  <\/p>\n\n<table id=\"tablepress-41\" class=\"tablepress tablepress-id-41\">\n<thead>\n<tr class=\"row-1\">\n\t<th class=\"column-1\">Model<\/th><th class=\"column-2\">Output Torque<\/th><th class=\"column-3\">Tilting Moment Torque<\/th><th class=\"column-4\">Holding Torque<\/th><th class=\"column-5\">Gear Ratio<\/th><th class=\"column-6\">Tracking Precision<\/th><th class=\"column-7\">Weight<\/th><th class=\"column-8\">Drawing<\/th>\n<\/tr>\n<\/thead>\n<tbody class=\"row-striping row-hover\">\n<tr class=\"row-2\">\n\t<td class=\"column-1\">W17<\/td><td class=\"column-2\">12.96 KN.m<\/td><td class=\"column-3\">142.4 KN.m<\/td><td class=\"column-4\">58 KN.m<\/td><td class=\"column-5\">104:1<\/td><td class=\"column-6\">\u22640.1\u00b0<\/td><td class=\"column-7\">82kg<\/td><td class=\"column-8\"><a href=\"https:\/\/slewingbearings.com\/wp-content\/uploads\/2024\/01\/W17-Slew-Drive-catalog.pdf\"><br \/>\n<img decoding=\"async\" src=\"https:\/\/slewingbearings.com\/wp-content\/uploads\/2024\/01\/pdf.png\" width=\"30\" height=\"30\"><\/a><\/td>\n<\/tr>\n<tr class=\"row-3\">\n\t<td class=\"column-1\">W17<\/td><td class=\"column-2\">9564 lbf.ft<\/td><td class=\"column-3\">105\u00d710\u00b3 lbf.ft<\/td><td class=\"column-4\">42.8\u00d710\u00b3 lbf.ft<\/td><td class=\"column-5\">104:1<\/td><td class=\"column-6\">\u22640.1\u00b0<\/td><td class=\"column-7\">82kg<\/td><td class=\"column-8\"><a href=\"https:\/\/slewingbearings.com\/wp-content\/uploads\/2024\/01\/W17-Slew-Drive-catalog.pdf\"><br \/>\n<img decoding=\"async\" src=\"https:\/\/slewingbearings.com\/wp-content\/uploads\/2024\/01\/pdf.png\" width=\"30\" height=\"30\"><\/a><\/td>\n<\/tr>\n<\/tbody>\n<\/table>\n<!-- #tablepress-41 from cache -->\n","protected":false},"excerpt":{"rendered":"<p>La serie W rappresenta una valida soluzione di trasmissione per una variet\u00e0 di applicazioni grazie alla sua visibilit\u00e0, alla facilit\u00e0 di manutenzione, alle prestazioni di dissipazione del calore, al design leggero e al costo relativamente basso. Nei settori industriali e meccanici, le ralle aperte sono diventate una scelta importante per migliorare l&#8217;efficienza del sistema e ridurre i costi di manutenzione. In futuro, con il progresso della tecnologia e la continua espansione dei campi di applicazione, si prevede che gli azionamenti rotanti aperti eserciteranno i loro vantaggi unici in una gamma pi\u00f9 ampia di settori.  <\/p>\n","protected":false},"featured_media":6431,"comment_status":"open","ping_status":"closed","template":"","meta":{"content-type":""},"product_cat":[569,327],"product_tag":[579],"class_list":{"0":"post-11806","1":"product","2":"type-product","3":"status-publish","4":"has-post-thumbnail","6":"product_cat-w-unita-slew","7":"product_cat-slew-drive-it","8":"product_tag-w17-slewing-drive","10":"first","11":"instock","12":"shipping-taxable","13":"product-type-simple"},"yoast_head":"<!-- This site is optimized with the Yoast SEO plugin v21.7 - https:\/\/yoast.com\/wordpress\/plugins\/seo\/ -->\n<title>W-17 Trasmissione a rotazione - ZZ Group<\/title>\n<meta name=\"description\" content=\"W-17 slewing drive aperto slewing drive di solito si riferisce a un sistema di azionamento rotante struttura aperta, che viene utilizzato per realizzare la rotazione orizzontale di attrezzature.\" \/>\n<meta name=\"robots\" content=\"index, follow, max-snippet:-1, max-image-preview:large, max-video-preview:-1\" \/>\n<link rel=\"canonical\" href=\"https:\/\/slewingbearings.com\/product\/w-17-slew-drive\/\" \/>\n<meta property=\"og:locale\" content=\"it_IT\" \/>\n<meta property=\"og:type\" content=\"article\" \/>\n<meta property=\"og:title\" content=\"W-17 Trasmissione a rotazione - ZZ Group\" \/>\n<meta property=\"og:description\" content=\"W-17 slewing drive aperto slewing drive di solito si riferisce a un sistema di azionamento rotante struttura aperta, che viene utilizzato per realizzare la rotazione orizzontale di attrezzature.\" \/>\n<meta property=\"og:url\" content=\"https:\/\/slewingbearings.com\/product\/w-17-slew-drive\/\" \/>\n<meta property=\"og:site_name\" content=\"ZZ Group\" \/>\n<meta property=\"og:image\" content=\"https:\/\/slewingbearings.com\/wp-content\/uploads\/2024\/01\/w17-slew-drive.jpg\" \/>\n\t<meta property=\"og:image:width\" content=\"500\" \/>\n\t<meta property=\"og:image:height\" content=\"500\" \/>\n\t<meta property=\"og:image:type\" content=\"image\/jpeg\" \/>\n<meta name=\"twitter:card\" content=\"summary_large_image\" \/>\n<meta name=\"twitter:label1\" content=\"Tempo di lettura stimato\" \/>\n\t<meta name=\"twitter:data1\" content=\"1 minuto\" \/>\n<script type=\"application\/ld+json\" class=\"yoast-schema-graph\">{\"@context\":\"https:\/\/schema.org\",\"@graph\":[{\"@type\":\"WebPage\",\"@id\":\"https:\/\/slewingbearings.com\/product\/w-17-slew-drive\/\",\"url\":\"https:\/\/slewingbearings.com\/product\/w-17-slew-drive\/\",\"name\":\"W-17 Trasmissione a rotazione - ZZ Group\",\"isPartOf\":{\"@id\":\"https:\/\/slewingbearings.com\/#website\"},\"datePublished\":\"2024-01-28T01:33:43+00:00\",\"dateModified\":\"2024-01-28T01:33:43+00:00\",\"description\":\"W-17 slewing drive aperto slewing drive di solito si riferisce a un sistema di azionamento rotante struttura aperta, che viene utilizzato per realizzare la rotazione orizzontale di attrezzature.\",\"breadcrumb\":{\"@id\":\"https:\/\/slewingbearings.com\/product\/w-17-slew-drive\/#breadcrumb\"},\"inLanguage\":\"it-IT\",\"potentialAction\":[{\"@type\":\"ReadAction\",\"target\":[\"https:\/\/slewingbearings.com\/product\/w-17-slew-drive\/\"]}]},{\"@type\":\"BreadcrumbList\",\"@id\":\"https:\/\/slewingbearings.com\/product\/w-17-slew-drive\/#breadcrumb\",\"itemListElement\":[{\"@type\":\"ListItem\",\"position\":1,\"name\":\"Home\",\"item\":\"https:\/\/slewingbearings.com\/it\/cuscinettodi-rotazione-trasmissione-di-rotazione\/\"},{\"@type\":\"ListItem\",\"position\":2,\"name\":\"Shop\",\"item\":\"https:\/\/slewingbearings.com\/shop\/\"},{\"@type\":\"ListItem\",\"position\":3,\"name\":\"W-17 Trasmissione a rotazione\"}]},{\"@type\":\"WebSite\",\"@id\":\"https:\/\/slewingbearings.com\/#website\",\"url\":\"https:\/\/slewingbearings.com\/\",\"name\":\"ZZ Group\",\"description\":\"Leading Slewing Bearings in China\",\"potentialAction\":[{\"@type\":\"SearchAction\",\"target\":{\"@type\":\"EntryPoint\",\"urlTemplate\":\"https:\/\/slewingbearings.com\/?s={search_term_string}\"},\"query-input\":\"required name=search_term_string\"}],\"inLanguage\":\"it-IT\"}]}<\/script>\n<!-- \/ Yoast SEO plugin. -->","yoast_head_json":{"title":"W-17 Trasmissione a rotazione - ZZ Group","description":"W-17 slewing drive aperto slewing drive di solito si riferisce a un sistema di azionamento rotante struttura aperta, che viene utilizzato per realizzare la rotazione orizzontale di attrezzature.","robots":{"index":"index","follow":"follow","max-snippet":"max-snippet:-1","max-image-preview":"max-image-preview:large","max-video-preview":"max-video-preview:-1"},"canonical":"https:\/\/slewingbearings.com\/product\/w-17-slew-drive\/","og_locale":"it_IT","og_type":"article","og_title":"W-17 Trasmissione a rotazione - ZZ Group","og_description":"W-17 slewing drive aperto slewing drive di solito si riferisce a un sistema di azionamento rotante struttura aperta, che viene utilizzato per realizzare la rotazione orizzontale di attrezzature.","og_url":"https:\/\/slewingbearings.com\/product\/w-17-slew-drive\/","og_site_name":"ZZ Group","og_image":[{"width":500,"height":500,"url":"https:\/\/slewingbearings.com\/wp-content\/uploads\/2024\/01\/w17-slew-drive.jpg","type":"image\/jpeg"}],"twitter_card":"summary_large_image","twitter_misc":{"Tempo di lettura stimato":"1 minuto"},"schema":{"@context":"https:\/\/schema.org","@graph":[{"@type":"WebPage","@id":"https:\/\/slewingbearings.com\/product\/w-17-slew-drive\/","url":"https:\/\/slewingbearings.com\/product\/w-17-slew-drive\/","name":"W-17 Trasmissione a rotazione - ZZ Group","isPartOf":{"@id":"https:\/\/slewingbearings.com\/#website"},"datePublished":"2024-01-28T01:33:43+00:00","dateModified":"2024-01-28T01:33:43+00:00","description":"W-17 slewing drive aperto slewing drive di solito si riferisce a un sistema di azionamento rotante struttura aperta, che viene utilizzato per realizzare la rotazione orizzontale di attrezzature.","breadcrumb":{"@id":"https:\/\/slewingbearings.com\/product\/w-17-slew-drive\/#breadcrumb"},"inLanguage":"it-IT","potentialAction":[{"@type":"ReadAction","target":["https:\/\/slewingbearings.com\/product\/w-17-slew-drive\/"]}]},{"@type":"BreadcrumbList","@id":"https:\/\/slewingbearings.com\/product\/w-17-slew-drive\/#breadcrumb","itemListElement":[{"@type":"ListItem","position":1,"name":"Home","item":"https:\/\/slewingbearings.com\/it\/cuscinettodi-rotazione-trasmissione-di-rotazione\/"},{"@type":"ListItem","position":2,"name":"Shop","item":"https:\/\/slewingbearings.com\/shop\/"},{"@type":"ListItem","position":3,"name":"W-17 Trasmissione a rotazione"}]},{"@type":"WebSite","@id":"https:\/\/slewingbearings.com\/#website","url":"https:\/\/slewingbearings.com\/","name":"ZZ Group","description":"Leading Slewing Bearings in China","potentialAction":[{"@type":"SearchAction","target":{"@type":"EntryPoint","urlTemplate":"https:\/\/slewingbearings.com\/?s={search_term_string}"},"query-input":"required name=search_term_string"}],"inLanguage":"it-IT"}]}},"_links":{"self":[{"href":"https:\/\/slewingbearings.com\/it\/wp-json\/wp\/v2\/product\/11806","targetHints":{"allow":["GET"]}}],"collection":[{"href":"https:\/\/slewingbearings.com\/it\/wp-json\/wp\/v2\/product"}],"about":[{"href":"https:\/\/slewingbearings.com\/it\/wp-json\/wp\/v2\/types\/product"}],"replies":[{"embeddable":true,"href":"https:\/\/slewingbearings.com\/it\/wp-json\/wp\/v2\/comments?post=11806"}],"wp:featuredmedia":[{"embeddable":true,"href":"https:\/\/slewingbearings.com\/it\/wp-json\/wp\/v2\/media\/6431"}],"wp:attachment":[{"href":"https:\/\/slewingbearings.com\/it\/wp-json\/wp\/v2\/media?parent=11806"}],"wp:term":[{"taxonomy":"product_cat","embeddable":true,"href":"https:\/\/slewingbearings.com\/it\/wp-json\/wp\/v2\/product_cat?post=11806"},{"taxonomy":"product_tag","embeddable":true,"href":"https:\/\/slewingbearings.com\/it\/wp-json\/wp\/v2\/product_tag?post=11806"}],"curies":[{"name":"wp","href":"https:\/\/api.w.org\/{rel}","templated":true}]}}