{"id":11799,"date":"2024-01-28T01:41:14","date_gmt":"2024-01-28T01:41:14","guid":{"rendered":"https:\/\/slewingbearings.com\/product\/w-19-unita-slew\/"},"modified":"2024-01-28T01:41:14","modified_gmt":"2024-01-28T01:41:14","slug":"w-19-unita-slew","status":"publish","type":"product","link":"https:\/\/slewingbearings.com\/it\/product\/w-19-unita-slew\/","title":{"rendered":"W-19 Unit\u00e0 Slew"},"content":{"rendered":"<p>Azionamento a rotazione W-19, Il sistema di azionamento a rotazione aperto \u00e8 un sistema meccanico con struttura aperta, utilizzato principalmente per ruotare attrezzature o utensili in direzione orizzontale. A differenza delle strutture chiuse, i componenti meccanici interni dei sistemi di azionamento rotante aperti sono visibili all&#8217;esterno, il che offre alcuni vantaggi unici in termini di funzionamento, manutenzione e insegnamento. <\/p>\n<p>I convertitori di frequenza aperti rappresentano un&#8217;opzione flessibile ed efficace per la progettazione e il funzionamento dei sistemi di azionamento grazie al loro design aperto, alla migliore visibilit\u00e0, alla facilit\u00e0 di manutenzione, alla dissipazione del calore superiore, alla leggerezza e all&#8217; efficienza dei costi. Quando si tratta di scenari applicativi diversi e di esigenze ingegneristiche, ingegneri e progettisti possono scegliere i convertitori di frequenza aperti in base a situazioni specifiche per soddisfare i requisiti di prestazioni, affidabilit\u00e0 e costo. <\/p>\n\n<table id=\"tablepress-41\" class=\"tablepress tablepress-id-41\">\n<thead>\n<tr class=\"row-1\">\n\t<th class=\"column-1\">Model<\/th><th class=\"column-2\">Output Torque<\/th><th class=\"column-3\">Tilting Moment Torque<\/th><th class=\"column-4\">Holding Torque<\/th><th class=\"column-5\">Gear Ratio<\/th><th class=\"column-6\">Tracking Precision<\/th><th class=\"column-7\">Weight<\/th><th class=\"column-8\">Drawing<\/th>\n<\/tr>\n<\/thead>\n<tbody class=\"row-striping row-hover\">\n<tr class=\"row-2\">\n\t<td class=\"column-1\">W17<\/td><td class=\"column-2\">12.96 KN.m<\/td><td class=\"column-3\">142.4 KN.m<\/td><td class=\"column-4\">58 KN.m<\/td><td class=\"column-5\">104:1<\/td><td class=\"column-6\">\u22640.1\u00b0<\/td><td class=\"column-7\">82kg<\/td><td class=\"column-8\"><a href=\"https:\/\/slewingbearings.com\/wp-content\/uploads\/2024\/01\/W17-Slew-Drive-catalog.pdf\"><br \/>\n<img decoding=\"async\" src=\"https:\/\/slewingbearings.com\/wp-content\/uploads\/2024\/01\/pdf.png\" width=\"30\" height=\"30\"><\/a><\/td>\n<\/tr>\n<tr class=\"row-3\">\n\t<td class=\"column-1\">W17<\/td><td class=\"column-2\">9564 lbf.ft<\/td><td class=\"column-3\">105\u00d710\u00b3 lbf.ft<\/td><td class=\"column-4\">42.8\u00d710\u00b3 lbf.ft<\/td><td class=\"column-5\">104:1<\/td><td class=\"column-6\">\u22640.1\u00b0<\/td><td class=\"column-7\">82kg<\/td><td class=\"column-8\"><a href=\"https:\/\/slewingbearings.com\/wp-content\/uploads\/2024\/01\/W17-Slew-Drive-catalog.pdf\"><br \/>\n<img decoding=\"async\" src=\"https:\/\/slewingbearings.com\/wp-content\/uploads\/2024\/01\/pdf.png\" width=\"30\" height=\"30\"><\/a><\/td>\n<\/tr>\n<\/tbody>\n<\/table>\n<!-- #tablepress-41 from cache -->\n","protected":false},"excerpt":{"rendered":"<p>Le ralle aperte sono utilizzate nei settori dell&#8217;industria, dell&#8217;aerospazio, dell&#8217;industria automobilistica, dell&#8217;ingegneria edile e della robotica grazie alla loro struttura aperta, alla migliore visibilit\u00e0, alla facilit\u00e0 di manutenzione, alle eccellenti prestazioni di dissipazione del calore, al design leggero e all&#8217;economicit\u00e0. ruolo importante. Nel trend di sviluppo futuro, si prevede che saranno pi\u00f9 intelligenti e rispettosi dell&#8217;ambiente e che si adatteranno continuamente allo sviluppo di tecnologie e materiali emergenti. Grazie all&#8217;innovazione e al miglioramento continui, i riduttori aperti continueranno a offrire maggiori possibilit\u00e0 e opportunit\u00e0 al settore dei sistemi di trasmissione meccanica.   <\/p>\n","protected":false},"featured_media":6440,"comment_status":"open","ping_status":"closed","template":"","meta":{"content-type":""},"product_cat":[569,327],"product_tag":[570],"class_list":{"0":"post-11799","1":"product","2":"type-product","3":"status-publish","4":"has-post-thumbnail","6":"product_cat-w-unita-slew","7":"product_cat-slew-drive-it","8":"product_tag-w19-ralla","10":"first","11":"instock","12":"shipping-taxable","13":"product-type-simple"},"yoast_head":"<!-- This site is optimized with the Yoast SEO plugin v21.7 - https:\/\/yoast.com\/wordpress\/plugins\/seo\/ -->\n<title>W-19 Unit\u00e0 Slew - ZZ Group<\/title>\n<meta name=\"description\" content=\"W-19 slew drive aperto slewy drive di solito si riferisce a un sistema di azionamento rotante struttura aperta, che viene utilizzato per realizzare la rotazione orizzontale di attrezzature.\" \/>\n<meta name=\"robots\" content=\"index, follow, max-snippet:-1, max-image-preview:large, max-video-preview:-1\" \/>\n<link rel=\"canonical\" href=\"https:\/\/slewingbearings.com\/product\/w-19-slew-drive\/\" \/>\n<meta property=\"og:locale\" content=\"it_IT\" \/>\n<meta property=\"og:type\" content=\"article\" \/>\n<meta property=\"og:title\" content=\"W-19 Unit\u00e0 Slew - ZZ Group\" \/>\n<meta property=\"og:description\" content=\"W-19 slew drive aperto slewy drive di solito si riferisce a un sistema di azionamento rotante struttura aperta, che viene utilizzato per realizzare la rotazione orizzontale di attrezzature.\" \/>\n<meta property=\"og:url\" content=\"https:\/\/slewingbearings.com\/product\/w-19-slew-drive\/\" \/>\n<meta property=\"og:site_name\" content=\"ZZ Group\" \/>\n<meta property=\"og:image\" content=\"https:\/\/slewingbearings.com\/wp-content\/uploads\/2024\/01\/w19-slew-drive.jpg\" \/>\n\t<meta property=\"og:image:width\" content=\"500\" \/>\n\t<meta property=\"og:image:height\" content=\"500\" \/>\n\t<meta property=\"og:image:type\" content=\"image\/jpeg\" \/>\n<meta name=\"twitter:card\" content=\"summary_large_image\" \/>\n<meta name=\"twitter:label1\" content=\"Tempo di lettura stimato\" \/>\n\t<meta name=\"twitter:data1\" content=\"1 minuto\" \/>\n<script type=\"application\/ld+json\" class=\"yoast-schema-graph\">{\"@context\":\"https:\/\/schema.org\",\"@graph\":[{\"@type\":\"WebPage\",\"@id\":\"https:\/\/slewingbearings.com\/product\/w-19-slew-drive\/\",\"url\":\"https:\/\/slewingbearings.com\/product\/w-19-slew-drive\/\",\"name\":\"W-19 Unit\u00e0 Slew - ZZ Group\",\"isPartOf\":{\"@id\":\"https:\/\/slewingbearings.com\/#website\"},\"datePublished\":\"2024-01-28T01:41:14+00:00\",\"dateModified\":\"2024-01-28T01:41:14+00:00\",\"description\":\"W-19 slew drive aperto slewy drive di solito si riferisce a un sistema di azionamento rotante struttura aperta, che viene utilizzato per realizzare la rotazione orizzontale di attrezzature.\",\"breadcrumb\":{\"@id\":\"https:\/\/slewingbearings.com\/product\/w-19-slew-drive\/#breadcrumb\"},\"inLanguage\":\"it-IT\",\"potentialAction\":[{\"@type\":\"ReadAction\",\"target\":[\"https:\/\/slewingbearings.com\/product\/w-19-slew-drive\/\"]}]},{\"@type\":\"BreadcrumbList\",\"@id\":\"https:\/\/slewingbearings.com\/product\/w-19-slew-drive\/#breadcrumb\",\"itemListElement\":[{\"@type\":\"ListItem\",\"position\":1,\"name\":\"Home\",\"item\":\"https:\/\/slewingbearings.com\/it\/cuscinettodi-rotazione-trasmissione-di-rotazione\/\"},{\"@type\":\"ListItem\",\"position\":2,\"name\":\"Shop\",\"item\":\"https:\/\/slewingbearings.com\/shop\/\"},{\"@type\":\"ListItem\",\"position\":3,\"name\":\"W-19 Unit\u00e0 Slew\"}]},{\"@type\":\"WebSite\",\"@id\":\"https:\/\/slewingbearings.com\/#website\",\"url\":\"https:\/\/slewingbearings.com\/\",\"name\":\"ZZ Group\",\"description\":\"Leading Slewing Bearings in China\",\"potentialAction\":[{\"@type\":\"SearchAction\",\"target\":{\"@type\":\"EntryPoint\",\"urlTemplate\":\"https:\/\/slewingbearings.com\/?s={search_term_string}\"},\"query-input\":\"required name=search_term_string\"}],\"inLanguage\":\"it-IT\"}]}<\/script>\n<!-- \/ Yoast SEO plugin. -->","yoast_head_json":{"title":"W-19 Unit\u00e0 Slew - ZZ Group","description":"W-19 slew drive aperto slewy drive di solito si riferisce a un sistema di azionamento rotante struttura aperta, che viene utilizzato per realizzare la rotazione orizzontale di attrezzature.","robots":{"index":"index","follow":"follow","max-snippet":"max-snippet:-1","max-image-preview":"max-image-preview:large","max-video-preview":"max-video-preview:-1"},"canonical":"https:\/\/slewingbearings.com\/product\/w-19-slew-drive\/","og_locale":"it_IT","og_type":"article","og_title":"W-19 Unit\u00e0 Slew - ZZ Group","og_description":"W-19 slew drive aperto slewy drive di solito si riferisce a un sistema di azionamento rotante struttura aperta, che viene utilizzato per realizzare la rotazione orizzontale di attrezzature.","og_url":"https:\/\/slewingbearings.com\/product\/w-19-slew-drive\/","og_site_name":"ZZ Group","og_image":[{"width":500,"height":500,"url":"https:\/\/slewingbearings.com\/wp-content\/uploads\/2024\/01\/w19-slew-drive.jpg","type":"image\/jpeg"}],"twitter_card":"summary_large_image","twitter_misc":{"Tempo di lettura stimato":"1 minuto"},"schema":{"@context":"https:\/\/schema.org","@graph":[{"@type":"WebPage","@id":"https:\/\/slewingbearings.com\/product\/w-19-slew-drive\/","url":"https:\/\/slewingbearings.com\/product\/w-19-slew-drive\/","name":"W-19 Unit\u00e0 Slew - ZZ Group","isPartOf":{"@id":"https:\/\/slewingbearings.com\/#website"},"datePublished":"2024-01-28T01:41:14+00:00","dateModified":"2024-01-28T01:41:14+00:00","description":"W-19 slew drive aperto slewy drive di solito si riferisce a un sistema di azionamento rotante struttura aperta, che viene utilizzato per realizzare la rotazione orizzontale di attrezzature.","breadcrumb":{"@id":"https:\/\/slewingbearings.com\/product\/w-19-slew-drive\/#breadcrumb"},"inLanguage":"it-IT","potentialAction":[{"@type":"ReadAction","target":["https:\/\/slewingbearings.com\/product\/w-19-slew-drive\/"]}]},{"@type":"BreadcrumbList","@id":"https:\/\/slewingbearings.com\/product\/w-19-slew-drive\/#breadcrumb","itemListElement":[{"@type":"ListItem","position":1,"name":"Home","item":"https:\/\/slewingbearings.com\/it\/cuscinettodi-rotazione-trasmissione-di-rotazione\/"},{"@type":"ListItem","position":2,"name":"Shop","item":"https:\/\/slewingbearings.com\/shop\/"},{"@type":"ListItem","position":3,"name":"W-19 Unit\u00e0 Slew"}]},{"@type":"WebSite","@id":"https:\/\/slewingbearings.com\/#website","url":"https:\/\/slewingbearings.com\/","name":"ZZ Group","description":"Leading Slewing Bearings in China","potentialAction":[{"@type":"SearchAction","target":{"@type":"EntryPoint","urlTemplate":"https:\/\/slewingbearings.com\/?s={search_term_string}"},"query-input":"required name=search_term_string"}],"inLanguage":"it-IT"}]}},"_links":{"self":[{"href":"https:\/\/slewingbearings.com\/it\/wp-json\/wp\/v2\/product\/11799","targetHints":{"allow":["GET"]}}],"collection":[{"href":"https:\/\/slewingbearings.com\/it\/wp-json\/wp\/v2\/product"}],"about":[{"href":"https:\/\/slewingbearings.com\/it\/wp-json\/wp\/v2\/types\/product"}],"replies":[{"embeddable":true,"href":"https:\/\/slewingbearings.com\/it\/wp-json\/wp\/v2\/comments?post=11799"}],"wp:featuredmedia":[{"embeddable":true,"href":"https:\/\/slewingbearings.com\/it\/wp-json\/wp\/v2\/media\/6440"}],"wp:attachment":[{"href":"https:\/\/slewingbearings.com\/it\/wp-json\/wp\/v2\/media?parent=11799"}],"wp:term":[{"taxonomy":"product_cat","embeddable":true,"href":"https:\/\/slewingbearings.com\/it\/wp-json\/wp\/v2\/product_cat?post=11799"},{"taxonomy":"product_tag","embeddable":true,"href":"https:\/\/slewingbearings.com\/it\/wp-json\/wp\/v2\/product_tag?post=11799"}],"curies":[{"name":"wp","href":"https:\/\/api.w.org\/{rel}","templated":true}]}}