{"id":11740,"date":"2024-01-15T03:58:57","date_gmt":"2024-01-15T03:58:57","guid":{"rendered":"https:\/\/slewingbearings.com\/product\/sde-7-trasmissione-di-rotazione\/"},"modified":"2024-01-15T03:58:57","modified_gmt":"2024-01-15T03:58:57","slug":"sde-7-trasmissione-di-rotazione","status":"publish","type":"product","link":"https:\/\/slewingbearings.com\/it\/product\/sde-7-trasmissione-di-rotazione\/","title":{"rendered":"SDE-7 Trasmissione di rotazione"},"content":{"rendered":"<p>Le caratteristiche strutturali dei dispositivi di rotazione SDE possono variare a seconda del campo di applicazione e dei requisiti specifici, ma in generale tali dispositivi possono includere le seguenti caratteristiche strutturali:<\/p>\n<ul>\n<li>Progettazione ad asse verticale: Le apparecchiature sono spesso progettate per includere un asse verticale per consentire la rotazione in direzione verticale. La progettazione degli alberi verticali richiede considerazioni sulla forza e sul supporto, spesso utilizzando sistemi di cuscinetti appositamente progettati. <\/li>\n<li>Sistema di azionamento elettrico: In genere comprende un motore elettrico che fornisce l&#8217; energia per la rotazione. Pu\u00f2 trattarsi di un motore elettrico collegato direttamente all &#8216; albero verticale, oppure la potenza viene trasferita all &#8216; albero verticale attraverso una trasmissione. <\/li>\n<li>Sistema di trasmissione: serve a trasferire la rotazione del motore elettrico all&#8217;asse verticale. Il sistema di trasmissione pu\u00f2 comprendere ingranaggi, cinghie, catene, ecc. che vengono scelti in base alle esigenze specifiche. <\/li>\n<\/ul>\n\n<table id=\"tablepress-21\" class=\"tablepress tablepress-id-21\">\n<thead>\n<tr class=\"row-1\">\n\t<td class=\"column-1\"><\/td><th class=\"column-2\">Model<\/th><th class=\"column-3\">Output Torque<\/th><th class=\"column-4\">Tilting Moment Torque<\/th><th class=\"column-5\">Holding Torque<\/th><th class=\"column-6\">Gear Ratio<\/th><th class=\"column-7\">Tracking Precision<\/th><th class=\"column-8\">Weight<\/th><th class=\"column-9\">Drawing<\/th>\n<\/tr>\n<\/thead>\n<tbody class=\"row-striping row-hover\">\n<tr class=\"row-2\">\n\t<td class=\"column-1\">SDE7<\/td><td class=\"column-2\">Azimuth<\/td><td class=\"column-3\">1500 N.m<\/td><td class=\"column-4\">13500 N.m<\/td><td class=\"column-5\">10400 N.m<\/td><td class=\"column-6\">73:1<\/td><td class=\"column-7\">\u22640.2\u00b0<\/td><td class=\"column-8\">58kg<\/td><td class=\"column-9\"><a href=\"https:\/\/slewingbearings.com\/wp-content\/uploads\/2024\/01\/SDE7-Slew-Drive-catalog.pdf\"><br \/>\n<img decoding=\"async\" src=\"https:\/\/slewingbearings.com\/wp-content\/uploads\/2024\/01\/pdf.png\" width=\"30\" height=\"30\"><\/a><\/td>\n<\/tr>\n<tr class=\"row-3\">\n\t<td class=\"column-1\">SDE7<\/td><td class=\"column-2\">Azimuth<\/td><td class=\"column-3\">1107 lbf.ft<\/td><td class=\"column-4\">9957 lbf.ft<\/td><td class=\"column-5\">7671 lbf.ft<\/td><td class=\"column-6\">73:1<\/td><td class=\"column-7\">\u22640.2\u00b0<\/td><td class=\"column-8\">58kg<\/td><td class=\"column-9\"><a href=\"https:\/\/slewingbearings.com\/wp-content\/uploads\/2024\/01\/SDE7-Slew-Drive-catalog.pdf\"><br \/>\n<img decoding=\"async\" src=\"https:\/\/slewingbearings.com\/wp-content\/uploads\/2024\/01\/pdf.png\" width=\"30\" height=\"30\"><\/a><\/td>\n<\/tr>\n<tr class=\"row-4\">\n\t<td class=\"column-1\">SDE7<\/td><td class=\"column-2\">Elevation<\/td><td class=\"column-3\">2000 N.m<\/td><td class=\"column-4\">10 KN.m<\/td><td class=\"column-5\">9000 N.m<\/td><td class=\"column-6\">28:1<\/td><td class=\"column-7\">\u22640.2\u00b0<\/td><td class=\"column-8\">58kg<\/td><td class=\"column-9\"><a href=\"https:\/\/slewingbearings.com\/wp-content\/uploads\/2024\/01\/SDE7-Slew-Drive-catalog.pdf\"><br \/>\n<img decoding=\"async\" src=\"https:\/\/slewingbearings.com\/wp-content\/uploads\/2024\/01\/pdf.png\" width=\"30\" height=\"30\"><\/a><\/td>\n<\/tr>\n<tr class=\"row-5\">\n\t<td class=\"column-1\">SDE7<\/td><td class=\"column-2\">Elevation<\/td><td class=\"column-3\">1476 lbf.ft<\/td><td class=\"column-4\">7380 lbf.ft<\/td><td class=\"column-5\">6642 lbf.ft<\/td><td class=\"column-6\">28:1<\/td><td class=\"column-7\">\u22640.2\u00b0<\/td><td class=\"column-8\">58kg<\/td><td class=\"column-9\"><a href=\"https:\/\/slewingbearings.com\/wp-content\/uploads\/2024\/01\/SDE7-Slew-Drive-catalog.pdf\"><br \/>\n<img decoding=\"async\" src=\"https:\/\/slewingbearings.com\/wp-content\/uploads\/2024\/01\/pdf.png\" width=\"30\" height=\"30\"><\/a><\/td>\n<\/tr>\n<\/tbody>\n<\/table>\n<!-- #tablepress-21 from cache -->\n","protected":false},"excerpt":{"rendered":"<p>Il dispositivo di trasmissione SDE7 \u00e8 un dispositivo meccanico o elettrico appositamente progettato la cui funzione principale \u00e8 quella di far ruotare un oggetto in direzione verticale. Le sue caratteristiche strutturali comprendono diversi componenti chiave per garantire precisione, stabilit\u00e0 e controllabilit\u00e0 della rotazione. <\/p>\n<p>Il cuore del dispositivo \u00e8 costituito dal design dell&#8217; asse verticale. L&#8217; asse verticale \u00e8 il corpo principale del dispositivo ed \u00e8 responsabile della resistenza alle forze e alle pressioni causate dal movimento di rotazione. Per garantire la stabilit\u00e0 e la fluidit\u00e0 della rotazione, l&#8217; asse verticale \u00e8 dotato di un sistema di cuscinetti appositamente progettato per ridurre l&#8217; attrito e fornire supporto.  <\/p>\n","protected":false},"featured_media":6071,"comment_status":"open","ping_status":"closed","template":"","meta":{"content-type":""},"product_cat":[526,327],"product_tag":[527],"class_list":{"0":"post-11740","1":"product","2":"type-product","3":"status-publish","4":"has-post-thumbnail","6":"product_cat-sde-ruota-di-rotazione","7":"product_cat-slew-drive-it","8":"product_tag-ralla-di-rotazione-sde","10":"first","11":"instock","12":"shipping-taxable","13":"product-type-simple"},"yoast_head":"<!-- This site is optimized with the Yoast SEO plugin v21.7 - https:\/\/yoast.com\/wordpress\/plugins\/seo\/ -->\n<title>SDE-7 Trasmissione di rotazione - ZZ Group<\/title>\n<meta name=\"description\" content=\"L&#039; azionamento a rotazione verticale della serie SDE \u00e8 una soluzione chiusa per applicazioni esterne a bassa velocit\u00e0&lt;1 RPM).\" \/>\n<meta name=\"robots\" content=\"index, follow, max-snippet:-1, max-image-preview:large, max-video-preview:-1\" \/>\n<link rel=\"canonical\" href=\"https:\/\/slewingbearings.com\/product\/sde-7-slew-drive\/\" \/>\n<meta property=\"og:locale\" content=\"it_IT\" \/>\n<meta property=\"og:type\" content=\"article\" \/>\n<meta property=\"og:title\" content=\"SDE-7 Trasmissione di rotazione - ZZ Group\" \/>\n<meta property=\"og:description\" content=\"L&#039; azionamento a rotazione verticale della serie SDE \u00e8 una soluzione chiusa per applicazioni esterne a bassa velocit\u00e0&lt;1 RPM).\" \/>\n<meta property=\"og:url\" content=\"https:\/\/slewingbearings.com\/product\/sde-7-slew-drive\/\" \/>\n<meta property=\"og:site_name\" content=\"ZZ Group\" \/>\n<meta property=\"og:image\" content=\"https:\/\/slewingbearings.com\/wp-content\/uploads\/2024\/01\/sde7-slew-drive-1.jpg\" \/>\n\t<meta property=\"og:image:width\" content=\"500\" \/>\n\t<meta property=\"og:image:height\" content=\"500\" \/>\n\t<meta property=\"og:image:type\" content=\"image\/jpeg\" \/>\n<meta name=\"twitter:card\" content=\"summary_large_image\" \/>\n<meta name=\"twitter:label1\" content=\"Tempo di lettura stimato\" \/>\n\t<meta name=\"twitter:data1\" content=\"1 minuto\" \/>\n<script type=\"application\/ld+json\" class=\"yoast-schema-graph\">{\"@context\":\"https:\/\/schema.org\",\"@graph\":[{\"@type\":\"WebPage\",\"@id\":\"https:\/\/slewingbearings.com\/product\/sde-7-slew-drive\/\",\"url\":\"https:\/\/slewingbearings.com\/product\/sde-7-slew-drive\/\",\"name\":\"SDE-7 Trasmissione di rotazione - ZZ Group\",\"isPartOf\":{\"@id\":\"https:\/\/slewingbearings.com\/#website\"},\"datePublished\":\"2024-01-15T03:58:57+00:00\",\"dateModified\":\"2024-01-15T03:58:57+00:00\",\"description\":\"L' azionamento a rotazione verticale della serie SDE \u00e8 una soluzione chiusa per applicazioni esterne a bassa velocit\u00e0&lt;1 RPM).\",\"breadcrumb\":{\"@id\":\"https:\/\/slewingbearings.com\/product\/sde-7-slew-drive\/#breadcrumb\"},\"inLanguage\":\"it-IT\",\"potentialAction\":[{\"@type\":\"ReadAction\",\"target\":[\"https:\/\/slewingbearings.com\/product\/sde-7-slew-drive\/\"]}]},{\"@type\":\"BreadcrumbList\",\"@id\":\"https:\/\/slewingbearings.com\/product\/sde-7-slew-drive\/#breadcrumb\",\"itemListElement\":[{\"@type\":\"ListItem\",\"position\":1,\"name\":\"Home\",\"item\":\"https:\/\/slewingbearings.com\/it\/cuscinettodi-rotazione-trasmissione-di-rotazione\/\"},{\"@type\":\"ListItem\",\"position\":2,\"name\":\"Shop\",\"item\":\"https:\/\/slewingbearings.com\/shop\/\"},{\"@type\":\"ListItem\",\"position\":3,\"name\":\"SDE-7 Trasmissione di rotazione\"}]},{\"@type\":\"WebSite\",\"@id\":\"https:\/\/slewingbearings.com\/#website\",\"url\":\"https:\/\/slewingbearings.com\/\",\"name\":\"ZZ Group\",\"description\":\"Leading Slewing Bearings in China\",\"potentialAction\":[{\"@type\":\"SearchAction\",\"target\":{\"@type\":\"EntryPoint\",\"urlTemplate\":\"https:\/\/slewingbearings.com\/?s={search_term_string}\"},\"query-input\":\"required name=search_term_string\"}],\"inLanguage\":\"it-IT\"}]}<\/script>\n<!-- \/ Yoast SEO plugin. -->","yoast_head_json":{"title":"SDE-7 Trasmissione di rotazione - ZZ Group","description":"L' azionamento a rotazione verticale della serie SDE \u00e8 una soluzione chiusa per applicazioni esterne a bassa velocit\u00e0&lt;1 RPM).","robots":{"index":"index","follow":"follow","max-snippet":"max-snippet:-1","max-image-preview":"max-image-preview:large","max-video-preview":"max-video-preview:-1"},"canonical":"https:\/\/slewingbearings.com\/product\/sde-7-slew-drive\/","og_locale":"it_IT","og_type":"article","og_title":"SDE-7 Trasmissione di rotazione - ZZ Group","og_description":"L' azionamento a rotazione verticale della serie SDE \u00e8 una soluzione chiusa per applicazioni esterne a bassa velocit\u00e0&lt;1 RPM).","og_url":"https:\/\/slewingbearings.com\/product\/sde-7-slew-drive\/","og_site_name":"ZZ Group","og_image":[{"width":500,"height":500,"url":"https:\/\/slewingbearings.com\/wp-content\/uploads\/2024\/01\/sde7-slew-drive-1.jpg","type":"image\/jpeg"}],"twitter_card":"summary_large_image","twitter_misc":{"Tempo di lettura stimato":"1 minuto"},"schema":{"@context":"https:\/\/schema.org","@graph":[{"@type":"WebPage","@id":"https:\/\/slewingbearings.com\/product\/sde-7-slew-drive\/","url":"https:\/\/slewingbearings.com\/product\/sde-7-slew-drive\/","name":"SDE-7 Trasmissione di rotazione - ZZ Group","isPartOf":{"@id":"https:\/\/slewingbearings.com\/#website"},"datePublished":"2024-01-15T03:58:57+00:00","dateModified":"2024-01-15T03:58:57+00:00","description":"L' azionamento a rotazione verticale della serie SDE \u00e8 una soluzione chiusa per applicazioni esterne a bassa velocit\u00e0&lt;1 RPM).","breadcrumb":{"@id":"https:\/\/slewingbearings.com\/product\/sde-7-slew-drive\/#breadcrumb"},"inLanguage":"it-IT","potentialAction":[{"@type":"ReadAction","target":["https:\/\/slewingbearings.com\/product\/sde-7-slew-drive\/"]}]},{"@type":"BreadcrumbList","@id":"https:\/\/slewingbearings.com\/product\/sde-7-slew-drive\/#breadcrumb","itemListElement":[{"@type":"ListItem","position":1,"name":"Home","item":"https:\/\/slewingbearings.com\/it\/cuscinettodi-rotazione-trasmissione-di-rotazione\/"},{"@type":"ListItem","position":2,"name":"Shop","item":"https:\/\/slewingbearings.com\/shop\/"},{"@type":"ListItem","position":3,"name":"SDE-7 Trasmissione di rotazione"}]},{"@type":"WebSite","@id":"https:\/\/slewingbearings.com\/#website","url":"https:\/\/slewingbearings.com\/","name":"ZZ Group","description":"Leading Slewing Bearings in China","potentialAction":[{"@type":"SearchAction","target":{"@type":"EntryPoint","urlTemplate":"https:\/\/slewingbearings.com\/?s={search_term_string}"},"query-input":"required name=search_term_string"}],"inLanguage":"it-IT"}]}},"_links":{"self":[{"href":"https:\/\/slewingbearings.com\/it\/wp-json\/wp\/v2\/product\/11740","targetHints":{"allow":["GET"]}}],"collection":[{"href":"https:\/\/slewingbearings.com\/it\/wp-json\/wp\/v2\/product"}],"about":[{"href":"https:\/\/slewingbearings.com\/it\/wp-json\/wp\/v2\/types\/product"}],"replies":[{"embeddable":true,"href":"https:\/\/slewingbearings.com\/it\/wp-json\/wp\/v2\/comments?post=11740"}],"wp:featuredmedia":[{"embeddable":true,"href":"https:\/\/slewingbearings.com\/it\/wp-json\/wp\/v2\/media\/6071"}],"wp:attachment":[{"href":"https:\/\/slewingbearings.com\/it\/wp-json\/wp\/v2\/media?parent=11740"}],"wp:term":[{"taxonomy":"product_cat","embeddable":true,"href":"https:\/\/slewingbearings.com\/it\/wp-json\/wp\/v2\/product_cat?post=11740"},{"taxonomy":"product_tag","embeddable":true,"href":"https:\/\/slewingbearings.com\/it\/wp-json\/wp\/v2\/product_tag?post=11740"}],"curies":[{"name":"wp","href":"https:\/\/api.w.org\/{rel}","templated":true}]}}