{"id":11729,"date":"2024-01-15T02:35:32","date_gmt":"2024-01-15T02:35:32","guid":{"rendered":"https:\/\/slewingbearings.com\/product\/ruota-di-rotazione-se-25\/"},"modified":"2024-01-15T02:35:32","modified_gmt":"2024-01-15T02:35:32","slug":"ruota-di-rotazione-se-25","status":"publish","type":"product","link":"https:\/\/slewingbearings.com\/it\/product\/ruota-di-rotazione-se-25\/","title":{"rendered":"Ruota di rotazione SE-25"},"content":{"rendered":"<p>I riduttori sono ampiamente utilizzati nel campo delle macchine per l&#8217;ingegneria e la loro funzione principale \u00e8 quella di realizzare il movimento rotatorio delle apparecchiature meccaniche. Di seguito sono riportate alcune applicazioni comuni dei riduttori nelle macchine per l&#8217;edilizia: <\/p>\n<p>Escavatori e macchine da scavo: I riduttori sono utilizzati per implementare i telai rotanti degli escavatori e di altre attrezzature di scavo, consentendo loro di ruotare di 360 gradi. Ci\u00f2 \u00e8 importante per un posizionamento e un orientamento precisi durante le operazioni di movimento terra, scavo e costruzione. <\/p>\n<p>Gru a torre: Le gru a torre nei cantieri hanno spesso bisogno di eseguire movimenti di rotazione per garantire che il braccio possa essere posizionato con precisione e coprire l&#8217;intera area di lavoro. L&#8217;azionamento di rotazione viene utilizzato per realizzare la funzione di rotazione della gru a torre. <\/p>\n\n<table id=\"tablepress-20\" class=\"tablepress tablepress-id-20\">\n<thead>\n<tr class=\"row-1\">\n\t<th class=\"column-1\">Model<\/th><th class=\"column-2\">Output Torque<\/th><th class=\"column-3\">Tilting Moment Torque<\/th><th class=\"column-4\">Holding Torque<\/th><th class=\"column-5\">Gear Ratio<\/th><th class=\"column-6\">Tracking Precision<\/th><th class=\"column-7\">Weight<\/th><th class=\"column-8\">Drawing<\/th>\n<\/tr>\n<\/thead>\n<tbody class=\"row-striping row-hover\">\n<tr class=\"row-2\">\n\t<td class=\"column-1\">SE25<\/td><td class=\"column-2\">18 KN.m<\/td><td class=\"column-3\">271 KN.m<\/td><td class=\"column-4\">158.3 KN.m<\/td><td class=\"column-5\">150:1<\/td><td class=\"column-6\">0.15\u00b0<\/td><td class=\"column-7\">204kg<\/td><td class=\"column-8\"><a href=\"https:\/\/slewingbearings.com\/wp-content\/uploads\/2024\/01\/SE25-Slew-Drive-catalog.pdf\"><br \/>\n<img decoding=\"async\" src=\"https:\/\/slewingbearings.com\/wp-content\/uploads\/2024\/01\/pdf.png\" width=\"30\" height=\"30\"><\/a><\/td>\n<\/tr>\n<tr class=\"row-3\">\n\t<td class=\"column-1\">SE25<\/td><td class=\"column-2\">13300 lbf.ft<\/td><td class=\"column-3\">200\u00d710\u00b3 lbf.ft<\/td><td class=\"column-4\">117\u00d710\u00b3 lbf.ft<\/td><td class=\"column-5\">150:1<\/td><td class=\"column-6\">0.15\u00b0<\/td><td class=\"column-7\">204kg<\/td><td class=\"column-8\"><a href=\"https:\/\/slewingbearings.com\/wp-content\/uploads\/2024\/01\/SE25-Slew-Drive-catalog.pdf\"><br \/>\n<img decoding=\"async\" src=\"https:\/\/slewingbearings.com\/wp-content\/uploads\/2024\/01\/pdf.png\" width=\"30\" height=\"30\"><\/a><\/td>\n<\/tr>\n<\/tbody>\n<\/table>\n<!-- #tablepress-20 from cache -->\n","protected":false},"excerpt":{"rendered":"<p>La struttura principale della ralla comprende anelli esterni e interni, sistemi di ingranaggi, motori, riduttori, sistemi di cuscinetti, guarnizioni e componenti di protezione. L&#8217;anello esterno \u00e8 solitamente fissato nel sistema meccanico, mentre l&#8217;anello interno \u00e8 collegato all&#8217;apparecchiatura meccanica e ruota attraverso il sistema di trasmissione. Il sistema di ingranaggi \u00e8 il meccanismo di trasmissione chiave, composto da ingranaggi di precisione per ottenere una rotazione regolare degli anelli interni ed esterni. Il motore fornisce la coppia di rotazione, il riduttore \u00e8 utilizzato per ridurre la velocit\u00e0 di rotazione, il sistema di cuscinetti \u00e8 utilizzato per supportare e guidare il movimento di rotazione, mentre le misure di tenuta e protezione assicurano il funzionamento stabile dei componenti meccanici interni.   <\/p>\n","protected":false},"featured_media":6026,"comment_status":"open","ping_status":"closed","template":"","meta":{"content-type":""},"product_cat":[334,327],"product_tag":[516],"class_list":{"0":"post-11729","1":"product","2":"type-product","3":"status-publish","4":"has-post-thumbnail","6":"product_cat-se-pe-slew-drive-it","7":"product_cat-slew-drive-it","8":"product_tag-ruota-di-rotazione-se-25","10":"first","11":"instock","12":"shipping-taxable","13":"product-type-simple"},"yoast_head":"<!-- This site is optimized with the Yoast SEO plugin v21.7 - https:\/\/yoast.com\/wordpress\/plugins\/seo\/ -->\n<title>Ruota di rotazione SE-25 - ZZ Group<\/title>\n<meta name=\"description\" content=\"La struttura principale della ralla SE25 comprende anelli esterni e interni, sistemi di ingranaggi, motori, riduttori, sistemi di cuscinetti, guarnizioni e componenti di protezione.\" \/>\n<meta name=\"robots\" content=\"index, follow, max-snippet:-1, max-image-preview:large, max-video-preview:-1\" \/>\n<link rel=\"canonical\" href=\"https:\/\/slewingbearings.com\/product\/se-25-slew-drive\/\" \/>\n<meta property=\"og:locale\" content=\"it_IT\" \/>\n<meta property=\"og:type\" content=\"article\" \/>\n<meta property=\"og:title\" content=\"Ruota di rotazione SE-25 - ZZ Group\" \/>\n<meta property=\"og:description\" content=\"La struttura principale della ralla SE25 comprende anelli esterni e interni, sistemi di ingranaggi, motori, riduttori, sistemi di cuscinetti, guarnizioni e componenti di protezione.\" \/>\n<meta property=\"og:url\" content=\"https:\/\/slewingbearings.com\/product\/se-25-slew-drive\/\" \/>\n<meta property=\"og:site_name\" content=\"ZZ Group\" \/>\n<meta property=\"og:image\" content=\"https:\/\/slewingbearings.com\/wp-content\/uploads\/2024\/01\/se25.jpg\" \/>\n\t<meta property=\"og:image:width\" content=\"500\" \/>\n\t<meta property=\"og:image:height\" content=\"500\" \/>\n\t<meta property=\"og:image:type\" content=\"image\/jpeg\" \/>\n<meta name=\"twitter:card\" content=\"summary_large_image\" \/>\n<meta name=\"twitter:label1\" content=\"Tempo di lettura stimato\" \/>\n\t<meta name=\"twitter:data1\" content=\"1 minuto\" \/>\n<script type=\"application\/ld+json\" class=\"yoast-schema-graph\">{\"@context\":\"https:\/\/schema.org\",\"@graph\":[{\"@type\":\"WebPage\",\"@id\":\"https:\/\/slewingbearings.com\/product\/se-25-slew-drive\/\",\"url\":\"https:\/\/slewingbearings.com\/product\/se-25-slew-drive\/\",\"name\":\"Ruota di rotazione SE-25 - ZZ Group\",\"isPartOf\":{\"@id\":\"https:\/\/slewingbearings.com\/#website\"},\"datePublished\":\"2024-01-15T02:35:32+00:00\",\"dateModified\":\"2024-01-15T02:35:32+00:00\",\"description\":\"La struttura principale della ralla SE25 comprende anelli esterni e interni, sistemi di ingranaggi, motori, riduttori, sistemi di cuscinetti, guarnizioni e componenti di protezione.\",\"breadcrumb\":{\"@id\":\"https:\/\/slewingbearings.com\/product\/se-25-slew-drive\/#breadcrumb\"},\"inLanguage\":\"it-IT\",\"potentialAction\":[{\"@type\":\"ReadAction\",\"target\":[\"https:\/\/slewingbearings.com\/product\/se-25-slew-drive\/\"]}]},{\"@type\":\"BreadcrumbList\",\"@id\":\"https:\/\/slewingbearings.com\/product\/se-25-slew-drive\/#breadcrumb\",\"itemListElement\":[{\"@type\":\"ListItem\",\"position\":1,\"name\":\"Home\",\"item\":\"https:\/\/slewingbearings.com\/it\/cuscinettodi-rotazione-trasmissione-di-rotazione\/\"},{\"@type\":\"ListItem\",\"position\":2,\"name\":\"Shop\",\"item\":\"https:\/\/slewingbearings.com\/shop\/\"},{\"@type\":\"ListItem\",\"position\":3,\"name\":\"Ruota di rotazione SE-25\"}]},{\"@type\":\"WebSite\",\"@id\":\"https:\/\/slewingbearings.com\/#website\",\"url\":\"https:\/\/slewingbearings.com\/\",\"name\":\"ZZ Group\",\"description\":\"Leading Slewing Bearings in China\",\"potentialAction\":[{\"@type\":\"SearchAction\",\"target\":{\"@type\":\"EntryPoint\",\"urlTemplate\":\"https:\/\/slewingbearings.com\/?s={search_term_string}\"},\"query-input\":\"required name=search_term_string\"}],\"inLanguage\":\"it-IT\"}]}<\/script>\n<!-- \/ Yoast SEO plugin. -->","yoast_head_json":{"title":"Ruota di rotazione SE-25 - ZZ Group","description":"La struttura principale della ralla SE25 comprende anelli esterni e interni, sistemi di ingranaggi, motori, riduttori, sistemi di cuscinetti, guarnizioni e componenti di protezione.","robots":{"index":"index","follow":"follow","max-snippet":"max-snippet:-1","max-image-preview":"max-image-preview:large","max-video-preview":"max-video-preview:-1"},"canonical":"https:\/\/slewingbearings.com\/product\/se-25-slew-drive\/","og_locale":"it_IT","og_type":"article","og_title":"Ruota di rotazione SE-25 - ZZ Group","og_description":"La struttura principale della ralla SE25 comprende anelli esterni e interni, sistemi di ingranaggi, motori, riduttori, sistemi di cuscinetti, guarnizioni e componenti di protezione.","og_url":"https:\/\/slewingbearings.com\/product\/se-25-slew-drive\/","og_site_name":"ZZ Group","og_image":[{"width":500,"height":500,"url":"https:\/\/slewingbearings.com\/wp-content\/uploads\/2024\/01\/se25.jpg","type":"image\/jpeg"}],"twitter_card":"summary_large_image","twitter_misc":{"Tempo di lettura stimato":"1 minuto"},"schema":{"@context":"https:\/\/schema.org","@graph":[{"@type":"WebPage","@id":"https:\/\/slewingbearings.com\/product\/se-25-slew-drive\/","url":"https:\/\/slewingbearings.com\/product\/se-25-slew-drive\/","name":"Ruota di rotazione SE-25 - ZZ Group","isPartOf":{"@id":"https:\/\/slewingbearings.com\/#website"},"datePublished":"2024-01-15T02:35:32+00:00","dateModified":"2024-01-15T02:35:32+00:00","description":"La struttura principale della ralla SE25 comprende anelli esterni e interni, sistemi di ingranaggi, motori, riduttori, sistemi di cuscinetti, guarnizioni e componenti di protezione.","breadcrumb":{"@id":"https:\/\/slewingbearings.com\/product\/se-25-slew-drive\/#breadcrumb"},"inLanguage":"it-IT","potentialAction":[{"@type":"ReadAction","target":["https:\/\/slewingbearings.com\/product\/se-25-slew-drive\/"]}]},{"@type":"BreadcrumbList","@id":"https:\/\/slewingbearings.com\/product\/se-25-slew-drive\/#breadcrumb","itemListElement":[{"@type":"ListItem","position":1,"name":"Home","item":"https:\/\/slewingbearings.com\/it\/cuscinettodi-rotazione-trasmissione-di-rotazione\/"},{"@type":"ListItem","position":2,"name":"Shop","item":"https:\/\/slewingbearings.com\/shop\/"},{"@type":"ListItem","position":3,"name":"Ruota di rotazione SE-25"}]},{"@type":"WebSite","@id":"https:\/\/slewingbearings.com\/#website","url":"https:\/\/slewingbearings.com\/","name":"ZZ Group","description":"Leading Slewing Bearings in China","potentialAction":[{"@type":"SearchAction","target":{"@type":"EntryPoint","urlTemplate":"https:\/\/slewingbearings.com\/?s={search_term_string}"},"query-input":"required name=search_term_string"}],"inLanguage":"it-IT"}]}},"_links":{"self":[{"href":"https:\/\/slewingbearings.com\/it\/wp-json\/wp\/v2\/product\/11729","targetHints":{"allow":["GET"]}}],"collection":[{"href":"https:\/\/slewingbearings.com\/it\/wp-json\/wp\/v2\/product"}],"about":[{"href":"https:\/\/slewingbearings.com\/it\/wp-json\/wp\/v2\/types\/product"}],"replies":[{"embeddable":true,"href":"https:\/\/slewingbearings.com\/it\/wp-json\/wp\/v2\/comments?post=11729"}],"wp:featuredmedia":[{"embeddable":true,"href":"https:\/\/slewingbearings.com\/it\/wp-json\/wp\/v2\/media\/6026"}],"wp:attachment":[{"href":"https:\/\/slewingbearings.com\/it\/wp-json\/wp\/v2\/media?parent=11729"}],"wp:term":[{"taxonomy":"product_cat","embeddable":true,"href":"https:\/\/slewingbearings.com\/it\/wp-json\/wp\/v2\/product_cat?post=11729"},{"taxonomy":"product_tag","embeddable":true,"href":"https:\/\/slewingbearings.com\/it\/wp-json\/wp\/v2\/product_tag?post=11729"}],"curies":[{"name":"wp","href":"https:\/\/api.w.org\/{rel}","templated":true}]}}