{"id":11700,"date":"2024-01-15T01:46:56","date_gmt":"2024-01-15T01:46:56","guid":{"rendered":"https:\/\/slewingbearings.com\/product\/se-14-unita-slew\/"},"modified":"2024-01-15T01:46:56","modified_gmt":"2024-01-15T01:46:56","slug":"se-14-unita-slew","status":"publish","type":"product","link":"https:\/\/slewingbearings.com\/it\/product\/se-14-unita-slew\/","title":{"rendered":"SE-14 Unit\u00e0 Slew"},"content":{"rendered":"<p>Affidabilit\u00e0 e durata: Le <a href=\"https:\/\/slewingbearings.com\/product-category\/slew-drive\/\">ralle della <\/a>serie SE utilizzano generalmente materiali di alta qualit\u00e0 e processi di produzione avanzati, con una forte durata e affidabilit\u00e0. Ci\u00f2 consente un funzionamento stabile in diverse condizioni e ambienti di lavoro e riduce i costi di manutenzione. <\/p>\n<p>Versatilit\u00e0: Grazie alla flessibilit\u00e0 del suo design, la serie SE pu\u00f2 essere utilizzata in diversi scenari applicativi. Che si tratti di linee di produzione industriali, aerospaziali, di ingegneria edile o di apparecchiature mediche, gli azionamenti rotanti della serie SE possono adattarsi alle diverse esigenze. <\/p>\n<p>Controllo di precisione: Il sistema di controllo avanzato consente ai motori di rotazione della serie SE di ottenere un controllo preciso della rotazione. Ci\u00f2 \u00e8 importante per le applicazioni che richiedono un elevato grado di automazione e traiettorie di movimento complesse. <\/p>\n\n<table id=\"tablepress-16\" class=\"tablepress tablepress-id-16\">\n<thead>\n<tr class=\"row-1\">\n\t<th class=\"column-1\">Model<\/th><th class=\"column-2\">Output Torque<\/th><th class=\"column-3\">Tilting Moment Torque<\/th><th class=\"column-4\">Holding Torque<\/th><th class=\"column-5\">Gear Ratio<\/th><th class=\"column-6\">Tracking Precision<\/th><th class=\"column-7\">Weight<\/th><th class=\"column-8\">Drawing<\/th>\n<\/tr>\n<\/thead>\n<tbody class=\"row-striping row-hover\">\n<tr class=\"row-2\">\n\t<td class=\"column-1\">SE14<\/td><td class=\"column-2\">8 KN.m<\/td><td class=\"column-3\">67.8 KN.m<\/td><td class=\"column-4\">48 KN.m<\/td><td class=\"column-5\">85:1<\/td><td class=\"column-6\">0.17\u00b0<\/td><td class=\"column-7\">64kg<\/td><td class=\"column-8\"><a href=\"https:\/\/slewingbearings.com\/wp-content\/uploads\/2024\/01\/SE14-Slew-Drive-catalog.pdf\"><br \/>\n<img decoding=\"async\" src=\"https:\/\/slewingbearings.com\/wp-content\/uploads\/2024\/01\/pdf.png\" width=\"30\" height=\"30\"><\/a><\/td>\n<\/tr>\n<tr class=\"row-3\">\n\t<td class=\"column-1\">SE14<\/td><td class=\"column-2\">5900 lbf.ft<\/td><td class=\"column-3\">50\u00d710\u00b3 lbf.ft<\/td><td class=\"column-4\">35\u00d710\u00b3 lbf.ft<\/td><td class=\"column-5\">85:1<\/td><td class=\"column-6\">0.17\u00b0<\/td><td class=\"column-7\">64kg<\/td><td class=\"column-8\"><a href=\"https:\/\/slewingbearings.com\/wp-content\/uploads\/2024\/01\/SE14-Slew-Drive-catalog.pdf\"><br \/>\n<img decoding=\"async\" src=\"https:\/\/slewingbearings.com\/wp-content\/uploads\/2024\/01\/pdf.png\" width=\"30\" height=\"30\"><\/a><\/td>\n<\/tr>\n<\/tbody>\n<\/table>\n<!-- #tablepress-16 from cache -->\n","protected":false},"excerpt":{"rendered":"<p>Controllo di precisione: Il sistema di controllo avanzato consente alla serie SE di ottenere un controllo preciso della rotazione. Ci\u00f2 \u00e8 importante per le applicazioni che richiedono un elevato grado di automazione e traiettorie di movimento complesse. <\/p>\n<p>Adattabilit\u00e0: Il design della serie SE consente di adattarsi a diversi ambienti di lavoro, tra cui temperature elevate, basse temperature, ambienti umidi, ecc. Ci\u00f2 aumenta la sua gamma di applicazioni in vari settori industriali. <\/p>\n","protected":false},"featured_media":5999,"comment_status":"open","ping_status":"closed","template":"","meta":{"content-type":""},"product_cat":[334,327],"product_tag":[410],"class_list":{"0":"post-11700","1":"product","2":"type-product","3":"status-publish","4":"has-post-thumbnail","6":"product_cat-se-pe-slew-drive-it","7":"product_cat-slew-drive-it","8":"product_tag-se14-slew-drive-it","10":"first","11":"instock","12":"shipping-taxable","13":"product-type-simple"},"yoast_head":"<!-- This site is optimized with the Yoast SEO plugin v21.7 - https:\/\/yoast.com\/wordpress\/plugins\/seo\/ -->\n<title>SE-14 Unit\u00e0 Slew - ZZ Group<\/title>\n<meta name=\"description\" content=\"Il sistema di motori e riduttori ad alta efficienza rende il riduttore SE14 eccezionale in termini di efficienza energetica. Ci\u00f2 contribuisce a ridurre i costi energetici.\" \/>\n<meta name=\"robots\" content=\"index, follow, max-snippet:-1, max-image-preview:large, max-video-preview:-1\" \/>\n<link rel=\"canonical\" href=\"https:\/\/slewingbearings.com\/product\/se-14-slew-drive\/\" \/>\n<meta property=\"og:locale\" content=\"it_IT\" \/>\n<meta property=\"og:type\" content=\"article\" \/>\n<meta property=\"og:title\" content=\"SE-14 Unit\u00e0 Slew - ZZ Group\" \/>\n<meta property=\"og:description\" content=\"Il sistema di motori e riduttori ad alta efficienza rende il riduttore SE14 eccezionale in termini di efficienza energetica. Ci\u00f2 contribuisce a ridurre i costi energetici.\" \/>\n<meta property=\"og:url\" content=\"https:\/\/slewingbearings.com\/product\/se-14-slew-drive\/\" \/>\n<meta property=\"og:site_name\" content=\"ZZ Group\" \/>\n<meta property=\"og:image\" content=\"https:\/\/slewingbearings.com\/wp-content\/uploads\/2024\/01\/se14.jpg\" \/>\n\t<meta property=\"og:image:width\" content=\"500\" \/>\n\t<meta property=\"og:image:height\" content=\"500\" \/>\n\t<meta property=\"og:image:type\" content=\"image\/jpeg\" \/>\n<meta name=\"twitter:card\" content=\"summary_large_image\" \/>\n<meta name=\"twitter:label1\" content=\"Tempo di lettura stimato\" \/>\n\t<meta name=\"twitter:data1\" content=\"1 minuto\" \/>\n<script type=\"application\/ld+json\" class=\"yoast-schema-graph\">{\"@context\":\"https:\/\/schema.org\",\"@graph\":[{\"@type\":\"WebPage\",\"@id\":\"https:\/\/slewingbearings.com\/product\/se-14-slew-drive\/\",\"url\":\"https:\/\/slewingbearings.com\/product\/se-14-slew-drive\/\",\"name\":\"SE-14 Unit\u00e0 Slew - ZZ Group\",\"isPartOf\":{\"@id\":\"https:\/\/slewingbearings.com\/#website\"},\"datePublished\":\"2024-01-15T01:46:56+00:00\",\"dateModified\":\"2024-01-15T01:46:56+00:00\",\"description\":\"Il sistema di motori e riduttori ad alta efficienza rende il riduttore SE14 eccezionale in termini di efficienza energetica. Ci\u00f2 contribuisce a ridurre i costi energetici.\",\"breadcrumb\":{\"@id\":\"https:\/\/slewingbearings.com\/product\/se-14-slew-drive\/#breadcrumb\"},\"inLanguage\":\"it-IT\",\"potentialAction\":[{\"@type\":\"ReadAction\",\"target\":[\"https:\/\/slewingbearings.com\/product\/se-14-slew-drive\/\"]}]},{\"@type\":\"BreadcrumbList\",\"@id\":\"https:\/\/slewingbearings.com\/product\/se-14-slew-drive\/#breadcrumb\",\"itemListElement\":[{\"@type\":\"ListItem\",\"position\":1,\"name\":\"Home\",\"item\":\"https:\/\/slewingbearings.com\/it\/cuscinettodi-rotazione-trasmissione-di-rotazione\/\"},{\"@type\":\"ListItem\",\"position\":2,\"name\":\"Shop\",\"item\":\"https:\/\/slewingbearings.com\/shop\/\"},{\"@type\":\"ListItem\",\"position\":3,\"name\":\"SE-14 Unit\u00e0 Slew\"}]},{\"@type\":\"WebSite\",\"@id\":\"https:\/\/slewingbearings.com\/#website\",\"url\":\"https:\/\/slewingbearings.com\/\",\"name\":\"ZZ Group\",\"description\":\"Leading Slewing Bearings in China\",\"potentialAction\":[{\"@type\":\"SearchAction\",\"target\":{\"@type\":\"EntryPoint\",\"urlTemplate\":\"https:\/\/slewingbearings.com\/?s={search_term_string}\"},\"query-input\":\"required name=search_term_string\"}],\"inLanguage\":\"it-IT\"}]}<\/script>\n<!-- \/ Yoast SEO plugin. -->","yoast_head_json":{"title":"SE-14 Unit\u00e0 Slew - ZZ Group","description":"Il sistema di motori e riduttori ad alta efficienza rende il riduttore SE14 eccezionale in termini di efficienza energetica. Ci\u00f2 contribuisce a ridurre i costi energetici.","robots":{"index":"index","follow":"follow","max-snippet":"max-snippet:-1","max-image-preview":"max-image-preview:large","max-video-preview":"max-video-preview:-1"},"canonical":"https:\/\/slewingbearings.com\/product\/se-14-slew-drive\/","og_locale":"it_IT","og_type":"article","og_title":"SE-14 Unit\u00e0 Slew - ZZ Group","og_description":"Il sistema di motori e riduttori ad alta efficienza rende il riduttore SE14 eccezionale in termini di efficienza energetica. Ci\u00f2 contribuisce a ridurre i costi energetici.","og_url":"https:\/\/slewingbearings.com\/product\/se-14-slew-drive\/","og_site_name":"ZZ Group","og_image":[{"width":500,"height":500,"url":"https:\/\/slewingbearings.com\/wp-content\/uploads\/2024\/01\/se14.jpg","type":"image\/jpeg"}],"twitter_card":"summary_large_image","twitter_misc":{"Tempo di lettura stimato":"1 minuto"},"schema":{"@context":"https:\/\/schema.org","@graph":[{"@type":"WebPage","@id":"https:\/\/slewingbearings.com\/product\/se-14-slew-drive\/","url":"https:\/\/slewingbearings.com\/product\/se-14-slew-drive\/","name":"SE-14 Unit\u00e0 Slew - ZZ Group","isPartOf":{"@id":"https:\/\/slewingbearings.com\/#website"},"datePublished":"2024-01-15T01:46:56+00:00","dateModified":"2024-01-15T01:46:56+00:00","description":"Il sistema di motori e riduttori ad alta efficienza rende il riduttore SE14 eccezionale in termini di efficienza energetica. Ci\u00f2 contribuisce a ridurre i costi energetici.","breadcrumb":{"@id":"https:\/\/slewingbearings.com\/product\/se-14-slew-drive\/#breadcrumb"},"inLanguage":"it-IT","potentialAction":[{"@type":"ReadAction","target":["https:\/\/slewingbearings.com\/product\/se-14-slew-drive\/"]}]},{"@type":"BreadcrumbList","@id":"https:\/\/slewingbearings.com\/product\/se-14-slew-drive\/#breadcrumb","itemListElement":[{"@type":"ListItem","position":1,"name":"Home","item":"https:\/\/slewingbearings.com\/it\/cuscinettodi-rotazione-trasmissione-di-rotazione\/"},{"@type":"ListItem","position":2,"name":"Shop","item":"https:\/\/slewingbearings.com\/shop\/"},{"@type":"ListItem","position":3,"name":"SE-14 Unit\u00e0 Slew"}]},{"@type":"WebSite","@id":"https:\/\/slewingbearings.com\/#website","url":"https:\/\/slewingbearings.com\/","name":"ZZ Group","description":"Leading Slewing Bearings in China","potentialAction":[{"@type":"SearchAction","target":{"@type":"EntryPoint","urlTemplate":"https:\/\/slewingbearings.com\/?s={search_term_string}"},"query-input":"required name=search_term_string"}],"inLanguage":"it-IT"}]}},"_links":{"self":[{"href":"https:\/\/slewingbearings.com\/it\/wp-json\/wp\/v2\/product\/11700","targetHints":{"allow":["GET"]}}],"collection":[{"href":"https:\/\/slewingbearings.com\/it\/wp-json\/wp\/v2\/product"}],"about":[{"href":"https:\/\/slewingbearings.com\/it\/wp-json\/wp\/v2\/types\/product"}],"replies":[{"embeddable":true,"href":"https:\/\/slewingbearings.com\/it\/wp-json\/wp\/v2\/comments?post=11700"}],"wp:featuredmedia":[{"embeddable":true,"href":"https:\/\/slewingbearings.com\/it\/wp-json\/wp\/v2\/media\/5999"}],"wp:attachment":[{"href":"https:\/\/slewingbearings.com\/it\/wp-json\/wp\/v2\/media?parent=11700"}],"wp:term":[{"taxonomy":"product_cat","embeddable":true,"href":"https:\/\/slewingbearings.com\/it\/wp-json\/wp\/v2\/product_cat?post=11700"},{"taxonomy":"product_tag","embeddable":true,"href":"https:\/\/slewingbearings.com\/it\/wp-json\/wp\/v2\/product_tag?post=11700"}],"curies":[{"name":"wp","href":"https:\/\/api.w.org\/{rel}","templated":true}]}}