{"id":11661,"date":"2023-11-29T05:24:53","date_gmt":"2023-11-29T05:24:53","guid":{"rendered":"https:\/\/slewingbearings.com\/product\/se-7-unita-slew\/"},"modified":"2023-11-29T05:24:53","modified_gmt":"2023-11-29T05:24:53","slug":"se-7-unita-slew","status":"publish","type":"product","link":"https:\/\/slewingbearings.com\/it\/product\/se-7-unita-slew\/","title":{"rendered":"SE-7 Unit\u00e0 Slew"},"content":{"rendered":"<p>L&#8217;eccellente capacit\u00e0 di carico \u00e8 la caratteristica distintiva delle ralle della serie SE. Grazie all&#8217;adozione di una produzione e di una progettazione strutturale di precisione, questa serie di prodotti \u00e8 in grado di funzionare in modo stabile in condizioni di carico elevato e di lavoro ad alta intensit\u00e0, soddisfacendo i severi requisiti di affidabilit\u00e0 e stabilit\u00e0 dei macchinari industriali e delle apparecchiature di ingegneria. <\/p>\n<p>In termini di affidabilit\u00e0, la serie SE garantisce un elevato livello di prestazioni durante il funzionamento a lungo termine grazie alla scelta di materiali durevoli e alla squisita fattura, prolungando cos\u00ec la vita dell &#8216;apparecchiatura e riducendo i costi di manutenzione.<\/p>\n<p>L&#8217;efficienza energetica \u00e8 un altro dei principali vantaggi dei riduttori della serie SE. Grazie all&#8217;applicazione di un&#8217;efficiente tecnologia di conversione dell&#8217;energia, questi sistemi di azionamento sono in grado di convertire efficacemente l&#8217;energia in ingresso in potenza in uscita, di ridurre il consumo energetico complessivo e di soddisfare le esigenze di sostenibilit\u00e0 ed efficienza energetica nel settore ingegneristico odierno. <\/p>\n<p>I motori di rotazione della serie SE sono progettati per una facile integrazione. La struttura modulare e le interfacce standard consentono di applicarli in modo flessibile a vari sistemi meccanici e di fornire diverse soluzioni integrate. Allo stesso tempo, il suo design resistente alla polvere e all&#8217;acqua assicura un funzionamento stabile in ambienti difficili, garantendo la sicurezza e l&#8217;affidabilit\u00e0 dell&#8217;apparecchiatura.  <\/p>\n\n<table id=\"tablepress-13\" class=\"tablepress tablepress-id-13\">\n<thead>\n<tr class=\"row-1\">\n\t<th class=\"column-1\">Model<\/th><th class=\"column-2\">Output Torque<\/th><th class=\"column-3\">Tilting Moment Torque<\/th><th class=\"column-4\">Holding Torque<\/th><th class=\"column-5\">Gear Ratio<\/th><th class=\"column-6\">Tracking Precision<\/th><th class=\"column-7\">Weight<\/th><th class=\"column-8\">Drawing<\/th>\n<\/tr>\n<\/thead>\n<tbody class=\"row-striping row-hover\">\n<tr class=\"row-2\">\n\t<td class=\"column-1\">SE7<\/td><td class=\"column-2\">1000 N.m<\/td><td class=\"column-3\">13500 N.m<\/td><td class=\"column-4\">10400 N.m<\/td><td class=\"column-5\">73:1<\/td><td class=\"column-6\">0.2\u00b0<\/td><td class=\"column-7\">21kg<\/td><td class=\"column-8\"><a href=\"https:\/\/slewingbearings.com\/wp-content\/uploads\/2024\/01\/SE7-Slew-Drive-catalog.pdf\"><br \/>\n<img decoding=\"async\" src=\"https:\/\/slewingbearings.com\/wp-content\/uploads\/2024\/01\/pdf.png\" width=\"30\" height=\"30\"><\/a><\/td>\n<\/tr>\n<tr class=\"row-3\">\n\t<td class=\"column-1\">SE7<\/td><td class=\"column-2\">738 lbf.ft<\/td><td class=\"column-3\">9957 lbf.ft<\/td><td class=\"column-4\">7671 lbf.ft<\/td><td class=\"column-5\">73:1<\/td><td class=\"column-6\">0.2\u00b0<\/td><td class=\"column-7\">21kg<\/td><td class=\"column-8\"><a href=\"https:\/\/slewingbearings.com\/wp-content\/uploads\/2024\/01\/SE7-Slew-Drive-catalog.pdf\"><br \/>\n<img decoding=\"async\" src=\"https:\/\/slewingbearings.com\/wp-content\/uploads\/2024\/01\/pdf.png\" width=\"30\" height=\"30\"><\/a><\/td>\n<\/tr>\n<\/tbody>\n<\/table>\n<!-- #tablepress-13 from cache -->\n","protected":false},"excerpt":{"rendered":"<p>L&#8217; unit\u00e0 di rotazione SE7 rappresenta l&#8217; apice del design ingegneristico avanzato e fornisce soluzioni di potenza superiore per un&#8217;ampia gamma di applicazioni industriali. Il suo design \u00e8 attento ai dettagli e mira a ottenere un&#8217; efficiente trasmissione di potenza rotazionale in uno spazio limitato e a dimostrare le sue prestazioni complete di fronte a vari scenari applicativi di ingegneria. <\/p>\n<p>Nel complesso, la serie SE fornisce soluzioni efficienti e sostenibili per la trasmissione di potenza rotante nel settore industriale , grazie all &#8216; eccellente progettazione, alla capacit\u00e0 di carico, all&#8217;affidabilit\u00e0, all&#8217;efficienza energetica e alla facilit\u00e0 di integrazione.<\/p>\n","protected":false},"featured_media":5900,"comment_status":"open","ping_status":"closed","template":"","meta":{"content-type":""},"product_cat":[334,327],"product_tag":[390],"class_list":{"0":"post-11661","1":"product","2":"type-product","3":"status-publish","4":"has-post-thumbnail","6":"product_cat-se-pe-slew-drive-it","7":"product_cat-slew-drive-it","8":"product_tag-se7-slew-drive-it","10":"first","11":"instock","12":"shipping-taxable","13":"product-type-simple"},"yoast_head":"<!-- This site is optimized with the Yoast SEO plugin v21.7 - https:\/\/yoast.com\/wordpress\/plugins\/seo\/ -->\n<title>SE-7 Unit\u00e0 Slew - ZZ Group<\/title>\n<meta name=\"description\" content=\"L&#039; azionamento di rotazione SE7 \u00e8 progettato per una facile integrazione. La struttura modulare e le interfacce standard possono essere applicate in modo flessibile a diversi tipi di macchine.\" \/>\n<meta name=\"robots\" content=\"index, follow, max-snippet:-1, max-image-preview:large, max-video-preview:-1\" \/>\n<link rel=\"canonical\" href=\"https:\/\/slewingbearings.com\/product\/se-7-slew-drive\/\" \/>\n<meta property=\"og:locale\" content=\"it_IT\" \/>\n<meta property=\"og:type\" content=\"article\" \/>\n<meta property=\"og:title\" content=\"SE-7 Unit\u00e0 Slew - ZZ Group\" \/>\n<meta property=\"og:description\" content=\"L&#039; azionamento di rotazione SE7 \u00e8 progettato per una facile integrazione. La struttura modulare e le interfacce standard possono essere applicate in modo flessibile a diversi tipi di macchine.\" \/>\n<meta property=\"og:url\" content=\"https:\/\/slewingbearings.com\/product\/se-7-slew-drive\/\" \/>\n<meta property=\"og:site_name\" content=\"ZZ Group\" \/>\n<meta property=\"og:image\" content=\"https:\/\/slewingbearings.com\/wp-content\/uploads\/2023\/11\/se7.jpg\" \/>\n\t<meta property=\"og:image:width\" content=\"500\" \/>\n\t<meta property=\"og:image:height\" content=\"500\" \/>\n\t<meta property=\"og:image:type\" content=\"image\/jpeg\" \/>\n<meta name=\"twitter:card\" content=\"summary_large_image\" \/>\n<meta name=\"twitter:label1\" content=\"Tempo di lettura stimato\" \/>\n\t<meta name=\"twitter:data1\" content=\"1 minuto\" \/>\n<script type=\"application\/ld+json\" class=\"yoast-schema-graph\">{\"@context\":\"https:\/\/schema.org\",\"@graph\":[{\"@type\":\"WebPage\",\"@id\":\"https:\/\/slewingbearings.com\/product\/se-7-slew-drive\/\",\"url\":\"https:\/\/slewingbearings.com\/product\/se-7-slew-drive\/\",\"name\":\"SE-7 Unit\u00e0 Slew - ZZ Group\",\"isPartOf\":{\"@id\":\"https:\/\/slewingbearings.com\/#website\"},\"datePublished\":\"2023-11-29T05:24:53+00:00\",\"dateModified\":\"2023-11-29T05:24:53+00:00\",\"description\":\"L' azionamento di rotazione SE7 \u00e8 progettato per una facile integrazione. La struttura modulare e le interfacce standard possono essere applicate in modo flessibile a diversi tipi di macchine.\",\"breadcrumb\":{\"@id\":\"https:\/\/slewingbearings.com\/product\/se-7-slew-drive\/#breadcrumb\"},\"inLanguage\":\"it-IT\",\"potentialAction\":[{\"@type\":\"ReadAction\",\"target\":[\"https:\/\/slewingbearings.com\/product\/se-7-slew-drive\/\"]}]},{\"@type\":\"BreadcrumbList\",\"@id\":\"https:\/\/slewingbearings.com\/product\/se-7-slew-drive\/#breadcrumb\",\"itemListElement\":[{\"@type\":\"ListItem\",\"position\":1,\"name\":\"Home\",\"item\":\"https:\/\/slewingbearings.com\/it\/cuscinettodi-rotazione-trasmissione-di-rotazione\/\"},{\"@type\":\"ListItem\",\"position\":2,\"name\":\"Shop\",\"item\":\"https:\/\/slewingbearings.com\/shop\/\"},{\"@type\":\"ListItem\",\"position\":3,\"name\":\"SE-7 Unit\u00e0 Slew\"}]},{\"@type\":\"WebSite\",\"@id\":\"https:\/\/slewingbearings.com\/#website\",\"url\":\"https:\/\/slewingbearings.com\/\",\"name\":\"ZZ Group\",\"description\":\"Leading Slewing Bearings in China\",\"potentialAction\":[{\"@type\":\"SearchAction\",\"target\":{\"@type\":\"EntryPoint\",\"urlTemplate\":\"https:\/\/slewingbearings.com\/?s={search_term_string}\"},\"query-input\":\"required name=search_term_string\"}],\"inLanguage\":\"it-IT\"}]}<\/script>\n<!-- \/ Yoast SEO plugin. -->","yoast_head_json":{"title":"SE-7 Unit\u00e0 Slew - ZZ Group","description":"L' azionamento di rotazione SE7 \u00e8 progettato per una facile integrazione. La struttura modulare e le interfacce standard possono essere applicate in modo flessibile a diversi tipi di macchine.","robots":{"index":"index","follow":"follow","max-snippet":"max-snippet:-1","max-image-preview":"max-image-preview:large","max-video-preview":"max-video-preview:-1"},"canonical":"https:\/\/slewingbearings.com\/product\/se-7-slew-drive\/","og_locale":"it_IT","og_type":"article","og_title":"SE-7 Unit\u00e0 Slew - ZZ Group","og_description":"L' azionamento di rotazione SE7 \u00e8 progettato per una facile integrazione. La struttura modulare e le interfacce standard possono essere applicate in modo flessibile a diversi tipi di macchine.","og_url":"https:\/\/slewingbearings.com\/product\/se-7-slew-drive\/","og_site_name":"ZZ Group","og_image":[{"width":500,"height":500,"url":"https:\/\/slewingbearings.com\/wp-content\/uploads\/2023\/11\/se7.jpg","type":"image\/jpeg"}],"twitter_card":"summary_large_image","twitter_misc":{"Tempo di lettura stimato":"1 minuto"},"schema":{"@context":"https:\/\/schema.org","@graph":[{"@type":"WebPage","@id":"https:\/\/slewingbearings.com\/product\/se-7-slew-drive\/","url":"https:\/\/slewingbearings.com\/product\/se-7-slew-drive\/","name":"SE-7 Unit\u00e0 Slew - ZZ Group","isPartOf":{"@id":"https:\/\/slewingbearings.com\/#website"},"datePublished":"2023-11-29T05:24:53+00:00","dateModified":"2023-11-29T05:24:53+00:00","description":"L' azionamento di rotazione SE7 \u00e8 progettato per una facile integrazione. La struttura modulare e le interfacce standard possono essere applicate in modo flessibile a diversi tipi di macchine.","breadcrumb":{"@id":"https:\/\/slewingbearings.com\/product\/se-7-slew-drive\/#breadcrumb"},"inLanguage":"it-IT","potentialAction":[{"@type":"ReadAction","target":["https:\/\/slewingbearings.com\/product\/se-7-slew-drive\/"]}]},{"@type":"BreadcrumbList","@id":"https:\/\/slewingbearings.com\/product\/se-7-slew-drive\/#breadcrumb","itemListElement":[{"@type":"ListItem","position":1,"name":"Home","item":"https:\/\/slewingbearings.com\/it\/cuscinettodi-rotazione-trasmissione-di-rotazione\/"},{"@type":"ListItem","position":2,"name":"Shop","item":"https:\/\/slewingbearings.com\/shop\/"},{"@type":"ListItem","position":3,"name":"SE-7 Unit\u00e0 Slew"}]},{"@type":"WebSite","@id":"https:\/\/slewingbearings.com\/#website","url":"https:\/\/slewingbearings.com\/","name":"ZZ Group","description":"Leading Slewing Bearings in China","potentialAction":[{"@type":"SearchAction","target":{"@type":"EntryPoint","urlTemplate":"https:\/\/slewingbearings.com\/?s={search_term_string}"},"query-input":"required name=search_term_string"}],"inLanguage":"it-IT"}]}},"_links":{"self":[{"href":"https:\/\/slewingbearings.com\/it\/wp-json\/wp\/v2\/product\/11661","targetHints":{"allow":["GET"]}}],"collection":[{"href":"https:\/\/slewingbearings.com\/it\/wp-json\/wp\/v2\/product"}],"about":[{"href":"https:\/\/slewingbearings.com\/it\/wp-json\/wp\/v2\/types\/product"}],"replies":[{"embeddable":true,"href":"https:\/\/slewingbearings.com\/it\/wp-json\/wp\/v2\/comments?post=11661"}],"wp:featuredmedia":[{"embeddable":true,"href":"https:\/\/slewingbearings.com\/it\/wp-json\/wp\/v2\/media\/5900"}],"wp:attachment":[{"href":"https:\/\/slewingbearings.com\/it\/wp-json\/wp\/v2\/media?parent=11661"}],"wp:term":[{"taxonomy":"product_cat","embeddable":true,"href":"https:\/\/slewingbearings.com\/it\/wp-json\/wp\/v2\/product_cat?post=11661"},{"taxonomy":"product_tag","embeddable":true,"href":"https:\/\/slewingbearings.com\/it\/wp-json\/wp\/v2\/product_tag?post=11661"}],"curies":[{"name":"wp","href":"https:\/\/api.w.org\/{rel}","templated":true}]}}