{"id":11654,"date":"2023-11-29T05:23:49","date_gmt":"2023-11-29T05:23:49","guid":{"rendered":"https:\/\/slewingbearings.com\/product\/se-5-riduttore-di-rotazione\/"},"modified":"2023-11-29T05:23:49","modified_gmt":"2023-11-29T05:23:49","slug":"se-5-riduttore-di-rotazione","status":"publish","type":"product","link":"https:\/\/slewingbearings.com\/it\/product\/se-5-riduttore-di-rotazione\/","title":{"rendered":"SE-5 Riduttore di rotazione"},"content":{"rendered":"<p>Questa serie di motori di rotazione \u00e8 nota per la sua elevata capacit\u00e0 di carico ed \u00e8 in grado di sopportare in modo stabile il carico di macchinari pesanti e attrezzature ingegneristiche, garantendo l&#8217;affidabilit\u00e0 e la stabilit\u00e0 del funzionamento del sistema. La progettazione si concentra sull&#8217;affidabilit\u00e0 per garantire prestazioni eccellenti e costanti per lunghi periodi di funzionamento. Inoltre, la serie SE raggiunge una conversione efficiente dell&#8217;energia e riduce il consumo energetico grazie a una tecnologia di conversione ottimizzata, in linea con la ricerca della conservazione dell&#8217;energia e della tutela dell&#8217;ambiente nel campo dell&#8217;ingegneria moderna.  <\/p>\n<p>Allo stesso tempo, la serie SE punta sulla facilit\u00e0 di integrazione e pu\u00f2 essere facilmente integrata in vari sistemi meccanici, offrendo agli utenti una maggiore flessibilit\u00e0. Il design antipolvere e impermeabile lo rende adatto ad ambienti di lavoro difficili e prolunga la durata del prodotto. Nel complesso, la serie SE \u00e8 diventata una soluzione di potenza indispensabile nei settori industriali e meccanici grazie alle sue eccellenti prestazioni, affidabilit\u00e0 e adattabilit\u00e0.  <\/p>\n\n<table id=\"tablepress-12\" class=\"tablepress tablepress-id-12\">\n<thead>\n<tr class=\"row-1\">\n\t<th class=\"column-1\">Model<\/th><th class=\"column-2\">Output Torque<\/th><th class=\"column-3\">Tilting Moment Torque<\/th><th class=\"column-4\">Holding Torque<\/th><th class=\"column-5\">Gear Ratio<\/th><th class=\"column-6\">Tracking Precision<\/th><th class=\"column-7\">Weight<\/th><th class=\"column-8\">Drawing<\/th>\n<\/tr>\n<\/thead>\n<tbody class=\"row-striping row-hover\">\n<tr class=\"row-2\">\n\t<td class=\"column-1\">SE5<\/td><td class=\"column-2\">600 N.m<\/td><td class=\"column-3\">1800 N.m<\/td><td class=\"column-4\">5000 N.m<\/td><td class=\"column-5\">62:1<\/td><td class=\"column-6\">0.2\u00b0<\/td><td class=\"column-7\">12kg<\/td><td class=\"column-8\"><a href=\"https:\/\/slewingbearings.com\/wp-content\/uploads\/2024\/01\/SE5-Slew-Drive-catalog.pdf\"><br \/>\n<img decoding=\"async\" src=\"https:\/\/slewingbearings.com\/wp-content\/uploads\/2024\/01\/pdf.png\" width=\"30\" height=\"30\"><\/a><\/td>\n<\/tr>\n<tr class=\"row-3\">\n\t<td class=\"column-1\">SE5<\/td><td class=\"column-2\">443 lbf.ft<\/td><td class=\"column-3\">1328 lbf.ft<\/td><td class=\"column-4\">3688 lbf.ft<\/td><td class=\"column-5\">62:1<\/td><td class=\"column-6\">0.2\u00b0<\/td><td class=\"column-7\">12kg<\/td><td class=\"column-8\"><a href=\"https:\/\/slewingbearings.com\/wp-content\/uploads\/2024\/01\/SE5-Slew-Drive-catalog.pdf\"><br \/>\n<img decoding=\"async\" src=\"https:\/\/slewingbearings.com\/wp-content\/uploads\/2024\/01\/pdf.png\" width=\"30\" height=\"30\"><\/a><\/td>\n<\/tr>\n<\/tbody>\n<\/table>\n<!-- #tablepress-12 from cache -->\n","protected":false},"excerpt":{"rendered":"<p>Le ralle della serie SE sono una serie di apparecchiature meccaniche ben progettate che si distinguono tra i sistemi ingegneristici e meccanici per l&#8217;alta precisione e le prestazioni eccezionali. Il suo design compatto consente di fornire una potenza di rotazione efficiente in uno spazio limitato. La serie SE \u00e8 stata appositamente progettata per adattarsi a diversi scenari applicativi e pu\u00f2 svolgere un ruolo eccellente nella produzione industriale, nell&#8217;ingegneria edile o nella robotica.  <\/p>\n","protected":false},"featured_media":5891,"comment_status":"open","ping_status":"closed","template":"","meta":{"content-type":""},"product_cat":[334,327],"product_tag":[383],"class_list":{"0":"post-11654","1":"product","2":"type-product","3":"status-publish","4":"has-post-thumbnail","6":"product_cat-se-pe-slew-drive-it","7":"product_cat-slew-drive-it","8":"product_tag-se5-slew-drive-it","10":"first","11":"instock","12":"shipping-taxable","13":"product-type-simple"},"yoast_head":"<!-- This site is optimized with the Yoast SEO plugin v21.7 - https:\/\/yoast.com\/wordpress\/plugins\/seo\/ -->\n<title>SE-5 Riduttore di rotazione - ZZ Group<\/title>\n<meta name=\"description\" content=\"La serie SE si concentra anche sulla facilit\u00e0 di integrazione e pu\u00f2 essere facilmente integrata in vari sistemi meccanici, garantendo una maggiore flessibilit\u00e0.\" \/>\n<meta name=\"robots\" content=\"index, follow, max-snippet:-1, max-image-preview:large, max-video-preview:-1\" \/>\n<link rel=\"canonical\" href=\"https:\/\/slewingbearings.com\/product\/se-5-slew-drive\/\" \/>\n<meta property=\"og:locale\" content=\"it_IT\" \/>\n<meta property=\"og:type\" content=\"article\" \/>\n<meta property=\"og:title\" content=\"SE-5 Riduttore di rotazione - ZZ Group\" \/>\n<meta property=\"og:description\" content=\"La serie SE si concentra anche sulla facilit\u00e0 di integrazione e pu\u00f2 essere facilmente integrata in vari sistemi meccanici, garantendo una maggiore flessibilit\u00e0.\" \/>\n<meta property=\"og:url\" content=\"https:\/\/slewingbearings.com\/product\/se-5-slew-drive\/\" \/>\n<meta property=\"og:site_name\" content=\"ZZ Group\" \/>\n<meta property=\"og:image\" content=\"https:\/\/slewingbearings.com\/wp-content\/uploads\/2023\/11\/se5.jpg\" \/>\n\t<meta property=\"og:image:width\" content=\"500\" \/>\n\t<meta property=\"og:image:height\" content=\"500\" \/>\n\t<meta property=\"og:image:type\" content=\"image\/jpeg\" \/>\n<meta name=\"twitter:card\" content=\"summary_large_image\" \/>\n<meta name=\"twitter:label1\" content=\"Tempo di lettura stimato\" \/>\n\t<meta name=\"twitter:data1\" content=\"1 minuto\" \/>\n<script type=\"application\/ld+json\" class=\"yoast-schema-graph\">{\"@context\":\"https:\/\/schema.org\",\"@graph\":[{\"@type\":\"WebPage\",\"@id\":\"https:\/\/slewingbearings.com\/product\/se-5-slew-drive\/\",\"url\":\"https:\/\/slewingbearings.com\/product\/se-5-slew-drive\/\",\"name\":\"SE-5 Riduttore di rotazione - ZZ Group\",\"isPartOf\":{\"@id\":\"https:\/\/slewingbearings.com\/#website\"},\"datePublished\":\"2023-11-29T05:23:49+00:00\",\"dateModified\":\"2023-11-29T05:23:49+00:00\",\"description\":\"La serie SE si concentra anche sulla facilit\u00e0 di integrazione e pu\u00f2 essere facilmente integrata in vari sistemi meccanici, garantendo una maggiore flessibilit\u00e0.\",\"breadcrumb\":{\"@id\":\"https:\/\/slewingbearings.com\/product\/se-5-slew-drive\/#breadcrumb\"},\"inLanguage\":\"it-IT\",\"potentialAction\":[{\"@type\":\"ReadAction\",\"target\":[\"https:\/\/slewingbearings.com\/product\/se-5-slew-drive\/\"]}]},{\"@type\":\"BreadcrumbList\",\"@id\":\"https:\/\/slewingbearings.com\/product\/se-5-slew-drive\/#breadcrumb\",\"itemListElement\":[{\"@type\":\"ListItem\",\"position\":1,\"name\":\"Home\",\"item\":\"https:\/\/slewingbearings.com\/it\/cuscinettodi-rotazione-trasmissione-di-rotazione\/\"},{\"@type\":\"ListItem\",\"position\":2,\"name\":\"Shop\",\"item\":\"https:\/\/slewingbearings.com\/shop\/\"},{\"@type\":\"ListItem\",\"position\":3,\"name\":\"SE-5 Riduttore di rotazione\"}]},{\"@type\":\"WebSite\",\"@id\":\"https:\/\/slewingbearings.com\/#website\",\"url\":\"https:\/\/slewingbearings.com\/\",\"name\":\"ZZ Group\",\"description\":\"Leading Slewing Bearings in China\",\"potentialAction\":[{\"@type\":\"SearchAction\",\"target\":{\"@type\":\"EntryPoint\",\"urlTemplate\":\"https:\/\/slewingbearings.com\/?s={search_term_string}\"},\"query-input\":\"required name=search_term_string\"}],\"inLanguage\":\"it-IT\"}]}<\/script>\n<!-- \/ Yoast SEO plugin. -->","yoast_head_json":{"title":"SE-5 Riduttore di rotazione - ZZ Group","description":"La serie SE si concentra anche sulla facilit\u00e0 di integrazione e pu\u00f2 essere facilmente integrata in vari sistemi meccanici, garantendo una maggiore flessibilit\u00e0.","robots":{"index":"index","follow":"follow","max-snippet":"max-snippet:-1","max-image-preview":"max-image-preview:large","max-video-preview":"max-video-preview:-1"},"canonical":"https:\/\/slewingbearings.com\/product\/se-5-slew-drive\/","og_locale":"it_IT","og_type":"article","og_title":"SE-5 Riduttore di rotazione - ZZ Group","og_description":"La serie SE si concentra anche sulla facilit\u00e0 di integrazione e pu\u00f2 essere facilmente integrata in vari sistemi meccanici, garantendo una maggiore flessibilit\u00e0.","og_url":"https:\/\/slewingbearings.com\/product\/se-5-slew-drive\/","og_site_name":"ZZ Group","og_image":[{"width":500,"height":500,"url":"https:\/\/slewingbearings.com\/wp-content\/uploads\/2023\/11\/se5.jpg","type":"image\/jpeg"}],"twitter_card":"summary_large_image","twitter_misc":{"Tempo di lettura stimato":"1 minuto"},"schema":{"@context":"https:\/\/schema.org","@graph":[{"@type":"WebPage","@id":"https:\/\/slewingbearings.com\/product\/se-5-slew-drive\/","url":"https:\/\/slewingbearings.com\/product\/se-5-slew-drive\/","name":"SE-5 Riduttore di rotazione - ZZ Group","isPartOf":{"@id":"https:\/\/slewingbearings.com\/#website"},"datePublished":"2023-11-29T05:23:49+00:00","dateModified":"2023-11-29T05:23:49+00:00","description":"La serie SE si concentra anche sulla facilit\u00e0 di integrazione e pu\u00f2 essere facilmente integrata in vari sistemi meccanici, garantendo una maggiore flessibilit\u00e0.","breadcrumb":{"@id":"https:\/\/slewingbearings.com\/product\/se-5-slew-drive\/#breadcrumb"},"inLanguage":"it-IT","potentialAction":[{"@type":"ReadAction","target":["https:\/\/slewingbearings.com\/product\/se-5-slew-drive\/"]}]},{"@type":"BreadcrumbList","@id":"https:\/\/slewingbearings.com\/product\/se-5-slew-drive\/#breadcrumb","itemListElement":[{"@type":"ListItem","position":1,"name":"Home","item":"https:\/\/slewingbearings.com\/it\/cuscinettodi-rotazione-trasmissione-di-rotazione\/"},{"@type":"ListItem","position":2,"name":"Shop","item":"https:\/\/slewingbearings.com\/shop\/"},{"@type":"ListItem","position":3,"name":"SE-5 Riduttore di rotazione"}]},{"@type":"WebSite","@id":"https:\/\/slewingbearings.com\/#website","url":"https:\/\/slewingbearings.com\/","name":"ZZ Group","description":"Leading Slewing Bearings in China","potentialAction":[{"@type":"SearchAction","target":{"@type":"EntryPoint","urlTemplate":"https:\/\/slewingbearings.com\/?s={search_term_string}"},"query-input":"required name=search_term_string"}],"inLanguage":"it-IT"}]}},"_links":{"self":[{"href":"https:\/\/slewingbearings.com\/it\/wp-json\/wp\/v2\/product\/11654","targetHints":{"allow":["GET"]}}],"collection":[{"href":"https:\/\/slewingbearings.com\/it\/wp-json\/wp\/v2\/product"}],"about":[{"href":"https:\/\/slewingbearings.com\/it\/wp-json\/wp\/v2\/types\/product"}],"replies":[{"embeddable":true,"href":"https:\/\/slewingbearings.com\/it\/wp-json\/wp\/v2\/comments?post=11654"}],"wp:featuredmedia":[{"embeddable":true,"href":"https:\/\/slewingbearings.com\/it\/wp-json\/wp\/v2\/media\/5891"}],"wp:attachment":[{"href":"https:\/\/slewingbearings.com\/it\/wp-json\/wp\/v2\/media?parent=11654"}],"wp:term":[{"taxonomy":"product_cat","embeddable":true,"href":"https:\/\/slewingbearings.com\/it\/wp-json\/wp\/v2\/product_cat?post=11654"},{"taxonomy":"product_tag","embeddable":true,"href":"https:\/\/slewingbearings.com\/it\/wp-json\/wp\/v2\/product_tag?post=11654"}],"curies":[{"name":"wp","href":"https:\/\/api.w.org\/{rel}","templated":true}]}}