{"id":11643,"date":"2023-11-28T11:39:02","date_gmt":"2023-11-28T11:39:02","guid":{"rendered":"https:\/\/slewingbearings.com\/product\/se-3-unita-di-rotazione\/"},"modified":"2023-11-28T11:39:02","modified_gmt":"2023-11-28T11:39:02","slug":"se-3-unita-di-rotazione","status":"publish","type":"product","link":"https:\/\/slewingbearings.com\/it\/product\/se-3-unita-di-rotazione\/","title":{"rendered":"SE-3 Unit\u00e0 di rotazione"},"content":{"rendered":"<p>La serie SE \u00e8 caratterizzata da un design compatto e di alta precisione, che si adatta a diversi scenari applicativi, da un&#8217;elevata capacit\u00e0 di carico e da una forte affidabilit\u00e0, in grado di fornire un&#8217; efficiente potenza di rotazione per sistemi ingegneristici e meccanici. Le caratteristiche specifiche sono: <\/p>\n<ul>\n<li>Progettazione di precisione: I motori di rotazione della serie SE sono generalmente progettati con precisione per garantire un elevato grado di accuratezza e controllabilit\u00e0. Ci\u00f2 \u00e8 fondamentale per alcune applicazioni che richiedono un posizionamento e un controllo di altaprecisione. <\/li>\n<li>Elevata capacit\u00e0 di carico: Questo tipo di ralla \u00e8 di solito progettato per trasportare carichi maggiori ed \u00e8 adatto a macchinari pesanti e ad attrezzature per l&#8217;edilizia.<\/li>\n<li>Design compatto: Per adattarsi a spazi di installazione limitati, la serie SE pu\u00f2 adottare un design compatto, garantendo un&#8217; efficiente densit\u00e0 di potenza.<\/li>\n<\/ul>\n\n<table id=\"tablepress-11\" class=\"tablepress tablepress-id-11\">\n<thead>\n<tr class=\"row-1\">\n\t<th class=\"column-1\">Model<\/th><th class=\"column-2\">Output Torque<\/th><th class=\"column-3\">Tilting Moment Torque<\/th><th class=\"column-4\">Holding Torque<\/th><th class=\"column-5\">Gear Ratio<\/th><th class=\"column-6\">Tracking Precision<\/th><th class=\"column-7\">Weight<\/th><th class=\"column-8\">Drawing<\/th>\n<\/tr>\n<\/thead>\n<tbody class=\"row-striping row-hover\">\n<tr class=\"row-2\">\n\t<td class=\"column-1\">SE3<\/td><td class=\"column-2\">400 N.m<\/td><td class=\"column-3\">1100 N.m<\/td><td class=\"column-4\">2000 N.m<\/td><td class=\"column-5\">62:1<\/td><td class=\"column-6\">0.2\u00b0<\/td><td class=\"column-7\">12kg<\/td><td class=\"column-8\"><a href=\"https:\/\/slewingbearings.com\/wp-content\/uploads\/2024\/01\/SE3-Slew-Drive-catalog.pdf\"><br \/>\n<img decoding=\"async\" src=\"https:\/\/slewingbearings.com\/wp-content\/uploads\/2024\/01\/pdf.png\" width=\"30\" height=\"30\"><\/a><\/td>\n<\/tr>\n<tr class=\"row-3\">\n\t<td class=\"column-1\">SE3<\/td><td class=\"column-2\">295 lbf.ft<\/td><td class=\"column-3\">811 lbf.ft<\/td><td class=\"column-4\">1476 lbf.ft<\/td><td class=\"column-5\">62:1<\/td><td class=\"column-6\">0.2\u00b0<\/td><td class=\"column-7\">12kg<\/td><td class=\"column-8\"><a href=\"https:\/\/slewingbearings.com\/wp-content\/uploads\/2024\/01\/SE3-Slew-Drive-catalog.pdf\"><br \/>\n<img decoding=\"async\" src=\"https:\/\/slewingbearings.com\/wp-content\/uploads\/2024\/01\/pdf.png\" width=\"30\" height=\"30\"><\/a><\/td>\n<\/tr>\n<\/tbody>\n<\/table>\n<!-- #tablepress-11 from cache -->\n","protected":false},"excerpt":{"rendered":"<p>Il meccanismo di azionamento \u00e8 un componente chiave dell&#8217;azionamento a rotazione SE3, che alimenta i componenti rotanti attraverso una fonte di energia o di potenza esterna. La scelta del meccanismo di azionamento dipende dall&#8217;applicazione specifica e comprende motori elettrici, azionamenti idraulici, azionamenti pneumatici, ecc. <\/p>\n","protected":false},"featured_media":5882,"comment_status":"open","ping_status":"closed","template":"","meta":{"content-type":""},"product_cat":[334,327],"product_tag":[376],"class_list":{"0":"post-11643","1":"product","2":"type-product","3":"status-publish","4":"has-post-thumbnail","6":"product_cat-se-pe-slew-drive-it","7":"product_cat-slew-drive-it","8":"product_tag-se-3-slew-drive-it","10":"first","11":"instock","12":"shipping-taxable","13":"product-type-simple"},"yoast_head":"<!-- This site is optimized with the Yoast SEO plugin v21.7 - https:\/\/yoast.com\/wordpress\/plugins\/seo\/ -->\n<title>SE-3 Unit\u00e0 di rotazione - ZZ Group<\/title>\n<meta name=\"description\" content=\"I riduttori SE3 sono utilizzati in molti campi come la produzione industriale, l&#039;ingegneria edile, l&#039;energia, i trasporti e gli elettrodomestici.\" \/>\n<meta name=\"robots\" content=\"index, follow, max-snippet:-1, max-image-preview:large, max-video-preview:-1\" \/>\n<link rel=\"canonical\" href=\"https:\/\/slewingbearings.com\/product\/se-3-slew-drive\/\" \/>\n<meta property=\"og:locale\" content=\"it_IT\" \/>\n<meta property=\"og:type\" content=\"article\" \/>\n<meta property=\"og:title\" content=\"SE-3 Unit\u00e0 di rotazione - ZZ Group\" \/>\n<meta property=\"og:description\" content=\"I riduttori SE3 sono utilizzati in molti campi come la produzione industriale, l&#039;ingegneria edile, l&#039;energia, i trasporti e gli elettrodomestici.\" \/>\n<meta property=\"og:url\" content=\"https:\/\/slewingbearings.com\/product\/se-3-slew-drive\/\" \/>\n<meta property=\"og:site_name\" content=\"ZZ Group\" \/>\n<meta property=\"og:image\" content=\"https:\/\/slewingbearings.com\/wp-content\/uploads\/2023\/11\/se3.jpg\" \/>\n\t<meta property=\"og:image:width\" content=\"500\" \/>\n\t<meta property=\"og:image:height\" content=\"500\" \/>\n\t<meta property=\"og:image:type\" content=\"image\/jpeg\" \/>\n<meta name=\"twitter:card\" content=\"summary_large_image\" \/>\n<meta name=\"twitter:label1\" content=\"Tempo di lettura stimato\" \/>\n\t<meta name=\"twitter:data1\" content=\"1 minuto\" \/>\n<script type=\"application\/ld+json\" class=\"yoast-schema-graph\">{\"@context\":\"https:\/\/schema.org\",\"@graph\":[{\"@type\":\"WebPage\",\"@id\":\"https:\/\/slewingbearings.com\/product\/se-3-slew-drive\/\",\"url\":\"https:\/\/slewingbearings.com\/product\/se-3-slew-drive\/\",\"name\":\"SE-3 Unit\u00e0 di rotazione - ZZ Group\",\"isPartOf\":{\"@id\":\"https:\/\/slewingbearings.com\/#website\"},\"datePublished\":\"2023-11-28T11:39:02+00:00\",\"dateModified\":\"2023-11-28T11:39:02+00:00\",\"description\":\"I riduttori SE3 sono utilizzati in molti campi come la produzione industriale, l'ingegneria edile, l'energia, i trasporti e gli elettrodomestici.\",\"breadcrumb\":{\"@id\":\"https:\/\/slewingbearings.com\/product\/se-3-slew-drive\/#breadcrumb\"},\"inLanguage\":\"it-IT\",\"potentialAction\":[{\"@type\":\"ReadAction\",\"target\":[\"https:\/\/slewingbearings.com\/product\/se-3-slew-drive\/\"]}]},{\"@type\":\"BreadcrumbList\",\"@id\":\"https:\/\/slewingbearings.com\/product\/se-3-slew-drive\/#breadcrumb\",\"itemListElement\":[{\"@type\":\"ListItem\",\"position\":1,\"name\":\"Home\",\"item\":\"https:\/\/slewingbearings.com\/it\/cuscinettodi-rotazione-trasmissione-di-rotazione\/\"},{\"@type\":\"ListItem\",\"position\":2,\"name\":\"Shop\",\"item\":\"https:\/\/slewingbearings.com\/shop\/\"},{\"@type\":\"ListItem\",\"position\":3,\"name\":\"SE-3 Unit\u00e0 di rotazione\"}]},{\"@type\":\"WebSite\",\"@id\":\"https:\/\/slewingbearings.com\/#website\",\"url\":\"https:\/\/slewingbearings.com\/\",\"name\":\"ZZ Group\",\"description\":\"Leading Slewing Bearings in China\",\"potentialAction\":[{\"@type\":\"SearchAction\",\"target\":{\"@type\":\"EntryPoint\",\"urlTemplate\":\"https:\/\/slewingbearings.com\/?s={search_term_string}\"},\"query-input\":\"required name=search_term_string\"}],\"inLanguage\":\"it-IT\"}]}<\/script>\n<!-- \/ Yoast SEO plugin. -->","yoast_head_json":{"title":"SE-3 Unit\u00e0 di rotazione - ZZ Group","description":"I riduttori SE3 sono utilizzati in molti campi come la produzione industriale, l'ingegneria edile, l'energia, i trasporti e gli elettrodomestici.","robots":{"index":"index","follow":"follow","max-snippet":"max-snippet:-1","max-image-preview":"max-image-preview:large","max-video-preview":"max-video-preview:-1"},"canonical":"https:\/\/slewingbearings.com\/product\/se-3-slew-drive\/","og_locale":"it_IT","og_type":"article","og_title":"SE-3 Unit\u00e0 di rotazione - ZZ Group","og_description":"I riduttori SE3 sono utilizzati in molti campi come la produzione industriale, l'ingegneria edile, l'energia, i trasporti e gli elettrodomestici.","og_url":"https:\/\/slewingbearings.com\/product\/se-3-slew-drive\/","og_site_name":"ZZ Group","og_image":[{"width":500,"height":500,"url":"https:\/\/slewingbearings.com\/wp-content\/uploads\/2023\/11\/se3.jpg","type":"image\/jpeg"}],"twitter_card":"summary_large_image","twitter_misc":{"Tempo di lettura stimato":"1 minuto"},"schema":{"@context":"https:\/\/schema.org","@graph":[{"@type":"WebPage","@id":"https:\/\/slewingbearings.com\/product\/se-3-slew-drive\/","url":"https:\/\/slewingbearings.com\/product\/se-3-slew-drive\/","name":"SE-3 Unit\u00e0 di rotazione - ZZ Group","isPartOf":{"@id":"https:\/\/slewingbearings.com\/#website"},"datePublished":"2023-11-28T11:39:02+00:00","dateModified":"2023-11-28T11:39:02+00:00","description":"I riduttori SE3 sono utilizzati in molti campi come la produzione industriale, l'ingegneria edile, l'energia, i trasporti e gli elettrodomestici.","breadcrumb":{"@id":"https:\/\/slewingbearings.com\/product\/se-3-slew-drive\/#breadcrumb"},"inLanguage":"it-IT","potentialAction":[{"@type":"ReadAction","target":["https:\/\/slewingbearings.com\/product\/se-3-slew-drive\/"]}]},{"@type":"BreadcrumbList","@id":"https:\/\/slewingbearings.com\/product\/se-3-slew-drive\/#breadcrumb","itemListElement":[{"@type":"ListItem","position":1,"name":"Home","item":"https:\/\/slewingbearings.com\/it\/cuscinettodi-rotazione-trasmissione-di-rotazione\/"},{"@type":"ListItem","position":2,"name":"Shop","item":"https:\/\/slewingbearings.com\/shop\/"},{"@type":"ListItem","position":3,"name":"SE-3 Unit\u00e0 di rotazione"}]},{"@type":"WebSite","@id":"https:\/\/slewingbearings.com\/#website","url":"https:\/\/slewingbearings.com\/","name":"ZZ Group","description":"Leading Slewing Bearings in China","potentialAction":[{"@type":"SearchAction","target":{"@type":"EntryPoint","urlTemplate":"https:\/\/slewingbearings.com\/?s={search_term_string}"},"query-input":"required name=search_term_string"}],"inLanguage":"it-IT"}]}},"_links":{"self":[{"href":"https:\/\/slewingbearings.com\/it\/wp-json\/wp\/v2\/product\/11643","targetHints":{"allow":["GET"]}}],"collection":[{"href":"https:\/\/slewingbearings.com\/it\/wp-json\/wp\/v2\/product"}],"about":[{"href":"https:\/\/slewingbearings.com\/it\/wp-json\/wp\/v2\/types\/product"}],"replies":[{"embeddable":true,"href":"https:\/\/slewingbearings.com\/it\/wp-json\/wp\/v2\/comments?post=11643"}],"wp:featuredmedia":[{"embeddable":true,"href":"https:\/\/slewingbearings.com\/it\/wp-json\/wp\/v2\/media\/5882"}],"wp:attachment":[{"href":"https:\/\/slewingbearings.com\/it\/wp-json\/wp\/v2\/media?parent=11643"}],"wp:term":[{"taxonomy":"product_cat","embeddable":true,"href":"https:\/\/slewingbearings.com\/it\/wp-json\/wp\/v2\/product_cat?post=11643"},{"taxonomy":"product_tag","embeddable":true,"href":"https:\/\/slewingbearings.com\/it\/wp-json\/wp\/v2\/product_tag?post=11643"}],"curies":[{"name":"wp","href":"https:\/\/api.w.org\/{rel}","templated":true}]}}