{"id":11589,"date":"2025-01-09T03:11:30","date_gmt":"2025-01-09T03:11:30","guid":{"rendered":"https:\/\/slewingbearings.com\/product\/riduttore-di-rotazione-della-serie-sp-i-di-imo\/"},"modified":"2025-01-09T03:11:30","modified_gmt":"2025-01-09T03:11:30","slug":"riduttore-di-rotazione-della-serie-sp-i-di-imo","status":"publish","type":"product","link":"https:\/\/slewingbearings.com\/it\/product\/riduttore-di-rotazione-della-serie-sp-i-di-imo\/","title":{"rendered":"Riduttore di rotazione della serie SP-I di IMO"},"content":{"rendered":"<p>La <a href=\"https:\/\/slewingbearings.com\/it\/trasmissione-a-rotazione\/\">ralla<\/a> ZZ \u00e8 un dispositivo di rotazione efficiente e affidabile che integra motore, riduttore e cuscinetto di rotazione. \u00c8 caratterizzato da un&#8217;elevata capacit\u00e0 di carico, un controllo preciso e un design compatto. Realizzato con materiali di alta qualit\u00e0, offre durata e resistenza alla corrosione, rendendolo adatto a sistemi di inseguimento solare, energia eolica, macchine edili e altre applicazioni. Il motore di rotazione ZZ supporta varie specifiche per soddisfare le diverse esigenze, garantendo bassi costi di manutenzione e prestazioni stabili, che lo rendono una soluzione ideale per le applicazioni ad alta intensit\u00e0.   <\/p>\n<p><strong>Caratteristiche principali dei riduttori della serie SP-I di IMO:<\/strong><\/p>\n<ul>\n<li>Design compatto: La serie SP-I presenta un design compatto che integra motore, riduttore e ralla in un&#8217;unica unit\u00e0, rendendola ideale per le applicazioni con spazio limitato.<\/li>\n<li>Elevata capacit\u00e0 di carico: Questi azionamenti sono progettati per gestire carichi pesanti mantenendo alti livelli di efficienza e stabilit\u00e0. La ralla e il sistema di ingranaggi lavorano insieme per garantire un funzionamento regolare in condizioni di coppia elevata. <\/li>\n<li>Precisione e affidabilit\u00e0: Le ralle IMO sono progettate per garantire precisione e durata nel tempo, rendendole adatte ad applicazioni impegnative che richiedono prestazioni costanti e affidabili nel tempo.<\/li>\n<\/ul>\n\n<table id=\"tablepress-100\" class=\"tablepress tablepress-id-100\">\n<thead>\n<tr class=\"row-1\">\n\t<th class=\"column-1\">Part Number<\/th><th class=\"column-2\">Series<\/th><th class=\"column-3\">Number of drives<\/th><th class=\"column-4\">Drive style<\/th><th class=\"column-5\">Module<\/th><th class=\"column-6\">Number Of <br \/>\nTeeth Pinion<\/th><th class=\"column-7\">Number Of <br \/>\nWheel Teeth<\/th><th class=\"column-8\">Weight<\/th><th class=\"column-9\">Slew Drive <br \/>\nGear Ratio<\/th><th class=\"column-10\">Max Torque<\/th><th class=\"column-11\">Nom Torques<\/th><th class=\"column-12\">Max Holding <br \/>\nTorque<\/th>\n<\/tr>\n<\/thead>\n<tbody class=\"row-striping row-hover\">\n<tr class=\"row-2\">\n\t<td class=\"column-1\">SP-I 0229<\/td><td class=\"column-2\">SP-I Series<\/td><td class=\"column-3\">1 drive<\/td><td class=\"column-4\">Straight teeth<\/td><td class=\"column-5\">4<\/td><td class=\"column-6\">15<\/td><td class=\"column-7\">79<\/td><td class=\"column-8\">46 Kg<\/td><td class=\"column-9\">5.27<\/td><td class=\"column-10\">3002 Nm<\/td><td class=\"column-11\">2607 Nm<\/td><td class=\"column-12\">3002<\/td>\n<\/tr>\n<tr class=\"row-3\">\n\t<td class=\"column-1\">SP-I 0311<\/td><td class=\"column-2\">SP-I Series<\/td><td class=\"column-3\">1 drive<\/td><td class=\"column-4\">Straight teeth<\/td><td class=\"column-5\">4<\/td><td class=\"column-6\">15<\/td><td class=\"column-7\">99<\/td><td class=\"column-8\">50 Kg<\/td><td class=\"column-9\">6.6<\/td><td class=\"column-10\">3762 Nm<\/td><td class=\"column-11\">2653 Nm<\/td><td class=\"column-12\">3762<\/td>\n<\/tr>\n<tr class=\"row-4\">\n\t<td class=\"column-1\">SP-I 0411<\/td><td class=\"column-2\">SP-I Series<\/td><td class=\"column-3\">1 drive<\/td><td class=\"column-4\">Straight teeth<\/td><td class=\"column-5\">4<\/td><td class=\"column-6\">15<\/td><td class=\"column-7\">124<\/td><td class=\"column-8\">59 Kg<\/td><td class=\"column-9\">8.27<\/td><td class=\"column-10\">4712 Nm<\/td><td class=\"column-11\">3348 Nm<\/td><td class=\"column-12\">4712<\/td>\n<\/tr>\n<tr class=\"row-5\">\n\t<td class=\"column-1\">SP-I 0541<\/td><td class=\"column-2\">SP-I Series<\/td><td class=\"column-3\">1 drive<\/td><td class=\"column-4\">Straight teeth<\/td><td class=\"column-5\">4<\/td><td class=\"column-6\">15<\/td><td class=\"column-7\">156<\/td><td class=\"column-8\">72 Kg<\/td><td class=\"column-9\">10.4<\/td><td class=\"column-10\">5928 Nm<\/td><td class=\"column-11\">4243 Nm<\/td><td class=\"column-12\">5928<\/td>\n<\/tr>\n<tr class=\"row-6\">\n\t<td class=\"column-1\">SP-I 0641<\/td><td class=\"column-2\">SP-I Series<\/td><td class=\"column-3\">1 drive<\/td><td class=\"column-4\">Straight teeth<\/td><td class=\"column-5\">4<\/td><td class=\"column-6\">15<\/td><td class=\"column-7\">181<\/td><td class=\"column-8\">84 Kg<\/td><td class=\"column-9\">12.07<\/td><td class=\"column-10\">6878 Nm<\/td><td class=\"column-11\">4921 Nm<\/td><td class=\"column-12\">6878<\/td>\n<\/tr>\n<tr class=\"row-7\">\n\t<td class=\"column-1\">SP-I 0741<\/td><td class=\"column-2\">SP-I Series<\/td><td class=\"column-3\">1 drive<\/td><td class=\"column-4\">Straight teeth<\/td><td class=\"column-5\">4<\/td><td class=\"column-6\">15<\/td><td class=\"column-7\">206<\/td><td class=\"column-8\">95 Kg<\/td><td class=\"column-9\">13.73<\/td><td class=\"column-10\">7828 Nm<\/td><td class=\"column-11\">5644 Nm<\/td><td class=\"column-12\">7828<\/td>\n<\/tr>\n<tr class=\"row-8\">\n\t<td class=\"column-1\">SP-I 0841<\/td><td class=\"column-2\">SP-I Series<\/td><td class=\"column-3\">1 drive<\/td><td class=\"column-4\">Straight teeth<\/td><td class=\"column-5\">4<\/td><td class=\"column-6\">15<\/td><td class=\"column-7\">231<\/td><td class=\"column-8\">102 Kg<\/td><td class=\"column-9\">15.4<\/td><td class=\"column-10\">8778 Nm<\/td><td class=\"column-11\">6329 Nm<\/td><td class=\"column-12\">8778<\/td>\n<\/tr>\n<tr class=\"row-9\">\n\t<td class=\"column-1\">SP-I 0941<\/td><td class=\"column-2\">SP-I Series<\/td><td class=\"column-3\">1 drive<\/td><td class=\"column-4\">Straight teeth<\/td><td class=\"column-5\">4<\/td><td class=\"column-6\">15<\/td><td class=\"column-7\">256<\/td><td class=\"column-8\">115 Kg<\/td><td class=\"column-9\">17.07<\/td><td class=\"column-10\">9728 Nm<\/td><td class=\"column-11\">7040 Nm<\/td><td class=\"column-12\">9728<\/td>\n<\/tr>\n<tr class=\"row-10\">\n\t<td class=\"column-1\">SP-I 1091<\/td><td class=\"column-2\">SP-I Series<\/td><td class=\"column-3\">1 drive<\/td><td class=\"column-4\">Straight teeth<\/td><td class=\"column-5\">4<\/td><td class=\"column-6\">15<\/td><td class=\"column-7\">294<\/td><td class=\"column-8\">127 Kg<\/td><td class=\"column-9\">19.6<\/td><td class=\"column-10\">11172 Nm<\/td><td class=\"column-11\">8085 Nm<\/td><td class=\"column-12\">11172<\/td>\n<\/tr>\n<\/tbody>\n<\/table>\n<!-- #tablepress-100 from cache -->\n","protected":false},"excerpt":{"rendered":"<p>La serie SP-I di IMO \u00e8 un tipo di sistema di azionamento meccanico progettato per fornire un movimento rotatorio ai macchinari, spesso utilizzato in applicazioni in cui sono richieste coppia e precisione elevate. Gli azionamenti rotanti sono tipicamente utilizzati per far ruotare carichi pesanti e di grandi dimensioni, come nelle turbine eoliche, nelle attrezzature edili o nei sistemi di inseguimento solare. <\/p>\n<p>&nbsp;<\/p>\n","protected":false},"featured_media":10643,"comment_status":"open","ping_status":"closed","template":"","meta":{"content-type":""},"product_cat":[362,355],"product_tag":[459],"class_list":{"0":"post-11589","1":"product","2":"type-product","3":"status-publish","4":"has-post-thumbnail","6":"product_cat-imo-it","7":"product_cat-oemodm-it","8":"product_tag-imo-sp-i-series-slewing-drive-it","10":"first","11":"instock","12":"shipping-taxable","13":"product-type-simple"},"yoast_head":"<!-- This site is optimized with the Yoast SEO plugin v21.7 - https:\/\/yoast.com\/wordpress\/plugins\/seo\/ -->\n<title>Riduttore di rotazione della serie SP-I di IMO<\/title>\n<meta name=\"description\" content=\"La serie IMO SP-I presenta un design compatto che integra motore, riduttore e ralla in un&#039;unica unit\u00e0, rendendola ideale per le applicazioni.\" \/>\n<meta name=\"robots\" content=\"index, follow, max-snippet:-1, max-image-preview:large, max-video-preview:-1\" \/>\n<link rel=\"canonical\" href=\"https:\/\/slewingbearings.com\/product\/imo-sp-i-series-slewing-drive\/\" \/>\n<meta property=\"og:locale\" content=\"it_IT\" \/>\n<meta property=\"og:type\" content=\"article\" \/>\n<meta property=\"og:title\" content=\"Riduttore di rotazione della serie SP-I di IMO\" \/>\n<meta property=\"og:description\" content=\"La serie IMO SP-I presenta un design compatto che integra motore, riduttore e ralla in un&#039;unica unit\u00e0, rendendola ideale per le applicazioni.\" \/>\n<meta property=\"og:url\" content=\"https:\/\/slewingbearings.com\/product\/imo-sp-i-series-slewing-drive\/\" \/>\n<meta property=\"og:site_name\" content=\"ZZ Group\" \/>\n<meta property=\"og:image\" content=\"https:\/\/slewingbearings.com\/wp-content\/uploads\/2025\/01\/IMO-SP-I-Series-Slewing-drive.webp\" \/>\n\t<meta property=\"og:image:width\" content=\"800\" \/>\n\t<meta property=\"og:image:height\" content=\"800\" \/>\n\t<meta property=\"og:image:type\" content=\"image\/webp\" \/>\n<meta name=\"twitter:card\" content=\"summary_large_image\" \/>\n<meta name=\"twitter:label1\" content=\"Tempo di lettura stimato\" \/>\n\t<meta name=\"twitter:data1\" content=\"1 minuto\" \/>\n<script type=\"application\/ld+json\" class=\"yoast-schema-graph\">{\"@context\":\"https:\/\/schema.org\",\"@graph\":[{\"@type\":\"WebPage\",\"@id\":\"https:\/\/slewingbearings.com\/product\/imo-sp-i-series-slewing-drive\/\",\"url\":\"https:\/\/slewingbearings.com\/product\/imo-sp-i-series-slewing-drive\/\",\"name\":\"Riduttore di rotazione della serie SP-I di IMO\",\"isPartOf\":{\"@id\":\"https:\/\/slewingbearings.com\/#website\"},\"datePublished\":\"2025-01-09T03:11:30+00:00\",\"dateModified\":\"2025-01-09T03:11:30+00:00\",\"description\":\"La serie IMO SP-I presenta un design compatto che integra motore, riduttore e ralla in un'unica unit\u00e0, rendendola ideale per le applicazioni.\",\"breadcrumb\":{\"@id\":\"https:\/\/slewingbearings.com\/product\/imo-sp-i-series-slewing-drive\/#breadcrumb\"},\"inLanguage\":\"it-IT\",\"potentialAction\":[{\"@type\":\"ReadAction\",\"target\":[\"https:\/\/slewingbearings.com\/product\/imo-sp-i-series-slewing-drive\/\"]}]},{\"@type\":\"BreadcrumbList\",\"@id\":\"https:\/\/slewingbearings.com\/product\/imo-sp-i-series-slewing-drive\/#breadcrumb\",\"itemListElement\":[{\"@type\":\"ListItem\",\"position\":1,\"name\":\"Home\",\"item\":\"https:\/\/slewingbearings.com\/it\/cuscinettodi-rotazione-trasmissione-di-rotazione\/\"},{\"@type\":\"ListItem\",\"position\":2,\"name\":\"Shop\",\"item\":\"https:\/\/slewingbearings.com\/shop\/\"},{\"@type\":\"ListItem\",\"position\":3,\"name\":\"Riduttore di rotazione della serie SP-I di IMO\"}]},{\"@type\":\"WebSite\",\"@id\":\"https:\/\/slewingbearings.com\/#website\",\"url\":\"https:\/\/slewingbearings.com\/\",\"name\":\"ZZ Group\",\"description\":\"Leading Slewing Bearings in China\",\"potentialAction\":[{\"@type\":\"SearchAction\",\"target\":{\"@type\":\"EntryPoint\",\"urlTemplate\":\"https:\/\/slewingbearings.com\/?s={search_term_string}\"},\"query-input\":\"required name=search_term_string\"}],\"inLanguage\":\"it-IT\"}]}<\/script>\n<!-- \/ Yoast SEO plugin. -->","yoast_head_json":{"title":"Riduttore di rotazione della serie SP-I di IMO","description":"La serie IMO SP-I presenta un design compatto che integra motore, riduttore e ralla in un'unica unit\u00e0, rendendola ideale per le applicazioni.","robots":{"index":"index","follow":"follow","max-snippet":"max-snippet:-1","max-image-preview":"max-image-preview:large","max-video-preview":"max-video-preview:-1"},"canonical":"https:\/\/slewingbearings.com\/product\/imo-sp-i-series-slewing-drive\/","og_locale":"it_IT","og_type":"article","og_title":"Riduttore di rotazione della serie SP-I di IMO","og_description":"La serie IMO SP-I presenta un design compatto che integra motore, riduttore e ralla in un'unica unit\u00e0, rendendola ideale per le applicazioni.","og_url":"https:\/\/slewingbearings.com\/product\/imo-sp-i-series-slewing-drive\/","og_site_name":"ZZ Group","og_image":[{"width":800,"height":800,"url":"https:\/\/slewingbearings.com\/wp-content\/uploads\/2025\/01\/IMO-SP-I-Series-Slewing-drive.webp","type":"image\/webp"}],"twitter_card":"summary_large_image","twitter_misc":{"Tempo di lettura stimato":"1 minuto"},"schema":{"@context":"https:\/\/schema.org","@graph":[{"@type":"WebPage","@id":"https:\/\/slewingbearings.com\/product\/imo-sp-i-series-slewing-drive\/","url":"https:\/\/slewingbearings.com\/product\/imo-sp-i-series-slewing-drive\/","name":"Riduttore di rotazione della serie SP-I di IMO","isPartOf":{"@id":"https:\/\/slewingbearings.com\/#website"},"datePublished":"2025-01-09T03:11:30+00:00","dateModified":"2025-01-09T03:11:30+00:00","description":"La serie IMO SP-I presenta un design compatto che integra motore, riduttore e ralla in un'unica unit\u00e0, rendendola ideale per le applicazioni.","breadcrumb":{"@id":"https:\/\/slewingbearings.com\/product\/imo-sp-i-series-slewing-drive\/#breadcrumb"},"inLanguage":"it-IT","potentialAction":[{"@type":"ReadAction","target":["https:\/\/slewingbearings.com\/product\/imo-sp-i-series-slewing-drive\/"]}]},{"@type":"BreadcrumbList","@id":"https:\/\/slewingbearings.com\/product\/imo-sp-i-series-slewing-drive\/#breadcrumb","itemListElement":[{"@type":"ListItem","position":1,"name":"Home","item":"https:\/\/slewingbearings.com\/it\/cuscinettodi-rotazione-trasmissione-di-rotazione\/"},{"@type":"ListItem","position":2,"name":"Shop","item":"https:\/\/slewingbearings.com\/shop\/"},{"@type":"ListItem","position":3,"name":"Riduttore di rotazione della serie SP-I di IMO"}]},{"@type":"WebSite","@id":"https:\/\/slewingbearings.com\/#website","url":"https:\/\/slewingbearings.com\/","name":"ZZ Group","description":"Leading Slewing Bearings in China","potentialAction":[{"@type":"SearchAction","target":{"@type":"EntryPoint","urlTemplate":"https:\/\/slewingbearings.com\/?s={search_term_string}"},"query-input":"required name=search_term_string"}],"inLanguage":"it-IT"}]}},"_links":{"self":[{"href":"https:\/\/slewingbearings.com\/it\/wp-json\/wp\/v2\/product\/11589","targetHints":{"allow":["GET"]}}],"collection":[{"href":"https:\/\/slewingbearings.com\/it\/wp-json\/wp\/v2\/product"}],"about":[{"href":"https:\/\/slewingbearings.com\/it\/wp-json\/wp\/v2\/types\/product"}],"replies":[{"embeddable":true,"href":"https:\/\/slewingbearings.com\/it\/wp-json\/wp\/v2\/comments?post=11589"}],"wp:featuredmedia":[{"embeddable":true,"href":"https:\/\/slewingbearings.com\/it\/wp-json\/wp\/v2\/media\/10643"}],"wp:attachment":[{"href":"https:\/\/slewingbearings.com\/it\/wp-json\/wp\/v2\/media?parent=11589"}],"wp:term":[{"taxonomy":"product_cat","embeddable":true,"href":"https:\/\/slewingbearings.com\/it\/wp-json\/wp\/v2\/product_cat?post=11589"},{"taxonomy":"product_tag","embeddable":true,"href":"https:\/\/slewingbearings.com\/it\/wp-json\/wp\/v2\/product_tag?post=11589"}],"curies":[{"name":"wp","href":"https:\/\/api.w.org\/{rel}","templated":true}]}}