{"id":12615,"date":"2024-01-28T08:22:06","date_gmt":"2024-01-28T08:22:06","guid":{"rendered":"https:\/\/slewingbearings.com\/product\/entrainement-a-rotation-we-12\/"},"modified":"2024-01-28T08:22:06","modified_gmt":"2024-01-28T08:22:06","slug":"entrainement-a-rotation-we-12","status":"publish","type":"product","link":"https:\/\/slewingbearings.com\/fr\/product\/entrainement-a-rotation-we-12\/","title":{"rendered":"Entra\u00eenement \u00e0 rotation WE-12"},"content":{"rendered":"<p>WE-12 Slew Drive,Les r\u00e9ducteurs \u00e0 engrenages ferm\u00e9s jouent un r\u00f4le important dans de nombreuses applications industrielles et m\u00e9caniques en raison de leurs avantages en mati\u00e8re de protection des engrenages, des syst\u00e8mes de transmission et de l&rsquo;environnement. Dans diff\u00e9rents sc\u00e9narios d&rsquo;application, les ing\u00e9nieurs choisissent diff\u00e9rents types de syst\u00e8mes d&rsquo;entra\u00eenement d&rsquo;orientation en fonction de besoins sp\u00e9cifiques afin de garantir un fonctionnement efficace et une longue dur\u00e9e de vie du syst\u00e8me m\u00e9canique. Voici les caract\u00e9ristiques et quelques informations relatives aux syst\u00e8mes de transmission \u00e0 engrenages ferm\u00e9s :<\/p>\n<p>Caract\u00e9ristiques :<br \/>\n1. Structure ferm\u00e9e :<br \/>\nLa commande d&rsquo;orientation \u00e0 engrenage ferm\u00e9 utilise un bo\u00eetier ferm\u00e9 pour couvrir les engrenages internes et les m\u00e9canismes de transmission, encapsulant les composants m\u00e9caniques dans une structure protectrice externe.<br \/>\n2. Environnement d&rsquo;isolation :<br \/>\nLa conception ferm\u00e9e isole efficacement le contact direct entre les composants m\u00e9caniques internes et l&rsquo;environnement ext\u00e9rieur. Cela permet d&rsquo;\u00e9viter que des facteurs externes tels que la poussi\u00e8re, les impuret\u00e9s et l&rsquo;humidit\u00e9 n&rsquo;affectent les engrenages et les composants de la transmission. <\/p>\n\n<table id=\"tablepress-46\" class=\"tablepress tablepress-id-46\">\n<thead>\n<tr class=\"row-1\">\n\t<th class=\"column-1\">Model<\/th><th class=\"column-2\">Output Torque<\/th><th class=\"column-3\">Tilting Moment Torque<\/th><th class=\"column-4\">Holding Torque<\/th><th class=\"column-5\">Gear Ratio<\/th><th class=\"column-6\">Tracking Precision<\/th><th class=\"column-7\">Weight<\/th><th class=\"column-8\">Drawing<\/th>\n<\/tr>\n<\/thead>\n<tbody class=\"row-striping row-hover\">\n<tr class=\"row-2\">\n\t<td class=\"column-1\">WE12<\/td><td class=\"column-2\">9.5 KN.m<\/td><td class=\"column-3\">57 KN.m<\/td><td class=\"column-4\">43 KN.m<\/td><td class=\"column-5\">79:1<\/td><td class=\"column-6\">\u22640.15\u00b0<\/td><td class=\"column-7\">61kg<\/td><td class=\"column-8\"><a href=\"https:\/\/slewingbearings.com\/wp-content\/uploads\/2024\/01\/WE12-Slew-Drive-catalog.pdf\"><br \/>\n<img decoding=\"async\" src=\"https:\/\/slewingbearings.com\/wp-content\/uploads\/2024\/01\/pdf.png\" width=\"30\" height=\"30\"><\/a><\/td>\n<\/tr>\n<tr class=\"row-3\">\n\t<td class=\"column-1\">WE12<\/td><td class=\"column-2\">7011 lbf.ft<\/td><td class=\"column-3\">42.1\u00d710\u00b3 lbf.ft<\/td><td class=\"column-4\">32\u00d710\u00b3 lbf.ft<\/td><td class=\"column-5\">79:1<\/td><td class=\"column-6\">\u22640.15\u00b0<\/td><td class=\"column-7\">61kg<\/td><td class=\"column-8\"><a href=\"https:\/\/slewingbearings.com\/wp-content\/uploads\/2024\/01\/WE12-Slew-Drive-catalog.pdf\"><br \/>\n<img decoding=\"async\" src=\"https:\/\/slewingbearings.com\/wp-content\/uploads\/2024\/01\/pdf.png\" width=\"30\" height=\"30\"><\/a><\/td>\n<\/tr>\n<\/tbody>\n<\/table>\n<!-- #tablepress-46 from cache -->\n","protected":false},"excerpt":{"rendered":"<p>Domaines d&rsquo;application de la commande d&rsquo;orientation :<br \/>\n1. Cha\u00eene de production industrielle :<br \/>\nDans les lignes de production du secteur industriel, les commandes d&rsquo;orientation \u00e0 engrenage ferm\u00e9 sont souvent utilis\u00e9es dans des applications qui requi\u00e8rent des exigences environnementales \u00e9lev\u00e9es et exigent la protection des engrenages et des syst\u00e8mes de transmission.<br \/>\n2. \u00c9quipement \u00e9olien et solaire :<br \/>\nDans les domaines \u00e9olien et solaire, les r\u00e9ducteurs \u00e0 engrenages ferm\u00e9s sont couramment utilis\u00e9s dans les \u00e9oliennes, les syst\u00e8mes de suivi solaire, etc. pour prot\u00e9ger l&rsquo;\u00e9quipement des conditions climatiques et environnementales difficiles.<br \/>\n3. A\u00e9rospatiale :<br \/>\nDans l&rsquo;ing\u00e9nierie a\u00e9rospatiale, les commandes d&rsquo;orientation \u00e0 engrenage ferm\u00e9 sont largement utilis\u00e9es dans les syst\u00e8mes de transmission m\u00e9canique des avions et des satellites pour assurer la fiabilit\u00e9 et la stabilit\u00e9 du syst\u00e8me dans des conditions extr\u00eames.<\/p>\n","protected":false},"featured_media":6474,"comment_status":"open","ping_status":"closed","template":"","meta":{"content-type":""},"product_cat":[1102,325],"product_tag":[1103],"class_list":{"0":"post-12615","1":"product","2":"type-product","3":"status-publish","4":"has-post-thumbnail","6":"product_cat-entrainement-dorientation-we","7":"product_cat-slew-drive-fr","8":"product_tag-we12-entrainement-par-pivotement","10":"first","11":"instock","12":"shipping-taxable","13":"product-type-simple"},"yoast_head":"<!-- This site is optimized with the Yoast SEO plugin v21.7 - https:\/\/yoast.com\/wordpress\/plugins\/seo\/ -->\n<title>Entra\u00eenement \u00e0 rotation WE-12 - ZZ Group<\/title>\n<meta name=\"description\" content=\"W-12 slewy drive open slewy drive d\u00e9signe g\u00e9n\u00e9ralement un syst\u00e8me d&#039;entra\u00eenement rotatif \u00e0 structure ouverte, qui est utilis\u00e9 pour r\u00e9aliser la rotation horizontale d &#039;un \u00e9quipement.\" \/>\n<meta name=\"robots\" content=\"index, follow, max-snippet:-1, max-image-preview:large, max-video-preview:-1\" \/>\n<link rel=\"canonical\" href=\"https:\/\/slewingbearings.com\/fr\/product\/entrainement-a-rotation-we-12\/\" \/>\n<meta property=\"og:locale\" content=\"fr_FR\" \/>\n<meta property=\"og:type\" content=\"article\" \/>\n<meta property=\"og:title\" content=\"Entra\u00eenement \u00e0 rotation WE-12 - ZZ Group\" \/>\n<meta property=\"og:description\" content=\"W-12 slewy drive open slewy drive d\u00e9signe g\u00e9n\u00e9ralement un syst\u00e8me d&#039;entra\u00eenement rotatif \u00e0 structure ouverte, qui est utilis\u00e9 pour r\u00e9aliser la rotation horizontale d &#039;un \u00e9quipement.\" \/>\n<meta property=\"og:url\" content=\"https:\/\/slewingbearings.com\/fr\/product\/entrainement-a-rotation-we-12\/\" \/>\n<meta property=\"og:site_name\" content=\"ZZ Group\" \/>\n<meta property=\"og:image\" content=\"https:\/\/slewingbearings.com\/wp-content\/uploads\/2024\/01\/we12-slew-drive.jpg\" \/>\n\t<meta property=\"og:image:width\" content=\"500\" \/>\n\t<meta property=\"og:image:height\" content=\"500\" \/>\n\t<meta property=\"og:image:type\" content=\"image\/jpeg\" \/>\n<meta name=\"twitter:card\" content=\"summary_large_image\" \/>\n<meta name=\"twitter:label1\" content=\"Dur\u00e9e de lecture estim\u00e9e\" \/>\n\t<meta name=\"twitter:data1\" content=\"1 minute\" \/>\n<script type=\"application\/ld+json\" class=\"yoast-schema-graph\">{\"@context\":\"https:\/\/schema.org\",\"@graph\":[{\"@type\":\"WebPage\",\"@id\":\"https:\/\/slewingbearings.com\/fr\/product\/entrainement-a-rotation-we-12\/\",\"url\":\"https:\/\/slewingbearings.com\/fr\/product\/entrainement-a-rotation-we-12\/\",\"name\":\"Entra\u00eenement \u00e0 rotation WE-12 - ZZ Group\",\"isPartOf\":{\"@id\":\"https:\/\/slewingbearings.com\/#website\"},\"datePublished\":\"2024-01-28T08:22:06+00:00\",\"dateModified\":\"2024-01-28T08:22:06+00:00\",\"description\":\"W-12 slewy drive open slewy drive d\u00e9signe g\u00e9n\u00e9ralement un syst\u00e8me d'entra\u00eenement rotatif \u00e0 structure ouverte, qui est utilis\u00e9 pour r\u00e9aliser la rotation horizontale d 'un \u00e9quipement.\",\"breadcrumb\":{\"@id\":\"https:\/\/slewingbearings.com\/fr\/product\/entrainement-a-rotation-we-12\/#breadcrumb\"},\"inLanguage\":\"fr-FR\",\"potentialAction\":[{\"@type\":\"ReadAction\",\"target\":[\"https:\/\/slewingbearings.com\/fr\/product\/entrainement-a-rotation-we-12\/\"]}]},{\"@type\":\"BreadcrumbList\",\"@id\":\"https:\/\/slewingbearings.com\/fr\/product\/entrainement-a-rotation-we-12\/#breadcrumb\",\"itemListElement\":[{\"@type\":\"ListItem\",\"position\":1,\"name\":\"Home\",\"item\":\"https:\/\/slewingbearings.com\/fr\/palier-dorientation-entrainement-dorientation\/\"},{\"@type\":\"ListItem\",\"position\":2,\"name\":\"Shop\",\"item\":\"https:\/\/slewingbearings.com\/shop\/\"},{\"@type\":\"ListItem\",\"position\":3,\"name\":\"Entra\u00eenement \u00e0 rotation WE-12\"}]},{\"@type\":\"WebSite\",\"@id\":\"https:\/\/slewingbearings.com\/#website\",\"url\":\"https:\/\/slewingbearings.com\/\",\"name\":\"ZZ Group\",\"description\":\"Leading Slewing Bearings in China\",\"potentialAction\":[{\"@type\":\"SearchAction\",\"target\":{\"@type\":\"EntryPoint\",\"urlTemplate\":\"https:\/\/slewingbearings.com\/?s={search_term_string}\"},\"query-input\":\"required name=search_term_string\"}],\"inLanguage\":\"fr-FR\"}]}<\/script>\n<!-- \/ Yoast SEO plugin. -->","yoast_head_json":{"title":"Entra\u00eenement \u00e0 rotation WE-12 - ZZ Group","description":"W-12 slewy drive open slewy drive d\u00e9signe g\u00e9n\u00e9ralement un syst\u00e8me d'entra\u00eenement rotatif \u00e0 structure ouverte, qui est utilis\u00e9 pour r\u00e9aliser la rotation horizontale d 'un \u00e9quipement.","robots":{"index":"index","follow":"follow","max-snippet":"max-snippet:-1","max-image-preview":"max-image-preview:large","max-video-preview":"max-video-preview:-1"},"canonical":"https:\/\/slewingbearings.com\/fr\/product\/entrainement-a-rotation-we-12\/","og_locale":"fr_FR","og_type":"article","og_title":"Entra\u00eenement \u00e0 rotation WE-12 - ZZ Group","og_description":"W-12 slewy drive open slewy drive d\u00e9signe g\u00e9n\u00e9ralement un syst\u00e8me d'entra\u00eenement rotatif \u00e0 structure ouverte, qui est utilis\u00e9 pour r\u00e9aliser la rotation horizontale d 'un \u00e9quipement.","og_url":"https:\/\/slewingbearings.com\/fr\/product\/entrainement-a-rotation-we-12\/","og_site_name":"ZZ Group","og_image":[{"width":500,"height":500,"url":"https:\/\/slewingbearings.com\/wp-content\/uploads\/2024\/01\/we12-slew-drive.jpg","type":"image\/jpeg"}],"twitter_card":"summary_large_image","twitter_misc":{"Dur\u00e9e de lecture estim\u00e9e":"1 minute"},"schema":{"@context":"https:\/\/schema.org","@graph":[{"@type":"WebPage","@id":"https:\/\/slewingbearings.com\/fr\/product\/entrainement-a-rotation-we-12\/","url":"https:\/\/slewingbearings.com\/fr\/product\/entrainement-a-rotation-we-12\/","name":"Entra\u00eenement \u00e0 rotation WE-12 - ZZ Group","isPartOf":{"@id":"https:\/\/slewingbearings.com\/#website"},"datePublished":"2024-01-28T08:22:06+00:00","dateModified":"2024-01-28T08:22:06+00:00","description":"W-12 slewy drive open slewy drive d\u00e9signe g\u00e9n\u00e9ralement un syst\u00e8me d'entra\u00eenement rotatif \u00e0 structure ouverte, qui est utilis\u00e9 pour r\u00e9aliser la rotation horizontale d 'un \u00e9quipement.","breadcrumb":{"@id":"https:\/\/slewingbearings.com\/fr\/product\/entrainement-a-rotation-we-12\/#breadcrumb"},"inLanguage":"fr-FR","potentialAction":[{"@type":"ReadAction","target":["https:\/\/slewingbearings.com\/fr\/product\/entrainement-a-rotation-we-12\/"]}]},{"@type":"BreadcrumbList","@id":"https:\/\/slewingbearings.com\/fr\/product\/entrainement-a-rotation-we-12\/#breadcrumb","itemListElement":[{"@type":"ListItem","position":1,"name":"Home","item":"https:\/\/slewingbearings.com\/fr\/palier-dorientation-entrainement-dorientation\/"},{"@type":"ListItem","position":2,"name":"Shop","item":"https:\/\/slewingbearings.com\/shop\/"},{"@type":"ListItem","position":3,"name":"Entra\u00eenement \u00e0 rotation WE-12"}]},{"@type":"WebSite","@id":"https:\/\/slewingbearings.com\/#website","url":"https:\/\/slewingbearings.com\/","name":"ZZ Group","description":"Leading Slewing Bearings in China","potentialAction":[{"@type":"SearchAction","target":{"@type":"EntryPoint","urlTemplate":"https:\/\/slewingbearings.com\/?s={search_term_string}"},"query-input":"required name=search_term_string"}],"inLanguage":"fr-FR"}]}},"_links":{"self":[{"href":"https:\/\/slewingbearings.com\/fr\/wp-json\/wp\/v2\/product\/12615","targetHints":{"allow":["GET"]}}],"collection":[{"href":"https:\/\/slewingbearings.com\/fr\/wp-json\/wp\/v2\/product"}],"about":[{"href":"https:\/\/slewingbearings.com\/fr\/wp-json\/wp\/v2\/types\/product"}],"replies":[{"embeddable":true,"href":"https:\/\/slewingbearings.com\/fr\/wp-json\/wp\/v2\/comments?post=12615"}],"wp:featuredmedia":[{"embeddable":true,"href":"https:\/\/slewingbearings.com\/fr\/wp-json\/wp\/v2\/media\/6474"}],"wp:attachment":[{"href":"https:\/\/slewingbearings.com\/fr\/wp-json\/wp\/v2\/media?parent=12615"}],"wp:term":[{"taxonomy":"product_cat","embeddable":true,"href":"https:\/\/slewingbearings.com\/fr\/wp-json\/wp\/v2\/product_cat?post=12615"},{"taxonomy":"product_tag","embeddable":true,"href":"https:\/\/slewingbearings.com\/fr\/wp-json\/wp\/v2\/product_tag?post=12615"}],"curies":[{"name":"wp","href":"https:\/\/api.w.org\/{rel}","templated":true}]}}