{"id":12226,"date":"2024-01-21T02:14:22","date_gmt":"2024-01-21T02:14:22","guid":{"rendered":"https:\/\/slewingbearings.com\/product\/sea-17-entrainement-de-rotation\/"},"modified":"2024-01-21T02:14:22","modified_gmt":"2024-01-21T02:14:22","slug":"sea-17-entrainement-de-rotation","status":"publish","type":"product","link":"https:\/\/slewingbearings.com\/fr\/product\/sea-17-entrainement-de-rotation\/","title":{"rendered":"SEA-17 Entra\u00eenement de rotation"},"content":{"rendered":"<p>Le positionnement pr\u00e9cis est une autre fonction importante des syst\u00e8mes d&rsquo;entra\u00eenement rotatifs. Les \u00e9quipements m\u00e9caniques peuvent rester dans la position requise gr\u00e2ce \u00e0 un entra\u00eenement rotatif, permettant d&rsquo;effectuer diverses t\u00e2ches de pr\u00e9cision. Sur les chantiers de construction, par exemple, le positionnement pr\u00e9cis des grues peut garantir que les mat\u00e9riaux de construction soient plac\u00e9s avec pr\u00e9cision \u00e0 l&#8217;emplacement vis\u00e9, am\u00e9liorant l&rsquo; efficacit\u00e9 et la s\u00e9curit\u00e9 de la construction.  <\/p>\n<p>La flexibilit\u00e9 et l&rsquo;adaptabilit\u00e9 sont les caract\u00e9ristiques distinctives des syst\u00e8mes d&rsquo;entra\u00eenement pivotant. Cette technologie permet aux \u00e9quipements m\u00e9caniques de s&rsquo;adapter \u00e0 diff\u00e9rents environnements de travail et besoins. Dans le domaine agricole, les tracteurs sont \u00e9quip\u00e9s d&rsquo;un syst\u00e8me d&rsquo;entra\u00eenement pivotant qui permet \u00e0 la cabine et aux \u00e9quipements de travail de pivoter, ce qui permet aux agriculteurs d&rsquo;effectuer facilement les op\u00e9rations dans les champs. Dans les ports, les grues et les grues de quai utilisent des syst\u00e8mes d&rsquo;entra\u00eenement pivotant pour pivoter dans le sens horizontal afin d&rsquo;am\u00e9liorer l&rsquo;efficacit\u00e9 du chargement et du d\u00e9chargement des marchandises.   <\/p>\n\n<table id=\"tablepress-28\" class=\"tablepress tablepress-id-28\">\n<thead>\n<tr class=\"row-1\">\n\t<th class=\"column-1\">Model<\/th><th class=\"column-2\">Output Torque<\/th><th class=\"column-3\">Tilting Moment Torque<\/th><th class=\"column-4\">Holding Torque<\/th><th class=\"column-5\">Gear Ratio<\/th><th class=\"column-6\">Tracking Precision<\/th><th class=\"column-7\">Weight<\/th><th class=\"column-8\">Drawing<\/th>\n<\/tr>\n<\/thead>\n<tbody class=\"row-striping row-hover\">\n<tr class=\"row-2\">\n\t<td class=\"column-1\">SEA17<\/td><td class=\"column-2\">10 KN.m<\/td><td class=\"column-3\">135.6 KN.m<\/td><td class=\"column-4\">58 KN.m<\/td><td class=\"column-5\">102:1<\/td><td class=\"column-6\">\u22640.17\u00b0<\/td><td class=\"column-7\">88kg<\/td><td class=\"column-8\"><a href=\"https:\/\/slewingbearings.com\/wp-content\/uploads\/2024\/01\/SEA17-Slew-Drive-catalog.pdf\"><br \/>\n<img decoding=\"async\" src=\"https:\/\/slewingbearings.com\/wp-content\/uploads\/2024\/01\/pdf.png\" width=\"30\" height=\"30\"><\/a><\/td>\n<\/tr>\n<tr class=\"row-3\">\n\t<td class=\"column-1\">SEA17<\/td><td class=\"column-2\">7400 lbf.ft<\/td><td class=\"column-3\">100\u00d710\u00b3 lbf.ft<\/td><td class=\"column-4\">42.8\u00d710\u00b3 lbf.ft<\/td><td class=\"column-5\">102:1<\/td><td class=\"column-6\">\u22640.17\u00b0<\/td><td class=\"column-7\">88kg<\/td><td class=\"column-8\"><a href=\"https:\/\/slewingbearings.com\/wp-content\/uploads\/2024\/01\/SEA17-Slew-Drive-catalog.pdf\"><br \/>\n<img decoding=\"async\" src=\"https:\/\/slewingbearings.com\/wp-content\/uploads\/2024\/01\/pdf.png\" width=\"30\" height=\"30\"><\/a><\/td>\n<\/tr>\n<tr class=\"row-4\">\n\t<td class=\"column-1\">PEA17<\/td><td class=\"column-2\">10 KN.m<\/td><td class=\"column-3\">135.6 KN.m<\/td><td class=\"column-4\">58 KN.m<\/td><td class=\"column-5\">102:1<\/td><td class=\"column-6\">\u22640.09\u00b0<\/td><td class=\"column-7\">88kg<\/td><td class=\"column-8\"><a href=\"https:\/\/slewingbearings.com\/wp-content\/uploads\/2024\/01\/SEA17-Slew-Drive-catalog.pdf\"><br \/>\n<img decoding=\"async\" src=\"https:\/\/slewingbearings.com\/wp-content\/uploads\/2024\/01\/pdf.png\" width=\"30\" height=\"30\"><\/a><\/td>\n<\/tr>\n<tr class=\"row-5\">\n\t<td class=\"column-1\">PEA17<\/td><td class=\"column-2\">7400 lbf.ft<\/td><td class=\"column-3\">100\u00d710\u00b3 lbf.ft<\/td><td class=\"column-4\">42.8\u00d710\u00b3 lbf.ft<\/td><td class=\"column-5\">102:1<\/td><td class=\"column-6\">\u22640.09\u00b0<\/td><td class=\"column-7\">88kg<\/td><td class=\"column-8\"><a href=\"https:\/\/slewingbearings.com\/wp-content\/uploads\/2024\/01\/SEA17-Slew-Drive-catalog.pdf\"><br \/>\n<img decoding=\"async\" src=\"https:\/\/slewingbearings.com\/wp-content\/uploads\/2024\/01\/pdf.png\" width=\"30\" height=\"30\"><\/a><\/td>\n<\/tr>\n<\/tbody>\n<\/table>\n<!-- #tablepress-28 from cache -->\n","protected":false},"excerpt":{"rendered":"<p>La conception enti\u00e8rement ferm\u00e9e de l&rsquo;entra\u00eenement rotatif de la s\u00e9rie SEA am\u00e9liore la durabilit\u00e9 du syst\u00e8me et prot\u00e8ge efficacement les composants cl\u00e9s de l&rsquo;environnement ext\u00e9rieur. Ces syst\u00e8mes m\u00e9caniques sont largement utilis\u00e9s dans la construction, l&rsquo;exploitation mini\u00e8re, l&rsquo;agriculture, les ports et la fabrication, apportant un soutien solide aux op\u00e9rations m\u00e9canis\u00e9es. Parall\u00e8lement, l&rsquo;entra\u00eenement rotatif joue un r\u00f4le essentiel dans l&rsquo;am\u00e9lioration de l&rsquo;efficacit\u00e9 du travail et l&rsquo;adaptation \u00e0 divers besoins professionnels en am\u00e9liorant l&rsquo;efficacit\u00e9, en \u00e9conomisant de l&rsquo;espace et en augmentant la port\u00e9e de travail.  <\/p>\n","protected":false},"featured_media":6186,"comment_status":"open","ping_status":"closed","template":"","meta":{"content-type":""},"product_cat":[613,325],"product_tag":[1032],"class_list":{"0":"post-12226","1":"product","2":"type-product","3":"status-publish","4":"has-post-thumbnail","6":"product_cat-entrainement-a-lorientation-sea-pea","7":"product_cat-slew-drive-fr","8":"product_tag-sea17-slew-entrainement","10":"first","11":"instock","12":"shipping-taxable","13":"product-type-simple"},"yoast_head":"<!-- This site is optimized with the Yoast SEO plugin v21.7 - https:\/\/yoast.com\/wordpress\/plugins\/seo\/ -->\n<title>SEA-17 Entra\u00eenement de rotation - ZZ Group<\/title>\n<meta name=\"description\" content=\"Un entra\u00eenement Sea17 slew est un \u00e9l\u00e9ment d&#039;\u00e9quipement technique g\u00e9n\u00e9ralement con\u00e7u pour faire tourner un objet ou un syst\u00e8me dans une direction horizontale ou verticale.\" \/>\n<meta name=\"robots\" content=\"index, follow, max-snippet:-1, max-image-preview:large, max-video-preview:-1\" \/>\n<link rel=\"canonical\" href=\"https:\/\/slewingbearings.com\/fr\/product\/sea-17-entrainement-de-rotation\/\" \/>\n<meta property=\"og:locale\" content=\"fr_FR\" \/>\n<meta property=\"og:type\" content=\"article\" \/>\n<meta property=\"og:title\" content=\"SEA-17 Entra\u00eenement de rotation - ZZ Group\" \/>\n<meta property=\"og:description\" content=\"Un entra\u00eenement Sea17 slew est un \u00e9l\u00e9ment d&#039;\u00e9quipement technique g\u00e9n\u00e9ralement con\u00e7u pour faire tourner un objet ou un syst\u00e8me dans une direction horizontale ou verticale.\" \/>\n<meta property=\"og:url\" content=\"https:\/\/slewingbearings.com\/fr\/product\/sea-17-entrainement-de-rotation\/\" \/>\n<meta property=\"og:site_name\" content=\"ZZ Group\" \/>\n<meta property=\"og:image\" content=\"https:\/\/slewingbearings.com\/wp-content\/uploads\/2024\/01\/sea17-slew-drive.jpg\" \/>\n\t<meta property=\"og:image:width\" content=\"500\" \/>\n\t<meta property=\"og:image:height\" content=\"500\" \/>\n\t<meta property=\"og:image:type\" content=\"image\/jpeg\" \/>\n<meta name=\"twitter:card\" content=\"summary_large_image\" \/>\n<meta name=\"twitter:label1\" content=\"Dur\u00e9e de lecture estim\u00e9e\" \/>\n\t<meta name=\"twitter:data1\" content=\"1 minute\" \/>\n<script type=\"application\/ld+json\" class=\"yoast-schema-graph\">{\"@context\":\"https:\/\/schema.org\",\"@graph\":[{\"@type\":\"WebPage\",\"@id\":\"https:\/\/slewingbearings.com\/fr\/product\/sea-17-entrainement-de-rotation\/\",\"url\":\"https:\/\/slewingbearings.com\/fr\/product\/sea-17-entrainement-de-rotation\/\",\"name\":\"SEA-17 Entra\u00eenement de rotation - ZZ Group\",\"isPartOf\":{\"@id\":\"https:\/\/slewingbearings.com\/#website\"},\"datePublished\":\"2024-01-21T02:14:22+00:00\",\"dateModified\":\"2024-01-21T02:14:22+00:00\",\"description\":\"Un entra\u00eenement Sea17 slew est un \u00e9l\u00e9ment d'\u00e9quipement technique g\u00e9n\u00e9ralement con\u00e7u pour faire tourner un objet ou un syst\u00e8me dans une direction horizontale ou verticale.\",\"breadcrumb\":{\"@id\":\"https:\/\/slewingbearings.com\/fr\/product\/sea-17-entrainement-de-rotation\/#breadcrumb\"},\"inLanguage\":\"fr-FR\",\"potentialAction\":[{\"@type\":\"ReadAction\",\"target\":[\"https:\/\/slewingbearings.com\/fr\/product\/sea-17-entrainement-de-rotation\/\"]}]},{\"@type\":\"BreadcrumbList\",\"@id\":\"https:\/\/slewingbearings.com\/fr\/product\/sea-17-entrainement-de-rotation\/#breadcrumb\",\"itemListElement\":[{\"@type\":\"ListItem\",\"position\":1,\"name\":\"Home\",\"item\":\"https:\/\/slewingbearings.com\/fr\/palier-dorientation-entrainement-dorientation\/\"},{\"@type\":\"ListItem\",\"position\":2,\"name\":\"Shop\",\"item\":\"https:\/\/slewingbearings.com\/shop\/\"},{\"@type\":\"ListItem\",\"position\":3,\"name\":\"SEA-17 Entra\u00eenement de rotation\"}]},{\"@type\":\"WebSite\",\"@id\":\"https:\/\/slewingbearings.com\/#website\",\"url\":\"https:\/\/slewingbearings.com\/\",\"name\":\"ZZ Group\",\"description\":\"Leading Slewing Bearings in China\",\"potentialAction\":[{\"@type\":\"SearchAction\",\"target\":{\"@type\":\"EntryPoint\",\"urlTemplate\":\"https:\/\/slewingbearings.com\/?s={search_term_string}\"},\"query-input\":\"required name=search_term_string\"}],\"inLanguage\":\"fr-FR\"}]}<\/script>\n<!-- \/ Yoast SEO plugin. -->","yoast_head_json":{"title":"SEA-17 Entra\u00eenement de rotation - ZZ Group","description":"Un entra\u00eenement Sea17 slew est un \u00e9l\u00e9ment d'\u00e9quipement technique g\u00e9n\u00e9ralement con\u00e7u pour faire tourner un objet ou un syst\u00e8me dans une direction horizontale ou verticale.","robots":{"index":"index","follow":"follow","max-snippet":"max-snippet:-1","max-image-preview":"max-image-preview:large","max-video-preview":"max-video-preview:-1"},"canonical":"https:\/\/slewingbearings.com\/fr\/product\/sea-17-entrainement-de-rotation\/","og_locale":"fr_FR","og_type":"article","og_title":"SEA-17 Entra\u00eenement de rotation - ZZ Group","og_description":"Un entra\u00eenement Sea17 slew est un \u00e9l\u00e9ment d'\u00e9quipement technique g\u00e9n\u00e9ralement con\u00e7u pour faire tourner un objet ou un syst\u00e8me dans une direction horizontale ou verticale.","og_url":"https:\/\/slewingbearings.com\/fr\/product\/sea-17-entrainement-de-rotation\/","og_site_name":"ZZ Group","og_image":[{"width":500,"height":500,"url":"https:\/\/slewingbearings.com\/wp-content\/uploads\/2024\/01\/sea17-slew-drive.jpg","type":"image\/jpeg"}],"twitter_card":"summary_large_image","twitter_misc":{"Dur\u00e9e de lecture estim\u00e9e":"1 minute"},"schema":{"@context":"https:\/\/schema.org","@graph":[{"@type":"WebPage","@id":"https:\/\/slewingbearings.com\/fr\/product\/sea-17-entrainement-de-rotation\/","url":"https:\/\/slewingbearings.com\/fr\/product\/sea-17-entrainement-de-rotation\/","name":"SEA-17 Entra\u00eenement de rotation - ZZ Group","isPartOf":{"@id":"https:\/\/slewingbearings.com\/#website"},"datePublished":"2024-01-21T02:14:22+00:00","dateModified":"2024-01-21T02:14:22+00:00","description":"Un entra\u00eenement Sea17 slew est un \u00e9l\u00e9ment d'\u00e9quipement technique g\u00e9n\u00e9ralement con\u00e7u pour faire tourner un objet ou un syst\u00e8me dans une direction horizontale ou verticale.","breadcrumb":{"@id":"https:\/\/slewingbearings.com\/fr\/product\/sea-17-entrainement-de-rotation\/#breadcrumb"},"inLanguage":"fr-FR","potentialAction":[{"@type":"ReadAction","target":["https:\/\/slewingbearings.com\/fr\/product\/sea-17-entrainement-de-rotation\/"]}]},{"@type":"BreadcrumbList","@id":"https:\/\/slewingbearings.com\/fr\/product\/sea-17-entrainement-de-rotation\/#breadcrumb","itemListElement":[{"@type":"ListItem","position":1,"name":"Home","item":"https:\/\/slewingbearings.com\/fr\/palier-dorientation-entrainement-dorientation\/"},{"@type":"ListItem","position":2,"name":"Shop","item":"https:\/\/slewingbearings.com\/shop\/"},{"@type":"ListItem","position":3,"name":"SEA-17 Entra\u00eenement de rotation"}]},{"@type":"WebSite","@id":"https:\/\/slewingbearings.com\/#website","url":"https:\/\/slewingbearings.com\/","name":"ZZ Group","description":"Leading Slewing Bearings in China","potentialAction":[{"@type":"SearchAction","target":{"@type":"EntryPoint","urlTemplate":"https:\/\/slewingbearings.com\/?s={search_term_string}"},"query-input":"required name=search_term_string"}],"inLanguage":"fr-FR"}]}},"_links":{"self":[{"href":"https:\/\/slewingbearings.com\/fr\/wp-json\/wp\/v2\/product\/12226","targetHints":{"allow":["GET"]}}],"collection":[{"href":"https:\/\/slewingbearings.com\/fr\/wp-json\/wp\/v2\/product"}],"about":[{"href":"https:\/\/slewingbearings.com\/fr\/wp-json\/wp\/v2\/types\/product"}],"replies":[{"embeddable":true,"href":"https:\/\/slewingbearings.com\/fr\/wp-json\/wp\/v2\/comments?post=12226"}],"wp:featuredmedia":[{"embeddable":true,"href":"https:\/\/slewingbearings.com\/fr\/wp-json\/wp\/v2\/media\/6186"}],"wp:attachment":[{"href":"https:\/\/slewingbearings.com\/fr\/wp-json\/wp\/v2\/media?parent=12226"}],"wp:term":[{"taxonomy":"product_cat","embeddable":true,"href":"https:\/\/slewingbearings.com\/fr\/wp-json\/wp\/v2\/product_cat?post=12226"},{"taxonomy":"product_tag","embeddable":true,"href":"https:\/\/slewingbearings.com\/fr\/wp-json\/wp\/v2\/product_tag?post=12226"}],"curies":[{"name":"wp","href":"https:\/\/api.w.org\/{rel}","templated":true}]}}