{"id":12219,"date":"2025-08-18T03:33:31","date_gmt":"2025-08-18T03:33:31","guid":{"rendered":"https:\/\/slewingbearings.com\/product\/zz-double-rangee-a-billes-et-trois-rangees-a-rouleaux-pivotants-roulements\/"},"modified":"2025-08-18T03:33:31","modified_gmt":"2025-08-18T03:33:31","slug":"zz-double-rangee-a-billes-et-trois-rangees-a-rouleaux-pivotants-roulements","status":"publish","type":"product","link":"https:\/\/slewingbearings.com\/fr\/product\/zz-double-rangee-a-billes-et-trois-rangees-a-rouleaux-pivotants-roulements\/","title":{"rendered":"ZZ Double rang\u00e9e \u00e0 billes et trois rang\u00e9es \u00e0 rouleaux pivotants roulements"},"content":{"rendered":"<p><strong><a href=\"https:\/\/slewingbearings.com\/product\/double-volley-ball-slewing-bearing\/\">Les roulements \u00e0 double rang\u00e9e<\/a><\/strong> de <strong><a href=\"https:\/\/slewingbearings.com\/product\/three-rows-of-roller-slewing-bearings\/\">billes et \u00e0 trois rang\u00e9es <\/a><\/strong>de rouleaux pivotants ZZ a12&gt; offrent des performances fiables pour les machines de construction et industrielles lourdes. Les ing\u00e9nieurs utilisent ces roulements dans les excavatrices, les grues, les pompes \u00e0 b\u00e9ton, et les plates-formes de travail a\u00e9riennes. Ils assurent une rotation fluide tout en supportant des charges \u00e9lev\u00e9es.  <\/p>\n<p>Les roulements \u00e0 billes \u00e0 double rang\u00e9e utilisent deux rang\u00e9es de billes \u00e0 haute r\u00e9sistance sur des chemins de roulement usin\u00e9s avec pr\u00e9cision. Cette conception permet de supporter efficacement les charges axiales et radiales. Elle assure \u00e9galement une rotation stable pour les plateaux tournants, les plates-formes et les tables rotatives. Les roulements \u00e0 rouleaux \u00e0 trois rang\u00e9es comportent trois rang\u00e9es de rouleaux. Ils r\u00e9partissent uniform\u00e9ment les charges radiales, axiales et les moments de basculement. Ces roulements excellent donc dans les applications les plus exigeantes.     <\/p>\n<p>ZZ fabrique chaque roulement \u00e0 partir d&rsquo;acier tremp\u00e9 de haute qualit\u00e9. Les ing\u00e9nieurs appliquent un traitement thermique avanc\u00e9 pour am\u00e9liorer la r\u00e9sistance \u00e0 l&rsquo;usure. Les roulements sont \u00e9galement \u00e9quip\u00e9s de joints qui emp\u00eachent la poussi\u00e8re, la salet\u00e9 et l&rsquo;humidit\u00e9 de p\u00e9n\u00e9trer. Ces caract\u00e9ristiques r\u00e9duisent les besoins d&rsquo;entretien et prolongent la dur\u00e9e de vie. De plus, ZZ propose plusieurs tailles et sp\u00e9cifications. Cette flexibilit\u00e9 s&rsquo;adapte \u00e0 une large gamme de machines, des petites excavatrices aux grandes grues.     <\/p>\n<p>Les clients comptent sur ZZ en raison de son engagement envers la qualit\u00e9 et la pr\u00e9cision. Chaque roulement est soumis \u00e0 des tests rigoureux afin de a16&gt; garantir des performances sous des charges dynamiques et lourdes charges. Par cons\u00e9quent, les op\u00e9rateurs b\u00e9n\u00e9ficient d&rsquo;une rotation fluide, d&rsquo;une plus grande efficacit\u00e9 et de moins de temps d&rsquo;arr\u00eat. De plus, la robustesse de la conception et la pr\u00e9cision de l&rsquo;ing\u00e9nierie garantissent une durabilit\u00e9 \u00e0 long terme.   <\/p>\n<p>Les roulements pivotants ZZ allient fiabilit\u00e9 et s\u00e9curit\u00e9. Par exemple, sur les grues et les pompes \u00e0 b\u00e9ton, ces roulements assurent la stabilit\u00e9 pendant le fonctionnement. Ils am\u00e9liorent \u00e9galement la productivit\u00e9 des machines en supportant des charges extr\u00eames sans d\u00e9faillance. En bref, choisir les roulements ZZ garantit le bon fonctionnement de vos machines. Les op\u00e9rateurs b\u00e9n\u00e9ficient d&rsquo;une maintenance r\u00e9duite, d&rsquo;une s\u00e9curit\u00e9 accrue et de performances am\u00e9lior\u00e9es.    <\/p>\n<p>En r\u00e9sum\u00e9, les roulements \u00e0 billes \u00e0 double rang\u00e9e et les roulements \u00e0 rouleaux \u00e0 trois rang\u00e9es ZZ offrent des performances optimales dans les machines d&rsquo;ing\u00e9nierie. Ils supportent des charges lourdes, tournent en douceur et durent plus longtemps. Avec ZZ, les fabricants et les op\u00e9rateurs b\u00e9n\u00e9ficient de roulements de haute qualit\u00e9 qui optimisent l&rsquo;efficacit\u00e9 op\u00e9rationnelle, la stabilit\u00e9 et la s\u00e9curit\u00e9.  <\/p>\n","protected":false},"excerpt":{"rendered":"<p>Les roulements \u00e0 billes \u00e0 double rang\u00e9e et les roulements \u00e0 rouleaux \u00e0 trois rang\u00e9es ZZ sont con\u00e7us pour les applications lourdes dans les machines de construction et industrielles. Les roulements \u00e0 billes \u00e0 double rang\u00e9e sont dot\u00e9s de bagues en acier usin\u00e9es avec pr\u00e9cision et de billes \u00e0 haute r\u00e9sistance, offrant une capacit\u00e9 de charge axiale et radiale sup\u00e9rieure pour les tables tournantes, les plateaux tournants et les plates-formes. Les couronnes d&rsquo;orientation \u00e0 rouleaux \u00e0 trois rang\u00e9es int\u00e8grent trois rang\u00e9es de rouleaux, supportant efficacement les charges combin\u00e9es radiales, axiales et de moment de basculement dans des environnements exigeants. Les deux types de roulements sont con\u00e7us pour les excavatrices, les grues, les pompes \u00e0 b\u00e9ton, les plates-formes \u00e9l\u00e9vatrices et autres machines d&rsquo;ing\u00e9nierie, garantissant une rotation fluide, une grande durabilit\u00e9 et un entretien r\u00e9duit.   <\/p>\n","protected":false},"featured_media":12188,"comment_status":"open","ping_status":"closed","template":"","meta":{"content-type":""},"product_cat":[346,338],"product_tag":[1015,1013,1014],"class_list":{"0":"post-12219","1":"product","2":"type-product","3":"status-publish","4":"has-post-thumbnail","6":"product_cat-oem-series-fr","7":"product_cat-slewing-bearing-fr","8":"product_tag-palier-rotatif-pour-grue","9":"product_tag-roulement-a-rouleaux-a-trois-rangees","10":"product_tag-roulements-pour-machines-lourdes","12":"first","13":"instock","14":"shipping-taxable","15":"product-type-simple"},"yoast_head":"<!-- This site is optimized with the Yoast SEO plugin v21.7 - https:\/\/yoast.com\/wordpress\/plugins\/seo\/ -->\n<title>ZZ Double rang\u00e9e \u00e0 billes et trois rang\u00e9es \u00e0 rouleaux pivotants roulements<\/title>\n<meta name=\"description\" content=\"ZZ double rang\u00e9e rouleaux et trois rang\u00e9es rouleaux pivotants roulements offrent une capacit\u00e9 de charge \u00e9lev\u00e9e, rotation fluide, et performances durables pour les excavatrices,\" \/>\n<meta name=\"robots\" content=\"index, follow, max-snippet:-1, max-image-preview:large, max-video-preview:-1\" \/>\n<link rel=\"canonical\" href=\"https:\/\/slewingbearings.com\/fr\/product\/zz-double-rangee-a-billes-et-trois-rangees-a-rouleaux-pivotants-roulements\/\" \/>\n<meta property=\"og:locale\" content=\"fr_FR\" \/>\n<meta property=\"og:type\" content=\"article\" \/>\n<meta property=\"og:title\" content=\"ZZ Double rang\u00e9e \u00e0 billes et trois rang\u00e9es \u00e0 rouleaux pivotants roulements\" \/>\n<meta property=\"og:description\" content=\"ZZ double rang\u00e9e rouleaux et trois rang\u00e9es rouleaux pivotants roulements offrent une capacit\u00e9 de charge \u00e9lev\u00e9e, rotation fluide, et performances durables pour les excavatrices,\" \/>\n<meta property=\"og:url\" content=\"https:\/\/slewingbearings.com\/fr\/product\/zz-double-rangee-a-billes-et-trois-rangees-a-rouleaux-pivotants-roulements\/\" \/>\n<meta property=\"og:site_name\" content=\"ZZ Group\" \/>\n<meta property=\"og:image\" content=\"https:\/\/slewingbearings.com\/wp-content\/uploads\/2025\/08\/ZZ-Slewing-Bearing.webp\" \/>\n\t<meta property=\"og:image:width\" content=\"950\" \/>\n\t<meta property=\"og:image:height\" content=\"950\" \/>\n\t<meta property=\"og:image:type\" content=\"image\/webp\" \/>\n<meta name=\"twitter:card\" content=\"summary_large_image\" \/>\n<meta name=\"twitter:label1\" content=\"Dur\u00e9e de lecture estim\u00e9e\" \/>\n\t<meta name=\"twitter:data1\" content=\"2 minutes\" \/>\n<script type=\"application\/ld+json\" class=\"yoast-schema-graph\">{\"@context\":\"https:\/\/schema.org\",\"@graph\":[{\"@type\":\"WebPage\",\"@id\":\"https:\/\/slewingbearings.com\/fr\/product\/zz-double-rangee-a-billes-et-trois-rangees-a-rouleaux-pivotants-roulements\/\",\"url\":\"https:\/\/slewingbearings.com\/fr\/product\/zz-double-rangee-a-billes-et-trois-rangees-a-rouleaux-pivotants-roulements\/\",\"name\":\"ZZ Double rang\u00e9e \u00e0 billes et trois rang\u00e9es \u00e0 rouleaux pivotants roulements\",\"isPartOf\":{\"@id\":\"https:\/\/slewingbearings.com\/#website\"},\"datePublished\":\"2025-08-18T03:33:31+00:00\",\"dateModified\":\"2025-08-18T03:33:31+00:00\",\"description\":\"ZZ double rang\u00e9e rouleaux et trois rang\u00e9es rouleaux pivotants roulements offrent une capacit\u00e9 de charge \u00e9lev\u00e9e, rotation fluide, et performances durables pour les excavatrices,\",\"breadcrumb\":{\"@id\":\"https:\/\/slewingbearings.com\/fr\/product\/zz-double-rangee-a-billes-et-trois-rangees-a-rouleaux-pivotants-roulements\/#breadcrumb\"},\"inLanguage\":\"fr-FR\",\"potentialAction\":[{\"@type\":\"ReadAction\",\"target\":[\"https:\/\/slewingbearings.com\/fr\/product\/zz-double-rangee-a-billes-et-trois-rangees-a-rouleaux-pivotants-roulements\/\"]}]},{\"@type\":\"BreadcrumbList\",\"@id\":\"https:\/\/slewingbearings.com\/fr\/product\/zz-double-rangee-a-billes-et-trois-rangees-a-rouleaux-pivotants-roulements\/#breadcrumb\",\"itemListElement\":[{\"@type\":\"ListItem\",\"position\":1,\"name\":\"Home\",\"item\":\"https:\/\/slewingbearings.com\/fr\/palier-dorientation-entrainement-dorientation\/\"},{\"@type\":\"ListItem\",\"position\":2,\"name\":\"Shop\",\"item\":\"https:\/\/slewingbearings.com\/shop\/\"},{\"@type\":\"ListItem\",\"position\":3,\"name\":\"ZZ Double rang\u00e9e \u00e0 billes et trois rang\u00e9es \u00e0 rouleaux pivotants roulements\"}]},{\"@type\":\"WebSite\",\"@id\":\"https:\/\/slewingbearings.com\/#website\",\"url\":\"https:\/\/slewingbearings.com\/\",\"name\":\"ZZ Group\",\"description\":\"Leading Slewing Bearings in China\",\"potentialAction\":[{\"@type\":\"SearchAction\",\"target\":{\"@type\":\"EntryPoint\",\"urlTemplate\":\"https:\/\/slewingbearings.com\/?s={search_term_string}\"},\"query-input\":\"required name=search_term_string\"}],\"inLanguage\":\"fr-FR\"}]}<\/script>\n<!-- \/ Yoast SEO plugin. -->","yoast_head_json":{"title":"ZZ Double rang\u00e9e \u00e0 billes et trois rang\u00e9es \u00e0 rouleaux pivotants roulements","description":"ZZ double rang\u00e9e rouleaux et trois rang\u00e9es rouleaux pivotants roulements offrent une capacit\u00e9 de charge \u00e9lev\u00e9e, rotation fluide, et performances durables pour les excavatrices,","robots":{"index":"index","follow":"follow","max-snippet":"max-snippet:-1","max-image-preview":"max-image-preview:large","max-video-preview":"max-video-preview:-1"},"canonical":"https:\/\/slewingbearings.com\/fr\/product\/zz-double-rangee-a-billes-et-trois-rangees-a-rouleaux-pivotants-roulements\/","og_locale":"fr_FR","og_type":"article","og_title":"ZZ Double rang\u00e9e \u00e0 billes et trois rang\u00e9es \u00e0 rouleaux pivotants roulements","og_description":"ZZ double rang\u00e9e rouleaux et trois rang\u00e9es rouleaux pivotants roulements offrent une capacit\u00e9 de charge \u00e9lev\u00e9e, rotation fluide, et performances durables pour les excavatrices,","og_url":"https:\/\/slewingbearings.com\/fr\/product\/zz-double-rangee-a-billes-et-trois-rangees-a-rouleaux-pivotants-roulements\/","og_site_name":"ZZ Group","og_image":[{"width":950,"height":950,"url":"https:\/\/slewingbearings.com\/wp-content\/uploads\/2025\/08\/ZZ-Slewing-Bearing.webp","type":"image\/webp"}],"twitter_card":"summary_large_image","twitter_misc":{"Dur\u00e9e de lecture estim\u00e9e":"2 minutes"},"schema":{"@context":"https:\/\/schema.org","@graph":[{"@type":"WebPage","@id":"https:\/\/slewingbearings.com\/fr\/product\/zz-double-rangee-a-billes-et-trois-rangees-a-rouleaux-pivotants-roulements\/","url":"https:\/\/slewingbearings.com\/fr\/product\/zz-double-rangee-a-billes-et-trois-rangees-a-rouleaux-pivotants-roulements\/","name":"ZZ Double rang\u00e9e \u00e0 billes et trois rang\u00e9es \u00e0 rouleaux pivotants roulements","isPartOf":{"@id":"https:\/\/slewingbearings.com\/#website"},"datePublished":"2025-08-18T03:33:31+00:00","dateModified":"2025-08-18T03:33:31+00:00","description":"ZZ double rang\u00e9e rouleaux et trois rang\u00e9es rouleaux pivotants roulements offrent une capacit\u00e9 de charge \u00e9lev\u00e9e, rotation fluide, et performances durables pour les excavatrices,","breadcrumb":{"@id":"https:\/\/slewingbearings.com\/fr\/product\/zz-double-rangee-a-billes-et-trois-rangees-a-rouleaux-pivotants-roulements\/#breadcrumb"},"inLanguage":"fr-FR","potentialAction":[{"@type":"ReadAction","target":["https:\/\/slewingbearings.com\/fr\/product\/zz-double-rangee-a-billes-et-trois-rangees-a-rouleaux-pivotants-roulements\/"]}]},{"@type":"BreadcrumbList","@id":"https:\/\/slewingbearings.com\/fr\/product\/zz-double-rangee-a-billes-et-trois-rangees-a-rouleaux-pivotants-roulements\/#breadcrumb","itemListElement":[{"@type":"ListItem","position":1,"name":"Home","item":"https:\/\/slewingbearings.com\/fr\/palier-dorientation-entrainement-dorientation\/"},{"@type":"ListItem","position":2,"name":"Shop","item":"https:\/\/slewingbearings.com\/shop\/"},{"@type":"ListItem","position":3,"name":"ZZ Double rang\u00e9e \u00e0 billes et trois rang\u00e9es \u00e0 rouleaux pivotants roulements"}]},{"@type":"WebSite","@id":"https:\/\/slewingbearings.com\/#website","url":"https:\/\/slewingbearings.com\/","name":"ZZ Group","description":"Leading Slewing Bearings in China","potentialAction":[{"@type":"SearchAction","target":{"@type":"EntryPoint","urlTemplate":"https:\/\/slewingbearings.com\/?s={search_term_string}"},"query-input":"required name=search_term_string"}],"inLanguage":"fr-FR"}]}},"_links":{"self":[{"href":"https:\/\/slewingbearings.com\/fr\/wp-json\/wp\/v2\/product\/12219","targetHints":{"allow":["GET"]}}],"collection":[{"href":"https:\/\/slewingbearings.com\/fr\/wp-json\/wp\/v2\/product"}],"about":[{"href":"https:\/\/slewingbearings.com\/fr\/wp-json\/wp\/v2\/types\/product"}],"replies":[{"embeddable":true,"href":"https:\/\/slewingbearings.com\/fr\/wp-json\/wp\/v2\/comments?post=12219"}],"wp:featuredmedia":[{"embeddable":true,"href":"https:\/\/slewingbearings.com\/fr\/wp-json\/wp\/v2\/media\/12188"}],"wp:attachment":[{"href":"https:\/\/slewingbearings.com\/fr\/wp-json\/wp\/v2\/media?parent=12219"}],"wp:term":[{"taxonomy":"product_cat","embeddable":true,"href":"https:\/\/slewingbearings.com\/fr\/wp-json\/wp\/v2\/product_cat?post=12219"},{"taxonomy":"product_tag","embeddable":true,"href":"https:\/\/slewingbearings.com\/fr\/wp-json\/wp\/v2\/product_tag?post=12219"}],"curies":[{"name":"wp","href":"https:\/\/api.w.org\/{rel}","templated":true}]}}