{"id":11984,"date":"2024-01-21T02:30:40","date_gmt":"2024-01-21T02:30:40","guid":{"rendered":"https:\/\/slewingbearings.com\/product\/sea-25-entrainement-dorientation\/"},"modified":"2024-01-21T02:30:40","modified_gmt":"2024-01-21T02:30:40","slug":"sea-25-entrainement-dorientation","status":"publish","type":"product","link":"https:\/\/slewingbearings.com\/fr\/product\/sea-25-entrainement-dorientation\/","title":{"rendered":"SEA-25 Entra\u00eenement d&rsquo;orientation"},"content":{"rendered":"<p>La conception enti\u00e8rement ferm\u00e9e est une caract\u00e9ristique importante du syst\u00e8me d&rsquo;entra\u00eenement rotatif. Elle prot\u00e8ge les composants cl\u00e9s, r\u00e9duit l&rsquo;usure et la corrosion des composants et augmente la dur\u00e9e de vie du syst\u00e8me. Cela joue un r\u00f4le positif dans la fiabilit\u00e9 et la durabilit\u00e9 de l&rsquo;\u00e9quipement dans divers environnements difficiles.  <\/p>\n<p>Les syst\u00e8mes d&rsquo;entra\u00eenement \u00e0 rotation ont \u00e9galement des applications importantes dans la fabrication et l&rsquo;assemblage d&rsquo;automobiles, la production d&rsquo;\u00e9nergie \u00e9olienne et la production d&rsquo;\u00e9nergie solaire. Dans la construction automobile, ils permettent la rotation des plates-formes de travail sur les cha\u00eenes d&rsquo;assemblage, ce qui facilite l&rsquo;acc\u00e8s des ouvriers aux pi\u00e8ces automobiles et leur assemblage. Dans le domaine des \u00e9nergies renouvelables, le bon fonctionnement des \u00e9oliennes et des syst\u00e8mes de poursuite solaire est indissociable du soutien des syst\u00e8mes d&rsquo;entra\u00eenement \u00e0 orientation.  <\/p>\n<p>Dans l&rsquo;ensemble, les syst\u00e8mes d&rsquo;entra\u00eenement \u00e0 rotation offrent une flexibilit\u00e9, une adaptabilit\u00e9 et des performances sup\u00e9rieures aux machines et aux \u00e9quipements dans un grand nombre d&rsquo;industries gr\u00e2ce \u00e0 leurs fonctions et caract\u00e9ristiques uniques. Ils permettent non seulement d&rsquo;am\u00e9liorer l&rsquo;efficacit\u00e9 de la production, mais aussi d&rsquo;injecter une forte puissance dans l&rsquo;automatisation industrielle et les processus de production modernes. <\/p>\n\n<table id=\"tablepress-30\" class=\"tablepress tablepress-id-30\">\n<thead>\n<tr class=\"row-1\">\n\t<th class=\"column-1\">Model<\/th><th class=\"column-2\">Output Torque<\/th><th class=\"column-3\">Tilting Moment Torque<\/th><th class=\"column-4\">Holding Torque<\/th><th class=\"column-5\">Gear Ratio<\/th><th class=\"column-6\">Tracking Precision<\/th><th class=\"column-7\">Weight<\/th><th class=\"column-8\">Drawing<\/th>\n<\/tr>\n<\/thead>\n<tbody class=\"row-striping row-hover\">\n<tr class=\"row-2\">\n\t<td class=\"column-1\">SEA25<\/td><td class=\"column-2\">18 KN.m<\/td><td class=\"column-3\">270 KN.m<\/td><td class=\"column-4\">84.5 KN.m<\/td><td class=\"column-5\">150:1<\/td><td class=\"column-6\">\u22640.17\u00b0<\/td><td class=\"column-7\">165kg<\/td><td class=\"column-8\"><a href=\"https:\/\/slewingbearings.com\/wp-content\/uploads\/2024\/01\/SEA25-Slew-Drive-catalog.pdf\"><br \/>\n<img decoding=\"async\" src=\"https:\/\/slewingbearings.com\/wp-content\/uploads\/2024\/01\/pdf.png\" width=\"30\" height=\"30\"><\/a><\/td>\n<\/tr>\n<tr class=\"row-3\">\n\t<td class=\"column-1\">SEA25<\/td><td class=\"column-2\">13300 lbf.ft<\/td><td class=\"column-3\">200\u00d710\u00b3 lbf.ft<\/td><td class=\"column-4\">62.4\u00d710\u00b3 lbf.ft<\/td><td class=\"column-5\">150:1<\/td><td class=\"column-6\">\u22640.17\u00b0<\/td><td class=\"column-7\">105kg<\/td><td class=\"column-8\"><a href=\"https:\/\/slewingbearings.com\/wp-content\/uploads\/2024\/01\/SEA25-Slew-Drive-catalog.pdf\"><br \/>\n<img decoding=\"async\" src=\"https:\/\/slewingbearings.com\/wp-content\/uploads\/2024\/01\/pdf.png\" width=\"30\" height=\"30\"><\/a><\/td>\n<\/tr>\n<tr class=\"row-4\">\n\t<td class=\"column-1\">PEA25<\/td><td class=\"column-2\">18 KN.m<\/td><td class=\"column-3\">270 KN.m<\/td><td class=\"column-4\">84.5 KN.m<\/td><td class=\"column-5\">150:1<\/td><td class=\"column-6\">\u22640.09\u00b0<\/td><td class=\"column-7\">165kg<\/td><td class=\"column-8\"><a href=\"https:\/\/slewingbearings.com\/wp-content\/uploads\/2024\/01\/SEA25-Slew-Drive-catalog.pdf\"><br \/>\n<img decoding=\"async\" src=\"https:\/\/slewingbearings.com\/wp-content\/uploads\/2024\/01\/pdf.png\" width=\"30\" height=\"30\"><\/a><\/td>\n<\/tr>\n<tr class=\"row-5\">\n\t<td class=\"column-1\">PEA25<\/td><td class=\"column-2\">13300 lbf.ft<\/td><td class=\"column-3\">200\u00d710\u00b3 lbf.ft<\/td><td class=\"column-4\">62.4\u00d710\u00b3 lbf.ft<\/td><td class=\"column-5\">150:1<\/td><td class=\"column-6\">\u22640.09\u00b0<\/td><td class=\"column-7\">149kg<\/td><td class=\"column-8\"><a href=\"https:\/\/slewingbearings.com\/wp-content\/uploads\/2024\/01\/SEA25-Slew-Drive-catalog.pdf\"><br \/>\n<img decoding=\"async\" src=\"https:\/\/slewingbearings.com\/wp-content\/uploads\/2024\/01\/pdf.png\" width=\"30\" height=\"30\"><\/a><\/td>\n<\/tr>\n<\/tbody>\n<\/table>\n<!-- #tablepress-30 from cache -->\n","protected":false},"excerpt":{"rendered":"<p>Le syst\u00e8me d&rsquo;entra\u00eenement par rotation est une technologie m\u00e9canique cl\u00e9. Sa conception unique permet \u00e0 l&rsquo;\u00e9quipement m\u00e9canique de tourner \u00e0 360 degr\u00e9s dans le sens horizontal. Ces syst\u00e8mes jouent un r\u00f4le cl\u00e9 dans diverses industries et applications, offrant une flexibilit\u00e9 et une adaptabilit\u00e9 exceptionnelles aux machines et \u00e9quipements dans les domaines de l&rsquo;automatisation industrielle, de l&rsquo;ing\u00e9nierie de la construction, de l&rsquo;exploitation mini\u00e8re, de l&rsquo;agriculture et d&rsquo;autres domaines.  <\/p>\n<p>L&rsquo;une des principales fonctions du m\u00e9canisme d&rsquo;orientation est la rotation \u00e0 360 degr\u00e9s, qui permet \u00e0 l&rsquo;\u00e9quipement m\u00e9canique de couvrir une gamme compl\u00e8te de zones de travail. Cette fonction est essentielle pour am\u00e9liorer l&rsquo;efficacit\u00e9 du travail, r\u00e9duire le temps de d\u00e9placement de l&rsquo;\u00e9quipement et s&rsquo;adapter \u00e0 diff\u00e9rents sc\u00e9narios de travail. Qu&rsquo;il s&rsquo;agisse de la manutention pr\u00e9cise d&rsquo;une grue \u00e0 tour sur un chantier de construction ou de l&rsquo;excavation flexible d&rsquo;une pelleteuse sur un site minier, elle est indissociable de l&rsquo;appui du syst\u00e8me d&rsquo;orientation.  <\/p>\n","protected":false},"featured_media":6204,"comment_status":"open","ping_status":"closed","template":"","meta":{"content-type":""},"product_cat":[613,325],"product_tag":[730],"class_list":{"0":"post-11984","1":"product","2":"type-product","3":"status-publish","4":"has-post-thumbnail","6":"product_cat-entrainement-a-lorientation-sea-pea","7":"product_cat-slew-drive-fr","8":"product_tag-entrainement-dorientation-sea25","10":"first","11":"instock","12":"shipping-taxable","13":"product-type-simple"},"yoast_head":"<!-- This site is optimized with the Yoast SEO plugin v21.7 - https:\/\/yoast.com\/wordpress\/plugins\/seo\/ -->\n<title>SEA-25 Entra\u00eenement d&#039;orientation - ZZ Group<\/title>\n<meta name=\"description\" content=\"A Sea25 slew drive is a piece of engineering equipment usually designed to rotate an object or system in a horizontal or vertical direction.\" \/>\n<meta name=\"robots\" content=\"index, follow, max-snippet:-1, max-image-preview:large, max-video-preview:-1\" \/>\n<link rel=\"canonical\" href=\"https:\/\/slewingbearings.com\/fr\/product\/sea-25-entrainement-dorientation\/\" \/>\n<meta property=\"og:locale\" content=\"fr_FR\" \/>\n<meta property=\"og:type\" content=\"article\" \/>\n<meta property=\"og:title\" content=\"SEA-25 Entra\u00eenement d&#039;orientation - ZZ Group\" \/>\n<meta property=\"og:description\" content=\"A Sea25 slew drive is a piece of engineering equipment usually designed to rotate an object or system in a horizontal or vertical direction.\" \/>\n<meta property=\"og:url\" content=\"https:\/\/slewingbearings.com\/fr\/product\/sea-25-entrainement-dorientation\/\" \/>\n<meta property=\"og:site_name\" content=\"ZZ Group\" \/>\n<meta property=\"og:image\" content=\"https:\/\/slewingbearings.com\/wp-content\/uploads\/2024\/01\/sea25-slew-drive.jpg\" \/>\n\t<meta property=\"og:image:width\" content=\"500\" \/>\n\t<meta property=\"og:image:height\" content=\"500\" \/>\n\t<meta property=\"og:image:type\" content=\"image\/jpeg\" \/>\n<meta name=\"twitter:card\" content=\"summary_large_image\" \/>\n<meta name=\"twitter:label1\" content=\"Dur\u00e9e de lecture estim\u00e9e\" \/>\n\t<meta name=\"twitter:data1\" content=\"1 minute\" \/>\n<script type=\"application\/ld+json\" class=\"yoast-schema-graph\">{\"@context\":\"https:\/\/schema.org\",\"@graph\":[{\"@type\":\"WebPage\",\"@id\":\"https:\/\/slewingbearings.com\/fr\/product\/sea-25-entrainement-dorientation\/\",\"url\":\"https:\/\/slewingbearings.com\/fr\/product\/sea-25-entrainement-dorientation\/\",\"name\":\"SEA-25 Entra\u00eenement d'orientation - ZZ Group\",\"isPartOf\":{\"@id\":\"https:\/\/slewingbearings.com\/#website\"},\"datePublished\":\"2024-01-21T02:30:40+00:00\",\"dateModified\":\"2024-01-21T02:30:40+00:00\",\"description\":\"A Sea25 slew drive is a piece of engineering equipment usually designed to rotate an object or system in a horizontal or vertical direction.\",\"breadcrumb\":{\"@id\":\"https:\/\/slewingbearings.com\/fr\/product\/sea-25-entrainement-dorientation\/#breadcrumb\"},\"inLanguage\":\"fr-FR\",\"potentialAction\":[{\"@type\":\"ReadAction\",\"target\":[\"https:\/\/slewingbearings.com\/fr\/product\/sea-25-entrainement-dorientation\/\"]}]},{\"@type\":\"BreadcrumbList\",\"@id\":\"https:\/\/slewingbearings.com\/fr\/product\/sea-25-entrainement-dorientation\/#breadcrumb\",\"itemListElement\":[{\"@type\":\"ListItem\",\"position\":1,\"name\":\"Home\",\"item\":\"https:\/\/slewingbearings.com\/fr\/palier-dorientation-entrainement-dorientation\/\"},{\"@type\":\"ListItem\",\"position\":2,\"name\":\"Shop\",\"item\":\"https:\/\/slewingbearings.com\/shop\/\"},{\"@type\":\"ListItem\",\"position\":3,\"name\":\"SEA-25 Entra\u00eenement d&#8217;orientation\"}]},{\"@type\":\"WebSite\",\"@id\":\"https:\/\/slewingbearings.com\/#website\",\"url\":\"https:\/\/slewingbearings.com\/\",\"name\":\"ZZ Group\",\"description\":\"Leading Slewing Bearings in China\",\"potentialAction\":[{\"@type\":\"SearchAction\",\"target\":{\"@type\":\"EntryPoint\",\"urlTemplate\":\"https:\/\/slewingbearings.com\/?s={search_term_string}\"},\"query-input\":\"required name=search_term_string\"}],\"inLanguage\":\"fr-FR\"}]}<\/script>\n<!-- \/ Yoast SEO plugin. -->","yoast_head_json":{"title":"SEA-25 Entra\u00eenement d'orientation - ZZ Group","description":"A Sea25 slew drive is a piece of engineering equipment usually designed to rotate an object or system in a horizontal or vertical direction.","robots":{"index":"index","follow":"follow","max-snippet":"max-snippet:-1","max-image-preview":"max-image-preview:large","max-video-preview":"max-video-preview:-1"},"canonical":"https:\/\/slewingbearings.com\/fr\/product\/sea-25-entrainement-dorientation\/","og_locale":"fr_FR","og_type":"article","og_title":"SEA-25 Entra\u00eenement d'orientation - ZZ Group","og_description":"A Sea25 slew drive is a piece of engineering equipment usually designed to rotate an object or system in a horizontal or vertical direction.","og_url":"https:\/\/slewingbearings.com\/fr\/product\/sea-25-entrainement-dorientation\/","og_site_name":"ZZ Group","og_image":[{"width":500,"height":500,"url":"https:\/\/slewingbearings.com\/wp-content\/uploads\/2024\/01\/sea25-slew-drive.jpg","type":"image\/jpeg"}],"twitter_card":"summary_large_image","twitter_misc":{"Dur\u00e9e de lecture estim\u00e9e":"1 minute"},"schema":{"@context":"https:\/\/schema.org","@graph":[{"@type":"WebPage","@id":"https:\/\/slewingbearings.com\/fr\/product\/sea-25-entrainement-dorientation\/","url":"https:\/\/slewingbearings.com\/fr\/product\/sea-25-entrainement-dorientation\/","name":"SEA-25 Entra\u00eenement d'orientation - ZZ Group","isPartOf":{"@id":"https:\/\/slewingbearings.com\/#website"},"datePublished":"2024-01-21T02:30:40+00:00","dateModified":"2024-01-21T02:30:40+00:00","description":"A Sea25 slew drive is a piece of engineering equipment usually designed to rotate an object or system in a horizontal or vertical direction.","breadcrumb":{"@id":"https:\/\/slewingbearings.com\/fr\/product\/sea-25-entrainement-dorientation\/#breadcrumb"},"inLanguage":"fr-FR","potentialAction":[{"@type":"ReadAction","target":["https:\/\/slewingbearings.com\/fr\/product\/sea-25-entrainement-dorientation\/"]}]},{"@type":"BreadcrumbList","@id":"https:\/\/slewingbearings.com\/fr\/product\/sea-25-entrainement-dorientation\/#breadcrumb","itemListElement":[{"@type":"ListItem","position":1,"name":"Home","item":"https:\/\/slewingbearings.com\/fr\/palier-dorientation-entrainement-dorientation\/"},{"@type":"ListItem","position":2,"name":"Shop","item":"https:\/\/slewingbearings.com\/shop\/"},{"@type":"ListItem","position":3,"name":"SEA-25 Entra\u00eenement d&#8217;orientation"}]},{"@type":"WebSite","@id":"https:\/\/slewingbearings.com\/#website","url":"https:\/\/slewingbearings.com\/","name":"ZZ Group","description":"Leading Slewing Bearings in China","potentialAction":[{"@type":"SearchAction","target":{"@type":"EntryPoint","urlTemplate":"https:\/\/slewingbearings.com\/?s={search_term_string}"},"query-input":"required name=search_term_string"}],"inLanguage":"fr-FR"}]}},"_links":{"self":[{"href":"https:\/\/slewingbearings.com\/fr\/wp-json\/wp\/v2\/product\/11984","targetHints":{"allow":["GET"]}}],"collection":[{"href":"https:\/\/slewingbearings.com\/fr\/wp-json\/wp\/v2\/product"}],"about":[{"href":"https:\/\/slewingbearings.com\/fr\/wp-json\/wp\/v2\/types\/product"}],"replies":[{"embeddable":true,"href":"https:\/\/slewingbearings.com\/fr\/wp-json\/wp\/v2\/comments?post=11984"}],"wp:featuredmedia":[{"embeddable":true,"href":"https:\/\/slewingbearings.com\/fr\/wp-json\/wp\/v2\/media\/6204"}],"wp:attachment":[{"href":"https:\/\/slewingbearings.com\/fr\/wp-json\/wp\/v2\/media?parent=11984"}],"wp:term":[{"taxonomy":"product_cat","embeddable":true,"href":"https:\/\/slewingbearings.com\/fr\/wp-json\/wp\/v2\/product_cat?post=11984"},{"taxonomy":"product_tag","embeddable":true,"href":"https:\/\/slewingbearings.com\/fr\/wp-json\/wp\/v2\/product_tag?post=11984"}],"curies":[{"name":"wp","href":"https:\/\/api.w.org\/{rel}","templated":true}]}}