{"id":11926,"date":"2024-01-21T03:48:53","date_gmt":"2024-01-21T03:48:53","guid":{"rendered":"https:\/\/slewingbearings.com\/product\/ve-9-slewing-drive\/"},"modified":"2024-01-21T03:48:53","modified_gmt":"2024-01-21T03:48:53","slug":"ve-9-slewing-drive","status":"publish","type":"product","link":"https:\/\/slewingbearings.com\/fr\/product\/ve-9-slewing-drive\/","title":{"rendered":"VE-9 Slewing Drive"},"content":{"rendered":"<p>Deuxi\u00e8mement, le syst\u00e8me d&rsquo; entra\u00eenement \u00e0 rotation verticale permet de mieux utiliser l &lsquo; espace. Dans les environnements tr\u00e8s contraints ou limit\u00e9s en espace, l&rsquo; application de ces syst\u00e8mes peut \u00eatre plus efficace. Par exemple, sur les chantiers de construction ou dans les laboratoires de recherche scientifique des villes, les syst\u00e8mes d&rsquo; entra\u00eenement \u00e0 rotation verticale s&rsquo;int\u00e8grent mieux dans les espaces limit\u00e9s.  <\/p>\n<p>Deuxi\u00e8mement, ce type de syst\u00e8me d&rsquo;entra\u00eenement pr\u00e9sente g\u00e9n\u00e9ralement une grande pr\u00e9cision de positionnement. L&rsquo;\u00e9quipement m\u00e9canique peut rester avec pr\u00e9cision dans la position requise gr\u00e2ce \u00e0 la rotation verticale, ce qui permet d&rsquo;effectuer des t\u00e2ches fines et de haute pr\u00e9cision. <\/p>\n<p>Dans l&rsquo;ensemble, le syst\u00e8me d&rsquo;entra\u00eenement \u00e0 rotation verticale fournit des solutions uniques pour le suivi solaire, la production d&rsquo;\u00e9nergie \u00e9olienne, les laboratoires de recherche scientifique et d&rsquo;autres domaines gr\u00e2ce \u00e0 sa fonction unique de rotation verticale.<\/p>\n\n<table id=\"tablepress-35\" class=\"tablepress tablepress-id-35\">\n<thead>\n<tr class=\"row-1\">\n\t<th class=\"column-1\">Model<\/th><th class=\"column-2\">Output Torque<\/th><th class=\"column-3\">Tilting Moment Torque<\/th><th class=\"column-4\">Holding Torque<\/th><th class=\"column-5\">Gear Ratio<\/th><th class=\"column-6\">Tracking Precision<\/th><th class=\"column-7\">Weight<\/th><th class=\"column-8\">Drawing<\/th>\n<\/tr>\n<\/thead>\n<tbody class=\"row-striping row-hover\">\n<tr class=\"row-2\">\n\t<td class=\"column-1\">VE9<\/td><td class=\"column-2\">14000 N.m<\/td><td class=\"column-3\">6500 N.m<\/td><td class=\"column-4\">65 KN.m<\/td><td class=\"column-5\">61:1<\/td><td class=\"column-6\">\u22640.3\u00b0<\/td><td class=\"column-7\">71kg<\/td><td class=\"column-8\"><a href=\"https:\/\/slewingbearings.com\/wp-content\/uploads\/2024\/01\/VE9-Slew-Drive-catalog.pdf\"><br \/>\n<img decoding=\"async\" src=\"https:\/\/slewingbearings.com\/wp-content\/uploads\/2024\/01\/pdf.png\" width=\"30\" height=\"30\"><\/a><\/td>\n<\/tr>\n<tr class=\"row-3\">\n\t<td class=\"column-1\">VE9<\/td><td class=\"column-2\">10332lbf.ft<\/td><td class=\"column-3\">4797 lbf.ft<\/td><td class=\"column-4\">47970 lbf.ft<\/td><td class=\"column-5\">61:1<\/td><td class=\"column-6\">\u22640.3\u00b0<\/td><td class=\"column-7\">71kg<\/td><td class=\"column-8\"><a href=\"https:\/\/slewingbearings.com\/wp-content\/uploads\/2024\/01\/VE9-Slew-Drive-catalog.pdf\"><br \/>\n<img decoding=\"async\" src=\"https:\/\/slewingbearings.com\/wp-content\/uploads\/2024\/01\/pdf.png\" width=\"30\" height=\"30\"><\/a><\/td>\n<\/tr>\n<\/tbody>\n<\/table>\n<!-- #tablepress-35 from cache -->\n","protected":false},"excerpt":{"rendered":"<p>Un syst\u00e8me d&rsquo;entra\u00eenement vertical VE9 est un syst\u00e8me m\u00e9canique con\u00e7u pour r\u00e9aliser une rotation dans le sens vertical. Cette technologie fournit des solutions uniques pour une vari\u00e9t\u00e9 d&rsquo;applications industrielles et scientifiques, permettant \u00e0 des \u00e9quipements m\u00e9caniques ou \u00e0 des outils d&rsquo;\u00eatre tourn\u00e9s de mani\u00e8re flexible dans une orientation verticale, \u00e9largissant ainsi leur champ d&rsquo;application et leur polyvalence. <\/p>\n<p>Dans le domaine de l&rsquo;\u00e9nergie solaire, les syst\u00e8mes d&rsquo;orientation verticaux VE9 sont largement utilis\u00e9s dans les syst\u00e8mes de suivi solaire. Le panneau solaire est entra\u00een\u00e9 par une rotation verticale et peut se d\u00e9placer vers le haut et vers le bas en suivant la trajectoire du soleil, ce qui garantit que le panneau photovolta\u00efque est toujours orient\u00e9 vers le soleil. Cette conception permet de capter au maximum le rayonnement solaire et d&rsquo;am\u00e9liorer l&rsquo;efficacit\u00e9 de la production d&rsquo;\u00e9nergie solaire. Dans le domaine de la production d&rsquo;\u00e9nergie \u00e9olienne, certains a\u00e9rog\u00e9n\u00e9rateurs verticaux utilisent \u00e9galement des syst\u00e8mes d&rsquo;orientation verticaux. Cette conception permet \u00e0 l&rsquo;\u00e9olienne de tourner verticalement, de mieux s&rsquo;adapter aux vents dans diff\u00e9rentes directions et d&rsquo;optimiser la capture de l&rsquo;\u00e9nergie \u00e9olienne.    <\/p>\n","protected":false},"featured_media":6249,"comment_status":"open","ping_status":"closed","template":"","meta":{"content-type":""},"product_cat":[658,325],"product_tag":[671],"class_list":{"0":"post-11926","1":"product","2":"type-product","3":"status-publish","4":"has-post-thumbnail","6":"product_cat-entrainement-dorientation-ve","7":"product_cat-slew-drive-fr","8":"product_tag-entrainement-a-lorientation-ve9","10":"first","11":"instock","12":"shipping-taxable","13":"product-type-simple"},"yoast_head":"<!-- This site is optimized with the Yoast SEO plugin v21.7 - https:\/\/yoast.com\/wordpress\/plugins\/seo\/ -->\n<title>VE-9 Slewing Drive - ZZ Group<\/title>\n<meta name=\"description\" content=\"Le syst\u00e8me d&#039; entra\u00eenement \u00e0 rotation verticale de la s\u00e9rie VE9 est un syst\u00e8me m\u00e9canique con\u00e7u pour r\u00e9aliser une rotation dans le sens vertical.\" \/>\n<meta name=\"robots\" content=\"index, follow, max-snippet:-1, max-image-preview:large, max-video-preview:-1\" \/>\n<link rel=\"canonical\" href=\"https:\/\/slewingbearings.com\/fr\/product\/ve-9-slewing-drive\/\" \/>\n<meta property=\"og:locale\" content=\"fr_FR\" \/>\n<meta property=\"og:type\" content=\"article\" \/>\n<meta property=\"og:title\" content=\"VE-9 Slewing Drive - ZZ Group\" \/>\n<meta property=\"og:description\" content=\"Le syst\u00e8me d&#039; entra\u00eenement \u00e0 rotation verticale de la s\u00e9rie VE9 est un syst\u00e8me m\u00e9canique con\u00e7u pour r\u00e9aliser une rotation dans le sens vertical.\" \/>\n<meta property=\"og:url\" content=\"https:\/\/slewingbearings.com\/fr\/product\/ve-9-slewing-drive\/\" \/>\n<meta property=\"og:site_name\" content=\"ZZ Group\" \/>\n<meta property=\"og:image\" content=\"https:\/\/slewingbearings.com\/wp-content\/uploads\/2024\/01\/ve9-slew-drive.jpg\" \/>\n\t<meta property=\"og:image:width\" content=\"500\" \/>\n\t<meta property=\"og:image:height\" content=\"500\" \/>\n\t<meta property=\"og:image:type\" content=\"image\/jpeg\" \/>\n<meta name=\"twitter:card\" content=\"summary_large_image\" \/>\n<meta name=\"twitter:label1\" content=\"Dur\u00e9e de lecture estim\u00e9e\" \/>\n\t<meta name=\"twitter:data1\" content=\"1 minute\" \/>\n<script type=\"application\/ld+json\" class=\"yoast-schema-graph\">{\"@context\":\"https:\/\/schema.org\",\"@graph\":[{\"@type\":\"WebPage\",\"@id\":\"https:\/\/slewingbearings.com\/fr\/product\/ve-9-slewing-drive\/\",\"url\":\"https:\/\/slewingbearings.com\/fr\/product\/ve-9-slewing-drive\/\",\"name\":\"VE-9 Slewing Drive - ZZ Group\",\"isPartOf\":{\"@id\":\"https:\/\/slewingbearings.com\/#website\"},\"datePublished\":\"2024-01-21T03:48:53+00:00\",\"dateModified\":\"2024-01-21T03:48:53+00:00\",\"description\":\"Le syst\u00e8me d' entra\u00eenement \u00e0 rotation verticale de la s\u00e9rie VE9 est un syst\u00e8me m\u00e9canique con\u00e7u pour r\u00e9aliser une rotation dans le sens vertical.\",\"breadcrumb\":{\"@id\":\"https:\/\/slewingbearings.com\/fr\/product\/ve-9-slewing-drive\/#breadcrumb\"},\"inLanguage\":\"fr-FR\",\"potentialAction\":[{\"@type\":\"ReadAction\",\"target\":[\"https:\/\/slewingbearings.com\/fr\/product\/ve-9-slewing-drive\/\"]}]},{\"@type\":\"BreadcrumbList\",\"@id\":\"https:\/\/slewingbearings.com\/fr\/product\/ve-9-slewing-drive\/#breadcrumb\",\"itemListElement\":[{\"@type\":\"ListItem\",\"position\":1,\"name\":\"Home\",\"item\":\"https:\/\/slewingbearings.com\/fr\/palier-dorientation-entrainement-dorientation\/\"},{\"@type\":\"ListItem\",\"position\":2,\"name\":\"Shop\",\"item\":\"https:\/\/slewingbearings.com\/shop\/\"},{\"@type\":\"ListItem\",\"position\":3,\"name\":\"VE-9 Slewing Drive\"}]},{\"@type\":\"WebSite\",\"@id\":\"https:\/\/slewingbearings.com\/#website\",\"url\":\"https:\/\/slewingbearings.com\/\",\"name\":\"ZZ Group\",\"description\":\"Leading Slewing Bearings in China\",\"potentialAction\":[{\"@type\":\"SearchAction\",\"target\":{\"@type\":\"EntryPoint\",\"urlTemplate\":\"https:\/\/slewingbearings.com\/?s={search_term_string}\"},\"query-input\":\"required name=search_term_string\"}],\"inLanguage\":\"fr-FR\"}]}<\/script>\n<!-- \/ Yoast SEO plugin. -->","yoast_head_json":{"title":"VE-9 Slewing Drive - ZZ Group","description":"Le syst\u00e8me d' entra\u00eenement \u00e0 rotation verticale de la s\u00e9rie VE9 est un syst\u00e8me m\u00e9canique con\u00e7u pour r\u00e9aliser une rotation dans le sens vertical.","robots":{"index":"index","follow":"follow","max-snippet":"max-snippet:-1","max-image-preview":"max-image-preview:large","max-video-preview":"max-video-preview:-1"},"canonical":"https:\/\/slewingbearings.com\/fr\/product\/ve-9-slewing-drive\/","og_locale":"fr_FR","og_type":"article","og_title":"VE-9 Slewing Drive - ZZ Group","og_description":"Le syst\u00e8me d' entra\u00eenement \u00e0 rotation verticale de la s\u00e9rie VE9 est un syst\u00e8me m\u00e9canique con\u00e7u pour r\u00e9aliser une rotation dans le sens vertical.","og_url":"https:\/\/slewingbearings.com\/fr\/product\/ve-9-slewing-drive\/","og_site_name":"ZZ Group","og_image":[{"width":500,"height":500,"url":"https:\/\/slewingbearings.com\/wp-content\/uploads\/2024\/01\/ve9-slew-drive.jpg","type":"image\/jpeg"}],"twitter_card":"summary_large_image","twitter_misc":{"Dur\u00e9e de lecture estim\u00e9e":"1 minute"},"schema":{"@context":"https:\/\/schema.org","@graph":[{"@type":"WebPage","@id":"https:\/\/slewingbearings.com\/fr\/product\/ve-9-slewing-drive\/","url":"https:\/\/slewingbearings.com\/fr\/product\/ve-9-slewing-drive\/","name":"VE-9 Slewing Drive - ZZ Group","isPartOf":{"@id":"https:\/\/slewingbearings.com\/#website"},"datePublished":"2024-01-21T03:48:53+00:00","dateModified":"2024-01-21T03:48:53+00:00","description":"Le syst\u00e8me d' entra\u00eenement \u00e0 rotation verticale de la s\u00e9rie VE9 est un syst\u00e8me m\u00e9canique con\u00e7u pour r\u00e9aliser une rotation dans le sens vertical.","breadcrumb":{"@id":"https:\/\/slewingbearings.com\/fr\/product\/ve-9-slewing-drive\/#breadcrumb"},"inLanguage":"fr-FR","potentialAction":[{"@type":"ReadAction","target":["https:\/\/slewingbearings.com\/fr\/product\/ve-9-slewing-drive\/"]}]},{"@type":"BreadcrumbList","@id":"https:\/\/slewingbearings.com\/fr\/product\/ve-9-slewing-drive\/#breadcrumb","itemListElement":[{"@type":"ListItem","position":1,"name":"Home","item":"https:\/\/slewingbearings.com\/fr\/palier-dorientation-entrainement-dorientation\/"},{"@type":"ListItem","position":2,"name":"Shop","item":"https:\/\/slewingbearings.com\/shop\/"},{"@type":"ListItem","position":3,"name":"VE-9 Slewing Drive"}]},{"@type":"WebSite","@id":"https:\/\/slewingbearings.com\/#website","url":"https:\/\/slewingbearings.com\/","name":"ZZ Group","description":"Leading Slewing Bearings in China","potentialAction":[{"@type":"SearchAction","target":{"@type":"EntryPoint","urlTemplate":"https:\/\/slewingbearings.com\/?s={search_term_string}"},"query-input":"required name=search_term_string"}],"inLanguage":"fr-FR"}]}},"_links":{"self":[{"href":"https:\/\/slewingbearings.com\/fr\/wp-json\/wp\/v2\/product\/11926","targetHints":{"allow":["GET"]}}],"collection":[{"href":"https:\/\/slewingbearings.com\/fr\/wp-json\/wp\/v2\/product"}],"about":[{"href":"https:\/\/slewingbearings.com\/fr\/wp-json\/wp\/v2\/types\/product"}],"replies":[{"embeddable":true,"href":"https:\/\/slewingbearings.com\/fr\/wp-json\/wp\/v2\/comments?post=11926"}],"wp:featuredmedia":[{"embeddable":true,"href":"https:\/\/slewingbearings.com\/fr\/wp-json\/wp\/v2\/media\/6249"}],"wp:attachment":[{"href":"https:\/\/slewingbearings.com\/fr\/wp-json\/wp\/v2\/media?parent=11926"}],"wp:term":[{"taxonomy":"product_cat","embeddable":true,"href":"https:\/\/slewingbearings.com\/fr\/wp-json\/wp\/v2\/product_cat?post=11926"},{"taxonomy":"product_tag","embeddable":true,"href":"https:\/\/slewingbearings.com\/fr\/wp-json\/wp\/v2\/product_tag?post=11926"}],"curies":[{"name":"wp","href":"https:\/\/api.w.org\/{rel}","templated":true}]}}