{"id":11907,"date":"2024-01-21T06:43:06","date_gmt":"2024-01-21T06:43:06","guid":{"rendered":"https:\/\/slewingbearings.com\/product\/entrainement-dorientation-w-7\/"},"modified":"2024-01-21T06:43:06","modified_gmt":"2024-01-21T06:43:06","slug":"entrainement-dorientation-w-7","status":"publish","type":"product","link":"https:\/\/slewingbearings.com\/fr\/product\/entrainement-dorientation-w-7\/","title":{"rendered":"Entra\u00eenement d&rsquo;orientation W-7"},"content":{"rendered":"<p>Le syst\u00e8me d&rsquo; entra\u00eenement rotatif ouvert est un syst\u00e8me m\u00e9canique \u00e0 structure ouverte, principalement utilis\u00e9 pour faire tourner des \u00e9quipements ou des outils dans le sens horizontal. Contrairement aux syst\u00e8mes ferm\u00e9s, les composants m\u00e9caniques internes des syst\u00e8mes d&rsquo; entra\u00eenement rotatifs ouverts sont visibles de l &lsquo; ext\u00e9rieur, ce qui offre des avantages uniques en termes de fonctionnement, d&rsquo;entretien et d&rsquo; enseignement. <\/p>\n<p>Tout d&rsquo;abord, le syst\u00e8me d&rsquo;entra\u00eenement \u00e0 rotation ouverte offre une excellente visibilit\u00e9. La structure interne \u00e9tant visible pour les op\u00e9rateurs ou le personnel de maintenance, ils peuvent observer visuellement le fonctionnement du syst\u00e8me d&rsquo;entra\u00eenement. Cela est tr\u00e8s utile pour le d\u00e9pannage, la surveillance quotidienne et la maintenance, et am\u00e9liore la fiabilit\u00e9 du syst\u00e8me.  <\/p>\n<p>Deuxi\u00e8mement, les variateurs de vitesse ouverts adoptent g\u00e9n\u00e9ralement une conception l\u00e9g\u00e8re. Pour garantir la visibilit\u00e9 des composants m\u00e9caniques internes, les syst\u00e8mes tendent \u00e0 \u00eatre plus compacts et globalement plus l\u00e9gers. <\/p>\n\n<table id=\"tablepress-37\" class=\"tablepress tablepress-id-37\">\n<thead>\n<tr class=\"row-1\">\n\t<th class=\"column-1\">Model<\/th><th class=\"column-2\">Output Torque<\/th><th class=\"column-3\">Tilting Moment Torque<\/th><th class=\"column-4\">Holding Torque<\/th><th class=\"column-5\">Gear Ratio<\/th><th class=\"column-6\">Tracking Precision<\/th><th class=\"column-7\">Weight<\/th><th class=\"column-8\">Drawing<\/th>\n<\/tr>\n<\/thead>\n<tbody class=\"row-striping row-hover\">\n<tr class=\"row-2\">\n\t<td class=\"column-1\">W7<\/td><td class=\"column-2\">3.5 KN.m<\/td><td class=\"column-3\">14.2 KN.m<\/td><td class=\"column-4\">20 KN.m<\/td><td class=\"column-5\">47:1<\/td><td class=\"column-6\">\u22640.15\u00b0<\/td><td class=\"column-7\">29kg<\/td><td class=\"column-8\"><a href=\"https:\/\/slewingbearings.com\/wp-content\/uploads\/2024\/01\/W7-Slew-Drive-catalog.pdf\"><br \/>\n<img decoding=\"async\" src=\"https:\/\/slewingbearings.com\/wp-content\/uploads\/2024\/01\/pdf.png\" width=\"30\" height=\"30\"><\/a><\/td>\n<\/tr>\n<tr class=\"row-3\">\n\t<td class=\"column-1\">W7<\/td><td class=\"column-2\">2583 lbf.ft<\/td><td class=\"column-3\">10.5\u00d710\u00b3 lbf.ft<\/td><td class=\"column-4\">14.8\u00d710\u00b3 lbf.ft<\/td><td class=\"column-5\">47:1<\/td><td class=\"column-6\">\u22640.15\u00b0<\/td><td class=\"column-7\">29kg<\/td><td class=\"column-8\"><a href=\"https:\/\/slewingbearings.com\/wp-content\/uploads\/2024\/01\/W7-Slew-Drive-catalog.pdf\"><br \/>\n<img decoding=\"async\" src=\"https:\/\/slewingbearings.com\/wp-content\/uploads\/2024\/01\/pdf.png\" width=\"30\" height=\"30\"><\/a><\/td>\n<\/tr>\n<\/tbody>\n<\/table>\n<!-- #tablepress-37 from cache -->\n","protected":false},"excerpt":{"rendered":"<p>Le syst\u00e8me d&rsquo;entra\u00eenement \u00e0 rotation ouverte de la s\u00e9rie W fonctionne bien dans certains environnements sp\u00e9ciaux. Pour les sc\u00e9narios n\u00e9cessitant un fonctionnement \u00e0 des temp\u00e9ratures \u00e9lev\u00e9es ou basses ou dans des environnements corrosifs, les conceptions \u00e0 structure ouverte peuvent s&rsquo;adapter plus facilement \u00e0 ces conditions extr\u00eames sans craindre d&rsquo;endommager la structure scell\u00e9e. <\/p>\n<p>Les syst\u00e8mes d&rsquo;entra\u00eenement \u00e0 rotation ouverte sont largement utilis\u00e9s \u00e0 des fins d&rsquo;enseignement et de d\u00e9monstration. Leur grande visibilit\u00e9 en fait un outil id\u00e9al pour d\u00e9montrer les principes m\u00e9caniques, les structures de transmission et les lois du mouvement dans les \u00e9tablissements d&rsquo;enseignement et les environnements de formation. Les \u00e9tudiants peuvent ainsi mieux comprendre les concepts de base de l&rsquo;ing\u00e9nierie m\u00e9canique en observant des processus op\u00e9rationnels r\u00e9els.  <\/p>\n<p>En outre, les syst\u00e8mes d&rsquo;entra\u00eenement \u00e0 rotation ouverte jouent \u00e9galement un r\u00f4le important dans la recherche et le d\u00e9veloppement. Les chercheurs ont souvent besoin d&rsquo;observer et de d\u00e9boguer des syst\u00e8mes m\u00e9caniques en temps r\u00e9el, et la visibilit\u00e9 est un facteur cl\u00e9. La conception ouverte leur offre un moyen d&rsquo;observation plus intuitif, ce qui leur permet d&rsquo;identifier rapidement les probl\u00e8mes et d&rsquo;optimiser la conception.  <\/p>\n","protected":false},"featured_media":6393,"comment_status":"open","ping_status":"closed","template":"","meta":{"content-type":""},"product_cat":[565,325],"product_tag":[650],"class_list":{"0":"post-11907","1":"product","2":"type-product","3":"status-publish","4":"has-post-thumbnail","6":"product_cat-entrainement-a-lorientation-w","7":"product_cat-slew-drive-fr","8":"product_tag-w7-entrainement-dorientation","10":"first","11":"instock","12":"shipping-taxable","13":"product-type-simple"},"yoast_head":"<!-- This site is optimized with the Yoast SEO plugin v21.7 - https:\/\/yoast.com\/wordpress\/plugins\/seo\/ -->\n<title>Entra\u00eenement d&#039;orientation W-7 - ZZ Group<\/title>\n<meta name=\"description\" content=\"Le syst\u00e8me d&#039;entra\u00eenement ouvert de la s\u00e9rie W fait g\u00e9n\u00e9ralement r\u00e9f\u00e9rence \u00e0 un syst\u00e8me d&#039;entra\u00eenement rotatif \u00e0 structure ouverte, qui est utilis\u00e9 pour r\u00e9aliser la rotation horizontale d &#039;un \u00e9quipement.\" \/>\n<meta name=\"robots\" content=\"index, follow, max-snippet:-1, max-image-preview:large, max-video-preview:-1\" \/>\n<link rel=\"canonical\" href=\"https:\/\/slewingbearings.com\/fr\/product\/entrainement-dorientation-w-7\/\" \/>\n<meta property=\"og:locale\" content=\"fr_FR\" \/>\n<meta property=\"og:type\" content=\"article\" \/>\n<meta property=\"og:title\" content=\"Entra\u00eenement d&#039;orientation W-7 - ZZ Group\" \/>\n<meta property=\"og:description\" content=\"Le syst\u00e8me d&#039;entra\u00eenement ouvert de la s\u00e9rie W fait g\u00e9n\u00e9ralement r\u00e9f\u00e9rence \u00e0 un syst\u00e8me d&#039;entra\u00eenement rotatif \u00e0 structure ouverte, qui est utilis\u00e9 pour r\u00e9aliser la rotation horizontale d &#039;un \u00e9quipement.\" \/>\n<meta property=\"og:url\" content=\"https:\/\/slewingbearings.com\/fr\/product\/entrainement-dorientation-w-7\/\" \/>\n<meta property=\"og:site_name\" content=\"ZZ Group\" \/>\n<meta property=\"og:image\" content=\"https:\/\/slewingbearings.com\/wp-content\/uploads\/2024\/01\/w7-slew-drive.jpg\" \/>\n\t<meta property=\"og:image:width\" content=\"500\" \/>\n\t<meta property=\"og:image:height\" content=\"500\" \/>\n\t<meta property=\"og:image:type\" content=\"image\/jpeg\" \/>\n<meta name=\"twitter:card\" content=\"summary_large_image\" \/>\n<meta name=\"twitter:label1\" content=\"Dur\u00e9e de lecture estim\u00e9e\" \/>\n\t<meta name=\"twitter:data1\" content=\"1 minute\" \/>\n<script type=\"application\/ld+json\" class=\"yoast-schema-graph\">{\"@context\":\"https:\/\/schema.org\",\"@graph\":[{\"@type\":\"WebPage\",\"@id\":\"https:\/\/slewingbearings.com\/fr\/product\/entrainement-dorientation-w-7\/\",\"url\":\"https:\/\/slewingbearings.com\/fr\/product\/entrainement-dorientation-w-7\/\",\"name\":\"Entra\u00eenement d'orientation W-7 - ZZ Group\",\"isPartOf\":{\"@id\":\"https:\/\/slewingbearings.com\/#website\"},\"datePublished\":\"2024-01-21T06:43:06+00:00\",\"dateModified\":\"2024-01-21T06:43:06+00:00\",\"description\":\"Le syst\u00e8me d'entra\u00eenement ouvert de la s\u00e9rie W fait g\u00e9n\u00e9ralement r\u00e9f\u00e9rence \u00e0 un syst\u00e8me d'entra\u00eenement rotatif \u00e0 structure ouverte, qui est utilis\u00e9 pour r\u00e9aliser la rotation horizontale d 'un \u00e9quipement.\",\"breadcrumb\":{\"@id\":\"https:\/\/slewingbearings.com\/fr\/product\/entrainement-dorientation-w-7\/#breadcrumb\"},\"inLanguage\":\"fr-FR\",\"potentialAction\":[{\"@type\":\"ReadAction\",\"target\":[\"https:\/\/slewingbearings.com\/fr\/product\/entrainement-dorientation-w-7\/\"]}]},{\"@type\":\"BreadcrumbList\",\"@id\":\"https:\/\/slewingbearings.com\/fr\/product\/entrainement-dorientation-w-7\/#breadcrumb\",\"itemListElement\":[{\"@type\":\"ListItem\",\"position\":1,\"name\":\"Home\",\"item\":\"https:\/\/slewingbearings.com\/fr\/palier-dorientation-entrainement-dorientation\/\"},{\"@type\":\"ListItem\",\"position\":2,\"name\":\"Shop\",\"item\":\"https:\/\/slewingbearings.com\/shop\/\"},{\"@type\":\"ListItem\",\"position\":3,\"name\":\"Entra\u00eenement d&#8217;orientation W-7\"}]},{\"@type\":\"WebSite\",\"@id\":\"https:\/\/slewingbearings.com\/#website\",\"url\":\"https:\/\/slewingbearings.com\/\",\"name\":\"ZZ Group\",\"description\":\"Leading Slewing Bearings in China\",\"potentialAction\":[{\"@type\":\"SearchAction\",\"target\":{\"@type\":\"EntryPoint\",\"urlTemplate\":\"https:\/\/slewingbearings.com\/?s={search_term_string}\"},\"query-input\":\"required name=search_term_string\"}],\"inLanguage\":\"fr-FR\"}]}<\/script>\n<!-- \/ Yoast SEO plugin. -->","yoast_head_json":{"title":"Entra\u00eenement d'orientation W-7 - ZZ Group","description":"Le syst\u00e8me d'entra\u00eenement ouvert de la s\u00e9rie W fait g\u00e9n\u00e9ralement r\u00e9f\u00e9rence \u00e0 un syst\u00e8me d'entra\u00eenement rotatif \u00e0 structure ouverte, qui est utilis\u00e9 pour r\u00e9aliser la rotation horizontale d 'un \u00e9quipement.","robots":{"index":"index","follow":"follow","max-snippet":"max-snippet:-1","max-image-preview":"max-image-preview:large","max-video-preview":"max-video-preview:-1"},"canonical":"https:\/\/slewingbearings.com\/fr\/product\/entrainement-dorientation-w-7\/","og_locale":"fr_FR","og_type":"article","og_title":"Entra\u00eenement d'orientation W-7 - ZZ Group","og_description":"Le syst\u00e8me d'entra\u00eenement ouvert de la s\u00e9rie W fait g\u00e9n\u00e9ralement r\u00e9f\u00e9rence \u00e0 un syst\u00e8me d'entra\u00eenement rotatif \u00e0 structure ouverte, qui est utilis\u00e9 pour r\u00e9aliser la rotation horizontale d 'un \u00e9quipement.","og_url":"https:\/\/slewingbearings.com\/fr\/product\/entrainement-dorientation-w-7\/","og_site_name":"ZZ Group","og_image":[{"width":500,"height":500,"url":"https:\/\/slewingbearings.com\/wp-content\/uploads\/2024\/01\/w7-slew-drive.jpg","type":"image\/jpeg"}],"twitter_card":"summary_large_image","twitter_misc":{"Dur\u00e9e de lecture estim\u00e9e":"1 minute"},"schema":{"@context":"https:\/\/schema.org","@graph":[{"@type":"WebPage","@id":"https:\/\/slewingbearings.com\/fr\/product\/entrainement-dorientation-w-7\/","url":"https:\/\/slewingbearings.com\/fr\/product\/entrainement-dorientation-w-7\/","name":"Entra\u00eenement d'orientation W-7 - ZZ Group","isPartOf":{"@id":"https:\/\/slewingbearings.com\/#website"},"datePublished":"2024-01-21T06:43:06+00:00","dateModified":"2024-01-21T06:43:06+00:00","description":"Le syst\u00e8me d'entra\u00eenement ouvert de la s\u00e9rie W fait g\u00e9n\u00e9ralement r\u00e9f\u00e9rence \u00e0 un syst\u00e8me d'entra\u00eenement rotatif \u00e0 structure ouverte, qui est utilis\u00e9 pour r\u00e9aliser la rotation horizontale d 'un \u00e9quipement.","breadcrumb":{"@id":"https:\/\/slewingbearings.com\/fr\/product\/entrainement-dorientation-w-7\/#breadcrumb"},"inLanguage":"fr-FR","potentialAction":[{"@type":"ReadAction","target":["https:\/\/slewingbearings.com\/fr\/product\/entrainement-dorientation-w-7\/"]}]},{"@type":"BreadcrumbList","@id":"https:\/\/slewingbearings.com\/fr\/product\/entrainement-dorientation-w-7\/#breadcrumb","itemListElement":[{"@type":"ListItem","position":1,"name":"Home","item":"https:\/\/slewingbearings.com\/fr\/palier-dorientation-entrainement-dorientation\/"},{"@type":"ListItem","position":2,"name":"Shop","item":"https:\/\/slewingbearings.com\/shop\/"},{"@type":"ListItem","position":3,"name":"Entra\u00eenement d&#8217;orientation W-7"}]},{"@type":"WebSite","@id":"https:\/\/slewingbearings.com\/#website","url":"https:\/\/slewingbearings.com\/","name":"ZZ Group","description":"Leading Slewing Bearings in China","potentialAction":[{"@type":"SearchAction","target":{"@type":"EntryPoint","urlTemplate":"https:\/\/slewingbearings.com\/?s={search_term_string}"},"query-input":"required name=search_term_string"}],"inLanguage":"fr-FR"}]}},"_links":{"self":[{"href":"https:\/\/slewingbearings.com\/fr\/wp-json\/wp\/v2\/product\/11907","targetHints":{"allow":["GET"]}}],"collection":[{"href":"https:\/\/slewingbearings.com\/fr\/wp-json\/wp\/v2\/product"}],"about":[{"href":"https:\/\/slewingbearings.com\/fr\/wp-json\/wp\/v2\/types\/product"}],"replies":[{"embeddable":true,"href":"https:\/\/slewingbearings.com\/fr\/wp-json\/wp\/v2\/comments?post=11907"}],"wp:featuredmedia":[{"embeddable":true,"href":"https:\/\/slewingbearings.com\/fr\/wp-json\/wp\/v2\/media\/6393"}],"wp:attachment":[{"href":"https:\/\/slewingbearings.com\/fr\/wp-json\/wp\/v2\/media?parent=11907"}],"wp:term":[{"taxonomy":"product_cat","embeddable":true,"href":"https:\/\/slewingbearings.com\/fr\/wp-json\/wp\/v2\/product_cat?post=11907"},{"taxonomy":"product_tag","embeddable":true,"href":"https:\/\/slewingbearings.com\/fr\/wp-json\/wp\/v2\/product_tag?post=11907"}],"curies":[{"name":"wp","href":"https:\/\/api.w.org\/{rel}","templated":true}]}}