{"id":11891,"date":"2024-01-28T01:24:16","date_gmt":"2024-01-28T01:24:16","guid":{"rendered":"https:\/\/slewingbearings.com\/product\/w-12-entrainement-dorientation\/"},"modified":"2024-01-28T01:24:16","modified_gmt":"2024-01-28T01:24:16","slug":"w-12-entrainement-dorientation","status":"publish","type":"product","link":"https:\/\/slewingbearings.com\/fr\/product\/w-12-entrainement-dorientation\/","title":{"rendered":"W-12 Entra\u00eenement d&rsquo;orientation"},"content":{"rendered":"<p>W-12 Slew Drive,Le syst\u00e8me d&rsquo;entra\u00eenement rotatif ouvert est un syst\u00e8me m\u00e9canique \u00e0 structure ouverte, principalement utilis\u00e9 pour faire tourner des \u00e9quipements ou des outils dans le sens horizontal. Contrairement aux syst\u00e8mes ferm\u00e9s, les composants m\u00e9caniques internes des syst\u00e8mes d&rsquo;entra\u00eenement rotatifs ouverts sont visibles de l&rsquo;ext\u00e9rieur, ce qui offre des avantages uniques en termes de fonctionnement, de maintenance et d&rsquo;enseignement. <\/p>\n<p>La commande d&rsquo;orientation ouverte est un syst\u00e8me de transmission \u00e0 engrenages ouvert, qui pr\u00e9sente des caract\u00e9ristiques uniques par rapport au syst\u00e8me de transmission ferm\u00e9. Tout d&rsquo;abord, la conception ouverte offre une bonne visibilit\u00e9, les engrenages internes et les composants de la transmission \u00e9tant visibles pour l&rsquo;observateur. Cela permet au personnel de maintenance de v\u00e9rifier facilement l&rsquo;\u00e9tat de fonctionnement du syst\u00e8me, de d\u00e9tecter et de r\u00e9soudre les probl\u00e8mes en temps voulu et d&rsquo;am\u00e9liorer la commodit\u00e9 de la maintenance.  <\/p>\n\n<table id=\"tablepress-39\" class=\"tablepress tablepress-id-39\">\n<thead>\n<tr class=\"row-1\">\n\t<th class=\"column-1\">Model<\/th><th class=\"column-2\">Output Torque<\/th><th class=\"column-3\">Tilting Moment Torque<\/th><th class=\"column-4\">Holding Torque<\/th><th class=\"column-5\">Gear Ratio<\/th><th class=\"column-6\">Tracking Precision<\/th><th class=\"column-7\">Weight<\/th><th class=\"column-8\">Drawing<\/th>\n<\/tr>\n<\/thead>\n<tbody class=\"row-striping row-hover\">\n<tr class=\"row-2\">\n\t<td class=\"column-1\">W12<\/td><td class=\"column-2\">9.5 KN.m<\/td><td class=\"column-3\">57 KN.m<\/td><td class=\"column-4\">43 KN.m<\/td><td class=\"column-5\">79:1<\/td><td class=\"column-6\">\u22640.15\u00b0<\/td><td class=\"column-7\">52kg<\/td><td class=\"column-8\"><a href=\"https:\/\/slewingbearings.com\/wp-content\/uploads\/2024\/01\/W12-Slew-Drive-catalog.pdf\"><br \/>\n<img decoding=\"async\" src=\"https:\/\/slewingbearings.com\/wp-content\/uploads\/2024\/01\/pdf.png\" width=\"30\" height=\"30\"><\/a><\/td>\n<\/tr>\n<tr class=\"row-3\">\n\t<td class=\"column-1\">W12<\/td><td class=\"column-2\">7011 lbf.ft<\/td><td class=\"column-3\">42.1\u00d710\u00b3 lbf.ft<\/td><td class=\"column-4\">32\u00d710\u00b3 lbf.ft<\/td><td class=\"column-5\">79:1<\/td><td class=\"column-6\">\u22640.15\u00b0<\/td><td class=\"column-7\">52kg<\/td><td class=\"column-8\"><a href=\"https:\/\/slewingbearings.com\/wp-content\/uploads\/2024\/01\/W12-Slew-Drive-catalog.pdf\"><br \/>\n<img decoding=\"async\" src=\"https:\/\/slewingbearings.com\/wp-content\/uploads\/2024\/01\/pdf.png\" width=\"30\" height=\"30\"><\/a><\/td>\n<\/tr>\n<\/tbody>\n<\/table>\n<!-- #tablepress-39 from cache -->\n","protected":false},"excerpt":{"rendered":"<p>En outre, les variateurs de vitesse ouverts sont relativement rentables. La conception relativement simple et les co\u00fbts de fabrication et d&rsquo; installation relativement faibles rendent les variateurs de type ouvert plus comp\u00e9titifs dans certaines applications sensibles aux co\u00fbts. <\/p>\n<p>Toutefois, il convient de noter que la conception ouverte peut \u00eatre plus adapt\u00e9e \u00e0 certaines occasions qui ne sont pas soumises \u00e0 des exigences environnementales strictes, car elle est relativement sensible \u00e0 l&rsquo;environnement ext\u00e9rieur et peut \u00eatre facilement contamin\u00e9e. Lors de la s\u00e9lection du type de commande d&rsquo;orientation, des compromis et des consid\u00e9rations doivent \u00eatre faits en fonction des sc\u00e9narios d&rsquo;application et des besoins sp\u00e9cifiques. <\/p>\n<p>En outre, les syst\u00e8mes d&rsquo;entra\u00eenement \u00e0 rotation ouverte jouent \u00e9galement un r\u00f4le important dans la recherche et le d\u00e9veloppement. Les chercheurs ont souvent besoin d&rsquo;observer et de d\u00e9boguer des syst\u00e8mes m\u00e9caniques en temps r\u00e9el, et la visibilit\u00e9 est un facteur cl\u00e9. La conception ouverte leur offre un moyen d&rsquo;observation plus intuitif, ce qui leur permet d&rsquo;identifier rapidement les probl\u00e8mes et d&rsquo;optimiser la conception.  <\/p>\n","protected":false},"featured_media":6411,"comment_status":"open","ping_status":"closed","template":"","meta":{"content-type":""},"product_cat":[565,325],"product_tag":[636],"class_list":{"0":"post-11891","1":"product","2":"type-product","3":"status-publish","4":"has-post-thumbnail","6":"product_cat-entrainement-a-lorientation-w","7":"product_cat-slew-drive-fr","8":"product_tag-w12-entrainement-dorientation","10":"first","11":"instock","12":"shipping-taxable","13":"product-type-simple"},"yoast_head":"<!-- This site is optimized with the Yoast SEO plugin v21.7 - https:\/\/yoast.com\/wordpress\/plugins\/seo\/ -->\n<title>W-12 Entra\u00eenement d&#039;orientation - ZZ Group<\/title>\n<meta name=\"description\" content=\"W-12 slewy drive open slewy drive d\u00e9signe g\u00e9n\u00e9ralement un syst\u00e8me d&#039;entra\u00eenement rotatif \u00e0 structure ouverte, qui est utilis\u00e9 pour r\u00e9aliser la rotation horizontale d &#039;un \u00e9quipement.\" \/>\n<meta name=\"robots\" content=\"index, follow, max-snippet:-1, max-image-preview:large, max-video-preview:-1\" \/>\n<link rel=\"canonical\" href=\"https:\/\/slewingbearings.com\/fr\/product\/w-12-entrainement-dorientation\/\" \/>\n<meta property=\"og:locale\" content=\"fr_FR\" \/>\n<meta property=\"og:type\" content=\"article\" \/>\n<meta property=\"og:title\" content=\"W-12 Entra\u00eenement d&#039;orientation - ZZ Group\" \/>\n<meta property=\"og:description\" content=\"W-12 slewy drive open slewy drive d\u00e9signe g\u00e9n\u00e9ralement un syst\u00e8me d&#039;entra\u00eenement rotatif \u00e0 structure ouverte, qui est utilis\u00e9 pour r\u00e9aliser la rotation horizontale d &#039;un \u00e9quipement.\" \/>\n<meta property=\"og:url\" content=\"https:\/\/slewingbearings.com\/fr\/product\/w-12-entrainement-dorientation\/\" \/>\n<meta property=\"og:site_name\" content=\"ZZ Group\" \/>\n<meta property=\"og:image\" content=\"https:\/\/slewingbearings.com\/wp-content\/uploads\/2024\/01\/w12-slew-drive.jpg\" \/>\n\t<meta property=\"og:image:width\" content=\"500\" \/>\n\t<meta property=\"og:image:height\" content=\"500\" \/>\n\t<meta property=\"og:image:type\" content=\"image\/jpeg\" \/>\n<meta name=\"twitter:card\" content=\"summary_large_image\" \/>\n<meta name=\"twitter:label1\" content=\"Dur\u00e9e de lecture estim\u00e9e\" \/>\n\t<meta name=\"twitter:data1\" content=\"1 minute\" \/>\n<script type=\"application\/ld+json\" class=\"yoast-schema-graph\">{\"@context\":\"https:\/\/schema.org\",\"@graph\":[{\"@type\":\"WebPage\",\"@id\":\"https:\/\/slewingbearings.com\/fr\/product\/w-12-entrainement-dorientation\/\",\"url\":\"https:\/\/slewingbearings.com\/fr\/product\/w-12-entrainement-dorientation\/\",\"name\":\"W-12 Entra\u00eenement d'orientation - ZZ Group\",\"isPartOf\":{\"@id\":\"https:\/\/slewingbearings.com\/#website\"},\"datePublished\":\"2024-01-28T01:24:16+00:00\",\"dateModified\":\"2024-01-28T01:24:16+00:00\",\"description\":\"W-12 slewy drive open slewy drive d\u00e9signe g\u00e9n\u00e9ralement un syst\u00e8me d'entra\u00eenement rotatif \u00e0 structure ouverte, qui est utilis\u00e9 pour r\u00e9aliser la rotation horizontale d 'un \u00e9quipement.\",\"breadcrumb\":{\"@id\":\"https:\/\/slewingbearings.com\/fr\/product\/w-12-entrainement-dorientation\/#breadcrumb\"},\"inLanguage\":\"fr-FR\",\"potentialAction\":[{\"@type\":\"ReadAction\",\"target\":[\"https:\/\/slewingbearings.com\/fr\/product\/w-12-entrainement-dorientation\/\"]}]},{\"@type\":\"BreadcrumbList\",\"@id\":\"https:\/\/slewingbearings.com\/fr\/product\/w-12-entrainement-dorientation\/#breadcrumb\",\"itemListElement\":[{\"@type\":\"ListItem\",\"position\":1,\"name\":\"Home\",\"item\":\"https:\/\/slewingbearings.com\/fr\/palier-dorientation-entrainement-dorientation\/\"},{\"@type\":\"ListItem\",\"position\":2,\"name\":\"Shop\",\"item\":\"https:\/\/slewingbearings.com\/shop\/\"},{\"@type\":\"ListItem\",\"position\":3,\"name\":\"W-12 Entra\u00eenement d&#8217;orientation\"}]},{\"@type\":\"WebSite\",\"@id\":\"https:\/\/slewingbearings.com\/#website\",\"url\":\"https:\/\/slewingbearings.com\/\",\"name\":\"ZZ Group\",\"description\":\"Leading Slewing Bearings in China\",\"potentialAction\":[{\"@type\":\"SearchAction\",\"target\":{\"@type\":\"EntryPoint\",\"urlTemplate\":\"https:\/\/slewingbearings.com\/?s={search_term_string}\"},\"query-input\":\"required name=search_term_string\"}],\"inLanguage\":\"fr-FR\"}]}<\/script>\n<!-- \/ Yoast SEO plugin. -->","yoast_head_json":{"title":"W-12 Entra\u00eenement d'orientation - ZZ Group","description":"W-12 slewy drive open slewy drive d\u00e9signe g\u00e9n\u00e9ralement un syst\u00e8me d'entra\u00eenement rotatif \u00e0 structure ouverte, qui est utilis\u00e9 pour r\u00e9aliser la rotation horizontale d 'un \u00e9quipement.","robots":{"index":"index","follow":"follow","max-snippet":"max-snippet:-1","max-image-preview":"max-image-preview:large","max-video-preview":"max-video-preview:-1"},"canonical":"https:\/\/slewingbearings.com\/fr\/product\/w-12-entrainement-dorientation\/","og_locale":"fr_FR","og_type":"article","og_title":"W-12 Entra\u00eenement d'orientation - ZZ Group","og_description":"W-12 slewy drive open slewy drive d\u00e9signe g\u00e9n\u00e9ralement un syst\u00e8me d'entra\u00eenement rotatif \u00e0 structure ouverte, qui est utilis\u00e9 pour r\u00e9aliser la rotation horizontale d 'un \u00e9quipement.","og_url":"https:\/\/slewingbearings.com\/fr\/product\/w-12-entrainement-dorientation\/","og_site_name":"ZZ Group","og_image":[{"width":500,"height":500,"url":"https:\/\/slewingbearings.com\/wp-content\/uploads\/2024\/01\/w12-slew-drive.jpg","type":"image\/jpeg"}],"twitter_card":"summary_large_image","twitter_misc":{"Dur\u00e9e de lecture estim\u00e9e":"1 minute"},"schema":{"@context":"https:\/\/schema.org","@graph":[{"@type":"WebPage","@id":"https:\/\/slewingbearings.com\/fr\/product\/w-12-entrainement-dorientation\/","url":"https:\/\/slewingbearings.com\/fr\/product\/w-12-entrainement-dorientation\/","name":"W-12 Entra\u00eenement d'orientation - ZZ Group","isPartOf":{"@id":"https:\/\/slewingbearings.com\/#website"},"datePublished":"2024-01-28T01:24:16+00:00","dateModified":"2024-01-28T01:24:16+00:00","description":"W-12 slewy drive open slewy drive d\u00e9signe g\u00e9n\u00e9ralement un syst\u00e8me d'entra\u00eenement rotatif \u00e0 structure ouverte, qui est utilis\u00e9 pour r\u00e9aliser la rotation horizontale d 'un \u00e9quipement.","breadcrumb":{"@id":"https:\/\/slewingbearings.com\/fr\/product\/w-12-entrainement-dorientation\/#breadcrumb"},"inLanguage":"fr-FR","potentialAction":[{"@type":"ReadAction","target":["https:\/\/slewingbearings.com\/fr\/product\/w-12-entrainement-dorientation\/"]}]},{"@type":"BreadcrumbList","@id":"https:\/\/slewingbearings.com\/fr\/product\/w-12-entrainement-dorientation\/#breadcrumb","itemListElement":[{"@type":"ListItem","position":1,"name":"Home","item":"https:\/\/slewingbearings.com\/fr\/palier-dorientation-entrainement-dorientation\/"},{"@type":"ListItem","position":2,"name":"Shop","item":"https:\/\/slewingbearings.com\/shop\/"},{"@type":"ListItem","position":3,"name":"W-12 Entra\u00eenement d&#8217;orientation"}]},{"@type":"WebSite","@id":"https:\/\/slewingbearings.com\/#website","url":"https:\/\/slewingbearings.com\/","name":"ZZ Group","description":"Leading Slewing Bearings in China","potentialAction":[{"@type":"SearchAction","target":{"@type":"EntryPoint","urlTemplate":"https:\/\/slewingbearings.com\/?s={search_term_string}"},"query-input":"required name=search_term_string"}],"inLanguage":"fr-FR"}]}},"_links":{"self":[{"href":"https:\/\/slewingbearings.com\/fr\/wp-json\/wp\/v2\/product\/11891","targetHints":{"allow":["GET"]}}],"collection":[{"href":"https:\/\/slewingbearings.com\/fr\/wp-json\/wp\/v2\/product"}],"about":[{"href":"https:\/\/slewingbearings.com\/fr\/wp-json\/wp\/v2\/types\/product"}],"replies":[{"embeddable":true,"href":"https:\/\/slewingbearings.com\/fr\/wp-json\/wp\/v2\/comments?post=11891"}],"wp:featuredmedia":[{"embeddable":true,"href":"https:\/\/slewingbearings.com\/fr\/wp-json\/wp\/v2\/media\/6411"}],"wp:attachment":[{"href":"https:\/\/slewingbearings.com\/fr\/wp-json\/wp\/v2\/media?parent=11891"}],"wp:term":[{"taxonomy":"product_cat","embeddable":true,"href":"https:\/\/slewingbearings.com\/fr\/wp-json\/wp\/v2\/product_cat?post=11891"},{"taxonomy":"product_tag","embeddable":true,"href":"https:\/\/slewingbearings.com\/fr\/wp-json\/wp\/v2\/product_tag?post=11891"}],"curies":[{"name":"wp","href":"https:\/\/api.w.org\/{rel}","templated":true}]}}