{"id":11880,"date":"2024-01-21T00:40:00","date_gmt":"2024-01-21T00:40:00","guid":{"rendered":"https:\/\/slewingbearings.com\/product\/sea-14-entrainement-dorientation\/"},"modified":"2024-01-21T00:40:00","modified_gmt":"2024-01-21T00:40:00","slug":"sea-14-entrainement-dorientation","status":"publish","type":"product","link":"https:\/\/slewingbearings.com\/fr\/product\/sea-14-entrainement-dorientation\/","title":{"rendered":"SEA-14 Entra\u00eenement d&rsquo;orientation"},"content":{"rendered":"<p>Les syst\u00e8mes d&rsquo; entra\u00eenement \u00e0 rotation dans les machines agricoles sont souvent utilis\u00e9s pour permettre la rotation d&rsquo; \u00e9quipements ou d&rsquo;outils dans une direction horizontale. Une telle conception peut accro\u00eetre la flexibilit\u00e9 des machines agricoles, ce qui leur permet de s&rsquo;adapter plus facilement \u00e0 diff\u00e9rents environnements de travail et \u00e0 diff\u00e9rentes t\u00e2ches. Voici quelques caract\u00e9ristiques communes aux entra\u00eenements \u00e0 balancier des machines agricoles:  <\/p>\n<ul>\n<li>Capacit\u00e9 de rotation \u00e0 360 degr\u00e9s : Permet \u00e0 l&rsquo;\u00e9quipement de pivoter compl\u00e8tement \u00e0 l&rsquo;horizontale, ce qui \u00e9largit la plage de travail et r\u00e9duit la fr\u00e9quence des d\u00e9placements de l&rsquo;ensemble de l&rsquo;\u00e9quipement m\u00e9canique.<\/li>\n<li>Positionnement pr\u00e9cis : Les syst\u00e8mes d&rsquo;entra\u00eenement rotatifs sont g\u00e9n\u00e9ralement con\u00e7us pour positionner l&rsquo;\u00e9quipement avec pr\u00e9cision, ce qui permet aux op\u00e9rateurs de placer facilement les outils ou l&rsquo;\u00e9quipement l\u00e0 o\u00f9 ils sont n\u00e9cessaires.<\/li>\n<li>Efficacit\u00e9 accrue : Les machines agricoles dot\u00e9es d&rsquo;un m\u00e9canisme d&rsquo;orientation permettent aux op\u00e9rateurs d&rsquo;ajuster leur position de travail plus rapidement, ce qui accro\u00eet l&rsquo;efficacit\u00e9 du travail.<\/li>\n<\/ul>\n\n<table id=\"tablepress-27\" class=\"tablepress tablepress-id-27\">\n<thead>\n<tr class=\"row-1\">\n\t<th class=\"column-1\">Model<\/th><th class=\"column-2\">Output Torque<\/th><th class=\"column-3\">Tilting Moment Torque<\/th><th class=\"column-4\">Holding Torque<\/th><th class=\"column-5\">Gear Ratio<\/th><th class=\"column-6\">Tracking Precision<\/th><th class=\"column-7\">Weight<\/th><th class=\"column-8\">Drawing<\/th>\n<\/tr>\n<\/thead>\n<tbody class=\"row-striping row-hover\">\n<tr class=\"row-2\">\n\t<td class=\"column-1\">SEA14<\/td><td class=\"column-2\">8 KN.m<\/td><td class=\"column-3\">67.8 KN.m<\/td><td class=\"column-4\">48 KN.m<\/td><td class=\"column-5\">85:1<\/td><td class=\"column-6\">\u22640.17\u00b0<\/td><td class=\"column-7\">64kg<\/td><td class=\"column-8\"><a href=\"https:\/\/slewingbearings.com\/wp-content\/uploads\/2024\/01\/SEA14-Slew-Drive-catalog.pdf\"><br \/>\n<img decoding=\"async\" src=\"https:\/\/slewingbearings.com\/wp-content\/uploads\/2024\/01\/pdf.png\" width=\"30\" height=\"30\"><\/a><\/td>\n<\/tr>\n<tr class=\"row-3\">\n\t<td class=\"column-1\">SEA14<\/td><td class=\"column-2\">5900 lbf.ft<\/td><td class=\"column-3\">50\u00d710\u00b3 lbf.ft<\/td><td class=\"column-4\">35\u00d710\u00b3 lbf.ft<\/td><td class=\"column-5\">85:1<\/td><td class=\"column-6\">\u22640.17\u00b0<\/td><td class=\"column-7\">64kg<\/td><td class=\"column-8\"><a href=\"https:\/\/slewingbearings.com\/wp-content\/uploads\/2024\/01\/SEA14-Slew-Drive-catalog.pdf\"><br \/>\n<img decoding=\"async\" src=\"https:\/\/slewingbearings.com\/wp-content\/uploads\/2024\/01\/pdf.png\" width=\"30\" height=\"30\"><\/a><\/td>\n<\/tr>\n<tr class=\"row-4\">\n\t<td class=\"column-1\">PEA14<\/td><td class=\"column-2\">8 KN.m<\/td><td class=\"column-3\">67.8 KN.m<\/td><td class=\"column-4\">48 KN.m<\/td><td class=\"column-5\">85:1<\/td><td class=\"column-6\">\u22640.09\u00b0<\/td><td class=\"column-7\">64kg<\/td><td class=\"column-8\"><a href=\"https:\/\/slewingbearings.com\/wp-content\/uploads\/2024\/01\/SEA14-Slew-Drive-catalog.pdf\"><br \/>\n<img decoding=\"async\" src=\"https:\/\/slewingbearings.com\/wp-content\/uploads\/2024\/01\/pdf.png\" width=\"30\" height=\"30\"><\/a><\/td>\n<\/tr>\n<tr class=\"row-5\">\n\t<td class=\"column-1\">PEA14<\/td><td class=\"column-2\">5900 lbf.ft<\/td><td class=\"column-3\">50\u00d710\u00b3 lbf.ft<\/td><td class=\"column-4\">35\u00d710\u00b3 lbf.ft<\/td><td class=\"column-5\">85:1<\/td><td class=\"column-6\">\u22640.09\u00b0<\/td><td class=\"column-7\">64kg<\/td><td class=\"column-8\"><a href=\"https:\/\/slewingbearings.com\/wp-content\/uploads\/2024\/01\/SEA14-Slew-Drive-catalog.pdf\"><br \/>\n<img decoding=\"async\" src=\"https:\/\/slewingbearings.com\/wp-content\/uploads\/2024\/01\/pdf.png\" width=\"30\" height=\"30\"><\/a><\/td>\n<\/tr>\n<\/tbody>\n<\/table>\n<!-- #tablepress-27 from cache -->\n","protected":false},"excerpt":{"rendered":"<p>La commande d&rsquo;orientation de la s\u00e9rie SEA est un syst\u00e8me m\u00e9canique cl\u00e9 dont la fonction principale est de permettre \u00e0 l&rsquo;\u00e9quipement de tourner \u00e0 360 degr\u00e9s dans le sens horizontal. Cette technologie se caract\u00e9rise par son extr\u00eame flexibilit\u00e9 et son adaptabilit\u00e9, ce qui permet aux machines et aux \u00e9quipements de s&rsquo;adapter \u00e0 diff\u00e9rentes industries et \u00e0 diff\u00e9rents environnements de travail. La capacit\u00e9 de positionnement pr\u00e9cis du syst\u00e8me d&rsquo;entra\u00eenement par rotation permet \u00e0 l&rsquo;\u00e9quipement de rester exactement dans la position requise et d&rsquo;effectuer diverses t\u00e2ches d\u00e9licates.  <\/p>\n","protected":false},"featured_media":6177,"comment_status":"open","ping_status":"closed","template":"","meta":{"content-type":""},"product_cat":[613,325],"product_tag":[625],"class_list":{"0":"post-11880","1":"product","2":"type-product","3":"status-publish","4":"has-post-thumbnail","6":"product_cat-entrainement-a-lorientation-sea-pea","7":"product_cat-slew-drive-fr","8":"product_tag-mer14-entrainement-dorientation","10":"first","11":"instock","12":"shipping-taxable","13":"product-type-simple"},"yoast_head":"<!-- This site is optimized with the Yoast SEO plugin v21.7 - https:\/\/yoast.com\/wordpress\/plugins\/seo\/ -->\n<title>SEA-14 Entra\u00eenement d&#039;orientation - ZZ Group<\/title>\n<meta name=\"description\" content=\"Une commande d&#039;orientation Sea14 est un \u00e9quipement technique g\u00e9n\u00e9ralement con\u00e7u pour faire tourner un objet ou un syst\u00e8me dans une direction horizontale ou verticale.\" \/>\n<meta name=\"robots\" content=\"index, follow, max-snippet:-1, max-image-preview:large, max-video-preview:-1\" \/>\n<link rel=\"canonical\" href=\"https:\/\/slewingbearings.com\/fr\/product\/sea-14-entrainement-dorientation\/\" \/>\n<meta property=\"og:locale\" content=\"fr_FR\" \/>\n<meta property=\"og:type\" content=\"article\" \/>\n<meta property=\"og:title\" content=\"SEA-14 Entra\u00eenement d&#039;orientation - ZZ Group\" \/>\n<meta property=\"og:description\" content=\"Une commande d&#039;orientation Sea14 est un \u00e9quipement technique g\u00e9n\u00e9ralement con\u00e7u pour faire tourner un objet ou un syst\u00e8me dans une direction horizontale ou verticale.\" \/>\n<meta property=\"og:url\" content=\"https:\/\/slewingbearings.com\/fr\/product\/sea-14-entrainement-dorientation\/\" \/>\n<meta property=\"og:site_name\" content=\"ZZ Group\" \/>\n<meta property=\"og:image\" content=\"https:\/\/slewingbearings.com\/wp-content\/uploads\/2024\/01\/sea14-slew-drive.jpg\" \/>\n\t<meta property=\"og:image:width\" content=\"500\" \/>\n\t<meta property=\"og:image:height\" content=\"500\" \/>\n\t<meta property=\"og:image:type\" content=\"image\/jpeg\" \/>\n<meta name=\"twitter:card\" content=\"summary_large_image\" \/>\n<meta name=\"twitter:label1\" content=\"Dur\u00e9e de lecture estim\u00e9e\" \/>\n\t<meta name=\"twitter:data1\" content=\"1 minute\" \/>\n<script type=\"application\/ld+json\" class=\"yoast-schema-graph\">{\"@context\":\"https:\/\/schema.org\",\"@graph\":[{\"@type\":\"WebPage\",\"@id\":\"https:\/\/slewingbearings.com\/fr\/product\/sea-14-entrainement-dorientation\/\",\"url\":\"https:\/\/slewingbearings.com\/fr\/product\/sea-14-entrainement-dorientation\/\",\"name\":\"SEA-14 Entra\u00eenement d'orientation - ZZ Group\",\"isPartOf\":{\"@id\":\"https:\/\/slewingbearings.com\/#website\"},\"datePublished\":\"2024-01-21T00:40:00+00:00\",\"dateModified\":\"2024-01-21T00:40:00+00:00\",\"description\":\"Une commande d'orientation Sea14 est un \u00e9quipement technique g\u00e9n\u00e9ralement con\u00e7u pour faire tourner un objet ou un syst\u00e8me dans une direction horizontale ou verticale.\",\"breadcrumb\":{\"@id\":\"https:\/\/slewingbearings.com\/fr\/product\/sea-14-entrainement-dorientation\/#breadcrumb\"},\"inLanguage\":\"fr-FR\",\"potentialAction\":[{\"@type\":\"ReadAction\",\"target\":[\"https:\/\/slewingbearings.com\/fr\/product\/sea-14-entrainement-dorientation\/\"]}]},{\"@type\":\"BreadcrumbList\",\"@id\":\"https:\/\/slewingbearings.com\/fr\/product\/sea-14-entrainement-dorientation\/#breadcrumb\",\"itemListElement\":[{\"@type\":\"ListItem\",\"position\":1,\"name\":\"Home\",\"item\":\"https:\/\/slewingbearings.com\/fr\/palier-dorientation-entrainement-dorientation\/\"},{\"@type\":\"ListItem\",\"position\":2,\"name\":\"Shop\",\"item\":\"https:\/\/slewingbearings.com\/shop\/\"},{\"@type\":\"ListItem\",\"position\":3,\"name\":\"SEA-14 Entra\u00eenement d&#8217;orientation\"}]},{\"@type\":\"WebSite\",\"@id\":\"https:\/\/slewingbearings.com\/#website\",\"url\":\"https:\/\/slewingbearings.com\/\",\"name\":\"ZZ Group\",\"description\":\"Leading Slewing Bearings in China\",\"potentialAction\":[{\"@type\":\"SearchAction\",\"target\":{\"@type\":\"EntryPoint\",\"urlTemplate\":\"https:\/\/slewingbearings.com\/?s={search_term_string}\"},\"query-input\":\"required name=search_term_string\"}],\"inLanguage\":\"fr-FR\"}]}<\/script>\n<!-- \/ Yoast SEO plugin. -->","yoast_head_json":{"title":"SEA-14 Entra\u00eenement d'orientation - ZZ Group","description":"Une commande d'orientation Sea14 est un \u00e9quipement technique g\u00e9n\u00e9ralement con\u00e7u pour faire tourner un objet ou un syst\u00e8me dans une direction horizontale ou verticale.","robots":{"index":"index","follow":"follow","max-snippet":"max-snippet:-1","max-image-preview":"max-image-preview:large","max-video-preview":"max-video-preview:-1"},"canonical":"https:\/\/slewingbearings.com\/fr\/product\/sea-14-entrainement-dorientation\/","og_locale":"fr_FR","og_type":"article","og_title":"SEA-14 Entra\u00eenement d'orientation - ZZ Group","og_description":"Une commande d'orientation Sea14 est un \u00e9quipement technique g\u00e9n\u00e9ralement con\u00e7u pour faire tourner un objet ou un syst\u00e8me dans une direction horizontale ou verticale.","og_url":"https:\/\/slewingbearings.com\/fr\/product\/sea-14-entrainement-dorientation\/","og_site_name":"ZZ Group","og_image":[{"width":500,"height":500,"url":"https:\/\/slewingbearings.com\/wp-content\/uploads\/2024\/01\/sea14-slew-drive.jpg","type":"image\/jpeg"}],"twitter_card":"summary_large_image","twitter_misc":{"Dur\u00e9e de lecture estim\u00e9e":"1 minute"},"schema":{"@context":"https:\/\/schema.org","@graph":[{"@type":"WebPage","@id":"https:\/\/slewingbearings.com\/fr\/product\/sea-14-entrainement-dorientation\/","url":"https:\/\/slewingbearings.com\/fr\/product\/sea-14-entrainement-dorientation\/","name":"SEA-14 Entra\u00eenement d'orientation - ZZ Group","isPartOf":{"@id":"https:\/\/slewingbearings.com\/#website"},"datePublished":"2024-01-21T00:40:00+00:00","dateModified":"2024-01-21T00:40:00+00:00","description":"Une commande d'orientation Sea14 est un \u00e9quipement technique g\u00e9n\u00e9ralement con\u00e7u pour faire tourner un objet ou un syst\u00e8me dans une direction horizontale ou verticale.","breadcrumb":{"@id":"https:\/\/slewingbearings.com\/fr\/product\/sea-14-entrainement-dorientation\/#breadcrumb"},"inLanguage":"fr-FR","potentialAction":[{"@type":"ReadAction","target":["https:\/\/slewingbearings.com\/fr\/product\/sea-14-entrainement-dorientation\/"]}]},{"@type":"BreadcrumbList","@id":"https:\/\/slewingbearings.com\/fr\/product\/sea-14-entrainement-dorientation\/#breadcrumb","itemListElement":[{"@type":"ListItem","position":1,"name":"Home","item":"https:\/\/slewingbearings.com\/fr\/palier-dorientation-entrainement-dorientation\/"},{"@type":"ListItem","position":2,"name":"Shop","item":"https:\/\/slewingbearings.com\/shop\/"},{"@type":"ListItem","position":3,"name":"SEA-14 Entra\u00eenement d&#8217;orientation"}]},{"@type":"WebSite","@id":"https:\/\/slewingbearings.com\/#website","url":"https:\/\/slewingbearings.com\/","name":"ZZ Group","description":"Leading Slewing Bearings in China","potentialAction":[{"@type":"SearchAction","target":{"@type":"EntryPoint","urlTemplate":"https:\/\/slewingbearings.com\/?s={search_term_string}"},"query-input":"required name=search_term_string"}],"inLanguage":"fr-FR"}]}},"_links":{"self":[{"href":"https:\/\/slewingbearings.com\/fr\/wp-json\/wp\/v2\/product\/11880","targetHints":{"allow":["GET"]}}],"collection":[{"href":"https:\/\/slewingbearings.com\/fr\/wp-json\/wp\/v2\/product"}],"about":[{"href":"https:\/\/slewingbearings.com\/fr\/wp-json\/wp\/v2\/types\/product"}],"replies":[{"embeddable":true,"href":"https:\/\/slewingbearings.com\/fr\/wp-json\/wp\/v2\/comments?post=11880"}],"wp:featuredmedia":[{"embeddable":true,"href":"https:\/\/slewingbearings.com\/fr\/wp-json\/wp\/v2\/media\/6177"}],"wp:attachment":[{"href":"https:\/\/slewingbearings.com\/fr\/wp-json\/wp\/v2\/media?parent=11880"}],"wp:term":[{"taxonomy":"product_cat","embeddable":true,"href":"https:\/\/slewingbearings.com\/fr\/wp-json\/wp\/v2\/product_cat?post=11880"},{"taxonomy":"product_tag","embeddable":true,"href":"https:\/\/slewingbearings.com\/fr\/wp-json\/wp\/v2\/product_tag?post=11880"}],"curies":[{"name":"wp","href":"https:\/\/api.w.org\/{rel}","templated":true}]}}