{"id":11823,"date":"2024-01-15T07:20:32","date_gmt":"2024-01-15T07:20:32","guid":{"rendered":"https:\/\/slewingbearings.com\/product\/sde-21-couronne-dorientation\/"},"modified":"2024-01-15T07:20:32","modified_gmt":"2024-01-15T07:20:32","slug":"sde-21-couronne-dorientation","status":"publish","type":"product","link":"https:\/\/slewingbearings.com\/fr\/product\/sde-21-couronne-dorientation\/","title":{"rendered":"SDE-21 Couronne d&rsquo;orientation"},"content":{"rendered":"<p>Un m\u00e9canisme d&rsquo;orientation est un \u00e9quipement technique g\u00e9n\u00e9ralement con\u00e7u pour faire tourner un objet ou un syst\u00e8me dans une direction horizontale ou verticale. Ces dispositifs sont utilis\u00e9s dans une grande vari\u00e9t\u00e9 d&rsquo;applications, notamment les machines industrielles, les syst\u00e8mes d&rsquo;automatisation, les instruments de recherche scientifique, les dispositifs a\u00e9rospatiaux, etc. Voici les caract\u00e9ristiques structurelles et fonctionnelles g\u00e9n\u00e9rales de l&rsquo;entra\u00eenement rotatif :  <\/p>\n<ul>\n<li>Syst\u00e8me d&rsquo;entra\u00eenement \u00e9lectrique ou hydraulique: Le c\u0153ur d&rsquo; un dispositif d&rsquo; orientation est son syst\u00e8me d&rsquo;entra\u00eenement. Il peut utiliser des moteurs \u00e9lectriques, des moteurs hydrauliques ou d&rsquo;autres types de m\u00e9canismes d&rsquo;entra\u00eenement, les diff\u00e9rents types d&rsquo;\u00e9nergie \u00e9tant choisis en fonction des exigences de l &lsquo; application. Ce syst\u00e8me est charg\u00e9 de fournir l &lsquo; \u00e9nergie n\u00e9cessaire \u00e0 la rotation.  <\/li>\n<li>Axe de rotation : L&rsquo;appareil est \u00e9quip\u00e9 d&rsquo;un ou de plusieurs axes de rotation, qui sont dispos\u00e9s horizontalement ou verticalement, selon la conception de l&rsquo;appareil. Le mat\u00e9riau et la structure de l&rsquo;arbre doivent \u00eatre suffisamment solides pour r\u00e9sister aux forces et aux pressions exerc\u00e9es par le mouvement de rotation. <\/li>\n<\/ul>\n\n<table id=\"tablepress-23\" class=\"tablepress tablepress-id-23\">\n<thead>\n<tr class=\"row-1\">\n\t<td class=\"column-1\"><\/td><th class=\"column-2\">Model<\/th><th class=\"column-3\">Output Torque<\/th><th class=\"column-4\">Tilting Moment Torque<\/th><th class=\"column-5\">Holding Torque<\/th><th class=\"column-6\">Gear Ratio<\/th><th class=\"column-7\">Tracking Precision<\/th><th class=\"column-8\">Weight<\/th><th class=\"column-9\">Drawing<\/th>\n<\/tr>\n<\/thead>\n<tbody class=\"row-striping row-hover\">\n<tr class=\"row-2\">\n\t<td class=\"column-1\">SDE21<\/td><td class=\"column-2\">Azimuth<\/td><td class=\"column-3\">40 KN.m<\/td><td class=\"column-4\">200 KN.m<\/td><td class=\"column-5\">105 KN.m<\/td><td class=\"column-6\">105:1<\/td><td class=\"column-7\">\u22640.2\u00b0<\/td><td class=\"column-8\">545kg<\/td><td class=\"column-9\"><a href=\"https:\/\/slewingbearings.com\/wp-content\/uploads\/2024\/01\/SDE21-Slew-Drive-catalog.pdf\"><br \/>\n<img decoding=\"async\" src=\"https:\/\/slewingbearings.com\/wp-content\/uploads\/2024\/01\/pdf.png\" width=\"30\" height=\"30\"><\/a><\/td>\n<\/tr>\n<tr class=\"row-3\">\n\t<td class=\"column-1\">SDE21<\/td><td class=\"column-2\">Azimuth<\/td><td class=\"column-3\">29520 lbf.ft<\/td><td class=\"column-4\">148\u00d710\u00b3 lbf.ft<\/td><td class=\"column-5\">77\u00d710\u00b3 lbf.ft<\/td><td class=\"column-6\">105:1<\/td><td class=\"column-7\">\u22640.2\u00b0<\/td><td class=\"column-8\">545kg<\/td><td class=\"column-9\"><a href=\"https:\/\/slewingbearings.com\/wp-content\/uploads\/2024\/01\/SDE21-Slew-Drive-catalog.pdf\"><br \/>\n<img decoding=\"async\" src=\"https:\/\/slewingbearings.com\/wp-content\/uploads\/2024\/01\/pdf.png\" width=\"30\" height=\"30\"><\/a><\/td>\n<\/tr>\n<tr class=\"row-4\">\n\t<td class=\"column-1\">SDE21<\/td><td class=\"column-2\">Elevation<\/td><td class=\"column-3\">43 KN.m<\/td><td class=\"column-4\">110 KN.m<\/td><td class=\"column-5\">100 KN.m<\/td><td class=\"column-6\">105:1<\/td><td class=\"column-7\">\u22640.2\u00b0<\/td><td class=\"column-8\">545kg<\/td><td class=\"column-9\"><a href=\"https:\/\/slewingbearings.com\/wp-content\/uploads\/2024\/01\/SDE21-Slew-Drive-catalog.pdf\"><br \/>\n<img decoding=\"async\" src=\"https:\/\/slewingbearings.com\/wp-content\/uploads\/2024\/01\/pdf.png\" width=\"30\" height=\"30\"><\/a><\/td>\n<\/tr>\n<tr class=\"row-5\">\n\t<td class=\"column-1\">SDE21<\/td><td class=\"column-2\">Elevation<\/td><td class=\"column-3\">31734 lbf.ft<\/td><td class=\"column-4\">81\u00d710\u00b3 lbf.ft<\/td><td class=\"column-5\">50\u00d710\u00b3 lbf.ft<\/td><td class=\"column-6\">105:1<\/td><td class=\"column-7\">\u22640.2\u00b0<\/td><td class=\"column-8\">545kg<\/td><td class=\"column-9\"><a href=\"https:\/\/slewingbearings.com\/wp-content\/uploads\/2024\/01\/SDE21-Slew-Drive-catalog.pdf\"><br \/>\n<img decoding=\"async\" src=\"https:\/\/slewingbearings.com\/wp-content\/uploads\/2024\/01\/pdf.png\" width=\"30\" height=\"30\"><\/a><\/td>\n<\/tr>\n<\/tbody>\n<\/table>\n<!-- #tablepress-23 from cache -->\n","protected":false},"excerpt":{"rendered":"<p>Le dispositif d&rsquo;entra\u00eenement \u00e0 rotation de la s\u00e9rie SDE int\u00e8gre intelligemment des composants tels que l&rsquo;axe vertical, l&rsquo;entra\u00eenement \u00e9lectrique, le syst\u00e8me de transmission, le syst\u00e8me de contr\u00f4le et le dispositif de s\u00e9curit\u00e9 gr\u00e2ce \u00e0 une conception structurelle raisonnable, fournissant une solution efficace, contr\u00f4lable et s\u00fbre pour la rotation dans le sens vertical. <\/p>\n<p>La conception de ces caract\u00e9ristiques structurelles peut \u00eatre personnalis\u00e9e en fonction des besoins d&rsquo;applications sp\u00e9cifiques, ce qui garantit que la commande d&rsquo;orientation verticale peut fonctionner efficacement dans l&rsquo;environnement et la t\u00e2che sp\u00e9cifiques.<\/p>\n","protected":false},"featured_media":6096,"comment_status":"open","ping_status":"closed","template":"","meta":{"content-type":""},"product_cat":[530,325],"product_tag":[594],"class_list":{"0":"post-11823","1":"product","2":"type-product","3":"status-publish","4":"has-post-thumbnail","6":"product_cat-entrainement-alorientation-sde","7":"product_cat-slew-drive-fr","8":"product_tag-entrainement-dorientation-sde21","10":"first","11":"instock","12":"shipping-taxable","13":"product-type-simple"},"yoast_head":"<!-- This site is optimized with the Yoast SEO plugin v21.7 - https:\/\/yoast.com\/wordpress\/plugins\/seo\/ -->\n<title>SDE-21 Couronne d&#039;orientation - ZZ Group<\/title>\n<meta name=\"description\" content=\"Une commande d&#039;orientation SDE21 est un \u00e9quipement technique g\u00e9n\u00e9ralement con\u00e7u pour faire tourner un objet ou un syst\u00e8me dans une direction horizontale ou verticale.\" \/>\n<meta name=\"robots\" content=\"index, follow, max-snippet:-1, max-image-preview:large, max-video-preview:-1\" \/>\n<link rel=\"canonical\" href=\"https:\/\/slewingbearings.com\/product\/sde-21-slew-drive\/\" \/>\n<meta property=\"og:locale\" content=\"fr_FR\" \/>\n<meta property=\"og:type\" content=\"article\" \/>\n<meta property=\"og:title\" content=\"SDE-21 Couronne d&#039;orientation - ZZ Group\" \/>\n<meta property=\"og:description\" content=\"Une commande d&#039;orientation SDE21 est un \u00e9quipement technique g\u00e9n\u00e9ralement con\u00e7u pour faire tourner un objet ou un syst\u00e8me dans une direction horizontale ou verticale.\" \/>\n<meta property=\"og:url\" content=\"https:\/\/slewingbearings.com\/product\/sde-21-slew-drive\/\" \/>\n<meta property=\"og:site_name\" content=\"ZZ Group\" \/>\n<meta property=\"og:image\" content=\"https:\/\/slewingbearings.com\/wp-content\/uploads\/2024\/01\/sde21-slew-drive.jpg\" \/>\n\t<meta property=\"og:image:width\" content=\"500\" \/>\n\t<meta property=\"og:image:height\" content=\"500\" \/>\n\t<meta property=\"og:image:type\" content=\"image\/jpeg\" \/>\n<meta name=\"twitter:card\" content=\"summary_large_image\" \/>\n<meta name=\"twitter:label1\" content=\"Dur\u00e9e de lecture estim\u00e9e\" \/>\n\t<meta name=\"twitter:data1\" content=\"1 minute\" \/>\n<script type=\"application\/ld+json\" class=\"yoast-schema-graph\">{\"@context\":\"https:\/\/schema.org\",\"@graph\":[{\"@type\":\"WebPage\",\"@id\":\"https:\/\/slewingbearings.com\/product\/sde-21-slew-drive\/\",\"url\":\"https:\/\/slewingbearings.com\/product\/sde-21-slew-drive\/\",\"name\":\"SDE-21 Couronne d'orientation - ZZ Group\",\"isPartOf\":{\"@id\":\"https:\/\/slewingbearings.com\/#website\"},\"datePublished\":\"2024-01-15T07:20:32+00:00\",\"dateModified\":\"2024-01-15T07:20:32+00:00\",\"description\":\"Une commande d'orientation SDE21 est un \u00e9quipement technique g\u00e9n\u00e9ralement con\u00e7u pour faire tourner un objet ou un syst\u00e8me dans une direction horizontale ou verticale.\",\"breadcrumb\":{\"@id\":\"https:\/\/slewingbearings.com\/product\/sde-21-slew-drive\/#breadcrumb\"},\"inLanguage\":\"fr-FR\",\"potentialAction\":[{\"@type\":\"ReadAction\",\"target\":[\"https:\/\/slewingbearings.com\/product\/sde-21-slew-drive\/\"]}]},{\"@type\":\"BreadcrumbList\",\"@id\":\"https:\/\/slewingbearings.com\/product\/sde-21-slew-drive\/#breadcrumb\",\"itemListElement\":[{\"@type\":\"ListItem\",\"position\":1,\"name\":\"Home\",\"item\":\"https:\/\/slewingbearings.com\/fr\/palier-dorientation-entrainement-dorientation\/\"},{\"@type\":\"ListItem\",\"position\":2,\"name\":\"Shop\",\"item\":\"https:\/\/slewingbearings.com\/shop\/\"},{\"@type\":\"ListItem\",\"position\":3,\"name\":\"SDE-21 Couronne d&#8217;orientation\"}]},{\"@type\":\"WebSite\",\"@id\":\"https:\/\/slewingbearings.com\/#website\",\"url\":\"https:\/\/slewingbearings.com\/\",\"name\":\"ZZ Group\",\"description\":\"Leading Slewing Bearings in China\",\"potentialAction\":[{\"@type\":\"SearchAction\",\"target\":{\"@type\":\"EntryPoint\",\"urlTemplate\":\"https:\/\/slewingbearings.com\/?s={search_term_string}\"},\"query-input\":\"required name=search_term_string\"}],\"inLanguage\":\"fr-FR\"}]}<\/script>\n<!-- \/ Yoast SEO plugin. -->","yoast_head_json":{"title":"SDE-21 Couronne d'orientation - ZZ Group","description":"Une commande d'orientation SDE21 est un \u00e9quipement technique g\u00e9n\u00e9ralement con\u00e7u pour faire tourner un objet ou un syst\u00e8me dans une direction horizontale ou verticale.","robots":{"index":"index","follow":"follow","max-snippet":"max-snippet:-1","max-image-preview":"max-image-preview:large","max-video-preview":"max-video-preview:-1"},"canonical":"https:\/\/slewingbearings.com\/product\/sde-21-slew-drive\/","og_locale":"fr_FR","og_type":"article","og_title":"SDE-21 Couronne d'orientation - ZZ Group","og_description":"Une commande d'orientation SDE21 est un \u00e9quipement technique g\u00e9n\u00e9ralement con\u00e7u pour faire tourner un objet ou un syst\u00e8me dans une direction horizontale ou verticale.","og_url":"https:\/\/slewingbearings.com\/product\/sde-21-slew-drive\/","og_site_name":"ZZ Group","og_image":[{"width":500,"height":500,"url":"https:\/\/slewingbearings.com\/wp-content\/uploads\/2024\/01\/sde21-slew-drive.jpg","type":"image\/jpeg"}],"twitter_card":"summary_large_image","twitter_misc":{"Dur\u00e9e de lecture estim\u00e9e":"1 minute"},"schema":{"@context":"https:\/\/schema.org","@graph":[{"@type":"WebPage","@id":"https:\/\/slewingbearings.com\/product\/sde-21-slew-drive\/","url":"https:\/\/slewingbearings.com\/product\/sde-21-slew-drive\/","name":"SDE-21 Couronne d'orientation - ZZ Group","isPartOf":{"@id":"https:\/\/slewingbearings.com\/#website"},"datePublished":"2024-01-15T07:20:32+00:00","dateModified":"2024-01-15T07:20:32+00:00","description":"Une commande d'orientation SDE21 est un \u00e9quipement technique g\u00e9n\u00e9ralement con\u00e7u pour faire tourner un objet ou un syst\u00e8me dans une direction horizontale ou verticale.","breadcrumb":{"@id":"https:\/\/slewingbearings.com\/product\/sde-21-slew-drive\/#breadcrumb"},"inLanguage":"fr-FR","potentialAction":[{"@type":"ReadAction","target":["https:\/\/slewingbearings.com\/product\/sde-21-slew-drive\/"]}]},{"@type":"BreadcrumbList","@id":"https:\/\/slewingbearings.com\/product\/sde-21-slew-drive\/#breadcrumb","itemListElement":[{"@type":"ListItem","position":1,"name":"Home","item":"https:\/\/slewingbearings.com\/fr\/palier-dorientation-entrainement-dorientation\/"},{"@type":"ListItem","position":2,"name":"Shop","item":"https:\/\/slewingbearings.com\/shop\/"},{"@type":"ListItem","position":3,"name":"SDE-21 Couronne d&#8217;orientation"}]},{"@type":"WebSite","@id":"https:\/\/slewingbearings.com\/#website","url":"https:\/\/slewingbearings.com\/","name":"ZZ Group","description":"Leading Slewing Bearings in China","potentialAction":[{"@type":"SearchAction","target":{"@type":"EntryPoint","urlTemplate":"https:\/\/slewingbearings.com\/?s={search_term_string}"},"query-input":"required name=search_term_string"}],"inLanguage":"fr-FR"}]}},"_links":{"self":[{"href":"https:\/\/slewingbearings.com\/fr\/wp-json\/wp\/v2\/product\/11823","targetHints":{"allow":["GET"]}}],"collection":[{"href":"https:\/\/slewingbearings.com\/fr\/wp-json\/wp\/v2\/product"}],"about":[{"href":"https:\/\/slewingbearings.com\/fr\/wp-json\/wp\/v2\/types\/product"}],"replies":[{"embeddable":true,"href":"https:\/\/slewingbearings.com\/fr\/wp-json\/wp\/v2\/comments?post=11823"}],"wp:featuredmedia":[{"embeddable":true,"href":"https:\/\/slewingbearings.com\/fr\/wp-json\/wp\/v2\/media\/6096"}],"wp:attachment":[{"href":"https:\/\/slewingbearings.com\/fr\/wp-json\/wp\/v2\/media?parent=11823"}],"wp:term":[{"taxonomy":"product_cat","embeddable":true,"href":"https:\/\/slewingbearings.com\/fr\/wp-json\/wp\/v2\/product_cat?post=11823"},{"taxonomy":"product_tag","embeddable":true,"href":"https:\/\/slewingbearings.com\/fr\/wp-json\/wp\/v2\/product_tag?post=11823"}],"curies":[{"name":"wp","href":"https:\/\/api.w.org\/{rel}","templated":true}]}}